{"id":3262,"date":"2014-04-07T12:57:02","date_gmt":"2014-04-07T09:57:02","guid":{"rendered":"https:\/\/www.kirkonulkomaanapu.fi\/?page_id=3262"},"modified":"2020-12-03T10:18:38","modified_gmt":"2020-12-03T08:18:38","slug":"tekoja-handling-tidningarna","status":"publish","type":"page","link":"https:\/\/www.kirkonulkomaanapu.fi\/sv\/aktuellt\/tekoja-handling-tidningarna\/","title":{"rendered":"Tekoja-Handling-tidningarna"},"content":{"rendered":"<h2><span style=\"color: #000000;\"> Prenumerera p\u00e5 tidningen Tekoja\/Handling<\/span><\/h2>\n<p>Tekoja\/Handling \u00e4r Kyrkans Utlandshj\u00e4lps tidning d\u00e4r det finns ett uppslag p\u00e5 svenska. Tidningen \u00e4r gratis och du kan best\u00e4lla den som<\/p>\n<ul>\n<li>elektronisk version som du f\u00e5r som l\u00e4nk till din e-post n\u00e4r tidningen ges ut. Best\u00e4ll e-tidningen <a href=\"https:\/\/www.kirkonulkomaanapu.fi\/#uutiskirje\" target=\"_blank\" rel=\"noopener noreferrer\">h\u00e4r<\/a>!<\/li>\n<li>pappersversion hem till dig genom att fylla i <a href=\"https:\/\/www.kirkonulkomaanapu.fi\/ajankohtaista\/tekoja-lehti\/tekoja-lehden-tilauslomake\/\" target=\"_blank\" rel=\"noopener noreferrer\">prenumerationsblanketten<\/a>.<\/li>\n<\/ul>\n<h2>L\u00e4s och bl\u00e4ddra i den elektroniska tidningen<\/h2>\n<p>\u00d6ppna tidningen genom att klicka p\u00e5 bilden nedan. Bl\u00e4ddra genom att klicka p\u00e5 pilen till h\u00f6ger p\u00e5 sidan eller anv\u00e4nd pilarna p\u00e5 tangentbordet. De svenska sidorna finns p\u00e5 sidorna 20-21.<\/p>\n<div class=\"oembed oembed-issuu\">\n<div data-url=\"https:\/\/issuu.com\/tekoja\/docs\/tekoja_1_15\" style=\"width: 500px; height: 326px;\" class=\"issuuembed\"><\/div>\n<p><script type=\"text\/javascript\" src=\"\/\/e.issuu.com\/embed.js\" async=\"true\"><\/script><\/div>\n","protected":false},"excerpt":{"rendered":"<p>Prenumerera p\u00e5 tidningen Tekoja\/Handling Tekoja\/Handling \u00e4r Kyrkans Utlandshj\u00e4lps tidning d\u00e4r det finns ett uppslag p\u00e5 svenska. Tidningen \u00e4r gratis och du kan best\u00e4lla den som elektronisk version som du f\u00e5r som l\u00e4nk till din e-post n\u00e4r tidningen ges ut. Best\u00e4ll e-tidningen h\u00e4r! pappersversion hem till dig genom att fylla i prenumerationsblanketten. L\u00e4s och bl\u00e4ddra i [&hellip;]<\/p>\n","protected":false},"author":137,"featured_media":0,"parent":2940,"menu_order":1,"comment_status":"closed","ping_status":"open","template":"","meta":{"_acf_changed":false,"_relevanssi_hide_post":"","_relevanssi_hide_content":"","_relevanssi_pin_for_all":"","_relevanssi_pin_keywords":"","_relevanssi_unpin_keywords":"","_relevanssi_related_keywords":"","_relevanssi_related_include_ids":"","_relevanssi_related_exclude_ids":"","_relevanssi_related_no_append":"","_relevanssi_related_not_related":"","_relevanssi_related_posts":"","_relevanssi_noindex_reason":"","_improvement_type_select":"improve_an_existing","_thumb_yes_seoaic":false,"_frame_yes_seoaic":false,"seoaic_generate_description":"","seoaic_improve_instructions_prompt":"","seoaic_rollback_content_improvement":"","seoaic_idea_thumbnail_generator":"","thumbnail_generated":false,"thumbnail_generate_prompt":"","seoaic_article_description":"","footnotes":""},"class_list":["post-3262","page","type-page","status-publish","hentry"],"acf":[],"yoast_head":"<!-- This site is optimized with the Yoast SEO plugin v26.9 - https:\/\/yoast.com\/product\/yoast-seo-wordpress\/ -->\n<title>Tekoja-Handling-tidningarna - Kyrkans Utlandshj\u00e4lp<\/title>\n<meta name=\"description\" content=\"Tekoja\/Handling \u00e4r Kyrkans Utlandshj\u00e4lps tidning d\u00e4r det finns ett uppslag p\u00e5 svenska. Tidningen \u00e4r gratis och du kan best\u00e4lla den hem till dig.\" \/>\n<meta name=\"robots\" content=\"index, follow, max-snippet:-1, max-image-preview:large, max-video-preview:-1\" \/>\n<link rel=\"canonical\" href=\"https:\/\/www.kirkonulkomaanapu.fi\/sv\/aktuellt\/tekoja-handling-tidningarna\/\" \/>\n<meta property=\"og:locale\" content=\"sv_SE\" \/>\n<meta property=\"og:type\" content=\"article\" \/>\n<meta property=\"og:title\" content=\"Tekoja-Handling-tidningarna - Kyrkans Utlandshj\u00e4lp\" \/>\n<meta property=\"og:description\" content=\"Tekoja\/Handling \u00e4r Kyrkans Utlandshj\u00e4lps tidning d\u00e4r det finns ett uppslag p\u00e5 svenska. Tidningen \u00e4r gratis och du kan best\u00e4lla den hem till dig.\" \/>\n<meta property=\"og:url\" content=\"https:\/\/www.kirkonulkomaanapu.fi\/sv\/aktuellt\/tekoja-handling-tidningarna\/\" \/>\n<meta property=\"og:site_name\" content=\"Kyrkans Utlandshj\u00e4lp\" \/>\n<meta property=\"article:publisher\" content=\"https:\/\/www.facebook.com\/Ulkomaanapu\/\" \/>\n<meta property=\"article:modified_time\" content=\"2020-12-03T08:18:38+00:00\" \/>\n<meta property=\"og:image\" content=\"https:\/\/www.kirkonulkomaanapu.fi\/wp-content\/uploads\/2026\/02\/Kirkon-ulkomaanapu-logo.png\" \/>\n\t<meta property=\"og:image:width\" content=\"225\" \/>\n\t<meta property=\"og:image:height\" content=\"225\" \/>\n\t<meta property=\"og:image:type\" content=\"image\/png\" \/>\n<meta name=\"twitter:label1\" content=\"Ber\u00e4knad l\u00e4stid\" \/>\n\t<meta name=\"twitter:data1\" content=\"1 minut\" \/>\n<script type=\"application\/ld+json\" class=\"yoast-schema-graph\">{\"@context\":\"https:\/\/schema.org\",\"@graph\":[{\"@type\":\"WebPage\",\"@id\":\"https:\/\/www.kirkonulkomaanapu.fi\/sv\/aktuellt\/tekoja-handling-tidningarna\/\",\"url\":\"https:\/\/www.kirkonulkomaanapu.fi\/sv\/aktuellt\/tekoja-handling-tidningarna\/\",\"name\":\"Tekoja-Handling-tidningarna - Kyrkans Utlandshj\u00e4lp\",\"isPartOf\":{\"@id\":\"https:\/\/www.kirkonulkomaanapu.fi\/#website\"},\"datePublished\":\"2014-04-07T09:57:02+00:00\",\"dateModified\":\"2020-12-03T08:18:38+00:00\",\"description\":\"Tekoja\/Handling \u00e4r Kyrkans Utlandshj\u00e4lps tidning d\u00e4r det finns ett uppslag p\u00e5 svenska. Tidningen \u00e4r gratis och du kan best\u00e4lla den hem till dig.\",\"breadcrumb\":{\"@id\":\"https:\/\/www.kirkonulkomaanapu.fi\/sv\/aktuellt\/tekoja-handling-tidningarna\/#breadcrumb\"},\"inLanguage\":\"sv-SE\",\"potentialAction\":[{\"@type\":\"ReadAction\",\"target\":[\"https:\/\/www.kirkonulkomaanapu.fi\/sv\/aktuellt\/tekoja-handling-tidningarna\/\"]}]},{\"@type\":\"BreadcrumbList\",\"@id\":\"https:\/\/www.kirkonulkomaanapu.fi\/sv\/aktuellt\/tekoja-handling-tidningarna\/#breadcrumb\",\"itemListElement\":[{\"@type\":\"ListItem\",\"position\":1,\"name\":\"Home\",\"item\":\"https:\/\/www.kirkonulkomaanapu.fi\/sv\/\"},{\"@type\":\"ListItem\",\"position\":2,\"name\":\"Aktuellt\",\"item\":\"https:\/\/www.kirkonulkomaanapu.fi\/sv\/aktuellt\/\"},{\"@type\":\"ListItem\",\"position\":3,\"name\":\"Tekoja-Handling-tidningarna\"}]},{\"@type\":\"WebSite\",\"@id\":\"https:\/\/www.kirkonulkomaanapu.fi\/#website\",\"url\":\"https:\/\/www.kirkonulkomaanapu.fi\/\",\"name\":\"Kirkon Ulkomaanapu\",\"description\":\"Suomen suurin kehitysyhteisty\u00f6j\u00e4rjest\u00f6\",\"publisher\":{\"@id\":\"https:\/\/www.kirkonulkomaanapu.fi\/#organization\"},\"alternateName\":\"KUA\",\"potentialAction\":[{\"@type\":\"SearchAction\",\"target\":{\"@type\":\"EntryPoint\",\"urlTemplate\":\"https:\/\/www.kirkonulkomaanapu.fi\/?s={search_term_string}\"},\"query-input\":{\"@type\":\"PropertyValueSpecification\",\"valueRequired\":true,\"valueName\":\"search_term_string\"}}],\"inLanguage\":\"sv-SE\"},{\"@type\":\"Organization\",\"@id\":\"https:\/\/www.kirkonulkomaanapu.fi\/#organization\",\"name\":\"Kirkon Ulkomaanapu\",\"alternateName\":\"KUA\",\"url\":\"https:\/\/www.kirkonulkomaanapu.fi\/\",\"logo\":{\"@type\":\"ImageObject\",\"inLanguage\":\"sv-SE\",\"@id\":\"https:\/\/www.kirkonulkomaanapu.fi\/#\/schema\/logo\/image\/\",\"url\":\"https:\/\/www.kirkonulkomaanapu.fi\/wp-content\/uploads\/2026\/02\/Kirkon-ulkomaanapu-logo-1.png\",\"contentUrl\":\"https:\/\/www.kirkonulkomaanapu.fi\/wp-content\/uploads\/2026\/02\/Kirkon-ulkomaanapu-logo-1.png\",\"width\":225,\"height\":225,\"caption\":\"Kirkon Ulkomaanapu\"},\"image\":{\"@id\":\"https:\/\/www.kirkonulkomaanapu.fi\/#\/schema\/logo\/image\/\"},\"sameAs\":[\"https:\/\/www.facebook.com\/Ulkomaanapu\/\",\"https:\/\/www.youtube.com\/user\/kirkonulkomaanapu\",\"https:\/\/instagram.com\/kirkon_ulkomaanapu\/\",\"https:\/\/www.linkedin.com\/company\/finn-church-aid\/\"]}]}<\/script>\n<!-- \/ Yoast SEO plugin. -->","yoast_head_json":{"title":"Tekoja-Handling-tidningarna - Kyrkans Utlandshj\u00e4lp","description":"Tekoja\/Handling \u00e4r Kyrkans Utlandshj\u00e4lps tidning d\u00e4r det finns ett uppslag p\u00e5 svenska. Tidningen \u00e4r gratis och du kan best\u00e4lla den hem till dig.","robots":{"index":"index","follow":"follow","max-snippet":"max-snippet:-1","max-image-preview":"max-image-preview:large","max-video-preview":"max-video-preview:-1"},"canonical":"https:\/\/www.kirkonulkomaanapu.fi\/sv\/aktuellt\/tekoja-handling-tidningarna\/","og_locale":"sv_SE","og_type":"article","og_title":"Tekoja-Handling-tidningarna - Kyrkans Utlandshj\u00e4lp","og_description":"Tekoja\/Handling \u00e4r Kyrkans Utlandshj\u00e4lps tidning d\u00e4r det finns ett uppslag p\u00e5 svenska. Tidningen \u00e4r gratis och du kan best\u00e4lla den hem till dig.","og_url":"https:\/\/www.kirkonulkomaanapu.fi\/sv\/aktuellt\/tekoja-handling-tidningarna\/","og_site_name":"Kyrkans Utlandshj\u00e4lp","article_publisher":"https:\/\/www.facebook.com\/Ulkomaanapu\/","article_modified_time":"2020-12-03T08:18:38+00:00","og_image":[{"width":225,"height":225,"url":"https:\/\/www.kirkonulkomaanapu.fi\/wp-content\/uploads\/2026\/02\/Kirkon-ulkomaanapu-logo.png","type":"image\/png"}],"twitter_misc":{"Ber\u00e4knad l\u00e4stid":"1 minut"},"schema":{"@context":"https:\/\/schema.org","@graph":[{"@type":"WebPage","@id":"https:\/\/www.kirkonulkomaanapu.fi\/sv\/aktuellt\/tekoja-handling-tidningarna\/","url":"https:\/\/www.kirkonulkomaanapu.fi\/sv\/aktuellt\/tekoja-handling-tidningarna\/","name":"Tekoja-Handling-tidningarna - Kyrkans Utlandshj\u00e4lp","isPartOf":{"@id":"https:\/\/www.kirkonulkomaanapu.fi\/#website"},"datePublished":"2014-04-07T09:57:02+00:00","dateModified":"2020-12-03T08:18:38+00:00","description":"Tekoja\/Handling \u00e4r Kyrkans Utlandshj\u00e4lps tidning d\u00e4r det finns ett uppslag p\u00e5 svenska. Tidningen \u00e4r gratis och du kan best\u00e4lla den hem till dig.","breadcrumb":{"@id":"https:\/\/www.kirkonulkomaanapu.fi\/sv\/aktuellt\/tekoja-handling-tidningarna\/#breadcrumb"},"inLanguage":"sv-SE","potentialAction":[{"@type":"ReadAction","target":["https:\/\/www.kirkonulkomaanapu.fi\/sv\/aktuellt\/tekoja-handling-tidningarna\/"]}]},{"@type":"BreadcrumbList","@id":"https:\/\/www.kirkonulkomaanapu.fi\/sv\/aktuellt\/tekoja-handling-tidningarna\/#breadcrumb","itemListElement":[{"@type":"ListItem","position":1,"name":"Home","item":"https:\/\/www.kirkonulkomaanapu.fi\/sv\/"},{"@type":"ListItem","position":2,"name":"Aktuellt","item":"https:\/\/www.kirkonulkomaanapu.fi\/sv\/aktuellt\/"},{"@type":"ListItem","position":3,"name":"Tekoja-Handling-tidningarna"}]},{"@type":"WebSite","@id":"https:\/\/www.kirkonulkomaanapu.fi\/#website","url":"https:\/\/www.kirkonulkomaanapu.fi\/","name":"Kirkon Ulkomaanapu","description":"Suomen suurin kehitysyhteisty\u00f6j\u00e4rjest\u00f6","publisher":{"@id":"https:\/\/www.kirkonulkomaanapu.fi\/#organization"},"alternateName":"KUA","potentialAction":[{"@type":"SearchAction","target":{"@type":"EntryPoint","urlTemplate":"https:\/\/www.kirkonulkomaanapu.fi\/?s={search_term_string}"},"query-input":{"@type":"PropertyValueSpecification","valueRequired":true,"valueName":"search_term_string"}}],"inLanguage":"sv-SE"},{"@type":"Organization","@id":"https:\/\/www.kirkonulkomaanapu.fi\/#organization","name":"Kirkon Ulkomaanapu","alternateName":"KUA","url":"https:\/\/www.kirkonulkomaanapu.fi\/","logo":{"@type":"ImageObject","inLanguage":"sv-SE","@id":"https:\/\/www.kirkonulkomaanapu.fi\/#\/schema\/logo\/image\/","url":"https:\/\/www.kirkonulkomaanapu.fi\/wp-content\/uploads\/2026\/02\/Kirkon-ulkomaanapu-logo-1.png","contentUrl":"https:\/\/www.kirkonulkomaanapu.fi\/wp-content\/uploads\/2026\/02\/Kirkon-ulkomaanapu-logo-1.png","width":225,"height":225,"caption":"Kirkon Ulkomaanapu"},"image":{"@id":"https:\/\/www.kirkonulkomaanapu.fi\/#\/schema\/logo\/image\/"},"sameAs":["https:\/\/www.facebook.com\/Ulkomaanapu\/","https:\/\/www.youtube.com\/user\/kirkonulkomaanapu","https:\/\/instagram.com\/kirkon_ulkomaanapu\/","https:\/\/www.linkedin.com\/company\/finn-church-aid\/"]}]}},"_links":{"self":[{"href":"https:\/\/www.kirkonulkomaanapu.fi\/sv\/wp-json\/wp\/v2\/pages\/3262","targetHints":{"allow":["GET"]}}],"collection":[{"href":"https:\/\/www.kirkonulkomaanapu.fi\/sv\/wp-json\/wp\/v2\/pages"}],"about":[{"href":"https:\/\/www.kirkonulkomaanapu.fi\/sv\/wp-json\/wp\/v2\/types\/page"}],"author":[{"embeddable":true,"href":"https:\/\/www.kirkonulkomaanapu.fi\/sv\/wp-json\/wp\/v2\/users\/137"}],"replies":[{"embeddable":true,"href":"https:\/\/www.kirkonulkomaanapu.fi\/sv\/wp-json\/wp\/v2\/comments?post=3262"}],"version-history":[{"count":4,"href":"https:\/\/www.kirkonulkomaanapu.fi\/sv\/wp-json\/wp\/v2\/pages\/3262\/revisions"}],"predecessor-version":[{"id":113094,"href":"https:\/\/www.kirkonulkomaanapu.fi\/sv\/wp-json\/wp\/v2\/pages\/3262\/revisions\/113094"}],"up":[{"embeddable":true,"href":"https:\/\/www.kirkonulkomaanapu.fi\/sv\/wp-json\/wp\/v2\/pages\/2940"}],"wp:attachment":[{"href":"https:\/\/www.kirkonulkomaanapu.fi\/sv\/wp-json\/wp\/v2\/media?parent=3262"}],"curies":[{"name":"wp","href":"https:\/\/api.w.org\/{rel}","templated":true}]}}