{"id":3117,"date":"2014-02-03T10:32:01","date_gmt":"2014-02-03T08:32:01","guid":{"rendered":"https:\/\/www.kirkonulkomaanapu.fi\/?page_id=3117"},"modified":"2014-06-11T09:04:12","modified_gmt":"2014-06-11T06:04:12","slug":"globalitetsfostran","status":"publish","type":"page","link":"https:\/\/www.kirkonulkomaanapu.fi\/sv\/globalitetsfostran\/","title":{"rendered":"Globalitetsfostran"},"content":{"rendered":"<p>Globalitetsfostran \u00e4r fostran till att uppfatta jorden som en gemensam plats att leva p\u00e5 och till att beakta alla m\u00e4nniskors behov, milj\u00f6n och de m\u00e4nskliga r\u00e4ttigheterna.<\/p>\n<p>Tack vare de goda v\u00e4rldsvida kommunikationsm\u00f6jlighterna, k\u00e4nner vi v\u00e4l till m\u00e4nniskors livssituation i u-l\u00e4nderna och i konflikt- och katastrofdrabbade l\u00e4nder. Det r\u00e5der brist p\u00e5 vatten, mat, utbildning, utkomstm\u00f6jligheter och dr\u00e4gligt boende. V\u00e5ldet och m\u00e4nniskor\u00e4ttskr\u00e4nkningarna \u00e4r omfattande.<\/p>\n<p>Informationsfl\u00f6det om n\u00f6den och or\u00e4ttvisorna kan k\u00e4nnas f\u00f6rlamande &#8211; vad kan jag g\u00f6ra? Med v\u00e5r globalitetsfostran vill vi fr\u00e4mja ett annat t\u00e4nkes\u00e4tt, n\u00e4mligen ett t\u00e4nkes\u00e4tt som manar till handlingar och d\u00e4r man ser m\u00f6jligheterna att agera. Det \u00e4r m\u00f6jligt att \u00e5stadkomma n\u00e5got!<\/p>\n<p>Upplevelser, aktiviteter och inlevelse \u00e4r ett bra s\u00e4tt att \u00f6ka sin f\u00f6rst\u00e5else f\u00f6r v\u00e4rlden och olika f\u00f6reteelser. Kyrkans Utlandshj\u00e4lp vill st\u00f6dja skolorna, f\u00f6rsamlingarna och andra akt\u00f6rer att skapa tillf\u00e4llen att med barn, unga och vuxna ta upp de sv\u00e5ra fr\u00e5gorna om jordens framtid och n\u00f6den i v\u00e4rlden. Vi erbjuder inspirations- och undervisningsmaterial och v\u00e5rt kunnande f\u00f6r att \u00f6ka k\u00e4nnedomen om u-landsproblematiken och om m\u00f6jligheterna att verka f\u00f6r global r\u00e4ttvisa.<\/p>\n<p>F\u00f6r mera information om materialen och metoderna, kontakta koordinator Kaj-Mikael Wredlund<br \/>\ntel. 0400 103 282, <a href=\"mailto:kaj-mikael.wredlund@kyrkansutlandshjalp.fi\">kaj-mikael.wredlund(at)kyrkansutlandshjalp.fi<\/a><\/p>\n","protected":false},"excerpt":{"rendered":"<p>Globalitetsfostran \u00e4r fostran till att uppfatta jorden som en gemensam plats att leva p\u00e5 och till att beakta alla m\u00e4nniskors behov, milj\u00f6n och de m\u00e4nskliga r\u00e4ttigheterna. Tack vare de goda v\u00e4rldsvida kommunikationsm\u00f6jlighterna, k\u00e4nner vi v\u00e4l till m\u00e4nniskors livssituation i u-l\u00e4nderna och i konflikt- och katastrofdrabbade l\u00e4nder. Det r\u00e5der brist p\u00e5 vatten, mat, utbildning, utkomstm\u00f6jligheter och [&hellip;]<\/p>\n","protected":false},"author":137,"featured_media":0,"parent":0,"menu_order":1000,"comment_status":"closed","ping_status":"closed","template":"","meta":{"_acf_changed":false,"_relevanssi_hide_post":"","_relevanssi_hide_content":"","_relevanssi_pin_for_all":"","_relevanssi_pin_keywords":"","_relevanssi_unpin_keywords":"","_relevanssi_related_keywords":"","_relevanssi_related_include_ids":"","_relevanssi_related_exclude_ids":"","_relevanssi_related_no_append":"","_relevanssi_related_not_related":"","_relevanssi_related_posts":"","_relevanssi_noindex_reason":"","_improvement_type_select":"improve_an_existing","_thumb_yes_seoaic":false,"_frame_yes_seoaic":false,"seoaic_generate_description":"","seoaic_improve_instructions_prompt":"","seoaic_rollback_content_improvement":"","seoaic_idea_thumbnail_generator":"","thumbnail_generated":false,"thumbnail_generate_prompt":"","seoaic_article_description":"","footnotes":""},"class_list":["post-3117","page","type-page","status-publish","hentry"],"acf":[],"yoast_head":"<!-- This site is optimized with the Yoast SEO plugin v26.9 - https:\/\/yoast.com\/product\/yoast-seo-wordpress\/ -->\n<title>Globalitetsfostran - Kyrkans Utlandshj\u00e4lp<\/title>\n<meta name=\"robots\" content=\"index, follow, max-snippet:-1, max-image-preview:large, max-video-preview:-1\" \/>\n<link rel=\"canonical\" href=\"https:\/\/www.kirkonulkomaanapu.fi\/sv\/globalitetsfostran\/\" \/>\n<meta property=\"og:locale\" content=\"sv_SE\" \/>\n<meta property=\"og:type\" content=\"article\" \/>\n<meta property=\"og:title\" content=\"Globalitetsfostran - Kyrkans Utlandshj\u00e4lp\" \/>\n<meta property=\"og:description\" content=\"Globalitetsfostran \u00e4r fostran till att uppfatta jorden som en gemensam plats att leva p\u00e5 och till att beakta alla m\u00e4nniskors behov, milj\u00f6n och de m\u00e4nskliga r\u00e4ttigheterna. Tack vare de goda v\u00e4rldsvida kommunikationsm\u00f6jlighterna, k\u00e4nner vi v\u00e4l till m\u00e4nniskors livssituation i u-l\u00e4nderna och i konflikt- och katastrofdrabbade l\u00e4nder. Det r\u00e5der brist p\u00e5 vatten, mat, utbildning, utkomstm\u00f6jligheter och [&hellip;]\" \/>\n<meta property=\"og:url\" content=\"https:\/\/www.kirkonulkomaanapu.fi\/sv\/globalitetsfostran\/\" \/>\n<meta property=\"og:site_name\" content=\"Kyrkans Utlandshj\u00e4lp\" \/>\n<meta property=\"article:publisher\" content=\"https:\/\/www.facebook.com\/Ulkomaanapu\/\" \/>\n<meta property=\"article:modified_time\" content=\"2014-06-11T06:04:12+00:00\" \/>\n<meta property=\"og:image\" content=\"https:\/\/www.kirkonulkomaanapu.fi\/wp-content\/uploads\/2026\/02\/Kirkon-ulkomaanapu-logo.png\" \/>\n\t<meta property=\"og:image:width\" content=\"225\" \/>\n\t<meta property=\"og:image:height\" content=\"225\" \/>\n\t<meta property=\"og:image:type\" content=\"image\/png\" \/>\n<meta name=\"twitter:label1\" content=\"Ber\u00e4knad l\u00e4stid\" \/>\n\t<meta name=\"twitter:data1\" content=\"1 minut\" \/>\n<script type=\"application\/ld+json\" class=\"yoast-schema-graph\">{\"@context\":\"https:\/\/schema.org\",\"@graph\":[{\"@type\":\"WebPage\",\"@id\":\"https:\/\/www.kirkonulkomaanapu.fi\/sv\/globalitetsfostran\/\",\"url\":\"https:\/\/www.kirkonulkomaanapu.fi\/sv\/globalitetsfostran\/\",\"name\":\"Globalitetsfostran - Kyrkans Utlandshj\u00e4lp\",\"isPartOf\":{\"@id\":\"https:\/\/www.kirkonulkomaanapu.fi\/#website\"},\"datePublished\":\"2014-02-03T08:32:01+00:00\",\"dateModified\":\"2014-06-11T06:04:12+00:00\",\"breadcrumb\":{\"@id\":\"https:\/\/www.kirkonulkomaanapu.fi\/sv\/globalitetsfostran\/#breadcrumb\"},\"inLanguage\":\"sv-SE\",\"potentialAction\":[{\"@type\":\"ReadAction\",\"target\":[\"https:\/\/www.kirkonulkomaanapu.fi\/sv\/globalitetsfostran\/\"]}]},{\"@type\":\"BreadcrumbList\",\"@id\":\"https:\/\/www.kirkonulkomaanapu.fi\/sv\/globalitetsfostran\/#breadcrumb\",\"itemListElement\":[{\"@type\":\"ListItem\",\"position\":1,\"name\":\"Home\",\"item\":\"https:\/\/www.kirkonulkomaanapu.fi\/sv\/\"},{\"@type\":\"ListItem\",\"position\":2,\"name\":\"Globalitetsfostran\"}]},{\"@type\":\"WebSite\",\"@id\":\"https:\/\/www.kirkonulkomaanapu.fi\/#website\",\"url\":\"https:\/\/www.kirkonulkomaanapu.fi\/\",\"name\":\"Kirkon Ulkomaanapu\",\"description\":\"Suomen suurin kehitysyhteisty\u00f6j\u00e4rjest\u00f6\",\"publisher\":{\"@id\":\"https:\/\/www.kirkonulkomaanapu.fi\/#organization\"},\"alternateName\":\"KUA\",\"potentialAction\":[{\"@type\":\"SearchAction\",\"target\":{\"@type\":\"EntryPoint\",\"urlTemplate\":\"https:\/\/www.kirkonulkomaanapu.fi\/?s={search_term_string}\"},\"query-input\":{\"@type\":\"PropertyValueSpecification\",\"valueRequired\":true,\"valueName\":\"search_term_string\"}}],\"inLanguage\":\"sv-SE\"},{\"@type\":\"Organization\",\"@id\":\"https:\/\/www.kirkonulkomaanapu.fi\/#organization\",\"name\":\"Kirkon Ulkomaanapu\",\"alternateName\":\"KUA\",\"url\":\"https:\/\/www.kirkonulkomaanapu.fi\/\",\"logo\":{\"@type\":\"ImageObject\",\"inLanguage\":\"sv-SE\",\"@id\":\"https:\/\/www.kirkonulkomaanapu.fi\/#\/schema\/logo\/image\/\",\"url\":\"https:\/\/www.kirkonulkomaanapu.fi\/wp-content\/uploads\/2026\/02\/Kirkon-ulkomaanapu-logo-1.png\",\"contentUrl\":\"https:\/\/www.kirkonulkomaanapu.fi\/wp-content\/uploads\/2026\/02\/Kirkon-ulkomaanapu-logo-1.png\",\"width\":225,\"height\":225,\"caption\":\"Kirkon Ulkomaanapu\"},\"image\":{\"@id\":\"https:\/\/www.kirkonulkomaanapu.fi\/#\/schema\/logo\/image\/\"},\"sameAs\":[\"https:\/\/www.facebook.com\/Ulkomaanapu\/\",\"https:\/\/www.youtube.com\/user\/kirkonulkomaanapu\",\"https:\/\/instagram.com\/kirkon_ulkomaanapu\/\",\"https:\/\/www.linkedin.com\/company\/finn-church-aid\/\"]}]}<\/script>\n<!-- \/ Yoast SEO plugin. -->","yoast_head_json":{"title":"Globalitetsfostran - Kyrkans Utlandshj\u00e4lp","robots":{"index":"index","follow":"follow","max-snippet":"max-snippet:-1","max-image-preview":"max-image-preview:large","max-video-preview":"max-video-preview:-1"},"canonical":"https:\/\/www.kirkonulkomaanapu.fi\/sv\/globalitetsfostran\/","og_locale":"sv_SE","og_type":"article","og_title":"Globalitetsfostran - Kyrkans Utlandshj\u00e4lp","og_description":"Globalitetsfostran \u00e4r fostran till att uppfatta jorden som en gemensam plats att leva p\u00e5 och till att beakta alla m\u00e4nniskors behov, milj\u00f6n och de m\u00e4nskliga r\u00e4ttigheterna. Tack vare de goda v\u00e4rldsvida kommunikationsm\u00f6jlighterna, k\u00e4nner vi v\u00e4l till m\u00e4nniskors livssituation i u-l\u00e4nderna och i konflikt- och katastrofdrabbade l\u00e4nder. Det r\u00e5der brist p\u00e5 vatten, mat, utbildning, utkomstm\u00f6jligheter och [&hellip;]","og_url":"https:\/\/www.kirkonulkomaanapu.fi\/sv\/globalitetsfostran\/","og_site_name":"Kyrkans Utlandshj\u00e4lp","article_publisher":"https:\/\/www.facebook.com\/Ulkomaanapu\/","article_modified_time":"2014-06-11T06:04:12+00:00","og_image":[{"width":225,"height":225,"url":"https:\/\/www.kirkonulkomaanapu.fi\/wp-content\/uploads\/2026\/02\/Kirkon-ulkomaanapu-logo.png","type":"image\/png"}],"twitter_misc":{"Ber\u00e4knad l\u00e4stid":"1 minut"},"schema":{"@context":"https:\/\/schema.org","@graph":[{"@type":"WebPage","@id":"https:\/\/www.kirkonulkomaanapu.fi\/sv\/globalitetsfostran\/","url":"https:\/\/www.kirkonulkomaanapu.fi\/sv\/globalitetsfostran\/","name":"Globalitetsfostran - Kyrkans Utlandshj\u00e4lp","isPartOf":{"@id":"https:\/\/www.kirkonulkomaanapu.fi\/#website"},"datePublished":"2014-02-03T08:32:01+00:00","dateModified":"2014-06-11T06:04:12+00:00","breadcrumb":{"@id":"https:\/\/www.kirkonulkomaanapu.fi\/sv\/globalitetsfostran\/#breadcrumb"},"inLanguage":"sv-SE","potentialAction":[{"@type":"ReadAction","target":["https:\/\/www.kirkonulkomaanapu.fi\/sv\/globalitetsfostran\/"]}]},{"@type":"BreadcrumbList","@id":"https:\/\/www.kirkonulkomaanapu.fi\/sv\/globalitetsfostran\/#breadcrumb","itemListElement":[{"@type":"ListItem","position":1,"name":"Home","item":"https:\/\/www.kirkonulkomaanapu.fi\/sv\/"},{"@type":"ListItem","position":2,"name":"Globalitetsfostran"}]},{"@type":"WebSite","@id":"https:\/\/www.kirkonulkomaanapu.fi\/#website","url":"https:\/\/www.kirkonulkomaanapu.fi\/","name":"Kirkon Ulkomaanapu","description":"Suomen suurin kehitysyhteisty\u00f6j\u00e4rjest\u00f6","publisher":{"@id":"https:\/\/www.kirkonulkomaanapu.fi\/#organization"},"alternateName":"KUA","potentialAction":[{"@type":"SearchAction","target":{"@type":"EntryPoint","urlTemplate":"https:\/\/www.kirkonulkomaanapu.fi\/?s={search_term_string}"},"query-input":{"@type":"PropertyValueSpecification","valueRequired":true,"valueName":"search_term_string"}}],"inLanguage":"sv-SE"},{"@type":"Organization","@id":"https:\/\/www.kirkonulkomaanapu.fi\/#organization","name":"Kirkon Ulkomaanapu","alternateName":"KUA","url":"https:\/\/www.kirkonulkomaanapu.fi\/","logo":{"@type":"ImageObject","inLanguage":"sv-SE","@id":"https:\/\/www.kirkonulkomaanapu.fi\/#\/schema\/logo\/image\/","url":"https:\/\/www.kirkonulkomaanapu.fi\/wp-content\/uploads\/2026\/02\/Kirkon-ulkomaanapu-logo-1.png","contentUrl":"https:\/\/www.kirkonulkomaanapu.fi\/wp-content\/uploads\/2026\/02\/Kirkon-ulkomaanapu-logo-1.png","width":225,"height":225,"caption":"Kirkon Ulkomaanapu"},"image":{"@id":"https:\/\/www.kirkonulkomaanapu.fi\/#\/schema\/logo\/image\/"},"sameAs":["https:\/\/www.facebook.com\/Ulkomaanapu\/","https:\/\/www.youtube.com\/user\/kirkonulkomaanapu","https:\/\/instagram.com\/kirkon_ulkomaanapu\/","https:\/\/www.linkedin.com\/company\/finn-church-aid\/"]}]}},"_links":{"self":[{"href":"https:\/\/www.kirkonulkomaanapu.fi\/sv\/wp-json\/wp\/v2\/pages\/3117","targetHints":{"allow":["GET"]}}],"collection":[{"href":"https:\/\/www.kirkonulkomaanapu.fi\/sv\/wp-json\/wp\/v2\/pages"}],"about":[{"href":"https:\/\/www.kirkonulkomaanapu.fi\/sv\/wp-json\/wp\/v2\/types\/page"}],"author":[{"embeddable":true,"href":"https:\/\/www.kirkonulkomaanapu.fi\/sv\/wp-json\/wp\/v2\/users\/137"}],"replies":[{"embeddable":true,"href":"https:\/\/www.kirkonulkomaanapu.fi\/sv\/wp-json\/wp\/v2\/comments?post=3117"}],"version-history":[{"count":20,"href":"https:\/\/www.kirkonulkomaanapu.fi\/sv\/wp-json\/wp\/v2\/pages\/3117\/revisions"}],"predecessor-version":[{"id":57700,"href":"https:\/\/www.kirkonulkomaanapu.fi\/sv\/wp-json\/wp\/v2\/pages\/3117\/revisions\/57700"}],"wp:attachment":[{"href":"https:\/\/www.kirkonulkomaanapu.fi\/sv\/wp-json\/wp\/v2\/media?parent=3117"}],"curies":[{"name":"wp","href":"https:\/\/api.w.org\/{rel}","templated":true}]}}