{"id":2998,"date":"2014-03-19T14:20:14","date_gmt":"2014-03-19T12:20:14","guid":{"rendered":"https:\/\/www.kirkonulkomaanapu.fi\/?page_id=2998"},"modified":"2022-08-02T16:36:23","modified_gmt":"2022-08-02T13:36:23","slug":"foretagssamarbetet","status":"publish","type":"page","link":"https:\/\/www.kirkonulkomaanapu.fi\/sv\/foretagssamarbetet\/","title":{"rendered":"F\u00f6retagssamarbetet"},"content":{"rendered":"\n\n\n<div class=\"block-hero full-width id-block\" style=\"background-image: url('https:\/\/www.kirkonulkomaanapu.fi\/wp-content\/uploads\/2021\/11\/Yritysyhteistyo_hero.jpg');\">\n\n\t<div class=\"bg-mobile\" style=\"background-image: url('https:\/\/www.kirkonulkomaanapu.fi\/wp-content\/uploads\/2021\/11\/Yritysyhteistyo_hero-1024x469.jpg');\"><\/div>\n\n\t\n\t<div class=\"curtain\"><\/div>\n\n\t<div class=\"container\">\n\t\t<div class=\"row\">\n\t\t\t<div class=\"col\">\n\t\t\t\t<div class=\"inner-blocks entry-content\">\n\t\t\t\t\t\t\t\t\t\t\t\n<h1 class=\"is-style-brush\" ><span class=\"bg\">\nF\u00f6retags<span class=\"is-highlighted\">samarbetet<\/span>\n<\/span><\/h1><h1 class=\"is-style-brush mobile\" ><span class=\"bg\">F\u00f6retags<span class=\"is-highlighted\">samarbetet<\/span><\/span><\/h1>\n\n\t\t\t\t\t\t\t\t\t<\/div>\n\t\t\t<\/div>\n\t\t<\/div>\n\t<\/div>\n<\/div>\n\n\n\n\n\n\n\n\n<h2 class=\"wp-block-heading\"><strong>F\u00f6retagssamarbetet leder till konkreta f\u00f6r\u00e4ndringar i utvecklingsl\u00e4nderna<\/strong><\/h2>\n\n\n\n<p>Att samarbeta med oss \u00e4r en m\u00f6jlighet f\u00f6r f\u00f6retaget att konkret fr\u00e4mja ett ansvarsfullt och etiskt handlingss\u00e4tt. Det \u00e4r naturligtvis ocks\u00e5 en m\u00f6jlighet att p\u00e5verka hur f\u00f6retaget uppfattas som arbetsgivare. Men v\u00e5rt samarbete gagnar framf\u00f6rallt dem som \u00e4r i det st\u00f6rsta behovet av hj\u00e4lp. Vi s\u00f6ker samarbetspartner fr\u00e5n s\u00e5v\u00e4l sm\u00e5 som stora f\u00f6retag och samfund, vilka med sitt eget kunnande eller resurser vill g\u00f6ra en f\u00f6r\u00e4ndring m\u00f6jlig i de m\u00e4nniskors liv som lever i extrem fattigdom.<\/p>\n\n\n\n<h3 class=\"wp-block-heading\">Projektsamarbete<\/h3>\n\n\n\n<p>I projektsamarbetet letar vi fram ett bist\u00e5ndsprojekt som rimmar v\u00e4l med den bransch ert f\u00f6retag verkar inom eller med s\u00e5dant ert f\u00f6retag finner intressant. Till f\u00f6retag som donerar minst 10.000 euro inom ett \u00e5r, erbjuder vi tv\u00e5 rapporter per \u00e5r. I dem beskrivs hur projektet framskrider och hur donationen inverkat p\u00e5 de m\u00e4nniskors liv som ber\u00f6rs av projektet. B\u00e5de framg\u00e5ngar och utmaningar rapporteras.<\/p>\n\n\n\n<p>V\u00e5ra bist\u00e5ndsprojekt best\u00e5r bland annat av skolbyggen, arbete p\u00e5 flyktingl\u00e4ger, jordbruksprojekt och st\u00f6d till sm\u00e5f\u00f6retagande kvinnor. Ert f\u00f6retag f\u00e5r tillg\u00e5ng material som kan anv\u00e4ndas i f\u00f6retagets interna och externa kommunikation.<\/p>\n\n\n\n<h3 class=\"wp-block-heading\">Produktsamarbete<\/h3>\n\n\n\n<p>I produktsamarbetet kan ert f\u00f6retag donera till KUH ett \u00f6verenskommet belopp eller en procentandel av en produkts f\u00f6rs\u00e4ljning. F\u00f6retaget kan utnyttja KUH:s varum\u00e4rken och marknadsf\u00f6ringsmaterial och d\u00e4rmed signalera ut\u00e5t och till f\u00f6retagets intressenter att f\u00f6retaget agerar ansvarsfullt.<\/p>\n","protected":false},"excerpt":{"rendered":"<p>F\u00f6retagssamarbetet leder till konkreta f\u00f6r\u00e4ndringar i utvecklingsl\u00e4nderna Att samarbeta med oss \u00e4r en m\u00f6jlighet f\u00f6r f\u00f6retaget att konkret fr\u00e4mja ett ansvarsfullt och etiskt handlingss\u00e4tt. Det \u00e4r naturligtvis ocks\u00e5 en m\u00f6jlighet att p\u00e5verka hur f\u00f6retaget uppfattas som arbetsgivare. Men v\u00e5rt samarbete gagnar framf\u00f6rallt dem som \u00e4r i det st\u00f6rsta behovet av hj\u00e4lp. Vi s\u00f6ker samarbetspartner fr\u00e5n [&hellip;]<\/p>\n","protected":false},"author":123,"featured_media":0,"parent":0,"menu_order":11,"comment_status":"closed","ping_status":"closed","template":"page-templates\/osallistu.php","meta":{"_acf_changed":false,"_relevanssi_hide_post":"","_relevanssi_hide_content":"","_relevanssi_pin_for_all":"","_relevanssi_pin_keywords":"","_relevanssi_unpin_keywords":"","_relevanssi_related_keywords":"","_relevanssi_related_include_ids":"","_relevanssi_related_exclude_ids":"","_relevanssi_related_no_append":"","_relevanssi_related_not_related":"","_relevanssi_related_posts":"63644,108131,89500,121400,121424,121614","_relevanssi_noindex_reason":"","_improvement_type_select":"improve_an_existing","_thumb_yes_seoaic":false,"_frame_yes_seoaic":false,"seoaic_generate_description":"","seoaic_improve_instructions_prompt":"","seoaic_rollback_content_improvement":"","seoaic_idea_thumbnail_generator":"","thumbnail_generated":false,"thumbnail_generate_prompt":"","seoaic_article_description":"","footnotes":""},"class_list":["post-2998","page","type-page","status-publish","hentry"],"acf":[],"yoast_head":"<!-- This site is optimized with the Yoast SEO plugin v26.9 - https:\/\/yoast.com\/product\/yoast-seo-wordpress\/ -->\n<title>F\u00f6retagssamarbetet - Kyrkans Utlandshj\u00e4lp<\/title>\n<meta name=\"description\" content=\"Ett gott partnerskap \u00e4r bra f\u00f6r b\u00e5da parter. Genom att samarbeta kan vi \u00e5stadkomma mera \u00e4n var f\u00f6r sig!\" \/>\n<meta name=\"robots\" content=\"index, follow, max-snippet:-1, max-image-preview:large, max-video-preview:-1\" \/>\n<link rel=\"canonical\" href=\"https:\/\/www.kirkonulkomaanapu.fi\/sv\/ge-en-gava\/foretagssamarbetet\/\" \/>\n<meta property=\"og:locale\" content=\"sv_SE\" \/>\n<meta property=\"og:type\" content=\"article\" \/>\n<meta property=\"og:title\" content=\"F\u00f6retagssamarbetet - Kyrkans Utlandshj\u00e4lp\" \/>\n<meta property=\"og:description\" content=\"Ett gott partnerskap \u00e4r bra f\u00f6r b\u00e5da parter. Genom att samarbeta kan vi \u00e5stadkomma mera \u00e4n var f\u00f6r sig!\" \/>\n<meta property=\"og:url\" content=\"https:\/\/www.kirkonulkomaanapu.fi\/sv\/ge-en-gava\/foretagssamarbetet\/\" \/>\n<meta property=\"og:site_name\" content=\"Kyrkans Utlandshj\u00e4lp\" \/>\n<meta property=\"article:publisher\" content=\"https:\/\/www.facebook.com\/Ulkomaanapu\/\" \/>\n<meta property=\"article:modified_time\" content=\"2022-08-02T13:36:23+00:00\" \/>\n<meta property=\"og:image\" content=\"https:\/\/www.kirkonulkomaanapu.fi\/wp-content\/uploads\/2026\/02\/Kirkon-ulkomaanapu-logo.png\" \/>\n\t<meta property=\"og:image:width\" content=\"225\" \/>\n\t<meta property=\"og:image:height\" content=\"225\" \/>\n\t<meta property=\"og:image:type\" content=\"image\/png\" \/>\n<meta name=\"twitter:label1\" content=\"Ber\u00e4knad l\u00e4stid\" \/>\n\t<meta name=\"twitter:data1\" content=\"2 minuter\" \/>\n<script type=\"application\/ld+json\" class=\"yoast-schema-graph\">{\"@context\":\"https:\/\/schema.org\",\"@graph\":[{\"@type\":\"WebPage\",\"@id\":\"https:\/\/www.kirkonulkomaanapu.fi\/sv\/ge-en-gava\/foretagssamarbetet\/\",\"url\":\"https:\/\/www.kirkonulkomaanapu.fi\/sv\/ge-en-gava\/foretagssamarbetet\/\",\"name\":\"F\u00f6retagssamarbetet - Kyrkans Utlandshj\u00e4lp\",\"isPartOf\":{\"@id\":\"https:\/\/www.kirkonulkomaanapu.fi\/#website\"},\"datePublished\":\"2014-03-19T12:20:14+00:00\",\"dateModified\":\"2022-08-02T13:36:23+00:00\",\"description\":\"Ett gott partnerskap \u00e4r bra f\u00f6r b\u00e5da parter. Genom att samarbeta kan vi \u00e5stadkomma mera \u00e4n var f\u00f6r sig!\",\"breadcrumb\":{\"@id\":\"https:\/\/www.kirkonulkomaanapu.fi\/sv\/ge-en-gava\/foretagssamarbetet\/#breadcrumb\"},\"inLanguage\":\"sv-SE\",\"potentialAction\":[{\"@type\":\"ReadAction\",\"target\":[\"https:\/\/www.kirkonulkomaanapu.fi\/sv\/ge-en-gava\/foretagssamarbetet\/\"]}]},{\"@type\":\"BreadcrumbList\",\"@id\":\"https:\/\/www.kirkonulkomaanapu.fi\/sv\/ge-en-gava\/foretagssamarbetet\/#breadcrumb\",\"itemListElement\":[{\"@type\":\"ListItem\",\"position\":1,\"name\":\"Home\",\"item\":\"https:\/\/www.kirkonulkomaanapu.fi\/sv\/\"},{\"@type\":\"ListItem\",\"position\":2,\"name\":\"Ge en g\u00e5va\",\"item\":\"https:\/\/www.kirkonulkomaanapu.fi\/sv\/ge-en-gava\/\"},{\"@type\":\"ListItem\",\"position\":3,\"name\":\"F\u00f6retagssamarbetet\"}]},{\"@type\":\"WebSite\",\"@id\":\"https:\/\/www.kirkonulkomaanapu.fi\/#website\",\"url\":\"https:\/\/www.kirkonulkomaanapu.fi\/\",\"name\":\"Kirkon Ulkomaanapu\",\"description\":\"Suomen suurin kehitysyhteisty\u00f6j\u00e4rjest\u00f6\",\"publisher\":{\"@id\":\"https:\/\/www.kirkonulkomaanapu.fi\/#organization\"},\"alternateName\":\"KUA\",\"potentialAction\":[{\"@type\":\"SearchAction\",\"target\":{\"@type\":\"EntryPoint\",\"urlTemplate\":\"https:\/\/www.kirkonulkomaanapu.fi\/?s={search_term_string}\"},\"query-input\":{\"@type\":\"PropertyValueSpecification\",\"valueRequired\":true,\"valueName\":\"search_term_string\"}}],\"inLanguage\":\"sv-SE\"},{\"@type\":\"Organization\",\"@id\":\"https:\/\/www.kirkonulkomaanapu.fi\/#organization\",\"name\":\"Kirkon Ulkomaanapu\",\"alternateName\":\"KUA\",\"url\":\"https:\/\/www.kirkonulkomaanapu.fi\/\",\"logo\":{\"@type\":\"ImageObject\",\"inLanguage\":\"sv-SE\",\"@id\":\"https:\/\/www.kirkonulkomaanapu.fi\/#\/schema\/logo\/image\/\",\"url\":\"https:\/\/www.kirkonulkomaanapu.fi\/wp-content\/uploads\/2026\/02\/Kirkon-ulkomaanapu-logo-1.png\",\"contentUrl\":\"https:\/\/www.kirkonulkomaanapu.fi\/wp-content\/uploads\/2026\/02\/Kirkon-ulkomaanapu-logo-1.png\",\"width\":225,\"height\":225,\"caption\":\"Kirkon Ulkomaanapu\"},\"image\":{\"@id\":\"https:\/\/www.kirkonulkomaanapu.fi\/#\/schema\/logo\/image\/\"},\"sameAs\":[\"https:\/\/www.facebook.com\/Ulkomaanapu\/\",\"https:\/\/www.youtube.com\/user\/kirkonulkomaanapu\",\"https:\/\/instagram.com\/kirkon_ulkomaanapu\/\",\"https:\/\/www.linkedin.com\/company\/finn-church-aid\/\"]}]}<\/script>\n<!-- \/ Yoast SEO plugin. -->","yoast_head_json":{"title":"F\u00f6retagssamarbetet - Kyrkans Utlandshj\u00e4lp","description":"Ett gott partnerskap \u00e4r bra f\u00f6r b\u00e5da parter. Genom att samarbeta kan vi \u00e5stadkomma mera \u00e4n var f\u00f6r sig!","robots":{"index":"index","follow":"follow","max-snippet":"max-snippet:-1","max-image-preview":"max-image-preview:large","max-video-preview":"max-video-preview:-1"},"canonical":"https:\/\/www.kirkonulkomaanapu.fi\/sv\/ge-en-gava\/foretagssamarbetet\/","og_locale":"sv_SE","og_type":"article","og_title":"F\u00f6retagssamarbetet - Kyrkans Utlandshj\u00e4lp","og_description":"Ett gott partnerskap \u00e4r bra f\u00f6r b\u00e5da parter. Genom att samarbeta kan vi \u00e5stadkomma mera \u00e4n var f\u00f6r sig!","og_url":"https:\/\/www.kirkonulkomaanapu.fi\/sv\/ge-en-gava\/foretagssamarbetet\/","og_site_name":"Kyrkans Utlandshj\u00e4lp","article_publisher":"https:\/\/www.facebook.com\/Ulkomaanapu\/","article_modified_time":"2022-08-02T13:36:23+00:00","og_image":[{"width":225,"height":225,"url":"https:\/\/www.kirkonulkomaanapu.fi\/wp-content\/uploads\/2026\/02\/Kirkon-ulkomaanapu-logo.png","type":"image\/png"}],"twitter_misc":{"Ber\u00e4knad l\u00e4stid":"2 minuter"},"schema":{"@context":"https:\/\/schema.org","@graph":[{"@type":"WebPage","@id":"https:\/\/www.kirkonulkomaanapu.fi\/sv\/ge-en-gava\/foretagssamarbetet\/","url":"https:\/\/www.kirkonulkomaanapu.fi\/sv\/ge-en-gava\/foretagssamarbetet\/","name":"F\u00f6retagssamarbetet - Kyrkans Utlandshj\u00e4lp","isPartOf":{"@id":"https:\/\/www.kirkonulkomaanapu.fi\/#website"},"datePublished":"2014-03-19T12:20:14+00:00","dateModified":"2022-08-02T13:36:23+00:00","description":"Ett gott partnerskap \u00e4r bra f\u00f6r b\u00e5da parter. Genom att samarbeta kan vi \u00e5stadkomma mera \u00e4n var f\u00f6r sig!","breadcrumb":{"@id":"https:\/\/www.kirkonulkomaanapu.fi\/sv\/ge-en-gava\/foretagssamarbetet\/#breadcrumb"},"inLanguage":"sv-SE","potentialAction":[{"@type":"ReadAction","target":["https:\/\/www.kirkonulkomaanapu.fi\/sv\/ge-en-gava\/foretagssamarbetet\/"]}]},{"@type":"BreadcrumbList","@id":"https:\/\/www.kirkonulkomaanapu.fi\/sv\/ge-en-gava\/foretagssamarbetet\/#breadcrumb","itemListElement":[{"@type":"ListItem","position":1,"name":"Home","item":"https:\/\/www.kirkonulkomaanapu.fi\/sv\/"},{"@type":"ListItem","position":2,"name":"Ge en g\u00e5va","item":"https:\/\/www.kirkonulkomaanapu.fi\/sv\/ge-en-gava\/"},{"@type":"ListItem","position":3,"name":"F\u00f6retagssamarbetet"}]},{"@type":"WebSite","@id":"https:\/\/www.kirkonulkomaanapu.fi\/#website","url":"https:\/\/www.kirkonulkomaanapu.fi\/","name":"Kirkon Ulkomaanapu","description":"Suomen suurin kehitysyhteisty\u00f6j\u00e4rjest\u00f6","publisher":{"@id":"https:\/\/www.kirkonulkomaanapu.fi\/#organization"},"alternateName":"KUA","potentialAction":[{"@type":"SearchAction","target":{"@type":"EntryPoint","urlTemplate":"https:\/\/www.kirkonulkomaanapu.fi\/?s={search_term_string}"},"query-input":{"@type":"PropertyValueSpecification","valueRequired":true,"valueName":"search_term_string"}}],"inLanguage":"sv-SE"},{"@type":"Organization","@id":"https:\/\/www.kirkonulkomaanapu.fi\/#organization","name":"Kirkon Ulkomaanapu","alternateName":"KUA","url":"https:\/\/www.kirkonulkomaanapu.fi\/","logo":{"@type":"ImageObject","inLanguage":"sv-SE","@id":"https:\/\/www.kirkonulkomaanapu.fi\/#\/schema\/logo\/image\/","url":"https:\/\/www.kirkonulkomaanapu.fi\/wp-content\/uploads\/2026\/02\/Kirkon-ulkomaanapu-logo-1.png","contentUrl":"https:\/\/www.kirkonulkomaanapu.fi\/wp-content\/uploads\/2026\/02\/Kirkon-ulkomaanapu-logo-1.png","width":225,"height":225,"caption":"Kirkon Ulkomaanapu"},"image":{"@id":"https:\/\/www.kirkonulkomaanapu.fi\/#\/schema\/logo\/image\/"},"sameAs":["https:\/\/www.facebook.com\/Ulkomaanapu\/","https:\/\/www.youtube.com\/user\/kirkonulkomaanapu","https:\/\/instagram.com\/kirkon_ulkomaanapu\/","https:\/\/www.linkedin.com\/company\/finn-church-aid\/"]}]}},"_links":{"self":[{"href":"https:\/\/www.kirkonulkomaanapu.fi\/sv\/wp-json\/wp\/v2\/pages\/2998","targetHints":{"allow":["GET"]}}],"collection":[{"href":"https:\/\/www.kirkonulkomaanapu.fi\/sv\/wp-json\/wp\/v2\/pages"}],"about":[{"href":"https:\/\/www.kirkonulkomaanapu.fi\/sv\/wp-json\/wp\/v2\/types\/page"}],"author":[{"embeddable":true,"href":"https:\/\/www.kirkonulkomaanapu.fi\/sv\/wp-json\/wp\/v2\/users\/123"}],"replies":[{"embeddable":true,"href":"https:\/\/www.kirkonulkomaanapu.fi\/sv\/wp-json\/wp\/v2\/comments?post=2998"}],"version-history":[{"count":4,"href":"https:\/\/www.kirkonulkomaanapu.fi\/sv\/wp-json\/wp\/v2\/pages\/2998\/revisions"}],"predecessor-version":[{"id":131918,"href":"https:\/\/www.kirkonulkomaanapu.fi\/sv\/wp-json\/wp\/v2\/pages\/2998\/revisions\/131918"}],"wp:attachment":[{"href":"https:\/\/www.kirkonulkomaanapu.fi\/sv\/wp-json\/wp\/v2\/media?parent=2998"}],"curies":[{"name":"wp","href":"https:\/\/api.w.org\/{rel}","templated":true}]}}