{"id":2996,"date":"2014-02-03T10:31:35","date_gmt":"2014-02-03T08:31:35","guid":{"rendered":"https:\/\/www.kirkonulkomaanapu.fi\/?page_id=2996"},"modified":"2026-03-19T09:12:00","modified_gmt":"2026-03-19T07:12:00","slug":"till-forsamlingarna","status":"publish","type":"page","link":"https:\/\/www.kirkonulkomaanapu.fi\/sv\/kontakt\/till-forsamlingarna\/","title":{"rendered":"Till f\u00f6rsamlingarna"},"content":{"rendered":"\n\n\n<div class=\"block-hero full-width id-block\" style=\"background-image: url('https:\/\/www.kirkonulkomaanapu.fi\/wp-content\/uploads\/2026\/03\/forsamlingar_hero.jpg');\">\n\n\t<div class=\"bg-mobile\" style=\"background-image: url('https:\/\/www.kirkonulkomaanapu.fi\/wp-content\/uploads\/2026\/03\/forsamlingar_mobil-1024x1024.jpg');\"><\/div>\n\n\t\n\t<div class=\"curtain\"><\/div>\n\n\t<div class=\"container\">\n\t\t<div class=\"row\">\n\t\t\t<div class=\"col\">\n\t\t\t\t<div class=\"inner-blocks entry-content\">\n\t\t\t\t\t\t\t\t\t\t\t\n<h1 class=\"is-style-brush\" ><span class=\"bg\">\nTill <span class=\"is-highlighted\">f\u00f6rsamlingarna<\/span>\n<\/span><\/h1><h1 class=\"is-style-brush mobile\" ><span class=\"bg\">Till<\/span><span class=\"is-highlighted\"><span class=\"bg\">f\u00f6rsamlingarna<\/span><\/span><\/h1>\n\n\n<p><\/p>\n\n\n\t\t\t\t\t\t\t\t\t<\/div>\n\t\t\t<\/div>\n\t\t<\/div>\n\t<\/div>\n<\/div>\n\n\n<div class=\"subpage-navigation id-block full-width\">\n    <div class=\"container-lg\">\n        <div class=\"row\">\n            <div class=\"col\">\n                <ul class=\"pages\">\n                                        <li class=\"page ancestor\">\n                        <a href=\"https:\/\/www.kirkonulkomaanapu.fi\/sv\/kontakt\/\">Kontakt<\/a>\n                    <\/li>\n                                        <li class=\"page ancestor current\">\n                        <a href=\"https:\/\/www.kirkonulkomaanapu.fi\/sv\/kontakt\/till-forsamlingarna\/\">Till f\u00f6rsamlingarna<\/a>\n                    <\/li>\n                    \n                                        <li class=\"page\">\n                        <a href=\"https:\/\/www.kirkonulkomaanapu.fi\/sv\/kontakt\/till-forsamlingarna\/fortroendevalda\/\">F\u00f6rtroendevalda<\/a>\n                    <\/li>\n                                        <li class=\"page\">\n                        <a href=\"https:\/\/www.kirkonulkomaanapu.fi\/sv\/kontakt\/till-forsamlingarna\/kampanjer-och-insamlingar\/\">Kampanjer och insamlingar<\/a>\n                    <\/li>\n                                        <li class=\"page\">\n                        <a href=\"https:\/\/www.kirkonulkomaanapu.fi\/sv\/kontakt\/till-forsamlingarna\/kollekter-och-budgetunderstod\/\">Kollekter och budgetunderst\u00f6d<\/a>\n                    <\/li>\n                                        <li class=\"page\">\n                        <a href=\"https:\/\/www.kirkonulkomaanapu.fi\/sv\/kontakt\/till-forsamlingarna\/materialbanken\/\">Materialbanken<\/a>\n                    <\/li>\n                                        <li class=\"page\">\n                        <a href=\"https:\/\/www.kirkonulkomaanapu.fi\/sv\/kontakt\/till-forsamlingarna\/ombudsarbetet\/\">Ombudsarbetet<\/a>\n                    <\/li>\n                                        <li class=\"page\">\n                        <a href=\"https:\/\/www.kirkonulkomaanapu.fi\/sv\/kontakt\/till-forsamlingarna\/vi-medverkar\/\">Vi medverkar<\/a>\n                    <\/li>\n                                    <\/ul>\n            <\/div>\n        <\/div>\n    <\/div>\n<\/div>\n\n\n\n\n\n\n<p class=\"lead is-style-ingress\">F\u00f6r Kyrkans Utlandshj\u00e4lp&nbsp;\u00e4r&nbsp;anknytningen till den evangelisk-lutherska kyrkan och f\u00f6rsamlingarna&nbsp;den viktigaste av alla f\u00f6rbindelser. Tillsammans med f\u00f6rsamlingarna str\u00e4cker vi ut v\u00e5r kyrkas diakoni till de n\u00f6dlidande som \u00e4r l\u00e5ngt borta.<\/p>\n\n\n\n<p>Det arbete Kyrkans Utlandshj\u00e4lp utf\u00f6r \u00e4r internationell diakoni. Vi arbetar d\u00e4r n\u00f6den och hj\u00e4lpbehovet \u00e4r st\u00f6rst.<\/p>\n\n\n\n<p>Utlandshj\u00e4lpens huvudkontor i Helsinfors har \u00f6ver hundra anst\u00e4llda som arbetar med olika grupper av intressenter, ekonomin, kommunikationen, medelanskaffningen, bist\u00e5ndsarbetet osv men en betydande del av Kyrkans globala ansvar tas i f\u00f6rsamlingarna n\u00e4r man i dem lyfter fram v\u00e5rt arbete och underst\u00f6der det.<\/p>\n\n\n\n<p>Alla f\u00f6rsamlingsbor och alla anst\u00e4llda kan \u00e5stadkomma sm\u00e5 underverk i vardagen f\u00f6r f\u00f6r de fattiga i utvecklingsl\u00e4nderna. Vi f\u00f6r\u00e4ndrar v\u00e4rlden tillsammans genom att st\u00f6da dem som \u00e4r mest utsatta och svagast. Kom med i v\u00e5rt arbete!<\/p>\n","protected":false},"excerpt":{"rendered":"<p>F\u00f6r Kyrkans Utlandshj\u00e4lp&nbsp;\u00e4r&nbsp;anknytningen till den evangelisk-lutherska kyrkan och f\u00f6rsamlingarna&nbsp;den viktigaste av alla f\u00f6rbindelser. Tillsammans med f\u00f6rsamlingarna str\u00e4cker vi ut v\u00e5r kyrkas diakoni till de n\u00f6dlidande som \u00e4r l\u00e5ngt borta. Det arbete Kyrkans Utlandshj\u00e4lp utf\u00f6r \u00e4r internationell diakoni. Vi arbetar d\u00e4r n\u00f6den och hj\u00e4lpbehovet \u00e4r st\u00f6rst. Utlandshj\u00e4lpens huvudkontor i Helsinfors har \u00f6ver hundra anst\u00e4llda som arbetar [&hellip;]<\/p>\n","protected":false},"author":137,"featured_media":160448,"parent":115180,"menu_order":1003,"comment_status":"closed","ping_status":"closed","template":"","meta":{"_acf_changed":false,"_relevanssi_hide_post":"","_relevanssi_hide_content":"","_relevanssi_pin_for_all":"","_relevanssi_pin_keywords":"","_relevanssi_unpin_keywords":"","_relevanssi_related_keywords":"","_relevanssi_related_include_ids":"","_relevanssi_related_exclude_ids":"","_relevanssi_related_no_append":"","_relevanssi_related_not_related":"","_relevanssi_related_posts":"108131,89500,63644","_relevanssi_noindex_reason":"","_improvement_type_select":"improve_an_existing","_thumb_yes_seoaic":false,"_frame_yes_seoaic":false,"seoaic_generate_description":"","seoaic_improve_instructions_prompt":"","seoaic_rollback_content_improvement":"","seoaic_idea_thumbnail_generator":"","thumbnail_generated":false,"thumbnail_generate_prompt":"","seoaic_article_description":"","footnotes":""},"class_list":["post-2996","page","type-page","status-publish","has-post-thumbnail","hentry"],"acf":[],"yoast_head":"<!-- This site is optimized with the Yoast SEO plugin v26.9 - https:\/\/yoast.com\/product\/yoast-seo-wordpress\/ -->\n<title>Till f\u00f6rsamlingarna - Kyrkans Utlandshj\u00e4lp - Jobb f\u00f6r m\u00e4nniskov\u00e4rdet<\/title>\n<meta name=\"description\" content=\"Tillsammans med f\u00f6rsamlingarna str\u00e4cker Kyrkans Utlandshj\u00e5lp ut v\u00e5r kyrkas diakoni till de n\u00f6dlidande som \u00e4r l\u00e5ngt borta.\" \/>\n<meta name=\"robots\" content=\"index, follow, max-snippet:-1, max-image-preview:large, max-video-preview:-1\" \/>\n<link rel=\"canonical\" href=\"https:\/\/www.kirkonulkomaanapu.fi\/sv\/kontakt\/till-forsamlingarna\/\" \/>\n<meta property=\"og:locale\" content=\"sv_SE\" \/>\n<meta property=\"og:type\" content=\"article\" \/>\n<meta property=\"og:title\" content=\"Till f\u00f6rsamlingarna - Kyrkans Utlandshj\u00e4lp - Jobb f\u00f6r m\u00e4nniskov\u00e4rdet\" \/>\n<meta property=\"og:description\" content=\"Tillsammans med f\u00f6rsamlingarna str\u00e4cker Kyrkans Utlandshj\u00e5lp ut v\u00e5r kyrkas diakoni till de n\u00f6dlidande som \u00e4r l\u00e5ngt borta.\" \/>\n<meta property=\"og:url\" content=\"https:\/\/www.kirkonulkomaanapu.fi\/sv\/kontakt\/till-forsamlingarna\/\" \/>\n<meta property=\"og:site_name\" content=\"Kyrkans Utlandshj\u00e4lp\" \/>\n<meta property=\"article:publisher\" content=\"https:\/\/www.facebook.com\/Ulkomaanapu\/\" \/>\n<meta property=\"article:modified_time\" content=\"2026-03-19T07:12:00+00:00\" \/>\n<meta property=\"og:image\" content=\"https:\/\/www.kirkonulkomaanapu.fi\/wp-content\/uploads\/2026\/03\/forsamlingar_hero.jpg\" \/>\n\t<meta property=\"og:image:width\" content=\"1920\" \/>\n\t<meta property=\"og:image:height\" content=\"880\" \/>\n\t<meta property=\"og:image:type\" content=\"image\/jpeg\" \/>\n<meta name=\"twitter:label1\" content=\"Ber\u00e4knad l\u00e4stid\" \/>\n\t<meta name=\"twitter:data1\" content=\"1 minut\" \/>\n<script type=\"application\/ld+json\" class=\"yoast-schema-graph\">{\"@context\":\"https:\/\/schema.org\",\"@graph\":[{\"@type\":\"WebPage\",\"@id\":\"https:\/\/www.kirkonulkomaanapu.fi\/sv\/kontakt\/till-forsamlingarna\/\",\"url\":\"https:\/\/www.kirkonulkomaanapu.fi\/sv\/kontakt\/till-forsamlingarna\/\",\"name\":\"Till f\u00f6rsamlingarna - Kyrkans Utlandshj\u00e4lp - Jobb f\u00f6r m\u00e4nniskov\u00e4rdet\",\"isPartOf\":{\"@id\":\"https:\/\/www.kirkonulkomaanapu.fi\/#website\"},\"primaryImageOfPage\":{\"@id\":\"https:\/\/www.kirkonulkomaanapu.fi\/sv\/kontakt\/till-forsamlingarna\/#primaryimage\"},\"image\":{\"@id\":\"https:\/\/www.kirkonulkomaanapu.fi\/sv\/kontakt\/till-forsamlingarna\/#primaryimage\"},\"thumbnailUrl\":\"https:\/\/www.kirkonulkomaanapu.fi\/wp-content\/uploads\/2026\/03\/forsamlingar_hero.jpg\",\"datePublished\":\"2014-02-03T08:31:35+00:00\",\"dateModified\":\"2026-03-19T07:12:00+00:00\",\"description\":\"Tillsammans med f\u00f6rsamlingarna str\u00e4cker Kyrkans Utlandshj\u00e5lp ut v\u00e5r kyrkas diakoni till de n\u00f6dlidande som \u00e4r l\u00e5ngt borta.\",\"breadcrumb\":{\"@id\":\"https:\/\/www.kirkonulkomaanapu.fi\/sv\/kontakt\/till-forsamlingarna\/#breadcrumb\"},\"inLanguage\":\"sv-SE\",\"potentialAction\":[{\"@type\":\"ReadAction\",\"target\":[\"https:\/\/www.kirkonulkomaanapu.fi\/sv\/kontakt\/till-forsamlingarna\/\"]}]},{\"@type\":\"ImageObject\",\"inLanguage\":\"sv-SE\",\"@id\":\"https:\/\/www.kirkonulkomaanapu.fi\/sv\/kontakt\/till-forsamlingarna\/#primaryimage\",\"url\":\"https:\/\/www.kirkonulkomaanapu.fi\/wp-content\/uploads\/2026\/03\/forsamlingar_hero.jpg\",\"contentUrl\":\"https:\/\/www.kirkonulkomaanapu.fi\/wp-content\/uploads\/2026\/03\/forsamlingar_hero.jpg\",\"width\":1920,\"height\":880,\"caption\":\"Tv\u00e5 kvinnor sitter vid symaskiner. Den ena ger den andra en sax. I bakgrunden finns en hylla med f\u00e4rgglada tyger.\"},{\"@type\":\"BreadcrumbList\",\"@id\":\"https:\/\/www.kirkonulkomaanapu.fi\/sv\/kontakt\/till-forsamlingarna\/#breadcrumb\",\"itemListElement\":[{\"@type\":\"ListItem\",\"position\":1,\"name\":\"Home\",\"item\":\"https:\/\/www.kirkonulkomaanapu.fi\/sv\/\"},{\"@type\":\"ListItem\",\"position\":2,\"name\":\"Kontakt\",\"item\":\"https:\/\/www.kirkonulkomaanapu.fi\/sv\/kontakt\/\"},{\"@type\":\"ListItem\",\"position\":3,\"name\":\"Till f\u00f6rsamlingarna\"}]},{\"@type\":\"WebSite\",\"@id\":\"https:\/\/www.kirkonulkomaanapu.fi\/#website\",\"url\":\"https:\/\/www.kirkonulkomaanapu.fi\/\",\"name\":\"Kirkon Ulkomaanapu\",\"description\":\"Suomen suurin kehitysyhteisty\u00f6j\u00e4rjest\u00f6\",\"publisher\":{\"@id\":\"https:\/\/www.kirkonulkomaanapu.fi\/#organization\"},\"alternateName\":\"KUA\",\"potentialAction\":[{\"@type\":\"SearchAction\",\"target\":{\"@type\":\"EntryPoint\",\"urlTemplate\":\"https:\/\/www.kirkonulkomaanapu.fi\/?s={search_term_string}\"},\"query-input\":{\"@type\":\"PropertyValueSpecification\",\"valueRequired\":true,\"valueName\":\"search_term_string\"}}],\"inLanguage\":\"sv-SE\"},{\"@type\":\"Organization\",\"@id\":\"https:\/\/www.kirkonulkomaanapu.fi\/#organization\",\"name\":\"Kirkon Ulkomaanapu\",\"alternateName\":\"KUA\",\"url\":\"https:\/\/www.kirkonulkomaanapu.fi\/\",\"logo\":{\"@type\":\"ImageObject\",\"inLanguage\":\"sv-SE\",\"@id\":\"https:\/\/www.kirkonulkomaanapu.fi\/#\/schema\/logo\/image\/\",\"url\":\"https:\/\/www.kirkonulkomaanapu.fi\/wp-content\/uploads\/2026\/02\/Kirkon-ulkomaanapu-logo-1.png\",\"contentUrl\":\"https:\/\/www.kirkonulkomaanapu.fi\/wp-content\/uploads\/2026\/02\/Kirkon-ulkomaanapu-logo-1.png\",\"width\":225,\"height\":225,\"caption\":\"Kirkon Ulkomaanapu\"},\"image\":{\"@id\":\"https:\/\/www.kirkonulkomaanapu.fi\/#\/schema\/logo\/image\/\"},\"sameAs\":[\"https:\/\/www.facebook.com\/Ulkomaanapu\/\",\"https:\/\/www.youtube.com\/user\/kirkonulkomaanapu\",\"https:\/\/instagram.com\/kirkon_ulkomaanapu\/\",\"https:\/\/www.linkedin.com\/company\/finn-church-aid\/\"]}]}<\/script>\n<!-- \/ Yoast SEO plugin. -->","yoast_head_json":{"title":"Till f\u00f6rsamlingarna - Kyrkans Utlandshj\u00e4lp - Jobb f\u00f6r m\u00e4nniskov\u00e4rdet","description":"Tillsammans med f\u00f6rsamlingarna str\u00e4cker Kyrkans Utlandshj\u00e5lp ut v\u00e5r kyrkas diakoni till de n\u00f6dlidande som \u00e4r l\u00e5ngt borta.","robots":{"index":"index","follow":"follow","max-snippet":"max-snippet:-1","max-image-preview":"max-image-preview:large","max-video-preview":"max-video-preview:-1"},"canonical":"https:\/\/www.kirkonulkomaanapu.fi\/sv\/kontakt\/till-forsamlingarna\/","og_locale":"sv_SE","og_type":"article","og_title":"Till f\u00f6rsamlingarna - Kyrkans Utlandshj\u00e4lp - Jobb f\u00f6r m\u00e4nniskov\u00e4rdet","og_description":"Tillsammans med f\u00f6rsamlingarna str\u00e4cker Kyrkans Utlandshj\u00e5lp ut v\u00e5r kyrkas diakoni till de n\u00f6dlidande som \u00e4r l\u00e5ngt borta.","og_url":"https:\/\/www.kirkonulkomaanapu.fi\/sv\/kontakt\/till-forsamlingarna\/","og_site_name":"Kyrkans Utlandshj\u00e4lp","article_publisher":"https:\/\/www.facebook.com\/Ulkomaanapu\/","article_modified_time":"2026-03-19T07:12:00+00:00","og_image":[{"width":1920,"height":880,"url":"https:\/\/www.kirkonulkomaanapu.fi\/wp-content\/uploads\/2026\/03\/forsamlingar_hero.jpg","type":"image\/jpeg"}],"twitter_misc":{"Ber\u00e4knad l\u00e4stid":"1 minut"},"schema":{"@context":"https:\/\/schema.org","@graph":[{"@type":"WebPage","@id":"https:\/\/www.kirkonulkomaanapu.fi\/sv\/kontakt\/till-forsamlingarna\/","url":"https:\/\/www.kirkonulkomaanapu.fi\/sv\/kontakt\/till-forsamlingarna\/","name":"Till f\u00f6rsamlingarna - Kyrkans Utlandshj\u00e4lp - Jobb f\u00f6r m\u00e4nniskov\u00e4rdet","isPartOf":{"@id":"https:\/\/www.kirkonulkomaanapu.fi\/#website"},"primaryImageOfPage":{"@id":"https:\/\/www.kirkonulkomaanapu.fi\/sv\/kontakt\/till-forsamlingarna\/#primaryimage"},"image":{"@id":"https:\/\/www.kirkonulkomaanapu.fi\/sv\/kontakt\/till-forsamlingarna\/#primaryimage"},"thumbnailUrl":"https:\/\/www.kirkonulkomaanapu.fi\/wp-content\/uploads\/2026\/03\/forsamlingar_hero.jpg","datePublished":"2014-02-03T08:31:35+00:00","dateModified":"2026-03-19T07:12:00+00:00","description":"Tillsammans med f\u00f6rsamlingarna str\u00e4cker Kyrkans Utlandshj\u00e5lp ut v\u00e5r kyrkas diakoni till de n\u00f6dlidande som \u00e4r l\u00e5ngt borta.","breadcrumb":{"@id":"https:\/\/www.kirkonulkomaanapu.fi\/sv\/kontakt\/till-forsamlingarna\/#breadcrumb"},"inLanguage":"sv-SE","potentialAction":[{"@type":"ReadAction","target":["https:\/\/www.kirkonulkomaanapu.fi\/sv\/kontakt\/till-forsamlingarna\/"]}]},{"@type":"ImageObject","inLanguage":"sv-SE","@id":"https:\/\/www.kirkonulkomaanapu.fi\/sv\/kontakt\/till-forsamlingarna\/#primaryimage","url":"https:\/\/www.kirkonulkomaanapu.fi\/wp-content\/uploads\/2026\/03\/forsamlingar_hero.jpg","contentUrl":"https:\/\/www.kirkonulkomaanapu.fi\/wp-content\/uploads\/2026\/03\/forsamlingar_hero.jpg","width":1920,"height":880,"caption":"Tv\u00e5 kvinnor sitter vid symaskiner. Den ena ger den andra en sax. I bakgrunden finns en hylla med f\u00e4rgglada tyger."},{"@type":"BreadcrumbList","@id":"https:\/\/www.kirkonulkomaanapu.fi\/sv\/kontakt\/till-forsamlingarna\/#breadcrumb","itemListElement":[{"@type":"ListItem","position":1,"name":"Home","item":"https:\/\/www.kirkonulkomaanapu.fi\/sv\/"},{"@type":"ListItem","position":2,"name":"Kontakt","item":"https:\/\/www.kirkonulkomaanapu.fi\/sv\/kontakt\/"},{"@type":"ListItem","position":3,"name":"Till f\u00f6rsamlingarna"}]},{"@type":"WebSite","@id":"https:\/\/www.kirkonulkomaanapu.fi\/#website","url":"https:\/\/www.kirkonulkomaanapu.fi\/","name":"Kirkon Ulkomaanapu","description":"Suomen suurin kehitysyhteisty\u00f6j\u00e4rjest\u00f6","publisher":{"@id":"https:\/\/www.kirkonulkomaanapu.fi\/#organization"},"alternateName":"KUA","potentialAction":[{"@type":"SearchAction","target":{"@type":"EntryPoint","urlTemplate":"https:\/\/www.kirkonulkomaanapu.fi\/?s={search_term_string}"},"query-input":{"@type":"PropertyValueSpecification","valueRequired":true,"valueName":"search_term_string"}}],"inLanguage":"sv-SE"},{"@type":"Organization","@id":"https:\/\/www.kirkonulkomaanapu.fi\/#organization","name":"Kirkon Ulkomaanapu","alternateName":"KUA","url":"https:\/\/www.kirkonulkomaanapu.fi\/","logo":{"@type":"ImageObject","inLanguage":"sv-SE","@id":"https:\/\/www.kirkonulkomaanapu.fi\/#\/schema\/logo\/image\/","url":"https:\/\/www.kirkonulkomaanapu.fi\/wp-content\/uploads\/2026\/02\/Kirkon-ulkomaanapu-logo-1.png","contentUrl":"https:\/\/www.kirkonulkomaanapu.fi\/wp-content\/uploads\/2026\/02\/Kirkon-ulkomaanapu-logo-1.png","width":225,"height":225,"caption":"Kirkon Ulkomaanapu"},"image":{"@id":"https:\/\/www.kirkonulkomaanapu.fi\/#\/schema\/logo\/image\/"},"sameAs":["https:\/\/www.facebook.com\/Ulkomaanapu\/","https:\/\/www.youtube.com\/user\/kirkonulkomaanapu","https:\/\/instagram.com\/kirkon_ulkomaanapu\/","https:\/\/www.linkedin.com\/company\/finn-church-aid\/"]}]}},"_links":{"self":[{"href":"https:\/\/www.kirkonulkomaanapu.fi\/sv\/wp-json\/wp\/v2\/pages\/2996","targetHints":{"allow":["GET"]}}],"collection":[{"href":"https:\/\/www.kirkonulkomaanapu.fi\/sv\/wp-json\/wp\/v2\/pages"}],"about":[{"href":"https:\/\/www.kirkonulkomaanapu.fi\/sv\/wp-json\/wp\/v2\/types\/page"}],"author":[{"embeddable":true,"href":"https:\/\/www.kirkonulkomaanapu.fi\/sv\/wp-json\/wp\/v2\/users\/137"}],"replies":[{"embeddable":true,"href":"https:\/\/www.kirkonulkomaanapu.fi\/sv\/wp-json\/wp\/v2\/comments?post=2996"}],"version-history":[{"count":2,"href":"https:\/\/www.kirkonulkomaanapu.fi\/sv\/wp-json\/wp\/v2\/pages\/2996\/revisions"}],"predecessor-version":[{"id":160460,"href":"https:\/\/www.kirkonulkomaanapu.fi\/sv\/wp-json\/wp\/v2\/pages\/2996\/revisions\/160460"}],"up":[{"embeddable":true,"href":"https:\/\/www.kirkonulkomaanapu.fi\/sv\/wp-json\/wp\/v2\/pages\/115180"}],"wp:featuredmedia":[{"embeddable":true,"href":"https:\/\/www.kirkonulkomaanapu.fi\/sv\/wp-json\/wp\/v2\/media\/160448"}],"wp:attachment":[{"href":"https:\/\/www.kirkonulkomaanapu.fi\/sv\/wp-json\/wp\/v2\/media?parent=2996"}],"curies":[{"name":"wp","href":"https:\/\/api.w.org\/{rel}","templated":true}]}}