{"id":2994,"date":"2014-02-03T10:31:22","date_gmt":"2014-02-03T08:31:22","guid":{"rendered":"https:\/\/www.kirkonulkomaanapu.fi\/?page_id=2994"},"modified":"2026-03-31T11:02:13","modified_gmt":"2026-03-31T08:02:13","slug":"till-media","status":"publish","type":"page","link":"https:\/\/www.kirkonulkomaanapu.fi\/sv\/kontakt\/till-media\/","title":{"rendered":"Till media"},"content":{"rendered":"\n\n\n<div class=\"block-hero full-width id-block\" style=\"background-image: url('https:\/\/www.kirkonulkomaanapu.fi\/wp-content\/uploads\/2021\/05\/Medialle-scaled.jpg');\">\n\n\t<div class=\"bg-mobile\" style=\"background-image: url('https:\/\/www.kirkonulkomaanapu.fi\/wp-content\/uploads\/2021\/05\/Medialle-1024x683.jpg');\"><\/div>\n\n\t\n\t<div class=\"curtain\"><\/div>\n\n\t<div class=\"container\">\n\t\t<div class=\"row\">\n\t\t\t<div class=\"col\">\n\t\t\t\t<div class=\"inner-blocks entry-content\">\n\t\t\t\t\t\t\t\t\t\t\t\n<h1 class=\"is-style-brush\" ><span class=\"bg\">\nTill <span class=\"is-highlighted\">media<\/span>\n<\/span><\/h1><h1 class=\"is-style-brush mobile\" ><span class=\"bg\">Till<\/span><span class=\"is-highlighted\"><span class=\"bg\">media<\/span><\/span><\/h1>\n\n\n<p><\/p>\n\n\n\t\t\t\t\t\t\t\t\t<\/div>\n\t\t\t<\/div>\n\t\t<\/div>\n\t<\/div>\n<\/div>\n\n\n<div class=\"subpage-navigation id-block full-width\">\n    <div class=\"container-lg\">\n        <div class=\"row\">\n            <div class=\"col\">\n                <ul class=\"pages\">\n                                        <li class=\"page ancestor\">\n                        <a href=\"https:\/\/www.kirkonulkomaanapu.fi\/sv\/kontakt\/\">Kontakt<\/a>\n                    <\/li>\n                                        <li class=\"page ancestor current\">\n                        <a href=\"https:\/\/www.kirkonulkomaanapu.fi\/sv\/kontakt\/till-media\/\">Till media<\/a>\n                    <\/li>\n                    \n                                        <li class=\"page\">\n                        <a href=\"https:\/\/www.kirkonulkomaanapu.fi\/sv\/kontakt\/till-media\/logotyper-och-banners\/\">Logotyper och banners<\/a>\n                    <\/li>\n                                        <li class=\"page\">\n                        <a href=\"https:\/\/www.kirkonulkomaanapu.fi\/sv\/kontakt\/till-media\/pressbilder\/\">Pressbilder<\/a>\n                    <\/li>\n                                        <li class=\"page\">\n                        <a href=\"https:\/\/www.kirkonulkomaanapu.fi\/sv\/kontakt\/till-media\/pressmeddelanden\/\">Pressmeddelanden<\/a>\n                    <\/li>\n                                    <\/ul>\n            <\/div>\n        <\/div>\n    <\/div>\n<\/div>\n\n\n\n\n\n\n<p>V\u00e5ra sakkunniga&nbsp;st\u00e5r till f\u00f6rfogande f\u00f6r intervjuer i Finland och utomlands. Ta kontakt med kommunikationsenheten f\u00f6r att hitta r\u00e4tt person eller f\u00e5 svar p\u00e5 allm\u00e4nna fr\u00e5gor. Du kan ocks\u00e5 be om h\u00f6gklassigt och kostnadsfritt bildmaterial om v\u00e5rt arbete i olika l\u00e4nder.<\/p>\n\n\n\n<p>G\u00e5 och gilla v\u00e5r svenskspr\u00e5kiga sida&nbsp;p\u00e5 Facebook genom att <a href=\"https:\/\/www.facebook.com\/kyrkansutlandshjalp\/\">klicka h\u00e4r<\/a>. Du hittar oss ocks\u00e5 p\u00e5 <a href=\"https:\/\/www.instagram.com\/kirkon_ulkomaanapu\/?hl=fi\">Instagram<\/a> och <a href=\"https:\/\/www.linkedin.com\/company\/finn-church-aid\">Linkedin<\/a>.<\/p>\n\n\n\n<h3 class=\"wp-block-heading\">Kommunikationsenhetens kontaktuppgifter<\/h3>\n\n\n\n<p>Direkt\u00f6r f\u00f6r intressentverksamhet<br><strong>Katri Suomi<br><\/strong>tel. 0400 103 284<br><a href=\"mailto:katri.suomi@kua.fi\">katri.suomi@kua.fi<\/a><\/p>\n\n\n\n<p><br><a href=\"mailto:fca,kommunications@kua.fi\">fca.communications @ kua.fi<\/a><br><span style=\"color: #000000;\">Kommunikationschef <br><strong>Erik Nystr\u00f6m<br><\/strong>tel.&nbsp;040&nbsp;143 4464<br><a href=\"mailto:erik.nystrom@kua.fi\">erik.nystrom@kua.fi<\/a><\/span><\/p>\n\n\n\n<p><\/p>\n\n\n\n<p><\/p>\n","protected":false},"excerpt":{"rendered":"<p>V\u00e5ra sakkunniga&nbsp;st\u00e5r till f\u00f6rfogande f\u00f6r intervjuer i Finland och utomlands. Ta kontakt med kommunikationsenheten f\u00f6r att hitta r\u00e4tt person eller f\u00e5 svar p\u00e5 allm\u00e4nna fr\u00e5gor. Du kan ocks\u00e5 be om h\u00f6gklassigt och kostnadsfritt bildmaterial om v\u00e5rt arbete i olika l\u00e4nder. G\u00e5 och gilla v\u00e5r svenskspr\u00e5kiga sida&nbsp;p\u00e5 Facebook genom att klicka h\u00e4r. Du hittar oss ocks\u00e5 [&hellip;]<\/p>\n","protected":false},"author":137,"featured_media":0,"parent":115180,"menu_order":1002,"comment_status":"closed","ping_status":"closed","template":"page-templates\/yhteystiedot.php","meta":{"_acf_changed":false,"_relevanssi_hide_post":"","_relevanssi_hide_content":"","_relevanssi_pin_for_all":"","_relevanssi_pin_keywords":"","_relevanssi_unpin_keywords":"","_relevanssi_related_keywords":"","_relevanssi_related_include_ids":"","_relevanssi_related_exclude_ids":"","_relevanssi_related_no_append":"","_relevanssi_related_not_related":"","_relevanssi_related_posts":"108131,89500,63644","_relevanssi_noindex_reason":"","_improvement_type_select":"improve_an_existing","_thumb_yes_seoaic":false,"_frame_yes_seoaic":false,"seoaic_generate_description":"","seoaic_improve_instructions_prompt":"","seoaic_rollback_content_improvement":"","seoaic_idea_thumbnail_generator":"","thumbnail_generated":false,"thumbnail_generate_prompt":"","seoaic_article_description":"","footnotes":""},"class_list":["post-2994","page","type-page","status-publish","hentry"],"acf":[],"yoast_head":"<!-- This site is optimized with the Yoast SEO plugin v26.9 - https:\/\/yoast.com\/product\/yoast-seo-wordpress\/ -->\n<title>Kontaktinformation till media - Kyrkans Utlandshj\u00e4lp<\/title>\n<meta name=\"description\" content=\"V\u00e5ra experter \u00e4r alltid tillg\u00e4ngliga f\u00f6r intervjuer. Kommunikationsenheten hj\u00e4lper er g\u00e4rna att hitta r\u00e4tt person.\" \/>\n<meta name=\"robots\" content=\"index, follow, max-snippet:-1, max-image-preview:large, max-video-preview:-1\" \/>\n<link rel=\"canonical\" href=\"https:\/\/www.kirkonulkomaanapu.fi\/sv\/kontakt\/till-media\/\" \/>\n<meta property=\"og:locale\" content=\"sv_SE\" \/>\n<meta property=\"og:type\" content=\"article\" \/>\n<meta property=\"og:title\" content=\"Kontaktinformation till media - Kyrkans Utlandshj\u00e4lp\" \/>\n<meta property=\"og:description\" content=\"V\u00e5ra experter \u00e4r alltid tillg\u00e4ngliga f\u00f6r intervjuer. Kommunikationsenheten hj\u00e4lper er g\u00e4rna att hitta r\u00e4tt person.\" \/>\n<meta property=\"og:url\" content=\"https:\/\/www.kirkonulkomaanapu.fi\/sv\/kontakt\/till-media\/\" \/>\n<meta property=\"og:site_name\" content=\"Kyrkans Utlandshj\u00e4lp\" \/>\n<meta property=\"article:publisher\" content=\"https:\/\/www.facebook.com\/Ulkomaanapu\/\" \/>\n<meta property=\"article:modified_time\" content=\"2026-03-31T08:02:13+00:00\" \/>\n<meta property=\"og:image\" content=\"https:\/\/www.kirkonulkomaanapu.fi\/wp-content\/uploads\/2026\/02\/Kirkon-ulkomaanapu-logo.png\" \/>\n\t<meta property=\"og:image:width\" content=\"225\" \/>\n\t<meta property=\"og:image:height\" content=\"225\" \/>\n\t<meta property=\"og:image:type\" content=\"image\/png\" \/>\n<meta name=\"twitter:label1\" content=\"Ber\u00e4knad l\u00e4stid\" \/>\n\t<meta name=\"twitter:data1\" content=\"1 minut\" \/>\n<script type=\"application\/ld+json\" class=\"yoast-schema-graph\">{\"@context\":\"https:\/\/schema.org\",\"@graph\":[{\"@type\":\"WebPage\",\"@id\":\"https:\/\/www.kirkonulkomaanapu.fi\/sv\/kontakt\/till-media\/\",\"url\":\"https:\/\/www.kirkonulkomaanapu.fi\/sv\/kontakt\/till-media\/\",\"name\":\"Kontaktinformation till media - Kyrkans Utlandshj\u00e4lp\",\"isPartOf\":{\"@id\":\"https:\/\/www.kirkonulkomaanapu.fi\/#website\"},\"datePublished\":\"2014-02-03T08:31:22+00:00\",\"dateModified\":\"2026-03-31T08:02:13+00:00\",\"description\":\"V\u00e5ra experter \u00e4r alltid tillg\u00e4ngliga f\u00f6r intervjuer. Kommunikationsenheten hj\u00e4lper er g\u00e4rna att hitta r\u00e4tt person.\",\"breadcrumb\":{\"@id\":\"https:\/\/www.kirkonulkomaanapu.fi\/sv\/kontakt\/till-media\/#breadcrumb\"},\"inLanguage\":\"sv-SE\",\"potentialAction\":[{\"@type\":\"ReadAction\",\"target\":[\"https:\/\/www.kirkonulkomaanapu.fi\/sv\/kontakt\/till-media\/\"]}]},{\"@type\":\"BreadcrumbList\",\"@id\":\"https:\/\/www.kirkonulkomaanapu.fi\/sv\/kontakt\/till-media\/#breadcrumb\",\"itemListElement\":[{\"@type\":\"ListItem\",\"position\":1,\"name\":\"Home\",\"item\":\"https:\/\/www.kirkonulkomaanapu.fi\/sv\/\"},{\"@type\":\"ListItem\",\"position\":2,\"name\":\"Kontakt\",\"item\":\"https:\/\/www.kirkonulkomaanapu.fi\/sv\/kontakt\/\"},{\"@type\":\"ListItem\",\"position\":3,\"name\":\"Till media\"}]},{\"@type\":\"WebSite\",\"@id\":\"https:\/\/www.kirkonulkomaanapu.fi\/#website\",\"url\":\"https:\/\/www.kirkonulkomaanapu.fi\/\",\"name\":\"Kirkon Ulkomaanapu\",\"description\":\"Suomen suurin kehitysyhteisty\u00f6j\u00e4rjest\u00f6\",\"publisher\":{\"@id\":\"https:\/\/www.kirkonulkomaanapu.fi\/#organization\"},\"alternateName\":\"KUA\",\"potentialAction\":[{\"@type\":\"SearchAction\",\"target\":{\"@type\":\"EntryPoint\",\"urlTemplate\":\"https:\/\/www.kirkonulkomaanapu.fi\/?s={search_term_string}\"},\"query-input\":{\"@type\":\"PropertyValueSpecification\",\"valueRequired\":true,\"valueName\":\"search_term_string\"}}],\"inLanguage\":\"sv-SE\"},{\"@type\":\"Organization\",\"@id\":\"https:\/\/www.kirkonulkomaanapu.fi\/#organization\",\"name\":\"Kirkon Ulkomaanapu\",\"alternateName\":\"KUA\",\"url\":\"https:\/\/www.kirkonulkomaanapu.fi\/\",\"logo\":{\"@type\":\"ImageObject\",\"inLanguage\":\"sv-SE\",\"@id\":\"https:\/\/www.kirkonulkomaanapu.fi\/#\/schema\/logo\/image\/\",\"url\":\"https:\/\/www.kirkonulkomaanapu.fi\/wp-content\/uploads\/2026\/02\/Kirkon-ulkomaanapu-logo-1.png\",\"contentUrl\":\"https:\/\/www.kirkonulkomaanapu.fi\/wp-content\/uploads\/2026\/02\/Kirkon-ulkomaanapu-logo-1.png\",\"width\":225,\"height\":225,\"caption\":\"Kirkon Ulkomaanapu\"},\"image\":{\"@id\":\"https:\/\/www.kirkonulkomaanapu.fi\/#\/schema\/logo\/image\/\"},\"sameAs\":[\"https:\/\/www.facebook.com\/Ulkomaanapu\/\",\"https:\/\/www.youtube.com\/user\/kirkonulkomaanapu\",\"https:\/\/instagram.com\/kirkon_ulkomaanapu\/\",\"https:\/\/www.linkedin.com\/company\/finn-church-aid\/\"]}]}<\/script>\n<!-- \/ Yoast SEO plugin. -->","yoast_head_json":{"title":"Kontaktinformation till media - Kyrkans Utlandshj\u00e4lp","description":"V\u00e5ra experter \u00e4r alltid tillg\u00e4ngliga f\u00f6r intervjuer. Kommunikationsenheten hj\u00e4lper er g\u00e4rna att hitta r\u00e4tt person.","robots":{"index":"index","follow":"follow","max-snippet":"max-snippet:-1","max-image-preview":"max-image-preview:large","max-video-preview":"max-video-preview:-1"},"canonical":"https:\/\/www.kirkonulkomaanapu.fi\/sv\/kontakt\/till-media\/","og_locale":"sv_SE","og_type":"article","og_title":"Kontaktinformation till media - Kyrkans Utlandshj\u00e4lp","og_description":"V\u00e5ra experter \u00e4r alltid tillg\u00e4ngliga f\u00f6r intervjuer. Kommunikationsenheten hj\u00e4lper er g\u00e4rna att hitta r\u00e4tt person.","og_url":"https:\/\/www.kirkonulkomaanapu.fi\/sv\/kontakt\/till-media\/","og_site_name":"Kyrkans Utlandshj\u00e4lp","article_publisher":"https:\/\/www.facebook.com\/Ulkomaanapu\/","article_modified_time":"2026-03-31T08:02:13+00:00","og_image":[{"width":225,"height":225,"url":"https:\/\/www.kirkonulkomaanapu.fi\/wp-content\/uploads\/2026\/02\/Kirkon-ulkomaanapu-logo.png","type":"image\/png"}],"twitter_misc":{"Ber\u00e4knad l\u00e4stid":"1 minut"},"schema":{"@context":"https:\/\/schema.org","@graph":[{"@type":"WebPage","@id":"https:\/\/www.kirkonulkomaanapu.fi\/sv\/kontakt\/till-media\/","url":"https:\/\/www.kirkonulkomaanapu.fi\/sv\/kontakt\/till-media\/","name":"Kontaktinformation till media - Kyrkans Utlandshj\u00e4lp","isPartOf":{"@id":"https:\/\/www.kirkonulkomaanapu.fi\/#website"},"datePublished":"2014-02-03T08:31:22+00:00","dateModified":"2026-03-31T08:02:13+00:00","description":"V\u00e5ra experter \u00e4r alltid tillg\u00e4ngliga f\u00f6r intervjuer. Kommunikationsenheten hj\u00e4lper er g\u00e4rna att hitta r\u00e4tt person.","breadcrumb":{"@id":"https:\/\/www.kirkonulkomaanapu.fi\/sv\/kontakt\/till-media\/#breadcrumb"},"inLanguage":"sv-SE","potentialAction":[{"@type":"ReadAction","target":["https:\/\/www.kirkonulkomaanapu.fi\/sv\/kontakt\/till-media\/"]}]},{"@type":"BreadcrumbList","@id":"https:\/\/www.kirkonulkomaanapu.fi\/sv\/kontakt\/till-media\/#breadcrumb","itemListElement":[{"@type":"ListItem","position":1,"name":"Home","item":"https:\/\/www.kirkonulkomaanapu.fi\/sv\/"},{"@type":"ListItem","position":2,"name":"Kontakt","item":"https:\/\/www.kirkonulkomaanapu.fi\/sv\/kontakt\/"},{"@type":"ListItem","position":3,"name":"Till media"}]},{"@type":"WebSite","@id":"https:\/\/www.kirkonulkomaanapu.fi\/#website","url":"https:\/\/www.kirkonulkomaanapu.fi\/","name":"Kirkon Ulkomaanapu","description":"Suomen suurin kehitysyhteisty\u00f6j\u00e4rjest\u00f6","publisher":{"@id":"https:\/\/www.kirkonulkomaanapu.fi\/#organization"},"alternateName":"KUA","potentialAction":[{"@type":"SearchAction","target":{"@type":"EntryPoint","urlTemplate":"https:\/\/www.kirkonulkomaanapu.fi\/?s={search_term_string}"},"query-input":{"@type":"PropertyValueSpecification","valueRequired":true,"valueName":"search_term_string"}}],"inLanguage":"sv-SE"},{"@type":"Organization","@id":"https:\/\/www.kirkonulkomaanapu.fi\/#organization","name":"Kirkon Ulkomaanapu","alternateName":"KUA","url":"https:\/\/www.kirkonulkomaanapu.fi\/","logo":{"@type":"ImageObject","inLanguage":"sv-SE","@id":"https:\/\/www.kirkonulkomaanapu.fi\/#\/schema\/logo\/image\/","url":"https:\/\/www.kirkonulkomaanapu.fi\/wp-content\/uploads\/2026\/02\/Kirkon-ulkomaanapu-logo-1.png","contentUrl":"https:\/\/www.kirkonulkomaanapu.fi\/wp-content\/uploads\/2026\/02\/Kirkon-ulkomaanapu-logo-1.png","width":225,"height":225,"caption":"Kirkon Ulkomaanapu"},"image":{"@id":"https:\/\/www.kirkonulkomaanapu.fi\/#\/schema\/logo\/image\/"},"sameAs":["https:\/\/www.facebook.com\/Ulkomaanapu\/","https:\/\/www.youtube.com\/user\/kirkonulkomaanapu","https:\/\/instagram.com\/kirkon_ulkomaanapu\/","https:\/\/www.linkedin.com\/company\/finn-church-aid\/"]}]}},"_links":{"self":[{"href":"https:\/\/www.kirkonulkomaanapu.fi\/sv\/wp-json\/wp\/v2\/pages\/2994","targetHints":{"allow":["GET"]}}],"collection":[{"href":"https:\/\/www.kirkonulkomaanapu.fi\/sv\/wp-json\/wp\/v2\/pages"}],"about":[{"href":"https:\/\/www.kirkonulkomaanapu.fi\/sv\/wp-json\/wp\/v2\/types\/page"}],"author":[{"embeddable":true,"href":"https:\/\/www.kirkonulkomaanapu.fi\/sv\/wp-json\/wp\/v2\/users\/137"}],"replies":[{"embeddable":true,"href":"https:\/\/www.kirkonulkomaanapu.fi\/sv\/wp-json\/wp\/v2\/comments?post=2994"}],"version-history":[{"count":3,"href":"https:\/\/www.kirkonulkomaanapu.fi\/sv\/wp-json\/wp\/v2\/pages\/2994\/revisions"}],"predecessor-version":[{"id":160699,"href":"https:\/\/www.kirkonulkomaanapu.fi\/sv\/wp-json\/wp\/v2\/pages\/2994\/revisions\/160699"}],"up":[{"embeddable":true,"href":"https:\/\/www.kirkonulkomaanapu.fi\/sv\/wp-json\/wp\/v2\/pages\/115180"}],"wp:attachment":[{"href":"https:\/\/www.kirkonulkomaanapu.fi\/sv\/wp-json\/wp\/v2\/media?parent=2994"}],"curies":[{"name":"wp","href":"https:\/\/api.w.org\/{rel}","templated":true}]}}