{"id":2980,"date":"2013-12-19T14:09:43","date_gmt":"2013-12-19T12:09:43","guid":{"rendered":"https:\/\/www.kirkonulkomaanapu.fi\/?page_id=2980"},"modified":"2026-03-31T13:30:46","modified_gmt":"2026-03-31T10:30:46","slug":"vart-arbete","status":"publish","type":"page","link":"https:\/\/www.kirkonulkomaanapu.fi\/sv\/vart-arbete\/","title":{"rendered":"V\u00e5rt arbete"},"content":{"rendered":"\n\n\n<div class=\"block-hero full-width id-block\" style=\"background-image: url('https:\/\/www.kirkonulkomaanapu.fi\/wp-content\/uploads\/2021\/05\/Mita-teemme-scaled.jpg');\">\n\n\t<div class=\"bg-mobile\" style=\"background-image: url('https:\/\/www.kirkonulkomaanapu.fi\/wp-content\/uploads\/2021\/05\/Mita-teemme-1024x683.jpg');\"><\/div>\n\n\t\n\t<div class=\"curtain\"><\/div>\n\n\t<div class=\"container\">\n\t\t<div class=\"row\">\n\t\t\t<div class=\"col\">\n\t\t\t\t<div class=\"inner-blocks entry-content\">\n\t\t\t\t\t\t\t\t\t\t\t\n<h1 class=\"is-style-brush\" ><span class=\"bg\">\nV\u00e5rt <span class=\"is-highlighted\">arbete<\/span>\n<\/span><\/h1><h1 class=\"is-style-brush mobile\" ><span class=\"bg\">V\u00e5rt<\/span><span class=\"is-highlighted\"><span class=\"bg\">arbete<\/span><\/span><\/h1>\n\n\n<p><\/p>\n\n\n\t\t\t\t\t\t\t\t\t<\/div>\n\t\t\t<\/div>\n\t\t<\/div>\n\t<\/div>\n<\/div>\n\n\n<div class=\"subpage-navigation id-block full-width\">\n    <div class=\"container-lg\">\n        <div class=\"row\">\n            <div class=\"col\">\n                <ul class=\"pages\">\n                                        <li class=\"page ancestor current\">\n                        <a href=\"https:\/\/www.kirkonulkomaanapu.fi\/sv\/vart-arbete\/\">V\u00e5rt arbete<\/a>\n                    <\/li>\n                    \n                                        <li class=\"page\">\n                        <a href=\"https:\/\/www.kirkonulkomaanapu.fi\/sv\/vart-arbete\/humanitart-bistand\/\">Humanit\u00e4rt bist\u00e5nd<\/a>\n                    <\/li>\n                                        <li class=\"page\">\n                        <a href=\"https:\/\/www.kirkonulkomaanapu.fi\/sv\/vart-arbete\/paverkansarbetet\/\">P\u00e5verkansarbetet<\/a>\n                    <\/li>\n                                        <li class=\"page\">\n                        <a href=\"https:\/\/www.kirkonulkomaanapu.fi\/sv\/vart-arbete\/utvecklingssamarbetet\/\">Utvecklingssamarbetet<\/a>\n                    <\/li>\n                                    <\/ul>\n            <\/div>\n        <\/div>\n    <\/div>\n<\/div>\n\n\n\n\n\n\n<p>Kyrkans Utlandshj\u00e4lp \u00e4r Finlands st\u00f6rsta organisation f\u00f6r internationellt bist\u00e5nd. Vi verkar i tretton l\u00e4nder p\u00e5 platser d\u00e4r n\u00f6den \u00e4r som st\u00f6rst. Vi arbetar med de fattigaste m\u00e4nniskorna oberoende av deras religion, etnicitet eller politiska \u00f6vertygelse.<\/p>\n\n\n\n<p>V\u00e5rt arbete utg\u00e5r fr\u00e5n de m\u00e4nskliga r\u00e4ttigheterna, vilket inneb\u00e4r att v\u00e5r verksamhet styrs av j\u00e4mlikhet, r\u00e4ttvisa och ansvarsfullhet. Vi arbetar f\u00f6r att alla m\u00e4nniskors r\u00e4tt till utbildning, fred och utkomst f\u00f6rverkligas.<\/p>\n\n\n\n\n<div class=\"block-themes full-width id-block\">\n\t<div class=\"container-lg\">\n\t\t\t\t<div class=\"row justify-content-center themes\">\n\t\t\t\t\t\t\t\t\t<div class=\"col col-12 col-lg-4\">\n\t\t\t\t<div class=\"theme\">\n\t\t\t\t\t<div>\n\t\t\t\t\t\t\t\t\t\t\t<img decoding=\"async\" class=\"theme-img\" src=\"https:\/\/www.kirkonulkomaanapu.fi\/wp-content\/uploads\/2021\/04\/Right-to-Education-Oikeus-koulutukseen-Symboli.png\" alt=\"Oikeus koulutukseen Symboli.\" loading=\"lazy\" width=\"942\" height=\"942\">\n\t\t\t\t\t\n\t\t\t\t\t\t\t\t\t\t\t<h3 class=\"theme-title\">R\u00e4tt till utbildning<\/h3>\n\t\t\t\t\t\n\t\t\t\t\t\t\t\t\t\t\t<div class=\"description\"><p>En av de viktigaste m\u00e5ls\u00e4ttningarna med v\u00e5rt arbete \u00e4r att s\u00e5 m\u00e5nga barn och unga som m\u00f6jligt kan g\u00e5 i skola och f\u00e5 h\u00f6gklassig undervisning i v\u00e5ra programl\u00e4nder.<\/p>\n<\/div>\n\t\t\t\t\t\t\t\t\t\t<\/div>\n\n\t\t\t\t\t\t\t\t\t<div>\n\t\t\t\t\t\t<a class=\"button \" href=\"https:\/\/www.kirkonulkomaanapu.fi\/sv\/vart-arbete\/utvecklingssamarbetet\/utbildning\/\" target=\"\" rel=\"no-opener\">Utbildning<\/a>\n\t\t\t\t\t<\/div>\n\t\t\t\t\t\t\t\t<\/div>\n\t\t\t<\/div>\n\t\t\t\t\t\t\t\t\t<div class=\"col col-12 col-lg-4\">\n\t\t\t\t<div class=\"theme\">\n\t\t\t\t\t<div>\n\t\t\t\t\t\t\t\t\t\t\t<img decoding=\"async\" class=\"theme-img\" src=\"https:\/\/www.kirkonulkomaanapu.fi\/wp-content\/uploads\/2021\/04\/Right-to-Peace-Oikeus-rauhaan-Symboli.png\" alt=\"Oikeus rauhaan Symboli.\" loading=\"lazy\" width=\"942\" height=\"942\">\n\t\t\t\t\t\n\t\t\t\t\t\t\t\t\t\t\t<h3 class=\"theme-title\">R\u00e4tt till fred<\/h3>\n\t\t\t\t\t\n\t\t\t\t\t\t\t\t\t\t\t<div class=\"description\"><p>Fred \u00e4r en f\u00f6ruts\u00e4ttning f\u00f6r h\u00e5llbar utveckling och att m\u00e4nskliga r\u00e4ttigheter f\u00f6rverkligas. N\u00e4r samh\u00e4llen f\u00e5r leva i fredliga f\u00f6rh\u00e5llanden kan barnen koncentrera sig p\u00e5 sin skolg\u00e5ng och de vuxna p\u00e5 att f\u00e5 en utkomst och p\u00e5 att bygga ett stabilt samh\u00e4lle.<\/p>\n<\/div>\n\t\t\t\t\t\t\t\t\t\t<\/div>\n\n\t\t\t\t\t\t\t\t\t<div>\n\t\t\t\t\t\t<a class=\"button \" href=\"https:\/\/www.kirkonulkomaanapu.fi\/sv\/vart-arbete\/utvecklingssamarbetet\/fred\/\" target=\"\" rel=\"no-opener\">Fred<\/a>\n\t\t\t\t\t<\/div>\n\t\t\t\t\t\t\t\t<\/div>\n\t\t\t<\/div>\n\t\t\t\t\t\t\t\t\t<div class=\"col col-12 col-lg-4\">\n\t\t\t\t<div class=\"theme\">\n\t\t\t\t\t<div>\n\t\t\t\t\t\t\t\t\t\t\t<img decoding=\"async\" class=\"theme-img\" src=\"https:\/\/www.kirkonulkomaanapu.fi\/wp-content\/uploads\/2021\/04\/Right-to-Livelihood-Oikeus-toimeentuloon-Symboli.png\" alt=\"Oikeus toimeentuloon Symboli.\" loading=\"lazy\" width=\"942\" height=\"942\">\n\t\t\t\t\t\n\t\t\t\t\t\t\t\t\t\t\t<h3 class=\"theme-title\">R\u00e4tt till utkomst<\/h3>\n\t\t\t\t\t\n\t\t\t\t\t\t\t\t\t\t\t<div class=\"description\"><p>Utkomst \u00e4r en f\u00f6ruts\u00e4ttning f\u00f6r m\u00e4nniskov\u00e4rdigt liv. Ut\u00f6ver att utkomsten ska r\u00e4cka till f\u00f6r att man kan f\u00f6rs\u00f6rja sig sj\u00e4lv och sin familj \u00f6kar den m\u00f6jligheterna att delta i utvecklingen av samh\u00e4llet.<\/p>\n<\/div>\n\t\t\t\t\t\t\t\t\t\t<\/div>\n\n\t\t\t\t\t\t\t\t\t<div>\n\t\t\t\t\t\t<a class=\"button \" href=\"https:\/\/www.kirkonulkomaanapu.fi\/sv\/vart-arbete\/utvecklingssamarbetet\/utkomst\/\" target=\"\" rel=\"no-opener\">Utkomst<\/a>\n\t\t\t\t\t<\/div>\n\t\t\t\t\t\t\t\t<\/div>\n\t\t\t<\/div>\n\t\t\t\t\t<\/div>\n\t<\/div>\t\n<\/div>\n\n\n<h2 class=\"wp-block-heading\">M\u00e5let \u00e4r best\u00e5ende f\u00f6r\u00e4ndring<\/h2>\n\n\n\n<p>Best\u00e5ende f\u00f6r\u00e4ndringar kan \u00e5stadkommas endast genom ett l\u00e5ngsiktigt samarbete med lokala samh\u00e4llen och m\u00e4nniskor. M\u00e5let med v\u00e5rt arbete \u00e4r att alla kan skaffa sig en utkomst och tillgodose sina grundbehov. <\/p>\n\n\n\n<p>Minskandet av fattigdom f\u00f6ruts\u00e4tter fred och att m\u00e4nskliga r\u00e4ttigheter f\u00f6rverkligas. I v\u00e5ra projekt arbetar vi alltid f\u00f6r dessa saker. Vi uppmuntrar b\u00e5de beslutsfattare och alla finl\u00e4ndare att p\u00e5verka strukturer som orsakar fattigdom, v\u00e5ld och m\u00e4nniskor\u00e4ttskr\u00e4nkningar.<\/p>\n\n\n\n<div class=\"wp-block-columns is-layout-flex wp-container-core-columns-is-layout-9d6595d7 wp-block-columns-is-layout-flex\">\n<div class=\"wp-block-column is-layout-flow wp-block-column-is-layout-flow\" style=\"flex-basis:50%\">\n<p>Bekanta dig med v\u00e5r strategi<\/p>\n<\/div>\n\n\n\n<div class=\"wp-block-column is-layout-flow wp-block-column-is-layout-flow\" style=\"flex-basis:50%\">\n<div class=\"wp-block-buttons is-layout-flex wp-block-buttons-is-layout-flex\">\n<div class=\"wp-block-button\"><a class=\"wp-block-button__link wp-element-button\" href=\"https:\/\/www.kirkonulkomaanapu.fi\/wp-content\/uploads\/2024\/03\/FCA_Global-Strategy_2022-onwards_web_20240307.pdf\">Strategi<\/a><\/div>\n<\/div>\n<\/div>\n<\/div>\n","protected":false},"excerpt":{"rendered":"<p>Kyrkans Utlandshj\u00e4lp \u00e4r Finlands st\u00f6rsta organisation f\u00f6r internationellt bist\u00e5nd. Vi verkar i tretton l\u00e4nder p\u00e5 platser d\u00e4r n\u00f6den \u00e4r som st\u00f6rst. Vi arbetar med de fattigaste m\u00e4nniskorna oberoende av deras religion, etnicitet eller politiska \u00f6vertygelse. V\u00e5rt arbete utg\u00e5r fr\u00e5n de m\u00e4nskliga r\u00e4ttigheterna, vilket inneb\u00e4r att v\u00e5r verksamhet styrs av j\u00e4mlikhet, r\u00e4ttvisa och ansvarsfullhet. Vi arbetar [&hellip;]<\/p>\n","protected":false},"author":137,"featured_media":91054,"parent":0,"menu_order":500,"comment_status":"closed","ping_status":"closed","template":"","meta":{"_acf_changed":false,"_relevanssi_hide_post":"","_relevanssi_hide_content":"","_relevanssi_pin_for_all":"","_relevanssi_pin_keywords":"","_relevanssi_unpin_keywords":"","_relevanssi_related_keywords":"","_relevanssi_related_include_ids":"","_relevanssi_related_exclude_ids":"","_relevanssi_related_no_append":"","_relevanssi_related_not_related":"","_relevanssi_related_posts":"89500,108131,63644","_relevanssi_noindex_reason":"","_improvement_type_select":"improve_an_existing","_thumb_yes_seoaic":false,"_frame_yes_seoaic":false,"seoaic_generate_description":"","seoaic_improve_instructions_prompt":"","seoaic_rollback_content_improvement":"","seoaic_idea_thumbnail_generator":"","thumbnail_generated":false,"thumbnail_generate_prompt":"","seoaic_article_description":"","footnotes":""},"class_list":["post-2980","page","type-page","status-publish","has-post-thumbnail","hentry"],"acf":[],"yoast_head":"<!-- This site is optimized with the Yoast SEO plugin v26.9 - https:\/\/yoast.com\/product\/yoast-seo-wordpress\/ -->\n<title>V\u00e5rt arbete - Utveckling - Humanit\u00e4rt hj\u00e4lp - P\u00e5verkansarbete - KUH<\/title>\n<meta name=\"description\" content=\"Kyrkans Utlandshj\u00e4lp \u00e4r Finlands st\u00f6rsta organisation f\u00f6r internationellt bist\u00e5nd. Vi verkar i tretton l\u00e4nder.\" \/>\n<meta name=\"robots\" content=\"index, follow, max-snippet:-1, max-image-preview:large, max-video-preview:-1\" \/>\n<link rel=\"canonical\" href=\"https:\/\/www.kirkonulkomaanapu.fi\/sv\/vart-arbete\/\" \/>\n<meta property=\"og:locale\" content=\"sv_SE\" \/>\n<meta property=\"og:type\" content=\"article\" \/>\n<meta property=\"og:title\" content=\"V\u00e5rt arbete - Utveckling - Humanit\u00e4rt hj\u00e4lp - P\u00e5verkansarbete - KUH\" \/>\n<meta property=\"og:description\" content=\"Kyrkans Utlandshj\u00e4lp \u00e4r Finlands st\u00f6rsta organisation f\u00f6r internationellt bist\u00e5nd. Vi verkar i tretton l\u00e4nder.\" \/>\n<meta property=\"og:url\" content=\"https:\/\/www.kirkonulkomaanapu.fi\/sv\/vart-arbete\/\" \/>\n<meta property=\"og:site_name\" content=\"Kyrkans Utlandshj\u00e4lp\" \/>\n<meta property=\"article:publisher\" content=\"https:\/\/www.facebook.com\/Ulkomaanapu\/\" \/>\n<meta property=\"article:modified_time\" content=\"2026-03-31T10:30:46+00:00\" \/>\n<meta property=\"og:image\" content=\"https:\/\/www.kirkonulkomaanapu.fi\/wp-content\/uploads\/2018\/11\/Mita_teemme_paasivu-2.jpg\" \/>\n\t<meta property=\"og:image:width\" content=\"1920\" \/>\n\t<meta property=\"og:image:height\" content=\"557\" \/>\n\t<meta property=\"og:image:type\" content=\"image\/jpeg\" \/>\n<meta name=\"twitter:label1\" content=\"Ber\u00e4knad l\u00e4stid\" \/>\n\t<meta name=\"twitter:data1\" content=\"2 minuter\" \/>\n<script type=\"application\/ld+json\" class=\"yoast-schema-graph\">{\"@context\":\"https:\/\/schema.org\",\"@graph\":[{\"@type\":\"WebPage\",\"@id\":\"https:\/\/www.kirkonulkomaanapu.fi\/sv\/vart-arbete\/\",\"url\":\"https:\/\/www.kirkonulkomaanapu.fi\/sv\/vart-arbete\/\",\"name\":\"V\u00e5rt arbete - Utveckling - Humanit\u00e4rt hj\u00e4lp - P\u00e5verkansarbete - KUH\",\"isPartOf\":{\"@id\":\"https:\/\/www.kirkonulkomaanapu.fi\/#website\"},\"primaryImageOfPage\":{\"@id\":\"https:\/\/www.kirkonulkomaanapu.fi\/sv\/vart-arbete\/#primaryimage\"},\"image\":{\"@id\":\"https:\/\/www.kirkonulkomaanapu.fi\/sv\/vart-arbete\/#primaryimage\"},\"thumbnailUrl\":\"https:\/\/www.kirkonulkomaanapu.fi\/wp-content\/uploads\/2018\/11\/Mita_teemme_paasivu-2.jpg\",\"datePublished\":\"2013-12-19T12:09:43+00:00\",\"dateModified\":\"2026-03-31T10:30:46+00:00\",\"description\":\"Kyrkans Utlandshj\u00e4lp \u00e4r Finlands st\u00f6rsta organisation f\u00f6r internationellt bist\u00e5nd. Vi verkar i tretton l\u00e4nder.\",\"breadcrumb\":{\"@id\":\"https:\/\/www.kirkonulkomaanapu.fi\/sv\/vart-arbete\/#breadcrumb\"},\"inLanguage\":\"sv-SE\",\"potentialAction\":[{\"@type\":\"ReadAction\",\"target\":[\"https:\/\/www.kirkonulkomaanapu.fi\/sv\/vart-arbete\/\"]}]},{\"@type\":\"ImageObject\",\"inLanguage\":\"sv-SE\",\"@id\":\"https:\/\/www.kirkonulkomaanapu.fi\/sv\/vart-arbete\/#primaryimage\",\"url\":\"https:\/\/www.kirkonulkomaanapu.fi\/wp-content\/uploads\/2018\/11\/Mita_teemme_paasivu-2.jpg\",\"contentUrl\":\"https:\/\/www.kirkonulkomaanapu.fi\/wp-content\/uploads\/2018\/11\/Mita_teemme_paasivu-2.jpg\",\"width\":1920,\"height\":557,\"caption\":\"Henkil\u00f6 kaataa vett\u00e4 kastelukannusta viljelmilleen aurinkoisena p\u00e4iv\u00e4n\u00e4\"},{\"@type\":\"BreadcrumbList\",\"@id\":\"https:\/\/www.kirkonulkomaanapu.fi\/sv\/vart-arbete\/#breadcrumb\",\"itemListElement\":[{\"@type\":\"ListItem\",\"position\":1,\"name\":\"Home\",\"item\":\"https:\/\/www.kirkonulkomaanapu.fi\/sv\/\"},{\"@type\":\"ListItem\",\"position\":2,\"name\":\"V\u00e5rt arbete\"}]},{\"@type\":\"WebSite\",\"@id\":\"https:\/\/www.kirkonulkomaanapu.fi\/#website\",\"url\":\"https:\/\/www.kirkonulkomaanapu.fi\/\",\"name\":\"Kirkon Ulkomaanapu\",\"description\":\"Suomen suurin kehitysyhteisty\u00f6j\u00e4rjest\u00f6\",\"publisher\":{\"@id\":\"https:\/\/www.kirkonulkomaanapu.fi\/#organization\"},\"alternateName\":\"KUA\",\"potentialAction\":[{\"@type\":\"SearchAction\",\"target\":{\"@type\":\"EntryPoint\",\"urlTemplate\":\"https:\/\/www.kirkonulkomaanapu.fi\/?s={search_term_string}\"},\"query-input\":{\"@type\":\"PropertyValueSpecification\",\"valueRequired\":true,\"valueName\":\"search_term_string\"}}],\"inLanguage\":\"sv-SE\"},{\"@type\":\"Organization\",\"@id\":\"https:\/\/www.kirkonulkomaanapu.fi\/#organization\",\"name\":\"Kirkon Ulkomaanapu\",\"alternateName\":\"KUA\",\"url\":\"https:\/\/www.kirkonulkomaanapu.fi\/\",\"logo\":{\"@type\":\"ImageObject\",\"inLanguage\":\"sv-SE\",\"@id\":\"https:\/\/www.kirkonulkomaanapu.fi\/#\/schema\/logo\/image\/\",\"url\":\"https:\/\/www.kirkonulkomaanapu.fi\/wp-content\/uploads\/2026\/02\/Kirkon-ulkomaanapu-logo-1.png\",\"contentUrl\":\"https:\/\/www.kirkonulkomaanapu.fi\/wp-content\/uploads\/2026\/02\/Kirkon-ulkomaanapu-logo-1.png\",\"width\":225,\"height\":225,\"caption\":\"Kirkon Ulkomaanapu\"},\"image\":{\"@id\":\"https:\/\/www.kirkonulkomaanapu.fi\/#\/schema\/logo\/image\/\"},\"sameAs\":[\"https:\/\/www.facebook.com\/Ulkomaanapu\/\",\"https:\/\/www.youtube.com\/user\/kirkonulkomaanapu\",\"https:\/\/instagram.com\/kirkon_ulkomaanapu\/\",\"https:\/\/www.linkedin.com\/company\/finn-church-aid\/\"]}]}<\/script>\n<!-- \/ Yoast SEO plugin. -->","yoast_head_json":{"title":"V\u00e5rt arbete - Utveckling - Humanit\u00e4rt hj\u00e4lp - P\u00e5verkansarbete - KUH","description":"Kyrkans Utlandshj\u00e4lp \u00e4r Finlands st\u00f6rsta organisation f\u00f6r internationellt bist\u00e5nd. Vi verkar i tretton l\u00e4nder.","robots":{"index":"index","follow":"follow","max-snippet":"max-snippet:-1","max-image-preview":"max-image-preview:large","max-video-preview":"max-video-preview:-1"},"canonical":"https:\/\/www.kirkonulkomaanapu.fi\/sv\/vart-arbete\/","og_locale":"sv_SE","og_type":"article","og_title":"V\u00e5rt arbete - Utveckling - Humanit\u00e4rt hj\u00e4lp - P\u00e5verkansarbete - KUH","og_description":"Kyrkans Utlandshj\u00e4lp \u00e4r Finlands st\u00f6rsta organisation f\u00f6r internationellt bist\u00e5nd. Vi verkar i tretton l\u00e4nder.","og_url":"https:\/\/www.kirkonulkomaanapu.fi\/sv\/vart-arbete\/","og_site_name":"Kyrkans Utlandshj\u00e4lp","article_publisher":"https:\/\/www.facebook.com\/Ulkomaanapu\/","article_modified_time":"2026-03-31T10:30:46+00:00","og_image":[{"width":1920,"height":557,"url":"https:\/\/www.kirkonulkomaanapu.fi\/wp-content\/uploads\/2018\/11\/Mita_teemme_paasivu-2.jpg","type":"image\/jpeg"}],"twitter_misc":{"Ber\u00e4knad l\u00e4stid":"2 minuter"},"schema":{"@context":"https:\/\/schema.org","@graph":[{"@type":"WebPage","@id":"https:\/\/www.kirkonulkomaanapu.fi\/sv\/vart-arbete\/","url":"https:\/\/www.kirkonulkomaanapu.fi\/sv\/vart-arbete\/","name":"V\u00e5rt arbete - Utveckling - Humanit\u00e4rt hj\u00e4lp - P\u00e5verkansarbete - KUH","isPartOf":{"@id":"https:\/\/www.kirkonulkomaanapu.fi\/#website"},"primaryImageOfPage":{"@id":"https:\/\/www.kirkonulkomaanapu.fi\/sv\/vart-arbete\/#primaryimage"},"image":{"@id":"https:\/\/www.kirkonulkomaanapu.fi\/sv\/vart-arbete\/#primaryimage"},"thumbnailUrl":"https:\/\/www.kirkonulkomaanapu.fi\/wp-content\/uploads\/2018\/11\/Mita_teemme_paasivu-2.jpg","datePublished":"2013-12-19T12:09:43+00:00","dateModified":"2026-03-31T10:30:46+00:00","description":"Kyrkans Utlandshj\u00e4lp \u00e4r Finlands st\u00f6rsta organisation f\u00f6r internationellt bist\u00e5nd. Vi verkar i tretton l\u00e4nder.","breadcrumb":{"@id":"https:\/\/www.kirkonulkomaanapu.fi\/sv\/vart-arbete\/#breadcrumb"},"inLanguage":"sv-SE","potentialAction":[{"@type":"ReadAction","target":["https:\/\/www.kirkonulkomaanapu.fi\/sv\/vart-arbete\/"]}]},{"@type":"ImageObject","inLanguage":"sv-SE","@id":"https:\/\/www.kirkonulkomaanapu.fi\/sv\/vart-arbete\/#primaryimage","url":"https:\/\/www.kirkonulkomaanapu.fi\/wp-content\/uploads\/2018\/11\/Mita_teemme_paasivu-2.jpg","contentUrl":"https:\/\/www.kirkonulkomaanapu.fi\/wp-content\/uploads\/2018\/11\/Mita_teemme_paasivu-2.jpg","width":1920,"height":557,"caption":"Henkil\u00f6 kaataa vett\u00e4 kastelukannusta viljelmilleen aurinkoisena p\u00e4iv\u00e4n\u00e4"},{"@type":"BreadcrumbList","@id":"https:\/\/www.kirkonulkomaanapu.fi\/sv\/vart-arbete\/#breadcrumb","itemListElement":[{"@type":"ListItem","position":1,"name":"Home","item":"https:\/\/www.kirkonulkomaanapu.fi\/sv\/"},{"@type":"ListItem","position":2,"name":"V\u00e5rt arbete"}]},{"@type":"WebSite","@id":"https:\/\/www.kirkonulkomaanapu.fi\/#website","url":"https:\/\/www.kirkonulkomaanapu.fi\/","name":"Kirkon Ulkomaanapu","description":"Suomen suurin kehitysyhteisty\u00f6j\u00e4rjest\u00f6","publisher":{"@id":"https:\/\/www.kirkonulkomaanapu.fi\/#organization"},"alternateName":"KUA","potentialAction":[{"@type":"SearchAction","target":{"@type":"EntryPoint","urlTemplate":"https:\/\/www.kirkonulkomaanapu.fi\/?s={search_term_string}"},"query-input":{"@type":"PropertyValueSpecification","valueRequired":true,"valueName":"search_term_string"}}],"inLanguage":"sv-SE"},{"@type":"Organization","@id":"https:\/\/www.kirkonulkomaanapu.fi\/#organization","name":"Kirkon Ulkomaanapu","alternateName":"KUA","url":"https:\/\/www.kirkonulkomaanapu.fi\/","logo":{"@type":"ImageObject","inLanguage":"sv-SE","@id":"https:\/\/www.kirkonulkomaanapu.fi\/#\/schema\/logo\/image\/","url":"https:\/\/www.kirkonulkomaanapu.fi\/wp-content\/uploads\/2026\/02\/Kirkon-ulkomaanapu-logo-1.png","contentUrl":"https:\/\/www.kirkonulkomaanapu.fi\/wp-content\/uploads\/2026\/02\/Kirkon-ulkomaanapu-logo-1.png","width":225,"height":225,"caption":"Kirkon Ulkomaanapu"},"image":{"@id":"https:\/\/www.kirkonulkomaanapu.fi\/#\/schema\/logo\/image\/"},"sameAs":["https:\/\/www.facebook.com\/Ulkomaanapu\/","https:\/\/www.youtube.com\/user\/kirkonulkomaanapu","https:\/\/instagram.com\/kirkon_ulkomaanapu\/","https:\/\/www.linkedin.com\/company\/finn-church-aid\/"]}]}},"_links":{"self":[{"href":"https:\/\/www.kirkonulkomaanapu.fi\/sv\/wp-json\/wp\/v2\/pages\/2980","targetHints":{"allow":["GET"]}}],"collection":[{"href":"https:\/\/www.kirkonulkomaanapu.fi\/sv\/wp-json\/wp\/v2\/pages"}],"about":[{"href":"https:\/\/www.kirkonulkomaanapu.fi\/sv\/wp-json\/wp\/v2\/types\/page"}],"author":[{"embeddable":true,"href":"https:\/\/www.kirkonulkomaanapu.fi\/sv\/wp-json\/wp\/v2\/users\/137"}],"replies":[{"embeddable":true,"href":"https:\/\/www.kirkonulkomaanapu.fi\/sv\/wp-json\/wp\/v2\/comments?post=2980"}],"version-history":[{"count":3,"href":"https:\/\/www.kirkonulkomaanapu.fi\/sv\/wp-json\/wp\/v2\/pages\/2980\/revisions"}],"predecessor-version":[{"id":160703,"href":"https:\/\/www.kirkonulkomaanapu.fi\/sv\/wp-json\/wp\/v2\/pages\/2980\/revisions\/160703"}],"wp:featuredmedia":[{"embeddable":true,"href":"https:\/\/www.kirkonulkomaanapu.fi\/sv\/wp-json\/wp\/v2\/media\/91054"}],"wp:attachment":[{"href":"https:\/\/www.kirkonulkomaanapu.fi\/sv\/wp-json\/wp\/v2\/media?parent=2980"}],"curies":[{"name":"wp","href":"https:\/\/api.w.org\/{rel}","templated":true}]}}