{"id":2963,"date":"2013-12-17T10:52:43","date_gmt":"2013-12-17T08:52:43","guid":{"rendered":"https:\/\/www.kirkonulkomaanapu.fi\/?page_id=2963"},"modified":"2021-05-10T16:26:12","modified_gmt":"2021-05-10T13:26:12","slug":"om-oss","status":"publish","type":"page","link":"https:\/\/www.kirkonulkomaanapu.fi\/sv\/julkaisuarkisto\/om-oss\/","title":{"rendered":"Om oss"},"content":{"rendered":"<p>Kyrkans Utlandshj\u00e4lp grundades \u00e5r 1947 och \u00e4r Finlands st\u00f6rsta givare av internationellt bist\u00e5nd. Vi \u00e4r utrikesministeriets partnerorganisation och stiftande medlem i kyrkornas internationella bist\u00e5ndsn\u00e4tverk ACT-alliansen.<\/p>\n<p>KUH \u00e4r en tros- och r\u00e4ttighetsbaserad organisation. L\u00e4s mer om Kyrkans Utlandshj\u00e4lps teologiska grund <a href=\"https:\/\/www.kirkonulkomaanapu.fi\/wp-content\/uploads\/2020\/08\/KUA_tp_sv_2020.pdf\" target=\"_blank\" rel=\"noopener noreferrer\">h\u00e4r.<\/a><\/p>\n<p>Kyrkans Utlandshj\u00e4lps verksamhet styrs av gemensamma v\u00e4rderingar.<\/p>\n<h3>Villkorl\u00f6s k\u00e4rlek till n\u00e4stan<\/h3>\n<p>Vi fr\u00e4mjar de m\u00e4nskliga r\u00e4ttigheterna och respekterar och v\u00e4rdes\u00e4tter alla m\u00e4nniskor.<\/p>\n<p>Vi litar p\u00e5 v\u00e5ra samarbetsparter och l\u00e4r oss tillsammans. Vi uppskattar olikheter och skapar kontakter mellan m\u00e4nniskor som t\u00e4nker olika.<\/p>\n<h3>Orubbligt hopp<\/h3>\n<p>Vi verkar l\u00e5ngsiktigt och f\u00f6rbinder oss att tillsammans arbeta f\u00f6r att uppn\u00e5 v\u00e5ra m\u00e5l. Vi nedsl\u00e5s inte av motg\u00e5ngar och gl\u00e4der oss n\u00e4r utveckling sker.<\/p>\n<h3>Mod<\/h3>\n<p>Vi \u00e4r modiga i v\u00e5r str\u00e4van att \u00e5stadkomma f\u00f6r\u00e4ndring. Vi v\u00e5gar ifr\u00e5gas\u00e4tta etablerad praxis\u00a0och\u00a0p\u00e5tala or\u00e4ttvisa \u00a0maktstrukturer f\u00f6r att uppn\u00e5 v\u00e5ra m\u00e5l.<\/p>\n<h3>Respekt<\/h3>\n<p>Vi respekterar varandra och varandras \u00f6vertygelser. Vi respekterar de samfund och gemenskaper vi arbetar med. Vi v\u00e4rdes\u00e4tter resurserna vi f\u00e5tt i g\u00e5va och vi str\u00e4var att anv\u00e4nda dem effektivt och \u00f6ppet. Vi str\u00e4var till \u00f6msesidig inl\u00e4rning med v\u00e5ra samarbetspartner.<\/p>\n<h3>Mission<\/h3>\n<p>Vi jobbar f\u00f6r m\u00e4nniskov\u00e4rdet.<\/p>\n<h3>Vision<\/h3>\n<p>Vi f\u00f6r\u00e4ndrar v\u00e4rlden genom att st\u00f6dja de m\u00e4nniskor som \u00e4r mest utsatta.<\/p>\n<p>Vi str\u00e4var efter positiv f\u00f6r\u00e4ndring genom att st\u00f6dja dem som \u00e4r mest utsatta och lever p\u00e5 br\u00e4ckliga, katastrofk\u00e4nsliga omr\u00e5den. Vi specialiserar oss p\u00e5 att st\u00f6dja lokala gemenskaper i deras r\u00e4tt till fred, utkomst och utbildning. Vi st\u00f6djer v\u00e5ra program med internationellt p\u00e5verkansarbete.<\/p>\n<p><a href=\"https:\/\/www.kirkonulkomaanapu.fi\/sv\/om-oss\/annual-report-2015\/\"><br \/>\n<\/a><a title=\"V\u00e5rt arbete\" href=\"https:\/\/www.kirkonulkomaanapu.fi\/sv\/vart-arbete\/\">L\u00e4s mera om v\u00e5rt arbete<\/a><br \/>\n<a href=\"https:\/\/www.kirkonulkomaanapu.fi\/wp-content\/uploads\/2019\/01\/Kyrkans-Utlandshj\u00e4lp-Global-Strategi-2017-och-fram\u00e5t.pdf\">Kyrkans Utlandshj\u00e4lp Global Strategi 2017 och fram\u00e5t<\/a><br \/>\n<a href=\"https:\/\/www.kirkonulkomaanapu.fi\/sv\/om-oss\/kontakt\/\">Kontaktuppgifter<\/a><\/p>\n","protected":false},"excerpt":{"rendered":"<p>Kyrkans Utlandshj\u00e4lp grundades \u00e5r 1947 och \u00e4r Finlands st\u00f6rsta givare av internationellt bist\u00e5nd. Vi \u00e4r utrikesministeriets partnerorganisation och stiftande medlem i kyrkornas internationella bist\u00e5ndsn\u00e4tverk ACT-alliansen. KUH \u00e4r en tros- och r\u00e4ttighetsbaserad organisation. L\u00e4s mer om Kyrkans Utlandshj\u00e4lps teologiska grund h\u00e4r. Kyrkans Utlandshj\u00e4lps verksamhet styrs av gemensamma v\u00e4rderingar. Villkorl\u00f6s k\u00e4rlek till n\u00e4stan Vi fr\u00e4mjar de m\u00e4nskliga [&hellip;]<\/p>\n","protected":false},"author":137,"featured_media":0,"parent":117637,"menu_order":500,"comment_status":"closed","ping_status":"closed","template":"page-templates\/yhteystiedot.php","meta":{"_acf_changed":false,"_relevanssi_hide_post":"","_relevanssi_hide_content":"","_relevanssi_pin_for_all":"","_relevanssi_pin_keywords":"","_relevanssi_unpin_keywords":"","_relevanssi_related_keywords":"","_relevanssi_related_include_ids":"","_relevanssi_related_exclude_ids":"","_relevanssi_related_no_append":"","_relevanssi_related_not_related":"","_relevanssi_related_posts":"","_relevanssi_noindex_reason":"","_improvement_type_select":"improve_an_existing","_thumb_yes_seoaic":false,"_frame_yes_seoaic":false,"seoaic_generate_description":"","seoaic_improve_instructions_prompt":"","seoaic_rollback_content_improvement":"","seoaic_idea_thumbnail_generator":"","thumbnail_generated":false,"thumbnail_generate_prompt":"","seoaic_article_description":"","footnotes":""},"class_list":["post-2963","page","type-page","status-publish","hentry"],"acf":[],"yoast_head":"<!-- This site is optimized with the Yoast SEO plugin v26.9 - https:\/\/yoast.com\/product\/yoast-seo-wordpress\/ -->\n<title>Om oss - Kyrkans Utlandshj\u00e4lp<\/title>\n<meta name=\"description\" content=\"Kyrkans Utlandshj\u00e4lp \u00e4r Finlands st\u00f6rsta utvecklingssamarbetsorganisation och den n\u00e4stst\u00f6rsta givaren av humanit\u00e4rt bist\u00e5nd.\" \/>\n<meta name=\"robots\" content=\"index, follow, max-snippet:-1, max-image-preview:large, max-video-preview:-1\" \/>\n<link rel=\"canonical\" href=\"https:\/\/www.kirkonulkomaanapu.fi\/sv\/julkaisuarkisto\/om-oss\/\" \/>\n<meta property=\"og:locale\" content=\"sv_SE\" \/>\n<meta property=\"og:type\" content=\"article\" \/>\n<meta property=\"og:title\" content=\"Om oss - Kyrkans Utlandshj\u00e4lp\" \/>\n<meta property=\"og:description\" content=\"Kyrkans Utlandshj\u00e4lp \u00e4r Finlands st\u00f6rsta utvecklingssamarbetsorganisation och den n\u00e4stst\u00f6rsta givaren av humanit\u00e4rt bist\u00e5nd.\" \/>\n<meta property=\"og:url\" content=\"https:\/\/www.kirkonulkomaanapu.fi\/sv\/julkaisuarkisto\/om-oss\/\" \/>\n<meta property=\"og:site_name\" content=\"Kyrkans Utlandshj\u00e4lp\" \/>\n<meta property=\"article:publisher\" content=\"https:\/\/www.facebook.com\/Ulkomaanapu\/\" \/>\n<meta property=\"article:modified_time\" content=\"2021-05-10T13:26:12+00:00\" \/>\n<meta property=\"og:image\" content=\"https:\/\/www.kirkonulkomaanapu.fi\/wp-content\/uploads\/2026\/02\/Kirkon-ulkomaanapu-logo.png\" \/>\n\t<meta property=\"og:image:width\" content=\"225\" \/>\n\t<meta property=\"og:image:height\" content=\"225\" \/>\n\t<meta property=\"og:image:type\" content=\"image\/png\" \/>\n<meta name=\"twitter:label1\" content=\"Ber\u00e4knad l\u00e4stid\" \/>\n\t<meta name=\"twitter:data1\" content=\"2 minuter\" \/>\n<script type=\"application\/ld+json\" class=\"yoast-schema-graph\">{\"@context\":\"https:\/\/schema.org\",\"@graph\":[{\"@type\":\"WebPage\",\"@id\":\"https:\/\/www.kirkonulkomaanapu.fi\/sv\/julkaisuarkisto\/om-oss\/\",\"url\":\"https:\/\/www.kirkonulkomaanapu.fi\/sv\/julkaisuarkisto\/om-oss\/\",\"name\":\"Om oss - Kyrkans Utlandshj\u00e4lp\",\"isPartOf\":{\"@id\":\"https:\/\/www.kirkonulkomaanapu.fi\/#website\"},\"datePublished\":\"2013-12-17T08:52:43+00:00\",\"dateModified\":\"2021-05-10T13:26:12+00:00\",\"description\":\"Kyrkans Utlandshj\u00e4lp \u00e4r Finlands st\u00f6rsta utvecklingssamarbetsorganisation och den n\u00e4stst\u00f6rsta givaren av humanit\u00e4rt bist\u00e5nd.\",\"breadcrumb\":{\"@id\":\"https:\/\/www.kirkonulkomaanapu.fi\/sv\/julkaisuarkisto\/om-oss\/#breadcrumb\"},\"inLanguage\":\"sv-SE\",\"potentialAction\":[{\"@type\":\"ReadAction\",\"target\":[\"https:\/\/www.kirkonulkomaanapu.fi\/sv\/julkaisuarkisto\/om-oss\/\"]}]},{\"@type\":\"BreadcrumbList\",\"@id\":\"https:\/\/www.kirkonulkomaanapu.fi\/sv\/julkaisuarkisto\/om-oss\/#breadcrumb\",\"itemListElement\":[{\"@type\":\"ListItem\",\"position\":1,\"name\":\"Home\",\"item\":\"https:\/\/www.kirkonulkomaanapu.fi\/sv\/\"},{\"@type\":\"ListItem\",\"position\":2,\"name\":\"Privat: Julkaisuarkisto\",\"item\":\"https:\/\/www.kirkonulkomaanapu.fi\/sv\/?page_id=117637\"},{\"@type\":\"ListItem\",\"position\":3,\"name\":\"Om oss\"}]},{\"@type\":\"WebSite\",\"@id\":\"https:\/\/www.kirkonulkomaanapu.fi\/#website\",\"url\":\"https:\/\/www.kirkonulkomaanapu.fi\/\",\"name\":\"Kirkon Ulkomaanapu\",\"description\":\"Suomen suurin kehitysyhteisty\u00f6j\u00e4rjest\u00f6\",\"publisher\":{\"@id\":\"https:\/\/www.kirkonulkomaanapu.fi\/#organization\"},\"alternateName\":\"KUA\",\"potentialAction\":[{\"@type\":\"SearchAction\",\"target\":{\"@type\":\"EntryPoint\",\"urlTemplate\":\"https:\/\/www.kirkonulkomaanapu.fi\/?s={search_term_string}\"},\"query-input\":{\"@type\":\"PropertyValueSpecification\",\"valueRequired\":true,\"valueName\":\"search_term_string\"}}],\"inLanguage\":\"sv-SE\"},{\"@type\":\"Organization\",\"@id\":\"https:\/\/www.kirkonulkomaanapu.fi\/#organization\",\"name\":\"Kirkon Ulkomaanapu\",\"alternateName\":\"KUA\",\"url\":\"https:\/\/www.kirkonulkomaanapu.fi\/\",\"logo\":{\"@type\":\"ImageObject\",\"inLanguage\":\"sv-SE\",\"@id\":\"https:\/\/www.kirkonulkomaanapu.fi\/#\/schema\/logo\/image\/\",\"url\":\"https:\/\/www.kirkonulkomaanapu.fi\/wp-content\/uploads\/2026\/02\/Kirkon-ulkomaanapu-logo-1.png\",\"contentUrl\":\"https:\/\/www.kirkonulkomaanapu.fi\/wp-content\/uploads\/2026\/02\/Kirkon-ulkomaanapu-logo-1.png\",\"width\":225,\"height\":225,\"caption\":\"Kirkon Ulkomaanapu\"},\"image\":{\"@id\":\"https:\/\/www.kirkonulkomaanapu.fi\/#\/schema\/logo\/image\/\"},\"sameAs\":[\"https:\/\/www.facebook.com\/Ulkomaanapu\/\",\"https:\/\/www.youtube.com\/user\/kirkonulkomaanapu\",\"https:\/\/instagram.com\/kirkon_ulkomaanapu\/\",\"https:\/\/www.linkedin.com\/company\/finn-church-aid\/\"]}]}<\/script>\n<!-- \/ Yoast SEO plugin. -->","yoast_head_json":{"title":"Om oss - Kyrkans Utlandshj\u00e4lp","description":"Kyrkans Utlandshj\u00e4lp \u00e4r Finlands st\u00f6rsta utvecklingssamarbetsorganisation och den n\u00e4stst\u00f6rsta givaren av humanit\u00e4rt bist\u00e5nd.","robots":{"index":"index","follow":"follow","max-snippet":"max-snippet:-1","max-image-preview":"max-image-preview:large","max-video-preview":"max-video-preview:-1"},"canonical":"https:\/\/www.kirkonulkomaanapu.fi\/sv\/julkaisuarkisto\/om-oss\/","og_locale":"sv_SE","og_type":"article","og_title":"Om oss - Kyrkans Utlandshj\u00e4lp","og_description":"Kyrkans Utlandshj\u00e4lp \u00e4r Finlands st\u00f6rsta utvecklingssamarbetsorganisation och den n\u00e4stst\u00f6rsta givaren av humanit\u00e4rt bist\u00e5nd.","og_url":"https:\/\/www.kirkonulkomaanapu.fi\/sv\/julkaisuarkisto\/om-oss\/","og_site_name":"Kyrkans Utlandshj\u00e4lp","article_publisher":"https:\/\/www.facebook.com\/Ulkomaanapu\/","article_modified_time":"2021-05-10T13:26:12+00:00","og_image":[{"width":225,"height":225,"url":"https:\/\/www.kirkonulkomaanapu.fi\/wp-content\/uploads\/2026\/02\/Kirkon-ulkomaanapu-logo.png","type":"image\/png"}],"twitter_misc":{"Ber\u00e4knad l\u00e4stid":"2 minuter"},"schema":{"@context":"https:\/\/schema.org","@graph":[{"@type":"WebPage","@id":"https:\/\/www.kirkonulkomaanapu.fi\/sv\/julkaisuarkisto\/om-oss\/","url":"https:\/\/www.kirkonulkomaanapu.fi\/sv\/julkaisuarkisto\/om-oss\/","name":"Om oss - Kyrkans Utlandshj\u00e4lp","isPartOf":{"@id":"https:\/\/www.kirkonulkomaanapu.fi\/#website"},"datePublished":"2013-12-17T08:52:43+00:00","dateModified":"2021-05-10T13:26:12+00:00","description":"Kyrkans Utlandshj\u00e4lp \u00e4r Finlands st\u00f6rsta utvecklingssamarbetsorganisation och den n\u00e4stst\u00f6rsta givaren av humanit\u00e4rt bist\u00e5nd.","breadcrumb":{"@id":"https:\/\/www.kirkonulkomaanapu.fi\/sv\/julkaisuarkisto\/om-oss\/#breadcrumb"},"inLanguage":"sv-SE","potentialAction":[{"@type":"ReadAction","target":["https:\/\/www.kirkonulkomaanapu.fi\/sv\/julkaisuarkisto\/om-oss\/"]}]},{"@type":"BreadcrumbList","@id":"https:\/\/www.kirkonulkomaanapu.fi\/sv\/julkaisuarkisto\/om-oss\/#breadcrumb","itemListElement":[{"@type":"ListItem","position":1,"name":"Home","item":"https:\/\/www.kirkonulkomaanapu.fi\/sv\/"},{"@type":"ListItem","position":2,"name":"Privat: Julkaisuarkisto","item":"https:\/\/www.kirkonulkomaanapu.fi\/sv\/?page_id=117637"},{"@type":"ListItem","position":3,"name":"Om oss"}]},{"@type":"WebSite","@id":"https:\/\/www.kirkonulkomaanapu.fi\/#website","url":"https:\/\/www.kirkonulkomaanapu.fi\/","name":"Kirkon Ulkomaanapu","description":"Suomen suurin kehitysyhteisty\u00f6j\u00e4rjest\u00f6","publisher":{"@id":"https:\/\/www.kirkonulkomaanapu.fi\/#organization"},"alternateName":"KUA","potentialAction":[{"@type":"SearchAction","target":{"@type":"EntryPoint","urlTemplate":"https:\/\/www.kirkonulkomaanapu.fi\/?s={search_term_string}"},"query-input":{"@type":"PropertyValueSpecification","valueRequired":true,"valueName":"search_term_string"}}],"inLanguage":"sv-SE"},{"@type":"Organization","@id":"https:\/\/www.kirkonulkomaanapu.fi\/#organization","name":"Kirkon Ulkomaanapu","alternateName":"KUA","url":"https:\/\/www.kirkonulkomaanapu.fi\/","logo":{"@type":"ImageObject","inLanguage":"sv-SE","@id":"https:\/\/www.kirkonulkomaanapu.fi\/#\/schema\/logo\/image\/","url":"https:\/\/www.kirkonulkomaanapu.fi\/wp-content\/uploads\/2026\/02\/Kirkon-ulkomaanapu-logo-1.png","contentUrl":"https:\/\/www.kirkonulkomaanapu.fi\/wp-content\/uploads\/2026\/02\/Kirkon-ulkomaanapu-logo-1.png","width":225,"height":225,"caption":"Kirkon Ulkomaanapu"},"image":{"@id":"https:\/\/www.kirkonulkomaanapu.fi\/#\/schema\/logo\/image\/"},"sameAs":["https:\/\/www.facebook.com\/Ulkomaanapu\/","https:\/\/www.youtube.com\/user\/kirkonulkomaanapu","https:\/\/instagram.com\/kirkon_ulkomaanapu\/","https:\/\/www.linkedin.com\/company\/finn-church-aid\/"]}]}},"_links":{"self":[{"href":"https:\/\/www.kirkonulkomaanapu.fi\/sv\/wp-json\/wp\/v2\/pages\/2963","targetHints":{"allow":["GET"]}}],"collection":[{"href":"https:\/\/www.kirkonulkomaanapu.fi\/sv\/wp-json\/wp\/v2\/pages"}],"about":[{"href":"https:\/\/www.kirkonulkomaanapu.fi\/sv\/wp-json\/wp\/v2\/types\/page"}],"author":[{"embeddable":true,"href":"https:\/\/www.kirkonulkomaanapu.fi\/sv\/wp-json\/wp\/v2\/users\/137"}],"replies":[{"embeddable":true,"href":"https:\/\/www.kirkonulkomaanapu.fi\/sv\/wp-json\/wp\/v2\/comments?post=2963"}],"version-history":[{"count":7,"href":"https:\/\/www.kirkonulkomaanapu.fi\/sv\/wp-json\/wp\/v2\/pages\/2963\/revisions"}],"predecessor-version":[{"id":115739,"href":"https:\/\/www.kirkonulkomaanapu.fi\/sv\/wp-json\/wp\/v2\/pages\/2963\/revisions\/115739"}],"up":[{"embeddable":true,"href":"https:\/\/www.kirkonulkomaanapu.fi\/sv\/wp-json\/wp\/v2\/pages\/117637"}],"wp:attachment":[{"href":"https:\/\/www.kirkonulkomaanapu.fi\/sv\/wp-json\/wp\/v2\/media?parent=2963"}],"curies":[{"name":"wp","href":"https:\/\/api.w.org\/{rel}","templated":true}]}}