{"id":24067,"date":"2014-05-13T14:34:24","date_gmt":"2014-05-13T11:34:24","guid":{"rendered":"https:\/\/www.kirkonulkomaanapu.fi\/?page_id=24067"},"modified":"2014-05-13T14:34:24","modified_gmt":"2014-05-13T11:34:24","slug":"anmalan-om-andringar-av-manadsgavan-skickad","status":"publish","type":"page","link":"https:\/\/www.kirkonulkomaanapu.fi\/sv\/kontakt\/understod-och-gavor\/andring-av-manadsgavan\/anmalan-om-andringar-av-manadsgavan-skickad\/","title":{"rendered":"Anm\u00e4lan om \u00e4ndringar av m\u00e5nadsg\u00e5van skickad"},"content":{"rendered":"<p>Tack! Den nya summan f\u00f6r din m\u00e5nadsg\u00e5va \u00e4r skickad till oss. Tack f\u00f6r ditt st\u00f6d f\u00f6r att hj\u00e4lpa v\u00e4rldens allra fattigaste barn och vuxna!<\/p>\n","protected":false},"excerpt":{"rendered":"<p>Tack! Den nya summan f\u00f6r din m\u00e5nadsg\u00e5va \u00e4r skickad till oss. Tack f\u00f6r ditt st\u00f6d f\u00f6r att hj\u00e4lpa v\u00e4rldens allra fattigaste barn och vuxna!<\/p>\n","protected":false},"author":78,"featured_media":0,"parent":8083,"menu_order":0,"comment_status":"closed","ping_status":"open","template":"","meta":{"_acf_changed":false,"_relevanssi_hide_post":"","_relevanssi_hide_content":"","_relevanssi_pin_for_all":"","_relevanssi_pin_keywords":"","_relevanssi_unpin_keywords":"","_relevanssi_related_keywords":"","_relevanssi_related_include_ids":"","_relevanssi_related_exclude_ids":"","_relevanssi_related_no_append":"","_relevanssi_related_not_related":"","_relevanssi_related_posts":"","_relevanssi_noindex_reason":"","_improvement_type_select":"improve_an_existing","_thumb_yes_seoaic":false,"_frame_yes_seoaic":false,"seoaic_generate_description":"","seoaic_improve_instructions_prompt":"","seoaic_rollback_content_improvement":"","seoaic_idea_thumbnail_generator":"","thumbnail_generated":false,"thumbnail_generate_prompt":"","seoaic_article_description":"","footnotes":""},"class_list":["post-24067","page","type-page","status-publish","hentry"],"acf":[],"yoast_head":"<!-- This site is optimized with the Yoast SEO plugin v26.9 - https:\/\/yoast.com\/product\/yoast-seo-wordpress\/ -->\n<title>Anm\u00e4lan om \u00e4ndringar av m\u00e5nadsg\u00e5van skickad - Kyrkans Utlandshj\u00e4lp<\/title>\n<meta name=\"robots\" content=\"index, follow, max-snippet:-1, max-image-preview:large, max-video-preview:-1\" \/>\n<link rel=\"canonical\" href=\"https:\/\/www.kirkonulkomaanapu.fi\/sv\/kontakt\/understod-och-gavor\/andring-av-manadsgavan\/anmalan-om-andringar-av-manadsgavan-skickad\/\" \/>\n<meta property=\"og:locale\" content=\"sv_SE\" \/>\n<meta property=\"og:type\" content=\"article\" \/>\n<meta property=\"og:title\" content=\"Anm\u00e4lan om \u00e4ndringar av m\u00e5nadsg\u00e5van skickad - Kyrkans Utlandshj\u00e4lp\" \/>\n<meta property=\"og:description\" content=\"Tack! Den nya summan f\u00f6r din m\u00e5nadsg\u00e5va \u00e4r skickad till oss. Tack f\u00f6r ditt st\u00f6d f\u00f6r att hj\u00e4lpa v\u00e4rldens allra fattigaste barn och vuxna!\" \/>\n<meta property=\"og:url\" content=\"https:\/\/www.kirkonulkomaanapu.fi\/sv\/kontakt\/understod-och-gavor\/andring-av-manadsgavan\/anmalan-om-andringar-av-manadsgavan-skickad\/\" \/>\n<meta property=\"og:site_name\" content=\"Kyrkans Utlandshj\u00e4lp\" \/>\n<meta property=\"article:publisher\" content=\"https:\/\/www.facebook.com\/Ulkomaanapu\/\" \/>\n<meta property=\"og:image\" content=\"https:\/\/www.kirkonulkomaanapu.fi\/wp-content\/uploads\/2026\/02\/Kirkon-ulkomaanapu-logo.png\" \/>\n\t<meta property=\"og:image:width\" content=\"225\" \/>\n\t<meta property=\"og:image:height\" content=\"225\" \/>\n\t<meta property=\"og:image:type\" content=\"image\/png\" \/>\n<script type=\"application\/ld+json\" class=\"yoast-schema-graph\">{\"@context\":\"https:\/\/schema.org\",\"@graph\":[{\"@type\":\"WebPage\",\"@id\":\"https:\/\/www.kirkonulkomaanapu.fi\/sv\/kontakt\/understod-och-gavor\/andring-av-manadsgavan\/anmalan-om-andringar-av-manadsgavan-skickad\/\",\"url\":\"https:\/\/www.kirkonulkomaanapu.fi\/sv\/kontakt\/understod-och-gavor\/andring-av-manadsgavan\/anmalan-om-andringar-av-manadsgavan-skickad\/\",\"name\":\"Anm\u00e4lan om \u00e4ndringar av m\u00e5nadsg\u00e5van skickad - Kyrkans Utlandshj\u00e4lp\",\"isPartOf\":{\"@id\":\"https:\/\/www.kirkonulkomaanapu.fi\/#website\"},\"datePublished\":\"2014-05-13T11:34:24+00:00\",\"breadcrumb\":{\"@id\":\"https:\/\/www.kirkonulkomaanapu.fi\/sv\/kontakt\/understod-och-gavor\/andring-av-manadsgavan\/anmalan-om-andringar-av-manadsgavan-skickad\/#breadcrumb\"},\"inLanguage\":\"sv-SE\",\"potentialAction\":[{\"@type\":\"ReadAction\",\"target\":[\"https:\/\/www.kirkonulkomaanapu.fi\/sv\/kontakt\/understod-och-gavor\/andring-av-manadsgavan\/anmalan-om-andringar-av-manadsgavan-skickad\/\"]}]},{\"@type\":\"BreadcrumbList\",\"@id\":\"https:\/\/www.kirkonulkomaanapu.fi\/sv\/kontakt\/understod-och-gavor\/andring-av-manadsgavan\/anmalan-om-andringar-av-manadsgavan-skickad\/#breadcrumb\",\"itemListElement\":[{\"@type\":\"ListItem\",\"position\":1,\"name\":\"Home\",\"item\":\"https:\/\/www.kirkonulkomaanapu.fi\/sv\/\"},{\"@type\":\"ListItem\",\"position\":2,\"name\":\"Kontakt\",\"item\":\"https:\/\/www.kirkonulkomaanapu.fi\/sv\/kontakt\/\"},{\"@type\":\"ListItem\",\"position\":3,\"name\":\"Underst\u00f6d och donationer\",\"item\":\"https:\/\/www.kirkonulkomaanapu.fi\/sv\/kontakt\/understod-och-gavor\/\"},{\"@type\":\"ListItem\",\"position\":4,\"name\":\"\u00c4ndring av m\u00e5nadsg\u00e5van\",\"item\":\"https:\/\/www.kirkonulkomaanapu.fi\/sv\/kontakt\/understod-och-gavor\/andring-av-manadsgavan\/\"},{\"@type\":\"ListItem\",\"position\":5,\"name\":\"Anm\u00e4lan om \u00e4ndringar av m\u00e5nadsg\u00e5van skickad\"}]},{\"@type\":\"WebSite\",\"@id\":\"https:\/\/www.kirkonulkomaanapu.fi\/#website\",\"url\":\"https:\/\/www.kirkonulkomaanapu.fi\/\",\"name\":\"Kirkon Ulkomaanapu\",\"description\":\"Suomen suurin kehitysyhteisty\u00f6j\u00e4rjest\u00f6\",\"publisher\":{\"@id\":\"https:\/\/www.kirkonulkomaanapu.fi\/#organization\"},\"alternateName\":\"KUA\",\"potentialAction\":[{\"@type\":\"SearchAction\",\"target\":{\"@type\":\"EntryPoint\",\"urlTemplate\":\"https:\/\/www.kirkonulkomaanapu.fi\/?s={search_term_string}\"},\"query-input\":{\"@type\":\"PropertyValueSpecification\",\"valueRequired\":true,\"valueName\":\"search_term_string\"}}],\"inLanguage\":\"sv-SE\"},{\"@type\":\"Organization\",\"@id\":\"https:\/\/www.kirkonulkomaanapu.fi\/#organization\",\"name\":\"Kirkon Ulkomaanapu\",\"alternateName\":\"KUA\",\"url\":\"https:\/\/www.kirkonulkomaanapu.fi\/\",\"logo\":{\"@type\":\"ImageObject\",\"inLanguage\":\"sv-SE\",\"@id\":\"https:\/\/www.kirkonulkomaanapu.fi\/#\/schema\/logo\/image\/\",\"url\":\"https:\/\/www.kirkonulkomaanapu.fi\/wp-content\/uploads\/2026\/02\/Kirkon-ulkomaanapu-logo-1.png\",\"contentUrl\":\"https:\/\/www.kirkonulkomaanapu.fi\/wp-content\/uploads\/2026\/02\/Kirkon-ulkomaanapu-logo-1.png\",\"width\":225,\"height\":225,\"caption\":\"Kirkon Ulkomaanapu\"},\"image\":{\"@id\":\"https:\/\/www.kirkonulkomaanapu.fi\/#\/schema\/logo\/image\/\"},\"sameAs\":[\"https:\/\/www.facebook.com\/Ulkomaanapu\/\",\"https:\/\/www.youtube.com\/user\/kirkonulkomaanapu\",\"https:\/\/instagram.com\/kirkon_ulkomaanapu\/\",\"https:\/\/www.linkedin.com\/company\/finn-church-aid\/\"]}]}<\/script>\n<!-- \/ Yoast SEO plugin. -->","yoast_head_json":{"title":"Anm\u00e4lan om \u00e4ndringar av m\u00e5nadsg\u00e5van skickad - Kyrkans Utlandshj\u00e4lp","robots":{"index":"index","follow":"follow","max-snippet":"max-snippet:-1","max-image-preview":"max-image-preview:large","max-video-preview":"max-video-preview:-1"},"canonical":"https:\/\/www.kirkonulkomaanapu.fi\/sv\/kontakt\/understod-och-gavor\/andring-av-manadsgavan\/anmalan-om-andringar-av-manadsgavan-skickad\/","og_locale":"sv_SE","og_type":"article","og_title":"Anm\u00e4lan om \u00e4ndringar av m\u00e5nadsg\u00e5van skickad - Kyrkans Utlandshj\u00e4lp","og_description":"Tack! Den nya summan f\u00f6r din m\u00e5nadsg\u00e5va \u00e4r skickad till oss. Tack f\u00f6r ditt st\u00f6d f\u00f6r att hj\u00e4lpa v\u00e4rldens allra fattigaste barn och vuxna!","og_url":"https:\/\/www.kirkonulkomaanapu.fi\/sv\/kontakt\/understod-och-gavor\/andring-av-manadsgavan\/anmalan-om-andringar-av-manadsgavan-skickad\/","og_site_name":"Kyrkans Utlandshj\u00e4lp","article_publisher":"https:\/\/www.facebook.com\/Ulkomaanapu\/","og_image":[{"width":225,"height":225,"url":"https:\/\/www.kirkonulkomaanapu.fi\/wp-content\/uploads\/2026\/02\/Kirkon-ulkomaanapu-logo.png","type":"image\/png"}],"schema":{"@context":"https:\/\/schema.org","@graph":[{"@type":"WebPage","@id":"https:\/\/www.kirkonulkomaanapu.fi\/sv\/kontakt\/understod-och-gavor\/andring-av-manadsgavan\/anmalan-om-andringar-av-manadsgavan-skickad\/","url":"https:\/\/www.kirkonulkomaanapu.fi\/sv\/kontakt\/understod-och-gavor\/andring-av-manadsgavan\/anmalan-om-andringar-av-manadsgavan-skickad\/","name":"Anm\u00e4lan om \u00e4ndringar av m\u00e5nadsg\u00e5van skickad - Kyrkans Utlandshj\u00e4lp","isPartOf":{"@id":"https:\/\/www.kirkonulkomaanapu.fi\/#website"},"datePublished":"2014-05-13T11:34:24+00:00","breadcrumb":{"@id":"https:\/\/www.kirkonulkomaanapu.fi\/sv\/kontakt\/understod-och-gavor\/andring-av-manadsgavan\/anmalan-om-andringar-av-manadsgavan-skickad\/#breadcrumb"},"inLanguage":"sv-SE","potentialAction":[{"@type":"ReadAction","target":["https:\/\/www.kirkonulkomaanapu.fi\/sv\/kontakt\/understod-och-gavor\/andring-av-manadsgavan\/anmalan-om-andringar-av-manadsgavan-skickad\/"]}]},{"@type":"BreadcrumbList","@id":"https:\/\/www.kirkonulkomaanapu.fi\/sv\/kontakt\/understod-och-gavor\/andring-av-manadsgavan\/anmalan-om-andringar-av-manadsgavan-skickad\/#breadcrumb","itemListElement":[{"@type":"ListItem","position":1,"name":"Home","item":"https:\/\/www.kirkonulkomaanapu.fi\/sv\/"},{"@type":"ListItem","position":2,"name":"Kontakt","item":"https:\/\/www.kirkonulkomaanapu.fi\/sv\/kontakt\/"},{"@type":"ListItem","position":3,"name":"Underst\u00f6d och donationer","item":"https:\/\/www.kirkonulkomaanapu.fi\/sv\/kontakt\/understod-och-gavor\/"},{"@type":"ListItem","position":4,"name":"\u00c4ndring av m\u00e5nadsg\u00e5van","item":"https:\/\/www.kirkonulkomaanapu.fi\/sv\/kontakt\/understod-och-gavor\/andring-av-manadsgavan\/"},{"@type":"ListItem","position":5,"name":"Anm\u00e4lan om \u00e4ndringar av m\u00e5nadsg\u00e5van skickad"}]},{"@type":"WebSite","@id":"https:\/\/www.kirkonulkomaanapu.fi\/#website","url":"https:\/\/www.kirkonulkomaanapu.fi\/","name":"Kirkon Ulkomaanapu","description":"Suomen suurin kehitysyhteisty\u00f6j\u00e4rjest\u00f6","publisher":{"@id":"https:\/\/www.kirkonulkomaanapu.fi\/#organization"},"alternateName":"KUA","potentialAction":[{"@type":"SearchAction","target":{"@type":"EntryPoint","urlTemplate":"https:\/\/www.kirkonulkomaanapu.fi\/?s={search_term_string}"},"query-input":{"@type":"PropertyValueSpecification","valueRequired":true,"valueName":"search_term_string"}}],"inLanguage":"sv-SE"},{"@type":"Organization","@id":"https:\/\/www.kirkonulkomaanapu.fi\/#organization","name":"Kirkon Ulkomaanapu","alternateName":"KUA","url":"https:\/\/www.kirkonulkomaanapu.fi\/","logo":{"@type":"ImageObject","inLanguage":"sv-SE","@id":"https:\/\/www.kirkonulkomaanapu.fi\/#\/schema\/logo\/image\/","url":"https:\/\/www.kirkonulkomaanapu.fi\/wp-content\/uploads\/2026\/02\/Kirkon-ulkomaanapu-logo-1.png","contentUrl":"https:\/\/www.kirkonulkomaanapu.fi\/wp-content\/uploads\/2026\/02\/Kirkon-ulkomaanapu-logo-1.png","width":225,"height":225,"caption":"Kirkon Ulkomaanapu"},"image":{"@id":"https:\/\/www.kirkonulkomaanapu.fi\/#\/schema\/logo\/image\/"},"sameAs":["https:\/\/www.facebook.com\/Ulkomaanapu\/","https:\/\/www.youtube.com\/user\/kirkonulkomaanapu","https:\/\/instagram.com\/kirkon_ulkomaanapu\/","https:\/\/www.linkedin.com\/company\/finn-church-aid\/"]}]}},"_links":{"self":[{"href":"https:\/\/www.kirkonulkomaanapu.fi\/sv\/wp-json\/wp\/v2\/pages\/24067","targetHints":{"allow":["GET"]}}],"collection":[{"href":"https:\/\/www.kirkonulkomaanapu.fi\/sv\/wp-json\/wp\/v2\/pages"}],"about":[{"href":"https:\/\/www.kirkonulkomaanapu.fi\/sv\/wp-json\/wp\/v2\/types\/page"}],"author":[{"embeddable":true,"href":"https:\/\/www.kirkonulkomaanapu.fi\/sv\/wp-json\/wp\/v2\/users\/78"}],"replies":[{"embeddable":true,"href":"https:\/\/www.kirkonulkomaanapu.fi\/sv\/wp-json\/wp\/v2\/comments?post=24067"}],"version-history":[{"count":1,"href":"https:\/\/www.kirkonulkomaanapu.fi\/sv\/wp-json\/wp\/v2\/pages\/24067\/revisions"}],"predecessor-version":[{"id":24068,"href":"https:\/\/www.kirkonulkomaanapu.fi\/sv\/wp-json\/wp\/v2\/pages\/24067\/revisions\/24068"}],"up":[{"embeddable":true,"href":"https:\/\/www.kirkonulkomaanapu.fi\/sv\/wp-json\/wp\/v2\/pages\/8083"}],"wp:attachment":[{"href":"https:\/\/www.kirkonulkomaanapu.fi\/sv\/wp-json\/wp\/v2\/media?parent=24067"}],"curies":[{"name":"wp","href":"https:\/\/api.w.org\/{rel}","templated":true}]}}