{"id":153050,"date":"2025-02-12T10:39:46","date_gmt":"2025-02-12T08:39:46","guid":{"rendered":"https:\/\/www.kirkonulkomaanapu.fi\/?page_id=153050"},"modified":"2026-03-23T09:35:54","modified_gmt":"2026-03-23T07:35:54","slug":"ukraina","status":"publish","type":"page","link":"https:\/\/www.kirkonulkomaanapu.fi\/sv\/var-vi-jobbar\/ukraina\/","title":{"rendered":"Ukraina"},"content":{"rendered":"\n<h1 class=\"wp-block-heading\">Ukraina<\/h1>\n\n\n\n<p class=\"is-style-ingress\">Kyrkans Utlandshj\u00e4lps arbete i Ukraina fokuserar p\u00e5 utbildning, psykosocialt st\u00f6d och \u00e5teruppbyggnad. Kriget som startade v\u00e5ren 2022 har skadat tusentals och f\u00f6rst\u00f6rt hundratals skolbyggnader.<\/p>\n\n\n\n<figure class=\"wp-block-image size-large\"><img loading=\"lazy\" decoding=\"async\" width=\"1024\" height=\"576\" src=\"https:\/\/www.kirkonulkomaanapu.fi\/wp-content\/uploads\/2023\/02\/FCAmaps-sve-ukraina-1024x576.jpg\" alt=\"\" class=\"wp-image-136749\" srcset=\"https:\/\/www.kirkonulkomaanapu.fi\/wp-content\/uploads\/2023\/02\/FCAmaps-sve-ukraina-1024x576.jpg 1024w, https:\/\/www.kirkonulkomaanapu.fi\/wp-content\/uploads\/2023\/02\/FCAmaps-sve-ukraina-480x270.jpg 480w, https:\/\/www.kirkonulkomaanapu.fi\/wp-content\/uploads\/2023\/02\/FCAmaps-sve-ukraina-768x432.jpg 768w, https:\/\/www.kirkonulkomaanapu.fi\/wp-content\/uploads\/2023\/02\/FCAmaps-sve-ukraina-1536x864.jpg 1536w, https:\/\/www.kirkonulkomaanapu.fi\/wp-content\/uploads\/2023\/02\/FCAmaps-sve-ukraina-316x178.jpg 316w, https:\/\/www.kirkonulkomaanapu.fi\/wp-content\/uploads\/2023\/02\/FCAmaps-sve-ukraina-1920x1080.jpg 1920w, https:\/\/www.kirkonulkomaanapu.fi\/wp-content\/uploads\/2023\/02\/FCAmaps-sve-ukraina.jpg 2048w\" sizes=\"auto, (max-width: 1024px) 100vw, 1024px\" \/><\/figure>\n\n\n\n\n<div class=\"block-content-with-infobox full-width id-block\">\n\t<div class=\"container-lg\">\n\t\t<div class=\"row justify-content-center\">\n\t\t\t<div class=\"col\">\n\t\t\t\t<div class=\"flex-inner inner-blocks entry-content\">\n\t\t\t\t\t\n\n<div class=\"block-inner-blocks inner-blocks entry-content lorem\">\n\t\n\n<p>Kyrkans Utlandshj\u00e4lp reparerar skolor som skadats under kriget. Vi utrustar ocks\u00e5 utbildningsinstitutioner med bombskydd f\u00f6r att n\u00e4rundervisningen ska vara m\u00f6jlig \u2013 ocks\u00e5 under luftangrepp.<\/p>\n\n\n\n<p>Vi utbildar l\u00e4rare och skolpsykologer och investerar i barns och vuxnas psykiska h\u00e4lsa. Vi f\u00f6rser ocks\u00e5 skolorna med den utrustning de beh\u00f6ver, t.ex. f\u00f6r studier och idrott samt och generatorer under elavbrott.&nbsp;<\/p>\n\n\n<\/div>\n\n\n<div class=\"block-inner-blocks inner-blocks entry-content\">\n\t\n\n<figure class=\"wp-block-image size-full\"><img loading=\"lazy\" decoding=\"async\" width=\"128\" height=\"85\" src=\"https:\/\/www.kirkonulkomaanapu.fi\/wp-content\/uploads\/2023\/07\/Flag_of_Ukraine.svg.png\" alt=\"\" class=\"wp-image-142411\"\/><\/figure>\n\n\n\n<h2 class=\"wp-block-heading\"><\/h2>\n\n\n\n<p><strong>Befolkning:<\/strong> 36,4 miljoner <br><strong>Huvudstad:<\/strong> Kiev<br><strong>Valuta:<\/strong> Ukrainska hryvnian<br><strong>Spr\u00e5k:<\/strong> Ukrainska (officiellt) och ryska<br><strong>KUA i Ukraina:<\/strong> fr\u00e5n 2022.<\/p>\n\n\n<\/div>\n\n\t\t\t\t<\/div>\n\t\t\t<\/div>\n\t\t<\/div>\n\t<\/div>\t\n<\/div>\n\n\n\n<h2 class=\"wp-block-heading\"><\/h2>\n","protected":false},"excerpt":{"rendered":"<p>Ukraina Kyrkans Utlandshj\u00e4lps arbete i Ukraina fokuserar p\u00e5 utbildning, psykosocialt st\u00f6d och \u00e5teruppbyggnad. Kriget som startade v\u00e5ren 2022 har skadat tusentals och f\u00f6rst\u00f6rt hundratals skolbyggnader.<\/p>\n","protected":false},"author":137,"featured_media":136749,"parent":97997,"menu_order":0,"comment_status":"closed","ping_status":"closed","template":"page-templates\/missa-toimimme-child.php","meta":{"_acf_changed":false,"_relevanssi_hide_post":"","_relevanssi_hide_content":"","_relevanssi_pin_for_all":"","_relevanssi_pin_keywords":"","_relevanssi_unpin_keywords":"","_relevanssi_related_keywords":"","_relevanssi_related_include_ids":"","_relevanssi_related_exclude_ids":"","_relevanssi_related_no_append":"","_relevanssi_related_not_related":"","_relevanssi_related_posts":"108131,63644,89500","_relevanssi_noindex_reason":"","_improvement_type_select":"improve_an_existing","_thumb_yes_seoaic":false,"_frame_yes_seoaic":false,"seoaic_generate_description":"","seoaic_improve_instructions_prompt":"","seoaic_rollback_content_improvement":"","seoaic_idea_thumbnail_generator":"","thumbnail_generated":false,"thumbnail_generate_prompt":"","seoaic_article_description":"","footnotes":""},"class_list":["post-153050","page","type-page","status-publish","has-post-thumbnail","hentry"],"acf":[],"yoast_head":"<!-- This site is optimized with the Yoast SEO plugin v26.9 - https:\/\/yoast.com\/product\/yoast-seo-wordpress\/ -->\n<title>Ukraina - Kyrkans Utlandshj\u00e4lp - Jobb f\u00f6r m\u00e4nniskorv\u00e4rdet<\/title>\n<meta name=\"description\" content=\"Kyrkans Utlandshj\u00e4lps arbete i Ukraina fokuserar p\u00e5 utbildning, psykosocialt st\u00f6d och \u00e5teruppbyggnad.\" \/>\n<meta name=\"robots\" content=\"index, follow, max-snippet:-1, max-image-preview:large, max-video-preview:-1\" \/>\n<link rel=\"canonical\" href=\"https:\/\/www.kirkonulkomaanapu.fi\/sv\/var-vi-jobbar\/ukraina\/\" \/>\n<meta property=\"og:locale\" content=\"sv_SE\" \/>\n<meta property=\"og:type\" content=\"article\" \/>\n<meta property=\"og:title\" content=\"Ukraina - Kyrkans Utlandshj\u00e4lp - Jobb f\u00f6r m\u00e4nniskorv\u00e4rdet\" \/>\n<meta property=\"og:description\" content=\"Kyrkans Utlandshj\u00e4lps arbete i Ukraina fokuserar p\u00e5 utbildning, psykosocialt st\u00f6d och \u00e5teruppbyggnad.\" \/>\n<meta property=\"og:url\" content=\"https:\/\/www.kirkonulkomaanapu.fi\/sv\/var-vi-jobbar\/ukraina\/\" \/>\n<meta property=\"og:site_name\" content=\"Kyrkans Utlandshj\u00e4lp\" \/>\n<meta property=\"article:publisher\" content=\"https:\/\/www.facebook.com\/Ulkomaanapu\/\" \/>\n<meta property=\"article:modified_time\" content=\"2026-03-23T07:35:54+00:00\" \/>\n<meta property=\"og:image\" content=\"https:\/\/www.kirkonulkomaanapu.fi\/wp-content\/uploads\/2023\/02\/FCAmaps-sve-ukraina.jpg\" \/>\n\t<meta property=\"og:image:width\" content=\"2048\" \/>\n\t<meta property=\"og:image:height\" content=\"1152\" \/>\n\t<meta property=\"og:image:type\" content=\"image\/jpeg\" \/>\n<meta name=\"twitter:label1\" content=\"Ber\u00e4knad l\u00e4stid\" \/>\n\t<meta name=\"twitter:data1\" content=\"2 minuter\" \/>\n<script type=\"application\/ld+json\" class=\"yoast-schema-graph\">{\"@context\":\"https:\/\/schema.org\",\"@graph\":[{\"@type\":\"WebPage\",\"@id\":\"https:\/\/www.kirkonulkomaanapu.fi\/sv\/var-vi-jobbar\/ukraina\/\",\"url\":\"https:\/\/www.kirkonulkomaanapu.fi\/sv\/var-vi-jobbar\/ukraina\/\",\"name\":\"Ukraina - Kyrkans Utlandshj\u00e4lp - Jobb f\u00f6r m\u00e4nniskorv\u00e4rdet\",\"isPartOf\":{\"@id\":\"https:\/\/www.kirkonulkomaanapu.fi\/#website\"},\"primaryImageOfPage\":{\"@id\":\"https:\/\/www.kirkonulkomaanapu.fi\/sv\/var-vi-jobbar\/ukraina\/#primaryimage\"},\"image\":{\"@id\":\"https:\/\/www.kirkonulkomaanapu.fi\/sv\/var-vi-jobbar\/ukraina\/#primaryimage\"},\"thumbnailUrl\":\"https:\/\/www.kirkonulkomaanapu.fi\/wp-content\/uploads\/2023\/02\/FCAmaps-sve-ukraina.jpg\",\"datePublished\":\"2025-02-12T08:39:46+00:00\",\"dateModified\":\"2026-03-23T07:35:54+00:00\",\"description\":\"Kyrkans Utlandshj\u00e4lps arbete i Ukraina fokuserar p\u00e5 utbildning, psykosocialt st\u00f6d och \u00e5teruppbyggnad.\",\"breadcrumb\":{\"@id\":\"https:\/\/www.kirkonulkomaanapu.fi\/sv\/var-vi-jobbar\/ukraina\/#breadcrumb\"},\"inLanguage\":\"sv-SE\",\"potentialAction\":[{\"@type\":\"ReadAction\",\"target\":[\"https:\/\/www.kirkonulkomaanapu.fi\/sv\/var-vi-jobbar\/ukraina\/\"]}]},{\"@type\":\"ImageObject\",\"inLanguage\":\"sv-SE\",\"@id\":\"https:\/\/www.kirkonulkomaanapu.fi\/sv\/var-vi-jobbar\/ukraina\/#primaryimage\",\"url\":\"https:\/\/www.kirkonulkomaanapu.fi\/wp-content\/uploads\/2023\/02\/FCAmaps-sve-ukraina.jpg\",\"contentUrl\":\"https:\/\/www.kirkonulkomaanapu.fi\/wp-content\/uploads\/2023\/02\/FCAmaps-sve-ukraina.jpg\",\"width\":2048,\"height\":1152},{\"@type\":\"BreadcrumbList\",\"@id\":\"https:\/\/www.kirkonulkomaanapu.fi\/sv\/var-vi-jobbar\/ukraina\/#breadcrumb\",\"itemListElement\":[{\"@type\":\"ListItem\",\"position\":1,\"name\":\"Home\",\"item\":\"https:\/\/www.kirkonulkomaanapu.fi\/sv\/\"},{\"@type\":\"ListItem\",\"position\":2,\"name\":\"Var vi jobbar\",\"item\":\"https:\/\/www.kirkonulkomaanapu.fi\/sv\/var-vi-jobbar\/\"},{\"@type\":\"ListItem\",\"position\":3,\"name\":\"Ukraina\"}]},{\"@type\":\"WebSite\",\"@id\":\"https:\/\/www.kirkonulkomaanapu.fi\/#website\",\"url\":\"https:\/\/www.kirkonulkomaanapu.fi\/\",\"name\":\"Kirkon Ulkomaanapu\",\"description\":\"Suomen suurin kehitysyhteisty\u00f6j\u00e4rjest\u00f6\",\"publisher\":{\"@id\":\"https:\/\/www.kirkonulkomaanapu.fi\/#organization\"},\"alternateName\":\"KUA\",\"potentialAction\":[{\"@type\":\"SearchAction\",\"target\":{\"@type\":\"EntryPoint\",\"urlTemplate\":\"https:\/\/www.kirkonulkomaanapu.fi\/?s={search_term_string}\"},\"query-input\":{\"@type\":\"PropertyValueSpecification\",\"valueRequired\":true,\"valueName\":\"search_term_string\"}}],\"inLanguage\":\"sv-SE\"},{\"@type\":\"Organization\",\"@id\":\"https:\/\/www.kirkonulkomaanapu.fi\/#organization\",\"name\":\"Kirkon Ulkomaanapu\",\"alternateName\":\"KUA\",\"url\":\"https:\/\/www.kirkonulkomaanapu.fi\/\",\"logo\":{\"@type\":\"ImageObject\",\"inLanguage\":\"sv-SE\",\"@id\":\"https:\/\/www.kirkonulkomaanapu.fi\/#\/schema\/logo\/image\/\",\"url\":\"https:\/\/www.kirkonulkomaanapu.fi\/wp-content\/uploads\/2026\/02\/Kirkon-ulkomaanapu-logo-1.png\",\"contentUrl\":\"https:\/\/www.kirkonulkomaanapu.fi\/wp-content\/uploads\/2026\/02\/Kirkon-ulkomaanapu-logo-1.png\",\"width\":225,\"height\":225,\"caption\":\"Kirkon Ulkomaanapu\"},\"image\":{\"@id\":\"https:\/\/www.kirkonulkomaanapu.fi\/#\/schema\/logo\/image\/\"},\"sameAs\":[\"https:\/\/www.facebook.com\/Ulkomaanapu\/\",\"https:\/\/www.youtube.com\/user\/kirkonulkomaanapu\",\"https:\/\/instagram.com\/kirkon_ulkomaanapu\/\",\"https:\/\/www.linkedin.com\/company\/finn-church-aid\/\"]}]}<\/script>\n<!-- \/ Yoast SEO plugin. -->","yoast_head_json":{"title":"Ukraina - Kyrkans Utlandshj\u00e4lp - Jobb f\u00f6r m\u00e4nniskorv\u00e4rdet","description":"Kyrkans Utlandshj\u00e4lps arbete i Ukraina fokuserar p\u00e5 utbildning, psykosocialt st\u00f6d och \u00e5teruppbyggnad.","robots":{"index":"index","follow":"follow","max-snippet":"max-snippet:-1","max-image-preview":"max-image-preview:large","max-video-preview":"max-video-preview:-1"},"canonical":"https:\/\/www.kirkonulkomaanapu.fi\/sv\/var-vi-jobbar\/ukraina\/","og_locale":"sv_SE","og_type":"article","og_title":"Ukraina - Kyrkans Utlandshj\u00e4lp - Jobb f\u00f6r m\u00e4nniskorv\u00e4rdet","og_description":"Kyrkans Utlandshj\u00e4lps arbete i Ukraina fokuserar p\u00e5 utbildning, psykosocialt st\u00f6d och \u00e5teruppbyggnad.","og_url":"https:\/\/www.kirkonulkomaanapu.fi\/sv\/var-vi-jobbar\/ukraina\/","og_site_name":"Kyrkans Utlandshj\u00e4lp","article_publisher":"https:\/\/www.facebook.com\/Ulkomaanapu\/","article_modified_time":"2026-03-23T07:35:54+00:00","og_image":[{"width":2048,"height":1152,"url":"https:\/\/www.kirkonulkomaanapu.fi\/wp-content\/uploads\/2023\/02\/FCAmaps-sve-ukraina.jpg","type":"image\/jpeg"}],"twitter_misc":{"Ber\u00e4knad l\u00e4stid":"2 minuter"},"schema":{"@context":"https:\/\/schema.org","@graph":[{"@type":"WebPage","@id":"https:\/\/www.kirkonulkomaanapu.fi\/sv\/var-vi-jobbar\/ukraina\/","url":"https:\/\/www.kirkonulkomaanapu.fi\/sv\/var-vi-jobbar\/ukraina\/","name":"Ukraina - Kyrkans Utlandshj\u00e4lp - Jobb f\u00f6r m\u00e4nniskorv\u00e4rdet","isPartOf":{"@id":"https:\/\/www.kirkonulkomaanapu.fi\/#website"},"primaryImageOfPage":{"@id":"https:\/\/www.kirkonulkomaanapu.fi\/sv\/var-vi-jobbar\/ukraina\/#primaryimage"},"image":{"@id":"https:\/\/www.kirkonulkomaanapu.fi\/sv\/var-vi-jobbar\/ukraina\/#primaryimage"},"thumbnailUrl":"https:\/\/www.kirkonulkomaanapu.fi\/wp-content\/uploads\/2023\/02\/FCAmaps-sve-ukraina.jpg","datePublished":"2025-02-12T08:39:46+00:00","dateModified":"2026-03-23T07:35:54+00:00","description":"Kyrkans Utlandshj\u00e4lps arbete i Ukraina fokuserar p\u00e5 utbildning, psykosocialt st\u00f6d och \u00e5teruppbyggnad.","breadcrumb":{"@id":"https:\/\/www.kirkonulkomaanapu.fi\/sv\/var-vi-jobbar\/ukraina\/#breadcrumb"},"inLanguage":"sv-SE","potentialAction":[{"@type":"ReadAction","target":["https:\/\/www.kirkonulkomaanapu.fi\/sv\/var-vi-jobbar\/ukraina\/"]}]},{"@type":"ImageObject","inLanguage":"sv-SE","@id":"https:\/\/www.kirkonulkomaanapu.fi\/sv\/var-vi-jobbar\/ukraina\/#primaryimage","url":"https:\/\/www.kirkonulkomaanapu.fi\/wp-content\/uploads\/2023\/02\/FCAmaps-sve-ukraina.jpg","contentUrl":"https:\/\/www.kirkonulkomaanapu.fi\/wp-content\/uploads\/2023\/02\/FCAmaps-sve-ukraina.jpg","width":2048,"height":1152},{"@type":"BreadcrumbList","@id":"https:\/\/www.kirkonulkomaanapu.fi\/sv\/var-vi-jobbar\/ukraina\/#breadcrumb","itemListElement":[{"@type":"ListItem","position":1,"name":"Home","item":"https:\/\/www.kirkonulkomaanapu.fi\/sv\/"},{"@type":"ListItem","position":2,"name":"Var vi jobbar","item":"https:\/\/www.kirkonulkomaanapu.fi\/sv\/var-vi-jobbar\/"},{"@type":"ListItem","position":3,"name":"Ukraina"}]},{"@type":"WebSite","@id":"https:\/\/www.kirkonulkomaanapu.fi\/#website","url":"https:\/\/www.kirkonulkomaanapu.fi\/","name":"Kirkon Ulkomaanapu","description":"Suomen suurin kehitysyhteisty\u00f6j\u00e4rjest\u00f6","publisher":{"@id":"https:\/\/www.kirkonulkomaanapu.fi\/#organization"},"alternateName":"KUA","potentialAction":[{"@type":"SearchAction","target":{"@type":"EntryPoint","urlTemplate":"https:\/\/www.kirkonulkomaanapu.fi\/?s={search_term_string}"},"query-input":{"@type":"PropertyValueSpecification","valueRequired":true,"valueName":"search_term_string"}}],"inLanguage":"sv-SE"},{"@type":"Organization","@id":"https:\/\/www.kirkonulkomaanapu.fi\/#organization","name":"Kirkon Ulkomaanapu","alternateName":"KUA","url":"https:\/\/www.kirkonulkomaanapu.fi\/","logo":{"@type":"ImageObject","inLanguage":"sv-SE","@id":"https:\/\/www.kirkonulkomaanapu.fi\/#\/schema\/logo\/image\/","url":"https:\/\/www.kirkonulkomaanapu.fi\/wp-content\/uploads\/2026\/02\/Kirkon-ulkomaanapu-logo-1.png","contentUrl":"https:\/\/www.kirkonulkomaanapu.fi\/wp-content\/uploads\/2026\/02\/Kirkon-ulkomaanapu-logo-1.png","width":225,"height":225,"caption":"Kirkon Ulkomaanapu"},"image":{"@id":"https:\/\/www.kirkonulkomaanapu.fi\/#\/schema\/logo\/image\/"},"sameAs":["https:\/\/www.facebook.com\/Ulkomaanapu\/","https:\/\/www.youtube.com\/user\/kirkonulkomaanapu","https:\/\/instagram.com\/kirkon_ulkomaanapu\/","https:\/\/www.linkedin.com\/company\/finn-church-aid\/"]}]}},"_links":{"self":[{"href":"https:\/\/www.kirkonulkomaanapu.fi\/sv\/wp-json\/wp\/v2\/pages\/153050","targetHints":{"allow":["GET"]}}],"collection":[{"href":"https:\/\/www.kirkonulkomaanapu.fi\/sv\/wp-json\/wp\/v2\/pages"}],"about":[{"href":"https:\/\/www.kirkonulkomaanapu.fi\/sv\/wp-json\/wp\/v2\/types\/page"}],"author":[{"embeddable":true,"href":"https:\/\/www.kirkonulkomaanapu.fi\/sv\/wp-json\/wp\/v2\/users\/137"}],"replies":[{"embeddable":true,"href":"https:\/\/www.kirkonulkomaanapu.fi\/sv\/wp-json\/wp\/v2\/comments?post=153050"}],"version-history":[{"count":3,"href":"https:\/\/www.kirkonulkomaanapu.fi\/sv\/wp-json\/wp\/v2\/pages\/153050\/revisions"}],"predecessor-version":[{"id":160556,"href":"https:\/\/www.kirkonulkomaanapu.fi\/sv\/wp-json\/wp\/v2\/pages\/153050\/revisions\/160556"}],"up":[{"embeddable":true,"href":"https:\/\/www.kirkonulkomaanapu.fi\/sv\/wp-json\/wp\/v2\/pages\/97997"}],"wp:featuredmedia":[{"embeddable":true,"href":"https:\/\/www.kirkonulkomaanapu.fi\/sv\/wp-json\/wp\/v2\/media\/136749"}],"wp:attachment":[{"href":"https:\/\/www.kirkonulkomaanapu.fi\/sv\/wp-json\/wp\/v2\/media?parent=153050"}],"curies":[{"name":"wp","href":"https:\/\/api.w.org\/{rel}","templated":true}]}}