{"id":148410,"date":"2022-06-22T15:40:04","date_gmt":"2022-06-22T12:40:04","guid":{"rendered":"https:\/\/www.kirkonulkomaanapu.fi\/kiitos\/"},"modified":"2024-10-31T08:12:53","modified_gmt":"2024-10-31T06:12:53","slug":"tack","status":"publish","type":"page","link":"https:\/\/www.kirkonulkomaanapu.fi\/sv\/ge-en-gava\/tack\/","title":{"rendered":"Tack"},"content":{"rendered":"\n\n<div class=\"block-donation-success full-width id-block\">\n    <div class=\"container\">\n        <div class=\"row justify-content-center\">\n            <div class=\"col col-12 col-md-8 col-xl-6\">\n                <div class=\"entry-content\">\n                    <!-- <h2 class=\"block-title\">Sammanfattning av donationen<\/h2> -->\n                    \n<h1 class=\"is-style-brush\" style=\"text-align: center\"><span class=\"bg\">\nEtt varmt tack<\/span><br><span class=\"bg\"><span class=\"is-highlighted\">f\u00f6r din donation<\/span>\n<\/span><\/h1><h1 class=\"is-style-brush mobile\" style=\"text-align: center\"><span class=\"bg\">Ett<\/span><span class=\"bg\">varmt<\/span><span class=\"bg\">tack<\/span><span class=\"is-highlighted\"><span class=\"bg\">f\u00f6r<\/span><span class=\"bg\">din<\/span><span class=\"bg\">donation<\/span><\/span><\/h1>\n\n                    <div class=\"donation-info\">\n                        <ul>\n                            <li>\n                                <span>Mitt donations\u00e4ndam\u00e5l:<\/span>\n                                <strong><\/strong>\n                            <\/li>\n                            <li>\n                                <span>Hur ofta jag donerar:<\/span>\n                                <strong><\/strong>\n                            <\/li>\n                            <li>\n                                <span>Beloppet jag valt:<\/span>\n                                <strong>\u20ac<\/strong>\n                            <\/li>\n                        <\/ul>\n                    <\/div>\n\n                    \n                                        <div class=\"links\">\n                                                <a href=\"https:\/\/www.kirkonulkomaanapu.fi\/sv\/kontakt\/\"  class=\"button solid\">Ge feedback<\/a>\n                                                                        <a href=\"https:\/\/www.kirkonulkomaanapu.fi\/sv\/ge-en-gava\/\"  class=\"button\">Ge en ny g\u00e5va<\/a>\n                                            <\/div>\n                                        <div class=\"share\">\n                        <h3>ppmuntra en v\u00e4n att donera och dela insamlingen p\u00e5 sociala medier<\/h3>\n                        \n    <style>\n      .id-share-buttons {\n        display: flex;\n      }\n      .id-share-btn {\n        background: #2e2e2e;\n        color: #fff;\n        cursor: pointer;\n        display: block;\n        min-width: 1.5em;\n        overflow: hidden;\n        text-align: center;\n      }\n      .id-share-btn svg {\n        display: block;\n        height: auto;\n        width: auto;\n      }\n      .id-share-btn path {\n        fill: #fff\n      }\n      .id-share-facebook { background: #3b5998; }\n      .id-share-twitter  { background: #1da1f2; }\n      .id-share-linkedin { background: #0077b5; }\n      .id-share-whatsapp { background: #25d366; }\n      .id-share-copylink { }\n      .id-share-buttons input {\n        cursor: pointer;\n        opacity: 0;\n        position: absolute;\n      }\n    <\/style>\n<div class=\"id-share-buttons\"><a class=\"btn btn-primary id-share-btn id-share-facebook\" href=\"https:\/\/www.facebook.com\/sharer\/sharer.php?u=https%3A%2F%2Fwww.kirkonulkomaanapu.fi%2Fsv%2Fge-en-gava%2F\" target=\"_blank\" onclick=\"javascript:window.open(this.href, '', 'menubar=no,toolbar=no,resizable=yes,scrollbars=yes,height=368,width=600');return false;\"><svg aria-hidden=\"true\" role=\"img\" xmlns=\"http:\/\/www.w3.org\/2000\/svg\" viewBox=\"0 0 58 58\"><path d=\"M40,58V35.57h7.57l1.13-8.78H40V21.2c0-2.54.71-4.26,4.35-4.26H49V9.1a64.2,64.2,0,0,0-6.75-.34C35.56,8.76,31,12.84,31,20.33v6.46H23.45v8.78H31V58Z\"\/><\/svg><\/a><a class=\"btn btn-primary id-share-btn id-share-twitter\" href=\"https:\/\/twitter.com\/intent\/tweet?text=&amp;url=https%3A%2F%2Fwww.kirkonulkomaanapu.fi%2Fsv%2Fge-en-gava%2F\" target=\"_blank\" onclick=\"javascript:window.open(this.href, '', 'menubar=no,toolbar=no,resizable=yes,scrollbars=yes,height=370,width=600');return false;\"><svg aria-hidden=\"true\" role=\"img\" xmlns=\"http:\/\/www.w3.org\/2000\/svg\" viewBox=\"0 0 512 512\"><path d=\"M389.2 48h70.6L305.6 224.2 487 464H345L233.7 318.6 106.5 464H35.8L200.7 275.5 26.8 48H172.4L272.9 180.9 389.2 48zM364.4 421.8h39.1L151.1 88h-42L364.4 421.8z\"\/><\/svg><\/a><a class=\"btn btn-primary id-share-btn id-share-linkedin\" href=\"https:\/\/www.linkedin.com\/shareArticle?mini=true&#038;url=https%3A%2F%2Fwww.kirkonulkomaanapu.fi%2Fsv%2Fge-en-gava%2F\" target=\"_blank\" onclick=\"javascript:window.open(this.href, '', 'menubar=no,toolbar=no,resizable=yes,scrollbars=yes,height=432,width=368');return false;\"><svg aria-hidden=\"true\" role=\"img\" xmlns=\"http:\/\/www.w3.org\/2000\/svg\" viewBox=\"0 0 36 36\"><path d=\"M5.4,13.5h5.35V30.68H5.4ZM8.08,5A3.1,3.1,0,1,1,5,8.05,3.09,3.09,0,0,1,8.08,5\"\/><path class=\"cls-1\" d=\"M14.1,13.5h5.11v2.34h.08a5.6,5.6,0,0,1,5.05-2.77c5.41,0,6.4,3.56,6.4,8.18v9.43H25.41V22.32c0-2,0-4.55-2.78-4.55s-3.2,2.17-3.2,4.41v8.5H14.1Z\"\/><\/svg><\/a><a class=\"btn btn-primary id-share-btn id-share-whatsapp\" href=\"https:\/\/api.whatsapp.com\/send?phone=&#038;text=https%3A%2F%2Fwww.kirkonulkomaanapu.fi%2Fsv%2Fge-en-gava%2F\" target=\"_blank\" ><svg aria-hidden=\"true\" role=\"img\" xmlns=\"http:\/\/www.w3.org\/2000\/svg\" viewBox=\"0 0 360 360\"><path class=\"cls-1\" d=\"M268.54,90.38a123.7,123.7,0,0,0-88.05-36.51C111.88,53.87,56,109.71,56,178.34a124.27,124.27,0,0,0,16.61,62.23L55,305.08l66-17.31a124.47,124.47,0,0,0,59.49,15.15h.05c68.6,0,124.45-55.85,124.47-124.48A123.7,123.7,0,0,0,268.54,90.38ZM180.49,281.89h-.05a103.17,103.17,0,0,1-52.65-14.42L124,265.23,84.85,275.5,95.3,237.32l-2.46-3.91a103.46,103.46,0,1,1,87.65,48.48Zm56.75-77.48c-3.11-1.56-18.4-9.08-21.26-10.12s-4.92-1.56-7,1.55S201,206,199.14,208s-3.63,2.34-6.74.78-13.13-4.84-25-15.44a93.39,93.39,0,0,1-17.3-21.55c-1.82-3.11-.2-4.79,1.36-6.34,1.4-1.4,3.11-3.64,4.66-5.45a21,21,0,0,0,3.11-5.19,5.74,5.74,0,0,0-.25-5.45c-.78-1.56-7-16.87-9.59-23.09s-5.09-5.25-7-5.34-3.89-.11-6-.11a11.44,11.44,0,0,0-8.3,3.89c-2.85,3.11-10.88,10.64-10.88,25.95s11.14,30.1,12.7,32.17,21.93,33.49,53.13,47a181.25,181.25,0,0,0,17.73,6.55,42.74,42.74,0,0,0,19.59,1.23c6-.89,18.4-7.52,21-14.79S244,209.34,243.2,208,240.35,206,237.24,204.41Z\"\/><\/svg><\/a><!-- https:\/\/fontawesome.com\/license --><a class=\"btn btn-primary id-share-btn id-share-copylink\" href=\"https:\/\/www.kirkonulkomaanapu.fi\/sv\/wp-json\/wp\/v2\/pages\/148410\/?q=\/sv\/wp-json\/wp\/v2\/pages\/148410\" target=\"_blank\" title=\"Kopiera sidans webadress\" onclick=\"javascript:id_copy_link.apply(this);return false;\"><input value=\"https:\/\/www.kirkonulkomaanapu.fi\/sv\/wp-json\/wp\/v2\/pages\/148410\/?q=\/sv\/wp-json\/wp\/v2\/pages\/148410\" readonly><svg aria-hidden=\"true\" role=\"img\" xmlns=\"http:\/\/www.w3.org\/2000\/svg\" viewBox=\"0 0 818 818\"><path d=\"M479.61,338.39A151.92,151.92,0,0,1,480,553l-.36.37-67.2,67.2c-59.27,59.27-155.7,59.26-215,0s-59.27-155.7,0-215l37.11-37.1c9.84-9.84,26.78-3.3,27.29,10.6a184.45,184.45,0,0,0,9.69,52.72,16.08,16.08,0,0,1-3.78,16.61l-13.09,13.09c-28,28-28.9,73.66-1.15,102a72.07,72.07,0,0,0,102.32.51L423,496.79A72,72,0,0,0,423,395a75.64,75.64,0,0,0-10.34-8.57,16,16,0,0,1-6.95-12.6A39.86,39.86,0,0,1,417.45,344l21.06-21.05a16.06,16.06,0,0,1,20.58-1.74,152.65,152.65,0,0,1,20.52,17.2ZM620.55,197.45c-59.26-59.26-155.69-59.27-215,0l-67.2,67.2L338,265A152,152,0,0,0,358.91,496.8a16.06,16.06,0,0,0,20.58-1.73L400.55,474a39.81,39.81,0,0,0,11.69-29.81,16,16,0,0,0-6.94-12.6A75,75,0,0,1,395,423a72,72,0,0,1,0-101.83L462.16,254a72.07,72.07,0,0,1,102.32.51c27.75,28.3,26.87,73.93-1.15,102l-13.09,13.09a16.08,16.08,0,0,0-3.78,16.61,184.45,184.45,0,0,1,9.69,52.72c.5,13.9,17.45,20.44,27.29,10.6l37.11-37.1c59.27-59.26,59.27-155.7,0-215Z\"\/><\/svg><\/a><\/div>                    <\/div>\n                                    <\/div>\n            <\/div>\n        <\/div>\n    <\/div>\n<\/div>\n","protected":false},"excerpt":{"rendered":"","protected":false},"author":132,"featured_media":0,"parent":2986,"menu_order":0,"comment_status":"closed","ping_status":"closed","template":"","meta":{"_acf_changed":false,"_relevanssi_hide_post":"","_relevanssi_hide_content":"","_relevanssi_pin_for_all":"","_relevanssi_pin_keywords":"","_relevanssi_unpin_keywords":"","_relevanssi_related_keywords":"","_relevanssi_related_include_ids":"","_relevanssi_related_exclude_ids":"","_relevanssi_related_no_append":"","_relevanssi_related_not_related":"","_relevanssi_related_posts":"121614,148114,63644,129197,142749,121400","_relevanssi_noindex_reason":"","_improvement_type_select":"improve_an_existing","_thumb_yes_seoaic":false,"_frame_yes_seoaic":false,"seoaic_generate_description":"","seoaic_improve_instructions_prompt":"","seoaic_rollback_content_improvement":"","seoaic_idea_thumbnail_generator":"","thumbnail_generated":false,"thumbnail_generate_prompt":"","seoaic_article_description":"","footnotes":""},"class_list":["post-148410","page","type-page","status-publish","hentry"],"acf":[],"yoast_head":"<!-- This site is optimized with the Yoast SEO plugin v26.9 - https:\/\/yoast.com\/product\/yoast-seo-wordpress\/ -->\n<title>Tack - Kyrkans Utlandshj\u00e4lp<\/title>\n<meta name=\"robots\" content=\"index, follow, max-snippet:-1, max-image-preview:large, max-video-preview:-1\" \/>\n<link rel=\"canonical\" href=\"https:\/\/www.kirkonulkomaanapu.fi\/sv\/ge-en-gava\/tack\/\" \/>\n<meta property=\"og:locale\" content=\"sv_SE\" \/>\n<meta property=\"og:type\" content=\"article\" \/>\n<meta property=\"og:title\" content=\"Tack - Kyrkans Utlandshj\u00e4lp\" \/>\n<meta property=\"og:url\" content=\"https:\/\/www.kirkonulkomaanapu.fi\/sv\/ge-en-gava\/tack\/\" \/>\n<meta property=\"og:site_name\" content=\"Kyrkans Utlandshj\u00e4lp\" \/>\n<meta property=\"article:publisher\" content=\"https:\/\/www.facebook.com\/Ulkomaanapu\/\" \/>\n<meta property=\"article:modified_time\" content=\"2024-10-31T06:12:53+00:00\" \/>\n<meta property=\"og:image\" content=\"https:\/\/www.kirkonulkomaanapu.fi\/wp-content\/uploads\/2026\/02\/Kirkon-ulkomaanapu-logo.png\" \/>\n\t<meta property=\"og:image:width\" content=\"225\" \/>\n\t<meta property=\"og:image:height\" content=\"225\" \/>\n\t<meta property=\"og:image:type\" content=\"image\/png\" \/>\n<meta name=\"twitter:label1\" content=\"Ber\u00e4knad l\u00e4stid\" \/>\n\t<meta name=\"twitter:data1\" content=\"1 minut\" \/>\n<script type=\"application\/ld+json\" class=\"yoast-schema-graph\">{\"@context\":\"https:\/\/schema.org\",\"@graph\":[{\"@type\":\"WebPage\",\"@id\":\"https:\/\/www.kirkonulkomaanapu.fi\/sv\/ge-en-gava\/tack\/\",\"url\":\"https:\/\/www.kirkonulkomaanapu.fi\/sv\/ge-en-gava\/tack\/\",\"name\":\"Tack - Kyrkans Utlandshj\u00e4lp\",\"isPartOf\":{\"@id\":\"https:\/\/www.kirkonulkomaanapu.fi\/#website\"},\"datePublished\":\"2022-06-22T12:40:04+00:00\",\"dateModified\":\"2024-10-31T06:12:53+00:00\",\"breadcrumb\":{\"@id\":\"https:\/\/www.kirkonulkomaanapu.fi\/sv\/ge-en-gava\/tack\/#breadcrumb\"},\"inLanguage\":\"sv-SE\",\"potentialAction\":[{\"@type\":\"ReadAction\",\"target\":[\"https:\/\/www.kirkonulkomaanapu.fi\/sv\/ge-en-gava\/tack\/\"]}]},{\"@type\":\"BreadcrumbList\",\"@id\":\"https:\/\/www.kirkonulkomaanapu.fi\/sv\/ge-en-gava\/tack\/#breadcrumb\",\"itemListElement\":[{\"@type\":\"ListItem\",\"position\":1,\"name\":\"Home\",\"item\":\"https:\/\/www.kirkonulkomaanapu.fi\/sv\/\"},{\"@type\":\"ListItem\",\"position\":2,\"name\":\"Ge en g\u00e5va\",\"item\":\"https:\/\/www.kirkonulkomaanapu.fi\/sv\/ge-en-gava\/\"},{\"@type\":\"ListItem\",\"position\":3,\"name\":\"Tack\"}]},{\"@type\":\"WebSite\",\"@id\":\"https:\/\/www.kirkonulkomaanapu.fi\/#website\",\"url\":\"https:\/\/www.kirkonulkomaanapu.fi\/\",\"name\":\"Kirkon Ulkomaanapu\",\"description\":\"Suomen suurin kehitysyhteisty\u00f6j\u00e4rjest\u00f6\",\"publisher\":{\"@id\":\"https:\/\/www.kirkonulkomaanapu.fi\/#organization\"},\"alternateName\":\"KUA\",\"potentialAction\":[{\"@type\":\"SearchAction\",\"target\":{\"@type\":\"EntryPoint\",\"urlTemplate\":\"https:\/\/www.kirkonulkomaanapu.fi\/?s={search_term_string}\"},\"query-input\":{\"@type\":\"PropertyValueSpecification\",\"valueRequired\":true,\"valueName\":\"search_term_string\"}}],\"inLanguage\":\"sv-SE\"},{\"@type\":\"Organization\",\"@id\":\"https:\/\/www.kirkonulkomaanapu.fi\/#organization\",\"name\":\"Kirkon Ulkomaanapu\",\"alternateName\":\"KUA\",\"url\":\"https:\/\/www.kirkonulkomaanapu.fi\/\",\"logo\":{\"@type\":\"ImageObject\",\"inLanguage\":\"sv-SE\",\"@id\":\"https:\/\/www.kirkonulkomaanapu.fi\/#\/schema\/logo\/image\/\",\"url\":\"https:\/\/www.kirkonulkomaanapu.fi\/wp-content\/uploads\/2026\/02\/Kirkon-ulkomaanapu-logo-1.png\",\"contentUrl\":\"https:\/\/www.kirkonulkomaanapu.fi\/wp-content\/uploads\/2026\/02\/Kirkon-ulkomaanapu-logo-1.png\",\"width\":225,\"height\":225,\"caption\":\"Kirkon Ulkomaanapu\"},\"image\":{\"@id\":\"https:\/\/www.kirkonulkomaanapu.fi\/#\/schema\/logo\/image\/\"},\"sameAs\":[\"https:\/\/www.facebook.com\/Ulkomaanapu\/\",\"https:\/\/www.youtube.com\/user\/kirkonulkomaanapu\",\"https:\/\/instagram.com\/kirkon_ulkomaanapu\/\",\"https:\/\/www.linkedin.com\/company\/finn-church-aid\/\"]}]}<\/script>\n<!-- \/ Yoast SEO plugin. -->","yoast_head_json":{"title":"Tack - Kyrkans Utlandshj\u00e4lp","robots":{"index":"index","follow":"follow","max-snippet":"max-snippet:-1","max-image-preview":"max-image-preview:large","max-video-preview":"max-video-preview:-1"},"canonical":"https:\/\/www.kirkonulkomaanapu.fi\/sv\/ge-en-gava\/tack\/","og_locale":"sv_SE","og_type":"article","og_title":"Tack - Kyrkans Utlandshj\u00e4lp","og_url":"https:\/\/www.kirkonulkomaanapu.fi\/sv\/ge-en-gava\/tack\/","og_site_name":"Kyrkans Utlandshj\u00e4lp","article_publisher":"https:\/\/www.facebook.com\/Ulkomaanapu\/","article_modified_time":"2024-10-31T06:12:53+00:00","og_image":[{"width":225,"height":225,"url":"https:\/\/www.kirkonulkomaanapu.fi\/wp-content\/uploads\/2026\/02\/Kirkon-ulkomaanapu-logo.png","type":"image\/png"}],"twitter_misc":{"Ber\u00e4knad l\u00e4stid":"1 minut"},"schema":{"@context":"https:\/\/schema.org","@graph":[{"@type":"WebPage","@id":"https:\/\/www.kirkonulkomaanapu.fi\/sv\/ge-en-gava\/tack\/","url":"https:\/\/www.kirkonulkomaanapu.fi\/sv\/ge-en-gava\/tack\/","name":"Tack - Kyrkans Utlandshj\u00e4lp","isPartOf":{"@id":"https:\/\/www.kirkonulkomaanapu.fi\/#website"},"datePublished":"2022-06-22T12:40:04+00:00","dateModified":"2024-10-31T06:12:53+00:00","breadcrumb":{"@id":"https:\/\/www.kirkonulkomaanapu.fi\/sv\/ge-en-gava\/tack\/#breadcrumb"},"inLanguage":"sv-SE","potentialAction":[{"@type":"ReadAction","target":["https:\/\/www.kirkonulkomaanapu.fi\/sv\/ge-en-gava\/tack\/"]}]},{"@type":"BreadcrumbList","@id":"https:\/\/www.kirkonulkomaanapu.fi\/sv\/ge-en-gava\/tack\/#breadcrumb","itemListElement":[{"@type":"ListItem","position":1,"name":"Home","item":"https:\/\/www.kirkonulkomaanapu.fi\/sv\/"},{"@type":"ListItem","position":2,"name":"Ge en g\u00e5va","item":"https:\/\/www.kirkonulkomaanapu.fi\/sv\/ge-en-gava\/"},{"@type":"ListItem","position":3,"name":"Tack"}]},{"@type":"WebSite","@id":"https:\/\/www.kirkonulkomaanapu.fi\/#website","url":"https:\/\/www.kirkonulkomaanapu.fi\/","name":"Kirkon Ulkomaanapu","description":"Suomen suurin kehitysyhteisty\u00f6j\u00e4rjest\u00f6","publisher":{"@id":"https:\/\/www.kirkonulkomaanapu.fi\/#organization"},"alternateName":"KUA","potentialAction":[{"@type":"SearchAction","target":{"@type":"EntryPoint","urlTemplate":"https:\/\/www.kirkonulkomaanapu.fi\/?s={search_term_string}"},"query-input":{"@type":"PropertyValueSpecification","valueRequired":true,"valueName":"search_term_string"}}],"inLanguage":"sv-SE"},{"@type":"Organization","@id":"https:\/\/www.kirkonulkomaanapu.fi\/#organization","name":"Kirkon Ulkomaanapu","alternateName":"KUA","url":"https:\/\/www.kirkonulkomaanapu.fi\/","logo":{"@type":"ImageObject","inLanguage":"sv-SE","@id":"https:\/\/www.kirkonulkomaanapu.fi\/#\/schema\/logo\/image\/","url":"https:\/\/www.kirkonulkomaanapu.fi\/wp-content\/uploads\/2026\/02\/Kirkon-ulkomaanapu-logo-1.png","contentUrl":"https:\/\/www.kirkonulkomaanapu.fi\/wp-content\/uploads\/2026\/02\/Kirkon-ulkomaanapu-logo-1.png","width":225,"height":225,"caption":"Kirkon Ulkomaanapu"},"image":{"@id":"https:\/\/www.kirkonulkomaanapu.fi\/#\/schema\/logo\/image\/"},"sameAs":["https:\/\/www.facebook.com\/Ulkomaanapu\/","https:\/\/www.youtube.com\/user\/kirkonulkomaanapu","https:\/\/instagram.com\/kirkon_ulkomaanapu\/","https:\/\/www.linkedin.com\/company\/finn-church-aid\/"]}]}},"_links":{"self":[{"href":"https:\/\/www.kirkonulkomaanapu.fi\/sv\/wp-json\/wp\/v2\/pages\/148410","targetHints":{"allow":["GET"]}}],"collection":[{"href":"https:\/\/www.kirkonulkomaanapu.fi\/sv\/wp-json\/wp\/v2\/pages"}],"about":[{"href":"https:\/\/www.kirkonulkomaanapu.fi\/sv\/wp-json\/wp\/v2\/types\/page"}],"author":[{"embeddable":true,"href":"https:\/\/www.kirkonulkomaanapu.fi\/sv\/wp-json\/wp\/v2\/users\/132"}],"replies":[{"embeddable":true,"href":"https:\/\/www.kirkonulkomaanapu.fi\/sv\/wp-json\/wp\/v2\/comments?post=148410"}],"version-history":[{"count":3,"href":"https:\/\/www.kirkonulkomaanapu.fi\/sv\/wp-json\/wp\/v2\/pages\/148410\/revisions"}],"predecessor-version":[{"id":150735,"href":"https:\/\/www.kirkonulkomaanapu.fi\/sv\/wp-json\/wp\/v2\/pages\/148410\/revisions\/150735"}],"up":[{"embeddable":true,"href":"https:\/\/www.kirkonulkomaanapu.fi\/sv\/wp-json\/wp\/v2\/pages\/2986"}],"wp:attachment":[{"href":"https:\/\/www.kirkonulkomaanapu.fi\/sv\/wp-json\/wp\/v2\/media?parent=148410"}],"curies":[{"name":"wp","href":"https:\/\/api.w.org\/{rel}","templated":true}]}}