{"id":147593,"date":"2024-05-03T15:49:34","date_gmt":"2024-05-03T12:49:34","guid":{"rendered":"https:\/\/www.kirkonulkomaanapu.fi\/periksiantamaton\/rauhanrakentaja\/"},"modified":"2024-05-06T12:04:48","modified_gmt":"2024-05-06T09:04:48","slug":"rauhanrakentaja","status":"publish","type":"page","link":"https:\/\/www.kirkonulkomaanapu.fi\/sv\/periksiantamaton\/rauhanrakentaja\/","title":{"rendered":"Fredsbyggare som inte ger upp"},"content":{"rendered":"\n\n\n<div class=\"block-hero full-width id-block\" style=\"background-image: url('https:\/\/www.kirkonulkomaanapu.fi\/wp-content\/uploads\/2022\/02\/3-hloa_artikkelikuva.jpg');\">\n\n\t<div class=\"bg-mobile\" style=\"background-image: url('https:\/\/www.kirkonulkomaanapu.fi\/wp-content\/uploads\/2022\/02\/3-hloa_artikkelikuva-1024x576.jpg');\"><\/div>\n\n\t\n\t<div class=\"curtain\"><\/div>\n\n\t<div class=\"container\">\n\t\t<div class=\"row\">\n\t\t\t<div class=\"col\">\n\t\t\t\t<div class=\"inner-blocks entry-content\">\n\t\t\t\t\t\t\t\t\t\t\t\n<h1 class=\"is-style-brush\" ><span class=\"bg\">\nVI GER INTE UPP\n<\/span><\/h1><h1 class=\"is-style-brush mobile\" ><span class=\"bg\">VI<\/span><span class=\"bg\">GER<\/span><span class=\"bg\">INTE<\/span><span class=\"bg\">UPP<\/span><\/h1>\n\n\t\t\t\t\t\t\t\t\t<\/div>\n\t\t\t<\/div>\n\t\t<\/div>\n\t<\/div>\n<\/div>\n\n\n<div class=\"subpage-navigation id-block full-width\">\n    <div class=\"container-lg\">\n        <div class=\"row\">\n            <div class=\"col\">\n                <ul class=\"pages\">\n                                        <li class=\"page ancestor\">\n                        <a href=\"https:\/\/www.kirkonulkomaanapu.fi\/sv\/periksiantamaton\/\">Periksiantamaton<\/a>\n                    <\/li>\n                    \n                                        <li class=\"page\">\n                        <a href=\"https:\/\/www.kirkonulkomaanapu.fi\/sv\/periksiantamaton\/kumppani-lahettilas\/\">Ambassad\u00f6rer som inte ger upp<\/a>\n                    <\/li>\n                                        <li class=\"page\">\n                        <a href=\"https:\/\/www.kirkonulkomaanapu.fi\/sv\/periksiantamaton\/puolustaja\/\">F\u00f6rsvarare som inte ger upp<\/a>\n                    <\/li>\n                                        <li class=\"page current\">\n                        <a href=\"https:\/\/www.kirkonulkomaanapu.fi\/sv\/periksiantamaton\/rauhanrakentaja\/\">Fredsbyggare som inte ger upp<\/a>\n                    <\/li>\n                                        <li class=\"page\">\n                        <a href=\"https:\/\/www.kirkonulkomaanapu.fi\/sv\/periksiantamaton\/mahdollistaja\/\">G\u00e5vor f\u00f6r att inte ge upp<\/a>\n                    <\/li>\n                                        <li class=\"page\">\n                        <a href=\"https:\/\/www.kirkonulkomaanapu.fi\/sv\/periksiantamaton\/vaikuttaja\/\">P\u00e5verkare som inte ger upp<\/a>\n                    <\/li>\n                                        <li class=\"page\">\n                        <a href=\"https:\/\/www.kirkonulkomaanapu.fi\/sv\/periksiantamaton\/kasvattaja\/\">Pedagoger som inte ger upp<\/a>\n                    <\/li>\n                                    <\/ul>\n            <\/div>\n        <\/div>\n    <\/div>\n<\/div>\n\n\n\n\n\n\n<figure class=\"wp-block-image size-full\"><img loading=\"lazy\" decoding=\"async\" width=\"192\" height=\"192\" src=\"https:\/\/www.kirkonulkomaanapu.fi\/wp-content\/uploads\/2024\/05\/LOGO-SE-verkko.png\" alt=\"\" class=\"wp-image-147749\" srcset=\"https:\/\/www.kirkonulkomaanapu.fi\/wp-content\/uploads\/2024\/05\/LOGO-SE-verkko.png 192w, https:\/\/www.kirkonulkomaanapu.fi\/wp-content\/uploads\/2024\/05\/LOGO-SE-verkko-178x178.png 178w\" sizes=\"auto, (max-width: 192px) 100vw, 192px\" \/><\/figure>\n\n\n\n<p><strong>Fredsbyggare som inte ger upp<\/strong><br><br>F\u00f6r dig \u00e4r en b\u00e4ttre v\u00e4rld inte en om\u00f6jlig tanke. Du vill bygga en r\u00e4ttvisare v\u00e4rld f\u00f6r alla. Du vill bidra med hopp och bygga fred.<br><br>Via EAPPI-programmet kan du fr\u00e4mja m\u00e4nskliga r\u00e4ttigheter p\u00e5 de palestinska omr\u00e5dena. De frivilliga inom EAPPI-programmet \u00e4r neutrala observat\u00f6rer p\u00e5 omr\u00e5det. Deltagande i programmet f\u00f6ruts\u00e4tter f\u00f6rm\u00e5ga att ta hand om utmanande uppgifter i ett konfliktomr\u00e5de.<\/p>\n\n\n\n<p><a href=\"https:\/\/www.eappi.fi\/osallistu\/hae-eappiin\/\">Ans\u00f6k till EAPPI<\/a><\/p>\n","protected":false},"excerpt":{"rendered":"<p>Fredsbyggare som inte ger upp F\u00f6r dig \u00e4r en b\u00e4ttre v\u00e4rld inte en om\u00f6jlig tanke. Du vill bygga en r\u00e4ttvisare v\u00e4rld f\u00f6r alla. Du vill bidra med hopp och bygga fred. Via EAPPI-programmet kan du fr\u00e4mja m\u00e4nskliga r\u00e4ttigheter p\u00e5 de palestinska omr\u00e5dena. De frivilliga inom EAPPI-programmet \u00e4r neutrala observat\u00f6rer p\u00e5 omr\u00e5det. Deltagande i programmet f\u00f6ruts\u00e4tter [&hellip;]<\/p>\n","protected":false},"author":132,"featured_media":0,"parent":147547,"menu_order":0,"comment_status":"closed","ping_status":"closed","template":"page-templates\/periksiantamaton.php","meta":{"_acf_changed":false,"_relevanssi_hide_post":"","_relevanssi_hide_content":"","_relevanssi_pin_for_all":"","_relevanssi_pin_keywords":"","_relevanssi_unpin_keywords":"","_relevanssi_related_keywords":"","_relevanssi_related_include_ids":"","_relevanssi_related_exclude_ids":"","_relevanssi_related_no_append":"","_relevanssi_related_not_related":"","_relevanssi_related_posts":"111361,69838,108503,126925,121635,86869","_relevanssi_noindex_reason":"","_improvement_type_select":"improve_an_existing","_thumb_yes_seoaic":false,"_frame_yes_seoaic":false,"seoaic_generate_description":"","seoaic_improve_instructions_prompt":"","seoaic_rollback_content_improvement":"","seoaic_idea_thumbnail_generator":"","thumbnail_generated":false,"thumbnail_generate_prompt":"","seoaic_article_description":"","footnotes":""},"class_list":["post-147593","page","type-page","status-publish","hentry"],"acf":[],"yoast_head":"<!-- This site is optimized with the Yoast SEO plugin v26.9 - https:\/\/yoast.com\/product\/yoast-seo-wordpress\/ -->\n<title>Fredsbyggare som inte ger upp - Kyrkans Utlandshj\u00e4lp<\/title>\n<meta name=\"robots\" content=\"noindex, nofollow\" \/>\n<meta property=\"og:locale\" content=\"sv_SE\" \/>\n<meta property=\"og:type\" content=\"article\" \/>\n<meta property=\"og:title\" content=\"Fredsbyggare som inte ger upp - Kyrkans Utlandshj\u00e4lp\" \/>\n<meta property=\"og:description\" content=\"Fredsbyggare som inte ger upp F\u00f6r dig \u00e4r en b\u00e4ttre v\u00e4rld inte en om\u00f6jlig tanke. Du vill bygga en r\u00e4ttvisare v\u00e4rld f\u00f6r alla. Du vill bidra med hopp och bygga fred. Via EAPPI-programmet kan du fr\u00e4mja m\u00e4nskliga r\u00e4ttigheter p\u00e5 de palestinska omr\u00e5dena. De frivilliga inom EAPPI-programmet \u00e4r neutrala observat\u00f6rer p\u00e5 omr\u00e5det. Deltagande i programmet f\u00f6ruts\u00e4tter [&hellip;]\" \/>\n<meta property=\"og:url\" content=\"https:\/\/www.kirkonulkomaanapu.fi\/sv\/periksiantamaton\/rauhanrakentaja\/\" \/>\n<meta property=\"og:site_name\" content=\"Kyrkans Utlandshj\u00e4lp\" \/>\n<meta property=\"article:publisher\" content=\"https:\/\/www.facebook.com\/Ulkomaanapu\/\" \/>\n<meta property=\"article:modified_time\" content=\"2024-05-06T09:04:48+00:00\" \/>\n<meta property=\"og:image\" content=\"https:\/\/www.kirkonulkomaanapu.fi\/wp-content\/uploads\/2024\/05\/LOGO-SE-verkko.png\" \/>\n<meta name=\"twitter:label1\" content=\"Ber\u00e4knad l\u00e4stid\" \/>\n\t<meta name=\"twitter:data1\" content=\"1 minut\" \/>\n<script type=\"application\/ld+json\" class=\"yoast-schema-graph\">{\"@context\":\"https:\/\/schema.org\",\"@graph\":[{\"@type\":\"WebPage\",\"@id\":\"https:\/\/www.kirkonulkomaanapu.fi\/sv\/periksiantamaton\/rauhanrakentaja\/\",\"url\":\"https:\/\/www.kirkonulkomaanapu.fi\/sv\/periksiantamaton\/rauhanrakentaja\/\",\"name\":\"Fredsbyggare som inte ger upp - Kyrkans Utlandshj\u00e4lp\",\"isPartOf\":{\"@id\":\"https:\/\/www.kirkonulkomaanapu.fi\/#website\"},\"primaryImageOfPage\":{\"@id\":\"https:\/\/www.kirkonulkomaanapu.fi\/sv\/periksiantamaton\/rauhanrakentaja\/#primaryimage\"},\"image\":{\"@id\":\"https:\/\/www.kirkonulkomaanapu.fi\/sv\/periksiantamaton\/rauhanrakentaja\/#primaryimage\"},\"thumbnailUrl\":\"https:\/\/www.kirkonulkomaanapu.fi\/wp-content\/uploads\/2024\/05\/LOGO-SE-verkko.png\",\"datePublished\":\"2024-05-03T12:49:34+00:00\",\"dateModified\":\"2024-05-06T09:04:48+00:00\",\"breadcrumb\":{\"@id\":\"https:\/\/www.kirkonulkomaanapu.fi\/sv\/periksiantamaton\/rauhanrakentaja\/#breadcrumb\"},\"inLanguage\":\"sv-SE\",\"potentialAction\":[{\"@type\":\"ReadAction\",\"target\":[\"https:\/\/www.kirkonulkomaanapu.fi\/sv\/periksiantamaton\/rauhanrakentaja\/\"]}]},{\"@type\":\"ImageObject\",\"inLanguage\":\"sv-SE\",\"@id\":\"https:\/\/www.kirkonulkomaanapu.fi\/sv\/periksiantamaton\/rauhanrakentaja\/#primaryimage\",\"url\":\"https:\/\/www.kirkonulkomaanapu.fi\/wp-content\/uploads\/2024\/05\/LOGO-SE-verkko.png\",\"contentUrl\":\"https:\/\/www.kirkonulkomaanapu.fi\/wp-content\/uploads\/2024\/05\/LOGO-SE-verkko.png\"},{\"@type\":\"BreadcrumbList\",\"@id\":\"https:\/\/www.kirkonulkomaanapu.fi\/sv\/periksiantamaton\/rauhanrakentaja\/#breadcrumb\",\"itemListElement\":[{\"@type\":\"ListItem\",\"position\":1,\"name\":\"Home\",\"item\":\"https:\/\/www.kirkonulkomaanapu.fi\/sv\/\"},{\"@type\":\"ListItem\",\"position\":2,\"name\":\"Periksiantamaton\",\"item\":\"https:\/\/www.kirkonulkomaanapu.fi\/sv\/periksiantamaton\/\"},{\"@type\":\"ListItem\",\"position\":3,\"name\":\"Fredsbyggare som inte ger upp\"}]},{\"@type\":\"WebSite\",\"@id\":\"https:\/\/www.kirkonulkomaanapu.fi\/#website\",\"url\":\"https:\/\/www.kirkonulkomaanapu.fi\/\",\"name\":\"Kirkon Ulkomaanapu\",\"description\":\"Suomen suurin kehitysyhteisty\u00f6j\u00e4rjest\u00f6\",\"publisher\":{\"@id\":\"https:\/\/www.kirkonulkomaanapu.fi\/#organization\"},\"alternateName\":\"KUA\",\"potentialAction\":[{\"@type\":\"SearchAction\",\"target\":{\"@type\":\"EntryPoint\",\"urlTemplate\":\"https:\/\/www.kirkonulkomaanapu.fi\/?s={search_term_string}\"},\"query-input\":{\"@type\":\"PropertyValueSpecification\",\"valueRequired\":true,\"valueName\":\"search_term_string\"}}],\"inLanguage\":\"sv-SE\"},{\"@type\":\"Organization\",\"@id\":\"https:\/\/www.kirkonulkomaanapu.fi\/#organization\",\"name\":\"Kirkon Ulkomaanapu\",\"alternateName\":\"KUA\",\"url\":\"https:\/\/www.kirkonulkomaanapu.fi\/\",\"logo\":{\"@type\":\"ImageObject\",\"inLanguage\":\"sv-SE\",\"@id\":\"https:\/\/www.kirkonulkomaanapu.fi\/#\/schema\/logo\/image\/\",\"url\":\"https:\/\/www.kirkonulkomaanapu.fi\/wp-content\/uploads\/2026\/02\/Kirkon-ulkomaanapu-logo-1.png\",\"contentUrl\":\"https:\/\/www.kirkonulkomaanapu.fi\/wp-content\/uploads\/2026\/02\/Kirkon-ulkomaanapu-logo-1.png\",\"width\":225,\"height\":225,\"caption\":\"Kirkon Ulkomaanapu\"},\"image\":{\"@id\":\"https:\/\/www.kirkonulkomaanapu.fi\/#\/schema\/logo\/image\/\"},\"sameAs\":[\"https:\/\/www.facebook.com\/Ulkomaanapu\/\",\"https:\/\/www.youtube.com\/user\/kirkonulkomaanapu\",\"https:\/\/instagram.com\/kirkon_ulkomaanapu\/\",\"https:\/\/www.linkedin.com\/company\/finn-church-aid\/\"]}]}<\/script>\n<!-- \/ Yoast SEO plugin. -->","yoast_head_json":{"title":"Fredsbyggare som inte ger upp - Kyrkans Utlandshj\u00e4lp","robots":{"index":"noindex","follow":"nofollow"},"og_locale":"sv_SE","og_type":"article","og_title":"Fredsbyggare som inte ger upp - Kyrkans Utlandshj\u00e4lp","og_description":"Fredsbyggare som inte ger upp F\u00f6r dig \u00e4r en b\u00e4ttre v\u00e4rld inte en om\u00f6jlig tanke. Du vill bygga en r\u00e4ttvisare v\u00e4rld f\u00f6r alla. Du vill bidra med hopp och bygga fred. Via EAPPI-programmet kan du fr\u00e4mja m\u00e4nskliga r\u00e4ttigheter p\u00e5 de palestinska omr\u00e5dena. De frivilliga inom EAPPI-programmet \u00e4r neutrala observat\u00f6rer p\u00e5 omr\u00e5det. Deltagande i programmet f\u00f6ruts\u00e4tter [&hellip;]","og_url":"https:\/\/www.kirkonulkomaanapu.fi\/sv\/periksiantamaton\/rauhanrakentaja\/","og_site_name":"Kyrkans Utlandshj\u00e4lp","article_publisher":"https:\/\/www.facebook.com\/Ulkomaanapu\/","article_modified_time":"2024-05-06T09:04:48+00:00","og_image":[{"url":"https:\/\/www.kirkonulkomaanapu.fi\/wp-content\/uploads\/2024\/05\/LOGO-SE-verkko.png","type":"","width":"","height":""}],"twitter_misc":{"Ber\u00e4knad l\u00e4stid":"1 minut"},"schema":{"@context":"https:\/\/schema.org","@graph":[{"@type":"WebPage","@id":"https:\/\/www.kirkonulkomaanapu.fi\/sv\/periksiantamaton\/rauhanrakentaja\/","url":"https:\/\/www.kirkonulkomaanapu.fi\/sv\/periksiantamaton\/rauhanrakentaja\/","name":"Fredsbyggare som inte ger upp - Kyrkans Utlandshj\u00e4lp","isPartOf":{"@id":"https:\/\/www.kirkonulkomaanapu.fi\/#website"},"primaryImageOfPage":{"@id":"https:\/\/www.kirkonulkomaanapu.fi\/sv\/periksiantamaton\/rauhanrakentaja\/#primaryimage"},"image":{"@id":"https:\/\/www.kirkonulkomaanapu.fi\/sv\/periksiantamaton\/rauhanrakentaja\/#primaryimage"},"thumbnailUrl":"https:\/\/www.kirkonulkomaanapu.fi\/wp-content\/uploads\/2024\/05\/LOGO-SE-verkko.png","datePublished":"2024-05-03T12:49:34+00:00","dateModified":"2024-05-06T09:04:48+00:00","breadcrumb":{"@id":"https:\/\/www.kirkonulkomaanapu.fi\/sv\/periksiantamaton\/rauhanrakentaja\/#breadcrumb"},"inLanguage":"sv-SE","potentialAction":[{"@type":"ReadAction","target":["https:\/\/www.kirkonulkomaanapu.fi\/sv\/periksiantamaton\/rauhanrakentaja\/"]}]},{"@type":"ImageObject","inLanguage":"sv-SE","@id":"https:\/\/www.kirkonulkomaanapu.fi\/sv\/periksiantamaton\/rauhanrakentaja\/#primaryimage","url":"https:\/\/www.kirkonulkomaanapu.fi\/wp-content\/uploads\/2024\/05\/LOGO-SE-verkko.png","contentUrl":"https:\/\/www.kirkonulkomaanapu.fi\/wp-content\/uploads\/2024\/05\/LOGO-SE-verkko.png"},{"@type":"BreadcrumbList","@id":"https:\/\/www.kirkonulkomaanapu.fi\/sv\/periksiantamaton\/rauhanrakentaja\/#breadcrumb","itemListElement":[{"@type":"ListItem","position":1,"name":"Home","item":"https:\/\/www.kirkonulkomaanapu.fi\/sv\/"},{"@type":"ListItem","position":2,"name":"Periksiantamaton","item":"https:\/\/www.kirkonulkomaanapu.fi\/sv\/periksiantamaton\/"},{"@type":"ListItem","position":3,"name":"Fredsbyggare som inte ger upp"}]},{"@type":"WebSite","@id":"https:\/\/www.kirkonulkomaanapu.fi\/#website","url":"https:\/\/www.kirkonulkomaanapu.fi\/","name":"Kirkon Ulkomaanapu","description":"Suomen suurin kehitysyhteisty\u00f6j\u00e4rjest\u00f6","publisher":{"@id":"https:\/\/www.kirkonulkomaanapu.fi\/#organization"},"alternateName":"KUA","potentialAction":[{"@type":"SearchAction","target":{"@type":"EntryPoint","urlTemplate":"https:\/\/www.kirkonulkomaanapu.fi\/?s={search_term_string}"},"query-input":{"@type":"PropertyValueSpecification","valueRequired":true,"valueName":"search_term_string"}}],"inLanguage":"sv-SE"},{"@type":"Organization","@id":"https:\/\/www.kirkonulkomaanapu.fi\/#organization","name":"Kirkon Ulkomaanapu","alternateName":"KUA","url":"https:\/\/www.kirkonulkomaanapu.fi\/","logo":{"@type":"ImageObject","inLanguage":"sv-SE","@id":"https:\/\/www.kirkonulkomaanapu.fi\/#\/schema\/logo\/image\/","url":"https:\/\/www.kirkonulkomaanapu.fi\/wp-content\/uploads\/2026\/02\/Kirkon-ulkomaanapu-logo-1.png","contentUrl":"https:\/\/www.kirkonulkomaanapu.fi\/wp-content\/uploads\/2026\/02\/Kirkon-ulkomaanapu-logo-1.png","width":225,"height":225,"caption":"Kirkon Ulkomaanapu"},"image":{"@id":"https:\/\/www.kirkonulkomaanapu.fi\/#\/schema\/logo\/image\/"},"sameAs":["https:\/\/www.facebook.com\/Ulkomaanapu\/","https:\/\/www.youtube.com\/user\/kirkonulkomaanapu","https:\/\/instagram.com\/kirkon_ulkomaanapu\/","https:\/\/www.linkedin.com\/company\/finn-church-aid\/"]}]}},"_links":{"self":[{"href":"https:\/\/www.kirkonulkomaanapu.fi\/sv\/wp-json\/wp\/v2\/pages\/147593","targetHints":{"allow":["GET"]}}],"collection":[{"href":"https:\/\/www.kirkonulkomaanapu.fi\/sv\/wp-json\/wp\/v2\/pages"}],"about":[{"href":"https:\/\/www.kirkonulkomaanapu.fi\/sv\/wp-json\/wp\/v2\/types\/page"}],"author":[{"embeddable":true,"href":"https:\/\/www.kirkonulkomaanapu.fi\/sv\/wp-json\/wp\/v2\/users\/132"}],"replies":[{"embeddable":true,"href":"https:\/\/www.kirkonulkomaanapu.fi\/sv\/wp-json\/wp\/v2\/comments?post=147593"}],"version-history":[{"count":3,"href":"https:\/\/www.kirkonulkomaanapu.fi\/sv\/wp-json\/wp\/v2\/pages\/147593\/revisions"}],"predecessor-version":[{"id":147763,"href":"https:\/\/www.kirkonulkomaanapu.fi\/sv\/wp-json\/wp\/v2\/pages\/147593\/revisions\/147763"}],"up":[{"embeddable":true,"href":"https:\/\/www.kirkonulkomaanapu.fi\/sv\/wp-json\/wp\/v2\/pages\/147547"}],"wp:attachment":[{"href":"https:\/\/www.kirkonulkomaanapu.fi\/sv\/wp-json\/wp\/v2\/media?parent=147593"}],"curies":[{"name":"wp","href":"https:\/\/api.w.org\/{rel}","templated":true}]}}