{"id":139610,"date":"2023-03-28T19:26:00","date_gmt":"2023-03-28T16:26:00","guid":{"rendered":"https:\/\/www.kirkonulkomaanapu.fi\/?page_id=139610"},"modified":"2023-03-28T19:26:04","modified_gmt":"2023-03-28T16:26:04","slug":"stod-kyrkans-utlandshjalps-arbete","status":"publish","type":"page","link":"https:\/\/www.kirkonulkomaanapu.fi\/sv\/kontakt\/till-forsamlingarna\/kampanjer-och-insamlingar\/stod-kyrkans-utlandshjalps-arbete\/","title":{"rendered":"St\u00f6d Kyrkans Utlandshj\u00e4lps arbete"},"content":{"rendered":"\n\n\n<div class=\"block-hero full-width id-block\" style=\"background-image: url('https:\/\/www.kirkonulkomaanapu.fi\/wp-content\/uploads\/2022\/12\/seurakunnat_hero1.jpg');\">\n\n\t<div class=\"bg-mobile\" style=\"background-image: url('https:\/\/www.kirkonulkomaanapu.fi\/wp-content\/uploads\/2022\/12\/seurakunnat_hero2.jpg');\"><\/div>\n\n\t\n\t<div class=\"curtain\"><\/div>\n\n\t<div class=\"container\">\n\t\t<div class=\"row\">\n\t\t\t<div class=\"col\">\n\t\t\t\t<div class=\"inner-blocks entry-content\">\n\t\t\t\t\t\t\t\t\t\t\t\n<h1 class=\"is-style-brush\" ><span class=\"bg\">\nSt\u00f6d Kyrkans Utlandshj\u00e4lps arbete\n<\/span><\/h1><h1 class=\"is-style-brush mobile\" ><span class=\"bg\">St\u00f6d<\/span><span class=\"bg\">Kyrkans<\/span><span class=\"bg\">Utlandshj\u00e4lps<\/span><span class=\"bg\">arbete<\/span><\/h1>\n\n\t\t\t\t\t\t\t\t\t<\/div>\n\t\t\t<\/div>\n\t\t<\/div>\n\t<\/div>\n<\/div>\n\n\n<div class=\"subpage-navigation id-block full-width\">\n    <div class=\"container-lg\">\n        <div class=\"row\">\n            <div class=\"col\">\n                <ul class=\"pages\">\n                                        <li class=\"page ancestor\">\n                        <a href=\"https:\/\/www.kirkonulkomaanapu.fi\/sv\/kontakt\/\">Kontakt<\/a>\n                    <\/li>\n                                        <li class=\"page ancestor\">\n                        <a href=\"https:\/\/www.kirkonulkomaanapu.fi\/sv\/kontakt\/till-forsamlingarna\/\">Till f\u00f6rsamlingarna<\/a>\n                    <\/li>\n                                        <li class=\"page ancestor\">\n                        <a href=\"https:\/\/www.kirkonulkomaanapu.fi\/sv\/kontakt\/till-forsamlingarna\/kampanjer-och-insamlingar\/\">Kampanjer och insamlingar<\/a>\n                    <\/li>\n                    \n                                        <li class=\"page\">\n                        <a href=\"https:\/\/www.kirkonulkomaanapu.fi\/sv\/kontakt\/till-forsamlingarna\/kampanjer-och-insamlingar\/annorlunda-gava\/\">Annorlunda G\u00e5va<\/a>\n                    <\/li>\n                                        <li class=\"page\">\n                        <a href=\"https:\/\/www.kirkonulkomaanapu.fi\/sv\/kontakt\/till-forsamlingarna\/kampanjer-och-insamlingar\/anvisningar-for-forsamlingsvalets-insamling\/\">Anvisningar f\u00f6r f\u00f6rsamlingsvalets insamling<\/a>\n                    <\/li>\n                                        <li class=\"page\">\n                        <a href=\"https:\/\/www.kirkonulkomaanapu.fi\/sv\/kontakt\/till-forsamlingarna\/kampanjer-och-insamlingar\/ett-samarbete\/\">F\u00f6rsamlingsvalets insamling 2022<\/a>\n                    <\/li>\n                                        <li class=\"page\">\n                        <a href=\"https:\/\/www.kirkonulkomaanapu.fi\/sv\/kontakt\/till-forsamlingarna\/kampanjer-och-insamlingar\/katastrofinsamlingsbossorna\/\">Katastrofinsamlingsb\u00f6ssorna<\/a>\n                    <\/li>\n                                        <li class=\"page\">\n                        <a href=\"https:\/\/www.kirkonulkomaanapu.fi\/sv\/kontakt\/till-forsamlingarna\/kampanjer-och-insamlingar\/kvinnobanken\/\">Kvinnobanken<\/a>\n                    <\/li>\n                                        <li class=\"page current\">\n                        <a href=\"https:\/\/www.kirkonulkomaanapu.fi\/sv\/kontakt\/till-forsamlingarna\/kampanjer-och-insamlingar\/stod-kyrkans-utlandshjalps-arbete\/\">St\u00f6d Kyrkans Utlandshj\u00e4lps arbete<\/a>\n                    <\/li>\n                                        <li class=\"page\">\n                        <a href=\"https:\/\/www.kirkonulkomaanapu.fi\/sv\/kontakt\/till-forsamlingarna\/kampanjer-och-insamlingar\/vandring\/\">Vandring<\/a>\n                    <\/li>\n                                    <\/ul>\n            <\/div>\n        <\/div>\n    <\/div>\n<\/div>\n\n\n\n\n\n\n<p>Kyrkans Utlandshj\u00e4lps uppdrag \u00e4r att f\u00f6rverkliga Evangelisk-lutherska kyrkan i Finland:s internationella diakoni. KUH \u00e4r en r\u00e4ttighets- och trosbaserad organisation som utf\u00f6r utvecklingssamarbete, humanit\u00e4rt bist\u00e5ndsarbete och p\u00e5verkansarbete. KUH verkar d\u00e4r n\u00f6den \u00e4r st\u00f6rst och arbetar med de allra fattigaste utan att se till religion, etnicitet eller politisk \u00f6vertygelse.<br><br>Du kan underst\u00f6da KUH:s arbete genom att donera och ber\u00e4tta om v\u00e5rt arbete. F\u00f6rsamlingarnas och enskilda personers underst\u00f6d g\u00f6r det m\u00f6jligt f\u00f6r oss att reagera snabbt vid katastrofer och att utf\u00f6ra l\u00e5ngsiktigt utvecklingssamarbete tillsammans med lokala akt\u00f6rer.<\/p>\n\n\n\n<p><br><\/p>\n\n\n\n<div class=\"wp-block-columns is-layout-flex wp-container-core-columns-is-layout-9d6595d7 wp-block-columns-is-layout-flex\">\n<div class=\"wp-block-column is-layout-flow wp-block-column-is-layout-flow\">\n<figure class=\"wp-block-image size-large\"><img loading=\"lazy\" decoding=\"async\" width=\"1024\" height=\"1024\" src=\"https:\/\/www.kirkonulkomaanapu.fi\/wp-content\/uploads\/2022\/12\/Ita-Afrikan-nalkakriisi_1080_1080-1024x1024.jpg\" alt=\"\" class=\"wp-image-135802\" srcset=\"https:\/\/www.kirkonulkomaanapu.fi\/wp-content\/uploads\/2022\/12\/Ita-Afrikan-nalkakriisi_1080_1080-1024x1024.jpg 1024w, https:\/\/www.kirkonulkomaanapu.fi\/wp-content\/uploads\/2022\/12\/Ita-Afrikan-nalkakriisi_1080_1080-480x480.jpg 480w, https:\/\/www.kirkonulkomaanapu.fi\/wp-content\/uploads\/2022\/12\/Ita-Afrikan-nalkakriisi_1080_1080-225x225.jpg 225w, https:\/\/www.kirkonulkomaanapu.fi\/wp-content\/uploads\/2022\/12\/Ita-Afrikan-nalkakriisi_1080_1080-768x768.jpg 768w, https:\/\/www.kirkonulkomaanapu.fi\/wp-content\/uploads\/2022\/12\/Ita-Afrikan-nalkakriisi_1080_1080-1536x1536.jpg 1536w, https:\/\/www.kirkonulkomaanapu.fi\/wp-content\/uploads\/2022\/12\/Ita-Afrikan-nalkakriisi_1080_1080-2048x2048.jpg 2048w, https:\/\/www.kirkonulkomaanapu.fi\/wp-content\/uploads\/2022\/12\/Ita-Afrikan-nalkakriisi_1080_1080-178x178.jpg 178w, https:\/\/www.kirkonulkomaanapu.fi\/wp-content\/uploads\/2022\/12\/Ita-Afrikan-nalkakriisi_1080_1080-1920x1920.jpg 1920w\" sizes=\"auto, (max-width: 1024px) 100vw, 1024px\" \/><\/figure>\n<\/div>\n\n\n\n<div class=\"wp-block-column is-layout-flow wp-block-column-is-layout-flow\">\n<h2 class=\"wp-block-heading\">Katastroffonden hj\u00e4lper snabbt i kastatrofsituationer <\/h2>\n\n\n\n<p><\/p>\n\n\n\n<p>Donera ett valfritt belopp<br>med MobilePay <br>till numret <strong>15478<\/strong><\/p>\n\n\n\n<p><br><\/p>\n<\/div>\n<\/div>\n\n\n\n<div class=\"wp-block-columns is-layout-flex wp-container-core-columns-is-layout-9d6595d7 wp-block-columns-is-layout-flex\">\n<div class=\"wp-block-column is-layout-flow wp-block-column-is-layout-flow\">\n<figure class=\"wp-block-image size-large\"><img loading=\"lazy\" decoding=\"async\" width=\"1024\" height=\"1024\" src=\"https:\/\/www.kirkonulkomaanapu.fi\/wp-content\/uploads\/2022\/10\/HughR-0951_1080x1080-1024x1024.jpg\" alt=\"Opettaja osoittaa liitutaululle Ugandassa. Kuva: Hugh Rutherford\" class=\"wp-image-134426\" srcset=\"https:\/\/www.kirkonulkomaanapu.fi\/wp-content\/uploads\/2022\/10\/HughR-0951_1080x1080-1024x1024.jpg 1024w, https:\/\/www.kirkonulkomaanapu.fi\/wp-content\/uploads\/2022\/10\/HughR-0951_1080x1080-480x480.jpg 480w, https:\/\/www.kirkonulkomaanapu.fi\/wp-content\/uploads\/2022\/10\/HughR-0951_1080x1080-225x225.jpg 225w, https:\/\/www.kirkonulkomaanapu.fi\/wp-content\/uploads\/2022\/10\/HughR-0951_1080x1080-768x768.jpg 768w, https:\/\/www.kirkonulkomaanapu.fi\/wp-content\/uploads\/2022\/10\/HughR-0951_1080x1080-178x178.jpg 178w, https:\/\/www.kirkonulkomaanapu.fi\/wp-content\/uploads\/2022\/10\/HughR-0951_1080x1080.jpg 1080w\" sizes=\"auto, (max-width: 1024px) 100vw, 1024px\" \/><\/figure>\n<\/div>\n\n\n\n<div class=\"wp-block-column is-layout-flow wp-block-column-is-layout-flow\">\n<h2 class=\"wp-block-heading\">Underst\u00f6d v\u00e5rt arbete f\u00f6r utbildning och utkomst<\/h2>\n\n\n\n<p><\/p>\n\n\n\n<p>Donera ett valfritt belopp<br>med MobilePay <br>till numret <strong>88051<\/strong><\/p>\n<\/div>\n<\/div>\n\n\n\n<div class=\"wp-block-columns is-layout-flex wp-container-core-columns-is-layout-9d6595d7 wp-block-columns-is-layout-flex\">\n<div class=\"wp-block-column is-layout-flow wp-block-column-is-layout-flow\">\n<figure class=\"wp-block-image size-large\"><img loading=\"lazy\" decoding=\"async\" width=\"1024\" height=\"1024\" src=\"https:\/\/www.kirkonulkomaanapu.fi\/wp-content\/uploads\/2022\/10\/ukraina_kerays_1080_1080-3-1024x1024.jpg\" alt=\"\" class=\"wp-image-134262\" srcset=\"https:\/\/www.kirkonulkomaanapu.fi\/wp-content\/uploads\/2022\/10\/ukraina_kerays_1080_1080-3-1024x1024.jpg 1024w, https:\/\/www.kirkonulkomaanapu.fi\/wp-content\/uploads\/2022\/10\/ukraina_kerays_1080_1080-3-480x480.jpg 480w, https:\/\/www.kirkonulkomaanapu.fi\/wp-content\/uploads\/2022\/10\/ukraina_kerays_1080_1080-3-225x225.jpg 225w, https:\/\/www.kirkonulkomaanapu.fi\/wp-content\/uploads\/2022\/10\/ukraina_kerays_1080_1080-3-768x768.jpg 768w, https:\/\/www.kirkonulkomaanapu.fi\/wp-content\/uploads\/2022\/10\/ukraina_kerays_1080_1080-3-1536x1536.jpg 1536w, https:\/\/www.kirkonulkomaanapu.fi\/wp-content\/uploads\/2022\/10\/ukraina_kerays_1080_1080-3-2048x2048.jpg 2048w, https:\/\/www.kirkonulkomaanapu.fi\/wp-content\/uploads\/2022\/10\/ukraina_kerays_1080_1080-3-178x178.jpg 178w, https:\/\/www.kirkonulkomaanapu.fi\/wp-content\/uploads\/2022\/10\/ukraina_kerays_1080_1080-3-1920x1920.jpg 1920w\" sizes=\"auto, (max-width: 1024px) 100vw, 1024px\" \/><\/figure>\n<\/div>\n\n\n\n<div class=\"wp-block-column is-layout-flow wp-block-column-is-layout-flow\">\n<h2 class=\"wp-block-heading\">Till Ukraina beh\u00f6vs fortfarande underst\u00f6d<\/h2>\n\n\n\n<p><\/p>\n\n\n\n<p>Donera ett valfritt belopp<br>med MobilePay <br>till numret <strong>74777<\/strong><\/p>\n<\/div>\n<\/div>\n\n\n\n<h2 class=\"wp-block-heading\">L\u00e4s mer om v\u00e5rt arbete <\/h2>\n\n\n\n<ul class=\"wp-block-list\">\n<li><a href=\"https:\/\/www.kirkonulkomaanapu.fi\/wp-content\/uploads\/2023\/02\/KUA_tp_sv_2020.pdf\" target=\"_blank\" rel=\"noreferrer noopener\">Bekanta dig med v\u00e5r teologiska grund<\/a><\/li>\n\n\n\n<li><a href=\"https:\/\/www.kirkonulkomaanapu.fi\/sv\/aktuellt\/\" target=\"_blank\" rel=\"noreferrer noopener\">L\u00e4s aktuella artiklar<\/a><\/li>\n<\/ul>\n","protected":false},"excerpt":{"rendered":"<p>Kyrkans Utlandshj\u00e4lps uppdrag \u00e4r att f\u00f6rverkliga Evangelisk-lutherska kyrkan i Finland:s internationella diakoni. KUH \u00e4r en r\u00e4ttighets- och trosbaserad organisation som utf\u00f6r utvecklingssamarbete, humanit\u00e4rt bist\u00e5ndsarbete och p\u00e5verkansarbete. KUH verkar d\u00e4r n\u00f6den \u00e4r st\u00f6rst och arbetar med de allra fattigaste utan att se till religion, etnicitet eller politisk \u00f6vertygelse. Du kan underst\u00f6da KUH:s arbete genom att donera [&hellip;]<\/p>\n","protected":false},"author":178,"featured_media":0,"parent":3734,"menu_order":0,"comment_status":"closed","ping_status":"closed","template":"","meta":{"_acf_changed":false,"_relevanssi_hide_post":"","_relevanssi_hide_content":"","_relevanssi_pin_for_all":"","_relevanssi_pin_keywords":"","_relevanssi_unpin_keywords":"","_relevanssi_related_keywords":"","_relevanssi_related_include_ids":"","_relevanssi_related_exclude_ids":"","_relevanssi_related_no_append":"","_relevanssi_related_not_related":"","_relevanssi_related_posts":"83295,74444,74290,93157,62576,75784","_relevanssi_noindex_reason":"","_improvement_type_select":"improve_an_existing","_thumb_yes_seoaic":false,"_frame_yes_seoaic":false,"seoaic_generate_description":"","seoaic_improve_instructions_prompt":"","seoaic_rollback_content_improvement":"","seoaic_idea_thumbnail_generator":"","thumbnail_generated":false,"thumbnail_generate_prompt":"","seoaic_article_description":"","footnotes":""},"class_list":["post-139610","page","type-page","status-publish","hentry"],"acf":[],"yoast_head":"<!-- This site is optimized with the Yoast SEO plugin v26.9 - https:\/\/yoast.com\/product\/yoast-seo-wordpress\/ -->\n<title>St\u00f6d Kyrkans Utlandshj\u00e4lps arbete - Kyrkans Utlandshj\u00e4lp<\/title>\n<meta name=\"description\" content=\"Kirkon Ulkomaanavun teht\u00e4v\u00e4 on toteuttaa kansainv\u00e4list\u00e4 diakoniaa. Tukemalla KUA:n toimintaa mahdollistat sek\u00e4 nopean reagoimisen katastrofitilanteissa ett\u00e4 pitk\u00e4j\u00e4nteisen kehitysyhteisty\u00f6n yhdess\u00e4 paikallisten yhteis\u00f6jen kanssa.\" \/>\n<meta name=\"robots\" content=\"index, follow, max-snippet:-1, max-image-preview:large, max-video-preview:-1\" \/>\n<link rel=\"canonical\" href=\"https:\/\/www.kirkonulkomaanapu.fi\/sv\/kontakt\/till-forsamlingarna\/kampanjer-och-insamlingar\/stod-kyrkans-utlandshjalps-arbete\/\" \/>\n<meta property=\"og:locale\" content=\"sv_SE\" \/>\n<meta property=\"og:type\" content=\"article\" \/>\n<meta property=\"og:title\" content=\"St\u00f6d Kyrkans Utlandshj\u00e4lps arbete - Kyrkans Utlandshj\u00e4lp\" \/>\n<meta property=\"og:description\" content=\"Kirkon Ulkomaanavun teht\u00e4v\u00e4 on toteuttaa kansainv\u00e4list\u00e4 diakoniaa. Tukemalla KUA:n toimintaa mahdollistat sek\u00e4 nopean reagoimisen katastrofitilanteissa ett\u00e4 pitk\u00e4j\u00e4nteisen kehitysyhteisty\u00f6n yhdess\u00e4 paikallisten yhteis\u00f6jen kanssa.\" \/>\n<meta property=\"og:url\" content=\"https:\/\/www.kirkonulkomaanapu.fi\/sv\/kontakt\/till-forsamlingarna\/kampanjer-och-insamlingar\/stod-kyrkans-utlandshjalps-arbete\/\" \/>\n<meta property=\"og:site_name\" content=\"Kyrkans Utlandshj\u00e4lp\" \/>\n<meta property=\"article:publisher\" content=\"https:\/\/www.facebook.com\/Ulkomaanapu\/\" \/>\n<meta property=\"article:modified_time\" content=\"2023-03-28T16:26:04+00:00\" \/>\n<meta property=\"og:image\" content=\"https:\/\/www.kirkonulkomaanapu.fi\/wp-content\/uploads\/2022\/12\/Ita-Afrikan-nalkakriisi_1080_1080-1024x1024.jpg\" \/>\n<meta name=\"twitter:label1\" content=\"Ber\u00e4knad l\u00e4stid\" \/>\n\t<meta name=\"twitter:data1\" content=\"2 minuter\" \/>\n<script type=\"application\/ld+json\" class=\"yoast-schema-graph\">{\"@context\":\"https:\/\/schema.org\",\"@graph\":[{\"@type\":\"WebPage\",\"@id\":\"https:\/\/www.kirkonulkomaanapu.fi\/sv\/kontakt\/till-forsamlingarna\/kampanjer-och-insamlingar\/stod-kyrkans-utlandshjalps-arbete\/\",\"url\":\"https:\/\/www.kirkonulkomaanapu.fi\/sv\/kontakt\/till-forsamlingarna\/kampanjer-och-insamlingar\/stod-kyrkans-utlandshjalps-arbete\/\",\"name\":\"St\u00f6d Kyrkans Utlandshj\u00e4lps arbete - Kyrkans Utlandshj\u00e4lp\",\"isPartOf\":{\"@id\":\"https:\/\/www.kirkonulkomaanapu.fi\/#website\"},\"primaryImageOfPage\":{\"@id\":\"https:\/\/www.kirkonulkomaanapu.fi\/sv\/kontakt\/till-forsamlingarna\/kampanjer-och-insamlingar\/stod-kyrkans-utlandshjalps-arbete\/#primaryimage\"},\"image\":{\"@id\":\"https:\/\/www.kirkonulkomaanapu.fi\/sv\/kontakt\/till-forsamlingarna\/kampanjer-och-insamlingar\/stod-kyrkans-utlandshjalps-arbete\/#primaryimage\"},\"thumbnailUrl\":\"https:\/\/www.kirkonulkomaanapu.fi\/wp-content\/uploads\/2022\/12\/Ita-Afrikan-nalkakriisi_1080_1080-1024x1024.jpg\",\"datePublished\":\"2023-03-28T16:26:00+00:00\",\"dateModified\":\"2023-03-28T16:26:04+00:00\",\"description\":\"Kirkon Ulkomaanavun teht\u00e4v\u00e4 on toteuttaa kansainv\u00e4list\u00e4 diakoniaa. Tukemalla KUA:n toimintaa mahdollistat sek\u00e4 nopean reagoimisen katastrofitilanteissa ett\u00e4 pitk\u00e4j\u00e4nteisen kehitysyhteisty\u00f6n yhdess\u00e4 paikallisten yhteis\u00f6jen kanssa.\",\"breadcrumb\":{\"@id\":\"https:\/\/www.kirkonulkomaanapu.fi\/sv\/kontakt\/till-forsamlingarna\/kampanjer-och-insamlingar\/stod-kyrkans-utlandshjalps-arbete\/#breadcrumb\"},\"inLanguage\":\"sv-SE\",\"potentialAction\":[{\"@type\":\"ReadAction\",\"target\":[\"https:\/\/www.kirkonulkomaanapu.fi\/sv\/kontakt\/till-forsamlingarna\/kampanjer-och-insamlingar\/stod-kyrkans-utlandshjalps-arbete\/\"]}]},{\"@type\":\"ImageObject\",\"inLanguage\":\"sv-SE\",\"@id\":\"https:\/\/www.kirkonulkomaanapu.fi\/sv\/kontakt\/till-forsamlingarna\/kampanjer-och-insamlingar\/stod-kyrkans-utlandshjalps-arbete\/#primaryimage\",\"url\":\"https:\/\/www.kirkonulkomaanapu.fi\/wp-content\/uploads\/2022\/12\/Ita-Afrikan-nalkakriisi_1080_1080-1024x1024.jpg\",\"contentUrl\":\"https:\/\/www.kirkonulkomaanapu.fi\/wp-content\/uploads\/2022\/12\/Ita-Afrikan-nalkakriisi_1080_1080-1024x1024.jpg\"},{\"@type\":\"BreadcrumbList\",\"@id\":\"https:\/\/www.kirkonulkomaanapu.fi\/sv\/kontakt\/till-forsamlingarna\/kampanjer-och-insamlingar\/stod-kyrkans-utlandshjalps-arbete\/#breadcrumb\",\"itemListElement\":[{\"@type\":\"ListItem\",\"position\":1,\"name\":\"Home\",\"item\":\"https:\/\/www.kirkonulkomaanapu.fi\/sv\/\"},{\"@type\":\"ListItem\",\"position\":2,\"name\":\"Kontakt\",\"item\":\"https:\/\/www.kirkonulkomaanapu.fi\/sv\/kontakt\/\"},{\"@type\":\"ListItem\",\"position\":3,\"name\":\"Till f\u00f6rsamlingarna\",\"item\":\"https:\/\/www.kirkonulkomaanapu.fi\/sv\/kontakt\/till-forsamlingarna\/\"},{\"@type\":\"ListItem\",\"position\":4,\"name\":\"Kampanjer och insamlingar\",\"item\":\"https:\/\/www.kirkonulkomaanapu.fi\/sv\/kontakt\/till-forsamlingarna\/kampanjer-och-insamlingar\/\"},{\"@type\":\"ListItem\",\"position\":5,\"name\":\"St\u00f6d Kyrkans Utlandshj\u00e4lps arbete\"}]},{\"@type\":\"WebSite\",\"@id\":\"https:\/\/www.kirkonulkomaanapu.fi\/#website\",\"url\":\"https:\/\/www.kirkonulkomaanapu.fi\/\",\"name\":\"Kirkon Ulkomaanapu\",\"description\":\"Suomen suurin kehitysyhteisty\u00f6j\u00e4rjest\u00f6\",\"publisher\":{\"@id\":\"https:\/\/www.kirkonulkomaanapu.fi\/#organization\"},\"alternateName\":\"KUA\",\"potentialAction\":[{\"@type\":\"SearchAction\",\"target\":{\"@type\":\"EntryPoint\",\"urlTemplate\":\"https:\/\/www.kirkonulkomaanapu.fi\/?s={search_term_string}\"},\"query-input\":{\"@type\":\"PropertyValueSpecification\",\"valueRequired\":true,\"valueName\":\"search_term_string\"}}],\"inLanguage\":\"sv-SE\"},{\"@type\":\"Organization\",\"@id\":\"https:\/\/www.kirkonulkomaanapu.fi\/#organization\",\"name\":\"Kirkon Ulkomaanapu\",\"alternateName\":\"KUA\",\"url\":\"https:\/\/www.kirkonulkomaanapu.fi\/\",\"logo\":{\"@type\":\"ImageObject\",\"inLanguage\":\"sv-SE\",\"@id\":\"https:\/\/www.kirkonulkomaanapu.fi\/#\/schema\/logo\/image\/\",\"url\":\"https:\/\/www.kirkonulkomaanapu.fi\/wp-content\/uploads\/2026\/02\/Kirkon-ulkomaanapu-logo-1.png\",\"contentUrl\":\"https:\/\/www.kirkonulkomaanapu.fi\/wp-content\/uploads\/2026\/02\/Kirkon-ulkomaanapu-logo-1.png\",\"width\":225,\"height\":225,\"caption\":\"Kirkon Ulkomaanapu\"},\"image\":{\"@id\":\"https:\/\/www.kirkonulkomaanapu.fi\/#\/schema\/logo\/image\/\"},\"sameAs\":[\"https:\/\/www.facebook.com\/Ulkomaanapu\/\",\"https:\/\/www.youtube.com\/user\/kirkonulkomaanapu\",\"https:\/\/instagram.com\/kirkon_ulkomaanapu\/\",\"https:\/\/www.linkedin.com\/company\/finn-church-aid\/\"]}]}<\/script>\n<!-- \/ Yoast SEO plugin. -->","yoast_head_json":{"title":"St\u00f6d Kyrkans Utlandshj\u00e4lps arbete - Kyrkans Utlandshj\u00e4lp","description":"Kirkon Ulkomaanavun teht\u00e4v\u00e4 on toteuttaa kansainv\u00e4list\u00e4 diakoniaa. Tukemalla KUA:n toimintaa mahdollistat sek\u00e4 nopean reagoimisen katastrofitilanteissa ett\u00e4 pitk\u00e4j\u00e4nteisen kehitysyhteisty\u00f6n yhdess\u00e4 paikallisten yhteis\u00f6jen kanssa.","robots":{"index":"index","follow":"follow","max-snippet":"max-snippet:-1","max-image-preview":"max-image-preview:large","max-video-preview":"max-video-preview:-1"},"canonical":"https:\/\/www.kirkonulkomaanapu.fi\/sv\/kontakt\/till-forsamlingarna\/kampanjer-och-insamlingar\/stod-kyrkans-utlandshjalps-arbete\/","og_locale":"sv_SE","og_type":"article","og_title":"St\u00f6d Kyrkans Utlandshj\u00e4lps arbete - Kyrkans Utlandshj\u00e4lp","og_description":"Kirkon Ulkomaanavun teht\u00e4v\u00e4 on toteuttaa kansainv\u00e4list\u00e4 diakoniaa. Tukemalla KUA:n toimintaa mahdollistat sek\u00e4 nopean reagoimisen katastrofitilanteissa ett\u00e4 pitk\u00e4j\u00e4nteisen kehitysyhteisty\u00f6n yhdess\u00e4 paikallisten yhteis\u00f6jen kanssa.","og_url":"https:\/\/www.kirkonulkomaanapu.fi\/sv\/kontakt\/till-forsamlingarna\/kampanjer-och-insamlingar\/stod-kyrkans-utlandshjalps-arbete\/","og_site_name":"Kyrkans Utlandshj\u00e4lp","article_publisher":"https:\/\/www.facebook.com\/Ulkomaanapu\/","article_modified_time":"2023-03-28T16:26:04+00:00","og_image":[{"url":"https:\/\/www.kirkonulkomaanapu.fi\/wp-content\/uploads\/2022\/12\/Ita-Afrikan-nalkakriisi_1080_1080-1024x1024.jpg","type":"","width":"","height":""}],"twitter_misc":{"Ber\u00e4knad l\u00e4stid":"2 minuter"},"schema":{"@context":"https:\/\/schema.org","@graph":[{"@type":"WebPage","@id":"https:\/\/www.kirkonulkomaanapu.fi\/sv\/kontakt\/till-forsamlingarna\/kampanjer-och-insamlingar\/stod-kyrkans-utlandshjalps-arbete\/","url":"https:\/\/www.kirkonulkomaanapu.fi\/sv\/kontakt\/till-forsamlingarna\/kampanjer-och-insamlingar\/stod-kyrkans-utlandshjalps-arbete\/","name":"St\u00f6d Kyrkans Utlandshj\u00e4lps arbete - Kyrkans Utlandshj\u00e4lp","isPartOf":{"@id":"https:\/\/www.kirkonulkomaanapu.fi\/#website"},"primaryImageOfPage":{"@id":"https:\/\/www.kirkonulkomaanapu.fi\/sv\/kontakt\/till-forsamlingarna\/kampanjer-och-insamlingar\/stod-kyrkans-utlandshjalps-arbete\/#primaryimage"},"image":{"@id":"https:\/\/www.kirkonulkomaanapu.fi\/sv\/kontakt\/till-forsamlingarna\/kampanjer-och-insamlingar\/stod-kyrkans-utlandshjalps-arbete\/#primaryimage"},"thumbnailUrl":"https:\/\/www.kirkonulkomaanapu.fi\/wp-content\/uploads\/2022\/12\/Ita-Afrikan-nalkakriisi_1080_1080-1024x1024.jpg","datePublished":"2023-03-28T16:26:00+00:00","dateModified":"2023-03-28T16:26:04+00:00","description":"Kirkon Ulkomaanavun teht\u00e4v\u00e4 on toteuttaa kansainv\u00e4list\u00e4 diakoniaa. Tukemalla KUA:n toimintaa mahdollistat sek\u00e4 nopean reagoimisen katastrofitilanteissa ett\u00e4 pitk\u00e4j\u00e4nteisen kehitysyhteisty\u00f6n yhdess\u00e4 paikallisten yhteis\u00f6jen kanssa.","breadcrumb":{"@id":"https:\/\/www.kirkonulkomaanapu.fi\/sv\/kontakt\/till-forsamlingarna\/kampanjer-och-insamlingar\/stod-kyrkans-utlandshjalps-arbete\/#breadcrumb"},"inLanguage":"sv-SE","potentialAction":[{"@type":"ReadAction","target":["https:\/\/www.kirkonulkomaanapu.fi\/sv\/kontakt\/till-forsamlingarna\/kampanjer-och-insamlingar\/stod-kyrkans-utlandshjalps-arbete\/"]}]},{"@type":"ImageObject","inLanguage":"sv-SE","@id":"https:\/\/www.kirkonulkomaanapu.fi\/sv\/kontakt\/till-forsamlingarna\/kampanjer-och-insamlingar\/stod-kyrkans-utlandshjalps-arbete\/#primaryimage","url":"https:\/\/www.kirkonulkomaanapu.fi\/wp-content\/uploads\/2022\/12\/Ita-Afrikan-nalkakriisi_1080_1080-1024x1024.jpg","contentUrl":"https:\/\/www.kirkonulkomaanapu.fi\/wp-content\/uploads\/2022\/12\/Ita-Afrikan-nalkakriisi_1080_1080-1024x1024.jpg"},{"@type":"BreadcrumbList","@id":"https:\/\/www.kirkonulkomaanapu.fi\/sv\/kontakt\/till-forsamlingarna\/kampanjer-och-insamlingar\/stod-kyrkans-utlandshjalps-arbete\/#breadcrumb","itemListElement":[{"@type":"ListItem","position":1,"name":"Home","item":"https:\/\/www.kirkonulkomaanapu.fi\/sv\/"},{"@type":"ListItem","position":2,"name":"Kontakt","item":"https:\/\/www.kirkonulkomaanapu.fi\/sv\/kontakt\/"},{"@type":"ListItem","position":3,"name":"Till f\u00f6rsamlingarna","item":"https:\/\/www.kirkonulkomaanapu.fi\/sv\/kontakt\/till-forsamlingarna\/"},{"@type":"ListItem","position":4,"name":"Kampanjer och insamlingar","item":"https:\/\/www.kirkonulkomaanapu.fi\/sv\/kontakt\/till-forsamlingarna\/kampanjer-och-insamlingar\/"},{"@type":"ListItem","position":5,"name":"St\u00f6d Kyrkans Utlandshj\u00e4lps arbete"}]},{"@type":"WebSite","@id":"https:\/\/www.kirkonulkomaanapu.fi\/#website","url":"https:\/\/www.kirkonulkomaanapu.fi\/","name":"Kirkon Ulkomaanapu","description":"Suomen suurin kehitysyhteisty\u00f6j\u00e4rjest\u00f6","publisher":{"@id":"https:\/\/www.kirkonulkomaanapu.fi\/#organization"},"alternateName":"KUA","potentialAction":[{"@type":"SearchAction","target":{"@type":"EntryPoint","urlTemplate":"https:\/\/www.kirkonulkomaanapu.fi\/?s={search_term_string}"},"query-input":{"@type":"PropertyValueSpecification","valueRequired":true,"valueName":"search_term_string"}}],"inLanguage":"sv-SE"},{"@type":"Organization","@id":"https:\/\/www.kirkonulkomaanapu.fi\/#organization","name":"Kirkon Ulkomaanapu","alternateName":"KUA","url":"https:\/\/www.kirkonulkomaanapu.fi\/","logo":{"@type":"ImageObject","inLanguage":"sv-SE","@id":"https:\/\/www.kirkonulkomaanapu.fi\/#\/schema\/logo\/image\/","url":"https:\/\/www.kirkonulkomaanapu.fi\/wp-content\/uploads\/2026\/02\/Kirkon-ulkomaanapu-logo-1.png","contentUrl":"https:\/\/www.kirkonulkomaanapu.fi\/wp-content\/uploads\/2026\/02\/Kirkon-ulkomaanapu-logo-1.png","width":225,"height":225,"caption":"Kirkon Ulkomaanapu"},"image":{"@id":"https:\/\/www.kirkonulkomaanapu.fi\/#\/schema\/logo\/image\/"},"sameAs":["https:\/\/www.facebook.com\/Ulkomaanapu\/","https:\/\/www.youtube.com\/user\/kirkonulkomaanapu","https:\/\/instagram.com\/kirkon_ulkomaanapu\/","https:\/\/www.linkedin.com\/company\/finn-church-aid\/"]}]}},"_links":{"self":[{"href":"https:\/\/www.kirkonulkomaanapu.fi\/sv\/wp-json\/wp\/v2\/pages\/139610","targetHints":{"allow":["GET"]}}],"collection":[{"href":"https:\/\/www.kirkonulkomaanapu.fi\/sv\/wp-json\/wp\/v2\/pages"}],"about":[{"href":"https:\/\/www.kirkonulkomaanapu.fi\/sv\/wp-json\/wp\/v2\/types\/page"}],"author":[{"embeddable":true,"href":"https:\/\/www.kirkonulkomaanapu.fi\/sv\/wp-json\/wp\/v2\/users\/178"}],"replies":[{"embeddable":true,"href":"https:\/\/www.kirkonulkomaanapu.fi\/sv\/wp-json\/wp\/v2\/comments?post=139610"}],"version-history":[{"count":1,"href":"https:\/\/www.kirkonulkomaanapu.fi\/sv\/wp-json\/wp\/v2\/pages\/139610\/revisions"}],"predecessor-version":[{"id":139611,"href":"https:\/\/www.kirkonulkomaanapu.fi\/sv\/wp-json\/wp\/v2\/pages\/139610\/revisions\/139611"}],"up":[{"embeddable":true,"href":"https:\/\/www.kirkonulkomaanapu.fi\/sv\/wp-json\/wp\/v2\/pages\/3734"}],"wp:attachment":[{"href":"https:\/\/www.kirkonulkomaanapu.fi\/sv\/wp-json\/wp\/v2\/media?parent=139610"}],"curies":[{"name":"wp","href":"https:\/\/api.w.org\/{rel}","templated":true}]}}