{"id":138310,"date":"2023-02-20T15:20:37","date_gmt":"2023-02-20T13:20:37","guid":{"rendered":"https:\/\/www.kirkonulkomaanapu.fi\/?page_id=138310"},"modified":"2026-02-10T16:32:16","modified_gmt":"2026-02-10T14:32:16","slug":"fortroendevalda","status":"publish","type":"page","link":"https:\/\/www.kirkonulkomaanapu.fi\/sv\/kontakt\/till-forsamlingarna\/fortroendevalda\/","title":{"rendered":"F\u00f6rtroendevalda"},"content":{"rendered":"\n\n\n<div class=\"block-hero full-width id-block\" style=\"background-image: url('https:\/\/www.kirkonulkomaanapu.fi\/wp-content\/uploads\/2023\/02\/HughR-0581-scaled.jpg');\">\n\n\t<div class=\"bg-mobile\" style=\"background-image: url('https:\/\/www.kirkonulkomaanapu.fi\/wp-content\/uploads\/2023\/02\/HughR-0581-1024x683.jpg');\"><\/div>\n\n\t\n\t<div class=\"curtain\"><\/div>\n\n\t<div class=\"container\">\n\t\t<div class=\"row\">\n\t\t\t<div class=\"col\">\n\t\t\t\t<div class=\"inner-blocks entry-content\">\n\t\t\t\t\t\t\t\t\t\t\t\n<h1 class=\"is-style-brush\" ><span class=\"bg\">\nKUA \u00e4r den internationella <span class=\"is-highlighted\">diakonins <\/span>redskap\n<\/span><\/h1><h1 class=\"is-style-brush mobile\" ><span class=\"bg\">KUA<\/span><span class=\"bg\">\u00e4r<\/span><span class=\"bg\">den<\/span><span class=\"bg\">internationella<\/span><span class=\"is-highlighted\"><span class=\"bg\">diakonins<\/span> <\/span><span class=\"bg\">redskap<\/span><\/h1>\n\n\t\t\t\t\t\t\t\t\t<\/div>\n\t\t\t<\/div>\n\t\t<\/div>\n\t<\/div>\n<\/div>\n\n\n<div class=\"subpage-navigation id-block full-width\">\n    <div class=\"container-lg\">\n        <div class=\"row\">\n            <div class=\"col\">\n                <ul class=\"pages\">\n                                        <li class=\"page ancestor\">\n                        <a href=\"https:\/\/www.kirkonulkomaanapu.fi\/sv\/kontakt\/\">Kontakt<\/a>\n                    <\/li>\n                                        <li class=\"page ancestor\">\n                        <a href=\"https:\/\/www.kirkonulkomaanapu.fi\/sv\/kontakt\/till-forsamlingarna\/\">Till f\u00f6rsamlingarna<\/a>\n                    <\/li>\n                    \n                                        <li class=\"page current\">\n                        <a href=\"https:\/\/www.kirkonulkomaanapu.fi\/sv\/kontakt\/till-forsamlingarna\/fortroendevalda\/\">F\u00f6rtroendevalda<\/a>\n                    <\/li>\n                                        <li class=\"page\">\n                        <a href=\"https:\/\/www.kirkonulkomaanapu.fi\/sv\/kontakt\/till-forsamlingarna\/kampanjer-och-insamlingar\/\">Kampanjer och insamlingar<\/a>\n                    <\/li>\n                                        <li class=\"page\">\n                        <a href=\"https:\/\/www.kirkonulkomaanapu.fi\/sv\/kontakt\/till-forsamlingarna\/kollekter-och-budgetunderstod\/\">Kollekter och budgetunderst\u00f6d<\/a>\n                    <\/li>\n                                        <li class=\"page\">\n                        <a href=\"https:\/\/www.kirkonulkomaanapu.fi\/sv\/kontakt\/till-forsamlingarna\/materialbanken\/\">Materialbanken<\/a>\n                    <\/li>\n                                        <li class=\"page\">\n                        <a href=\"https:\/\/www.kirkonulkomaanapu.fi\/sv\/kontakt\/till-forsamlingarna\/ombudsarbetet\/\">Ombudsarbetet<\/a>\n                    <\/li>\n                                        <li class=\"page\">\n                        <a href=\"https:\/\/www.kirkonulkomaanapu.fi\/sv\/kontakt\/till-forsamlingarna\/vi-medverkar\/\">Vi medverkar<\/a>\n                    <\/li>\n                                    <\/ul>\n            <\/div>\n        <\/div>\n    <\/div>\n<\/div>\n\n\n\n\n\n\n<p class=\"is-style-ingress\">F\u00f6rsamlingarnas f\u00f6rtroendevalda \u00e4r i nyckelposition n\u00e4r det g\u00e4ller att se till att k\u00e4rleken till n\u00e4stan str\u00e4cker sig utanf\u00f6r landets gr\u00e4nser.<\/p>\n\n\n\n<h2 class=\"wp-block-heading\"><strong>En r\u00e4ttvisare v\u00e4rld byggs tillsammans<\/strong><\/h2>\n\n\n\n<p>De globala utmaningarna och m\u00f6jligheterna utg\u00f6r ocks\u00e5 en de av f\u00f6rsamlingarnas vardag. Kontakten till det internationella f\u00e4ltet syns i gudstj\u00e4nsternas f\u00f6rb\u00f6ner, i kollekterna och i kontakterna med kyrkor, personer och akt\u00f6rer i andra l\u00e4nder. F\u00f6rsamlingarnas ekonomiska underst\u00f6d till missionen och den internationella diakonin \u00e4r en v\u00e4sentlig del ev f\u00f6rsamlingarnas internationella ansvar.<\/p>\n\n\n\n<p>Kyrkans Utlandshj\u00e4lp (KUH) \u00e4r en av avtalsorganisationerna i Evangelisk-lutherska kyrkan i Finland. Med kyrkans mandat utf\u00f6r KUH utvecklingssamarbete, humanit\u00e4rt bist\u00e5ndsarbete och p\u00e5verkansarbete. P\u00e5 s\u00e5 s\u00e4tt f\u00f6rverkligar KUH f\u00f6rsamlingarnas internationella diakoni.<\/p>\n\n\n\n<figure class=\"wp-block-image size-full\"><img loading=\"lazy\" decoding=\"async\" width=\"768\" height=\"594\" src=\"https:\/\/www.kirkonulkomaanapu.fi\/wp-content\/uploads\/2023\/02\/KUH_Medelanskaffningen_2021_web-768x594-1.png\" alt=\"\" class=\"wp-image-138316\" srcset=\"https:\/\/www.kirkonulkomaanapu.fi\/wp-content\/uploads\/2023\/02\/KUH_Medelanskaffningen_2021_web-768x594-1.png 768w, https:\/\/www.kirkonulkomaanapu.fi\/wp-content\/uploads\/2023\/02\/KUH_Medelanskaffningen_2021_web-768x594-1-480x371.png 480w, https:\/\/www.kirkonulkomaanapu.fi\/wp-content\/uploads\/2023\/02\/KUH_Medelanskaffningen_2021_web-768x594-1-230x178.png 230w\" sizes=\"auto, (max-width: 768px) 100vw, 768px\" \/><\/figure>\n\n\n\n<h2 class=\"wp-block-heading\"><strong>Samarbetet med f\u00f6rsamlingarna<\/strong><\/h2>\n\n\n\n<p>F\u00f6rsamlingarnas budgetunderst\u00f6d till Kyrkans Utlandshj\u00e4lp kan anv\u00e4ndas direkt till bist\u00e5ndsarbetet men ocks\u00e5 till sj\u00e4lvfinansieringsandelar som kr\u00e4vs n\u00e4r man ans\u00f6ker om internationell finansiering och statsunderst\u00f6d. P\u00e5 s\u00e5 s\u00e4tt kan KUH m\u00e5ngfaldiga f\u00f6rsamlingarnas underst\u00f6d och d\u00e4rmed hj\u00e4lpa allt fler m\u00e4nniskor.<\/p>\n\n\n\n<p>I varje f\u00f6rsamling har i regel n\u00e5gra anst\u00e4llda ett s\u00e4rskilt ansvar f\u00f6r det som ber\u00f6r den internationella diakonin. Kyrkans Utlandshj\u00e4lp rustar dem med information, fortbildning och material.<\/p>\n\n\n\n<div class=\"wp-block-buttons is-layout-flex wp-block-buttons-is-layout-flex\">\n<div class=\"wp-block-button is-style-solid\"><a class=\"wp-block-button__link wp-element-button\" href=\"https:\/\/www.kirkonulkomaanapu.fi\/wp-content\/uploads\/2023\/02\/KUA_Luottamushenkilo\u2560et_onepager_WEB_090223_SVE.pdf\" target=\"_blank\" rel=\"noreferrer noopener\">Flyer f\u00f6r f\u00f6rtroendevalda (pdf)<\/a><\/div>\n\n\n\n<div class=\"wp-block-button is-style-solid\"><a class=\"wp-block-button__link wp-element-button\" href=\"https:\/\/www.kirkonulkomaanapu.fi\/wp-content\/uploads\/2023\/02\/KUA_tp_sv_2020.pdf\" target=\"_blank\" rel=\"noreferrer noopener\">Teologisk grund (pdf)<\/a><\/div>\n\n\n\n<div class=\"wp-block-button is-style-solid\"><a class=\"wp-block-button__link wp-element-button\" href=\"https:\/\/www.kirkonulkomaanapu.fi\/sv\/om-oss\/styrelsen-och-ekonomin\/\" target=\"_blank\" rel=\"noreferrer noopener\">Ekonomi och f\u00f6rvaltning&nbsp;&nbsp;&nbsp;&nbsp;<strong>&nbsp;&nbsp;<\/strong><\/a><\/div>\n\n\n\n<div class=\"wp-block-button is-style-solid\"><a class=\"wp-block-button__link wp-element-button\" href=\"https:\/\/www.kirkonulkomaanapu.fi\/sv\/var-vi-jobbar\/\" target=\"_blank\" rel=\"noreferrer noopener\">Verksamhetsl\u00e4nder<\/a><\/div>\n\n\n\n<div class=\"wp-block-button is-style-solid\"><a class=\"wp-block-button__link wp-element-button\" href=\"https:\/\/www.kirkonulkomaanapu.fi\/wp-content\/uploads\/2023\/02\/KUH-Riksdagsvalsprogram-2023-1.pdf\" target=\"_blank\" rel=\"noreferrer noopener\">KUH:s riksdagsvalsprogram (pdf)<\/a><\/div>\n<\/div>\n","protected":false},"excerpt":{"rendered":"<p>F\u00f6rsamlingarnas f\u00f6rtroendevalda \u00e4r i nyckelposition n\u00e4r det g\u00e4ller att se till att k\u00e4rleken till n\u00e4stan str\u00e4cker sig utanf\u00f6r landets gr\u00e4nser. En r\u00e4ttvisare v\u00e4rld byggs tillsammans De globala utmaningarna och m\u00f6jligheterna utg\u00f6r ocks\u00e5 en de av f\u00f6rsamlingarnas vardag. Kontakten till det internationella f\u00e4ltet syns i gudstj\u00e4nsternas f\u00f6rb\u00f6ner, i kollekterna och i kontakterna med kyrkor, personer och [&hellip;]<\/p>\n","protected":false},"author":178,"featured_media":0,"parent":2996,"menu_order":1,"comment_status":"closed","ping_status":"closed","template":"","meta":{"_acf_changed":false,"_relevanssi_hide_post":"","_relevanssi_hide_content":"","_relevanssi_pin_for_all":"","_relevanssi_pin_keywords":"","_relevanssi_unpin_keywords":"","_relevanssi_related_keywords":"","_relevanssi_related_include_ids":"","_relevanssi_related_exclude_ids":"","_relevanssi_related_no_append":"","_relevanssi_related_not_related":"","_relevanssi_related_posts":"93157,69650,88130,112404,107566,73445","_relevanssi_noindex_reason":"","_improvement_type_select":"improve_an_existing","_thumb_yes_seoaic":false,"_frame_yes_seoaic":false,"seoaic_generate_description":"","seoaic_improve_instructions_prompt":"","seoaic_rollback_content_improvement":"","seoaic_idea_thumbnail_generator":"","thumbnail_generated":false,"thumbnail_generate_prompt":"","seoaic_article_description":"","footnotes":""},"class_list":["post-138310","page","type-page","status-publish","hentry"],"acf":[],"yoast_head":"<!-- This site is optimized with the Yoast SEO plugin v26.9 - https:\/\/yoast.com\/product\/yoast-seo-wordpress\/ -->\n<title>F\u00f6rtroendevalda - Kyrkans Utlandshj\u00e4lp<\/title>\n<meta name=\"robots\" content=\"index, follow, max-snippet:-1, max-image-preview:large, max-video-preview:-1\" \/>\n<link rel=\"canonical\" href=\"https:\/\/www.kirkonulkomaanapu.fi\/sv\/kontakt\/till-forsamlingarna\/fortroendevalda\/\" \/>\n<meta property=\"og:locale\" content=\"sv_SE\" \/>\n<meta property=\"og:type\" content=\"article\" \/>\n<meta property=\"og:title\" content=\"F\u00f6rtroendevalda - Kyrkans Utlandshj\u00e4lp\" \/>\n<meta property=\"og:description\" content=\"F\u00f6rsamlingarnas f\u00f6rtroendevalda \u00e4r i nyckelposition n\u00e4r det g\u00e4ller att se till att k\u00e4rleken till n\u00e4stan str\u00e4cker sig utanf\u00f6r landets gr\u00e4nser. En r\u00e4ttvisare v\u00e4rld byggs tillsammans De globala utmaningarna och m\u00f6jligheterna utg\u00f6r ocks\u00e5 en de av f\u00f6rsamlingarnas vardag. Kontakten till det internationella f\u00e4ltet syns i gudstj\u00e4nsternas f\u00f6rb\u00f6ner, i kollekterna och i kontakterna med kyrkor, personer och [&hellip;]\" \/>\n<meta property=\"og:url\" content=\"https:\/\/www.kirkonulkomaanapu.fi\/sv\/kontakt\/till-forsamlingarna\/fortroendevalda\/\" \/>\n<meta property=\"og:site_name\" content=\"Kyrkans Utlandshj\u00e4lp\" \/>\n<meta property=\"article:publisher\" content=\"https:\/\/www.facebook.com\/Ulkomaanapu\/\" \/>\n<meta property=\"article:modified_time\" content=\"2026-02-10T14:32:16+00:00\" \/>\n<meta property=\"og:image\" content=\"https:\/\/www.kirkonulkomaanapu.fi\/wp-content\/uploads\/2023\/02\/KUH_Medelanskaffningen_2021_web-768x594-1.png\" \/>\n\t<meta property=\"og:image:width\" content=\"768\" \/>\n\t<meta property=\"og:image:height\" content=\"594\" \/>\n\t<meta property=\"og:image:type\" content=\"image\/png\" \/>\n<meta name=\"twitter:label1\" content=\"Ber\u00e4knad l\u00e4stid\" \/>\n\t<meta name=\"twitter:data1\" content=\"2 minuter\" \/>\n<script type=\"application\/ld+json\" class=\"yoast-schema-graph\">{\"@context\":\"https:\/\/schema.org\",\"@graph\":[{\"@type\":\"WebPage\",\"@id\":\"https:\/\/www.kirkonulkomaanapu.fi\/sv\/kontakt\/till-forsamlingarna\/fortroendevalda\/\",\"url\":\"https:\/\/www.kirkonulkomaanapu.fi\/sv\/kontakt\/till-forsamlingarna\/fortroendevalda\/\",\"name\":\"F\u00f6rtroendevalda - Kyrkans Utlandshj\u00e4lp\",\"isPartOf\":{\"@id\":\"https:\/\/www.kirkonulkomaanapu.fi\/#website\"},\"primaryImageOfPage\":{\"@id\":\"https:\/\/www.kirkonulkomaanapu.fi\/sv\/kontakt\/till-forsamlingarna\/fortroendevalda\/#primaryimage\"},\"image\":{\"@id\":\"https:\/\/www.kirkonulkomaanapu.fi\/sv\/kontakt\/till-forsamlingarna\/fortroendevalda\/#primaryimage\"},\"thumbnailUrl\":\"https:\/\/www.kirkonulkomaanapu.fi\/wp-content\/uploads\/2023\/02\/KUH_Medelanskaffningen_2021_web-768x594-1.png\",\"datePublished\":\"2023-02-20T13:20:37+00:00\",\"dateModified\":\"2026-02-10T14:32:16+00:00\",\"breadcrumb\":{\"@id\":\"https:\/\/www.kirkonulkomaanapu.fi\/sv\/kontakt\/till-forsamlingarna\/fortroendevalda\/#breadcrumb\"},\"inLanguage\":\"sv-SE\",\"potentialAction\":[{\"@type\":\"ReadAction\",\"target\":[\"https:\/\/www.kirkonulkomaanapu.fi\/sv\/kontakt\/till-forsamlingarna\/fortroendevalda\/\"]}]},{\"@type\":\"ImageObject\",\"inLanguage\":\"sv-SE\",\"@id\":\"https:\/\/www.kirkonulkomaanapu.fi\/sv\/kontakt\/till-forsamlingarna\/fortroendevalda\/#primaryimage\",\"url\":\"https:\/\/www.kirkonulkomaanapu.fi\/wp-content\/uploads\/2023\/02\/KUH_Medelanskaffningen_2021_web-768x594-1.png\",\"contentUrl\":\"https:\/\/www.kirkonulkomaanapu.fi\/wp-content\/uploads\/2023\/02\/KUH_Medelanskaffningen_2021_web-768x594-1.png\"},{\"@type\":\"BreadcrumbList\",\"@id\":\"https:\/\/www.kirkonulkomaanapu.fi\/sv\/kontakt\/till-forsamlingarna\/fortroendevalda\/#breadcrumb\",\"itemListElement\":[{\"@type\":\"ListItem\",\"position\":1,\"name\":\"Home\",\"item\":\"https:\/\/www.kirkonulkomaanapu.fi\/sv\/\"},{\"@type\":\"ListItem\",\"position\":2,\"name\":\"Kontakt\",\"item\":\"https:\/\/www.kirkonulkomaanapu.fi\/sv\/kontakt\/\"},{\"@type\":\"ListItem\",\"position\":3,\"name\":\"Till f\u00f6rsamlingarna\",\"item\":\"https:\/\/www.kirkonulkomaanapu.fi\/sv\/kontakt\/till-forsamlingarna\/\"},{\"@type\":\"ListItem\",\"position\":4,\"name\":\"F\u00f6rtroendevalda\"}]},{\"@type\":\"WebSite\",\"@id\":\"https:\/\/www.kirkonulkomaanapu.fi\/#website\",\"url\":\"https:\/\/www.kirkonulkomaanapu.fi\/\",\"name\":\"Kirkon Ulkomaanapu\",\"description\":\"Suomen suurin kehitysyhteisty\u00f6j\u00e4rjest\u00f6\",\"publisher\":{\"@id\":\"https:\/\/www.kirkonulkomaanapu.fi\/#organization\"},\"alternateName\":\"KUA\",\"potentialAction\":[{\"@type\":\"SearchAction\",\"target\":{\"@type\":\"EntryPoint\",\"urlTemplate\":\"https:\/\/www.kirkonulkomaanapu.fi\/?s={search_term_string}\"},\"query-input\":{\"@type\":\"PropertyValueSpecification\",\"valueRequired\":true,\"valueName\":\"search_term_string\"}}],\"inLanguage\":\"sv-SE\"},{\"@type\":\"Organization\",\"@id\":\"https:\/\/www.kirkonulkomaanapu.fi\/#organization\",\"name\":\"Kirkon Ulkomaanapu\",\"alternateName\":\"KUA\",\"url\":\"https:\/\/www.kirkonulkomaanapu.fi\/\",\"logo\":{\"@type\":\"ImageObject\",\"inLanguage\":\"sv-SE\",\"@id\":\"https:\/\/www.kirkonulkomaanapu.fi\/#\/schema\/logo\/image\/\",\"url\":\"https:\/\/www.kirkonulkomaanapu.fi\/wp-content\/uploads\/2026\/02\/Kirkon-ulkomaanapu-logo-1.png\",\"contentUrl\":\"https:\/\/www.kirkonulkomaanapu.fi\/wp-content\/uploads\/2026\/02\/Kirkon-ulkomaanapu-logo-1.png\",\"width\":225,\"height\":225,\"caption\":\"Kirkon Ulkomaanapu\"},\"image\":{\"@id\":\"https:\/\/www.kirkonulkomaanapu.fi\/#\/schema\/logo\/image\/\"},\"sameAs\":[\"https:\/\/www.facebook.com\/Ulkomaanapu\/\",\"https:\/\/www.youtube.com\/user\/kirkonulkomaanapu\",\"https:\/\/instagram.com\/kirkon_ulkomaanapu\/\",\"https:\/\/www.linkedin.com\/company\/finn-church-aid\/\"]}]}<\/script>\n<!-- \/ Yoast SEO plugin. -->","yoast_head_json":{"title":"F\u00f6rtroendevalda - Kyrkans Utlandshj\u00e4lp","robots":{"index":"index","follow":"follow","max-snippet":"max-snippet:-1","max-image-preview":"max-image-preview:large","max-video-preview":"max-video-preview:-1"},"canonical":"https:\/\/www.kirkonulkomaanapu.fi\/sv\/kontakt\/till-forsamlingarna\/fortroendevalda\/","og_locale":"sv_SE","og_type":"article","og_title":"F\u00f6rtroendevalda - Kyrkans Utlandshj\u00e4lp","og_description":"F\u00f6rsamlingarnas f\u00f6rtroendevalda \u00e4r i nyckelposition n\u00e4r det g\u00e4ller att se till att k\u00e4rleken till n\u00e4stan str\u00e4cker sig utanf\u00f6r landets gr\u00e4nser. En r\u00e4ttvisare v\u00e4rld byggs tillsammans De globala utmaningarna och m\u00f6jligheterna utg\u00f6r ocks\u00e5 en de av f\u00f6rsamlingarnas vardag. Kontakten till det internationella f\u00e4ltet syns i gudstj\u00e4nsternas f\u00f6rb\u00f6ner, i kollekterna och i kontakterna med kyrkor, personer och [&hellip;]","og_url":"https:\/\/www.kirkonulkomaanapu.fi\/sv\/kontakt\/till-forsamlingarna\/fortroendevalda\/","og_site_name":"Kyrkans Utlandshj\u00e4lp","article_publisher":"https:\/\/www.facebook.com\/Ulkomaanapu\/","article_modified_time":"2026-02-10T14:32:16+00:00","og_image":[{"width":768,"height":594,"url":"https:\/\/www.kirkonulkomaanapu.fi\/wp-content\/uploads\/2023\/02\/KUH_Medelanskaffningen_2021_web-768x594-1.png","type":"image\/png"}],"twitter_misc":{"Ber\u00e4knad l\u00e4stid":"2 minuter"},"schema":{"@context":"https:\/\/schema.org","@graph":[{"@type":"WebPage","@id":"https:\/\/www.kirkonulkomaanapu.fi\/sv\/kontakt\/till-forsamlingarna\/fortroendevalda\/","url":"https:\/\/www.kirkonulkomaanapu.fi\/sv\/kontakt\/till-forsamlingarna\/fortroendevalda\/","name":"F\u00f6rtroendevalda - Kyrkans Utlandshj\u00e4lp","isPartOf":{"@id":"https:\/\/www.kirkonulkomaanapu.fi\/#website"},"primaryImageOfPage":{"@id":"https:\/\/www.kirkonulkomaanapu.fi\/sv\/kontakt\/till-forsamlingarna\/fortroendevalda\/#primaryimage"},"image":{"@id":"https:\/\/www.kirkonulkomaanapu.fi\/sv\/kontakt\/till-forsamlingarna\/fortroendevalda\/#primaryimage"},"thumbnailUrl":"https:\/\/www.kirkonulkomaanapu.fi\/wp-content\/uploads\/2023\/02\/KUH_Medelanskaffningen_2021_web-768x594-1.png","datePublished":"2023-02-20T13:20:37+00:00","dateModified":"2026-02-10T14:32:16+00:00","breadcrumb":{"@id":"https:\/\/www.kirkonulkomaanapu.fi\/sv\/kontakt\/till-forsamlingarna\/fortroendevalda\/#breadcrumb"},"inLanguage":"sv-SE","potentialAction":[{"@type":"ReadAction","target":["https:\/\/www.kirkonulkomaanapu.fi\/sv\/kontakt\/till-forsamlingarna\/fortroendevalda\/"]}]},{"@type":"ImageObject","inLanguage":"sv-SE","@id":"https:\/\/www.kirkonulkomaanapu.fi\/sv\/kontakt\/till-forsamlingarna\/fortroendevalda\/#primaryimage","url":"https:\/\/www.kirkonulkomaanapu.fi\/wp-content\/uploads\/2023\/02\/KUH_Medelanskaffningen_2021_web-768x594-1.png","contentUrl":"https:\/\/www.kirkonulkomaanapu.fi\/wp-content\/uploads\/2023\/02\/KUH_Medelanskaffningen_2021_web-768x594-1.png"},{"@type":"BreadcrumbList","@id":"https:\/\/www.kirkonulkomaanapu.fi\/sv\/kontakt\/till-forsamlingarna\/fortroendevalda\/#breadcrumb","itemListElement":[{"@type":"ListItem","position":1,"name":"Home","item":"https:\/\/www.kirkonulkomaanapu.fi\/sv\/"},{"@type":"ListItem","position":2,"name":"Kontakt","item":"https:\/\/www.kirkonulkomaanapu.fi\/sv\/kontakt\/"},{"@type":"ListItem","position":3,"name":"Till f\u00f6rsamlingarna","item":"https:\/\/www.kirkonulkomaanapu.fi\/sv\/kontakt\/till-forsamlingarna\/"},{"@type":"ListItem","position":4,"name":"F\u00f6rtroendevalda"}]},{"@type":"WebSite","@id":"https:\/\/www.kirkonulkomaanapu.fi\/#website","url":"https:\/\/www.kirkonulkomaanapu.fi\/","name":"Kirkon Ulkomaanapu","description":"Suomen suurin kehitysyhteisty\u00f6j\u00e4rjest\u00f6","publisher":{"@id":"https:\/\/www.kirkonulkomaanapu.fi\/#organization"},"alternateName":"KUA","potentialAction":[{"@type":"SearchAction","target":{"@type":"EntryPoint","urlTemplate":"https:\/\/www.kirkonulkomaanapu.fi\/?s={search_term_string}"},"query-input":{"@type":"PropertyValueSpecification","valueRequired":true,"valueName":"search_term_string"}}],"inLanguage":"sv-SE"},{"@type":"Organization","@id":"https:\/\/www.kirkonulkomaanapu.fi\/#organization","name":"Kirkon Ulkomaanapu","alternateName":"KUA","url":"https:\/\/www.kirkonulkomaanapu.fi\/","logo":{"@type":"ImageObject","inLanguage":"sv-SE","@id":"https:\/\/www.kirkonulkomaanapu.fi\/#\/schema\/logo\/image\/","url":"https:\/\/www.kirkonulkomaanapu.fi\/wp-content\/uploads\/2026\/02\/Kirkon-ulkomaanapu-logo-1.png","contentUrl":"https:\/\/www.kirkonulkomaanapu.fi\/wp-content\/uploads\/2026\/02\/Kirkon-ulkomaanapu-logo-1.png","width":225,"height":225,"caption":"Kirkon Ulkomaanapu"},"image":{"@id":"https:\/\/www.kirkonulkomaanapu.fi\/#\/schema\/logo\/image\/"},"sameAs":["https:\/\/www.facebook.com\/Ulkomaanapu\/","https:\/\/www.youtube.com\/user\/kirkonulkomaanapu","https:\/\/instagram.com\/kirkon_ulkomaanapu\/","https:\/\/www.linkedin.com\/company\/finn-church-aid\/"]}]}},"_links":{"self":[{"href":"https:\/\/www.kirkonulkomaanapu.fi\/sv\/wp-json\/wp\/v2\/pages\/138310","targetHints":{"allow":["GET"]}}],"collection":[{"href":"https:\/\/www.kirkonulkomaanapu.fi\/sv\/wp-json\/wp\/v2\/pages"}],"about":[{"href":"https:\/\/www.kirkonulkomaanapu.fi\/sv\/wp-json\/wp\/v2\/types\/page"}],"author":[{"embeddable":true,"href":"https:\/\/www.kirkonulkomaanapu.fi\/sv\/wp-json\/wp\/v2\/users\/178"}],"replies":[{"embeddable":true,"href":"https:\/\/www.kirkonulkomaanapu.fi\/sv\/wp-json\/wp\/v2\/comments?post=138310"}],"version-history":[{"count":2,"href":"https:\/\/www.kirkonulkomaanapu.fi\/sv\/wp-json\/wp\/v2\/pages\/138310\/revisions"}],"predecessor-version":[{"id":159581,"href":"https:\/\/www.kirkonulkomaanapu.fi\/sv\/wp-json\/wp\/v2\/pages\/138310\/revisions\/159581"}],"up":[{"embeddable":true,"href":"https:\/\/www.kirkonulkomaanapu.fi\/sv\/wp-json\/wp\/v2\/pages\/2996"}],"wp:attachment":[{"href":"https:\/\/www.kirkonulkomaanapu.fi\/sv\/wp-json\/wp\/v2\/media?parent=138310"}],"curies":[{"name":"wp","href":"https:\/\/api.w.org\/{rel}","templated":true}]}}