{"id":137429,"date":"2023-02-08T23:43:16","date_gmt":"2023-02-08T21:43:16","guid":{"rendered":"https:\/\/www.kirkonulkomaanapu.fi\/?page_id=137429"},"modified":"2025-06-25T16:24:09","modified_gmt":"2025-06-25T13:24:09","slug":"akutinsamling","status":"publish","type":"page","link":"https:\/\/www.kirkonulkomaanapu.fi\/sv\/akutinsamling\/","title":{"rendered":"Akutinsamling"},"content":{"rendered":"\n\n\n<div class=\"block-hero full-width id-block\" style=\"background-image: url('https:\/\/www.kirkonulkomaanapu.fi\/wp-content\/uploads\/2023\/02\/Hataapukeraykset_1920_1080.jpg');\">\n\n\t<div class=\"bg-mobile\" style=\"background-image: url('https:\/\/www.kirkonulkomaanapu.fi\/wp-content\/uploads\/2023\/02\/Hataapukeraykset_1080_1080-1024x1024.jpg');\"><\/div>\n\n\t\n\t<div class=\"curtain\"><\/div>\n\n\t<div class=\"container\">\n\t\t<div class=\"row\">\n\t\t\t<div class=\"col\">\n\t\t\t\t<div class=\"inner-blocks entry-content\">\n\t\t\t\t\t\t\t\t\t\t\t\n<h1 class=\"is-style-brush\" ><span class=\"bg\">\nAkutin<span class=\"is-highlighted\">samling<\/span>\n<\/span><\/h1><h1 class=\"is-style-brush mobile\" ><span class=\"bg\">Akutin<span class=\"is-highlighted\">samling<\/span><\/span><\/h1>\n\n\t\t\t\t\t\t\t\t\t<\/div>\n\t\t\t<\/div>\n\t\t<\/div>\n\t<\/div>\n<\/div>\n\n\n<div class=\"subpage-navigation id-block full-width\">\n    <div class=\"container-lg\">\n        <div class=\"row\">\n            <div class=\"col\">\n                <ul class=\"pages\">\n                                        <li class=\"page ancestor current\">\n                        <a href=\"https:\/\/www.kirkonulkomaanapu.fi\/sv\/akutinsamling\/\">Akutinsamling<\/a>\n                    <\/li>\n                    \n                                        <li class=\"page\">\n                        <a href=\"https:\/\/www.kirkonulkomaanapu.fi\/sv\/akutinsamling\/kriget-i-ukraina\/\">Kriget i Ukraina<\/a>\n                    <\/li>\n                                        <li class=\"page\">\n                        <a href=\"https:\/\/www.kirkonulkomaanapu.fi\/sv\/akutinsamling\/mellanosterns-kris\/\">Mellan\u00f6sterns kris<\/a>\n                    <\/li>\n                                    <\/ul>\n            <\/div>\n        <\/div>\n    <\/div>\n<\/div>\n\n\n\n\n\n\n<h2 class=\"wp-block-heading\">Du kan hj\u00e4lpa katastrofdrabbade<\/h2>\n\n\n\n<p class=\"is-style-ingress\">Krig och naturkatastrofer \u00e4r o\u00f6nskade och ov\u00e4ntade, och n\u00e4r katastrofen sl\u00e5r till \u00e4r behovet enormt. Med din donation kan vi hj\u00e4lpa till snabbt n\u00e4r katastrofen \u00e4r ett faktum. Snabb hj\u00e4lp kan r\u00e4dda liv.<\/p>\n\n\n\n<p class=\"is-style-ingress\">Kyrkan Utl\u00e4ndshj\u00e4lp ger humanit\u00e4r hj\u00e4lp under den v\u00e4rsta n\u00f6dsituationen och forts\u00e4tter att hj\u00e4lpa till tills livet \u00e5terg\u00e5r till det normala.<\/p>\n\n\n\n\n<div class=\"block-image-beside-content full-width id-block image-on-right has-bg\">\n    <div class=\"container-lg\">\n        <div class=\"row\">\n            <div class=\"col col-12 col-lg-6 order-lg-2\">\n                <div class=\"align-image\">\n                                        <img decoding=\"async\" class=\"image\" alt=\"\" src=\"https:\/\/www.kirkonulkomaanapu.fi\/wp-content\/uploads\/2025\/06\/Gaza_nosto-1024x576.jpg\" loading=\"lazy\" srcset=\"https:\/\/www.kirkonulkomaanapu.fi\/wp-content\/uploads\/2025\/06\/Gaza_nosto-480x270.jpg 320w, https:\/\/www.kirkonulkomaanapu.fi\/wp-content\/uploads\/2025\/06\/Gaza_nosto-1024x576.jpg 991w\" sizes=\"auto, (max-width: 991px) 150px\" width=\"1024\" height=\"576\">\n                                    <\/div>\n            <\/div>\n            <div class=\"col col-12 col-lg-6\">\n                <div class=\"align-content\">\n                    <div class=\"inner-blocks entry-content\">\n                        \n\n<h2 class=\"wp-block-heading\">Krisen i Mellan\u00f6stern<\/h2>\n\n\n\n<p>Upp till 50 000 m\u00e4nniskor har d\u00f6tt i Gaza, varav 15 000 var barn.\u00a0Kyrkans Utlandshj\u00e4lp hj\u00e4lper i Gaza\u00a0och p\u00e5 de palestinska omr\u00e5dena bland annat genom att f\u00f6rs\u00e4kra att skolorna kan forts\u00e4tta fungera mitti i krisen<\/p>\n\n\n\n<div class=\"wp-block-buttons is-layout-flex wp-block-buttons-is-layout-flex\">\n<div class=\"wp-block-button is-style-solid\"><a class=\"wp-block-button__link wp-element-button\" href=\"https:\/\/www.kirkonulkomaanapu.fi\/sv\/akutinsamling\/mellanosterns-kris\/\">Ge en g\u00e5va<\/a><\/div>\n<\/div>\n\n\n                    <\/div>\n                <\/div>\n            <\/div>\n        <\/div>\n    <\/div>\n<\/div>\n\n\n\n\n<div class=\"block-image-beside-content full-width id-block image-on-right\">\n    <div class=\"container-lg\">\n        <div class=\"row\">\n            <div class=\"col col-12 col-lg-6 order-lg-2\">\n                <div class=\"align-image\">\n                                        <img decoding=\"async\" class=\"image\" alt=\"\" src=\"https:\/\/www.kirkonulkomaanapu.fi\/wp-content\/uploads\/2025\/06\/Kesaukraina_nosto-1024x576.jpg\" loading=\"lazy\" srcset=\"https:\/\/www.kirkonulkomaanapu.fi\/wp-content\/uploads\/2025\/06\/Kesaukraina_nosto-480x270.jpg 320w, https:\/\/www.kirkonulkomaanapu.fi\/wp-content\/uploads\/2025\/06\/Kesaukraina_nosto-1024x576.jpg 991w\" sizes=\"auto, (max-width: 991px) 150px\" width=\"1024\" height=\"576\">\n                                    <\/div>\n            <\/div>\n            <div class=\"col col-12 col-lg-6\">\n                <div class=\"align-content\">\n                    <div class=\"inner-blocks entry-content\">\n                        \n\n<h3 class=\"wp-block-heading\">Kriget i Ukraina<\/h3>\n\n\n\n<p>Miljontals barn i Ukraina har tvingats l\u00e4mna sina hem och avbryta sin skolg\u00e5ng. Kyrkans Utlandshj\u00e4lp st\u00f6der lokala l\u00e4rare och reparerar skolor.<\/p>\n\n\n\n<div class=\"wp-block-buttons is-layout-flex wp-block-buttons-is-layout-flex\">\n<div class=\"wp-block-button is-style-solid\"><a class=\"wp-block-button__link wp-element-button\" href=\"https:\/\/www.kirkonulkomaanapu.fi\/sv\/akutinsamling\/kriget-i-ukraina\/\">Ge en g\u00e5va<\/a><\/div>\n<\/div>\n\n\n                    <\/div>\n                <\/div>\n            <\/div>\n        <\/div>\n    <\/div>\n<\/div>\n","protected":false},"excerpt":{"rendered":"<p>Du kan hj\u00e4lpa katastrofdrabbade Krig och naturkatastrofer \u00e4r o\u00f6nskade och ov\u00e4ntade, och n\u00e4r katastrofen sl\u00e5r till \u00e4r behovet enormt. Med din donation kan vi hj\u00e4lpa till snabbt n\u00e4r katastrofen \u00e4r ett faktum. Snabb hj\u00e4lp kan r\u00e4dda liv. Kyrkan Utl\u00e4ndshj\u00e4lp ger humanit\u00e4r hj\u00e4lp under den v\u00e4rsta n\u00f6dsituationen och forts\u00e4tter att hj\u00e4lpa till tills livet \u00e5terg\u00e5r till [&hellip;]<\/p>\n","protected":false},"author":123,"featured_media":0,"parent":0,"menu_order":0,"comment_status":"closed","ping_status":"closed","template":"","meta":{"_acf_changed":false,"_relevanssi_hide_post":"","_relevanssi_hide_content":"","_relevanssi_pin_for_all":"","_relevanssi_pin_keywords":"","_relevanssi_unpin_keywords":"","_relevanssi_related_keywords":"","_relevanssi_related_include_ids":"","_relevanssi_related_exclude_ids":"","_relevanssi_related_no_append":"","_relevanssi_related_not_related":"","_relevanssi_related_posts":"148114,89500,121614,108131,145957,143476","_relevanssi_noindex_reason":"","_improvement_type_select":"improve_an_existing","_thumb_yes_seoaic":false,"_frame_yes_seoaic":false,"seoaic_generate_description":"","seoaic_improve_instructions_prompt":"","seoaic_rollback_content_improvement":"","seoaic_idea_thumbnail_generator":"","thumbnail_generated":false,"thumbnail_generate_prompt":"","seoaic_article_description":"","footnotes":""},"class_list":["post-137429","page","type-page","status-publish","hentry"],"acf":[],"yoast_head":"<!-- This site is optimized with the Yoast SEO plugin v26.9 - https:\/\/yoast.com\/product\/yoast-seo-wordpress\/ -->\n<title>Akutinsamling - Kyrkans Utlandshj\u00e4lp<\/title>\n<meta name=\"robots\" content=\"index, follow, max-snippet:-1, max-image-preview:large, max-video-preview:-1\" \/>\n<link rel=\"canonical\" href=\"https:\/\/www.kirkonulkomaanapu.fi\/sv\/akutinsamling\/\" \/>\n<meta property=\"og:locale\" content=\"sv_SE\" \/>\n<meta property=\"og:type\" content=\"article\" \/>\n<meta property=\"og:title\" content=\"Akutinsamling - Kyrkans Utlandshj\u00e4lp\" \/>\n<meta property=\"og:description\" content=\"Du kan hj\u00e4lpa katastrofdrabbade Krig och naturkatastrofer \u00e4r o\u00f6nskade och ov\u00e4ntade, och n\u00e4r katastrofen sl\u00e5r till \u00e4r behovet enormt. Med din donation kan vi hj\u00e4lpa till snabbt n\u00e4r katastrofen \u00e4r ett faktum. Snabb hj\u00e4lp kan r\u00e4dda liv. Kyrkan Utl\u00e4ndshj\u00e4lp ger humanit\u00e4r hj\u00e4lp under den v\u00e4rsta n\u00f6dsituationen och forts\u00e4tter att hj\u00e4lpa till tills livet \u00e5terg\u00e5r till [&hellip;]\" \/>\n<meta property=\"og:url\" content=\"https:\/\/www.kirkonulkomaanapu.fi\/sv\/akutinsamling\/\" \/>\n<meta property=\"og:site_name\" content=\"Kyrkans Utlandshj\u00e4lp\" \/>\n<meta property=\"article:publisher\" content=\"https:\/\/www.facebook.com\/Ulkomaanapu\/\" \/>\n<meta property=\"article:modified_time\" content=\"2025-06-25T13:24:09+00:00\" \/>\n<meta property=\"og:image\" content=\"https:\/\/www.kirkonulkomaanapu.fi\/wp-content\/uploads\/2026\/02\/Kirkon-ulkomaanapu-logo.png\" \/>\n\t<meta property=\"og:image:width\" content=\"225\" \/>\n\t<meta property=\"og:image:height\" content=\"225\" \/>\n\t<meta property=\"og:image:type\" content=\"image\/png\" \/>\n<meta name=\"twitter:label1\" content=\"Ber\u00e4knad l\u00e4stid\" \/>\n\t<meta name=\"twitter:data1\" content=\"1 minut\" \/>\n<script type=\"application\/ld+json\" class=\"yoast-schema-graph\">{\"@context\":\"https:\/\/schema.org\",\"@graph\":[{\"@type\":\"WebPage\",\"@id\":\"https:\/\/www.kirkonulkomaanapu.fi\/sv\/akutinsamling\/\",\"url\":\"https:\/\/www.kirkonulkomaanapu.fi\/sv\/akutinsamling\/\",\"name\":\"Akutinsamling - Kyrkans Utlandshj\u00e4lp\",\"isPartOf\":{\"@id\":\"https:\/\/www.kirkonulkomaanapu.fi\/#website\"},\"datePublished\":\"2023-02-08T21:43:16+00:00\",\"dateModified\":\"2025-06-25T13:24:09+00:00\",\"breadcrumb\":{\"@id\":\"https:\/\/www.kirkonulkomaanapu.fi\/sv\/akutinsamling\/#breadcrumb\"},\"inLanguage\":\"sv-SE\",\"potentialAction\":[{\"@type\":\"ReadAction\",\"target\":[\"https:\/\/www.kirkonulkomaanapu.fi\/sv\/akutinsamling\/\"]}]},{\"@type\":\"BreadcrumbList\",\"@id\":\"https:\/\/www.kirkonulkomaanapu.fi\/sv\/akutinsamling\/#breadcrumb\",\"itemListElement\":[{\"@type\":\"ListItem\",\"position\":1,\"name\":\"Home\",\"item\":\"https:\/\/www.kirkonulkomaanapu.fi\/sv\/\"},{\"@type\":\"ListItem\",\"position\":2,\"name\":\"Akutinsamling\"}]},{\"@type\":\"WebSite\",\"@id\":\"https:\/\/www.kirkonulkomaanapu.fi\/#website\",\"url\":\"https:\/\/www.kirkonulkomaanapu.fi\/\",\"name\":\"Kirkon Ulkomaanapu\",\"description\":\"Suomen suurin kehitysyhteisty\u00f6j\u00e4rjest\u00f6\",\"publisher\":{\"@id\":\"https:\/\/www.kirkonulkomaanapu.fi\/#organization\"},\"alternateName\":\"KUA\",\"potentialAction\":[{\"@type\":\"SearchAction\",\"target\":{\"@type\":\"EntryPoint\",\"urlTemplate\":\"https:\/\/www.kirkonulkomaanapu.fi\/?s={search_term_string}\"},\"query-input\":{\"@type\":\"PropertyValueSpecification\",\"valueRequired\":true,\"valueName\":\"search_term_string\"}}],\"inLanguage\":\"sv-SE\"},{\"@type\":\"Organization\",\"@id\":\"https:\/\/www.kirkonulkomaanapu.fi\/#organization\",\"name\":\"Kirkon Ulkomaanapu\",\"alternateName\":\"KUA\",\"url\":\"https:\/\/www.kirkonulkomaanapu.fi\/\",\"logo\":{\"@type\":\"ImageObject\",\"inLanguage\":\"sv-SE\",\"@id\":\"https:\/\/www.kirkonulkomaanapu.fi\/#\/schema\/logo\/image\/\",\"url\":\"https:\/\/www.kirkonulkomaanapu.fi\/wp-content\/uploads\/2026\/02\/Kirkon-ulkomaanapu-logo-1.png\",\"contentUrl\":\"https:\/\/www.kirkonulkomaanapu.fi\/wp-content\/uploads\/2026\/02\/Kirkon-ulkomaanapu-logo-1.png\",\"width\":225,\"height\":225,\"caption\":\"Kirkon Ulkomaanapu\"},\"image\":{\"@id\":\"https:\/\/www.kirkonulkomaanapu.fi\/#\/schema\/logo\/image\/\"},\"sameAs\":[\"https:\/\/www.facebook.com\/Ulkomaanapu\/\",\"https:\/\/www.youtube.com\/user\/kirkonulkomaanapu\",\"https:\/\/instagram.com\/kirkon_ulkomaanapu\/\",\"https:\/\/www.linkedin.com\/company\/finn-church-aid\/\"]}]}<\/script>\n<!-- \/ Yoast SEO plugin. -->","yoast_head_json":{"title":"Akutinsamling - Kyrkans Utlandshj\u00e4lp","robots":{"index":"index","follow":"follow","max-snippet":"max-snippet:-1","max-image-preview":"max-image-preview:large","max-video-preview":"max-video-preview:-1"},"canonical":"https:\/\/www.kirkonulkomaanapu.fi\/sv\/akutinsamling\/","og_locale":"sv_SE","og_type":"article","og_title":"Akutinsamling - Kyrkans Utlandshj\u00e4lp","og_description":"Du kan hj\u00e4lpa katastrofdrabbade Krig och naturkatastrofer \u00e4r o\u00f6nskade och ov\u00e4ntade, och n\u00e4r katastrofen sl\u00e5r till \u00e4r behovet enormt. Med din donation kan vi hj\u00e4lpa till snabbt n\u00e4r katastrofen \u00e4r ett faktum. Snabb hj\u00e4lp kan r\u00e4dda liv. Kyrkan Utl\u00e4ndshj\u00e4lp ger humanit\u00e4r hj\u00e4lp under den v\u00e4rsta n\u00f6dsituationen och forts\u00e4tter att hj\u00e4lpa till tills livet \u00e5terg\u00e5r till [&hellip;]","og_url":"https:\/\/www.kirkonulkomaanapu.fi\/sv\/akutinsamling\/","og_site_name":"Kyrkans Utlandshj\u00e4lp","article_publisher":"https:\/\/www.facebook.com\/Ulkomaanapu\/","article_modified_time":"2025-06-25T13:24:09+00:00","og_image":[{"width":225,"height":225,"url":"https:\/\/www.kirkonulkomaanapu.fi\/wp-content\/uploads\/2026\/02\/Kirkon-ulkomaanapu-logo.png","type":"image\/png"}],"twitter_misc":{"Ber\u00e4knad l\u00e4stid":"1 minut"},"schema":{"@context":"https:\/\/schema.org","@graph":[{"@type":"WebPage","@id":"https:\/\/www.kirkonulkomaanapu.fi\/sv\/akutinsamling\/","url":"https:\/\/www.kirkonulkomaanapu.fi\/sv\/akutinsamling\/","name":"Akutinsamling - Kyrkans Utlandshj\u00e4lp","isPartOf":{"@id":"https:\/\/www.kirkonulkomaanapu.fi\/#website"},"datePublished":"2023-02-08T21:43:16+00:00","dateModified":"2025-06-25T13:24:09+00:00","breadcrumb":{"@id":"https:\/\/www.kirkonulkomaanapu.fi\/sv\/akutinsamling\/#breadcrumb"},"inLanguage":"sv-SE","potentialAction":[{"@type":"ReadAction","target":["https:\/\/www.kirkonulkomaanapu.fi\/sv\/akutinsamling\/"]}]},{"@type":"BreadcrumbList","@id":"https:\/\/www.kirkonulkomaanapu.fi\/sv\/akutinsamling\/#breadcrumb","itemListElement":[{"@type":"ListItem","position":1,"name":"Home","item":"https:\/\/www.kirkonulkomaanapu.fi\/sv\/"},{"@type":"ListItem","position":2,"name":"Akutinsamling"}]},{"@type":"WebSite","@id":"https:\/\/www.kirkonulkomaanapu.fi\/#website","url":"https:\/\/www.kirkonulkomaanapu.fi\/","name":"Kirkon Ulkomaanapu","description":"Suomen suurin kehitysyhteisty\u00f6j\u00e4rjest\u00f6","publisher":{"@id":"https:\/\/www.kirkonulkomaanapu.fi\/#organization"},"alternateName":"KUA","potentialAction":[{"@type":"SearchAction","target":{"@type":"EntryPoint","urlTemplate":"https:\/\/www.kirkonulkomaanapu.fi\/?s={search_term_string}"},"query-input":{"@type":"PropertyValueSpecification","valueRequired":true,"valueName":"search_term_string"}}],"inLanguage":"sv-SE"},{"@type":"Organization","@id":"https:\/\/www.kirkonulkomaanapu.fi\/#organization","name":"Kirkon Ulkomaanapu","alternateName":"KUA","url":"https:\/\/www.kirkonulkomaanapu.fi\/","logo":{"@type":"ImageObject","inLanguage":"sv-SE","@id":"https:\/\/www.kirkonulkomaanapu.fi\/#\/schema\/logo\/image\/","url":"https:\/\/www.kirkonulkomaanapu.fi\/wp-content\/uploads\/2026\/02\/Kirkon-ulkomaanapu-logo-1.png","contentUrl":"https:\/\/www.kirkonulkomaanapu.fi\/wp-content\/uploads\/2026\/02\/Kirkon-ulkomaanapu-logo-1.png","width":225,"height":225,"caption":"Kirkon Ulkomaanapu"},"image":{"@id":"https:\/\/www.kirkonulkomaanapu.fi\/#\/schema\/logo\/image\/"},"sameAs":["https:\/\/www.facebook.com\/Ulkomaanapu\/","https:\/\/www.youtube.com\/user\/kirkonulkomaanapu","https:\/\/instagram.com\/kirkon_ulkomaanapu\/","https:\/\/www.linkedin.com\/company\/finn-church-aid\/"]}]}},"_links":{"self":[{"href":"https:\/\/www.kirkonulkomaanapu.fi\/sv\/wp-json\/wp\/v2\/pages\/137429","targetHints":{"allow":["GET"]}}],"collection":[{"href":"https:\/\/www.kirkonulkomaanapu.fi\/sv\/wp-json\/wp\/v2\/pages"}],"about":[{"href":"https:\/\/www.kirkonulkomaanapu.fi\/sv\/wp-json\/wp\/v2\/types\/page"}],"author":[{"embeddable":true,"href":"https:\/\/www.kirkonulkomaanapu.fi\/sv\/wp-json\/wp\/v2\/users\/123"}],"replies":[{"embeddable":true,"href":"https:\/\/www.kirkonulkomaanapu.fi\/sv\/wp-json\/wp\/v2\/comments?post=137429"}],"version-history":[{"count":2,"href":"https:\/\/www.kirkonulkomaanapu.fi\/sv\/wp-json\/wp\/v2\/pages\/137429\/revisions"}],"predecessor-version":[{"id":155567,"href":"https:\/\/www.kirkonulkomaanapu.fi\/sv\/wp-json\/wp\/v2\/pages\/137429\/revisions\/155567"}],"wp:attachment":[{"href":"https:\/\/www.kirkonulkomaanapu.fi\/sv\/wp-json\/wp\/v2\/media?parent=137429"}],"curies":[{"name":"wp","href":"https:\/\/api.w.org\/{rel}","templated":true}]}}