{"id":137017,"date":"2025-02-11T14:32:04","date_gmt":"2025-02-11T12:32:04","guid":{"rendered":"https:\/\/www.kirkonulkomaanapu.fi\/?page_id=137017"},"modified":"2026-03-23T09:25:32","modified_gmt":"2026-03-23T07:25:32","slug":"sydsudan-2","status":"publish","type":"page","link":"https:\/\/www.kirkonulkomaanapu.fi\/sv\/var-vi-jobbar\/sydsudan-2\/","title":{"rendered":"Sydsudan"},"content":{"rendered":"\n<h1 class=\"wp-block-heading\">Sydsudan<\/h1>\n\n\n\n<p class=\"is-style-ingress\">Sydsudan blev sj\u00e4lvst\u00e4ndigt \u00e5r 2011, men konflikten, bristen p\u00e5 mat och en kollapsad ekonomi har drivit miljoner m\u00e4nniskor p\u00e5 flykt i v\u00e4rldens sk\u00f6raste stat.<\/p>\n\n\n\n<figure class=\"wp-block-image size-large\"><img loading=\"lazy\" decoding=\"async\" width=\"1024\" height=\"576\" src=\"https:\/\/www.kirkonulkomaanapu.fi\/wp-content\/uploads\/2020\/08\/FCAmaps_sve_Etela\u0308-Sudan-1024x576.png\" alt=\"Karta \u00f6ver Sydsudan.\" class=\"wp-image-111095\" srcset=\"https:\/\/www.kirkonulkomaanapu.fi\/wp-content\/uploads\/2020\/08\/FCAmaps_sve_Etela\u0308-Sudan-1024x576.png 1024w, https:\/\/www.kirkonulkomaanapu.fi\/wp-content\/uploads\/2020\/08\/FCAmaps_sve_Etela\u0308-Sudan-480x270.png 480w, https:\/\/www.kirkonulkomaanapu.fi\/wp-content\/uploads\/2020\/08\/FCAmaps_sve_Etela\u0308-Sudan-768x432.png 768w, https:\/\/www.kirkonulkomaanapu.fi\/wp-content\/uploads\/2020\/08\/FCAmaps_sve_Etela\u0308-Sudan-1536x864.png 1536w, https:\/\/www.kirkonulkomaanapu.fi\/wp-content\/uploads\/2020\/08\/FCAmaps_sve_Etela\u0308-Sudan-316x178.png 316w, https:\/\/www.kirkonulkomaanapu.fi\/wp-content\/uploads\/2020\/08\/FCAmaps_sve_Etela\u0308-Sudan.png 2048w\" sizes=\"auto, (max-width: 1024px) 100vw, 1024px\" \/><\/figure>\n\n\n\n\n<div class=\"block-content-with-infobox full-width id-block\">\n\t<div class=\"container-lg\">\n\t\t<div class=\"row justify-content-center\">\n\t\t\t<div class=\"col\">\n\t\t\t\t<div class=\"flex-inner inner-blocks entry-content\">\n\t\t\t\t\t\n\n<div class=\"block-inner-blocks inner-blocks entry-content lorem\">\n\t\n\n<p>KUA grundade sitt landskontor i Sydsudans huvudstaden Juba \u00e5r 2010 och har ut\u00f6ver det idag sex f\u00e4ltkontor p\u00e5 olika h\u00e5ll av landet<\/p>\n\n\n\n<p>KUA arbetar f\u00f6r fred i Sydsudan och st\u00f6der familjers utkomstm\u00f6jligheter och ungdomars yrkesutbildning.<\/p>\n\n\n<\/div>\n\n\n<div class=\"block-inner-blocks inner-blocks entry-content\">\n\t\n\n<figure class=\"wp-block-image size-large\"><img loading=\"lazy\" decoding=\"async\" width=\"128\" height=\"64\" src=\"https:\/\/www.kirkonulkomaanapu.fi\/wp-content\/uploads\/2019\/10\/Etel\u00e4-Sudanin-lippu.png\" alt=\"Etel\u00e4-Sudanin lippu.\" class=\"wp-image-97135\"\/><figcaption class=\"wp-element-caption\">Sydsudan<\/figcaption><\/figure>\n\n\n\n<p><strong>Befolkning:\u00a0<\/strong>12,4 miljoner<br><strong>Huvudstad:<\/strong>\u00a0Juba<br><strong>Valuta:\u00a0<\/strong>Sydsudanesiskt pund<br><strong>Spr\u00e5k<\/strong>: Engelska (officielt), Arabiska, lokala spr\u00e5k, bl.a. Dinka, Nueriska, Bari, Zande och Shilluk<br><strong>KUA i Sydsudan:\u00a0<\/strong>sedan 2010<\/p>\n\n\n<\/div>\n\n\t\t\t\t<\/div>\n\t\t\t<\/div>\n\t\t<\/div>\n\t<\/div>\t\n<\/div>\n\n\n\n<h2 class=\"wp-block-heading\"><\/h2>\n","protected":false},"excerpt":{"rendered":"<p>Sydsudan Sydsudan blev sj\u00e4lvst\u00e4ndigt \u00e5r 2011, men konflikten, bristen p\u00e5 mat och en kollapsad ekonomi har drivit miljoner m\u00e4nniskor p\u00e5 flykt i v\u00e4rldens sk\u00f6raste stat.<\/p>\n","protected":false},"author":183,"featured_media":111095,"parent":97997,"menu_order":0,"comment_status":"closed","ping_status":"closed","template":"page-templates\/missa-toimimme-child.php","meta":{"_acf_changed":false,"_relevanssi_hide_post":"","_relevanssi_hide_content":"","_relevanssi_pin_for_all":"on","_relevanssi_pin_keywords":"","_relevanssi_unpin_keywords":"","_relevanssi_related_keywords":"","_relevanssi_related_include_ids":"","_relevanssi_related_exclude_ids":"","_relevanssi_related_no_append":"","_relevanssi_related_not_related":"","_relevanssi_related_posts":"63644,89500,108131","_relevanssi_noindex_reason":"","_improvement_type_select":"improve_an_existing","_thumb_yes_seoaic":false,"_frame_yes_seoaic":false,"seoaic_generate_description":"","seoaic_improve_instructions_prompt":"","seoaic_rollback_content_improvement":"","seoaic_idea_thumbnail_generator":"","thumbnail_generated":false,"thumbnail_generate_prompt":"","seoaic_article_description":"","footnotes":""},"class_list":["post-137017","page","type-page","status-publish","has-post-thumbnail","hentry"],"acf":[],"yoast_head":"<!-- This site is optimized with the Yoast SEO plugin v26.9 - https:\/\/yoast.com\/product\/yoast-seo-wordpress\/ -->\n<title>Sydsudan - Kyrkans Utlandshj\u00e4lp - Jobb f\u00f6r m\u00e4nniskorv\u00e4rdet<\/title>\n<meta name=\"description\" content=\"Kyrkans Utlandshj\u00e4lp har sitt landskontor i huvudstaden Juba samt flera f\u00e4ltkontor p\u00e5 olika h\u00e5ll av landet.\" \/>\n<meta name=\"robots\" content=\"index, follow, max-snippet:-1, max-image-preview:large, max-video-preview:-1\" \/>\n<link rel=\"canonical\" href=\"https:\/\/www.kirkonulkomaanapu.fi\/sv\/var-vi-jobbar\/sydsudan-2\/\" \/>\n<meta property=\"og:locale\" content=\"sv_SE\" \/>\n<meta property=\"og:type\" content=\"article\" \/>\n<meta property=\"og:title\" content=\"Sydsudan - Kyrkans Utlandshj\u00e4lp - Jobb f\u00f6r m\u00e4nniskorv\u00e4rdet\" \/>\n<meta property=\"og:description\" content=\"Kyrkans Utlandshj\u00e4lp har sitt landskontor i huvudstaden Juba samt flera f\u00e4ltkontor p\u00e5 olika h\u00e5ll av landet.\" \/>\n<meta property=\"og:url\" content=\"https:\/\/www.kirkonulkomaanapu.fi\/sv\/var-vi-jobbar\/sydsudan-2\/\" \/>\n<meta property=\"og:site_name\" content=\"Kyrkans Utlandshj\u00e4lp\" \/>\n<meta property=\"article:publisher\" content=\"https:\/\/www.facebook.com\/Ulkomaanapu\/\" \/>\n<meta property=\"article:modified_time\" content=\"2026-03-23T07:25:32+00:00\" \/>\n<meta property=\"og:image\" content=\"https:\/\/www.kirkonulkomaanapu.fi\/wp-content\/uploads\/2020\/08\/FCAmaps_sve_Etela\u0308-Sudan.png\" \/>\n\t<meta property=\"og:image:width\" content=\"2048\" \/>\n\t<meta property=\"og:image:height\" content=\"1152\" \/>\n\t<meta property=\"og:image:type\" content=\"image\/png\" \/>\n<meta name=\"twitter:label1\" content=\"Ber\u00e4knad l\u00e4stid\" \/>\n\t<meta name=\"twitter:data1\" content=\"2 minuter\" \/>\n<script type=\"application\/ld+json\" class=\"yoast-schema-graph\">{\"@context\":\"https:\/\/schema.org\",\"@graph\":[{\"@type\":\"WebPage\",\"@id\":\"https:\/\/www.kirkonulkomaanapu.fi\/sv\/var-vi-jobbar\/sydsudan-2\/\",\"url\":\"https:\/\/www.kirkonulkomaanapu.fi\/sv\/var-vi-jobbar\/sydsudan-2\/\",\"name\":\"Sydsudan - Kyrkans Utlandshj\u00e4lp - Jobb f\u00f6r m\u00e4nniskorv\u00e4rdet\",\"isPartOf\":{\"@id\":\"https:\/\/www.kirkonulkomaanapu.fi\/#website\"},\"primaryImageOfPage\":{\"@id\":\"https:\/\/www.kirkonulkomaanapu.fi\/sv\/var-vi-jobbar\/sydsudan-2\/#primaryimage\"},\"image\":{\"@id\":\"https:\/\/www.kirkonulkomaanapu.fi\/sv\/var-vi-jobbar\/sydsudan-2\/#primaryimage\"},\"thumbnailUrl\":\"https:\/\/www.kirkonulkomaanapu.fi\/wp-content\/uploads\/2020\/08\/FCAmaps_sve_Etela\u0308-Sudan.png\",\"datePublished\":\"2025-02-11T12:32:04+00:00\",\"dateModified\":\"2026-03-23T07:25:32+00:00\",\"description\":\"Kyrkans Utlandshj\u00e4lp har sitt landskontor i huvudstaden Juba samt flera f\u00e4ltkontor p\u00e5 olika h\u00e5ll av landet.\",\"breadcrumb\":{\"@id\":\"https:\/\/www.kirkonulkomaanapu.fi\/sv\/var-vi-jobbar\/sydsudan-2\/#breadcrumb\"},\"inLanguage\":\"sv-SE\",\"potentialAction\":[{\"@type\":\"ReadAction\",\"target\":[\"https:\/\/www.kirkonulkomaanapu.fi\/sv\/var-vi-jobbar\/sydsudan-2\/\"]}]},{\"@type\":\"ImageObject\",\"inLanguage\":\"sv-SE\",\"@id\":\"https:\/\/www.kirkonulkomaanapu.fi\/sv\/var-vi-jobbar\/sydsudan-2\/#primaryimage\",\"url\":\"https:\/\/www.kirkonulkomaanapu.fi\/wp-content\/uploads\/2020\/08\/FCAmaps_sve_Etela\u0308-Sudan.png\",\"contentUrl\":\"https:\/\/www.kirkonulkomaanapu.fi\/wp-content\/uploads\/2020\/08\/FCAmaps_sve_Etela\u0308-Sudan.png\",\"width\":2048,\"height\":1152,\"caption\":\"Karta \u00f6ver Sydsudan.\"},{\"@type\":\"BreadcrumbList\",\"@id\":\"https:\/\/www.kirkonulkomaanapu.fi\/sv\/var-vi-jobbar\/sydsudan-2\/#breadcrumb\",\"itemListElement\":[{\"@type\":\"ListItem\",\"position\":1,\"name\":\"Home\",\"item\":\"https:\/\/www.kirkonulkomaanapu.fi\/sv\/\"},{\"@type\":\"ListItem\",\"position\":2,\"name\":\"Var vi jobbar\",\"item\":\"https:\/\/www.kirkonulkomaanapu.fi\/sv\/var-vi-jobbar\/\"},{\"@type\":\"ListItem\",\"position\":3,\"name\":\"Sydsudan\"}]},{\"@type\":\"WebSite\",\"@id\":\"https:\/\/www.kirkonulkomaanapu.fi\/#website\",\"url\":\"https:\/\/www.kirkonulkomaanapu.fi\/\",\"name\":\"Kirkon Ulkomaanapu\",\"description\":\"Suomen suurin kehitysyhteisty\u00f6j\u00e4rjest\u00f6\",\"publisher\":{\"@id\":\"https:\/\/www.kirkonulkomaanapu.fi\/#organization\"},\"alternateName\":\"KUA\",\"potentialAction\":[{\"@type\":\"SearchAction\",\"target\":{\"@type\":\"EntryPoint\",\"urlTemplate\":\"https:\/\/www.kirkonulkomaanapu.fi\/?s={search_term_string}\"},\"query-input\":{\"@type\":\"PropertyValueSpecification\",\"valueRequired\":true,\"valueName\":\"search_term_string\"}}],\"inLanguage\":\"sv-SE\"},{\"@type\":\"Organization\",\"@id\":\"https:\/\/www.kirkonulkomaanapu.fi\/#organization\",\"name\":\"Kirkon Ulkomaanapu\",\"alternateName\":\"KUA\",\"url\":\"https:\/\/www.kirkonulkomaanapu.fi\/\",\"logo\":{\"@type\":\"ImageObject\",\"inLanguage\":\"sv-SE\",\"@id\":\"https:\/\/www.kirkonulkomaanapu.fi\/#\/schema\/logo\/image\/\",\"url\":\"https:\/\/www.kirkonulkomaanapu.fi\/wp-content\/uploads\/2026\/02\/Kirkon-ulkomaanapu-logo-1.png\",\"contentUrl\":\"https:\/\/www.kirkonulkomaanapu.fi\/wp-content\/uploads\/2026\/02\/Kirkon-ulkomaanapu-logo-1.png\",\"width\":225,\"height\":225,\"caption\":\"Kirkon Ulkomaanapu\"},\"image\":{\"@id\":\"https:\/\/www.kirkonulkomaanapu.fi\/#\/schema\/logo\/image\/\"},\"sameAs\":[\"https:\/\/www.facebook.com\/Ulkomaanapu\/\",\"https:\/\/www.youtube.com\/user\/kirkonulkomaanapu\",\"https:\/\/instagram.com\/kirkon_ulkomaanapu\/\",\"https:\/\/www.linkedin.com\/company\/finn-church-aid\/\"]}]}<\/script>\n<!-- \/ Yoast SEO plugin. -->","yoast_head_json":{"title":"Sydsudan - Kyrkans Utlandshj\u00e4lp - Jobb f\u00f6r m\u00e4nniskorv\u00e4rdet","description":"Kyrkans Utlandshj\u00e4lp har sitt landskontor i huvudstaden Juba samt flera f\u00e4ltkontor p\u00e5 olika h\u00e5ll av landet.","robots":{"index":"index","follow":"follow","max-snippet":"max-snippet:-1","max-image-preview":"max-image-preview:large","max-video-preview":"max-video-preview:-1"},"canonical":"https:\/\/www.kirkonulkomaanapu.fi\/sv\/var-vi-jobbar\/sydsudan-2\/","og_locale":"sv_SE","og_type":"article","og_title":"Sydsudan - Kyrkans Utlandshj\u00e4lp - Jobb f\u00f6r m\u00e4nniskorv\u00e4rdet","og_description":"Kyrkans Utlandshj\u00e4lp har sitt landskontor i huvudstaden Juba samt flera f\u00e4ltkontor p\u00e5 olika h\u00e5ll av landet.","og_url":"https:\/\/www.kirkonulkomaanapu.fi\/sv\/var-vi-jobbar\/sydsudan-2\/","og_site_name":"Kyrkans Utlandshj\u00e4lp","article_publisher":"https:\/\/www.facebook.com\/Ulkomaanapu\/","article_modified_time":"2026-03-23T07:25:32+00:00","og_image":[{"width":2048,"height":1152,"url":"https:\/\/www.kirkonulkomaanapu.fi\/wp-content\/uploads\/2020\/08\/FCAmaps_sve_Etela\u0308-Sudan.png","type":"image\/png"}],"twitter_misc":{"Ber\u00e4knad l\u00e4stid":"2 minuter"},"schema":{"@context":"https:\/\/schema.org","@graph":[{"@type":"WebPage","@id":"https:\/\/www.kirkonulkomaanapu.fi\/sv\/var-vi-jobbar\/sydsudan-2\/","url":"https:\/\/www.kirkonulkomaanapu.fi\/sv\/var-vi-jobbar\/sydsudan-2\/","name":"Sydsudan - Kyrkans Utlandshj\u00e4lp - Jobb f\u00f6r m\u00e4nniskorv\u00e4rdet","isPartOf":{"@id":"https:\/\/www.kirkonulkomaanapu.fi\/#website"},"primaryImageOfPage":{"@id":"https:\/\/www.kirkonulkomaanapu.fi\/sv\/var-vi-jobbar\/sydsudan-2\/#primaryimage"},"image":{"@id":"https:\/\/www.kirkonulkomaanapu.fi\/sv\/var-vi-jobbar\/sydsudan-2\/#primaryimage"},"thumbnailUrl":"https:\/\/www.kirkonulkomaanapu.fi\/wp-content\/uploads\/2020\/08\/FCAmaps_sve_Etela\u0308-Sudan.png","datePublished":"2025-02-11T12:32:04+00:00","dateModified":"2026-03-23T07:25:32+00:00","description":"Kyrkans Utlandshj\u00e4lp har sitt landskontor i huvudstaden Juba samt flera f\u00e4ltkontor p\u00e5 olika h\u00e5ll av landet.","breadcrumb":{"@id":"https:\/\/www.kirkonulkomaanapu.fi\/sv\/var-vi-jobbar\/sydsudan-2\/#breadcrumb"},"inLanguage":"sv-SE","potentialAction":[{"@type":"ReadAction","target":["https:\/\/www.kirkonulkomaanapu.fi\/sv\/var-vi-jobbar\/sydsudan-2\/"]}]},{"@type":"ImageObject","inLanguage":"sv-SE","@id":"https:\/\/www.kirkonulkomaanapu.fi\/sv\/var-vi-jobbar\/sydsudan-2\/#primaryimage","url":"https:\/\/www.kirkonulkomaanapu.fi\/wp-content\/uploads\/2020\/08\/FCAmaps_sve_Etela\u0308-Sudan.png","contentUrl":"https:\/\/www.kirkonulkomaanapu.fi\/wp-content\/uploads\/2020\/08\/FCAmaps_sve_Etela\u0308-Sudan.png","width":2048,"height":1152,"caption":"Karta \u00f6ver Sydsudan."},{"@type":"BreadcrumbList","@id":"https:\/\/www.kirkonulkomaanapu.fi\/sv\/var-vi-jobbar\/sydsudan-2\/#breadcrumb","itemListElement":[{"@type":"ListItem","position":1,"name":"Home","item":"https:\/\/www.kirkonulkomaanapu.fi\/sv\/"},{"@type":"ListItem","position":2,"name":"Var vi jobbar","item":"https:\/\/www.kirkonulkomaanapu.fi\/sv\/var-vi-jobbar\/"},{"@type":"ListItem","position":3,"name":"Sydsudan"}]},{"@type":"WebSite","@id":"https:\/\/www.kirkonulkomaanapu.fi\/#website","url":"https:\/\/www.kirkonulkomaanapu.fi\/","name":"Kirkon Ulkomaanapu","description":"Suomen suurin kehitysyhteisty\u00f6j\u00e4rjest\u00f6","publisher":{"@id":"https:\/\/www.kirkonulkomaanapu.fi\/#organization"},"alternateName":"KUA","potentialAction":[{"@type":"SearchAction","target":{"@type":"EntryPoint","urlTemplate":"https:\/\/www.kirkonulkomaanapu.fi\/?s={search_term_string}"},"query-input":{"@type":"PropertyValueSpecification","valueRequired":true,"valueName":"search_term_string"}}],"inLanguage":"sv-SE"},{"@type":"Organization","@id":"https:\/\/www.kirkonulkomaanapu.fi\/#organization","name":"Kirkon Ulkomaanapu","alternateName":"KUA","url":"https:\/\/www.kirkonulkomaanapu.fi\/","logo":{"@type":"ImageObject","inLanguage":"sv-SE","@id":"https:\/\/www.kirkonulkomaanapu.fi\/#\/schema\/logo\/image\/","url":"https:\/\/www.kirkonulkomaanapu.fi\/wp-content\/uploads\/2026\/02\/Kirkon-ulkomaanapu-logo-1.png","contentUrl":"https:\/\/www.kirkonulkomaanapu.fi\/wp-content\/uploads\/2026\/02\/Kirkon-ulkomaanapu-logo-1.png","width":225,"height":225,"caption":"Kirkon Ulkomaanapu"},"image":{"@id":"https:\/\/www.kirkonulkomaanapu.fi\/#\/schema\/logo\/image\/"},"sameAs":["https:\/\/www.facebook.com\/Ulkomaanapu\/","https:\/\/www.youtube.com\/user\/kirkonulkomaanapu","https:\/\/instagram.com\/kirkon_ulkomaanapu\/","https:\/\/www.linkedin.com\/company\/finn-church-aid\/"]}]}},"_links":{"self":[{"href":"https:\/\/www.kirkonulkomaanapu.fi\/sv\/wp-json\/wp\/v2\/pages\/137017","targetHints":{"allow":["GET"]}}],"collection":[{"href":"https:\/\/www.kirkonulkomaanapu.fi\/sv\/wp-json\/wp\/v2\/pages"}],"about":[{"href":"https:\/\/www.kirkonulkomaanapu.fi\/sv\/wp-json\/wp\/v2\/types\/page"}],"author":[{"embeddable":true,"href":"https:\/\/www.kirkonulkomaanapu.fi\/sv\/wp-json\/wp\/v2\/users\/183"}],"replies":[{"embeddable":true,"href":"https:\/\/www.kirkonulkomaanapu.fi\/sv\/wp-json\/wp\/v2\/comments?post=137017"}],"version-history":[{"count":3,"href":"https:\/\/www.kirkonulkomaanapu.fi\/sv\/wp-json\/wp\/v2\/pages\/137017\/revisions"}],"predecessor-version":[{"id":160548,"href":"https:\/\/www.kirkonulkomaanapu.fi\/sv\/wp-json\/wp\/v2\/pages\/137017\/revisions\/160548"}],"up":[{"embeddable":true,"href":"https:\/\/www.kirkonulkomaanapu.fi\/sv\/wp-json\/wp\/v2\/pages\/97997"}],"wp:featuredmedia":[{"embeddable":true,"href":"https:\/\/www.kirkonulkomaanapu.fi\/sv\/wp-json\/wp\/v2\/media\/111095"}],"wp:attachment":[{"href":"https:\/\/www.kirkonulkomaanapu.fi\/sv\/wp-json\/wp\/v2\/media?parent=137017"}],"curies":[{"name":"wp","href":"https:\/\/api.w.org\/{rel}","templated":true}]}}