{"id":130768,"date":"2022-06-16T09:12:32","date_gmt":"2022-06-16T06:12:32","guid":{"rendered":"https:\/\/www.kirkonulkomaanapu.fi\/?page_id=130768"},"modified":"2022-12-21T15:15:57","modified_gmt":"2022-12-21T13:15:57","slug":"anvisningar-for-forsamlingsvalets-insamling","status":"publish","type":"page","link":"https:\/\/www.kirkonulkomaanapu.fi\/sv\/kontakt\/till-forsamlingarna\/kampanjer-och-insamlingar\/anvisningar-for-forsamlingsvalets-insamling\/","title":{"rendered":"Anvisningar f\u00f6r f\u00f6rsamlingsvalets insamling"},"content":{"rendered":"<h2 class=\"is-style-brush\" ><span class=\"bg\">\nAnvisningar f\u00f6r f\u00f6rsamlingsvalets<span class=\"is-highlighted\"> insamling<\/span>\n<\/span><\/h2><h2 class=\"is-style-brush mobile\" ><span class=\"bg\">Anvisningar<\/span><span class=\"bg\">f\u00f6r<\/span><span class=\"bg\">f\u00f6rsamlingsvalets<span class=\"is-highlighted\"><\/span><span class=\"bg\">insamling<\/span><\/span><\/h2>\n\n\n<p>I f\u00f6rsamlingsvalets insamling anv\u00e4ndes Kyrkans Utlandshj\u00e4lps gr\u00f6na och vita insamlingsb\u00f6ssor med insamlingstillst\u00e5ndet RA\/2019\/723. I landskapet \u00c5land beh\u00f6ver man inte f\u00f6rse b\u00f6ssorna med tillst\u00e5ndsdekal men tillst\u00e5ndets nummer f\u00f6r valinsamlingen var \u00c5LR 2022\/3368. Insamlingsb\u00f6ssorna kan i forts\u00e4ttningen anv\u00e4ndas f\u00f6r andra insamlingar som KUH anordnar.<br><\/p>\n\n\n\n<h2 class=\"wp-block-heading\">Anvisningar f\u00f6r redovisningen<\/h2>\n\n\n\n<p>Kontonummer Handelsbanken&nbsp; <strong>FI68 3131 3001 2553 55, HANDFIHH&nbsp; <\/strong><br><br>Varje f\u00f6rsamling har ett eget referensnummer f\u00f6r insamlingen:<\/p>\n\n\n\n<ol class=\"wp-block-list\" type=\"1\">\n<li>\u00f6ppna l\u00e4nken nedan<\/li>\n\n\n\n<li>tryck ctrl + f<\/li>\n\n\n\n<li>skriv i Find-f\u00e4ltet f\u00f6rsamlingens namn och tryck Enter<\/li>\n<\/ol>\n\n\n\n<p><a href=\"https:\/\/www.kirkonulkomaanapu.fi\/wp-content\/uploads\/2022\/11\/Viitenumerot_referensnumren_22.pdf\" target=\"_blank\" rel=\"noreferrer noopener\"><strong>Referensnumren<\/strong>.<\/a><br><br><em>Kyrkans Utlandshj\u00e4lp delar insamlingens resultat lika mellan Kyrkans Utlandshj\u00e4lp, Kotimaanapu, Finska Missionss\u00e4llskapet och Finska Bibels\u00e4llskapet.<\/em><br><br><strong>Till\u00e4ggsinformation<\/strong>: ulla.oinonen(at)kua.fi och kaj-mikael.wredlund (at)kuh.fi<\/p>\n\n\n\n<p>&nbsp;<\/p>\n","protected":false},"excerpt":{"rendered":"<p>Anvisningar f\u00f6r f\u00f6rsamlingsvalets insamling Anvisningarf\u00f6rf\u00f6rsamlingsvaletsinsamling I f\u00f6rsamlingsvalets insamling anv\u00e4ndes Kyrkans Utlandshj\u00e4lps gr\u00f6na och vita insamlingsb\u00f6ssor med insamlingstillst\u00e5ndet RA\/2019\/723. I landskapet \u00c5land beh\u00f6ver man inte f\u00f6rse b\u00f6ssorna med tillst\u00e5ndsdekal men tillst\u00e5ndets nummer f\u00f6r valinsamlingen var \u00c5LR 2022\/3368. Insamlingsb\u00f6ssorna kan i forts\u00e4ttningen anv\u00e4ndas f\u00f6r andra insamlingar som KUH anordnar. Anvisningar f\u00f6r redovisningen Kontonummer Handelsbanken&nbsp; FI68 3131 3001 [&hellip;]<\/p>\n","protected":false},"author":178,"featured_media":0,"parent":3734,"menu_order":6,"comment_status":"closed","ping_status":"closed","template":"","meta":{"_acf_changed":false,"_relevanssi_hide_post":"","_relevanssi_hide_content":"","_relevanssi_pin_for_all":"","_relevanssi_pin_keywords":"","_relevanssi_unpin_keywords":"","_relevanssi_related_keywords":"","_relevanssi_related_include_ids":"","_relevanssi_related_exclude_ids":"","_relevanssi_related_no_append":"","_relevanssi_related_not_related":"","_relevanssi_related_posts":"132218,121400,129197,89500,121614,63644","_relevanssi_noindex_reason":"","_improvement_type_select":"improve_an_existing","_thumb_yes_seoaic":false,"_frame_yes_seoaic":false,"seoaic_generate_description":"","seoaic_improve_instructions_prompt":"","seoaic_rollback_content_improvement":"","seoaic_idea_thumbnail_generator":"","thumbnail_generated":false,"thumbnail_generate_prompt":"","seoaic_article_description":"","footnotes":""},"class_list":["post-130768","page","type-page","status-publish","hentry"],"acf":[],"yoast_head":"<!-- This site is optimized with the Yoast SEO plugin v26.9 - https:\/\/yoast.com\/product\/yoast-seo-wordpress\/ -->\n<title>Anvisningar f\u00f6r f\u00f6rsamlingsvalets insamling - Kyrkans Utlandshj\u00e4lp<\/title>\n<meta name=\"robots\" content=\"index, follow, max-snippet:-1, max-image-preview:large, max-video-preview:-1\" \/>\n<link rel=\"canonical\" href=\"https:\/\/www.kirkonulkomaanapu.fi\/sv\/kontakt\/till-forsamlingarna\/kampanjer-och-insamlingar\/anvisningar-for-forsamlingsvalets-insamling\/\" \/>\n<meta property=\"og:locale\" content=\"sv_SE\" \/>\n<meta property=\"og:type\" content=\"article\" \/>\n<meta property=\"og:title\" content=\"Anvisningar f\u00f6r f\u00f6rsamlingsvalets insamling - Kyrkans Utlandshj\u00e4lp\" \/>\n<meta property=\"og:description\" content=\"Anvisningar f\u00f6r f\u00f6rsamlingsvalets insamling Anvisningarf\u00f6rf\u00f6rsamlingsvaletsinsamling I f\u00f6rsamlingsvalets insamling anv\u00e4ndes Kyrkans Utlandshj\u00e4lps gr\u00f6na och vita insamlingsb\u00f6ssor med insamlingstillst\u00e5ndet RA\/2019\/723. I landskapet \u00c5land beh\u00f6ver man inte f\u00f6rse b\u00f6ssorna med tillst\u00e5ndsdekal men tillst\u00e5ndets nummer f\u00f6r valinsamlingen var \u00c5LR 2022\/3368. Insamlingsb\u00f6ssorna kan i forts\u00e4ttningen anv\u00e4ndas f\u00f6r andra insamlingar som KUH anordnar. Anvisningar f\u00f6r redovisningen Kontonummer Handelsbanken&nbsp; FI68 3131 3001 [&hellip;]\" \/>\n<meta property=\"og:url\" content=\"https:\/\/www.kirkonulkomaanapu.fi\/sv\/kontakt\/till-forsamlingarna\/kampanjer-och-insamlingar\/anvisningar-for-forsamlingsvalets-insamling\/\" \/>\n<meta property=\"og:site_name\" content=\"Kyrkans Utlandshj\u00e4lp\" \/>\n<meta property=\"article:publisher\" content=\"https:\/\/www.facebook.com\/Ulkomaanapu\/\" \/>\n<meta property=\"article:modified_time\" content=\"2022-12-21T13:15:57+00:00\" \/>\n<meta property=\"og:image\" content=\"https:\/\/www.kirkonulkomaanapu.fi\/wp-content\/uploads\/2026\/02\/Kirkon-ulkomaanapu-logo.png\" \/>\n\t<meta property=\"og:image:width\" content=\"225\" \/>\n\t<meta property=\"og:image:height\" content=\"225\" \/>\n\t<meta property=\"og:image:type\" content=\"image\/png\" \/>\n<meta name=\"twitter:label1\" content=\"Ber\u00e4knad l\u00e4stid\" \/>\n\t<meta name=\"twitter:data1\" content=\"1 minut\" \/>\n<script type=\"application\/ld+json\" class=\"yoast-schema-graph\">{\"@context\":\"https:\/\/schema.org\",\"@graph\":[{\"@type\":\"WebPage\",\"@id\":\"https:\/\/www.kirkonulkomaanapu.fi\/sv\/kontakt\/till-forsamlingarna\/kampanjer-och-insamlingar\/anvisningar-for-forsamlingsvalets-insamling\/\",\"url\":\"https:\/\/www.kirkonulkomaanapu.fi\/sv\/kontakt\/till-forsamlingarna\/kampanjer-och-insamlingar\/anvisningar-for-forsamlingsvalets-insamling\/\",\"name\":\"Anvisningar f\u00f6r f\u00f6rsamlingsvalets insamling - Kyrkans Utlandshj\u00e4lp\",\"isPartOf\":{\"@id\":\"https:\/\/www.kirkonulkomaanapu.fi\/#website\"},\"datePublished\":\"2022-06-16T06:12:32+00:00\",\"dateModified\":\"2022-12-21T13:15:57+00:00\",\"breadcrumb\":{\"@id\":\"https:\/\/www.kirkonulkomaanapu.fi\/sv\/kontakt\/till-forsamlingarna\/kampanjer-och-insamlingar\/anvisningar-for-forsamlingsvalets-insamling\/#breadcrumb\"},\"inLanguage\":\"sv-SE\",\"potentialAction\":[{\"@type\":\"ReadAction\",\"target\":[\"https:\/\/www.kirkonulkomaanapu.fi\/sv\/kontakt\/till-forsamlingarna\/kampanjer-och-insamlingar\/anvisningar-for-forsamlingsvalets-insamling\/\"]}]},{\"@type\":\"BreadcrumbList\",\"@id\":\"https:\/\/www.kirkonulkomaanapu.fi\/sv\/kontakt\/till-forsamlingarna\/kampanjer-och-insamlingar\/anvisningar-for-forsamlingsvalets-insamling\/#breadcrumb\",\"itemListElement\":[{\"@type\":\"ListItem\",\"position\":1,\"name\":\"Home\",\"item\":\"https:\/\/www.kirkonulkomaanapu.fi\/sv\/\"},{\"@type\":\"ListItem\",\"position\":2,\"name\":\"Kontakt\",\"item\":\"https:\/\/www.kirkonulkomaanapu.fi\/sv\/kontakt\/\"},{\"@type\":\"ListItem\",\"position\":3,\"name\":\"Till f\u00f6rsamlingarna\",\"item\":\"https:\/\/www.kirkonulkomaanapu.fi\/sv\/kontakt\/till-forsamlingarna\/\"},{\"@type\":\"ListItem\",\"position\":4,\"name\":\"Kampanjer och insamlingar\",\"item\":\"https:\/\/www.kirkonulkomaanapu.fi\/sv\/kontakt\/till-forsamlingarna\/kampanjer-och-insamlingar\/\"},{\"@type\":\"ListItem\",\"position\":5,\"name\":\"Anvisningar f\u00f6r f\u00f6rsamlingsvalets insamling\"}]},{\"@type\":\"WebSite\",\"@id\":\"https:\/\/www.kirkonulkomaanapu.fi\/#website\",\"url\":\"https:\/\/www.kirkonulkomaanapu.fi\/\",\"name\":\"Kirkon Ulkomaanapu\",\"description\":\"Suomen suurin kehitysyhteisty\u00f6j\u00e4rjest\u00f6\",\"publisher\":{\"@id\":\"https:\/\/www.kirkonulkomaanapu.fi\/#organization\"},\"alternateName\":\"KUA\",\"potentialAction\":[{\"@type\":\"SearchAction\",\"target\":{\"@type\":\"EntryPoint\",\"urlTemplate\":\"https:\/\/www.kirkonulkomaanapu.fi\/?s={search_term_string}\"},\"query-input\":{\"@type\":\"PropertyValueSpecification\",\"valueRequired\":true,\"valueName\":\"search_term_string\"}}],\"inLanguage\":\"sv-SE\"},{\"@type\":\"Organization\",\"@id\":\"https:\/\/www.kirkonulkomaanapu.fi\/#organization\",\"name\":\"Kirkon Ulkomaanapu\",\"alternateName\":\"KUA\",\"url\":\"https:\/\/www.kirkonulkomaanapu.fi\/\",\"logo\":{\"@type\":\"ImageObject\",\"inLanguage\":\"sv-SE\",\"@id\":\"https:\/\/www.kirkonulkomaanapu.fi\/#\/schema\/logo\/image\/\",\"url\":\"https:\/\/www.kirkonulkomaanapu.fi\/wp-content\/uploads\/2026\/02\/Kirkon-ulkomaanapu-logo-1.png\",\"contentUrl\":\"https:\/\/www.kirkonulkomaanapu.fi\/wp-content\/uploads\/2026\/02\/Kirkon-ulkomaanapu-logo-1.png\",\"width\":225,\"height\":225,\"caption\":\"Kirkon Ulkomaanapu\"},\"image\":{\"@id\":\"https:\/\/www.kirkonulkomaanapu.fi\/#\/schema\/logo\/image\/\"},\"sameAs\":[\"https:\/\/www.facebook.com\/Ulkomaanapu\/\",\"https:\/\/www.youtube.com\/user\/kirkonulkomaanapu\",\"https:\/\/instagram.com\/kirkon_ulkomaanapu\/\",\"https:\/\/www.linkedin.com\/company\/finn-church-aid\/\"]}]}<\/script>\n<!-- \/ Yoast SEO plugin. -->","yoast_head_json":{"title":"Anvisningar f\u00f6r f\u00f6rsamlingsvalets insamling - Kyrkans Utlandshj\u00e4lp","robots":{"index":"index","follow":"follow","max-snippet":"max-snippet:-1","max-image-preview":"max-image-preview:large","max-video-preview":"max-video-preview:-1"},"canonical":"https:\/\/www.kirkonulkomaanapu.fi\/sv\/kontakt\/till-forsamlingarna\/kampanjer-och-insamlingar\/anvisningar-for-forsamlingsvalets-insamling\/","og_locale":"sv_SE","og_type":"article","og_title":"Anvisningar f\u00f6r f\u00f6rsamlingsvalets insamling - Kyrkans Utlandshj\u00e4lp","og_description":"Anvisningar f\u00f6r f\u00f6rsamlingsvalets insamling Anvisningarf\u00f6rf\u00f6rsamlingsvaletsinsamling I f\u00f6rsamlingsvalets insamling anv\u00e4ndes Kyrkans Utlandshj\u00e4lps gr\u00f6na och vita insamlingsb\u00f6ssor med insamlingstillst\u00e5ndet RA\/2019\/723. I landskapet \u00c5land beh\u00f6ver man inte f\u00f6rse b\u00f6ssorna med tillst\u00e5ndsdekal men tillst\u00e5ndets nummer f\u00f6r valinsamlingen var \u00c5LR 2022\/3368. Insamlingsb\u00f6ssorna kan i forts\u00e4ttningen anv\u00e4ndas f\u00f6r andra insamlingar som KUH anordnar. Anvisningar f\u00f6r redovisningen Kontonummer Handelsbanken&nbsp; FI68 3131 3001 [&hellip;]","og_url":"https:\/\/www.kirkonulkomaanapu.fi\/sv\/kontakt\/till-forsamlingarna\/kampanjer-och-insamlingar\/anvisningar-for-forsamlingsvalets-insamling\/","og_site_name":"Kyrkans Utlandshj\u00e4lp","article_publisher":"https:\/\/www.facebook.com\/Ulkomaanapu\/","article_modified_time":"2022-12-21T13:15:57+00:00","og_image":[{"width":225,"height":225,"url":"https:\/\/www.kirkonulkomaanapu.fi\/wp-content\/uploads\/2026\/02\/Kirkon-ulkomaanapu-logo.png","type":"image\/png"}],"twitter_misc":{"Ber\u00e4knad l\u00e4stid":"1 minut"},"schema":{"@context":"https:\/\/schema.org","@graph":[{"@type":"WebPage","@id":"https:\/\/www.kirkonulkomaanapu.fi\/sv\/kontakt\/till-forsamlingarna\/kampanjer-och-insamlingar\/anvisningar-for-forsamlingsvalets-insamling\/","url":"https:\/\/www.kirkonulkomaanapu.fi\/sv\/kontakt\/till-forsamlingarna\/kampanjer-och-insamlingar\/anvisningar-for-forsamlingsvalets-insamling\/","name":"Anvisningar f\u00f6r f\u00f6rsamlingsvalets insamling - Kyrkans Utlandshj\u00e4lp","isPartOf":{"@id":"https:\/\/www.kirkonulkomaanapu.fi\/#website"},"datePublished":"2022-06-16T06:12:32+00:00","dateModified":"2022-12-21T13:15:57+00:00","breadcrumb":{"@id":"https:\/\/www.kirkonulkomaanapu.fi\/sv\/kontakt\/till-forsamlingarna\/kampanjer-och-insamlingar\/anvisningar-for-forsamlingsvalets-insamling\/#breadcrumb"},"inLanguage":"sv-SE","potentialAction":[{"@type":"ReadAction","target":["https:\/\/www.kirkonulkomaanapu.fi\/sv\/kontakt\/till-forsamlingarna\/kampanjer-och-insamlingar\/anvisningar-for-forsamlingsvalets-insamling\/"]}]},{"@type":"BreadcrumbList","@id":"https:\/\/www.kirkonulkomaanapu.fi\/sv\/kontakt\/till-forsamlingarna\/kampanjer-och-insamlingar\/anvisningar-for-forsamlingsvalets-insamling\/#breadcrumb","itemListElement":[{"@type":"ListItem","position":1,"name":"Home","item":"https:\/\/www.kirkonulkomaanapu.fi\/sv\/"},{"@type":"ListItem","position":2,"name":"Kontakt","item":"https:\/\/www.kirkonulkomaanapu.fi\/sv\/kontakt\/"},{"@type":"ListItem","position":3,"name":"Till f\u00f6rsamlingarna","item":"https:\/\/www.kirkonulkomaanapu.fi\/sv\/kontakt\/till-forsamlingarna\/"},{"@type":"ListItem","position":4,"name":"Kampanjer och insamlingar","item":"https:\/\/www.kirkonulkomaanapu.fi\/sv\/kontakt\/till-forsamlingarna\/kampanjer-och-insamlingar\/"},{"@type":"ListItem","position":5,"name":"Anvisningar f\u00f6r f\u00f6rsamlingsvalets insamling"}]},{"@type":"WebSite","@id":"https:\/\/www.kirkonulkomaanapu.fi\/#website","url":"https:\/\/www.kirkonulkomaanapu.fi\/","name":"Kirkon Ulkomaanapu","description":"Suomen suurin kehitysyhteisty\u00f6j\u00e4rjest\u00f6","publisher":{"@id":"https:\/\/www.kirkonulkomaanapu.fi\/#organization"},"alternateName":"KUA","potentialAction":[{"@type":"SearchAction","target":{"@type":"EntryPoint","urlTemplate":"https:\/\/www.kirkonulkomaanapu.fi\/?s={search_term_string}"},"query-input":{"@type":"PropertyValueSpecification","valueRequired":true,"valueName":"search_term_string"}}],"inLanguage":"sv-SE"},{"@type":"Organization","@id":"https:\/\/www.kirkonulkomaanapu.fi\/#organization","name":"Kirkon Ulkomaanapu","alternateName":"KUA","url":"https:\/\/www.kirkonulkomaanapu.fi\/","logo":{"@type":"ImageObject","inLanguage":"sv-SE","@id":"https:\/\/www.kirkonulkomaanapu.fi\/#\/schema\/logo\/image\/","url":"https:\/\/www.kirkonulkomaanapu.fi\/wp-content\/uploads\/2026\/02\/Kirkon-ulkomaanapu-logo-1.png","contentUrl":"https:\/\/www.kirkonulkomaanapu.fi\/wp-content\/uploads\/2026\/02\/Kirkon-ulkomaanapu-logo-1.png","width":225,"height":225,"caption":"Kirkon Ulkomaanapu"},"image":{"@id":"https:\/\/www.kirkonulkomaanapu.fi\/#\/schema\/logo\/image\/"},"sameAs":["https:\/\/www.facebook.com\/Ulkomaanapu\/","https:\/\/www.youtube.com\/user\/kirkonulkomaanapu","https:\/\/instagram.com\/kirkon_ulkomaanapu\/","https:\/\/www.linkedin.com\/company\/finn-church-aid\/"]}]}},"_links":{"self":[{"href":"https:\/\/www.kirkonulkomaanapu.fi\/sv\/wp-json\/wp\/v2\/pages\/130768","targetHints":{"allow":["GET"]}}],"collection":[{"href":"https:\/\/www.kirkonulkomaanapu.fi\/sv\/wp-json\/wp\/v2\/pages"}],"about":[{"href":"https:\/\/www.kirkonulkomaanapu.fi\/sv\/wp-json\/wp\/v2\/types\/page"}],"author":[{"embeddable":true,"href":"https:\/\/www.kirkonulkomaanapu.fi\/sv\/wp-json\/wp\/v2\/users\/178"}],"replies":[{"embeddable":true,"href":"https:\/\/www.kirkonulkomaanapu.fi\/sv\/wp-json\/wp\/v2\/comments?post=130768"}],"version-history":[{"count":2,"href":"https:\/\/www.kirkonulkomaanapu.fi\/sv\/wp-json\/wp\/v2\/pages\/130768\/revisions"}],"predecessor-version":[{"id":136081,"href":"https:\/\/www.kirkonulkomaanapu.fi\/sv\/wp-json\/wp\/v2\/pages\/130768\/revisions\/136081"}],"up":[{"embeddable":true,"href":"https:\/\/www.kirkonulkomaanapu.fi\/sv\/wp-json\/wp\/v2\/pages\/3734"}],"wp:attachment":[{"href":"https:\/\/www.kirkonulkomaanapu.fi\/sv\/wp-json\/wp\/v2\/media?parent=130768"}],"curies":[{"name":"wp","href":"https:\/\/api.w.org\/{rel}","templated":true}]}}