{"id":130757,"date":"2022-06-16T09:17:48","date_gmt":"2022-06-16T06:17:48","guid":{"rendered":"https:\/\/www.kirkonulkomaanapu.fi\/?page_id=130757"},"modified":"2022-12-21T15:19:27","modified_gmt":"2022-12-21T13:19:27","slug":"ett-samarbete","status":"publish","type":"page","link":"https:\/\/www.kirkonulkomaanapu.fi\/sv\/kontakt\/till-forsamlingarna\/kampanjer-och-insamlingar\/ett-samarbete\/","title":{"rendered":"F\u00f6rsamlingsvalets insamling 2022"},"content":{"rendered":"<h2 class=\"is-style-brush\" ><span class=\"bg\">\nF\u00f6rsamlingsvalets<span class=\"is-highlighted\"> insamling<\/span>\n<\/span><\/h2><h2 class=\"is-style-brush mobile\" ><span class=\"bg\">F\u00f6rsamlingsvalets<span class=\"is-highlighted\"><\/span><span class=\"bg\">insamling<\/span><\/span><\/h2>\n\n\n<figure class=\"wp-block-image size-full\"><img loading=\"lazy\" decoding=\"async\" width=\"1024\" height=\"1024\" src=\"https:\/\/www.kirkonulkomaanapu.fi\/wp-content\/uploads\/2022\/06\/logo_svenska.jpg\" alt=\"\" class=\"wp-image-130762\" srcset=\"https:\/\/www.kirkonulkomaanapu.fi\/wp-content\/uploads\/2022\/06\/logo_svenska.jpg 1024w, https:\/\/www.kirkonulkomaanapu.fi\/wp-content\/uploads\/2022\/06\/logo_svenska-480x480.jpg 480w, https:\/\/www.kirkonulkomaanapu.fi\/wp-content\/uploads\/2022\/06\/logo_svenska-225x225.jpg 225w, https:\/\/www.kirkonulkomaanapu.fi\/wp-content\/uploads\/2022\/06\/logo_svenska-768x768.jpg 768w, https:\/\/www.kirkonulkomaanapu.fi\/wp-content\/uploads\/2022\/06\/logo_svenska-178x178.jpg 178w\" sizes=\"auto, (max-width: 1024px) 100vw, 1024px\" \/><\/figure>\n\n\n\n<div class=\"wp-block-buttons is-layout-flex wp-block-buttons-is-layout-flex\"><\/div>\n\n\n\n<p class=\"is-style-ingress\">I anslutning till f\u00f6rsamlingsvalet \u00e5r 2022 genomf\u00f6rdes en valinsamling. Den var ett samarbete mellan Kyrkans Utlandshj\u00e4lp, Kyrktj\u00e4nsts Kotimaanapu, Finska Missionss\u00e4llskapet och Finska Bibels\u00e4llskapet. Int\u00e4kterna anv\u00e4nds till att hj\u00e4lpa m\u00e4nniskor i n\u00f6d b\u00e5de i Finland och i utlandet. Insamlingen \u00e4r avslutad.<\/p>\n\n\n\n<p><strong>Kyrkans Utlandshj\u00e4lp<\/strong> riktar sin andel av de insamlade medlen till sin katastroffond ur vilken man i hela v\u00e4rlden bist\u00e5r m\u00e4nniskor som drabbats av katastrofer och \u00e4r i n\u00f6d. Man svarar \u00e4ven p\u00e5 l\u00e5ngvariga humanit\u00e4ra hj\u00e4lpbehov.<br><br><strong>Kyrktj\u00e4nsts Kotimaanapu<\/strong> riktar sin andel av de insamlade medlen till att hj\u00e4lpa krisdrabbade och mindre bemedlade m\u00e4nniskor i Finland. Det sker i samarbete med lokalf\u00f6rsamlingarnas diakoni.<br><br><strong>Finska Missionss\u00e4llskapet<\/strong> riktar sin andel av de insamlade medlen till \u00e5teruppbyggnadsarbetet och s\u00e4kerst\u00e4llandet av m\u00e4nniskors \u00f6verlevnad p\u00e5 krisdrabbade omr\u00e5den. Man vill s\u00e4rskilt trygga tillg\u00e5ngen till mat och bek\u00e4mpa klimatf\u00f6r\u00e4ndringens effekter.<br><br><strong>Finska Bibels\u00e4llskapet<\/strong> riktar sin andel av de insamlade medlen till sin verksamhet f\u00f6r barn i Mellan\u00f6stern. Att leva i fred, f\u00f6rl\u00e5telse och k\u00e4rlek \u00e4r v\u00e4rden som tas upp i Bibels\u00e4llskapens <\/p>\n\n\n\n<h2 class=\"wp-block-heading\">Hj\u00e4lpen n\u00e5r fram<\/h2>\n\n\n\n<p><strong>Kyrkans Utlandshj\u00e4lp<\/strong> \u00e4r Finlands st\u00f6rsta organisation f\u00f6r internationellt bist\u00e5nd. KUH verkar d\u00e4r n\u00f6den \u00e4r st\u00f6rst och arbetar med de allra fattigaste utan att se till religion, etnicitet eller politisk \u00f6vertygelse.<br \/><br \/><strong>Kyrktj\u00e4nst<\/strong> producerar v\u00e4lf\u00e4rds- och utbildningstj\u00e4nster och \u00e4r en akt\u00f6r inom v\u00e4lg\u00f6renhet. D\u00e4rtill \u00e4r den f\u00f6rsamlingarnas och de kristliga akt\u00f6rernas nationella samarbets- och serviceorganisation.<br \/><br \/><strong>Finska Missionss\u00e4llskapet\u00a0<\/strong>\u00e4r en av kyrkans organisationer f\u00f6r internationellt arbete och en av Finlands st\u00f6rsta organisationer f\u00f6r utvecklingssamarbete. Missionss\u00e4llskapet utf\u00f6r missionsarbete, utvecklingssamarbete och fredsarbete i 30 l\u00e4nder runt om i v\u00e4rlden.<br \/><br \/><strong style=\"font-size: revert; color: initial;\">Finska Bibelss\u00e4llskapets<\/strong><span style=\"font-size: revert; color: initial;\"> arbete f\u00f6r Bibelns budskap n\u00e4ra m\u00e4nniskan, p\u00e5 hennes eget spr\u00e5k. Bibels\u00e4llskapet \u00f6vers\u00e4tter och utger Bibeln och v\u00e4cker intresse f\u00f6r ordet. Arbetet fr\u00e4mjar l\u00e4skunnigheten och f\u00f6rb\u00e4ttrar utsatta m\u00e4nniskors situation.<\/span><br \/><br \/><a style=\"font-size: revert;\" href=\"https:\/\/www.kirkonulkomaanapu.fi\/sv\/kontakt\/till-forsamlingarna\/kampanjer-och-insamlingar\/anvisningar-for-forsamlingsvalets-insamling\/\" target=\"_blank\" rel=\"noreferrer noopener\">Insamlingsanvisningarna<\/a><\/p>\r\n<p>\n\n\n\n<\/p>\r\n<p>&nbsp;<\/p>\r\n<p>\n\n\n<p><\/p>\n<p>&nbsp;<\/p>","protected":false},"excerpt":{"rendered":"<p>F\u00f6rsamlingsvalets insamling F\u00f6rsamlingsvaletsinsamling I anslutning till f\u00f6rsamlingsvalet \u00e5r 2022 genomf\u00f6rdes en valinsamling. Den var ett samarbete mellan Kyrkans Utlandshj\u00e4lp, Kyrktj\u00e4nsts Kotimaanapu, Finska Missionss\u00e4llskapet och Finska Bibels\u00e4llskapet. Int\u00e4kterna anv\u00e4nds till att hj\u00e4lpa m\u00e4nniskor i n\u00f6d b\u00e5de i Finland och i utlandet. Insamlingen \u00e4r avslutad. Kyrkans Utlandshj\u00e4lp riktar sin andel av de insamlade medlen till sin katastroffond [&hellip;]<\/p>\n","protected":false},"author":178,"featured_media":0,"parent":3734,"menu_order":7,"comment_status":"closed","ping_status":"closed","template":"","meta":{"_acf_changed":false,"_relevanssi_hide_post":"","_relevanssi_hide_content":"","_relevanssi_pin_for_all":"","_relevanssi_pin_keywords":"","_relevanssi_unpin_keywords":"","_relevanssi_related_keywords":"","_relevanssi_related_include_ids":"","_relevanssi_related_exclude_ids":"","_relevanssi_related_no_append":"","_relevanssi_related_not_related":"","_relevanssi_related_posts":"108131,121400,121424,132218,63644,121649","_relevanssi_noindex_reason":"","_improvement_type_select":"improve_an_existing","_thumb_yes_seoaic":false,"_frame_yes_seoaic":false,"seoaic_generate_description":"","seoaic_improve_instructions_prompt":"","seoaic_rollback_content_improvement":"","seoaic_idea_thumbnail_generator":"","thumbnail_generated":false,"thumbnail_generate_prompt":"","seoaic_article_description":"","footnotes":""},"class_list":["post-130757","page","type-page","status-publish","hentry"],"acf":[],"yoast_head":"<!-- This site is optimized with the Yoast SEO plugin v26.9 - https:\/\/yoast.com\/product\/yoast-seo-wordpress\/ -->\n<title>F\u00f6rsamlingsvalets insamling 2022 - Kyrkans Utlandshj\u00e4lp<\/title>\n<meta name=\"robots\" content=\"index, follow, max-snippet:-1, max-image-preview:large, max-video-preview:-1\" \/>\n<link rel=\"canonical\" href=\"https:\/\/www.kirkonulkomaanapu.fi\/sv\/kontakt\/till-forsamlingarna\/kampanjer-och-insamlingar\/ett-samarbete\/\" \/>\n<meta property=\"og:locale\" content=\"sv_SE\" \/>\n<meta property=\"og:type\" content=\"article\" \/>\n<meta property=\"og:title\" content=\"F\u00f6rsamlingsvalets insamling 2022 - Kyrkans Utlandshj\u00e4lp\" \/>\n<meta property=\"og:description\" content=\"F\u00f6rsamlingsvalets insamling F\u00f6rsamlingsvaletsinsamling I anslutning till f\u00f6rsamlingsvalet \u00e5r 2022 genomf\u00f6rdes en valinsamling. Den var ett samarbete mellan Kyrkans Utlandshj\u00e4lp, Kyrktj\u00e4nsts Kotimaanapu, Finska Missionss\u00e4llskapet och Finska Bibels\u00e4llskapet. Int\u00e4kterna anv\u00e4nds till att hj\u00e4lpa m\u00e4nniskor i n\u00f6d b\u00e5de i Finland och i utlandet. Insamlingen \u00e4r avslutad. Kyrkans Utlandshj\u00e4lp riktar sin andel av de insamlade medlen till sin katastroffond [&hellip;]\" \/>\n<meta property=\"og:url\" content=\"https:\/\/www.kirkonulkomaanapu.fi\/sv\/kontakt\/till-forsamlingarna\/kampanjer-och-insamlingar\/ett-samarbete\/\" \/>\n<meta property=\"og:site_name\" content=\"Kyrkans Utlandshj\u00e4lp\" \/>\n<meta property=\"article:publisher\" content=\"https:\/\/www.facebook.com\/Ulkomaanapu\/\" \/>\n<meta property=\"article:modified_time\" content=\"2022-12-21T13:19:27+00:00\" \/>\n<meta property=\"og:image\" content=\"https:\/\/www.kirkonulkomaanapu.fi\/wp-content\/uploads\/2022\/06\/logo_svenska.jpg\" \/>\n<meta name=\"twitter:label1\" content=\"Ber\u00e4knad l\u00e4stid\" \/>\n\t<meta name=\"twitter:data1\" content=\"2 minuter\" \/>\n<script type=\"application\/ld+json\" class=\"yoast-schema-graph\">{\"@context\":\"https:\/\/schema.org\",\"@graph\":[{\"@type\":\"WebPage\",\"@id\":\"https:\/\/www.kirkonulkomaanapu.fi\/sv\/kontakt\/till-forsamlingarna\/kampanjer-och-insamlingar\/ett-samarbete\/\",\"url\":\"https:\/\/www.kirkonulkomaanapu.fi\/sv\/kontakt\/till-forsamlingarna\/kampanjer-och-insamlingar\/ett-samarbete\/\",\"name\":\"F\u00f6rsamlingsvalets insamling 2022 - Kyrkans Utlandshj\u00e4lp\",\"isPartOf\":{\"@id\":\"https:\/\/www.kirkonulkomaanapu.fi\/#website\"},\"primaryImageOfPage\":{\"@id\":\"https:\/\/www.kirkonulkomaanapu.fi\/sv\/kontakt\/till-forsamlingarna\/kampanjer-och-insamlingar\/ett-samarbete\/#primaryimage\"},\"image\":{\"@id\":\"https:\/\/www.kirkonulkomaanapu.fi\/sv\/kontakt\/till-forsamlingarna\/kampanjer-och-insamlingar\/ett-samarbete\/#primaryimage\"},\"thumbnailUrl\":\"https:\/\/www.kirkonulkomaanapu.fi\/wp-content\/uploads\/2022\/06\/logo_svenska.jpg\",\"datePublished\":\"2022-06-16T06:17:48+00:00\",\"dateModified\":\"2022-12-21T13:19:27+00:00\",\"breadcrumb\":{\"@id\":\"https:\/\/www.kirkonulkomaanapu.fi\/sv\/kontakt\/till-forsamlingarna\/kampanjer-och-insamlingar\/ett-samarbete\/#breadcrumb\"},\"inLanguage\":\"sv-SE\",\"potentialAction\":[{\"@type\":\"ReadAction\",\"target\":[\"https:\/\/www.kirkonulkomaanapu.fi\/sv\/kontakt\/till-forsamlingarna\/kampanjer-och-insamlingar\/ett-samarbete\/\"]}]},{\"@type\":\"ImageObject\",\"inLanguage\":\"sv-SE\",\"@id\":\"https:\/\/www.kirkonulkomaanapu.fi\/sv\/kontakt\/till-forsamlingarna\/kampanjer-och-insamlingar\/ett-samarbete\/#primaryimage\",\"url\":\"https:\/\/www.kirkonulkomaanapu.fi\/wp-content\/uploads\/2022\/06\/logo_svenska.jpg\",\"contentUrl\":\"https:\/\/www.kirkonulkomaanapu.fi\/wp-content\/uploads\/2022\/06\/logo_svenska.jpg\"},{\"@type\":\"BreadcrumbList\",\"@id\":\"https:\/\/www.kirkonulkomaanapu.fi\/sv\/kontakt\/till-forsamlingarna\/kampanjer-och-insamlingar\/ett-samarbete\/#breadcrumb\",\"itemListElement\":[{\"@type\":\"ListItem\",\"position\":1,\"name\":\"Home\",\"item\":\"https:\/\/www.kirkonulkomaanapu.fi\/sv\/\"},{\"@type\":\"ListItem\",\"position\":2,\"name\":\"Kontakt\",\"item\":\"https:\/\/www.kirkonulkomaanapu.fi\/sv\/kontakt\/\"},{\"@type\":\"ListItem\",\"position\":3,\"name\":\"Till f\u00f6rsamlingarna\",\"item\":\"https:\/\/www.kirkonulkomaanapu.fi\/sv\/kontakt\/till-forsamlingarna\/\"},{\"@type\":\"ListItem\",\"position\":4,\"name\":\"Kampanjer och insamlingar\",\"item\":\"https:\/\/www.kirkonulkomaanapu.fi\/sv\/kontakt\/till-forsamlingarna\/kampanjer-och-insamlingar\/\"},{\"@type\":\"ListItem\",\"position\":5,\"name\":\"F\u00f6rsamlingsvalets insamling 2022\"}]},{\"@type\":\"WebSite\",\"@id\":\"https:\/\/www.kirkonulkomaanapu.fi\/#website\",\"url\":\"https:\/\/www.kirkonulkomaanapu.fi\/\",\"name\":\"Kirkon Ulkomaanapu\",\"description\":\"Suomen suurin kehitysyhteisty\u00f6j\u00e4rjest\u00f6\",\"publisher\":{\"@id\":\"https:\/\/www.kirkonulkomaanapu.fi\/#organization\"},\"alternateName\":\"KUA\",\"potentialAction\":[{\"@type\":\"SearchAction\",\"target\":{\"@type\":\"EntryPoint\",\"urlTemplate\":\"https:\/\/www.kirkonulkomaanapu.fi\/?s={search_term_string}\"},\"query-input\":{\"@type\":\"PropertyValueSpecification\",\"valueRequired\":true,\"valueName\":\"search_term_string\"}}],\"inLanguage\":\"sv-SE\"},{\"@type\":\"Organization\",\"@id\":\"https:\/\/www.kirkonulkomaanapu.fi\/#organization\",\"name\":\"Kirkon Ulkomaanapu\",\"alternateName\":\"KUA\",\"url\":\"https:\/\/www.kirkonulkomaanapu.fi\/\",\"logo\":{\"@type\":\"ImageObject\",\"inLanguage\":\"sv-SE\",\"@id\":\"https:\/\/www.kirkonulkomaanapu.fi\/#\/schema\/logo\/image\/\",\"url\":\"https:\/\/www.kirkonulkomaanapu.fi\/wp-content\/uploads\/2026\/02\/Kirkon-ulkomaanapu-logo-1.png\",\"contentUrl\":\"https:\/\/www.kirkonulkomaanapu.fi\/wp-content\/uploads\/2026\/02\/Kirkon-ulkomaanapu-logo-1.png\",\"width\":225,\"height\":225,\"caption\":\"Kirkon Ulkomaanapu\"},\"image\":{\"@id\":\"https:\/\/www.kirkonulkomaanapu.fi\/#\/schema\/logo\/image\/\"},\"sameAs\":[\"https:\/\/www.facebook.com\/Ulkomaanapu\/\",\"https:\/\/www.youtube.com\/user\/kirkonulkomaanapu\",\"https:\/\/instagram.com\/kirkon_ulkomaanapu\/\",\"https:\/\/www.linkedin.com\/company\/finn-church-aid\/\"]}]}<\/script>\n<!-- \/ Yoast SEO plugin. -->","yoast_head_json":{"title":"F\u00f6rsamlingsvalets insamling 2022 - Kyrkans Utlandshj\u00e4lp","robots":{"index":"index","follow":"follow","max-snippet":"max-snippet:-1","max-image-preview":"max-image-preview:large","max-video-preview":"max-video-preview:-1"},"canonical":"https:\/\/www.kirkonulkomaanapu.fi\/sv\/kontakt\/till-forsamlingarna\/kampanjer-och-insamlingar\/ett-samarbete\/","og_locale":"sv_SE","og_type":"article","og_title":"F\u00f6rsamlingsvalets insamling 2022 - Kyrkans Utlandshj\u00e4lp","og_description":"F\u00f6rsamlingsvalets insamling F\u00f6rsamlingsvaletsinsamling I anslutning till f\u00f6rsamlingsvalet \u00e5r 2022 genomf\u00f6rdes en valinsamling. Den var ett samarbete mellan Kyrkans Utlandshj\u00e4lp, Kyrktj\u00e4nsts Kotimaanapu, Finska Missionss\u00e4llskapet och Finska Bibels\u00e4llskapet. Int\u00e4kterna anv\u00e4nds till att hj\u00e4lpa m\u00e4nniskor i n\u00f6d b\u00e5de i Finland och i utlandet. Insamlingen \u00e4r avslutad. Kyrkans Utlandshj\u00e4lp riktar sin andel av de insamlade medlen till sin katastroffond [&hellip;]","og_url":"https:\/\/www.kirkonulkomaanapu.fi\/sv\/kontakt\/till-forsamlingarna\/kampanjer-och-insamlingar\/ett-samarbete\/","og_site_name":"Kyrkans Utlandshj\u00e4lp","article_publisher":"https:\/\/www.facebook.com\/Ulkomaanapu\/","article_modified_time":"2022-12-21T13:19:27+00:00","og_image":[{"url":"https:\/\/www.kirkonulkomaanapu.fi\/wp-content\/uploads\/2022\/06\/logo_svenska.jpg","type":"","width":"","height":""}],"twitter_misc":{"Ber\u00e4knad l\u00e4stid":"2 minuter"},"schema":{"@context":"https:\/\/schema.org","@graph":[{"@type":"WebPage","@id":"https:\/\/www.kirkonulkomaanapu.fi\/sv\/kontakt\/till-forsamlingarna\/kampanjer-och-insamlingar\/ett-samarbete\/","url":"https:\/\/www.kirkonulkomaanapu.fi\/sv\/kontakt\/till-forsamlingarna\/kampanjer-och-insamlingar\/ett-samarbete\/","name":"F\u00f6rsamlingsvalets insamling 2022 - Kyrkans Utlandshj\u00e4lp","isPartOf":{"@id":"https:\/\/www.kirkonulkomaanapu.fi\/#website"},"primaryImageOfPage":{"@id":"https:\/\/www.kirkonulkomaanapu.fi\/sv\/kontakt\/till-forsamlingarna\/kampanjer-och-insamlingar\/ett-samarbete\/#primaryimage"},"image":{"@id":"https:\/\/www.kirkonulkomaanapu.fi\/sv\/kontakt\/till-forsamlingarna\/kampanjer-och-insamlingar\/ett-samarbete\/#primaryimage"},"thumbnailUrl":"https:\/\/www.kirkonulkomaanapu.fi\/wp-content\/uploads\/2022\/06\/logo_svenska.jpg","datePublished":"2022-06-16T06:17:48+00:00","dateModified":"2022-12-21T13:19:27+00:00","breadcrumb":{"@id":"https:\/\/www.kirkonulkomaanapu.fi\/sv\/kontakt\/till-forsamlingarna\/kampanjer-och-insamlingar\/ett-samarbete\/#breadcrumb"},"inLanguage":"sv-SE","potentialAction":[{"@type":"ReadAction","target":["https:\/\/www.kirkonulkomaanapu.fi\/sv\/kontakt\/till-forsamlingarna\/kampanjer-och-insamlingar\/ett-samarbete\/"]}]},{"@type":"ImageObject","inLanguage":"sv-SE","@id":"https:\/\/www.kirkonulkomaanapu.fi\/sv\/kontakt\/till-forsamlingarna\/kampanjer-och-insamlingar\/ett-samarbete\/#primaryimage","url":"https:\/\/www.kirkonulkomaanapu.fi\/wp-content\/uploads\/2022\/06\/logo_svenska.jpg","contentUrl":"https:\/\/www.kirkonulkomaanapu.fi\/wp-content\/uploads\/2022\/06\/logo_svenska.jpg"},{"@type":"BreadcrumbList","@id":"https:\/\/www.kirkonulkomaanapu.fi\/sv\/kontakt\/till-forsamlingarna\/kampanjer-och-insamlingar\/ett-samarbete\/#breadcrumb","itemListElement":[{"@type":"ListItem","position":1,"name":"Home","item":"https:\/\/www.kirkonulkomaanapu.fi\/sv\/"},{"@type":"ListItem","position":2,"name":"Kontakt","item":"https:\/\/www.kirkonulkomaanapu.fi\/sv\/kontakt\/"},{"@type":"ListItem","position":3,"name":"Till f\u00f6rsamlingarna","item":"https:\/\/www.kirkonulkomaanapu.fi\/sv\/kontakt\/till-forsamlingarna\/"},{"@type":"ListItem","position":4,"name":"Kampanjer och insamlingar","item":"https:\/\/www.kirkonulkomaanapu.fi\/sv\/kontakt\/till-forsamlingarna\/kampanjer-och-insamlingar\/"},{"@type":"ListItem","position":5,"name":"F\u00f6rsamlingsvalets insamling 2022"}]},{"@type":"WebSite","@id":"https:\/\/www.kirkonulkomaanapu.fi\/#website","url":"https:\/\/www.kirkonulkomaanapu.fi\/","name":"Kirkon Ulkomaanapu","description":"Suomen suurin kehitysyhteisty\u00f6j\u00e4rjest\u00f6","publisher":{"@id":"https:\/\/www.kirkonulkomaanapu.fi\/#organization"},"alternateName":"KUA","potentialAction":[{"@type":"SearchAction","target":{"@type":"EntryPoint","urlTemplate":"https:\/\/www.kirkonulkomaanapu.fi\/?s={search_term_string}"},"query-input":{"@type":"PropertyValueSpecification","valueRequired":true,"valueName":"search_term_string"}}],"inLanguage":"sv-SE"},{"@type":"Organization","@id":"https:\/\/www.kirkonulkomaanapu.fi\/#organization","name":"Kirkon Ulkomaanapu","alternateName":"KUA","url":"https:\/\/www.kirkonulkomaanapu.fi\/","logo":{"@type":"ImageObject","inLanguage":"sv-SE","@id":"https:\/\/www.kirkonulkomaanapu.fi\/#\/schema\/logo\/image\/","url":"https:\/\/www.kirkonulkomaanapu.fi\/wp-content\/uploads\/2026\/02\/Kirkon-ulkomaanapu-logo-1.png","contentUrl":"https:\/\/www.kirkonulkomaanapu.fi\/wp-content\/uploads\/2026\/02\/Kirkon-ulkomaanapu-logo-1.png","width":225,"height":225,"caption":"Kirkon Ulkomaanapu"},"image":{"@id":"https:\/\/www.kirkonulkomaanapu.fi\/#\/schema\/logo\/image\/"},"sameAs":["https:\/\/www.facebook.com\/Ulkomaanapu\/","https:\/\/www.youtube.com\/user\/kirkonulkomaanapu","https:\/\/instagram.com\/kirkon_ulkomaanapu\/","https:\/\/www.linkedin.com\/company\/finn-church-aid\/"]}]}},"_links":{"self":[{"href":"https:\/\/www.kirkonulkomaanapu.fi\/sv\/wp-json\/wp\/v2\/pages\/130757","targetHints":{"allow":["GET"]}}],"collection":[{"href":"https:\/\/www.kirkonulkomaanapu.fi\/sv\/wp-json\/wp\/v2\/pages"}],"about":[{"href":"https:\/\/www.kirkonulkomaanapu.fi\/sv\/wp-json\/wp\/v2\/types\/page"}],"author":[{"embeddable":true,"href":"https:\/\/www.kirkonulkomaanapu.fi\/sv\/wp-json\/wp\/v2\/users\/178"}],"replies":[{"embeddable":true,"href":"https:\/\/www.kirkonulkomaanapu.fi\/sv\/wp-json\/wp\/v2\/comments?post=130757"}],"version-history":[{"count":3,"href":"https:\/\/www.kirkonulkomaanapu.fi\/sv\/wp-json\/wp\/v2\/pages\/130757\/revisions"}],"predecessor-version":[{"id":136085,"href":"https:\/\/www.kirkonulkomaanapu.fi\/sv\/wp-json\/wp\/v2\/pages\/130757\/revisions\/136085"}],"up":[{"embeddable":true,"href":"https:\/\/www.kirkonulkomaanapu.fi\/sv\/wp-json\/wp\/v2\/pages\/3734"}],"wp:attachment":[{"href":"https:\/\/www.kirkonulkomaanapu.fi\/sv\/wp-json\/wp\/v2\/media?parent=130757"}],"curies":[{"name":"wp","href":"https:\/\/api.w.org\/{rel}","templated":true}]}}