{"id":130695,"date":"2022-06-14T11:00:47","date_gmt":"2022-06-14T08:00:47","guid":{"rendered":"https:\/\/www.kirkonulkomaanapu.fi\/?page_id=130695"},"modified":"2022-07-27T15:44:08","modified_gmt":"2022-07-27T12:44:08","slug":"sms-donation","status":"publish","type":"page","link":"https:\/\/www.kirkonulkomaanapu.fi\/sv\/sms-donation\/","title":{"rendered":"SMS-donation"},"content":{"rendered":"\n\n\n<div class=\"block-hero full-width id-block\" style=\"background-image: url('https:\/\/www.kirkonulkomaanapu.fi\/wp-content\/uploads\/2021\/05\/tekstiviestilahjoitus.jpg');\">\n\n\t<div class=\"bg-mobile\" style=\"background-image: url('https:\/\/www.kirkonulkomaanapu.fi\/wp-content\/uploads\/2021\/05\/tekstiviestilahjoitus-1024x576.jpg');\"><\/div>\n\n\t\n\t<div class=\"curtain\"><\/div>\n\n\t<div class=\"container\">\n\t\t<div class=\"row\">\n\t\t\t<div class=\"col\">\n\t\t\t\t<div class=\"inner-blocks entry-content\">\n\t\t\t\t\t\t\t\t\t\t\t\n<h1 class=\"is-style-brush\" ><span class=\"bg\">\nSMS-<span class=\"is-highlighted\">DONATION<\/span>\n<\/span><\/h1><h1 class=\"is-style-brush mobile\" ><span class=\"bg\">SMS-<span class=\"is-highlighted\">DONATION<\/span><\/span><\/h1>\n\n\t\t\t\t\t\t\t\t\t<\/div>\n\t\t\t<\/div>\n\t\t<\/div>\n\t<\/div>\n<\/div>\n\n\n\n\n\n\n\n\n<h2 class=\"wp-block-heading\" id=\"tekstiviestilahjoitus-on-helppo-tapa-auttaa-1\">En SMS-donation \u00e4r ett l\u00e4tt s\u00e4tt att hj\u00e4lpa<\/h2>\n\n\n\n<p class=\"is-style-ingress\">Genom SMS-donationer hj\u00e4lper vi m\u00e4nniskor mitt i kriser och katastrofer att f\u00e5 till exempel mat, rent vatten och skydd. En SMS-donation \u00e4r ett enkelt och snabbt s\u00e4tt att hj\u00e4lpa d\u00e4r det beh\u00f6vs som mest.<\/p>\n\n\n\n<p class=\"is-style-ingress\">Vid akuta kriser kan vi skicka ut ett SMS och be om en g\u00e5va som hj\u00e4lper m\u00e4nniskor i n\u00f6d.<\/p>\n\n\n\n\n<div class=\"block-image-beside-content full-width id-block image-on-right has-bg\">\n    <div class=\"container-lg\">\n        <div class=\"row\">\n            <div class=\"col col-12 col-lg-6 order-lg-2\">\n                <div class=\"align-image\">\n                                        <img decoding=\"async\" class=\"image\" alt=\"Poika kantaa toisella olallaan kolmea isoa s\u00e4kki\u00e4 veneest\u00e4, joka on juuri saapunut Buzin kaupunkiin\" src=\"https:\/\/www.kirkonulkomaanapu.fi\/wp-content\/uploads\/2021\/06\/tekstiviestilahjoitus_2-1024x577.jpg\" loading=\"lazy\" srcset=\"https:\/\/www.kirkonulkomaanapu.fi\/wp-content\/uploads\/2021\/06\/tekstiviestilahjoitus_2-480x270.jpg 320w, https:\/\/www.kirkonulkomaanapu.fi\/wp-content\/uploads\/2021\/06\/tekstiviestilahjoitus_2-1024x577.jpg 991w\" sizes=\"auto, (max-width: 991px) 150px\" width=\"1024\" height=\"577\">\n                                    <\/div>\n            <\/div>\n            <div class=\"col col-12 col-lg-6\">\n                <div class=\"align-content\">\n                    <div class=\"inner-blocks entry-content\">\n                        \n\n<h2 class=\"wp-block-heading\" id=\"lahjoita-20-1\">Donera 20 \u20ac<\/h2>\n\n\n\n<h3 class=\"wp-block-heading\" id=\"lahjoita-20-1\">Skicka ett SMS med HJ\u00c4LP20 till numret 16499<\/h3>\n\n\n\n<p>Donationen debiteras i samband med din telefonr\u00e4kning.<\/p>\n\n\n                    <\/div>\n                <\/div>\n            <\/div>\n        <\/div>\n    <\/div>\n<\/div>\n\n\n\n\n<div class=\"block-image-beside-content full-width id-block image-on-right\">\n    <div class=\"container-lg\">\n        <div class=\"row\">\n            <div class=\"col col-12 col-lg-6 order-lg-2\">\n                <div class=\"align-image\">\n                                        <img decoding=\"async\" class=\"image\" alt=\"\" src=\"https:\/\/www.kirkonulkomaanapu.fi\/wp-content\/uploads\/2021\/06\/mobilepay-lahjoitus_3-1024x576.jpg\" loading=\"lazy\" srcset=\"https:\/\/www.kirkonulkomaanapu.fi\/wp-content\/uploads\/2021\/06\/mobilepay-lahjoitus_3-480x270.jpg 320w, https:\/\/www.kirkonulkomaanapu.fi\/wp-content\/uploads\/2021\/06\/mobilepay-lahjoitus_3-1024x576.jpg 991w\" sizes=\"auto, (max-width: 991px) 150px\" width=\"1024\" height=\"576\">\n                                    <\/div>\n            <\/div>\n            <div class=\"col col-12 col-lg-6\">\n                <div class=\"align-content\">\n                    <div class=\"inner-blocks entry-content\">\n                        \n\n<h2 class=\"wp-block-heading\" id=\"lahjoita-20-1\">Donera 50 \u20ac<\/h2>\n\n\n\n<h3 class=\"wp-block-heading\" id=\"lahjoita-20-1\">Skicka ett SMS med HJ\u00c4LP50 till numret 16499<\/h3>\n\n\n\n<p>Donationen debiteras i samband med din telefonr\u00e4kning.<\/p>\n\n\n                    <\/div>\n                <\/div>\n            <\/div>\n        <\/div>\n    <\/div>\n<\/div>\n\n\n\n<p><\/p>\n\n\n\n\n<div class=\"block-gravity-forms full-width id-block\">\n\t<div class=\"container-lg\">\n\t\t<div class=\"row justify-content-center\">\n\t\t\t<div class=\"col col-12\">\n\t\t\t\t<div class=\"pad\">\n\t\t\t\t\t<div class=\"inner-blocks entry-content\">\t\t\n\t\t\t\t\t\t\n\n<h2 class=\"wp-block-heading\">Om du inte vill f\u00e5 SMS<\/h2>\n\n\n\n<p>V\u00e4nligen fyll i detta formul\u00e4r om du inte vill f\u00e5 SMS fr\u00e5n Kyrkans Utlandshj\u00e4lp.<\/p>\n\n\t\t\n\t\t\t\t\t<\/div>\n\n\t\t\t\t\t<script type=\"text\/javascript\">\n\/* <![CDATA[ *\/\nvar gform;gform||(document.addEventListener(\"gform_main_scripts_loaded\",function(){gform.scriptsLoaded=!0}),document.addEventListener(\"gform\/theme\/scripts_loaded\",function(){gform.themeScriptsLoaded=!0}),window.addEventListener(\"DOMContentLoaded\",function(){gform.domLoaded=!0}),gform={domLoaded:!1,scriptsLoaded:!1,themeScriptsLoaded:!1,isFormEditor:()=>\"function\"==typeof InitializeEditor,callIfLoaded:function(o){return!(!gform.domLoaded||!gform.scriptsLoaded||!gform.themeScriptsLoaded&&!gform.isFormEditor()||(gform.isFormEditor()&&console.warn(\"The use of gform.initializeOnLoaded() is deprecated in the form editor context and will be removed in Gravity Forms 3.1.\"),o(),0))},initializeOnLoaded:function(o){gform.callIfLoaded(o)||(document.addEventListener(\"gform_main_scripts_loaded\",()=>{gform.scriptsLoaded=!0,gform.callIfLoaded(o)}),document.addEventListener(\"gform\/theme\/scripts_loaded\",()=>{gform.themeScriptsLoaded=!0,gform.callIfLoaded(o)}),window.addEventListener(\"DOMContentLoaded\",()=>{gform.domLoaded=!0,gform.callIfLoaded(o)}))},hooks:{action:{},filter:{}},addAction:function(o,r,e,t){gform.addHook(\"action\",o,r,e,t)},addFilter:function(o,r,e,t){gform.addHook(\"filter\",o,r,e,t)},doAction:function(o){gform.doHook(\"action\",o,arguments)},applyFilters:function(o){return gform.doHook(\"filter\",o,arguments)},removeAction:function(o,r){gform.removeHook(\"action\",o,r)},removeFilter:function(o,r,e){gform.removeHook(\"filter\",o,r,e)},addHook:function(o,r,e,t,n){null==gform.hooks[o][r]&&(gform.hooks[o][r]=[]);var d=gform.hooks[o][r];null==n&&(n=r+\"_\"+d.length),gform.hooks[o][r].push({tag:n,callable:e,priority:t=null==t?10:t})},doHook:function(r,o,e){var t;if(e=Array.prototype.slice.call(e,1),null!=gform.hooks[r][o]&&((o=gform.hooks[r][o]).sort(function(o,r){return o.priority-r.priority}),o.forEach(function(o){\"function\"!=typeof(t=o.callable)&&(t=window[t]),\"action\"==r?t.apply(null,e):e[0]=t.apply(null,e)})),\"filter\"==r)return e[0]},removeHook:function(o,r,t,n){var e;null!=gform.hooks[o][r]&&(e=(e=gform.hooks[o][r]).filter(function(o,r,e){return!!(null!=n&&n!=o.tag||null!=t&&t!=o.priority)}),gform.hooks[o][r]=e)}});\n\/* ]]> *\/\n<\/script>\n\n                <div class='gf_browser_gecko gform_wrapper gform_legacy_markup_wrapper gform-theme--no-framework' data-form-theme='legacy' data-form-index='0' id='gform_wrapper_43' ><form method='post' enctype='multipart\/form-data'  id='gform_43'  action='\/sv\/wp-json\/wp\/v2\/pages\/130695' data-formid='43' novalidate><div class='gf_invisible ginput_recaptchav3' data-sitekey='6Lew89kcAAAAAMhf-BM1HtLWdDvaS2N5UaPTFxiC' data-tabindex='0'><input id=\"input_4935e627f186af4e260a673da96e989f\" class=\"gfield_recaptcha_response\" type=\"hidden\" name=\"input_4935e627f186af4e260a673da96e989f\" value=\"\"\/><\/div>\n                        <div class='gform-body gform_body'><ul id='gform_fields_43' class='gform_fields top_label form_sublabel_below description_below validation_below'><li id=\"field_43_1\" class=\"gfield gfield--type-phone gfield_contains_required field_sublabel_below gfield--no-description field_description_below field_validation_below gfield_visibility_visible\"  ><label class='gfield_label gform-field-label' for='input_43_1'>Telefonnummer<span class=\"gfield_required\"><span class=\"gfield_required gfield_required_asterisk\">*<\/span><\/span><\/label><div class='ginput_container ginput_container_phone'><input name='input_1' id='input_43_1' type='tel' value='' class='medium'   aria-required=\"true\" aria-invalid=\"false\"   \/><\/div><\/li><\/ul><\/div>\n        <div class='gform-footer gform_footer top_label'> <input type='submit' id='gform_submit_button_43' class='gform_button button' onclick='gform.submission.handleButtonClick(this);' data-submission-type='submit' value='Jag vill inte ha SMS'  \/><div class=\"recaptcha-conditions\">Skyddad av Google reCAPTCHA. L\u00e4s <a href=\"https:\/\/policies.google.com\/privacy\">integritetspolicy<\/a> och <a href=\"https:\/\/policies.google.com\/terms\">anv\u00e4ndarvillkor<\/a>.<\/div> \n            <input type='hidden' class='gform_hidden' name='gform_submission_method' data-js='gform_submission_method_43' value='postback' \/>\n            <input type='hidden' class='gform_hidden' name='gform_theme' data-js='gform_theme_43' id='gform_theme_43' value='legacy' \/>\n            <input type='hidden' class='gform_hidden' name='gform_style_settings' data-js='gform_style_settings_43' id='gform_style_settings_43' value='[]' \/>\n            <input type='hidden' class='gform_hidden' name='is_submit_43' value='1' \/>\n            <input type='hidden' class='gform_hidden' name='gform_submit' value='43' \/>\n            \n            <input type='hidden' class='gform_hidden' name='gform_currency' data-currency='EUR' value='J6j2+N8eyU9awKuASa+gQj7\/cx076zhBY2yrOODYaWLs7aNN1pjYmE3tSW\/dE7zq7ZnRbyAPPzdcGIDn8hLMHzwUqC6ZQKrRW6Uh1GXUxPcRRyI=' \/>\n            <input type='hidden' class='gform_hidden' name='gform_unique_id' value='' \/>\n            <input type='hidden' class='gform_hidden' name='state_43' value='WyJbXSIsImJmZWE2YjYzMTM0NmUwYzQxNjdlN2M1ZWI4Yzg3YmNlIl0=' \/>\n            <input type='hidden' autocomplete='off' class='gform_hidden' name='gform_target_page_number_43' id='gform_target_page_number_43' value='0' \/>\n            <input type='hidden' autocomplete='off' class='gform_hidden' name='gform_source_page_number_43' id='gform_source_page_number_43' value='1' \/>\n            <input type='hidden' name='gform_field_values' value='' \/>\n            \n        <\/div>\n                        <\/form>\n                        <\/div><script type=\"text\/javascript\">\n\/* <![CDATA[ *\/\n gform.initializeOnLoaded( function() {gformInitSpinner( 43, 'https:\/\/www.kirkonulkomaanapu.fi\/wp-content\/plugins\/gravityforms\/images\/spinner.svg', true );jQuery('#gform_ajax_frame_43').on('load',function(){var contents = jQuery(this).contents().find('*').html();var is_postback = contents.indexOf('GF_AJAX_POSTBACK') >= 0;if(!is_postback){return;}var form_content = jQuery(this).contents().find('#gform_wrapper_43');var is_confirmation = jQuery(this).contents().find('#gform_confirmation_wrapper_43').length > 0;var is_redirect = contents.indexOf('gformRedirect(){') >= 0;var is_form = form_content.length > 0 && ! is_redirect && ! is_confirmation;var mt = parseInt(jQuery('html').css('margin-top'), 10) + parseInt(jQuery('body').css('margin-top'), 10) + 100;if(is_form){jQuery('#gform_wrapper_43').html(form_content.html());if(form_content.hasClass('gform_validation_error')){jQuery('#gform_wrapper_43').addClass('gform_validation_error');} else {jQuery('#gform_wrapper_43').removeClass('gform_validation_error');}setTimeout( function() { \/* delay the scroll by 50 milliseconds to fix a bug in chrome *\/  }, 50 );if(window['gformInitDatepicker']) {gformInitDatepicker();}if(window['gformInitPriceFields']) {gformInitPriceFields();}var current_page = jQuery('#gform_source_page_number_43').val();gformInitSpinner( 43, 'https:\/\/www.kirkonulkomaanapu.fi\/wp-content\/plugins\/gravityforms\/images\/spinner.svg', true );jQuery(document).trigger('gform_page_loaded', [43, current_page]);window['gf_submitting_43'] = false;}else if(!is_redirect){var confirmation_content = jQuery(this).contents().find('.GF_AJAX_POSTBACK').html();if(!confirmation_content){confirmation_content = contents;}jQuery('#gform_wrapper_43').replaceWith(confirmation_content);jQuery(document).trigger('gform_confirmation_loaded', [43]);window['gf_submitting_43'] = false;wp.a11y.speak(jQuery('#gform_confirmation_message_43').text());}else{jQuery('#gform_43').append(contents);if(window['gformRedirect']) {gformRedirect();}}jQuery(document).trigger(\"gform_pre_post_render\", [{ formId: \"43\", currentPage: \"current_page\", abort: function() { this.preventDefault(); } }]);        if (event && event.defaultPrevented) {                return;        }        const gformWrapperDiv = document.getElementById( \"gform_wrapper_43\" );        if ( gformWrapperDiv ) {            const visibilitySpan = document.createElement( \"span\" );            visibilitySpan.id = \"gform_visibility_test_43\";            gformWrapperDiv.insertAdjacentElement( \"afterend\", visibilitySpan );        }        const visibilityTestDiv = document.getElementById( \"gform_visibility_test_43\" );        let postRenderFired = false;        function triggerPostRender() {            if ( postRenderFired ) {                return;            }            postRenderFired = true;            gform.core.triggerPostRenderEvents( 43, current_page );            if ( visibilityTestDiv ) {                visibilityTestDiv.parentNode.removeChild( visibilityTestDiv );            }        }        function debounce( func, wait, immediate ) {            var timeout;            return function() {                var context = this, args = arguments;                var later = function() {                    timeout = null;                    if ( !immediate ) func.apply( context, args );                };                var callNow = immediate && !timeout;                clearTimeout( timeout );                timeout = setTimeout( later, wait );                if ( callNow ) func.apply( context, args );            };        }        const debouncedTriggerPostRender = debounce( function() {            triggerPostRender();        }, 200 );        if ( visibilityTestDiv && visibilityTestDiv.offsetParent === null ) {            const observer = new MutationObserver( ( mutations ) => {                mutations.forEach( ( mutation ) => {                    if ( mutation.type === 'attributes' && visibilityTestDiv.offsetParent !== null ) {                        debouncedTriggerPostRender();                        observer.disconnect();                    }                });            });            observer.observe( document.body, {                attributes: true,                childList: false,                subtree: true,                attributeFilter: [ 'style', 'class' ],            });        } else {            triggerPostRender();        }    } );} ); \n\/* ]]> *\/\n<\/script>\n\t\t\t\t<\/div>\n\t\t\t<\/div>\n\t\t<\/div>\n\t<\/div>\n<\/div>\n","protected":false},"excerpt":{"rendered":"<p>En SMS-donation \u00e4r ett l\u00e4tt s\u00e4tt att hj\u00e4lpa Genom SMS-donationer hj\u00e4lper vi m\u00e4nniskor mitt i kriser och katastrofer att f\u00e5 till exempel mat, rent vatten och skydd. En SMS-donation \u00e4r ett enkelt och snabbt s\u00e4tt att hj\u00e4lpa d\u00e4r det beh\u00f6vs som mest. Vid akuta kriser kan vi skicka ut ett SMS och be om en [&hellip;]<\/p>\n","protected":false},"author":123,"featured_media":0,"parent":0,"menu_order":16,"comment_status":"closed","ping_status":"open","template":"","meta":{"_acf_changed":false,"_relevanssi_hide_post":"","_relevanssi_hide_content":"","_relevanssi_pin_for_all":"","_relevanssi_pin_keywords":"","_relevanssi_unpin_keywords":"","_relevanssi_related_keywords":"","_relevanssi_related_include_ids":"","_relevanssi_related_exclude_ids":"","_relevanssi_related_no_append":"","_relevanssi_related_not_related":"","_relevanssi_related_posts":"121614,121649,121424,89500,63644,129197","_relevanssi_noindex_reason":"","_improvement_type_select":"improve_an_existing","_thumb_yes_seoaic":false,"_frame_yes_seoaic":false,"seoaic_generate_description":"","seoaic_improve_instructions_prompt":"","seoaic_rollback_content_improvement":"","seoaic_idea_thumbnail_generator":"","thumbnail_generated":false,"thumbnail_generate_prompt":"","seoaic_article_description":"","footnotes":""},"class_list":["post-130695","page","type-page","status-publish","hentry"],"acf":[],"yoast_head":"<!-- This site is optimized with the Yoast SEO plugin v26.9 - https:\/\/yoast.com\/product\/yoast-seo-wordpress\/ -->\n<title>SMS-donation - Kyrkans Utlandshj\u00e4lp<\/title>\n<meta name=\"robots\" content=\"index, follow, max-snippet:-1, max-image-preview:large, max-video-preview:-1\" \/>\n<link rel=\"canonical\" href=\"https:\/\/www.kirkonulkomaanapu.fi\/sv\/ge-en-gava\/sms-donation\/\" \/>\n<meta property=\"og:locale\" content=\"sv_SE\" \/>\n<meta property=\"og:type\" content=\"article\" \/>\n<meta property=\"og:title\" content=\"SMS-donation - Kyrkans Utlandshj\u00e4lp\" \/>\n<meta property=\"og:description\" content=\"En SMS-donation \u00e4r ett l\u00e4tt s\u00e4tt att hj\u00e4lpa Genom SMS-donationer hj\u00e4lper vi m\u00e4nniskor mitt i kriser och katastrofer att f\u00e5 till exempel mat, rent vatten och skydd. En SMS-donation \u00e4r ett enkelt och snabbt s\u00e4tt att hj\u00e4lpa d\u00e4r det beh\u00f6vs som mest. Vid akuta kriser kan vi skicka ut ett SMS och be om en [&hellip;]\" \/>\n<meta property=\"og:url\" content=\"https:\/\/www.kirkonulkomaanapu.fi\/sv\/ge-en-gava\/sms-donation\/\" \/>\n<meta property=\"og:site_name\" content=\"Kyrkans Utlandshj\u00e4lp\" \/>\n<meta property=\"article:publisher\" content=\"https:\/\/www.facebook.com\/Ulkomaanapu\/\" \/>\n<meta property=\"article:modified_time\" content=\"2022-07-27T12:44:08+00:00\" \/>\n<meta property=\"og:image\" content=\"https:\/\/www.kirkonulkomaanapu.fi\/wp-content\/uploads\/2026\/02\/Kirkon-ulkomaanapu-logo.png\" \/>\n\t<meta property=\"og:image:width\" content=\"225\" \/>\n\t<meta property=\"og:image:height\" content=\"225\" \/>\n\t<meta property=\"og:image:type\" content=\"image\/png\" \/>\n<meta name=\"twitter:label1\" content=\"Ber\u00e4knad l\u00e4stid\" \/>\n\t<meta name=\"twitter:data1\" content=\"1 minut\" \/>\n<script type=\"application\/ld+json\" class=\"yoast-schema-graph\">{\"@context\":\"https:\/\/schema.org\",\"@graph\":[{\"@type\":\"WebPage\",\"@id\":\"https:\/\/www.kirkonulkomaanapu.fi\/sv\/ge-en-gava\/sms-donation\/\",\"url\":\"https:\/\/www.kirkonulkomaanapu.fi\/sv\/ge-en-gava\/sms-donation\/\",\"name\":\"SMS-donation - Kyrkans Utlandshj\u00e4lp\",\"isPartOf\":{\"@id\":\"https:\/\/www.kirkonulkomaanapu.fi\/#website\"},\"datePublished\":\"2022-06-14T08:00:47+00:00\",\"dateModified\":\"2022-07-27T12:44:08+00:00\",\"breadcrumb\":{\"@id\":\"https:\/\/www.kirkonulkomaanapu.fi\/sv\/ge-en-gava\/sms-donation\/#breadcrumb\"},\"inLanguage\":\"sv-SE\",\"potentialAction\":[{\"@type\":\"ReadAction\",\"target\":[\"https:\/\/www.kirkonulkomaanapu.fi\/sv\/ge-en-gava\/sms-donation\/\"]}]},{\"@type\":\"BreadcrumbList\",\"@id\":\"https:\/\/www.kirkonulkomaanapu.fi\/sv\/ge-en-gava\/sms-donation\/#breadcrumb\",\"itemListElement\":[{\"@type\":\"ListItem\",\"position\":1,\"name\":\"Home\",\"item\":\"https:\/\/www.kirkonulkomaanapu.fi\/sv\/\"},{\"@type\":\"ListItem\",\"position\":2,\"name\":\"Ge en g\u00e5va\",\"item\":\"https:\/\/www.kirkonulkomaanapu.fi\/sv\/ge-en-gava\/\"},{\"@type\":\"ListItem\",\"position\":3,\"name\":\"SMS-donation\"}]},{\"@type\":\"WebSite\",\"@id\":\"https:\/\/www.kirkonulkomaanapu.fi\/#website\",\"url\":\"https:\/\/www.kirkonulkomaanapu.fi\/\",\"name\":\"Kirkon Ulkomaanapu\",\"description\":\"Suomen suurin kehitysyhteisty\u00f6j\u00e4rjest\u00f6\",\"publisher\":{\"@id\":\"https:\/\/www.kirkonulkomaanapu.fi\/#organization\"},\"alternateName\":\"KUA\",\"potentialAction\":[{\"@type\":\"SearchAction\",\"target\":{\"@type\":\"EntryPoint\",\"urlTemplate\":\"https:\/\/www.kirkonulkomaanapu.fi\/?s={search_term_string}\"},\"query-input\":{\"@type\":\"PropertyValueSpecification\",\"valueRequired\":true,\"valueName\":\"search_term_string\"}}],\"inLanguage\":\"sv-SE\"},{\"@type\":\"Organization\",\"@id\":\"https:\/\/www.kirkonulkomaanapu.fi\/#organization\",\"name\":\"Kirkon Ulkomaanapu\",\"alternateName\":\"KUA\",\"url\":\"https:\/\/www.kirkonulkomaanapu.fi\/\",\"logo\":{\"@type\":\"ImageObject\",\"inLanguage\":\"sv-SE\",\"@id\":\"https:\/\/www.kirkonulkomaanapu.fi\/#\/schema\/logo\/image\/\",\"url\":\"https:\/\/www.kirkonulkomaanapu.fi\/wp-content\/uploads\/2026\/02\/Kirkon-ulkomaanapu-logo-1.png\",\"contentUrl\":\"https:\/\/www.kirkonulkomaanapu.fi\/wp-content\/uploads\/2026\/02\/Kirkon-ulkomaanapu-logo-1.png\",\"width\":225,\"height\":225,\"caption\":\"Kirkon Ulkomaanapu\"},\"image\":{\"@id\":\"https:\/\/www.kirkonulkomaanapu.fi\/#\/schema\/logo\/image\/\"},\"sameAs\":[\"https:\/\/www.facebook.com\/Ulkomaanapu\/\",\"https:\/\/www.youtube.com\/user\/kirkonulkomaanapu\",\"https:\/\/instagram.com\/kirkon_ulkomaanapu\/\",\"https:\/\/www.linkedin.com\/company\/finn-church-aid\/\"]}]}<\/script>\n<!-- \/ Yoast SEO plugin. -->","yoast_head_json":{"title":"SMS-donation - Kyrkans Utlandshj\u00e4lp","robots":{"index":"index","follow":"follow","max-snippet":"max-snippet:-1","max-image-preview":"max-image-preview:large","max-video-preview":"max-video-preview:-1"},"canonical":"https:\/\/www.kirkonulkomaanapu.fi\/sv\/ge-en-gava\/sms-donation\/","og_locale":"sv_SE","og_type":"article","og_title":"SMS-donation - Kyrkans Utlandshj\u00e4lp","og_description":"En SMS-donation \u00e4r ett l\u00e4tt s\u00e4tt att hj\u00e4lpa Genom SMS-donationer hj\u00e4lper vi m\u00e4nniskor mitt i kriser och katastrofer att f\u00e5 till exempel mat, rent vatten och skydd. En SMS-donation \u00e4r ett enkelt och snabbt s\u00e4tt att hj\u00e4lpa d\u00e4r det beh\u00f6vs som mest. Vid akuta kriser kan vi skicka ut ett SMS och be om en [&hellip;]","og_url":"https:\/\/www.kirkonulkomaanapu.fi\/sv\/ge-en-gava\/sms-donation\/","og_site_name":"Kyrkans Utlandshj\u00e4lp","article_publisher":"https:\/\/www.facebook.com\/Ulkomaanapu\/","article_modified_time":"2022-07-27T12:44:08+00:00","og_image":[{"width":225,"height":225,"url":"https:\/\/www.kirkonulkomaanapu.fi\/wp-content\/uploads\/2026\/02\/Kirkon-ulkomaanapu-logo.png","type":"image\/png"}],"twitter_misc":{"Ber\u00e4knad l\u00e4stid":"1 minut"},"schema":{"@context":"https:\/\/schema.org","@graph":[{"@type":"WebPage","@id":"https:\/\/www.kirkonulkomaanapu.fi\/sv\/ge-en-gava\/sms-donation\/","url":"https:\/\/www.kirkonulkomaanapu.fi\/sv\/ge-en-gava\/sms-donation\/","name":"SMS-donation - Kyrkans Utlandshj\u00e4lp","isPartOf":{"@id":"https:\/\/www.kirkonulkomaanapu.fi\/#website"},"datePublished":"2022-06-14T08:00:47+00:00","dateModified":"2022-07-27T12:44:08+00:00","breadcrumb":{"@id":"https:\/\/www.kirkonulkomaanapu.fi\/sv\/ge-en-gava\/sms-donation\/#breadcrumb"},"inLanguage":"sv-SE","potentialAction":[{"@type":"ReadAction","target":["https:\/\/www.kirkonulkomaanapu.fi\/sv\/ge-en-gava\/sms-donation\/"]}]},{"@type":"BreadcrumbList","@id":"https:\/\/www.kirkonulkomaanapu.fi\/sv\/ge-en-gava\/sms-donation\/#breadcrumb","itemListElement":[{"@type":"ListItem","position":1,"name":"Home","item":"https:\/\/www.kirkonulkomaanapu.fi\/sv\/"},{"@type":"ListItem","position":2,"name":"Ge en g\u00e5va","item":"https:\/\/www.kirkonulkomaanapu.fi\/sv\/ge-en-gava\/"},{"@type":"ListItem","position":3,"name":"SMS-donation"}]},{"@type":"WebSite","@id":"https:\/\/www.kirkonulkomaanapu.fi\/#website","url":"https:\/\/www.kirkonulkomaanapu.fi\/","name":"Kirkon Ulkomaanapu","description":"Suomen suurin kehitysyhteisty\u00f6j\u00e4rjest\u00f6","publisher":{"@id":"https:\/\/www.kirkonulkomaanapu.fi\/#organization"},"alternateName":"KUA","potentialAction":[{"@type":"SearchAction","target":{"@type":"EntryPoint","urlTemplate":"https:\/\/www.kirkonulkomaanapu.fi\/?s={search_term_string}"},"query-input":{"@type":"PropertyValueSpecification","valueRequired":true,"valueName":"search_term_string"}}],"inLanguage":"sv-SE"},{"@type":"Organization","@id":"https:\/\/www.kirkonulkomaanapu.fi\/#organization","name":"Kirkon Ulkomaanapu","alternateName":"KUA","url":"https:\/\/www.kirkonulkomaanapu.fi\/","logo":{"@type":"ImageObject","inLanguage":"sv-SE","@id":"https:\/\/www.kirkonulkomaanapu.fi\/#\/schema\/logo\/image\/","url":"https:\/\/www.kirkonulkomaanapu.fi\/wp-content\/uploads\/2026\/02\/Kirkon-ulkomaanapu-logo-1.png","contentUrl":"https:\/\/www.kirkonulkomaanapu.fi\/wp-content\/uploads\/2026\/02\/Kirkon-ulkomaanapu-logo-1.png","width":225,"height":225,"caption":"Kirkon Ulkomaanapu"},"image":{"@id":"https:\/\/www.kirkonulkomaanapu.fi\/#\/schema\/logo\/image\/"},"sameAs":["https:\/\/www.facebook.com\/Ulkomaanapu\/","https:\/\/www.youtube.com\/user\/kirkonulkomaanapu","https:\/\/instagram.com\/kirkon_ulkomaanapu\/","https:\/\/www.linkedin.com\/company\/finn-church-aid\/"]}]}},"_links":{"self":[{"href":"https:\/\/www.kirkonulkomaanapu.fi\/sv\/wp-json\/wp\/v2\/pages\/130695","targetHints":{"allow":["GET"]}}],"collection":[{"href":"https:\/\/www.kirkonulkomaanapu.fi\/sv\/wp-json\/wp\/v2\/pages"}],"about":[{"href":"https:\/\/www.kirkonulkomaanapu.fi\/sv\/wp-json\/wp\/v2\/types\/page"}],"author":[{"embeddable":true,"href":"https:\/\/www.kirkonulkomaanapu.fi\/sv\/wp-json\/wp\/v2\/users\/123"}],"replies":[{"embeddable":true,"href":"https:\/\/www.kirkonulkomaanapu.fi\/sv\/wp-json\/wp\/v2\/comments?post=130695"}],"version-history":[{"count":3,"href":"https:\/\/www.kirkonulkomaanapu.fi\/sv\/wp-json\/wp\/v2\/pages\/130695\/revisions"}],"predecessor-version":[{"id":131500,"href":"https:\/\/www.kirkonulkomaanapu.fi\/sv\/wp-json\/wp\/v2\/pages\/130695\/revisions\/131500"}],"wp:attachment":[{"href":"https:\/\/www.kirkonulkomaanapu.fi\/sv\/wp-json\/wp\/v2\/media?parent=130695"}],"curies":[{"name":"wp","href":"https:\/\/api.w.org\/{rel}","templated":true}]}}