{"id":125165,"date":"2021-11-22T12:56:29","date_gmt":"2021-11-22T10:56:29","guid":{"rendered":"https:\/\/www.kirkonulkomaanapu.fi\/?page_id=125165"},"modified":"2024-08-12T12:49:18","modified_gmt":"2024-08-12T09:49:18","slug":"resultat-av-vart-arbete","status":"publish","type":"page","link":"https:\/\/www.kirkonulkomaanapu.fi\/sv\/stordonation\/resultat-av-vart-arbete\/","title":{"rendered":"Resultat av v\u00e5rt arbete"},"content":{"rendered":"\n\n\n<div class=\"block-hero full-width id-block\" style=\"background-image: url('https:\/\/www.kirkonulkomaanapu.fi\/wp-content\/uploads\/2022\/07\/suurlahjoitus_tyomme-tulokset_1920_1080-scaled.jpg');\">\n\n\t<div class=\"bg-mobile\" style=\"background-image: url('https:\/\/www.kirkonulkomaanapu.fi\/wp-content\/uploads\/2022\/07\/suurlahjoitus_tyomme-tulokset_1080_1080-1024x1024.jpg');\"><\/div>\n\n\t\n\t<div class=\"curtain\"><\/div>\n\n\t<div class=\"container\">\n\t\t<div class=\"row\">\n\t\t\t<div class=\"col\">\n\t\t\t\t<div class=\"inner-blocks entry-content\">\n\t\t\t\t\t\t\t\t\t\t\t\n<h1 class=\"is-style-brush\" ><span class=\"bg\">\nRESULTAT AV<\/span><br><span class=\"bg\"><span class=\"is-highlighted\">V\u00c5RT ARBETE<\/span>\n<\/span><\/h1><h1 class=\"is-style-brush mobile\" ><span class=\"bg\">RESULTAT<\/span><span class=\"bg\">AV<\/span><span class=\"is-highlighted\"><span class=\"bg\">V\u00c5RT<\/span><span class=\"bg\">ARBETE<\/span><\/span><\/h1>\n\n\t\t\t\t\t\t\t\t\t<\/div>\n\t\t\t<\/div>\n\t\t<\/div>\n\t<\/div>\n<\/div>\n\n\n<div class=\"subpage-navigation id-block full-width\">\n    <div class=\"container-lg\">\n        <div class=\"row\">\n            <div class=\"col\">\n                <ul class=\"pages\">\n                                        <li class=\"page ancestor\">\n                        <a href=\"https:\/\/www.kirkonulkomaanapu.fi\/sv\/stordonation\/\">Stordonation<\/a>\n                    <\/li>\n                    \n                                        <li class=\"page\">\n                        <a href=\"https:\/\/www.kirkonulkomaanapu.fi\/sv\/stordonation\/aktiedonation\/\">Aktiedonation<\/a>\n                    <\/li>\n                                        <li class=\"page\">\n                        <a href=\"https:\/\/www.kirkonulkomaanapu.fi\/sv\/stordonation\/landscheferna-berattar\/\">Landscheferna ber\u00e4ttar<\/a>\n                    <\/li>\n                                        <li class=\"page current\">\n                        <a href=\"https:\/\/www.kirkonulkomaanapu.fi\/sv\/stordonation\/resultat-av-vart-arbete\/\">Resultat av v\u00e5rt arbete<\/a>\n                    <\/li>\n                                        <li class=\"page\">\n                        <a href=\"https:\/\/www.kirkonulkomaanapu.fi\/sv\/stordonation\/stordonatorerna-berattar\/\">Stordonatorerna ber\u00e4ttar<\/a>\n                    <\/li>\n                                        <li class=\"page\">\n                        <a href=\"https:\/\/www.kirkonulkomaanapu.fi\/sv\/stordonation\/ta-kontakt\/\">Ta kontakt<\/a>\n                    <\/li>\n                                    <\/ul>\n            <\/div>\n        <\/div>\n    <\/div>\n<\/div>\n\n\n\n\n\n\n<h2 class=\"wp-block-heading\">Betydande f\u00f6r\u00e4ndringar tack vare stordonationer<\/h2>\n\n\n\n<p class=\"is-style-ingress\">\u00c5r 2021 st\u00f6dde v\u00e5ra stordonatorer till exempel barnens utbildning i flyktingl\u00e4ger i Kenya, unga flyktingars yrkesutbildning i Uganda och familjers utkomst i Sydsudan.<\/p>\n\n\n\n<h3 class=\"wp-block-heading\">Stordonationen \u00e4r ett konkret s\u00e4tt att hj\u00e4lpa<\/h3>\n\n\n\n<p>Det l\u00e5nga undantagstillst\u00e5ndet orsakat av coronaviruset har \u00e4ndrat v\u00e5rt arbete. V\u00e4rldens fattigaste l\u00e4nder och de befolkningsgrupper som redan \u00e4r i en utsatt position upplever de sv\u00e5raste f\u00f6ljderna av pandemin. Flickor och kvinnor har haft det extra sv\u00e5rt bland annat p\u00e5 grund av begr\u00e4nsningar i r\u00f6relsefrihet och skolst\u00e4ngningar.<\/p>\n\n\n\n<p>2021 st\u00f6dde v\u00e5ra stordonatorer de mest utsatta p\u00e5 flera olika s\u00e4tt. Utbildning och familjers utkomst var viktiga fr\u00e5gor f\u00f6r donatorerna. Framf\u00f6rallt betydelsen av utbildning f\u00f6rst\u00e4rks i undantagstillst\u00e5nd, eftersom det kan f\u00f6rebygga marginalisering och fattigdom. Med hj\u00e4lp av utbildning kan familjer bygga en b\u00e4ttre framtid f\u00f6r sig sj\u00e4lva.<\/p>\n\n\n\n<p>\u201dI den nuvarande v\u00e4rldssituationen \u00e4r det v\u00e4ldigt n\u00f6dv\u00e4ndigt med flera olika former av hj\u00e4lp. Jag uppskattar KUH:s varierande arbete. B\u00e5de st\u00f6rre grupper och den enskilda m\u00e4nniskans hj\u00e4lpbehov beaktas\u201d, s\u00e4ger en av Kyrkans Utlandshj\u00e4lps stordonatorer.<\/p>\n\n\n\n<figure class=\"wp-block-image size-large\"><img loading=\"lazy\" decoding=\"async\" width=\"1024\" height=\"576\" src=\"https:\/\/www.kirkonulkomaanapu.fi\/wp-content\/uploads\/2022\/07\/suurlahjoitus_tyomme-tulokset_1920_1080_2-1024x576.jpg\" alt=\"\" class=\"wp-image-131577\" srcset=\"https:\/\/www.kirkonulkomaanapu.fi\/wp-content\/uploads\/2022\/07\/suurlahjoitus_tyomme-tulokset_1920_1080_2-1024x576.jpg 1024w, https:\/\/www.kirkonulkomaanapu.fi\/wp-content\/uploads\/2022\/07\/suurlahjoitus_tyomme-tulokset_1920_1080_2-480x270.jpg 480w, https:\/\/www.kirkonulkomaanapu.fi\/wp-content\/uploads\/2022\/07\/suurlahjoitus_tyomme-tulokset_1920_1080_2-768x432.jpg 768w, https:\/\/www.kirkonulkomaanapu.fi\/wp-content\/uploads\/2022\/07\/suurlahjoitus_tyomme-tulokset_1920_1080_2-1536x864.jpg 1536w, https:\/\/www.kirkonulkomaanapu.fi\/wp-content\/uploads\/2022\/07\/suurlahjoitus_tyomme-tulokset_1920_1080_2-2048x1152.jpg 2048w, https:\/\/www.kirkonulkomaanapu.fi\/wp-content\/uploads\/2022\/07\/suurlahjoitus_tyomme-tulokset_1920_1080_2-316x178.jpg 316w, https:\/\/www.kirkonulkomaanapu.fi\/wp-content\/uploads\/2022\/07\/suurlahjoitus_tyomme-tulokset_1920_1080_2-1920x1080.jpg 1920w\" sizes=\"auto, (max-width: 1024px) 100vw, 1024px\" \/><figcaption class=\"wp-element-caption\">Med stordonatorernas donationer&nbsp; st\u00f6ddes utbildning av barn och unga i Ugandas flyktingomr\u00e5den. Joyce, 17, kom som flykting till Uganda fr\u00e5n Kongo \u00e5r 2016. Sv\u00e5righeter och brist p\u00e5 pengar tvingade Joyce att avbryta skolg\u00e5ngen i sj\u00e4tte klass, varefter hon tillbringade flera \u00e5r utan undervisning. Nu f\u00f6rs\u00f6ker hon komma ikapp de f\u00f6rlorade skol\u00e5ren i den KUH-st\u00f6dda grundskolan i Bukere.<\/figcaption><\/figure>\n\n\n\n<h3 class=\"wp-block-heading\">Allt fler stordonatorer hj\u00e4lper genom att g\u00f6ra en aktiedonation <\/h3>\n\n\n\n<p>Donerade aktier och v\u00e4rdeandelar kan realiseras utan skattep\u00e5f\u00f6ljder, eftersom Kyrkans Utlandshj\u00e4lp som allm\u00e4nnyttig organisation inte betalar g\u00e5voskatt f\u00f6r mottagna aktiedonationer och v\u00e4rdeandelar. Inte heller donatorn beh\u00f6ver betala skatt f\u00f6r eventuell v\u00e4rde\u00f6kning av aktierna. KUH str\u00e4var inte efter vinst med aktierna och beh\u00e5ller dem inte.<\/p>\n\n\n\n<p>Kyrkans Utlandshj\u00e4lp riktar ofta b\u00e5de aktiedonationer och andra stora donationer till specifika projekt eller delomr\u00e5den av arbetet. Transparens och \u00f6ppenhet gentemot donatorerna \u00e4r centrala v\u00e4rderingar f\u00f6r KUH. Vi rapporterar alltid till v\u00e5ra donatorer om hur arbetet fortskrider och vad som \u00e5stadkommits med donationen.<\/p>\n\n\n\n<p>Pandemitiden har f\u00f6rsv\u00e5rat m\u00f6ten ansikte mot ansikte. Betydande enskilda donationer tyder \u00e4nd\u00e5 p\u00e5 ett f\u00f6rtroende f\u00f6r v\u00e5rt arbete och p\u00e5 hur l\u00e4tt det \u00e4r att donera. Vi uppskattar ett smidigt samarbete med v\u00e5ra donatorer. D\u00e4rf\u00f6r str\u00e4var vi efter att bygga naturliga s\u00e4tta att m\u00f6tas online men ocks\u00e5 tryggt ansikte mot ansikte.<\/p>\n","protected":false},"excerpt":{"rendered":"<p>Betydande f\u00f6r\u00e4ndringar tack vare stordonationer \u00c5r 2021 st\u00f6dde v\u00e5ra stordonatorer till exempel barnens utbildning i flyktingl\u00e4ger i Kenya, unga flyktingars yrkesutbildning i Uganda och familjers utkomst i Sydsudan. Stordonationen \u00e4r ett konkret s\u00e4tt att hj\u00e4lpa Det l\u00e5nga undantagstillst\u00e5ndet orsakat av coronaviruset har \u00e4ndrat v\u00e5rt arbete. V\u00e4rldens fattigaste l\u00e4nder och de befolkningsgrupper som redan \u00e4r i [&hellip;]<\/p>\n","protected":false},"author":123,"featured_media":0,"parent":6045,"menu_order":0,"comment_status":"closed","ping_status":"closed","template":"","meta":{"_acf_changed":false,"_relevanssi_hide_post":"","_relevanssi_hide_content":"","_relevanssi_pin_for_all":"","_relevanssi_pin_keywords":"","_relevanssi_unpin_keywords":"","_relevanssi_related_keywords":"","_relevanssi_related_include_ids":"","_relevanssi_related_exclude_ids":"","_relevanssi_related_no_append":"","_relevanssi_related_not_related":"","_relevanssi_related_posts":"121400,121649,121614,121424,89500,108131","_relevanssi_noindex_reason":"","_improvement_type_select":"improve_an_existing","_thumb_yes_seoaic":false,"_frame_yes_seoaic":false,"seoaic_generate_description":"","seoaic_improve_instructions_prompt":"","seoaic_rollback_content_improvement":"","seoaic_idea_thumbnail_generator":"","thumbnail_generated":false,"thumbnail_generate_prompt":"","seoaic_article_description":"","footnotes":""},"class_list":["post-125165","page","type-page","status-publish","hentry"],"acf":[],"yoast_head":"<!-- This site is optimized with the Yoast SEO plugin v26.9 - https:\/\/yoast.com\/product\/yoast-seo-wordpress\/ -->\n<title>Resultat av v\u00e5rt arbete - Kyrkans Utlandshj\u00e4lp<\/title>\n<meta name=\"robots\" content=\"index, follow, max-snippet:-1, max-image-preview:large, max-video-preview:-1\" \/>\n<link rel=\"canonical\" href=\"https:\/\/www.kirkonulkomaanapu.fi\/sv\/stordonation\/resultat-av-vart-arbete\/\" \/>\n<meta property=\"og:locale\" content=\"sv_SE\" \/>\n<meta property=\"og:type\" content=\"article\" \/>\n<meta property=\"og:title\" content=\"Resultat av v\u00e5rt arbete - Kyrkans Utlandshj\u00e4lp\" \/>\n<meta property=\"og:description\" content=\"Betydande f\u00f6r\u00e4ndringar tack vare stordonationer \u00c5r 2021 st\u00f6dde v\u00e5ra stordonatorer till exempel barnens utbildning i flyktingl\u00e4ger i Kenya, unga flyktingars yrkesutbildning i Uganda och familjers utkomst i Sydsudan. Stordonationen \u00e4r ett konkret s\u00e4tt att hj\u00e4lpa Det l\u00e5nga undantagstillst\u00e5ndet orsakat av coronaviruset har \u00e4ndrat v\u00e5rt arbete. V\u00e4rldens fattigaste l\u00e4nder och de befolkningsgrupper som redan \u00e4r i [&hellip;]\" \/>\n<meta property=\"og:url\" content=\"https:\/\/www.kirkonulkomaanapu.fi\/sv\/stordonation\/resultat-av-vart-arbete\/\" \/>\n<meta property=\"og:site_name\" content=\"Kyrkans Utlandshj\u00e4lp\" \/>\n<meta property=\"article:publisher\" content=\"https:\/\/www.facebook.com\/Ulkomaanapu\/\" \/>\n<meta property=\"article:modified_time\" content=\"2024-08-12T09:49:18+00:00\" \/>\n<meta property=\"og:image\" content=\"https:\/\/www.kirkonulkomaanapu.fi\/wp-content\/uploads\/2022\/07\/suurlahjoitus_tyomme-tulokset_1920_1080_2-1024x576.jpg\" \/>\n<meta name=\"twitter:label1\" content=\"Ber\u00e4knad l\u00e4stid\" \/>\n\t<meta name=\"twitter:data1\" content=\"3 minuter\" \/>\n<script type=\"application\/ld+json\" class=\"yoast-schema-graph\">{\"@context\":\"https:\/\/schema.org\",\"@graph\":[{\"@type\":\"WebPage\",\"@id\":\"https:\/\/www.kirkonulkomaanapu.fi\/sv\/stordonation\/resultat-av-vart-arbete\/\",\"url\":\"https:\/\/www.kirkonulkomaanapu.fi\/sv\/stordonation\/resultat-av-vart-arbete\/\",\"name\":\"Resultat av v\u00e5rt arbete - Kyrkans Utlandshj\u00e4lp\",\"isPartOf\":{\"@id\":\"https:\/\/www.kirkonulkomaanapu.fi\/#website\"},\"primaryImageOfPage\":{\"@id\":\"https:\/\/www.kirkonulkomaanapu.fi\/sv\/stordonation\/resultat-av-vart-arbete\/#primaryimage\"},\"image\":{\"@id\":\"https:\/\/www.kirkonulkomaanapu.fi\/sv\/stordonation\/resultat-av-vart-arbete\/#primaryimage\"},\"thumbnailUrl\":\"https:\/\/www.kirkonulkomaanapu.fi\/wp-content\/uploads\/2022\/07\/suurlahjoitus_tyomme-tulokset_1920_1080_2-1024x576.jpg\",\"datePublished\":\"2021-11-22T10:56:29+00:00\",\"dateModified\":\"2024-08-12T09:49:18+00:00\",\"breadcrumb\":{\"@id\":\"https:\/\/www.kirkonulkomaanapu.fi\/sv\/stordonation\/resultat-av-vart-arbete\/#breadcrumb\"},\"inLanguage\":\"sv-SE\",\"potentialAction\":[{\"@type\":\"ReadAction\",\"target\":[\"https:\/\/www.kirkonulkomaanapu.fi\/sv\/stordonation\/resultat-av-vart-arbete\/\"]}]},{\"@type\":\"ImageObject\",\"inLanguage\":\"sv-SE\",\"@id\":\"https:\/\/www.kirkonulkomaanapu.fi\/sv\/stordonation\/resultat-av-vart-arbete\/#primaryimage\",\"url\":\"https:\/\/www.kirkonulkomaanapu.fi\/wp-content\/uploads\/2022\/07\/suurlahjoitus_tyomme-tulokset_1920_1080_2-1024x576.jpg\",\"contentUrl\":\"https:\/\/www.kirkonulkomaanapu.fi\/wp-content\/uploads\/2022\/07\/suurlahjoitus_tyomme-tulokset_1920_1080_2-1024x576.jpg\"},{\"@type\":\"BreadcrumbList\",\"@id\":\"https:\/\/www.kirkonulkomaanapu.fi\/sv\/stordonation\/resultat-av-vart-arbete\/#breadcrumb\",\"itemListElement\":[{\"@type\":\"ListItem\",\"position\":1,\"name\":\"Home\",\"item\":\"https:\/\/www.kirkonulkomaanapu.fi\/sv\/\"},{\"@type\":\"ListItem\",\"position\":2,\"name\":\"Stordonation\",\"item\":\"https:\/\/www.kirkonulkomaanapu.fi\/sv\/stordonation\/\"},{\"@type\":\"ListItem\",\"position\":3,\"name\":\"Resultat av v\u00e5rt arbete\"}]},{\"@type\":\"WebSite\",\"@id\":\"https:\/\/www.kirkonulkomaanapu.fi\/#website\",\"url\":\"https:\/\/www.kirkonulkomaanapu.fi\/\",\"name\":\"Kirkon Ulkomaanapu\",\"description\":\"Suomen suurin kehitysyhteisty\u00f6j\u00e4rjest\u00f6\",\"publisher\":{\"@id\":\"https:\/\/www.kirkonulkomaanapu.fi\/#organization\"},\"alternateName\":\"KUA\",\"potentialAction\":[{\"@type\":\"SearchAction\",\"target\":{\"@type\":\"EntryPoint\",\"urlTemplate\":\"https:\/\/www.kirkonulkomaanapu.fi\/?s={search_term_string}\"},\"query-input\":{\"@type\":\"PropertyValueSpecification\",\"valueRequired\":true,\"valueName\":\"search_term_string\"}}],\"inLanguage\":\"sv-SE\"},{\"@type\":\"Organization\",\"@id\":\"https:\/\/www.kirkonulkomaanapu.fi\/#organization\",\"name\":\"Kirkon Ulkomaanapu\",\"alternateName\":\"KUA\",\"url\":\"https:\/\/www.kirkonulkomaanapu.fi\/\",\"logo\":{\"@type\":\"ImageObject\",\"inLanguage\":\"sv-SE\",\"@id\":\"https:\/\/www.kirkonulkomaanapu.fi\/#\/schema\/logo\/image\/\",\"url\":\"https:\/\/www.kirkonulkomaanapu.fi\/wp-content\/uploads\/2026\/02\/Kirkon-ulkomaanapu-logo-1.png\",\"contentUrl\":\"https:\/\/www.kirkonulkomaanapu.fi\/wp-content\/uploads\/2026\/02\/Kirkon-ulkomaanapu-logo-1.png\",\"width\":225,\"height\":225,\"caption\":\"Kirkon Ulkomaanapu\"},\"image\":{\"@id\":\"https:\/\/www.kirkonulkomaanapu.fi\/#\/schema\/logo\/image\/\"},\"sameAs\":[\"https:\/\/www.facebook.com\/Ulkomaanapu\/\",\"https:\/\/www.youtube.com\/user\/kirkonulkomaanapu\",\"https:\/\/instagram.com\/kirkon_ulkomaanapu\/\",\"https:\/\/www.linkedin.com\/company\/finn-church-aid\/\"]}]}<\/script>\n<!-- \/ Yoast SEO plugin. -->","yoast_head_json":{"title":"Resultat av v\u00e5rt arbete - Kyrkans Utlandshj\u00e4lp","robots":{"index":"index","follow":"follow","max-snippet":"max-snippet:-1","max-image-preview":"max-image-preview:large","max-video-preview":"max-video-preview:-1"},"canonical":"https:\/\/www.kirkonulkomaanapu.fi\/sv\/stordonation\/resultat-av-vart-arbete\/","og_locale":"sv_SE","og_type":"article","og_title":"Resultat av v\u00e5rt arbete - Kyrkans Utlandshj\u00e4lp","og_description":"Betydande f\u00f6r\u00e4ndringar tack vare stordonationer \u00c5r 2021 st\u00f6dde v\u00e5ra stordonatorer till exempel barnens utbildning i flyktingl\u00e4ger i Kenya, unga flyktingars yrkesutbildning i Uganda och familjers utkomst i Sydsudan. Stordonationen \u00e4r ett konkret s\u00e4tt att hj\u00e4lpa Det l\u00e5nga undantagstillst\u00e5ndet orsakat av coronaviruset har \u00e4ndrat v\u00e5rt arbete. V\u00e4rldens fattigaste l\u00e4nder och de befolkningsgrupper som redan \u00e4r i [&hellip;]","og_url":"https:\/\/www.kirkonulkomaanapu.fi\/sv\/stordonation\/resultat-av-vart-arbete\/","og_site_name":"Kyrkans Utlandshj\u00e4lp","article_publisher":"https:\/\/www.facebook.com\/Ulkomaanapu\/","article_modified_time":"2024-08-12T09:49:18+00:00","og_image":[{"url":"https:\/\/www.kirkonulkomaanapu.fi\/wp-content\/uploads\/2022\/07\/suurlahjoitus_tyomme-tulokset_1920_1080_2-1024x576.jpg","type":"","width":"","height":""}],"twitter_misc":{"Ber\u00e4knad l\u00e4stid":"3 minuter"},"schema":{"@context":"https:\/\/schema.org","@graph":[{"@type":"WebPage","@id":"https:\/\/www.kirkonulkomaanapu.fi\/sv\/stordonation\/resultat-av-vart-arbete\/","url":"https:\/\/www.kirkonulkomaanapu.fi\/sv\/stordonation\/resultat-av-vart-arbete\/","name":"Resultat av v\u00e5rt arbete - Kyrkans Utlandshj\u00e4lp","isPartOf":{"@id":"https:\/\/www.kirkonulkomaanapu.fi\/#website"},"primaryImageOfPage":{"@id":"https:\/\/www.kirkonulkomaanapu.fi\/sv\/stordonation\/resultat-av-vart-arbete\/#primaryimage"},"image":{"@id":"https:\/\/www.kirkonulkomaanapu.fi\/sv\/stordonation\/resultat-av-vart-arbete\/#primaryimage"},"thumbnailUrl":"https:\/\/www.kirkonulkomaanapu.fi\/wp-content\/uploads\/2022\/07\/suurlahjoitus_tyomme-tulokset_1920_1080_2-1024x576.jpg","datePublished":"2021-11-22T10:56:29+00:00","dateModified":"2024-08-12T09:49:18+00:00","breadcrumb":{"@id":"https:\/\/www.kirkonulkomaanapu.fi\/sv\/stordonation\/resultat-av-vart-arbete\/#breadcrumb"},"inLanguage":"sv-SE","potentialAction":[{"@type":"ReadAction","target":["https:\/\/www.kirkonulkomaanapu.fi\/sv\/stordonation\/resultat-av-vart-arbete\/"]}]},{"@type":"ImageObject","inLanguage":"sv-SE","@id":"https:\/\/www.kirkonulkomaanapu.fi\/sv\/stordonation\/resultat-av-vart-arbete\/#primaryimage","url":"https:\/\/www.kirkonulkomaanapu.fi\/wp-content\/uploads\/2022\/07\/suurlahjoitus_tyomme-tulokset_1920_1080_2-1024x576.jpg","contentUrl":"https:\/\/www.kirkonulkomaanapu.fi\/wp-content\/uploads\/2022\/07\/suurlahjoitus_tyomme-tulokset_1920_1080_2-1024x576.jpg"},{"@type":"BreadcrumbList","@id":"https:\/\/www.kirkonulkomaanapu.fi\/sv\/stordonation\/resultat-av-vart-arbete\/#breadcrumb","itemListElement":[{"@type":"ListItem","position":1,"name":"Home","item":"https:\/\/www.kirkonulkomaanapu.fi\/sv\/"},{"@type":"ListItem","position":2,"name":"Stordonation","item":"https:\/\/www.kirkonulkomaanapu.fi\/sv\/stordonation\/"},{"@type":"ListItem","position":3,"name":"Resultat av v\u00e5rt arbete"}]},{"@type":"WebSite","@id":"https:\/\/www.kirkonulkomaanapu.fi\/#website","url":"https:\/\/www.kirkonulkomaanapu.fi\/","name":"Kirkon Ulkomaanapu","description":"Suomen suurin kehitysyhteisty\u00f6j\u00e4rjest\u00f6","publisher":{"@id":"https:\/\/www.kirkonulkomaanapu.fi\/#organization"},"alternateName":"KUA","potentialAction":[{"@type":"SearchAction","target":{"@type":"EntryPoint","urlTemplate":"https:\/\/www.kirkonulkomaanapu.fi\/?s={search_term_string}"},"query-input":{"@type":"PropertyValueSpecification","valueRequired":true,"valueName":"search_term_string"}}],"inLanguage":"sv-SE"},{"@type":"Organization","@id":"https:\/\/www.kirkonulkomaanapu.fi\/#organization","name":"Kirkon Ulkomaanapu","alternateName":"KUA","url":"https:\/\/www.kirkonulkomaanapu.fi\/","logo":{"@type":"ImageObject","inLanguage":"sv-SE","@id":"https:\/\/www.kirkonulkomaanapu.fi\/#\/schema\/logo\/image\/","url":"https:\/\/www.kirkonulkomaanapu.fi\/wp-content\/uploads\/2026\/02\/Kirkon-ulkomaanapu-logo-1.png","contentUrl":"https:\/\/www.kirkonulkomaanapu.fi\/wp-content\/uploads\/2026\/02\/Kirkon-ulkomaanapu-logo-1.png","width":225,"height":225,"caption":"Kirkon Ulkomaanapu"},"image":{"@id":"https:\/\/www.kirkonulkomaanapu.fi\/#\/schema\/logo\/image\/"},"sameAs":["https:\/\/www.facebook.com\/Ulkomaanapu\/","https:\/\/www.youtube.com\/user\/kirkonulkomaanapu","https:\/\/instagram.com\/kirkon_ulkomaanapu\/","https:\/\/www.linkedin.com\/company\/finn-church-aid\/"]}]}},"_links":{"self":[{"href":"https:\/\/www.kirkonulkomaanapu.fi\/sv\/wp-json\/wp\/v2\/pages\/125165","targetHints":{"allow":["GET"]}}],"collection":[{"href":"https:\/\/www.kirkonulkomaanapu.fi\/sv\/wp-json\/wp\/v2\/pages"}],"about":[{"href":"https:\/\/www.kirkonulkomaanapu.fi\/sv\/wp-json\/wp\/v2\/types\/page"}],"author":[{"embeddable":true,"href":"https:\/\/www.kirkonulkomaanapu.fi\/sv\/wp-json\/wp\/v2\/users\/123"}],"replies":[{"embeddable":true,"href":"https:\/\/www.kirkonulkomaanapu.fi\/sv\/wp-json\/wp\/v2\/comments?post=125165"}],"version-history":[{"count":3,"href":"https:\/\/www.kirkonulkomaanapu.fi\/sv\/wp-json\/wp\/v2\/pages\/125165\/revisions"}],"predecessor-version":[{"id":149327,"href":"https:\/\/www.kirkonulkomaanapu.fi\/sv\/wp-json\/wp\/v2\/pages\/125165\/revisions\/149327"}],"up":[{"embeddable":true,"href":"https:\/\/www.kirkonulkomaanapu.fi\/sv\/wp-json\/wp\/v2\/pages\/6045"}],"wp:attachment":[{"href":"https:\/\/www.kirkonulkomaanapu.fi\/sv\/wp-json\/wp\/v2\/media?parent=125165"}],"curies":[{"name":"wp","href":"https:\/\/api.w.org\/{rel}","templated":true}]}}