{"id":125163,"date":"2021-11-22T12:49:10","date_gmt":"2021-11-22T10:49:10","guid":{"rendered":"https:\/\/www.kirkonulkomaanapu.fi\/?page_id=125163"},"modified":"2022-08-02T14:41:28","modified_gmt":"2022-08-02T11:41:28","slug":"tom-tukiainen","status":"publish","type":"page","link":"https:\/\/www.kirkonulkomaanapu.fi\/sv\/stordonation\/stordonatorerna-berattar\/tom-tukiainen\/","title":{"rendered":"Tom Tukiainen"},"content":{"rendered":"\n\n\n<div class=\"block-hero full-width id-block\" style=\"background-image: url('https:\/\/www.kirkonulkomaanapu.fi\/wp-content\/uploads\/2019\/06\/Tom-Tukiainen2019.jpg');\">\n\n\t<div class=\"bg-mobile\" style=\"background-image: url('https:\/\/www.kirkonulkomaanapu.fi\/wp-content\/uploads\/2019\/06\/Tom-Tukiainen2019-1024x683.jpg');\"><\/div>\n\n\t\n\t<div class=\"curtain\"><\/div>\n\n\t<div class=\"container\">\n\t\t<div class=\"row\">\n\t\t\t<div class=\"col\">\n\t\t\t\t<div class=\"inner-blocks entry-content\">\n\t\t\t\t\t\t\t\t\t\t\t\n<h1 class=\"is-style-brush\" ><span class=\"bg\">\nSTORDONATORN<\/span><br><span class=\"bg\"><span class=\"is-highlighted\">TOM TUKIAINEN<\/span>\n<\/span><\/h1><h1 class=\"is-style-brush mobile\" ><span class=\"bg\">STORDONATORN<\/span><span class=\"is-highlighted\"><span class=\"bg\">TOM<\/span><span class=\"bg\">TUKIAINEN<\/span><\/span><\/h1>\n\n\t\t\t\t\t\t\t\t\t<\/div>\n\t\t\t<\/div>\n\t\t<\/div>\n\t<\/div>\n<\/div>\n\n\n<div class=\"subpage-navigation id-block full-width\">\n    <div class=\"container-lg\">\n        <div class=\"row\">\n            <div class=\"col\">\n                <ul class=\"pages\">\n                                        <li class=\"page ancestor\">\n                        <a href=\"https:\/\/www.kirkonulkomaanapu.fi\/sv\/stordonation\/\">Stordonation<\/a>\n                    <\/li>\n                                        <li class=\"page ancestor\">\n                        <a href=\"https:\/\/www.kirkonulkomaanapu.fi\/sv\/stordonation\/stordonatorerna-berattar\/\">Stordonatorerna ber\u00e4ttar<\/a>\n                    <\/li>\n                    \n                                        <li class=\"page current\">\n                        <a href=\"https:\/\/www.kirkonulkomaanapu.fi\/sv\/stordonation\/stordonatorerna-berattar\/tom-tukiainen\/\">Tom Tukiainen<\/a>\n                    <\/li>\n                                    <\/ul>\n            <\/div>\n        <\/div>\n    <\/div>\n<\/div>\n\n\n\n\n\n\n<p class=\"is-style-ingress\">Att hj\u00e4lpa m\u00e4nniskor som har det s\u00e4mre st\u00e4llt \u00e4r en sj\u00e4lvklarhet f\u00f6r Tomi och han medger att samvetet pl\u00e5gar honom ibland f\u00f6r att sj\u00e4lv har det s\u00e5 bra. \u201dN\u00e4r man \u00e4r v\u00e4llottade sedan f\u00f6dseln har man skyldighet att hj\u00e4lpa\u201d, konstaterar Tom. \u201dEn m\u00e4nniska kan inte v\u00e4lja till vilka omst\u00e4ndigheter hon f\u00f6ds. Vissa har d\u00e5lig tur och andra har d\u00e5lig\u201d.<\/p>\n\n\n\n<p>Helsingforsbon Tom Tukiainen \u00e4r 61 \u00e5r och har som stordonator underst\u00f6tt Kyrkans Utlandshj\u00e4lp redan l\u00e4nge. Under \u00e5rens lopp har han donerat till flera olika bist\u00e5ndsm\u00e5l, senast till utbildning f\u00f6r flyktingar i Kenya. Att st\u00f6det riktas till utbildning, barn och unga \u00e4r viktigt f\u00f6r Tom. \u201dI fattiga l\u00e4nder blir framtidsutsikterna betydligt b\u00e4ttre n\u00e4r befolkningen \u00e4r utbildad\u201d, uppger Tom som sitt motiv. Han har ocks\u00e5 donerat till katastrofhj\u00e4lpen men vill underst\u00f6da utvecklingssamarbetet l\u00e5ngsiktigt. \u201dMan skall kunna reagera p\u00e5 den akuta n\u00f6den men det \u00e4r viktigt att hj\u00e4lpa ocks\u00e5 p\u00e5 l\u00e4ngre sikt\u201d, menar Tom.<\/p>\n\n\n\n<p>Tom donerar ofta aktier och tycker att aktiedonerandet \u00e4r ett utm\u00e4rkt s\u00e4tt att hj\u00e4lpa. \u201d Alltihop \u00e4r s\u00e5 enkelt f\u00f6r det \u00e4r ju KUH som i praktiken sk\u00f6ter s\u00e5 gott som hela processen \u201d. Att donera till KUH \u00e4r skattefritt f\u00f6r donatorn dvs hen beh\u00f6ver inte betala skatt ifall aktierna stigit i v\u00e4rde. KUH kan realisera aktierna utan skattep\u00e5f\u00f6ljder och anv\u00e4nda int\u00e4kterna till sitt arbete i utvecklingsl\u00e4nderna. \u201dAktiedonerandet gagnar b\u00e5de den som ger och den som tar emot g\u00e5van\u201d, konstaterar Tom.<\/p>\n\n\n\n<p>Tom vill uppmuntra folk att hj\u00e4lpa och han tror att hj\u00e4lpvilligheten kommer att g\u00e5 i arv till hans egna barn. \u201d Det \u00e4r viktigt att visa exempel och hj\u00e4lpa dem som beh\u00f6ver hj\u00e4lp\u201d, s\u00e4ger Tom. \u201dGenom att hj\u00e4lpa skapar vi en motkraft till den \u00f6kande sj\u00e4lviskheten, intoleransen och rasismen. Om vi bara ser p\u00e5 utan att g\u00f6ra n\u00e5got, vinner hatretoriken terr\u00e4ng\u201d, summerar Tom.<\/p>\n\n\n\n<p>Kyrkans Utlandshj\u00e4lp riktar sitt varmaste tack till Tom Tukiainen f\u00f6r de viktiga donationerna.<\/p>\n","protected":false},"excerpt":{"rendered":"<p>Att hj\u00e4lpa m\u00e4nniskor som har det s\u00e4mre st\u00e4llt \u00e4r en sj\u00e4lvklarhet f\u00f6r Tomi och han medger att samvetet pl\u00e5gar honom ibland f\u00f6r att sj\u00e4lv har det s\u00e5 bra. \u201dN\u00e4r man \u00e4r v\u00e4llottade sedan f\u00f6dseln har man skyldighet att hj\u00e4lpa\u201d, konstaterar Tom. \u201dEn m\u00e4nniska kan inte v\u00e4lja till vilka omst\u00e4ndigheter hon f\u00f6ds. Vissa har d\u00e5lig tur [&hellip;]<\/p>\n","protected":false},"author":123,"featured_media":0,"parent":125148,"menu_order":0,"comment_status":"closed","ping_status":"closed","template":"","meta":{"_acf_changed":false,"_relevanssi_hide_post":"","_relevanssi_hide_content":"","_relevanssi_pin_for_all":"","_relevanssi_pin_keywords":"","_relevanssi_unpin_keywords":"","_relevanssi_related_keywords":"","_relevanssi_related_include_ids":"","_relevanssi_related_exclude_ids":"","_relevanssi_related_no_append":"","_relevanssi_related_not_related":"","_relevanssi_related_posts":"121400,63644,89500,121614,121649,108131","_relevanssi_noindex_reason":"","_improvement_type_select":"improve_an_existing","_thumb_yes_seoaic":false,"_frame_yes_seoaic":false,"seoaic_generate_description":"","seoaic_improve_instructions_prompt":"","seoaic_rollback_content_improvement":"","seoaic_idea_thumbnail_generator":"","thumbnail_generated":false,"thumbnail_generate_prompt":"","seoaic_article_description":"","footnotes":""},"class_list":["post-125163","page","type-page","status-publish","hentry"],"acf":[],"yoast_head":"<!-- This site is optimized with the Yoast SEO plugin v26.9 - https:\/\/yoast.com\/product\/yoast-seo-wordpress\/ -->\n<title>Tom Tukiainen - Kyrkans Utlandshj\u00e4lp<\/title>\n<meta name=\"robots\" content=\"index, follow, max-snippet:-1, max-image-preview:large, max-video-preview:-1\" \/>\n<link rel=\"canonical\" href=\"https:\/\/www.kirkonulkomaanapu.fi\/sv\/stordonation\/stordonatorerna-berattar\/tom-tukiainen\/\" \/>\n<meta property=\"og:locale\" content=\"sv_SE\" \/>\n<meta property=\"og:type\" content=\"article\" \/>\n<meta property=\"og:title\" content=\"Tom Tukiainen - Kyrkans Utlandshj\u00e4lp\" \/>\n<meta property=\"og:description\" content=\"Att hj\u00e4lpa m\u00e4nniskor som har det s\u00e4mre st\u00e4llt \u00e4r en sj\u00e4lvklarhet f\u00f6r Tomi och han medger att samvetet pl\u00e5gar honom ibland f\u00f6r att sj\u00e4lv har det s\u00e5 bra. \u201dN\u00e4r man \u00e4r v\u00e4llottade sedan f\u00f6dseln har man skyldighet att hj\u00e4lpa\u201d, konstaterar Tom. \u201dEn m\u00e4nniska kan inte v\u00e4lja till vilka omst\u00e4ndigheter hon f\u00f6ds. Vissa har d\u00e5lig tur [&hellip;]\" \/>\n<meta property=\"og:url\" content=\"https:\/\/www.kirkonulkomaanapu.fi\/sv\/stordonation\/stordonatorerna-berattar\/tom-tukiainen\/\" \/>\n<meta property=\"og:site_name\" content=\"Kyrkans Utlandshj\u00e4lp\" \/>\n<meta property=\"article:publisher\" content=\"https:\/\/www.facebook.com\/Ulkomaanapu\/\" \/>\n<meta property=\"article:modified_time\" content=\"2022-08-02T11:41:28+00:00\" \/>\n<meta property=\"og:image\" content=\"https:\/\/www.kirkonulkomaanapu.fi\/wp-content\/uploads\/2026\/02\/Kirkon-ulkomaanapu-logo.png\" \/>\n\t<meta property=\"og:image:width\" content=\"225\" \/>\n\t<meta property=\"og:image:height\" content=\"225\" \/>\n\t<meta property=\"og:image:type\" content=\"image\/png\" \/>\n<meta name=\"twitter:label1\" content=\"Ber\u00e4knad l\u00e4stid\" \/>\n\t<meta name=\"twitter:data1\" content=\"2 minuter\" \/>\n<script type=\"application\/ld+json\" class=\"yoast-schema-graph\">{\"@context\":\"https:\/\/schema.org\",\"@graph\":[{\"@type\":\"WebPage\",\"@id\":\"https:\/\/www.kirkonulkomaanapu.fi\/sv\/stordonation\/stordonatorerna-berattar\/tom-tukiainen\/\",\"url\":\"https:\/\/www.kirkonulkomaanapu.fi\/sv\/stordonation\/stordonatorerna-berattar\/tom-tukiainen\/\",\"name\":\"Tom Tukiainen - Kyrkans Utlandshj\u00e4lp\",\"isPartOf\":{\"@id\":\"https:\/\/www.kirkonulkomaanapu.fi\/#website\"},\"datePublished\":\"2021-11-22T10:49:10+00:00\",\"dateModified\":\"2022-08-02T11:41:28+00:00\",\"breadcrumb\":{\"@id\":\"https:\/\/www.kirkonulkomaanapu.fi\/sv\/stordonation\/stordonatorerna-berattar\/tom-tukiainen\/#breadcrumb\"},\"inLanguage\":\"sv-SE\",\"potentialAction\":[{\"@type\":\"ReadAction\",\"target\":[\"https:\/\/www.kirkonulkomaanapu.fi\/sv\/stordonation\/stordonatorerna-berattar\/tom-tukiainen\/\"]}]},{\"@type\":\"BreadcrumbList\",\"@id\":\"https:\/\/www.kirkonulkomaanapu.fi\/sv\/stordonation\/stordonatorerna-berattar\/tom-tukiainen\/#breadcrumb\",\"itemListElement\":[{\"@type\":\"ListItem\",\"position\":1,\"name\":\"Home\",\"item\":\"https:\/\/www.kirkonulkomaanapu.fi\/sv\/\"},{\"@type\":\"ListItem\",\"position\":2,\"name\":\"Stordonation\",\"item\":\"https:\/\/www.kirkonulkomaanapu.fi\/sv\/stordonation\/\"},{\"@type\":\"ListItem\",\"position\":3,\"name\":\"Stordonatorerna ber\u00e4ttar\",\"item\":\"https:\/\/www.kirkonulkomaanapu.fi\/sv\/stordonation\/stordonatorerna-berattar\/\"},{\"@type\":\"ListItem\",\"position\":4,\"name\":\"Tom Tukiainen\"}]},{\"@type\":\"WebSite\",\"@id\":\"https:\/\/www.kirkonulkomaanapu.fi\/#website\",\"url\":\"https:\/\/www.kirkonulkomaanapu.fi\/\",\"name\":\"Kirkon Ulkomaanapu\",\"description\":\"Suomen suurin kehitysyhteisty\u00f6j\u00e4rjest\u00f6\",\"publisher\":{\"@id\":\"https:\/\/www.kirkonulkomaanapu.fi\/#organization\"},\"alternateName\":\"KUA\",\"potentialAction\":[{\"@type\":\"SearchAction\",\"target\":{\"@type\":\"EntryPoint\",\"urlTemplate\":\"https:\/\/www.kirkonulkomaanapu.fi\/?s={search_term_string}\"},\"query-input\":{\"@type\":\"PropertyValueSpecification\",\"valueRequired\":true,\"valueName\":\"search_term_string\"}}],\"inLanguage\":\"sv-SE\"},{\"@type\":\"Organization\",\"@id\":\"https:\/\/www.kirkonulkomaanapu.fi\/#organization\",\"name\":\"Kirkon Ulkomaanapu\",\"alternateName\":\"KUA\",\"url\":\"https:\/\/www.kirkonulkomaanapu.fi\/\",\"logo\":{\"@type\":\"ImageObject\",\"inLanguage\":\"sv-SE\",\"@id\":\"https:\/\/www.kirkonulkomaanapu.fi\/#\/schema\/logo\/image\/\",\"url\":\"https:\/\/www.kirkonulkomaanapu.fi\/wp-content\/uploads\/2026\/02\/Kirkon-ulkomaanapu-logo-1.png\",\"contentUrl\":\"https:\/\/www.kirkonulkomaanapu.fi\/wp-content\/uploads\/2026\/02\/Kirkon-ulkomaanapu-logo-1.png\",\"width\":225,\"height\":225,\"caption\":\"Kirkon Ulkomaanapu\"},\"image\":{\"@id\":\"https:\/\/www.kirkonulkomaanapu.fi\/#\/schema\/logo\/image\/\"},\"sameAs\":[\"https:\/\/www.facebook.com\/Ulkomaanapu\/\",\"https:\/\/www.youtube.com\/user\/kirkonulkomaanapu\",\"https:\/\/instagram.com\/kirkon_ulkomaanapu\/\",\"https:\/\/www.linkedin.com\/company\/finn-church-aid\/\"]}]}<\/script>\n<!-- \/ Yoast SEO plugin. -->","yoast_head_json":{"title":"Tom Tukiainen - Kyrkans Utlandshj\u00e4lp","robots":{"index":"index","follow":"follow","max-snippet":"max-snippet:-1","max-image-preview":"max-image-preview:large","max-video-preview":"max-video-preview:-1"},"canonical":"https:\/\/www.kirkonulkomaanapu.fi\/sv\/stordonation\/stordonatorerna-berattar\/tom-tukiainen\/","og_locale":"sv_SE","og_type":"article","og_title":"Tom Tukiainen - Kyrkans Utlandshj\u00e4lp","og_description":"Att hj\u00e4lpa m\u00e4nniskor som har det s\u00e4mre st\u00e4llt \u00e4r en sj\u00e4lvklarhet f\u00f6r Tomi och han medger att samvetet pl\u00e5gar honom ibland f\u00f6r att sj\u00e4lv har det s\u00e5 bra. \u201dN\u00e4r man \u00e4r v\u00e4llottade sedan f\u00f6dseln har man skyldighet att hj\u00e4lpa\u201d, konstaterar Tom. \u201dEn m\u00e4nniska kan inte v\u00e4lja till vilka omst\u00e4ndigheter hon f\u00f6ds. Vissa har d\u00e5lig tur [&hellip;]","og_url":"https:\/\/www.kirkonulkomaanapu.fi\/sv\/stordonation\/stordonatorerna-berattar\/tom-tukiainen\/","og_site_name":"Kyrkans Utlandshj\u00e4lp","article_publisher":"https:\/\/www.facebook.com\/Ulkomaanapu\/","article_modified_time":"2022-08-02T11:41:28+00:00","og_image":[{"width":225,"height":225,"url":"https:\/\/www.kirkonulkomaanapu.fi\/wp-content\/uploads\/2026\/02\/Kirkon-ulkomaanapu-logo.png","type":"image\/png"}],"twitter_misc":{"Ber\u00e4knad l\u00e4stid":"2 minuter"},"schema":{"@context":"https:\/\/schema.org","@graph":[{"@type":"WebPage","@id":"https:\/\/www.kirkonulkomaanapu.fi\/sv\/stordonation\/stordonatorerna-berattar\/tom-tukiainen\/","url":"https:\/\/www.kirkonulkomaanapu.fi\/sv\/stordonation\/stordonatorerna-berattar\/tom-tukiainen\/","name":"Tom Tukiainen - Kyrkans Utlandshj\u00e4lp","isPartOf":{"@id":"https:\/\/www.kirkonulkomaanapu.fi\/#website"},"datePublished":"2021-11-22T10:49:10+00:00","dateModified":"2022-08-02T11:41:28+00:00","breadcrumb":{"@id":"https:\/\/www.kirkonulkomaanapu.fi\/sv\/stordonation\/stordonatorerna-berattar\/tom-tukiainen\/#breadcrumb"},"inLanguage":"sv-SE","potentialAction":[{"@type":"ReadAction","target":["https:\/\/www.kirkonulkomaanapu.fi\/sv\/stordonation\/stordonatorerna-berattar\/tom-tukiainen\/"]}]},{"@type":"BreadcrumbList","@id":"https:\/\/www.kirkonulkomaanapu.fi\/sv\/stordonation\/stordonatorerna-berattar\/tom-tukiainen\/#breadcrumb","itemListElement":[{"@type":"ListItem","position":1,"name":"Home","item":"https:\/\/www.kirkonulkomaanapu.fi\/sv\/"},{"@type":"ListItem","position":2,"name":"Stordonation","item":"https:\/\/www.kirkonulkomaanapu.fi\/sv\/stordonation\/"},{"@type":"ListItem","position":3,"name":"Stordonatorerna ber\u00e4ttar","item":"https:\/\/www.kirkonulkomaanapu.fi\/sv\/stordonation\/stordonatorerna-berattar\/"},{"@type":"ListItem","position":4,"name":"Tom Tukiainen"}]},{"@type":"WebSite","@id":"https:\/\/www.kirkonulkomaanapu.fi\/#website","url":"https:\/\/www.kirkonulkomaanapu.fi\/","name":"Kirkon Ulkomaanapu","description":"Suomen suurin kehitysyhteisty\u00f6j\u00e4rjest\u00f6","publisher":{"@id":"https:\/\/www.kirkonulkomaanapu.fi\/#organization"},"alternateName":"KUA","potentialAction":[{"@type":"SearchAction","target":{"@type":"EntryPoint","urlTemplate":"https:\/\/www.kirkonulkomaanapu.fi\/?s={search_term_string}"},"query-input":{"@type":"PropertyValueSpecification","valueRequired":true,"valueName":"search_term_string"}}],"inLanguage":"sv-SE"},{"@type":"Organization","@id":"https:\/\/www.kirkonulkomaanapu.fi\/#organization","name":"Kirkon Ulkomaanapu","alternateName":"KUA","url":"https:\/\/www.kirkonulkomaanapu.fi\/","logo":{"@type":"ImageObject","inLanguage":"sv-SE","@id":"https:\/\/www.kirkonulkomaanapu.fi\/#\/schema\/logo\/image\/","url":"https:\/\/www.kirkonulkomaanapu.fi\/wp-content\/uploads\/2026\/02\/Kirkon-ulkomaanapu-logo-1.png","contentUrl":"https:\/\/www.kirkonulkomaanapu.fi\/wp-content\/uploads\/2026\/02\/Kirkon-ulkomaanapu-logo-1.png","width":225,"height":225,"caption":"Kirkon Ulkomaanapu"},"image":{"@id":"https:\/\/www.kirkonulkomaanapu.fi\/#\/schema\/logo\/image\/"},"sameAs":["https:\/\/www.facebook.com\/Ulkomaanapu\/","https:\/\/www.youtube.com\/user\/kirkonulkomaanapu","https:\/\/instagram.com\/kirkon_ulkomaanapu\/","https:\/\/www.linkedin.com\/company\/finn-church-aid\/"]}]}},"_links":{"self":[{"href":"https:\/\/www.kirkonulkomaanapu.fi\/sv\/wp-json\/wp\/v2\/pages\/125163","targetHints":{"allow":["GET"]}}],"collection":[{"href":"https:\/\/www.kirkonulkomaanapu.fi\/sv\/wp-json\/wp\/v2\/pages"}],"about":[{"href":"https:\/\/www.kirkonulkomaanapu.fi\/sv\/wp-json\/wp\/v2\/types\/page"}],"author":[{"embeddable":true,"href":"https:\/\/www.kirkonulkomaanapu.fi\/sv\/wp-json\/wp\/v2\/users\/123"}],"replies":[{"embeddable":true,"href":"https:\/\/www.kirkonulkomaanapu.fi\/sv\/wp-json\/wp\/v2\/comments?post=125163"}],"version-history":[{"count":3,"href":"https:\/\/www.kirkonulkomaanapu.fi\/sv\/wp-json\/wp\/v2\/pages\/125163\/revisions"}],"predecessor-version":[{"id":131885,"href":"https:\/\/www.kirkonulkomaanapu.fi\/sv\/wp-json\/wp\/v2\/pages\/125163\/revisions\/131885"}],"up":[{"embeddable":true,"href":"https:\/\/www.kirkonulkomaanapu.fi\/sv\/wp-json\/wp\/v2\/pages\/125148"}],"wp:attachment":[{"href":"https:\/\/www.kirkonulkomaanapu.fi\/sv\/wp-json\/wp\/v2\/media?parent=125163"}],"curies":[{"name":"wp","href":"https:\/\/api.w.org\/{rel}","templated":true}]}}