{"id":124997,"date":"2021-11-18T14:52:33","date_gmt":"2021-11-18T12:52:33","guid":{"rendered":"https:\/\/www.kirkonulkomaanapu.fi\/?page_id=124997"},"modified":"2022-08-02T14:34:11","modified_gmt":"2022-08-02T11:34:11","slug":"aktiedonation","status":"publish","type":"page","link":"https:\/\/www.kirkonulkomaanapu.fi\/sv\/stordonation\/aktiedonation\/","title":{"rendered":"Aktiedonation"},"content":{"rendered":"\n\n\n<div class=\"block-hero full-width id-block\" style=\"background-image: url('https:\/\/www.kirkonulkomaanapu.fi\/wp-content\/uploads\/2021\/08\/osakelahjoitus-scaled.jpg');\">\n\n\t<div class=\"bg-mobile\" style=\"background-image: url('https:\/\/www.kirkonulkomaanapu.fi\/wp-content\/uploads\/2021\/08\/osakelahjoitus-1024x576.jpg');\"><\/div>\n\n\t\n\t<div class=\"curtain\"><\/div>\n\n\t<div class=\"container\">\n\t\t<div class=\"row\">\n\t\t\t<div class=\"col\">\n\t\t\t\t<div class=\"inner-blocks entry-content\">\n\t\t\t\t\t\t\t\t\t\t\t\n<h1 class=\"is-style-brush\" ><span class=\"bg\">\n<span class=\"is-highlighted\">AKTIE<\/span>DONATION\n<\/span><\/h1><h1 class=\"is-style-brush mobile\" ><span class=\"is-highlighted\"><span class=\"bg\">AKTIE<\/span><\/span><span class=\"bg\">DONATION<\/span><\/h1>\n\n\t\t\t\t\t\t\t\t\t<\/div>\n\t\t\t<\/div>\n\t\t<\/div>\n\t<\/div>\n<\/div>\n\n\n<div class=\"subpage-navigation id-block full-width\">\n    <div class=\"container-lg\">\n        <div class=\"row\">\n            <div class=\"col\">\n                <ul class=\"pages\">\n                                        <li class=\"page ancestor\">\n                        <a href=\"https:\/\/www.kirkonulkomaanapu.fi\/sv\/stordonation\/\">Stordonation<\/a>\n                    <\/li>\n                    \n                                        <li class=\"page current\">\n                        <a href=\"https:\/\/www.kirkonulkomaanapu.fi\/sv\/stordonation\/aktiedonation\/\">Aktiedonation<\/a>\n                    <\/li>\n                                        <li class=\"page\">\n                        <a href=\"https:\/\/www.kirkonulkomaanapu.fi\/sv\/stordonation\/landscheferna-berattar\/\">Landscheferna ber\u00e4ttar<\/a>\n                    <\/li>\n                                        <li class=\"page\">\n                        <a href=\"https:\/\/www.kirkonulkomaanapu.fi\/sv\/stordonation\/resultat-av-vart-arbete\/\">Resultat av v\u00e5rt arbete<\/a>\n                    <\/li>\n                                        <li class=\"page\">\n                        <a href=\"https:\/\/www.kirkonulkomaanapu.fi\/sv\/stordonation\/stordonatorerna-berattar\/\">Stordonatorerna ber\u00e4ttar<\/a>\n                    <\/li>\n                                        <li class=\"page\">\n                        <a href=\"https:\/\/www.kirkonulkomaanapu.fi\/sv\/stordonation\/ta-kontakt\/\">Ta kontakt<\/a>\n                    <\/li>\n                                    <\/ul>\n            <\/div>\n        <\/div>\n    <\/div>\n<\/div>\n\n\n\n\n\n\n<h2 class=\"wp-block-heading\">Aktiedonerandet \u00e4r l\u00e4tt<\/h2>\n\n\n\n<p class=\"is-style-ingress\">N\u00e4r du donerar aktier eller v\u00e4rdepapper kan du f\u00f6r\u00e4ndra m\u00e5nga m\u00e4nniskors liv i utvecklingsl\u00e4nderna. De aktier och v\u00e4rdeandelar som donerats kan realiseras utan skattep\u00e5f\u00f6ljder eftersom Kyrkans Utlandshj\u00e4lp, som \u00e4r en allm\u00e4nnyttig organisation, inte beh\u00f6ver betala g\u00e5voskatt n\u00e4r den tar emot donerade aktier eller v\u00e4rdeandelar. Den som donerar beh\u00f6ver inte heller betala skatt p\u00e5 en eventuell v\u00e4rdestegring i aktierna.<\/p>\n\n\n\n<h3 class=\"wp-block-heading\">Aktiedonerandet i praktiken<\/h3>\n\n\n\n<p>Att donera aktier till Kyrkans Utlandshj\u00e4lp \u00e4r l\u00e4tt. Vi f\u00f6rser donatorn med ett f\u00f6rhandsifyllt g\u00e5vobrev vilket denne kompletterar, undertecknar och s\u00e4nder eller f\u00f6r till sin bank. Banken sk\u00f6ter sedan \u00f6verf\u00f6ringen till KUH. Efter det realiserar vi aktierna och riktar underst\u00f6det till det m\u00e5l som vi kommer \u00f6verens om.<\/p>\n\n\n\n\n<div class=\"block-content-with-infobox full-width id-block\">\n\t<div class=\"container-lg\">\n\t\t<div class=\"row justify-content-center\">\n\t\t\t<div class=\"col\">\n\t\t\t\t<div class=\"flex-inner inner-blocks entry-content\">\n\t\t\t\t\t\n\n<div class=\"block-inner-blocks inner-blocks entry-content lorem\">\n\t\n\n<h3 class=\"wp-block-heading\">\u00c4r du intresserad av att donera stort?<\/h3>\n\n\n\n<p>L\u00e5t oss tillsammans finna ett m\u00e5l som ligger n\u00e4ra ditt hj\u00e4rta.<\/p>\n\n\n<\/div>\n\n\n<div class=\"block-inner-blocks inner-blocks entry-content\">\n\t\n\n<h3 class=\"wp-block-heading\">Ta kontakt<\/h3>\n\n\n\n<p>Laura Yl\u00e4talo<br>Kontaktchef<br><a href=\"mailto:laura.ylatalo@kua.fi\">laura.ylatalo@kua.fi<\/a><br><a href=\"tel:+358406704491\">+358 40 670 4491<\/a><\/p>\n\n\n<\/div>\n\n\t\t\t\t<\/div>\n\t\t\t<\/div>\n\t\t<\/div>\n\t<\/div>\t\n<\/div>\n","protected":false},"excerpt":{"rendered":"<p>Aktiedonerandet \u00e4r l\u00e4tt N\u00e4r du donerar aktier eller v\u00e4rdepapper kan du f\u00f6r\u00e4ndra m\u00e5nga m\u00e4nniskors liv i utvecklingsl\u00e4nderna. De aktier och v\u00e4rdeandelar som donerats kan realiseras utan skattep\u00e5f\u00f6ljder eftersom Kyrkans Utlandshj\u00e4lp, som \u00e4r en allm\u00e4nnyttig organisation, inte beh\u00f6ver betala g\u00e5voskatt n\u00e4r den tar emot donerade aktier eller v\u00e4rdeandelar. Den som donerar beh\u00f6ver inte heller betala skatt [&hellip;]<\/p>\n","protected":false},"author":123,"featured_media":150818,"parent":6045,"menu_order":1,"comment_status":"closed","ping_status":"open","template":"page-templates\/osallistu.php","meta":{"_acf_changed":false,"_relevanssi_hide_post":"","_relevanssi_hide_content":"","_relevanssi_pin_for_all":"","_relevanssi_pin_keywords":"","_relevanssi_unpin_keywords":"","_relevanssi_related_keywords":"","_relevanssi_related_include_ids":"","_relevanssi_related_exclude_ids":"","_relevanssi_related_no_append":"","_relevanssi_related_not_related":"","_relevanssi_related_posts":"89500,121400,63644,121424,121649,121614","_relevanssi_noindex_reason":"","_improvement_type_select":"improve_an_existing","_thumb_yes_seoaic":false,"_frame_yes_seoaic":false,"seoaic_generate_description":"","seoaic_improve_instructions_prompt":"","seoaic_rollback_content_improvement":"","seoaic_idea_thumbnail_generator":"","thumbnail_generated":false,"thumbnail_generate_prompt":"","seoaic_article_description":"","footnotes":""},"class_list":["post-124997","page","type-page","status-publish","has-post-thumbnail","hentry"],"acf":[],"yoast_head":"<!-- This site is optimized with the Yoast SEO plugin v26.9 - https:\/\/yoast.com\/product\/yoast-seo-wordpress\/ -->\n<title>Aktiedonation - Kyrkans Utlandshj\u00e4lp<\/title>\n<meta name=\"robots\" content=\"index, follow, max-snippet:-1, max-image-preview:large, max-video-preview:-1\" \/>\n<link rel=\"canonical\" href=\"https:\/\/www.kirkonulkomaanapu.fi\/sv\/stordonation\/aktiedonation\/\" \/>\n<meta property=\"og:locale\" content=\"sv_SE\" \/>\n<meta property=\"og:type\" content=\"article\" \/>\n<meta property=\"og:title\" content=\"Aktiedonation - Kyrkans Utlandshj\u00e4lp\" \/>\n<meta property=\"og:description\" content=\"Aktiedonerandet \u00e4r l\u00e4tt N\u00e4r du donerar aktier eller v\u00e4rdepapper kan du f\u00f6r\u00e4ndra m\u00e5nga m\u00e4nniskors liv i utvecklingsl\u00e4nderna. De aktier och v\u00e4rdeandelar som donerats kan realiseras utan skattep\u00e5f\u00f6ljder eftersom Kyrkans Utlandshj\u00e4lp, som \u00e4r en allm\u00e4nnyttig organisation, inte beh\u00f6ver betala g\u00e5voskatt n\u00e4r den tar emot donerade aktier eller v\u00e4rdeandelar. Den som donerar beh\u00f6ver inte heller betala skatt [&hellip;]\" \/>\n<meta property=\"og:url\" content=\"https:\/\/www.kirkonulkomaanapu.fi\/sv\/stordonation\/aktiedonation\/\" \/>\n<meta property=\"og:site_name\" content=\"Kyrkans Utlandshj\u00e4lp\" \/>\n<meta property=\"article:publisher\" content=\"https:\/\/www.facebook.com\/Ulkomaanapu\/\" \/>\n<meta property=\"article:modified_time\" content=\"2022-08-02T11:34:11+00:00\" \/>\n<meta property=\"og:image\" content=\"https:\/\/www.kirkonulkomaanapu.fi\/wp-content\/uploads\/2026\/02\/Kirkon-ulkomaanapu-logo.png\" \/>\n\t<meta property=\"og:image:width\" content=\"225\" \/>\n\t<meta property=\"og:image:height\" content=\"225\" \/>\n\t<meta property=\"og:image:type\" content=\"image\/png\" \/>\n<meta name=\"twitter:label1\" content=\"Ber\u00e4knad l\u00e4stid\" \/>\n\t<meta name=\"twitter:data1\" content=\"1 minut\" \/>\n<script type=\"application\/ld+json\" class=\"yoast-schema-graph\">{\"@context\":\"https:\/\/schema.org\",\"@graph\":[{\"@type\":\"WebPage\",\"@id\":\"https:\/\/www.kirkonulkomaanapu.fi\/sv\/stordonation\/aktiedonation\/\",\"url\":\"https:\/\/www.kirkonulkomaanapu.fi\/sv\/stordonation\/aktiedonation\/\",\"name\":\"Aktiedonation - Kyrkans Utlandshj\u00e4lp\",\"isPartOf\":{\"@id\":\"https:\/\/www.kirkonulkomaanapu.fi\/#website\"},\"primaryImageOfPage\":{\"@id\":\"https:\/\/www.kirkonulkomaanapu.fi\/sv\/stordonation\/aktiedonation\/#primaryimage\"},\"image\":{\"@id\":\"https:\/\/www.kirkonulkomaanapu.fi\/sv\/stordonation\/aktiedonation\/#primaryimage\"},\"thumbnailUrl\":\"https:\/\/www.kirkonulkomaanapu.fi\/wp-content\/uploads\/2024\/11\/Osakelahjoitus_mobile.jpg\",\"datePublished\":\"2021-11-18T12:52:33+00:00\",\"dateModified\":\"2022-08-02T11:34:11+00:00\",\"breadcrumb\":{\"@id\":\"https:\/\/www.kirkonulkomaanapu.fi\/sv\/stordonation\/aktiedonation\/#breadcrumb\"},\"inLanguage\":\"sv-SE\",\"potentialAction\":[{\"@type\":\"ReadAction\",\"target\":[\"https:\/\/www.kirkonulkomaanapu.fi\/sv\/stordonation\/aktiedonation\/\"]}]},{\"@type\":\"ImageObject\",\"inLanguage\":\"sv-SE\",\"@id\":\"https:\/\/www.kirkonulkomaanapu.fi\/sv\/stordonation\/aktiedonation\/#primaryimage\",\"url\":\"https:\/\/www.kirkonulkomaanapu.fi\/wp-content\/uploads\/2024\/11\/Osakelahjoitus_mobile.jpg\",\"contentUrl\":\"https:\/\/www.kirkonulkomaanapu.fi\/wp-content\/uploads\/2024\/11\/Osakelahjoitus_mobile.jpg\",\"width\":1080,\"height\":1080,\"caption\":\"Ukrainalainen tytt\u00f6 leikkii palikoilla ulkona KUA:n tukemalla kes\u00e4leirill\u00e4.\"},{\"@type\":\"BreadcrumbList\",\"@id\":\"https:\/\/www.kirkonulkomaanapu.fi\/sv\/stordonation\/aktiedonation\/#breadcrumb\",\"itemListElement\":[{\"@type\":\"ListItem\",\"position\":1,\"name\":\"Home\",\"item\":\"https:\/\/www.kirkonulkomaanapu.fi\/sv\/\"},{\"@type\":\"ListItem\",\"position\":2,\"name\":\"Stordonation\",\"item\":\"https:\/\/www.kirkonulkomaanapu.fi\/sv\/stordonation\/\"},{\"@type\":\"ListItem\",\"position\":3,\"name\":\"Aktiedonation\"}]},{\"@type\":\"WebSite\",\"@id\":\"https:\/\/www.kirkonulkomaanapu.fi\/#website\",\"url\":\"https:\/\/www.kirkonulkomaanapu.fi\/\",\"name\":\"Kirkon Ulkomaanapu\",\"description\":\"Suomen suurin kehitysyhteisty\u00f6j\u00e4rjest\u00f6\",\"publisher\":{\"@id\":\"https:\/\/www.kirkonulkomaanapu.fi\/#organization\"},\"alternateName\":\"KUA\",\"potentialAction\":[{\"@type\":\"SearchAction\",\"target\":{\"@type\":\"EntryPoint\",\"urlTemplate\":\"https:\/\/www.kirkonulkomaanapu.fi\/?s={search_term_string}\"},\"query-input\":{\"@type\":\"PropertyValueSpecification\",\"valueRequired\":true,\"valueName\":\"search_term_string\"}}],\"inLanguage\":\"sv-SE\"},{\"@type\":\"Organization\",\"@id\":\"https:\/\/www.kirkonulkomaanapu.fi\/#organization\",\"name\":\"Kirkon Ulkomaanapu\",\"alternateName\":\"KUA\",\"url\":\"https:\/\/www.kirkonulkomaanapu.fi\/\",\"logo\":{\"@type\":\"ImageObject\",\"inLanguage\":\"sv-SE\",\"@id\":\"https:\/\/www.kirkonulkomaanapu.fi\/#\/schema\/logo\/image\/\",\"url\":\"https:\/\/www.kirkonulkomaanapu.fi\/wp-content\/uploads\/2026\/02\/Kirkon-ulkomaanapu-logo-1.png\",\"contentUrl\":\"https:\/\/www.kirkonulkomaanapu.fi\/wp-content\/uploads\/2026\/02\/Kirkon-ulkomaanapu-logo-1.png\",\"width\":225,\"height\":225,\"caption\":\"Kirkon Ulkomaanapu\"},\"image\":{\"@id\":\"https:\/\/www.kirkonulkomaanapu.fi\/#\/schema\/logo\/image\/\"},\"sameAs\":[\"https:\/\/www.facebook.com\/Ulkomaanapu\/\",\"https:\/\/www.youtube.com\/user\/kirkonulkomaanapu\",\"https:\/\/instagram.com\/kirkon_ulkomaanapu\/\",\"https:\/\/www.linkedin.com\/company\/finn-church-aid\/\"]}]}<\/script>\n<!-- \/ Yoast SEO plugin. -->","yoast_head_json":{"title":"Aktiedonation - Kyrkans Utlandshj\u00e4lp","robots":{"index":"index","follow":"follow","max-snippet":"max-snippet:-1","max-image-preview":"max-image-preview:large","max-video-preview":"max-video-preview:-1"},"canonical":"https:\/\/www.kirkonulkomaanapu.fi\/sv\/stordonation\/aktiedonation\/","og_locale":"sv_SE","og_type":"article","og_title":"Aktiedonation - Kyrkans Utlandshj\u00e4lp","og_description":"Aktiedonerandet \u00e4r l\u00e4tt N\u00e4r du donerar aktier eller v\u00e4rdepapper kan du f\u00f6r\u00e4ndra m\u00e5nga m\u00e4nniskors liv i utvecklingsl\u00e4nderna. De aktier och v\u00e4rdeandelar som donerats kan realiseras utan skattep\u00e5f\u00f6ljder eftersom Kyrkans Utlandshj\u00e4lp, som \u00e4r en allm\u00e4nnyttig organisation, inte beh\u00f6ver betala g\u00e5voskatt n\u00e4r den tar emot donerade aktier eller v\u00e4rdeandelar. Den som donerar beh\u00f6ver inte heller betala skatt [&hellip;]","og_url":"https:\/\/www.kirkonulkomaanapu.fi\/sv\/stordonation\/aktiedonation\/","og_site_name":"Kyrkans Utlandshj\u00e4lp","article_publisher":"https:\/\/www.facebook.com\/Ulkomaanapu\/","article_modified_time":"2022-08-02T11:34:11+00:00","og_image":[{"width":225,"height":225,"url":"https:\/\/www.kirkonulkomaanapu.fi\/wp-content\/uploads\/2026\/02\/Kirkon-ulkomaanapu-logo.png","type":"image\/png"}],"twitter_misc":{"Ber\u00e4knad l\u00e4stid":"1 minut"},"schema":{"@context":"https:\/\/schema.org","@graph":[{"@type":"WebPage","@id":"https:\/\/www.kirkonulkomaanapu.fi\/sv\/stordonation\/aktiedonation\/","url":"https:\/\/www.kirkonulkomaanapu.fi\/sv\/stordonation\/aktiedonation\/","name":"Aktiedonation - Kyrkans Utlandshj\u00e4lp","isPartOf":{"@id":"https:\/\/www.kirkonulkomaanapu.fi\/#website"},"primaryImageOfPage":{"@id":"https:\/\/www.kirkonulkomaanapu.fi\/sv\/stordonation\/aktiedonation\/#primaryimage"},"image":{"@id":"https:\/\/www.kirkonulkomaanapu.fi\/sv\/stordonation\/aktiedonation\/#primaryimage"},"thumbnailUrl":"https:\/\/www.kirkonulkomaanapu.fi\/wp-content\/uploads\/2024\/11\/Osakelahjoitus_mobile.jpg","datePublished":"2021-11-18T12:52:33+00:00","dateModified":"2022-08-02T11:34:11+00:00","breadcrumb":{"@id":"https:\/\/www.kirkonulkomaanapu.fi\/sv\/stordonation\/aktiedonation\/#breadcrumb"},"inLanguage":"sv-SE","potentialAction":[{"@type":"ReadAction","target":["https:\/\/www.kirkonulkomaanapu.fi\/sv\/stordonation\/aktiedonation\/"]}]},{"@type":"ImageObject","inLanguage":"sv-SE","@id":"https:\/\/www.kirkonulkomaanapu.fi\/sv\/stordonation\/aktiedonation\/#primaryimage","url":"https:\/\/www.kirkonulkomaanapu.fi\/wp-content\/uploads\/2024\/11\/Osakelahjoitus_mobile.jpg","contentUrl":"https:\/\/www.kirkonulkomaanapu.fi\/wp-content\/uploads\/2024\/11\/Osakelahjoitus_mobile.jpg","width":1080,"height":1080,"caption":"Ukrainalainen tytt\u00f6 leikkii palikoilla ulkona KUA:n tukemalla kes\u00e4leirill\u00e4."},{"@type":"BreadcrumbList","@id":"https:\/\/www.kirkonulkomaanapu.fi\/sv\/stordonation\/aktiedonation\/#breadcrumb","itemListElement":[{"@type":"ListItem","position":1,"name":"Home","item":"https:\/\/www.kirkonulkomaanapu.fi\/sv\/"},{"@type":"ListItem","position":2,"name":"Stordonation","item":"https:\/\/www.kirkonulkomaanapu.fi\/sv\/stordonation\/"},{"@type":"ListItem","position":3,"name":"Aktiedonation"}]},{"@type":"WebSite","@id":"https:\/\/www.kirkonulkomaanapu.fi\/#website","url":"https:\/\/www.kirkonulkomaanapu.fi\/","name":"Kirkon Ulkomaanapu","description":"Suomen suurin kehitysyhteisty\u00f6j\u00e4rjest\u00f6","publisher":{"@id":"https:\/\/www.kirkonulkomaanapu.fi\/#organization"},"alternateName":"KUA","potentialAction":[{"@type":"SearchAction","target":{"@type":"EntryPoint","urlTemplate":"https:\/\/www.kirkonulkomaanapu.fi\/?s={search_term_string}"},"query-input":{"@type":"PropertyValueSpecification","valueRequired":true,"valueName":"search_term_string"}}],"inLanguage":"sv-SE"},{"@type":"Organization","@id":"https:\/\/www.kirkonulkomaanapu.fi\/#organization","name":"Kirkon Ulkomaanapu","alternateName":"KUA","url":"https:\/\/www.kirkonulkomaanapu.fi\/","logo":{"@type":"ImageObject","inLanguage":"sv-SE","@id":"https:\/\/www.kirkonulkomaanapu.fi\/#\/schema\/logo\/image\/","url":"https:\/\/www.kirkonulkomaanapu.fi\/wp-content\/uploads\/2026\/02\/Kirkon-ulkomaanapu-logo-1.png","contentUrl":"https:\/\/www.kirkonulkomaanapu.fi\/wp-content\/uploads\/2026\/02\/Kirkon-ulkomaanapu-logo-1.png","width":225,"height":225,"caption":"Kirkon Ulkomaanapu"},"image":{"@id":"https:\/\/www.kirkonulkomaanapu.fi\/#\/schema\/logo\/image\/"},"sameAs":["https:\/\/www.facebook.com\/Ulkomaanapu\/","https:\/\/www.youtube.com\/user\/kirkonulkomaanapu","https:\/\/instagram.com\/kirkon_ulkomaanapu\/","https:\/\/www.linkedin.com\/company\/finn-church-aid\/"]}]}},"_links":{"self":[{"href":"https:\/\/www.kirkonulkomaanapu.fi\/sv\/wp-json\/wp\/v2\/pages\/124997","targetHints":{"allow":["GET"]}}],"collection":[{"href":"https:\/\/www.kirkonulkomaanapu.fi\/sv\/wp-json\/wp\/v2\/pages"}],"about":[{"href":"https:\/\/www.kirkonulkomaanapu.fi\/sv\/wp-json\/wp\/v2\/types\/page"}],"author":[{"embeddable":true,"href":"https:\/\/www.kirkonulkomaanapu.fi\/sv\/wp-json\/wp\/v2\/users\/123"}],"replies":[{"embeddable":true,"href":"https:\/\/www.kirkonulkomaanapu.fi\/sv\/wp-json\/wp\/v2\/comments?post=124997"}],"version-history":[{"count":3,"href":"https:\/\/www.kirkonulkomaanapu.fi\/sv\/wp-json\/wp\/v2\/pages\/124997\/revisions"}],"predecessor-version":[{"id":131877,"href":"https:\/\/www.kirkonulkomaanapu.fi\/sv\/wp-json\/wp\/v2\/pages\/124997\/revisions\/131877"}],"up":[{"embeddable":true,"href":"https:\/\/www.kirkonulkomaanapu.fi\/sv\/wp-json\/wp\/v2\/pages\/6045"}],"wp:featuredmedia":[{"embeddable":true,"href":"https:\/\/www.kirkonulkomaanapu.fi\/sv\/wp-json\/wp\/v2\/media\/150818"}],"wp:attachment":[{"href":"https:\/\/www.kirkonulkomaanapu.fi\/sv\/wp-json\/wp\/v2\/media?parent=124997"}],"curies":[{"name":"wp","href":"https:\/\/api.w.org\/{rel}","templated":true}]}}