{"id":124985,"date":"2021-11-18T11:21:00","date_gmt":"2021-11-18T09:21:00","guid":{"rendered":"https:\/\/www.kirkonulkomaanapu.fi\/?page_id=124985"},"modified":"2022-08-02T14:55:04","modified_gmt":"2022-08-02T11:55:04","slug":"landscheferna-berattar","status":"publish","type":"page","link":"https:\/\/www.kirkonulkomaanapu.fi\/sv\/stordonation\/landscheferna-berattar\/","title":{"rendered":"Landscheferna ber\u00e4ttar"},"content":{"rendered":"\n\n\n<div class=\"block-hero full-width id-block\" style=\"background-image: url('https:\/\/www.kirkonulkomaanapu.fi\/wp-content\/uploads\/2021\/08\/suurlahjoitus_maajohtajat-kertovat-1.jpg');\">\n\n\t<div class=\"bg-mobile\" style=\"background-image: url('https:\/\/www.kirkonulkomaanapu.fi\/wp-content\/uploads\/2021\/08\/suurlahjoitus_maajohtajat-kertovat-1-1024x682.jpg');\"><\/div>\n\n\t\n\t<div class=\"curtain\"><\/div>\n\n\t<div class=\"container\">\n\t\t<div class=\"row\">\n\t\t\t<div class=\"col\">\n\t\t\t\t<div class=\"inner-blocks entry-content\">\n\t\t\t\t\t\t\t\t\t\t\t\n<h1 class=\"is-style-brush\" ><span class=\"bg\">\n<span class=\"is-highlighted\">LANDSCHEFERNA<\/span><\/span><br><span class=\"bg\">BER\u00c4TTAR\n<\/span><\/h1><h1 class=\"is-style-brush mobile\" ><span class=\"is-highlighted\"><span class=\"bg\">LANDSCHEFERNA<\/span><\/span><span class=\"bg\">BER\u00c4TTAR<\/span><\/h1>\n\n\t\t\t\t\t\t\t\t\t<\/div>\n\t\t\t<\/div>\n\t\t<\/div>\n\t<\/div>\n<\/div>\n\n\n<div class=\"subpage-navigation id-block full-width\">\n    <div class=\"container-lg\">\n        <div class=\"row\">\n            <div class=\"col\">\n                <ul class=\"pages\">\n                                        <li class=\"page ancestor\">\n                        <a href=\"https:\/\/www.kirkonulkomaanapu.fi\/sv\/stordonation\/\">Stordonation<\/a>\n                    <\/li>\n                    \n                                        <li class=\"page\">\n                        <a href=\"https:\/\/www.kirkonulkomaanapu.fi\/sv\/stordonation\/aktiedonation\/\">Aktiedonation<\/a>\n                    <\/li>\n                                        <li class=\"page current\">\n                        <a href=\"https:\/\/www.kirkonulkomaanapu.fi\/sv\/stordonation\/landscheferna-berattar\/\">Landscheferna ber\u00e4ttar<\/a>\n                    <\/li>\n                                        <li class=\"page\">\n                        <a href=\"https:\/\/www.kirkonulkomaanapu.fi\/sv\/stordonation\/resultat-av-vart-arbete\/\">Resultat av v\u00e5rt arbete<\/a>\n                    <\/li>\n                                        <li class=\"page\">\n                        <a href=\"https:\/\/www.kirkonulkomaanapu.fi\/sv\/stordonation\/stordonatorerna-berattar\/\">Stordonatorerna ber\u00e4ttar<\/a>\n                    <\/li>\n                                        <li class=\"page\">\n                        <a href=\"https:\/\/www.kirkonulkomaanapu.fi\/sv\/stordonation\/ta-kontakt\/\">Ta kontakt<\/a>\n                    <\/li>\n                                    <\/ul>\n            <\/div>\n        <\/div>\n    <\/div>\n<\/div>\n\n\n\n\n\n\n<h2 class=\"wp-block-heading\">Vad \u00e5stadkommer man med stordonationerna?<\/h2>\n\n\n\n<p class=\"is-style-ingress\">Kyrkans Utlandshj\u00e4lps landschefer i Uganda och Nepal ber\u00e4ttar om stordonationernas betydelse och vad man \u00e5stadkommit med dem.<\/p>\n\n\n\n\n<div class=\"block-image-beside-content full-width id-block image-on-right has-bg\">\n    <div class=\"container-lg\">\n        <div class=\"row\">\n            <div class=\"col col-12 col-lg-6 order-lg-2\">\n                <div class=\"align-image\">\n                                        <div class=\"youtube-embed\">\n                                <div class=\"video-wrapper\">              <div class=\"consent-placeholder\"              data-category=\"cookie_cat_marketing\"              onClick=\"CookieConsent.renew()\">                 <div class=\"consent-placeholder-wrapper\">                      <div class=\"text-button-wrapper\">                        <p>Et ole hyv\u00e4ksynyt markkinoinnin ev\u00e4steit\u00e4 n\u00e4hd\u00e4ksesi videon.<\/p>                        <div>                            <button class=\"button red slim\" href=\"javascript:CookieConsent.renew()\">Muuta ev\u00e4steasetuksia<\/button>                        <\/div>                    <\/div>                <\/div>            <\/div>            <\/div>        <div class=\"video-image-oembed\" tabindex=\"0\" style=\"background-image:url('https:\/\/i.ytimg.com\/vi\/O_12YpGrDbQ\/hqdefault.jpg')\"><i class=\"fas fa-play\"><\/i><\/div><div class=\"video-container oembed oembed-youtube\" data-video=\"&lt;iframe title=&quot;Stordonation | Ugandas landschef  Wycliffe Nsheka ber\u00e4ttar vad man \u00e5stadkommer med donationerna&quot; width=&quot;649&quot; height=&quot;365&quot; src=&quot;https:\/\/www.youtube.com\/embed\/O_12YpGrDbQ?feature=oembed&amp;rel=0&quot; frameborder=&quot;0&quot; allow=&quot;accelerometer; autoplay; clipboard-write; encrypted-media; gyroscope; picture-in-picture; web-share&quot; referrerpolicy=&quot;strict-origin-when-cross-origin&quot; allowfullscreen&gt;&lt;\/iframe&gt;\"><\/div>                    <\/div>\n                                    <\/div>\n            <\/div>\n            <div class=\"col col-12 col-lg-6\">\n                <div class=\"align-content\">\n                    <div class=\"inner-blocks entry-content\">\n                        \n\n<h3 class=\"wp-block-heading\">Ugandas landschef<br>Wycliffe Nsheka<\/h3>\n\n\n\n<p>Den extrema fattigdomen har minskat mer i Uganda \u00e4n i n\u00e5got annat afrikanskt land. Men behovet av st\u00f6d \u00e4r fortfarande enormt, s\u00e4rskilt i landets norra delar, dit det anl\u00e4nt \u00f6ver en miljon flyktingar fr\u00e5n grannl\u00e4nderna.<\/p>\n\n\n                    <\/div>\n                <\/div>\n            <\/div>\n        <\/div>\n    <\/div>\n<\/div>\n\n\n\n\n<div class=\"block-image-beside-content full-width id-block\">\n    <div class=\"container-lg\">\n        <div class=\"row\">\n            <div class=\"col col-12 col-lg-6\">\n                <div class=\"align-image\">\n                                        <div class=\"youtube-embed\">\n                                <div class=\"video-wrapper\">              <div class=\"consent-placeholder\"              data-category=\"cookie_cat_marketing\"              onClick=\"CookieConsent.renew()\">                 <div class=\"consent-placeholder-wrapper\">                      <div class=\"text-button-wrapper\">                        <p>Et ole hyv\u00e4ksynyt markkinoinnin ev\u00e4steit\u00e4 n\u00e4hd\u00e4ksesi videon.<\/p>                        <div>                            <button class=\"button red slim\" href=\"javascript:CookieConsent.renew()\">Muuta ev\u00e4steasetuksia<\/button>                        <\/div>                    <\/div>                <\/div>            <\/div>            <\/div>        <div class=\"video-image-oembed\" tabindex=\"0\" style=\"background-image:url('https:\/\/i.ytimg.com\/vi\/THnsA0YlwBs\/hqdefault.jpg')\"><i class=\"fas fa-play\"><\/i><\/div><div class=\"video-container oembed oembed-youtube\" data-video=\"&lt;iframe title=&quot;Stordonation | Nepals landschef Sofia Olsson  vad man \u00e5stadkommer med donationerna&quot; width=&quot;649&quot; height=&quot;365&quot; src=&quot;https:\/\/www.youtube.com\/embed\/THnsA0YlwBs?feature=oembed&amp;rel=0&quot; frameborder=&quot;0&quot; allow=&quot;accelerometer; autoplay; clipboard-write; encrypted-media; gyroscope; picture-in-picture; web-share&quot; referrerpolicy=&quot;strict-origin-when-cross-origin&quot; allowfullscreen&gt;&lt;\/iframe&gt;\"><\/div>                    <\/div>\n                                    <\/div>\n            <\/div>\n            <div class=\"col col-12 col-lg-6\">\n                <div class=\"align-content\">\n                    <div class=\"inner-blocks entry-content\">\n                        \n\n<h3 class=\"wp-block-heading\">Nepals landschef<br>Sofia Olsson<\/h3>\n\n\n\n<p>Nepal \u00e4r ett av de fattigaste l\u00e4nderna i Asien. Ungef\u00e4r en fj\u00e4rdedel av befolkningen lever under fattigdomsgr\u00e4nsen. St\u00f6rsta delen av m\u00e4nniskorna f\u00e5r sin utkomst av lantbruk.<\/p>\n\n\n                    <\/div>\n                <\/div>\n            <\/div>\n        <\/div>\n    <\/div>\n<\/div>\n\n\n\n\n<div class=\"block-content-with-infobox full-width id-block\">\n\t<div class=\"container-lg\">\n\t\t<div class=\"row justify-content-center\">\n\t\t\t<div class=\"col\">\n\t\t\t\t<div class=\"flex-inner inner-blocks entry-content\">\n\t\t\t\t\t\n\n<div class=\"block-inner-blocks inner-blocks entry-content lorem\">\n\t\n\n<h3 class=\"wp-block-heading\">\u00c4r du intresserad av att donera stort?<\/h3>\n\n\n\n<p>L\u00e5t oss tillsammans finna ett m\u00e5l som ligger n\u00e4ra ditt hj\u00e4rta.<\/p>\n\n\n<\/div>\n\n\n<div class=\"block-inner-blocks inner-blocks entry-content\">\n\t\n\n<h3 class=\"wp-block-heading\">Ta kontakt<\/h3>\n\n\n\n<p>Laura Yl\u00e4talo<br>Kontaktchef<br><a href=\"mailto:laura.ylatalo@kua.fi\">laura.ylatalo@kua.fi<\/a><br><a href=\"tel:+358406704491\">+358 40 670 4491<\/a><\/p>\n\n\n<\/div>\n\n\t\t\t\t<\/div>\n\t\t\t<\/div>\n\t\t<\/div>\n\t<\/div>\t\n<\/div>\n","protected":false},"excerpt":{"rendered":"<p>Vad \u00e5stadkommer man med stordonationerna? Kyrkans Utlandshj\u00e4lps landschefer i Uganda och Nepal ber\u00e4ttar om stordonationernas betydelse och vad man \u00e5stadkommit med dem.<\/p>\n","protected":false},"author":123,"featured_media":0,"parent":6045,"menu_order":0,"comment_status":"closed","ping_status":"closed","template":"","meta":{"_acf_changed":false,"_relevanssi_hide_post":"","_relevanssi_hide_content":"","_relevanssi_pin_for_all":"","_relevanssi_pin_keywords":"","_relevanssi_unpin_keywords":"","_relevanssi_related_keywords":"","_relevanssi_related_include_ids":"","_relevanssi_related_exclude_ids":"","_relevanssi_related_no_append":"","_relevanssi_related_not_related":"","_relevanssi_related_posts":"108131,121649,89500,121614,121400,63644","_relevanssi_noindex_reason":"","_improvement_type_select":"improve_an_existing","_thumb_yes_seoaic":false,"_frame_yes_seoaic":false,"seoaic_generate_description":"","seoaic_improve_instructions_prompt":"","seoaic_rollback_content_improvement":"","seoaic_idea_thumbnail_generator":"","thumbnail_generated":false,"thumbnail_generate_prompt":"","seoaic_article_description":"","footnotes":""},"class_list":["post-124985","page","type-page","status-publish","hentry"],"acf":[],"yoast_head":"<!-- This site is optimized with the Yoast SEO plugin v26.9 - https:\/\/yoast.com\/product\/yoast-seo-wordpress\/ -->\n<title>Landscheferna ber\u00e4ttar - Kyrkans Utlandshj\u00e4lp<\/title>\n<meta name=\"robots\" content=\"index, follow, max-snippet:-1, max-image-preview:large, max-video-preview:-1\" \/>\n<link rel=\"canonical\" href=\"https:\/\/www.kirkonulkomaanapu.fi\/sv\/stordonation\/landscheferna-berattar\/\" \/>\n<meta property=\"og:locale\" content=\"sv_SE\" \/>\n<meta property=\"og:type\" content=\"article\" \/>\n<meta property=\"og:title\" content=\"Landscheferna ber\u00e4ttar - Kyrkans Utlandshj\u00e4lp\" \/>\n<meta property=\"og:description\" content=\"Vad \u00e5stadkommer man med stordonationerna? Kyrkans Utlandshj\u00e4lps landschefer i Uganda och Nepal ber\u00e4ttar om stordonationernas betydelse och vad man \u00e5stadkommit med dem.\" \/>\n<meta property=\"og:url\" content=\"https:\/\/www.kirkonulkomaanapu.fi\/sv\/stordonation\/landscheferna-berattar\/\" \/>\n<meta property=\"og:site_name\" content=\"Kyrkans Utlandshj\u00e4lp\" \/>\n<meta property=\"article:publisher\" content=\"https:\/\/www.facebook.com\/Ulkomaanapu\/\" \/>\n<meta property=\"article:modified_time\" content=\"2022-08-02T11:55:04+00:00\" \/>\n<meta property=\"og:image\" content=\"https:\/\/www.kirkonulkomaanapu.fi\/wp-content\/uploads\/2026\/02\/Kirkon-ulkomaanapu-logo.png\" \/>\n\t<meta property=\"og:image:width\" content=\"225\" \/>\n\t<meta property=\"og:image:height\" content=\"225\" \/>\n\t<meta property=\"og:image:type\" content=\"image\/png\" \/>\n<meta name=\"twitter:label1\" content=\"Ber\u00e4knad l\u00e4stid\" \/>\n\t<meta name=\"twitter:data1\" content=\"1 minut\" \/>\n<script type=\"application\/ld+json\" class=\"yoast-schema-graph\">{\"@context\":\"https:\/\/schema.org\",\"@graph\":[{\"@type\":\"WebPage\",\"@id\":\"https:\/\/www.kirkonulkomaanapu.fi\/sv\/stordonation\/landscheferna-berattar\/\",\"url\":\"https:\/\/www.kirkonulkomaanapu.fi\/sv\/stordonation\/landscheferna-berattar\/\",\"name\":\"Landscheferna ber\u00e4ttar - Kyrkans Utlandshj\u00e4lp\",\"isPartOf\":{\"@id\":\"https:\/\/www.kirkonulkomaanapu.fi\/#website\"},\"datePublished\":\"2021-11-18T09:21:00+00:00\",\"dateModified\":\"2022-08-02T11:55:04+00:00\",\"breadcrumb\":{\"@id\":\"https:\/\/www.kirkonulkomaanapu.fi\/sv\/stordonation\/landscheferna-berattar\/#breadcrumb\"},\"inLanguage\":\"sv-SE\",\"potentialAction\":[{\"@type\":\"ReadAction\",\"target\":[\"https:\/\/www.kirkonulkomaanapu.fi\/sv\/stordonation\/landscheferna-berattar\/\"]}]},{\"@type\":\"BreadcrumbList\",\"@id\":\"https:\/\/www.kirkonulkomaanapu.fi\/sv\/stordonation\/landscheferna-berattar\/#breadcrumb\",\"itemListElement\":[{\"@type\":\"ListItem\",\"position\":1,\"name\":\"Home\",\"item\":\"https:\/\/www.kirkonulkomaanapu.fi\/sv\/\"},{\"@type\":\"ListItem\",\"position\":2,\"name\":\"Stordonation\",\"item\":\"https:\/\/www.kirkonulkomaanapu.fi\/sv\/stordonation\/\"},{\"@type\":\"ListItem\",\"position\":3,\"name\":\"Landscheferna ber\u00e4ttar\"}]},{\"@type\":\"WebSite\",\"@id\":\"https:\/\/www.kirkonulkomaanapu.fi\/#website\",\"url\":\"https:\/\/www.kirkonulkomaanapu.fi\/\",\"name\":\"Kirkon Ulkomaanapu\",\"description\":\"Suomen suurin kehitysyhteisty\u00f6j\u00e4rjest\u00f6\",\"publisher\":{\"@id\":\"https:\/\/www.kirkonulkomaanapu.fi\/#organization\"},\"alternateName\":\"KUA\",\"potentialAction\":[{\"@type\":\"SearchAction\",\"target\":{\"@type\":\"EntryPoint\",\"urlTemplate\":\"https:\/\/www.kirkonulkomaanapu.fi\/?s={search_term_string}\"},\"query-input\":{\"@type\":\"PropertyValueSpecification\",\"valueRequired\":true,\"valueName\":\"search_term_string\"}}],\"inLanguage\":\"sv-SE\"},{\"@type\":\"Organization\",\"@id\":\"https:\/\/www.kirkonulkomaanapu.fi\/#organization\",\"name\":\"Kirkon Ulkomaanapu\",\"alternateName\":\"KUA\",\"url\":\"https:\/\/www.kirkonulkomaanapu.fi\/\",\"logo\":{\"@type\":\"ImageObject\",\"inLanguage\":\"sv-SE\",\"@id\":\"https:\/\/www.kirkonulkomaanapu.fi\/#\/schema\/logo\/image\/\",\"url\":\"https:\/\/www.kirkonulkomaanapu.fi\/wp-content\/uploads\/2026\/02\/Kirkon-ulkomaanapu-logo-1.png\",\"contentUrl\":\"https:\/\/www.kirkonulkomaanapu.fi\/wp-content\/uploads\/2026\/02\/Kirkon-ulkomaanapu-logo-1.png\",\"width\":225,\"height\":225,\"caption\":\"Kirkon Ulkomaanapu\"},\"image\":{\"@id\":\"https:\/\/www.kirkonulkomaanapu.fi\/#\/schema\/logo\/image\/\"},\"sameAs\":[\"https:\/\/www.facebook.com\/Ulkomaanapu\/\",\"https:\/\/www.youtube.com\/user\/kirkonulkomaanapu\",\"https:\/\/instagram.com\/kirkon_ulkomaanapu\/\",\"https:\/\/www.linkedin.com\/company\/finn-church-aid\/\"]}]}<\/script>\n<!-- \/ Yoast SEO plugin. -->","yoast_head_json":{"title":"Landscheferna ber\u00e4ttar - Kyrkans Utlandshj\u00e4lp","robots":{"index":"index","follow":"follow","max-snippet":"max-snippet:-1","max-image-preview":"max-image-preview:large","max-video-preview":"max-video-preview:-1"},"canonical":"https:\/\/www.kirkonulkomaanapu.fi\/sv\/stordonation\/landscheferna-berattar\/","og_locale":"sv_SE","og_type":"article","og_title":"Landscheferna ber\u00e4ttar - Kyrkans Utlandshj\u00e4lp","og_description":"Vad \u00e5stadkommer man med stordonationerna? Kyrkans Utlandshj\u00e4lps landschefer i Uganda och Nepal ber\u00e4ttar om stordonationernas betydelse och vad man \u00e5stadkommit med dem.","og_url":"https:\/\/www.kirkonulkomaanapu.fi\/sv\/stordonation\/landscheferna-berattar\/","og_site_name":"Kyrkans Utlandshj\u00e4lp","article_publisher":"https:\/\/www.facebook.com\/Ulkomaanapu\/","article_modified_time":"2022-08-02T11:55:04+00:00","og_image":[{"width":225,"height":225,"url":"https:\/\/www.kirkonulkomaanapu.fi\/wp-content\/uploads\/2026\/02\/Kirkon-ulkomaanapu-logo.png","type":"image\/png"}],"twitter_misc":{"Ber\u00e4knad l\u00e4stid":"1 minut"},"schema":{"@context":"https:\/\/schema.org","@graph":[{"@type":"WebPage","@id":"https:\/\/www.kirkonulkomaanapu.fi\/sv\/stordonation\/landscheferna-berattar\/","url":"https:\/\/www.kirkonulkomaanapu.fi\/sv\/stordonation\/landscheferna-berattar\/","name":"Landscheferna ber\u00e4ttar - Kyrkans Utlandshj\u00e4lp","isPartOf":{"@id":"https:\/\/www.kirkonulkomaanapu.fi\/#website"},"datePublished":"2021-11-18T09:21:00+00:00","dateModified":"2022-08-02T11:55:04+00:00","breadcrumb":{"@id":"https:\/\/www.kirkonulkomaanapu.fi\/sv\/stordonation\/landscheferna-berattar\/#breadcrumb"},"inLanguage":"sv-SE","potentialAction":[{"@type":"ReadAction","target":["https:\/\/www.kirkonulkomaanapu.fi\/sv\/stordonation\/landscheferna-berattar\/"]}]},{"@type":"BreadcrumbList","@id":"https:\/\/www.kirkonulkomaanapu.fi\/sv\/stordonation\/landscheferna-berattar\/#breadcrumb","itemListElement":[{"@type":"ListItem","position":1,"name":"Home","item":"https:\/\/www.kirkonulkomaanapu.fi\/sv\/"},{"@type":"ListItem","position":2,"name":"Stordonation","item":"https:\/\/www.kirkonulkomaanapu.fi\/sv\/stordonation\/"},{"@type":"ListItem","position":3,"name":"Landscheferna ber\u00e4ttar"}]},{"@type":"WebSite","@id":"https:\/\/www.kirkonulkomaanapu.fi\/#website","url":"https:\/\/www.kirkonulkomaanapu.fi\/","name":"Kirkon Ulkomaanapu","description":"Suomen suurin kehitysyhteisty\u00f6j\u00e4rjest\u00f6","publisher":{"@id":"https:\/\/www.kirkonulkomaanapu.fi\/#organization"},"alternateName":"KUA","potentialAction":[{"@type":"SearchAction","target":{"@type":"EntryPoint","urlTemplate":"https:\/\/www.kirkonulkomaanapu.fi\/?s={search_term_string}"},"query-input":{"@type":"PropertyValueSpecification","valueRequired":true,"valueName":"search_term_string"}}],"inLanguage":"sv-SE"},{"@type":"Organization","@id":"https:\/\/www.kirkonulkomaanapu.fi\/#organization","name":"Kirkon Ulkomaanapu","alternateName":"KUA","url":"https:\/\/www.kirkonulkomaanapu.fi\/","logo":{"@type":"ImageObject","inLanguage":"sv-SE","@id":"https:\/\/www.kirkonulkomaanapu.fi\/#\/schema\/logo\/image\/","url":"https:\/\/www.kirkonulkomaanapu.fi\/wp-content\/uploads\/2026\/02\/Kirkon-ulkomaanapu-logo-1.png","contentUrl":"https:\/\/www.kirkonulkomaanapu.fi\/wp-content\/uploads\/2026\/02\/Kirkon-ulkomaanapu-logo-1.png","width":225,"height":225,"caption":"Kirkon Ulkomaanapu"},"image":{"@id":"https:\/\/www.kirkonulkomaanapu.fi\/#\/schema\/logo\/image\/"},"sameAs":["https:\/\/www.facebook.com\/Ulkomaanapu\/","https:\/\/www.youtube.com\/user\/kirkonulkomaanapu","https:\/\/instagram.com\/kirkon_ulkomaanapu\/","https:\/\/www.linkedin.com\/company\/finn-church-aid\/"]}]}},"_links":{"self":[{"href":"https:\/\/www.kirkonulkomaanapu.fi\/sv\/wp-json\/wp\/v2\/pages\/124985","targetHints":{"allow":["GET"]}}],"collection":[{"href":"https:\/\/www.kirkonulkomaanapu.fi\/sv\/wp-json\/wp\/v2\/pages"}],"about":[{"href":"https:\/\/www.kirkonulkomaanapu.fi\/sv\/wp-json\/wp\/v2\/types\/page"}],"author":[{"embeddable":true,"href":"https:\/\/www.kirkonulkomaanapu.fi\/sv\/wp-json\/wp\/v2\/users\/123"}],"replies":[{"embeddable":true,"href":"https:\/\/www.kirkonulkomaanapu.fi\/sv\/wp-json\/wp\/v2\/comments?post=124985"}],"version-history":[{"count":3,"href":"https:\/\/www.kirkonulkomaanapu.fi\/sv\/wp-json\/wp\/v2\/pages\/124985\/revisions"}],"predecessor-version":[{"id":131902,"href":"https:\/\/www.kirkonulkomaanapu.fi\/sv\/wp-json\/wp\/v2\/pages\/124985\/revisions\/131902"}],"up":[{"embeddable":true,"href":"https:\/\/www.kirkonulkomaanapu.fi\/sv\/wp-json\/wp\/v2\/pages\/6045"}],"wp:attachment":[{"href":"https:\/\/www.kirkonulkomaanapu.fi\/sv\/wp-json\/wp\/v2\/media?parent=124985"}],"curies":[{"name":"wp","href":"https:\/\/api.w.org\/{rel}","templated":true}]}}