{"id":118405,"date":"2021-05-18T18:03:19","date_gmt":"2021-05-18T15:03:19","guid":{"rendered":"https:\/\/www.kirkonulkomaanapu.fi\/?page_id=118405"},"modified":"2025-03-18T13:42:54","modified_gmt":"2025-03-18T11:42:54","slug":"en-handling-som-bar","status":"publish","type":"page","link":"https:\/\/www.kirkonulkomaanapu.fi\/sv\/testamentsdonation\/en-handling-som-bar\/","title":{"rendered":"En handling som b\u00e4r"},"content":{"rendered":"\n\n\n<div class=\"block-hero full-width id-block\" style=\"background-image: url('https:\/\/www.kirkonulkomaanapu.fi\/wp-content\/uploads\/2021\/05\/Testamenttikuvitus_1920x880_SVE.jpg');\">\n\n\t<div class=\"bg-mobile\" style=\"background-image: url('https:\/\/www.kirkonulkomaanapu.fi\/wp-content\/uploads\/2021\/05\/testamenttilahjoitus_m_sve-661x1024.jpg');\"><\/div>\n\n\t\n\t<div class=\"curtain\"><\/div>\n\n\t<div class=\"container\">\n\t\t<div class=\"row\">\n\t\t\t<div class=\"col\">\n\t\t\t\t<div class=\"inner-blocks entry-content\">\n\t\t\t\t\t\t\t\t\t\t\t\n<h1 class=\"is-style-brush\" ><span class=\"bg\">\n<span class=\"is-highlighted\">Testaments<\/span>donation\n<\/span><\/h1><h1 class=\"is-style-brush mobile\" ><span class=\"is-highlighted\"><span class=\"bg\">Testaments<\/span><\/span><span class=\"bg\">donation<\/span><\/h1>\n\n\t\t\t\t\t\t\t\t\t<\/div>\n\t\t\t<\/div>\n\t\t<\/div>\n\t<\/div>\n<\/div>\n\n\n<div class=\"subpage-navigation id-block full-width\">\n    <div class=\"container-lg\">\n        <div class=\"row\">\n            <div class=\"col\">\n                <ul class=\"pages\">\n                                        <li class=\"page ancestor\">\n                        <a href=\"https:\/\/www.kirkonulkomaanapu.fi\/sv\/testamentsdonation\/\">Testamentsdonation<\/a>\n                    <\/li>\n                    \n                                        <li class=\"page current\">\n                        <a href=\"https:\/\/www.kirkonulkomaanapu.fi\/sv\/testamentsdonation\/en-handling-som-bar\/\">En handling som b\u00e4r<\/a>\n                    <\/li>\n                                        <li class=\"page\">\n                        <a href=\"https:\/\/www.kirkonulkomaanapu.fi\/sv\/testamentsdonation\/tertamensgivare-berattar\/\">Testamentsgivare ber\u00e4ttar<\/a>\n                    <\/li>\n                                    <\/ul>\n            <\/div>\n        <\/div>\n    <\/div>\n<\/div>\n\n\n\n\n\n\n<h2 class=\"wp-block-heading\">En handling som b\u00e4r<\/h2>\n\n\n\n<p class=\"is-style-ingress\">Med fj\u00e4rilseffekten menar man hur n\u00e5got mycket litet, till exempel en fj\u00e4rils vingslag, kan \u00e5stadkomma stora f\u00f6r\u00e4ndringar p\u00e5 andra sidan jorden. P\u00e5 samma s\u00e4tt \u00e4r det sv\u00e5rt att uppt\u00e4cka eller f\u00f6rutse alla de effekter v\u00e5ra handlingar har.<\/p>\n\n\n\n<p>Vi finl\u00e4ndare t\u00e4nker sedan gammalt att alla i samh\u00e4llet beh\u00f6vs. Den nordiska v\u00e4lf\u00e4rdsmodellen vilar p\u00e5 denna grundtanke om att inkludera alla. Ingen f\u00e5r l\u00e4mnas i sticket.<\/p>\n\n\n\n<p>P\u00e5 Kyrkans Utlandshj\u00e4lp vill vi utvidga denna solidaritet \u00e4nnu l\u00e4ngre, till att g\u00e4lla hela m\u00e4nskligheten. Som Finlands st\u00f6rsta organisation f\u00f6r internationellt bist\u00e5nd, arbetar vi under de sv\u00e5raste omst\u00e4ndigheter f\u00f6r att varje m\u00e4nniska skall ha m\u00f6jlighet till ett gott liv. Alla har lika r\u00e4tt till utbildning, utkomst och fred.<\/p>\n\n\n\n<p>N\u00e4r en naturkatastrof eller kris sl\u00e5r till m\u00e5ste n\u00f6dhj\u00e4lpen komma ig\u00e5ng omedelbart. Tack vare v\u00e5ra underst\u00f6dare kan vi bist\u00e5 m\u00e4nniskor som drabbats. I de allra fattigaste delarna av v\u00e4rlden st\u00f6der vi barnens skolg\u00e5ng och f\u00f6rb\u00e4ttrar f\u00f6r\u00e4ldrarnas utkomstm\u00f6jligheter. P\u00e5 s\u00e5 s\u00e4tt kan vi l\u00e4gga grunden f\u00f6r en b\u00e4ttre morgondag.<\/p>\n\n\n\n<p>F\u00f6r att \u00e5stadkomma f\u00f6r\u00e4ndringar som b\u00e4r l\u00e5ngt m\u00e5ste man ta itu med problemens verkliga orsaker. Att jobba l\u00e5ngsiktigt \u00e4r tidskr\u00e4vande men n\u00f6dv\u00e4ndigt. Det viktigaste \u00e4r att riktningen \u00e4r den r\u00e4tta. Tillsammans kan vi p\u00e5verka hurdan framtiden blir.<\/p>\n\n\n\n<p>Att komma ih\u00e5g v\u00e4rldens mest utsatta m\u00e4nniskor i sitt testamente \u00e4r en g\u00e4rning av stor betydelse. Det \u00e4r inte sv\u00e5rt att genomf\u00f6ra och kan ha st\u00f6rre effekt \u00e4n man skulle tro. Det kan f\u00f6r\u00e4ndra m\u00e5nga utsatta familjers liv.<br>V\u00e4rlden kan te sig os\u00e4ker men ett \u00e4r s\u00e4kert; det finns aldrig f\u00f6r m\u00e5nga goda g\u00e4rningar. Goda beslut ur hj\u00e4rtat \u00e4r inte f\u00f6rg\u00e4ves. De klingar kvar i evigheten.<\/p>\n\n\n\n<p>Vilket avtryck vill du l\u00e4mna i v\u00e4rlden?<\/p>\n\n\n\n\n<div class=\"block-title-and-content full-width id-block has-bg\">\n\t<div class=\"container-lg\">\n\t\t<div class=\"row justify-content-center\">\n\t\t\t<div class=\"col col-12 col-lg-6\">\n\t\t\t\t<div class=\"entry-content\">\n\t\t\t\t\t<h2 class=\"block-title\">Testamentet \u00e4r ett vackert s\u00e4tt att hj\u00e4lpa<\/h2>\n\t\t\t\t<\/div>\n\t\t\t<\/div>\n\t\t\t<div class=\"col col-12 col-lg-6\">\n\t\t\t\t<div class=\"inner-blocks entry-content\">\n\t\t\t\t\t\n\n<p>I samarbete med Lailli erbjuder Kyrkans Utlandshj\u00e4lp dig ett enkelt s\u00e4tt att g\u00e5 fr\u00e5n en god id\u00e9 till en god g\u00e4rning. Med Laillis digitala verktyg \u00e4r det snabbt, enkelt och gratis att skriva ett testamente. Du kan skriva ditt testamente direkt online eller boka en finskspr\u00e5kig konsultation f\u00f6rst.<\/p>\n\n\n\n<div class=\"wp-block-buttons is-layout-flex wp-block-buttons-is-layout-flex\">\n<div class=\"wp-block-button is-style-solid\"><a class=\"wp-block-button__link wp-element-button\" href=\"https:\/\/testamentti.kirkonulkomaanapu.fi\/sv\/testamentti\">Skriv testamente<\/a><\/div>\n\n\n\n<div class=\"wp-block-button\"><a class=\"wp-block-button__link wp-element-button\" href=\"https:\/\/meetings-eu1.hubspot.com\/skortesoja\/keskustelujuristinkanssa?uuid=86b84fec-6e78-4ca9-95d9-e90f06185a78\">Boka ett gratis m\u00f6te<\/a><\/div>\n<\/div>\n\n\n\t\t\t\t<\/div>\n\t\t\t<\/div>\n\t\t<\/div>\n\t<\/div>\t\n<\/div>\n\n\n\n\n<div class=\"block-image-beside-content full-width id-block image-on-right\">\n    <div class=\"container-lg\">\n        <div class=\"row\">\n            <div class=\"col col-12 col-lg-6 order-lg-2\">\n                <div class=\"align-image\">\n                                        <img decoding=\"async\" class=\"image\" alt=\"\" src=\"https:\/\/www.kirkonulkomaanapu.fi\/wp-content\/uploads\/2023\/03\/5-usein-kysyttya-kysymysta-testamenttilahjoittamisesta_1920_1080-1-1024x576.jpg\" loading=\"lazy\" srcset=\"https:\/\/www.kirkonulkomaanapu.fi\/wp-content\/uploads\/2023\/03\/5-usein-kysyttya-kysymysta-testamenttilahjoittamisesta_1920_1080-1-480x270.jpg 320w, https:\/\/www.kirkonulkomaanapu.fi\/wp-content\/uploads\/2023\/03\/5-usein-kysyttya-kysymysta-testamenttilahjoittamisesta_1920_1080-1-1024x576.jpg 991w\" sizes=\"auto, (max-width: 991px) 150px\" width=\"1024\" height=\"576\">\n                                    <\/div>\n            <\/div>\n            <div class=\"col col-12 col-lg-6\">\n                <div class=\"align-content\">\n                    <div class=\"inner-blocks entry-content\">\n                        \n\n<h3 class=\"wp-block-heading\">5 vanliga fr\u00e5gor om testamentsdonation<\/h3>\n\n\n\n<p>Det \u00e4r inte sv\u00e5rt att uppr\u00e4tta ett testamente men det \u00e4r dock viktigt att det uppfyller vissa formkrav. H\u00e4r finner du fem vanliga fr\u00e5gor om testamentsdonation och svar p\u00e5 dem.<\/p>\n\n\n\n<div class=\"wp-block-buttons is-layout-flex wp-block-buttons-is-layout-flex\">\n<div class=\"wp-block-button is-style-default\"><a class=\"wp-block-button__link wp-element-button\" href=\"https:\/\/www.kirkonulkomaanapu.fi\/sv\/testamentsdonation\/5-vanliga-fragor\/\">L\u00e4s mer<\/a><\/div>\n<\/div>\n\n\n                    <\/div>\n                <\/div>\n            <\/div>\n        <\/div>\n    <\/div>\n<\/div>\n\n\n\n\n<div class=\"block-image-beside-content full-width id-block image-on-right has-bg\">\n    <div class=\"container-lg\">\n        <div class=\"row\">\n            <div class=\"col col-12 col-lg-6 order-lg-2\">\n                <div class=\"align-image\">\n                                        <img decoding=\"async\" class=\"image\" alt=\"Nainen istuu p\u00f6yd\u00e4n \u00e4\u00e4rell\u00e4 kappelissa.\" src=\"https:\/\/www.kirkonulkomaanapu.fi\/wp-content\/uploads\/2022\/04\/testamenttilahjoittaja_aulikki_uusitalo_1920_1080-1024x576.jpg\" loading=\"lazy\" srcset=\"https:\/\/www.kirkonulkomaanapu.fi\/wp-content\/uploads\/2022\/04\/testamenttilahjoittaja_aulikki_uusitalo_1920_1080-480x270.jpg 320w, https:\/\/www.kirkonulkomaanapu.fi\/wp-content\/uploads\/2022\/04\/testamenttilahjoittaja_aulikki_uusitalo_1920_1080-1024x576.jpg 991w\" sizes=\"auto, (max-width: 991px) 150px\" width=\"1024\" height=\"576\">\n                                    <\/div>\n            <\/div>\n            <div class=\"col col-12 col-lg-6\">\n                <div class=\"align-content\">\n                    <div class=\"inner-blocks entry-content\">\n                        \n\n<h3 class=\"wp-block-heading\"><strong>Testamentsgivaren<\/strong><br><strong>Aulikki Uusitalo<\/strong><\/h3>\n\n\n\n<p>Vad \u00e4r det allra viktigaste f\u00f6r mig? Vilket avtryck vill jag l\u00e4mna efter mig? Uppr\u00e4ttandet av ett testamente kan inneb\u00e4ra att vi st\u00e4lls inf\u00f6r stora och existentiella fr\u00e5gor. S\u00e5 var det med 55-\u00e5riga Aulikki Uusitalo.<\/p>\n\n\n\n<div class=\"wp-block-buttons is-layout-flex wp-block-buttons-is-layout-flex\">\n<div class=\"wp-block-button\"><a class=\"wp-block-button__link wp-element-button\" href=\"https:\/\/www.kirkonulkomaanapu.fi\/sv\/ge-en-gava\/testamentsdonation\/tertamensgivare-berattar\/aulikki-uusitalo\/\">L\u00e4s mer<\/a><\/div>\n<\/div>\n\n\n                    <\/div>\n                <\/div>\n            <\/div>\n        <\/div>\n    <\/div>\n<\/div>\n\n\n\n\n<div class=\"block-content-with-infobox full-width id-block\">\n\t<div class=\"container-lg\">\n\t\t<div class=\"row justify-content-center\">\n\t\t\t<div class=\"col\">\n\t\t\t\t<div class=\"flex-inner inner-blocks entry-content\">\n\t\t\t\t\t\n\n<div class=\"block-inner-blocks inner-blocks entry-content lorem\">\n\t\n\n<h3 class=\"wp-block-heading\">Har du \u00f6vriga fr\u00e5gor?<\/h3>\n\n\n\n<p>Vi ger g\u00e4rna till\u00e4ggsinformation i testamentfr\u00e5gor.<br><\/p>\n\n\n<\/div>\n\n\n<div class=\"block-inner-blocks inner-blocks entry-content\">\n\t\n\n<h3 class=\"wp-block-heading\">Ta kontakt<\/h3>\n\n\n\n<p>Sari Kuusela<br>Projektchef f\u00f6r testament\u00e4renden<br><a href=\"tel:+358503045101\">+358 50&nbsp;304 5101<\/a><br><a href=\"mailto:sari.kuusela@kua.fi\">sari.kuusela@kua.fi<\/a><\/p>\n\n\n<\/div>\n\n\t\t\t\t<\/div>\n\t\t\t<\/div>\n\t\t<\/div>\n\t<\/div>\t\n<\/div>\n","protected":false},"excerpt":{"rendered":"<p>En handling som b\u00e4r Med fj\u00e4rilseffekten menar man hur n\u00e5got mycket litet, till exempel en fj\u00e4rils vingslag, kan \u00e5stadkomma stora f\u00f6r\u00e4ndringar p\u00e5 andra sidan jorden. P\u00e5 samma s\u00e4tt \u00e4r det sv\u00e5rt att uppt\u00e4cka eller f\u00f6rutse alla de effekter v\u00e5ra handlingar har. Vi finl\u00e4ndare t\u00e4nker sedan gammalt att alla i samh\u00e4llet beh\u00f6vs. Den nordiska v\u00e4lf\u00e4rdsmodellen vilar [&hellip;]<\/p>\n","protected":false},"author":123,"featured_media":0,"parent":3447,"menu_order":0,"comment_status":"closed","ping_status":"closed","template":"","meta":{"_acf_changed":false,"_relevanssi_hide_post":"","_relevanssi_hide_content":"","_relevanssi_pin_for_all":"","_relevanssi_pin_keywords":"","_relevanssi_unpin_keywords":"","_relevanssi_related_keywords":"","_relevanssi_related_include_ids":"","_relevanssi_related_exclude_ids":"","_relevanssi_related_no_append":"","_relevanssi_related_not_related":"","_relevanssi_related_posts":"89500,63644,108131","_relevanssi_noindex_reason":"","_improvement_type_select":"improve_an_existing","_thumb_yes_seoaic":false,"_frame_yes_seoaic":false,"seoaic_generate_description":"","seoaic_improve_instructions_prompt":"","seoaic_rollback_content_improvement":"","seoaic_idea_thumbnail_generator":"","thumbnail_generated":false,"thumbnail_generate_prompt":"","seoaic_article_description":"","footnotes":""},"class_list":["post-118405","page","type-page","status-publish","hentry"],"acf":[],"yoast_head":"<!-- This site is optimized with the Yoast SEO plugin v26.9 - https:\/\/yoast.com\/product\/yoast-seo-wordpress\/ -->\n<title>En handling som b\u00e4r - Kyrkans Utlandshj\u00e4lp<\/title>\n<meta name=\"robots\" content=\"index, follow, max-snippet:-1, max-image-preview:large, max-video-preview:-1\" \/>\n<link rel=\"canonical\" href=\"https:\/\/www.kirkonulkomaanapu.fi\/sv\/testamentsdonation\/en-handling-som-bar\/\" \/>\n<meta property=\"og:locale\" content=\"sv_SE\" \/>\n<meta property=\"og:type\" content=\"article\" \/>\n<meta property=\"og:title\" content=\"En handling som b\u00e4r - Kyrkans Utlandshj\u00e4lp\" \/>\n<meta property=\"og:description\" content=\"En handling som b\u00e4r Med fj\u00e4rilseffekten menar man hur n\u00e5got mycket litet, till exempel en fj\u00e4rils vingslag, kan \u00e5stadkomma stora f\u00f6r\u00e4ndringar p\u00e5 andra sidan jorden. P\u00e5 samma s\u00e4tt \u00e4r det sv\u00e5rt att uppt\u00e4cka eller f\u00f6rutse alla de effekter v\u00e5ra handlingar har. Vi finl\u00e4ndare t\u00e4nker sedan gammalt att alla i samh\u00e4llet beh\u00f6vs. Den nordiska v\u00e4lf\u00e4rdsmodellen vilar [&hellip;]\" \/>\n<meta property=\"og:url\" content=\"https:\/\/www.kirkonulkomaanapu.fi\/sv\/testamentsdonation\/en-handling-som-bar\/\" \/>\n<meta property=\"og:site_name\" content=\"Kyrkans Utlandshj\u00e4lp\" \/>\n<meta property=\"article:publisher\" content=\"https:\/\/www.facebook.com\/Ulkomaanapu\/\" \/>\n<meta property=\"article:modified_time\" content=\"2025-03-18T11:42:54+00:00\" \/>\n<meta property=\"og:image\" content=\"https:\/\/www.kirkonulkomaanapu.fi\/wp-content\/uploads\/2026\/02\/Kirkon-ulkomaanapu-logo.png\" \/>\n\t<meta property=\"og:image:width\" content=\"225\" \/>\n\t<meta property=\"og:image:height\" content=\"225\" \/>\n\t<meta property=\"og:image:type\" content=\"image\/png\" \/>\n<meta name=\"twitter:label1\" content=\"Ber\u00e4knad l\u00e4stid\" \/>\n\t<meta name=\"twitter:data1\" content=\"3 minuter\" \/>\n<script type=\"application\/ld+json\" class=\"yoast-schema-graph\">{\"@context\":\"https:\/\/schema.org\",\"@graph\":[{\"@type\":\"WebPage\",\"@id\":\"https:\/\/www.kirkonulkomaanapu.fi\/sv\/testamentsdonation\/en-handling-som-bar\/\",\"url\":\"https:\/\/www.kirkonulkomaanapu.fi\/sv\/testamentsdonation\/en-handling-som-bar\/\",\"name\":\"En handling som b\u00e4r - Kyrkans Utlandshj\u00e4lp\",\"isPartOf\":{\"@id\":\"https:\/\/www.kirkonulkomaanapu.fi\/#website\"},\"datePublished\":\"2021-05-18T15:03:19+00:00\",\"dateModified\":\"2025-03-18T11:42:54+00:00\",\"breadcrumb\":{\"@id\":\"https:\/\/www.kirkonulkomaanapu.fi\/sv\/testamentsdonation\/en-handling-som-bar\/#breadcrumb\"},\"inLanguage\":\"sv-SE\",\"potentialAction\":[{\"@type\":\"ReadAction\",\"target\":[\"https:\/\/www.kirkonulkomaanapu.fi\/sv\/testamentsdonation\/en-handling-som-bar\/\"]}]},{\"@type\":\"BreadcrumbList\",\"@id\":\"https:\/\/www.kirkonulkomaanapu.fi\/sv\/testamentsdonation\/en-handling-som-bar\/#breadcrumb\",\"itemListElement\":[{\"@type\":\"ListItem\",\"position\":1,\"name\":\"Home\",\"item\":\"https:\/\/www.kirkonulkomaanapu.fi\/sv\/\"},{\"@type\":\"ListItem\",\"position\":2,\"name\":\"Testamentsdonation\",\"item\":\"https:\/\/www.kirkonulkomaanapu.fi\/sv\/testamentsdonation\/\"},{\"@type\":\"ListItem\",\"position\":3,\"name\":\"En handling som b\u00e4r\"}]},{\"@type\":\"WebSite\",\"@id\":\"https:\/\/www.kirkonulkomaanapu.fi\/#website\",\"url\":\"https:\/\/www.kirkonulkomaanapu.fi\/\",\"name\":\"Kirkon Ulkomaanapu\",\"description\":\"Suomen suurin kehitysyhteisty\u00f6j\u00e4rjest\u00f6\",\"publisher\":{\"@id\":\"https:\/\/www.kirkonulkomaanapu.fi\/#organization\"},\"alternateName\":\"KUA\",\"potentialAction\":[{\"@type\":\"SearchAction\",\"target\":{\"@type\":\"EntryPoint\",\"urlTemplate\":\"https:\/\/www.kirkonulkomaanapu.fi\/?s={search_term_string}\"},\"query-input\":{\"@type\":\"PropertyValueSpecification\",\"valueRequired\":true,\"valueName\":\"search_term_string\"}}],\"inLanguage\":\"sv-SE\"},{\"@type\":\"Organization\",\"@id\":\"https:\/\/www.kirkonulkomaanapu.fi\/#organization\",\"name\":\"Kirkon Ulkomaanapu\",\"alternateName\":\"KUA\",\"url\":\"https:\/\/www.kirkonulkomaanapu.fi\/\",\"logo\":{\"@type\":\"ImageObject\",\"inLanguage\":\"sv-SE\",\"@id\":\"https:\/\/www.kirkonulkomaanapu.fi\/#\/schema\/logo\/image\/\",\"url\":\"https:\/\/www.kirkonulkomaanapu.fi\/wp-content\/uploads\/2026\/02\/Kirkon-ulkomaanapu-logo-1.png\",\"contentUrl\":\"https:\/\/www.kirkonulkomaanapu.fi\/wp-content\/uploads\/2026\/02\/Kirkon-ulkomaanapu-logo-1.png\",\"width\":225,\"height\":225,\"caption\":\"Kirkon Ulkomaanapu\"},\"image\":{\"@id\":\"https:\/\/www.kirkonulkomaanapu.fi\/#\/schema\/logo\/image\/\"},\"sameAs\":[\"https:\/\/www.facebook.com\/Ulkomaanapu\/\",\"https:\/\/www.youtube.com\/user\/kirkonulkomaanapu\",\"https:\/\/instagram.com\/kirkon_ulkomaanapu\/\",\"https:\/\/www.linkedin.com\/company\/finn-church-aid\/\"]}]}<\/script>\n<!-- \/ Yoast SEO plugin. -->","yoast_head_json":{"title":"En handling som b\u00e4r - Kyrkans Utlandshj\u00e4lp","robots":{"index":"index","follow":"follow","max-snippet":"max-snippet:-1","max-image-preview":"max-image-preview:large","max-video-preview":"max-video-preview:-1"},"canonical":"https:\/\/www.kirkonulkomaanapu.fi\/sv\/testamentsdonation\/en-handling-som-bar\/","og_locale":"sv_SE","og_type":"article","og_title":"En handling som b\u00e4r - Kyrkans Utlandshj\u00e4lp","og_description":"En handling som b\u00e4r Med fj\u00e4rilseffekten menar man hur n\u00e5got mycket litet, till exempel en fj\u00e4rils vingslag, kan \u00e5stadkomma stora f\u00f6r\u00e4ndringar p\u00e5 andra sidan jorden. P\u00e5 samma s\u00e4tt \u00e4r det sv\u00e5rt att uppt\u00e4cka eller f\u00f6rutse alla de effekter v\u00e5ra handlingar har. Vi finl\u00e4ndare t\u00e4nker sedan gammalt att alla i samh\u00e4llet beh\u00f6vs. Den nordiska v\u00e4lf\u00e4rdsmodellen vilar [&hellip;]","og_url":"https:\/\/www.kirkonulkomaanapu.fi\/sv\/testamentsdonation\/en-handling-som-bar\/","og_site_name":"Kyrkans Utlandshj\u00e4lp","article_publisher":"https:\/\/www.facebook.com\/Ulkomaanapu\/","article_modified_time":"2025-03-18T11:42:54+00:00","og_image":[{"width":225,"height":225,"url":"https:\/\/www.kirkonulkomaanapu.fi\/wp-content\/uploads\/2026\/02\/Kirkon-ulkomaanapu-logo.png","type":"image\/png"}],"twitter_misc":{"Ber\u00e4knad l\u00e4stid":"3 minuter"},"schema":{"@context":"https:\/\/schema.org","@graph":[{"@type":"WebPage","@id":"https:\/\/www.kirkonulkomaanapu.fi\/sv\/testamentsdonation\/en-handling-som-bar\/","url":"https:\/\/www.kirkonulkomaanapu.fi\/sv\/testamentsdonation\/en-handling-som-bar\/","name":"En handling som b\u00e4r - Kyrkans Utlandshj\u00e4lp","isPartOf":{"@id":"https:\/\/www.kirkonulkomaanapu.fi\/#website"},"datePublished":"2021-05-18T15:03:19+00:00","dateModified":"2025-03-18T11:42:54+00:00","breadcrumb":{"@id":"https:\/\/www.kirkonulkomaanapu.fi\/sv\/testamentsdonation\/en-handling-som-bar\/#breadcrumb"},"inLanguage":"sv-SE","potentialAction":[{"@type":"ReadAction","target":["https:\/\/www.kirkonulkomaanapu.fi\/sv\/testamentsdonation\/en-handling-som-bar\/"]}]},{"@type":"BreadcrumbList","@id":"https:\/\/www.kirkonulkomaanapu.fi\/sv\/testamentsdonation\/en-handling-som-bar\/#breadcrumb","itemListElement":[{"@type":"ListItem","position":1,"name":"Home","item":"https:\/\/www.kirkonulkomaanapu.fi\/sv\/"},{"@type":"ListItem","position":2,"name":"Testamentsdonation","item":"https:\/\/www.kirkonulkomaanapu.fi\/sv\/testamentsdonation\/"},{"@type":"ListItem","position":3,"name":"En handling som b\u00e4r"}]},{"@type":"WebSite","@id":"https:\/\/www.kirkonulkomaanapu.fi\/#website","url":"https:\/\/www.kirkonulkomaanapu.fi\/","name":"Kirkon Ulkomaanapu","description":"Suomen suurin kehitysyhteisty\u00f6j\u00e4rjest\u00f6","publisher":{"@id":"https:\/\/www.kirkonulkomaanapu.fi\/#organization"},"alternateName":"KUA","potentialAction":[{"@type":"SearchAction","target":{"@type":"EntryPoint","urlTemplate":"https:\/\/www.kirkonulkomaanapu.fi\/?s={search_term_string}"},"query-input":{"@type":"PropertyValueSpecification","valueRequired":true,"valueName":"search_term_string"}}],"inLanguage":"sv-SE"},{"@type":"Organization","@id":"https:\/\/www.kirkonulkomaanapu.fi\/#organization","name":"Kirkon Ulkomaanapu","alternateName":"KUA","url":"https:\/\/www.kirkonulkomaanapu.fi\/","logo":{"@type":"ImageObject","inLanguage":"sv-SE","@id":"https:\/\/www.kirkonulkomaanapu.fi\/#\/schema\/logo\/image\/","url":"https:\/\/www.kirkonulkomaanapu.fi\/wp-content\/uploads\/2026\/02\/Kirkon-ulkomaanapu-logo-1.png","contentUrl":"https:\/\/www.kirkonulkomaanapu.fi\/wp-content\/uploads\/2026\/02\/Kirkon-ulkomaanapu-logo-1.png","width":225,"height":225,"caption":"Kirkon Ulkomaanapu"},"image":{"@id":"https:\/\/www.kirkonulkomaanapu.fi\/#\/schema\/logo\/image\/"},"sameAs":["https:\/\/www.facebook.com\/Ulkomaanapu\/","https:\/\/www.youtube.com\/user\/kirkonulkomaanapu","https:\/\/instagram.com\/kirkon_ulkomaanapu\/","https:\/\/www.linkedin.com\/company\/finn-church-aid\/"]}]}},"_links":{"self":[{"href":"https:\/\/www.kirkonulkomaanapu.fi\/sv\/wp-json\/wp\/v2\/pages\/118405","targetHints":{"allow":["GET"]}}],"collection":[{"href":"https:\/\/www.kirkonulkomaanapu.fi\/sv\/wp-json\/wp\/v2\/pages"}],"about":[{"href":"https:\/\/www.kirkonulkomaanapu.fi\/sv\/wp-json\/wp\/v2\/types\/page"}],"author":[{"embeddable":true,"href":"https:\/\/www.kirkonulkomaanapu.fi\/sv\/wp-json\/wp\/v2\/users\/123"}],"replies":[{"embeddable":true,"href":"https:\/\/www.kirkonulkomaanapu.fi\/sv\/wp-json\/wp\/v2\/comments?post=118405"}],"version-history":[{"count":2,"href":"https:\/\/www.kirkonulkomaanapu.fi\/sv\/wp-json\/wp\/v2\/pages\/118405\/revisions"}],"predecessor-version":[{"id":153596,"href":"https:\/\/www.kirkonulkomaanapu.fi\/sv\/wp-json\/wp\/v2\/pages\/118405\/revisions\/153596"}],"up":[{"embeddable":true,"href":"https:\/\/www.kirkonulkomaanapu.fi\/sv\/wp-json\/wp\/v2\/pages\/3447"}],"wp:attachment":[{"href":"https:\/\/www.kirkonulkomaanapu.fi\/sv\/wp-json\/wp\/v2\/media?parent=118405"}],"curies":[{"name":"wp","href":"https:\/\/api.w.org\/{rel}","templated":true}]}}