{"id":117732,"date":"2021-05-06T12:59:19","date_gmt":"2021-05-06T09:59:19","guid":{"rendered":"https:\/\/www.kirkonulkomaanapu.fi\/vart-arbete-2021__trashed\/utvecklingssamarbetet__trashed\/toimeentulo\/"},"modified":"2021-07-19T15:53:43","modified_gmt":"2021-07-19T12:53:43","slug":"utkomst","status":"publish","type":"page","link":"https:\/\/www.kirkonulkomaanapu.fi\/sv\/vart-arbete\/utvecklingssamarbetet\/utkomst\/","title":{"rendered":"Utkomst"},"content":{"rendered":"\n\n\n<div class=\"block-hero full-width id-block\" style=\"background-image: url('https:\/\/www.kirkonulkomaanapu.fi\/wp-content\/uploads\/2020\/02\/toimeentulo_uganda_2020.jpg');\">\n\n\t<div class=\"bg-mobile\" style=\"background-image: url('https:\/\/www.kirkonulkomaanapu.fi\/wp-content\/uploads\/2020\/02\/toimeentulo_uganda_2020-1024x441.jpg');\"><\/div>\n\n\t\n\t<div class=\"curtain\"><\/div>\n\n\t<div class=\"container\">\n\t\t<div class=\"row\">\n\t\t\t<div class=\"col\">\n\t\t\t\t<div class=\"inner-blocks entry-content\">\n\t\t\t\t\t\t\t\t\t\t\t\n<h2 class=\"is-style-brush\" ><span class=\"bg\">\nUtkomst\n<\/span><\/h2><h2 class=\"is-style-brush mobile\" ><span class=\"bg\">Utkomst<\/span><\/h2>\n\n\n<p><\/p>\n\n\n\t\t\t\t\t\t\t\t\t<\/div>\n\t\t\t<\/div>\n\t\t<\/div>\n\t<\/div>\n<\/div>\n\n\n<div class=\"subpage-navigation id-block full-width\">\n    <div class=\"container-lg\">\n        <div class=\"row\">\n            <div class=\"col\">\n                <ul class=\"pages\">\n                                        <li class=\"page ancestor\">\n                        <a href=\"https:\/\/www.kirkonulkomaanapu.fi\/sv\/vart-arbete\/\">V\u00e5rt arbete<\/a>\n                    <\/li>\n                                        <li class=\"page ancestor\">\n                        <a href=\"https:\/\/www.kirkonulkomaanapu.fi\/sv\/vart-arbete\/utvecklingssamarbetet\/\">Utvecklingssamarbetet<\/a>\n                    <\/li>\n                    \n                                        <li class=\"page\">\n                        <a href=\"https:\/\/www.kirkonulkomaanapu.fi\/sv\/vart-arbete\/utvecklingssamarbetet\/fred\/\">Fred<\/a>\n                    <\/li>\n                                        <li class=\"page\">\n                        <a href=\"https:\/\/www.kirkonulkomaanapu.fi\/sv\/vart-arbete\/utvecklingssamarbetet\/utbildning\/\">Utbildning<\/a>\n                    <\/li>\n                                        <li class=\"page current\">\n                        <a href=\"https:\/\/www.kirkonulkomaanapu.fi\/sv\/vart-arbete\/utvecklingssamarbetet\/utkomst\/\">Utkomst<\/a>\n                    <\/li>\n                                    <\/ul>\n            <\/div>\n        <\/div>\n    <\/div>\n<\/div>\n\n\n\n\n\n\n<p>Utkomst \u00e4r en f\u00f6ruts\u00e4ttning f\u00f6r m\u00e4nniskov\u00e4rdigt liv. Alla m\u00e4nniskor har r\u00e4tt till utkomst som m\u00f6jligg\u00f6r att man kan f\u00f6rs\u00f6rja sig sj\u00e4lv och sin familj, \u00f6ka det egna v\u00e4lm\u00e5endet och som j\u00e4mlik medborgare delta i utvecklingen av samh\u00e4llets sociala, ekonomiska och politiska situation.<\/p>\n\n\n\n<p>I utvecklingsl\u00e4nder \u00e4r det sm\u00e5 och medelstora f\u00f6retag som st\u00e5r f\u00f6r st\u00f6rsta delen av de arbetstillf\u00e4llen som m\u00f6jligg\u00f6r utkomst. D\u00e4rf\u00f6r st\u00f6der Kyrkans Utlandshj\u00e4lp i alla sina programl\u00e4nder f\u00f6retagens verksamhetsf\u00f6ruts\u00e4ttningar och m\u00f6jligheten att starta upp egen f\u00f6retagsverksamhet.<\/p>\n\n\n\n\n<div class=\"block-image-beside-content full-width id-block\">\n    <div class=\"container-lg\">\n        <div class=\"row\">\n            <div class=\"col col-12 col-lg-6\">\n                <div class=\"align-image\">\n                                        <img decoding=\"async\" class=\"image\" alt=\"Opettaja ja oppilaita koulun pihalla.\" src=\"https:\/\/www.kirkonulkomaanapu.fi\/wp-content\/uploads\/2021\/03\/Kolme-naisopettajaa-artikkelikuva.jpg\" loading=\"lazy\" srcset=\"https:\/\/www.kirkonulkomaanapu.fi\/wp-content\/uploads\/2021\/03\/Kolme-naisopettajaa-artikkelikuva-480x260.jpg 320w, https:\/\/www.kirkonulkomaanapu.fi\/wp-content\/uploads\/2021\/03\/Kolme-naisopettajaa-artikkelikuva.jpg 991w\" sizes=\"auto, (max-width: 991px) 150px\" width=\"1024\" height=\"554\">\n                                    <\/div>\n            <\/div>\n            <div class=\"col col-12 col-lg-6\">\n                <div class=\"align-content\">\n                    <div class=\"inner-blocks entry-content\">\n                        \n\n<h2 class=\"wp-block-heading\">Kvinnliga l\u00e4rare banar v\u00e4gen f\u00f6r barnen<\/h2>\n\n\n\n<div class=\"wp-block-buttons is-layout-flex wp-block-buttons-is-layout-flex\">\n<div class=\"wp-block-button is-style-solid\"><a class=\"wp-block-button__link\" href=\"https:\/\/www.kirkonulkomaanapu.fi\/sv\/aktuellt\/artiklar\/min-rost-hors-och-jag-har-en-plats-i-samhallet\/\" target=\"_blank\" rel=\"noreferrer noopener\">L\u00e4s mer<\/a><\/div>\n<\/div>\n\n\n                    <\/div>\n                <\/div>\n            <\/div>\n        <\/div>\n    <\/div>\n<\/div>\n\n\n\n<h2 class=\"wp-block-heading\">M\u00e5ls\u00e4ttning: minska fattigdomen<\/h2>\n\n\n\n<p>V\u00e5rt m\u00e5l \u00e4r att minska fattigdom genom att fr\u00e4mja h\u00e5llbar ekonomisk utveckling. Vi st\u00f6der syssels\u00e4ttning och f\u00f6retagande framf\u00f6rallt bland kvinnor, unga och flyktingar. Detta g\u00f6rs via utbildningar som siktar p\u00e5 att ge deltagarna en utkomst. I dessa utvecklingsprojekt utbildas deltagarna i f\u00f6retagande och yrkesut\u00f6vning. Som st\u00f6d f\u00f6r f\u00f6retagsverksamheten grundas lokala andelslag och spargrupper.<\/p>\n\n\n\n\n<div class=\"block-diagram-with-content full-width id-block\">\n\t<div class=\"container-lg\">\n\t\t<div class=\"row justify-content-center\">\n\t\t\t<div class=\"col col-12 col-lg-6 col-xxl-4\">\n\t\t\t\t<div class=\"align-image\">\n\t\t\t\t\t<img decoding=\"async\" class=\"image\" alt=\"Graafinen kuva s\u00e4\u00e4st\u00f6possusta\" src=\"https:\/\/www.kirkonulkomaanapu.fi\/wp-content\/uploads\/2019\/10\/KUA-symbolit_rgb_savinggroup.png\" loading=\"lazy\" srcset=\"https:\/\/www.kirkonulkomaanapu.fi\/wp-content\/uploads\/2019\/10\/KUA-symbolit_rgb_savinggroup-480x480.png 320w, https:\/\/www.kirkonulkomaanapu.fi\/wp-content\/uploads\/2019\/10\/KUA-symbolit_rgb_savinggroup.png 991w\" sizes=\"auto, (max-width: 991px) 150px\" width=\"942\" height=\"942\">\n\t\t\t\t\t<span class=\"diagram-content\">69 %<\/span>\n\t\t\t\t<\/div>\n\t\t\t<\/div>\n\t\t\t<div class=\"col col-12 col-lg-6\">\n\t\t\t\t<div class=\"align-content\">\n\t\t\t\t\t<div class=\"inner-blocks entry-content\">\n\t\t\t\t\t\t\n\n<p class=\"is-style-ingress\">69 % av de syriska flyktingar i Jordanien  som deltog i en f\u00f6retagarutbildning tj\u00e4nade pengar p\u00e5 sin f\u00f6retagsverksamhet ett halv\u00e5r efter KUH:s utbildning 2020.<\/p>\n\n\n\t\t\t\t\t<\/div>\n\t\t\t\t<\/div>\n\t\t\t<\/div>\n\t\t<\/div>\n\t<\/div>\t\n<\/div>\n\n\n\n<p>Utkomsten som f\u00e5s via arbetet utvecklar ocks\u00e5 samh\u00e4llena och hj\u00e4lper till med att skapa h\u00e5llbara strukturer som fr\u00e4mjar fred och stabilitet. I v\u00e5rt arbete str\u00e4var vi efter att de utkomstprojekt vi st\u00f6der st\u00e5r p\u00e5 en h\u00e5llbar grund \u2013 b\u00e5de ur ett milj\u00f6perspektiv och med tanke p\u00e5 de lokala omst\u00e4ndigheterna.<\/p>\n\n\n\n\n<div class=\"block-latest-articles-from-category full-width id-block\">\n\t<div class=\"container-lg\">\n\t\t\n\t\t<div class=\"row articles\">\n\t\t\t\t\t\t\t\t\t\t<div class=\"col col-12 col-md-4\">\n\t\t\t\t\t\n<div class=\"article-card article-card__default\">\n\t<a href=\"https:\/\/www.kirkonulkomaanapu.fi\/sv\/aktuellt\/artiklar\/sin-egen-lyckas-smed\/\">\n\t\t<div class=\"article-thumbnail\">\n\t\t\t\t\t\t<img decoding=\"async\" src=\"https:\/\/www.kirkonulkomaanapu.fi\/wp-content\/uploads\/2026\/02\/nepal-yv-tekoja-7-480x320.png\" alt=\"Sin egen lyckas smed\" loading=\"lazy\" width=\"480\" height=\"320\">\n\t\t\t\t\t<\/div>\n\t<\/a>\n\n\t<div class=\"article-meta\">\n\t\t<span>Artikeln<\/span><span>16.2.2026<\/span>\t<\/div>\n\n\t<a href=\"https:\/\/www.kirkonulkomaanapu.fi\/sv\/aktuellt\/artiklar\/sin-egen-lyckas-smed\/\"><h3 class=\"article-title\">Sin egen lyckas smed<\/h3><\/a>\n<\/div>\t\t\t\t<\/div>\n\t\t\t\t\t\t\t<div class=\"col col-12 col-md-4\">\n\t\t\t\t\t\n<div class=\"article-card article-card__default\">\n\t<a href=\"https:\/\/www.kirkonulkomaanapu.fi\/sv\/aktuellt\/artiklar\/nepalesiska-chun-maya-los-liv-blomstrar-tio-ar-efter-den-forodande-jordbavningen\/\">\n\t\t<div class=\"article-thumbnail\">\n\t\t\t\t\t\t<img decoding=\"async\" src=\"https:\/\/www.kirkonulkomaanapu.fi\/wp-content\/uploads\/2025\/08\/chun_maya_muokattu_2-480x320.jpg\" alt=\"Nepalesiska Chun Maya Los liv blomstrar tio \u00e5r efter den f\u00f6r\u00f6dande jordb\u00e4vningen\" loading=\"lazy\" width=\"480\" height=\"320\">\n\t\t\t\t\t<\/div>\n\t<\/a>\n\n\t<div class=\"article-meta\">\n\t\t<span>Artikeln<\/span><span>8.8.2025<\/span>\t<\/div>\n\n\t<a href=\"https:\/\/www.kirkonulkomaanapu.fi\/sv\/aktuellt\/artiklar\/nepalesiska-chun-maya-los-liv-blomstrar-tio-ar-efter-den-forodande-jordbavningen\/\"><h3 class=\"article-title\">Nepalesiska Chun Maya Los liv blomstrar tio \u00e5r efter den f\u00f6r\u00f6dande jordb\u00e4vningen<\/h3><\/a>\n<\/div>\t\t\t\t<\/div>\n\t\t\t\t\t\t\t<div class=\"col col-12 col-md-4\">\n\t\t\t\t\t\n<div class=\"article-card article-card__default\">\n\t<a href=\"https:\/\/www.kirkonulkomaanapu.fi\/sv\/aktuellt\/artiklar\/uppfinning-av-ung-jordanier-ska-ge-jordbrukare-battre-skordar\/\">\n\t\t<div class=\"article-thumbnail\">\n\t\t\t\t\t\t<img decoding=\"async\" src=\"https:\/\/www.kirkonulkomaanapu.fi\/wp-content\/uploads\/2022\/11\/jordania-viljelykeksinto-sager-marayha-480x320.jpg\" alt=\"Uppfinning av ung jordanier ska ge jordbrukare b\u00e4ttre sk\u00f6rdar\" loading=\"lazy\" width=\"480\" height=\"320\">\n\t\t\t\t\t<\/div>\n\t<\/a>\n\n\t<div class=\"article-meta\">\n\t\t<span>Artikeln<\/span><span>29.11.2022<\/span>\t<\/div>\n\n\t<a href=\"https:\/\/www.kirkonulkomaanapu.fi\/sv\/aktuellt\/artiklar\/uppfinning-av-ung-jordanier-ska-ge-jordbrukare-battre-skordar\/\"><h3 class=\"article-title\">Uppfinning av ung jordanier ska ge jordbrukare b\u00e4ttre sk\u00f6rdar<\/h3><\/a>\n<\/div>\t\t\t\t<\/div>\n\t\t\t\t\t\t\t\t<\/div>\n\n\t<\/div>\t\n<\/div>\n","protected":false},"excerpt":{"rendered":"<p>Utkomst \u00e4r en f\u00f6ruts\u00e4ttning f\u00f6r m\u00e4nniskov\u00e4rdigt liv. Alla m\u00e4nniskor har r\u00e4tt till utkomst som m\u00f6jligg\u00f6r att man kan f\u00f6rs\u00f6rja sig sj\u00e4lv och sin familj, \u00f6ka det egna v\u00e4lm\u00e5endet och som j\u00e4mlik medborgare delta i utvecklingen av samh\u00e4llets sociala, ekonomiska och politiska situation. I utvecklingsl\u00e4nder \u00e4r det sm\u00e5 och medelstora f\u00f6retag som st\u00e5r f\u00f6r st\u00f6rsta delen [&hellip;]<\/p>\n","protected":false},"author":146,"featured_media":107281,"parent":3297,"menu_order":3,"comment_status":"closed","ping_status":"closed","template":"","meta":{"_acf_changed":false,"_relevanssi_hide_post":"","_relevanssi_hide_content":"","_relevanssi_pin_for_all":"","_relevanssi_pin_keywords":"","_relevanssi_unpin_keywords":"","_relevanssi_related_keywords":"","_relevanssi_related_include_ids":"","_relevanssi_related_exclude_ids":"","_relevanssi_related_no_append":"","_relevanssi_related_not_related":"","_relevanssi_related_posts":"110938,114351,109979,112164,115729,113343","_relevanssi_noindex_reason":"","_improvement_type_select":"improve_an_existing","_thumb_yes_seoaic":false,"_frame_yes_seoaic":false,"seoaic_generate_description":"","seoaic_improve_instructions_prompt":"","seoaic_rollback_content_improvement":"","seoaic_idea_thumbnail_generator":"","thumbnail_generated":false,"thumbnail_generate_prompt":"","seoaic_article_description":"","footnotes":""},"class_list":["post-117732","page","type-page","status-publish","has-post-thumbnail","hentry"],"acf":[],"yoast_head":"<!-- This site is optimized with the Yoast SEO plugin v26.9 - https:\/\/yoast.com\/product\/yoast-seo-wordpress\/ -->\n<title>Utkomst - Kyrkans Utlandshj\u00e4lp<\/title>\n<meta name=\"description\" content=\"Ty\u00f6paikat, yritt\u00e4jyys ja toimeentulon elpyminen katastrofin j\u00e4lkeen ovat KUA:n toimeentuloty\u00f6n k\u00e4rjet. Ty\u00f6 keskittyy erityisesti naisiin ja nuoriin.\" \/>\n<meta name=\"robots\" content=\"index, follow, max-snippet:-1, max-image-preview:large, max-video-preview:-1\" \/>\n<link rel=\"canonical\" href=\"https:\/\/www.kirkonulkomaanapu.fi\/sv\/vart-arbete\/utvecklingssamarbetet\/utkomst\/\" \/>\n<meta property=\"og:locale\" content=\"sv_SE\" \/>\n<meta property=\"og:type\" content=\"article\" \/>\n<meta property=\"og:title\" content=\"Utkomst - Kyrkans Utlandshj\u00e4lp\" \/>\n<meta property=\"og:description\" content=\"Ty\u00f6paikat, yritt\u00e4jyys ja toimeentulon elpyminen katastrofin j\u00e4lkeen ovat KUA:n toimeentuloty\u00f6n k\u00e4rjet. Ty\u00f6 keskittyy erityisesti naisiin ja nuoriin.\" \/>\n<meta property=\"og:url\" content=\"https:\/\/www.kirkonulkomaanapu.fi\/sv\/vart-arbete\/utvecklingssamarbetet\/utkomst\/\" \/>\n<meta property=\"og:site_name\" content=\"Kyrkans Utlandshj\u00e4lp\" \/>\n<meta property=\"article:publisher\" content=\"https:\/\/www.facebook.com\/Ulkomaanapu\/\" \/>\n<meta property=\"article:modified_time\" content=\"2021-07-19T12:53:43+00:00\" \/>\n<meta property=\"og:image\" content=\"https:\/\/www.kirkonulkomaanapu.fi\/wp-content\/uploads\/2020\/02\/toimeentulo_uganda_2020.jpg\" \/>\n\t<meta property=\"og:image:width\" content=\"1920\" \/>\n\t<meta property=\"og:image:height\" content=\"827\" \/>\n\t<meta property=\"og:image:type\" content=\"image\/jpeg\" \/>\n<meta name=\"twitter:label1\" content=\"Ber\u00e4knad l\u00e4stid\" \/>\n\t<meta name=\"twitter:data1\" content=\"1 minut\" \/>\n<script type=\"application\/ld+json\" class=\"yoast-schema-graph\">{\"@context\":\"https:\/\/schema.org\",\"@graph\":[{\"@type\":\"WebPage\",\"@id\":\"https:\/\/www.kirkonulkomaanapu.fi\/sv\/vart-arbete\/utvecklingssamarbetet\/utkomst\/\",\"url\":\"https:\/\/www.kirkonulkomaanapu.fi\/sv\/vart-arbete\/utvecklingssamarbetet\/utkomst\/\",\"name\":\"Utkomst - Kyrkans Utlandshj\u00e4lp\",\"isPartOf\":{\"@id\":\"https:\/\/www.kirkonulkomaanapu.fi\/#website\"},\"primaryImageOfPage\":{\"@id\":\"https:\/\/www.kirkonulkomaanapu.fi\/sv\/vart-arbete\/utvecklingssamarbetet\/utkomst\/#primaryimage\"},\"image\":{\"@id\":\"https:\/\/www.kirkonulkomaanapu.fi\/sv\/vart-arbete\/utvecklingssamarbetet\/utkomst\/#primaryimage\"},\"thumbnailUrl\":\"https:\/\/www.kirkonulkomaanapu.fi\/wp-content\/uploads\/2020\/02\/toimeentulo_uganda_2020.jpg\",\"datePublished\":\"2021-05-06T09:59:19+00:00\",\"dateModified\":\"2021-07-19T12:53:43+00:00\",\"description\":\"Ty\u00f6paikat, yritt\u00e4jyys ja toimeentulon elpyminen katastrofin j\u00e4lkeen ovat KUA:n toimeentuloty\u00f6n k\u00e4rjet. Ty\u00f6 keskittyy erityisesti naisiin ja nuoriin.\",\"breadcrumb\":{\"@id\":\"https:\/\/www.kirkonulkomaanapu.fi\/sv\/vart-arbete\/utvecklingssamarbetet\/utkomst\/#breadcrumb\"},\"inLanguage\":\"sv-SE\",\"potentialAction\":[{\"@type\":\"ReadAction\",\"target\":[\"https:\/\/www.kirkonulkomaanapu.fi\/sv\/vart-arbete\/utvecklingssamarbetet\/utkomst\/\"]}]},{\"@type\":\"ImageObject\",\"inLanguage\":\"sv-SE\",\"@id\":\"https:\/\/www.kirkonulkomaanapu.fi\/sv\/vart-arbete\/utvecklingssamarbetet\/utkomst\/#primaryimage\",\"url\":\"https:\/\/www.kirkonulkomaanapu.fi\/wp-content\/uploads\/2020\/02\/toimeentulo_uganda_2020.jpg\",\"contentUrl\":\"https:\/\/www.kirkonulkomaanapu.fi\/wp-content\/uploads\/2020\/02\/toimeentulo_uganda_2020.jpg\",\"width\":1920,\"height\":827,\"caption\":\"KUA:n kehitysyhteisty\u00f6 vahvistaa yhteis\u00f6jen toimeentuloa paikallisella tasolla.\"},{\"@type\":\"BreadcrumbList\",\"@id\":\"https:\/\/www.kirkonulkomaanapu.fi\/sv\/vart-arbete\/utvecklingssamarbetet\/utkomst\/#breadcrumb\",\"itemListElement\":[{\"@type\":\"ListItem\",\"position\":1,\"name\":\"Home\",\"item\":\"https:\/\/www.kirkonulkomaanapu.fi\/sv\/\"},{\"@type\":\"ListItem\",\"position\":2,\"name\":\"V\u00e5rt arbete\",\"item\":\"https:\/\/www.kirkonulkomaanapu.fi\/sv\/vart-arbete\/\"},{\"@type\":\"ListItem\",\"position\":3,\"name\":\"Utvecklingssamarbetet\",\"item\":\"https:\/\/www.kirkonulkomaanapu.fi\/sv\/vart-arbete\/utvecklingssamarbetet\/\"},{\"@type\":\"ListItem\",\"position\":4,\"name\":\"Utkomst\"}]},{\"@type\":\"WebSite\",\"@id\":\"https:\/\/www.kirkonulkomaanapu.fi\/#website\",\"url\":\"https:\/\/www.kirkonulkomaanapu.fi\/\",\"name\":\"Kirkon Ulkomaanapu\",\"description\":\"Suomen suurin kehitysyhteisty\u00f6j\u00e4rjest\u00f6\",\"publisher\":{\"@id\":\"https:\/\/www.kirkonulkomaanapu.fi\/#organization\"},\"alternateName\":\"KUA\",\"potentialAction\":[{\"@type\":\"SearchAction\",\"target\":{\"@type\":\"EntryPoint\",\"urlTemplate\":\"https:\/\/www.kirkonulkomaanapu.fi\/?s={search_term_string}\"},\"query-input\":{\"@type\":\"PropertyValueSpecification\",\"valueRequired\":true,\"valueName\":\"search_term_string\"}}],\"inLanguage\":\"sv-SE\"},{\"@type\":\"Organization\",\"@id\":\"https:\/\/www.kirkonulkomaanapu.fi\/#organization\",\"name\":\"Kirkon Ulkomaanapu\",\"alternateName\":\"KUA\",\"url\":\"https:\/\/www.kirkonulkomaanapu.fi\/\",\"logo\":{\"@type\":\"ImageObject\",\"inLanguage\":\"sv-SE\",\"@id\":\"https:\/\/www.kirkonulkomaanapu.fi\/#\/schema\/logo\/image\/\",\"url\":\"https:\/\/www.kirkonulkomaanapu.fi\/wp-content\/uploads\/2026\/02\/Kirkon-ulkomaanapu-logo-1.png\",\"contentUrl\":\"https:\/\/www.kirkonulkomaanapu.fi\/wp-content\/uploads\/2026\/02\/Kirkon-ulkomaanapu-logo-1.png\",\"width\":225,\"height\":225,\"caption\":\"Kirkon Ulkomaanapu\"},\"image\":{\"@id\":\"https:\/\/www.kirkonulkomaanapu.fi\/#\/schema\/logo\/image\/\"},\"sameAs\":[\"https:\/\/www.facebook.com\/Ulkomaanapu\/\",\"https:\/\/www.youtube.com\/user\/kirkonulkomaanapu\",\"https:\/\/instagram.com\/kirkon_ulkomaanapu\/\",\"https:\/\/www.linkedin.com\/company\/finn-church-aid\/\"]}]}<\/script>\n<!-- \/ Yoast SEO plugin. -->","yoast_head_json":{"title":"Utkomst - Kyrkans Utlandshj\u00e4lp","description":"Ty\u00f6paikat, yritt\u00e4jyys ja toimeentulon elpyminen katastrofin j\u00e4lkeen ovat KUA:n toimeentuloty\u00f6n k\u00e4rjet. Ty\u00f6 keskittyy erityisesti naisiin ja nuoriin.","robots":{"index":"index","follow":"follow","max-snippet":"max-snippet:-1","max-image-preview":"max-image-preview:large","max-video-preview":"max-video-preview:-1"},"canonical":"https:\/\/www.kirkonulkomaanapu.fi\/sv\/vart-arbete\/utvecklingssamarbetet\/utkomst\/","og_locale":"sv_SE","og_type":"article","og_title":"Utkomst - Kyrkans Utlandshj\u00e4lp","og_description":"Ty\u00f6paikat, yritt\u00e4jyys ja toimeentulon elpyminen katastrofin j\u00e4lkeen ovat KUA:n toimeentuloty\u00f6n k\u00e4rjet. Ty\u00f6 keskittyy erityisesti naisiin ja nuoriin.","og_url":"https:\/\/www.kirkonulkomaanapu.fi\/sv\/vart-arbete\/utvecklingssamarbetet\/utkomst\/","og_site_name":"Kyrkans Utlandshj\u00e4lp","article_publisher":"https:\/\/www.facebook.com\/Ulkomaanapu\/","article_modified_time":"2021-07-19T12:53:43+00:00","og_image":[{"width":1920,"height":827,"url":"https:\/\/www.kirkonulkomaanapu.fi\/wp-content\/uploads\/2020\/02\/toimeentulo_uganda_2020.jpg","type":"image\/jpeg"}],"twitter_misc":{"Ber\u00e4knad l\u00e4stid":"1 minut"},"schema":{"@context":"https:\/\/schema.org","@graph":[{"@type":"WebPage","@id":"https:\/\/www.kirkonulkomaanapu.fi\/sv\/vart-arbete\/utvecklingssamarbetet\/utkomst\/","url":"https:\/\/www.kirkonulkomaanapu.fi\/sv\/vart-arbete\/utvecklingssamarbetet\/utkomst\/","name":"Utkomst - Kyrkans Utlandshj\u00e4lp","isPartOf":{"@id":"https:\/\/www.kirkonulkomaanapu.fi\/#website"},"primaryImageOfPage":{"@id":"https:\/\/www.kirkonulkomaanapu.fi\/sv\/vart-arbete\/utvecklingssamarbetet\/utkomst\/#primaryimage"},"image":{"@id":"https:\/\/www.kirkonulkomaanapu.fi\/sv\/vart-arbete\/utvecklingssamarbetet\/utkomst\/#primaryimage"},"thumbnailUrl":"https:\/\/www.kirkonulkomaanapu.fi\/wp-content\/uploads\/2020\/02\/toimeentulo_uganda_2020.jpg","datePublished":"2021-05-06T09:59:19+00:00","dateModified":"2021-07-19T12:53:43+00:00","description":"Ty\u00f6paikat, yritt\u00e4jyys ja toimeentulon elpyminen katastrofin j\u00e4lkeen ovat KUA:n toimeentuloty\u00f6n k\u00e4rjet. Ty\u00f6 keskittyy erityisesti naisiin ja nuoriin.","breadcrumb":{"@id":"https:\/\/www.kirkonulkomaanapu.fi\/sv\/vart-arbete\/utvecklingssamarbetet\/utkomst\/#breadcrumb"},"inLanguage":"sv-SE","potentialAction":[{"@type":"ReadAction","target":["https:\/\/www.kirkonulkomaanapu.fi\/sv\/vart-arbete\/utvecklingssamarbetet\/utkomst\/"]}]},{"@type":"ImageObject","inLanguage":"sv-SE","@id":"https:\/\/www.kirkonulkomaanapu.fi\/sv\/vart-arbete\/utvecklingssamarbetet\/utkomst\/#primaryimage","url":"https:\/\/www.kirkonulkomaanapu.fi\/wp-content\/uploads\/2020\/02\/toimeentulo_uganda_2020.jpg","contentUrl":"https:\/\/www.kirkonulkomaanapu.fi\/wp-content\/uploads\/2020\/02\/toimeentulo_uganda_2020.jpg","width":1920,"height":827,"caption":"KUA:n kehitysyhteisty\u00f6 vahvistaa yhteis\u00f6jen toimeentuloa paikallisella tasolla."},{"@type":"BreadcrumbList","@id":"https:\/\/www.kirkonulkomaanapu.fi\/sv\/vart-arbete\/utvecklingssamarbetet\/utkomst\/#breadcrumb","itemListElement":[{"@type":"ListItem","position":1,"name":"Home","item":"https:\/\/www.kirkonulkomaanapu.fi\/sv\/"},{"@type":"ListItem","position":2,"name":"V\u00e5rt arbete","item":"https:\/\/www.kirkonulkomaanapu.fi\/sv\/vart-arbete\/"},{"@type":"ListItem","position":3,"name":"Utvecklingssamarbetet","item":"https:\/\/www.kirkonulkomaanapu.fi\/sv\/vart-arbete\/utvecklingssamarbetet\/"},{"@type":"ListItem","position":4,"name":"Utkomst"}]},{"@type":"WebSite","@id":"https:\/\/www.kirkonulkomaanapu.fi\/#website","url":"https:\/\/www.kirkonulkomaanapu.fi\/","name":"Kirkon Ulkomaanapu","description":"Suomen suurin kehitysyhteisty\u00f6j\u00e4rjest\u00f6","publisher":{"@id":"https:\/\/www.kirkonulkomaanapu.fi\/#organization"},"alternateName":"KUA","potentialAction":[{"@type":"SearchAction","target":{"@type":"EntryPoint","urlTemplate":"https:\/\/www.kirkonulkomaanapu.fi\/?s={search_term_string}"},"query-input":{"@type":"PropertyValueSpecification","valueRequired":true,"valueName":"search_term_string"}}],"inLanguage":"sv-SE"},{"@type":"Organization","@id":"https:\/\/www.kirkonulkomaanapu.fi\/#organization","name":"Kirkon Ulkomaanapu","alternateName":"KUA","url":"https:\/\/www.kirkonulkomaanapu.fi\/","logo":{"@type":"ImageObject","inLanguage":"sv-SE","@id":"https:\/\/www.kirkonulkomaanapu.fi\/#\/schema\/logo\/image\/","url":"https:\/\/www.kirkonulkomaanapu.fi\/wp-content\/uploads\/2026\/02\/Kirkon-ulkomaanapu-logo-1.png","contentUrl":"https:\/\/www.kirkonulkomaanapu.fi\/wp-content\/uploads\/2026\/02\/Kirkon-ulkomaanapu-logo-1.png","width":225,"height":225,"caption":"Kirkon Ulkomaanapu"},"image":{"@id":"https:\/\/www.kirkonulkomaanapu.fi\/#\/schema\/logo\/image\/"},"sameAs":["https:\/\/www.facebook.com\/Ulkomaanapu\/","https:\/\/www.youtube.com\/user\/kirkonulkomaanapu","https:\/\/instagram.com\/kirkon_ulkomaanapu\/","https:\/\/www.linkedin.com\/company\/finn-church-aid\/"]}]}},"_links":{"self":[{"href":"https:\/\/www.kirkonulkomaanapu.fi\/sv\/wp-json\/wp\/v2\/pages\/117732","targetHints":{"allow":["GET"]}}],"collection":[{"href":"https:\/\/www.kirkonulkomaanapu.fi\/sv\/wp-json\/wp\/v2\/pages"}],"about":[{"href":"https:\/\/www.kirkonulkomaanapu.fi\/sv\/wp-json\/wp\/v2\/types\/page"}],"author":[{"embeddable":true,"href":"https:\/\/www.kirkonulkomaanapu.fi\/sv\/wp-json\/wp\/v2\/users\/146"}],"replies":[{"embeddable":true,"href":"https:\/\/www.kirkonulkomaanapu.fi\/sv\/wp-json\/wp\/v2\/comments?post=117732"}],"version-history":[{"count":2,"href":"https:\/\/www.kirkonulkomaanapu.fi\/sv\/wp-json\/wp\/v2\/pages\/117732\/revisions"}],"predecessor-version":[{"id":121500,"href":"https:\/\/www.kirkonulkomaanapu.fi\/sv\/wp-json\/wp\/v2\/pages\/117732\/revisions\/121500"}],"up":[{"embeddable":true,"href":"https:\/\/www.kirkonulkomaanapu.fi\/sv\/wp-json\/wp\/v2\/pages\/3297"}],"wp:featuredmedia":[{"embeddable":true,"href":"https:\/\/www.kirkonulkomaanapu.fi\/sv\/wp-json\/wp\/v2\/media\/107281"}],"wp:attachment":[{"href":"https:\/\/www.kirkonulkomaanapu.fi\/sv\/wp-json\/wp\/v2\/media?parent=117732"}],"curies":[{"name":"wp","href":"https:\/\/api.w.org\/{rel}","templated":true}]}}