{"id":117730,"date":"2021-05-06T13:17:33","date_gmt":"2021-05-06T10:17:33","guid":{"rendered":"https:\/\/www.kirkonulkomaanapu.fi\/vart-arbete-2021__trashed\/utvecklingssamarbetet__trashed\/rauha\/"},"modified":"2021-05-11T10:41:21","modified_gmt":"2021-05-11T07:41:21","slug":"fred","status":"publish","type":"page","link":"https:\/\/www.kirkonulkomaanapu.fi\/sv\/vart-arbete\/utvecklingssamarbetet\/fred\/","title":{"rendered":"Fred"},"content":{"rendered":"\n\n\n<div class=\"block-hero full-width id-block\" style=\"background-image: url('https:\/\/www.kirkonulkomaanapu.fi\/wp-content\/uploads\/2021\/05\/Rauhantyo-scaled.jpg');\">\n\n\t<div class=\"bg-mobile\" style=\"background-image: url('https:\/\/www.kirkonulkomaanapu.fi\/wp-content\/uploads\/2021\/05\/Rauhantyo-1024x683.jpg');\"><\/div>\n\n\t\n\t<div class=\"curtain\"><\/div>\n\n\t<div class=\"container\">\n\t\t<div class=\"row\">\n\t\t\t<div class=\"col\">\n\t\t\t\t<div class=\"inner-blocks entry-content\">\n\t\t\t\t\t\t\t\t\t\t\t\n<h2 class=\"is-style-brush\" ><span class=\"bg\">\nFred\n<\/span><\/h2><h2 class=\"is-style-brush mobile\" ><span class=\"bg\">Fred<\/span><\/h2>\n\n\n<p><\/p>\n\n\n\t\t\t\t\t\t\t\t\t<\/div>\n\t\t\t<\/div>\n\t\t<\/div>\n\t<\/div>\n<\/div>\n\n\n<div class=\"subpage-navigation id-block full-width\">\n    <div class=\"container-lg\">\n        <div class=\"row\">\n            <div class=\"col\">\n                <ul class=\"pages\">\n                                        <li class=\"page ancestor\">\n                        <a href=\"https:\/\/www.kirkonulkomaanapu.fi\/sv\/vart-arbete\/\">V\u00e5rt arbete<\/a>\n                    <\/li>\n                                        <li class=\"page ancestor\">\n                        <a href=\"https:\/\/www.kirkonulkomaanapu.fi\/sv\/vart-arbete\/utvecklingssamarbetet\/\">Utvecklingssamarbetet<\/a>\n                    <\/li>\n                    \n                                        <li class=\"page current\">\n                        <a href=\"https:\/\/www.kirkonulkomaanapu.fi\/sv\/vart-arbete\/utvecklingssamarbetet\/fred\/\">Fred<\/a>\n                    <\/li>\n                                        <li class=\"page\">\n                        <a href=\"https:\/\/www.kirkonulkomaanapu.fi\/sv\/vart-arbete\/utvecklingssamarbetet\/utbildning\/\">Utbildning<\/a>\n                    <\/li>\n                                        <li class=\"page\">\n                        <a href=\"https:\/\/www.kirkonulkomaanapu.fi\/sv\/vart-arbete\/utvecklingssamarbetet\/utkomst\/\">Utkomst<\/a>\n                    <\/li>\n                                    <\/ul>\n            <\/div>\n        <\/div>\n    <\/div>\n<\/div>\n\n\n\n\n\n\n<p>Fred \u00e4r en f\u00f6ruts\u00e4ttning f\u00f6r h\u00e5llbar utveckling och att m\u00e4nskliga r\u00e4ttigheter kan f\u00f6rverkligas. N\u00e4r samh\u00e4llen f\u00e5r leva i fred kan barnen koncentrera sig p\u00e5 att g\u00e5 i skola och de vuxna p\u00e5 att f\u00e5 en utkomst och p\u00e5 att bygga ett stabilt samh\u00e4lle.<\/p>\n\n\n\n<p>Kyrkans Utlandshj\u00e4lps fredsarbete koncentreras i huvudsak till v\u00e4rldens mest utsatta l\u00e4nder. Bland dem finns Centralafrikanska republiken, Sydsudan, Kenya, Uganda, Somalia, Myanmar, Nepal och Kambodja. M\u00e5nga av dessa l\u00e4nder har ocks\u00e5 utvecklingsutmaningar. Ut\u00f6ver det g\u00f6r vi fredsarbete ocks\u00e5 i Israel och de palestinska omr\u00e5dena.<\/p>\n\n\n\n<figure class=\"wp-block-embed is-type-video is-provider-youtube wp-block-embed-youtube\"><div class=\"wp-block-embed__wrapper\">\n<div class=\"youtube-embed\">        <div class=\"video-wrapper\">              <div class=\"consent-placeholder\"              data-category=\"cookie_cat_marketing\"              onClick=\"CookieConsent.renew()\">                 <div class=\"consent-placeholder-wrapper\">                      <div class=\"text-button-wrapper\">                        <p>Et ole hyv\u00e4ksynyt markkinoinnin ev\u00e4steit\u00e4 n\u00e4hd\u00e4ksesi videon.<\/p>                        <div>                            <button class=\"button red slim\" href=\"javascript:CookieConsent.renew()\">Muuta ev\u00e4steasetuksia<\/button>                        <\/div>                    <\/div>                <\/div>            <\/div>            <\/div>        <div class=\"video-image-oembed\" tabindex=\"0\" style=\"background-image:url('https:\/\/i.ytimg.com\/vi\/iZXnwNvX3Eo\/hqdefault.jpg')\"><i class=\"fas fa-play\"><\/i><\/div><div class=\"video-container oembed oembed-youtube\" data-video=\"&lt;iframe title=&quot;Kirkon Ulkomaanapu rakentaa kest\u00e4v\u00e4\u00e4 rauhaa Boman osavaltiossa Etel\u00e4-Sudanissa&quot; width=&quot;500&quot; height=&quot;281&quot; src=&quot;https:\/\/www.youtube.com\/embed\/iZXnwNvX3Eo?feature=oembed&amp;rel=0&amp;rel=0&quot; frameborder=&quot;0&quot; allow=&quot;accelerometer; autoplay; clipboard-write; encrypted-media; gyroscope; picture-in-picture; web-share&quot; referrerpolicy=&quot;strict-origin-when-cross-origin&quot; allowfullscreen&gt;&lt;\/iframe&gt;\"><\/div><\/div>\n<\/div><figcaption>Kyrkans Utlandhj\u00e4lp bygger varaktig fred i Boma State, Sydsudan<\/figcaption><\/figure>\n\n\n\n<h2 class=\"wp-block-heading\">Fredsarbetet b\u00f6rjar p\u00e5 gr\u00e4srotsniv\u00e5<\/h2>\n\n\n\n<p>H\u00e5llbar utveckling kan endast byggas p\u00e5 en stadig grund, vilket \u00e5 sin sida kr\u00e4ver ih\u00e4rdigt fredsarbete p\u00e5 gr\u00e4srotsniv\u00e5. Det handlar om att man erk\u00e4nner och medlar i mark- och \u00e4gandetvister, erk\u00e4nner familjer\u00e4ttigheter och m\u00e4nniskor\u00e4ttsbrott och st\u00f6der de fredsprocesser som kopplas till dessa.<\/p>\n\n\n\n<p>En h\u00e5llbar fred handlar inte endast om att konflikterna avslutas, utan det f\u00f6ruts\u00e4tter att hela samh\u00e4llet engageras. Strukturerna m\u00e5ste ocks\u00e5 \u00e4ndras s\u00e5 att de st\u00f6der olika gruppers fredliga samlevnad.<\/p>\n\n\n\n<p>Kvinnor, unga, flyktingar och religi\u00f6sa samt traditionella akt\u00f6rer st\u00e5r i centrum f\u00f6r v\u00e5rt fredsarbete. Dessa grupper l\u00e4mnas ofta utanf\u00f6r beslutsfattandet och de officiella fredsprocesserna. D\u00e4rf\u00f6r st\u00f6der vi deras aktiva roll och f\u00f6rs\u00e4krar oss om att ocks\u00e5 deras r\u00f6st h\u00f6rs i beslutsfattandet.<\/p>\n\n\n\n<p>Lokalsamh\u00e4llet samt akt\u00f6rer p\u00e5 gr\u00e4srotsniv\u00e5 har en central roll i konfliktl\u00f6sning och fredsbygge.<\/p>\n\n\n\n\n<div class=\"block-latest-articles-from-category full-width id-block\">\n\t<div class=\"container-lg\">\n\t\t\n\t\t<div class=\"row articles\">\n\t\t\t\t\t\t\t\t\t\t<div class=\"col col-12 col-md-4\">\n\t\t\t\t\t\n<div class=\"article-card article-card__default\">\n\t<a href=\"https:\/\/www.kirkonulkomaanapu.fi\/sv\/aktuellt\/artiklar\/kuh-i-centralafrikanska-republiken-arbete-for-fred\/\">\n\t\t<div class=\"article-thumbnail\">\n\t\t\t\t\t\t<img decoding=\"async\" src=\"https:\/\/www.kirkonulkomaanapu.fi\/wp-content\/uploads\/2023\/11\/CARCO-86-B-FIX-artikkeli-480x270.jpg\" alt=\"KUH i Centralafrikanska republiken &#8211; arbete f\u00f6r fred\" loading=\"lazy\" width=\"480\" height=\"270\">\n\t\t\t\t\t<\/div>\n\t<\/a>\n\n\t<div class=\"article-meta\">\n\t\t<span>Artikeln<\/span><span>29.11.2023<\/span>\t<\/div>\n\n\t<a href=\"https:\/\/www.kirkonulkomaanapu.fi\/sv\/aktuellt\/artiklar\/kuh-i-centralafrikanska-republiken-arbete-for-fred\/\"><h3 class=\"article-title\">KUH i Centralafrikanska republiken &#8211; arbete f\u00f6r fred<\/h3><\/a>\n<\/div>\t\t\t\t<\/div>\n\t\t\t\t\t\t\t<div class=\"col col-12 col-md-4\">\n\t\t\t\t\t\n<div class=\"article-card article-card__default\">\n\t<a href=\"https:\/\/www.kirkonulkomaanapu.fi\/sv\/aktuellt\/artiklar\/mitt-i-krisen-i-ukraina-behover-barn-och-unga-varandra\/\">\n\t\t<div class=\"article-thumbnail\">\n\t\t\t\t\t\t<img decoding=\"async\" src=\"https:\/\/www.kirkonulkomaanapu.fi\/wp-content\/uploads\/2022\/09\/3hlo-6-Sophia_web-480x320.jpg\" alt=\"Mitt i krisen i Ukraina beh\u00f6ver barn och unga varandra\" loading=\"lazy\" width=\"480\" height=\"320\">\n\t\t\t\t\t<\/div>\n\t<\/a>\n\n\t<div class=\"article-meta\">\n\t\t<span>Artikeln<\/span><span>21.9.2022<\/span>\t<\/div>\n\n\t<a href=\"https:\/\/www.kirkonulkomaanapu.fi\/sv\/aktuellt\/artiklar\/mitt-i-krisen-i-ukraina-behover-barn-och-unga-varandra\/\"><h3 class=\"article-title\">Mitt i krisen i Ukraina beh\u00f6ver barn och unga varandra<\/h3><\/a>\n<\/div>\t\t\t\t<\/div>\n\t\t\t\t\t\t\t<div class=\"col col-12 col-md-4\">\n\t\t\t\t\t\n<div class=\"article-card article-card__default\">\n\t<a href=\"https:\/\/www.kirkonulkomaanapu.fi\/sv\/ajankohtaista\/blogi\/att-skapa-inkluderande-lokalforvaltning-i-somalia\/\">\n\t\t<div class=\"article-thumbnail\">\n\t\t\t\t\t\t<img decoding=\"async\" src=\"https:\/\/www.kirkonulkomaanapu.fi\/wp-content\/uploads\/2022\/08\/Somalia_DistrictCouncilFormation_11951-4-480x270.jpg\" alt=\"Att skapa inkluderande lokalf\u00f6rvaltning i Somalia\" loading=\"lazy\" width=\"480\" height=\"270\">\n\t\t\t\t\t<\/div>\n\t<\/a>\n\n\t<div class=\"article-meta\">\n\t\t<span>Bloggar<\/span><span>11.8.2022<\/span>\t<\/div>\n\n\t<a href=\"https:\/\/www.kirkonulkomaanapu.fi\/sv\/ajankohtaista\/blogi\/att-skapa-inkluderande-lokalforvaltning-i-somalia\/\"><h3 class=\"article-title\">Att skapa inkluderande lokalf\u00f6rvaltning i Somalia<\/h3><\/a>\n<\/div>\t\t\t\t<\/div>\n\t\t\t\t\t\t\t\t<\/div>\n\n\t<\/div>\t\n<\/div>\n","protected":false},"excerpt":{"rendered":"<p>Fred \u00e4r en f\u00f6ruts\u00e4ttning f\u00f6r h\u00e5llbar utveckling och att m\u00e4nskliga r\u00e4ttigheter kan f\u00f6rverkligas. N\u00e4r samh\u00e4llen f\u00e5r leva i fred kan barnen koncentrera sig p\u00e5 att g\u00e5 i skola och de vuxna p\u00e5 att f\u00e5 en utkomst och p\u00e5 att bygga ett stabilt samh\u00e4lle. Kyrkans Utlandshj\u00e4lps fredsarbete koncentreras i huvudsak till v\u00e4rldens mest utsatta l\u00e4nder. Bland [&hellip;]<\/p>\n","protected":false},"author":146,"featured_media":107293,"parent":3297,"menu_order":3,"comment_status":"closed","ping_status":"closed","template":"","meta":{"_acf_changed":false,"_relevanssi_hide_post":"","_relevanssi_hide_content":"","_relevanssi_pin_for_all":"","_relevanssi_pin_keywords":"","_relevanssi_unpin_keywords":"","_relevanssi_related_keywords":"","_relevanssi_related_include_ids":"","_relevanssi_related_exclude_ids":"","_relevanssi_related_no_append":"","_relevanssi_related_not_related":"","_relevanssi_related_posts":"114351,114394,91474,91423,89710,113322","_relevanssi_noindex_reason":"","_improvement_type_select":"improve_an_existing","_thumb_yes_seoaic":false,"_frame_yes_seoaic":false,"seoaic_generate_description":"","seoaic_improve_instructions_prompt":"","seoaic_rollback_content_improvement":"","seoaic_idea_thumbnail_generator":"","thumbnail_generated":false,"thumbnail_generate_prompt":"","seoaic_article_description":"","footnotes":""},"class_list":["post-117730","page","type-page","status-publish","has-post-thumbnail","hentry"],"acf":[],"yoast_head":"<!-- This site is optimized with the Yoast SEO plugin v26.9 - https:\/\/yoast.com\/product\/yoast-seo-wordpress\/ -->\n<title>Fred - Kyrkans Utlandshj\u00e4lp<\/title>\n<meta name=\"description\" content=\"Rauha on edellytys kehitykselle ja ihmisoikeuksien toteutumiselle. KUA tukee rauhanprosesseja, dialogeja sek\u00e4 poliittisia prosesseja niin paikallisella, kansallisella kuin globaalilla tasolla.\u00a0\" \/>\n<meta name=\"robots\" content=\"index, follow, max-snippet:-1, max-image-preview:large, max-video-preview:-1\" \/>\n<link rel=\"canonical\" href=\"https:\/\/www.kirkonulkomaanapu.fi\/sv\/vart-arbete\/utvecklingssamarbetet\/fred\/\" \/>\n<meta property=\"og:locale\" content=\"sv_SE\" \/>\n<meta property=\"og:type\" content=\"article\" \/>\n<meta property=\"og:title\" content=\"Fred - Kyrkans Utlandshj\u00e4lp\" \/>\n<meta property=\"og:description\" content=\"Rauha on edellytys kehitykselle ja ihmisoikeuksien toteutumiselle. KUA tukee rauhanprosesseja, dialogeja sek\u00e4 poliittisia prosesseja niin paikallisella, kansallisella kuin globaalilla tasolla.\u00a0\" \/>\n<meta property=\"og:url\" content=\"https:\/\/www.kirkonulkomaanapu.fi\/sv\/vart-arbete\/utvecklingssamarbetet\/fred\/\" \/>\n<meta property=\"og:site_name\" content=\"Kyrkans Utlandshj\u00e4lp\" \/>\n<meta property=\"article:publisher\" content=\"https:\/\/www.facebook.com\/Ulkomaanapu\/\" \/>\n<meta property=\"article:modified_time\" content=\"2021-05-11T07:41:21+00:00\" \/>\n<meta property=\"og:image\" content=\"https:\/\/www.kirkonulkomaanapu.fi\/wp-content\/uploads\/2020\/02\/rauhantyo_2020-1024x424.jpg\" \/>\n\t<meta property=\"og:image:width\" content=\"1024\" \/>\n\t<meta property=\"og:image:height\" content=\"424\" \/>\n\t<meta property=\"og:image:type\" content=\"image\/jpeg\" \/>\n<meta name=\"twitter:label1\" content=\"Ber\u00e4knad l\u00e4stid\" \/>\n\t<meta name=\"twitter:data1\" content=\"1 minut\" \/>\n<script type=\"application\/ld+json\" class=\"yoast-schema-graph\">{\"@context\":\"https:\/\/schema.org\",\"@graph\":[{\"@type\":\"WebPage\",\"@id\":\"https:\/\/www.kirkonulkomaanapu.fi\/sv\/vart-arbete\/utvecklingssamarbetet\/fred\/\",\"url\":\"https:\/\/www.kirkonulkomaanapu.fi\/sv\/vart-arbete\/utvecklingssamarbetet\/fred\/\",\"name\":\"Fred - Kyrkans Utlandshj\u00e4lp\",\"isPartOf\":{\"@id\":\"https:\/\/www.kirkonulkomaanapu.fi\/#website\"},\"primaryImageOfPage\":{\"@id\":\"https:\/\/www.kirkonulkomaanapu.fi\/sv\/vart-arbete\/utvecklingssamarbetet\/fred\/#primaryimage\"},\"image\":{\"@id\":\"https:\/\/www.kirkonulkomaanapu.fi\/sv\/vart-arbete\/utvecklingssamarbetet\/fred\/#primaryimage\"},\"thumbnailUrl\":\"https:\/\/www.kirkonulkomaanapu.fi\/wp-content\/uploads\/2020\/02\/rauhantyo_2020.jpg\",\"datePublished\":\"2021-05-06T10:17:33+00:00\",\"dateModified\":\"2021-05-11T07:41:21+00:00\",\"description\":\"Rauha on edellytys kehitykselle ja ihmisoikeuksien toteutumiselle. KUA tukee rauhanprosesseja, dialogeja sek\u00e4 poliittisia prosesseja niin paikallisella, kansallisella kuin globaalilla tasolla.\u00a0\",\"breadcrumb\":{\"@id\":\"https:\/\/www.kirkonulkomaanapu.fi\/sv\/vart-arbete\/utvecklingssamarbetet\/fred\/#breadcrumb\"},\"inLanguage\":\"sv-SE\",\"potentialAction\":[{\"@type\":\"ReadAction\",\"target\":[\"https:\/\/www.kirkonulkomaanapu.fi\/sv\/vart-arbete\/utvecklingssamarbetet\/fred\/\"]}]},{\"@type\":\"ImageObject\",\"inLanguage\":\"sv-SE\",\"@id\":\"https:\/\/www.kirkonulkomaanapu.fi\/sv\/vart-arbete\/utvecklingssamarbetet\/fred\/#primaryimage\",\"url\":\"https:\/\/www.kirkonulkomaanapu.fi\/wp-content\/uploads\/2020\/02\/rauhantyo_2020.jpg\",\"contentUrl\":\"https:\/\/www.kirkonulkomaanapu.fi\/wp-content\/uploads\/2020\/02\/rauhantyo_2020.jpg\",\"width\":1920,\"height\":795,\"caption\":\"KUA:n rauhanty\u00f6 tukee yhteis\u00f6j\u00e4 paikallisella tasolla.\"},{\"@type\":\"BreadcrumbList\",\"@id\":\"https:\/\/www.kirkonulkomaanapu.fi\/sv\/vart-arbete\/utvecklingssamarbetet\/fred\/#breadcrumb\",\"itemListElement\":[{\"@type\":\"ListItem\",\"position\":1,\"name\":\"Home\",\"item\":\"https:\/\/www.kirkonulkomaanapu.fi\/sv\/\"},{\"@type\":\"ListItem\",\"position\":2,\"name\":\"V\u00e5rt arbete\",\"item\":\"https:\/\/www.kirkonulkomaanapu.fi\/sv\/vart-arbete\/\"},{\"@type\":\"ListItem\",\"position\":3,\"name\":\"Utvecklingssamarbetet\",\"item\":\"https:\/\/www.kirkonulkomaanapu.fi\/sv\/vart-arbete\/utvecklingssamarbetet\/\"},{\"@type\":\"ListItem\",\"position\":4,\"name\":\"Fred\"}]},{\"@type\":\"WebSite\",\"@id\":\"https:\/\/www.kirkonulkomaanapu.fi\/#website\",\"url\":\"https:\/\/www.kirkonulkomaanapu.fi\/\",\"name\":\"Kirkon Ulkomaanapu\",\"description\":\"Suomen suurin kehitysyhteisty\u00f6j\u00e4rjest\u00f6\",\"publisher\":{\"@id\":\"https:\/\/www.kirkonulkomaanapu.fi\/#organization\"},\"alternateName\":\"KUA\",\"potentialAction\":[{\"@type\":\"SearchAction\",\"target\":{\"@type\":\"EntryPoint\",\"urlTemplate\":\"https:\/\/www.kirkonulkomaanapu.fi\/?s={search_term_string}\"},\"query-input\":{\"@type\":\"PropertyValueSpecification\",\"valueRequired\":true,\"valueName\":\"search_term_string\"}}],\"inLanguage\":\"sv-SE\"},{\"@type\":\"Organization\",\"@id\":\"https:\/\/www.kirkonulkomaanapu.fi\/#organization\",\"name\":\"Kirkon Ulkomaanapu\",\"alternateName\":\"KUA\",\"url\":\"https:\/\/www.kirkonulkomaanapu.fi\/\",\"logo\":{\"@type\":\"ImageObject\",\"inLanguage\":\"sv-SE\",\"@id\":\"https:\/\/www.kirkonulkomaanapu.fi\/#\/schema\/logo\/image\/\",\"url\":\"https:\/\/www.kirkonulkomaanapu.fi\/wp-content\/uploads\/2026\/02\/Kirkon-ulkomaanapu-logo-1.png\",\"contentUrl\":\"https:\/\/www.kirkonulkomaanapu.fi\/wp-content\/uploads\/2026\/02\/Kirkon-ulkomaanapu-logo-1.png\",\"width\":225,\"height\":225,\"caption\":\"Kirkon Ulkomaanapu\"},\"image\":{\"@id\":\"https:\/\/www.kirkonulkomaanapu.fi\/#\/schema\/logo\/image\/\"},\"sameAs\":[\"https:\/\/www.facebook.com\/Ulkomaanapu\/\",\"https:\/\/www.youtube.com\/user\/kirkonulkomaanapu\",\"https:\/\/instagram.com\/kirkon_ulkomaanapu\/\",\"https:\/\/www.linkedin.com\/company\/finn-church-aid\/\"]}]}<\/script>\n<!-- \/ Yoast SEO plugin. -->","yoast_head_json":{"title":"Fred - Kyrkans Utlandshj\u00e4lp","description":"Rauha on edellytys kehitykselle ja ihmisoikeuksien toteutumiselle. KUA tukee rauhanprosesseja, dialogeja sek\u00e4 poliittisia prosesseja niin paikallisella, kansallisella kuin globaalilla tasolla.\u00a0","robots":{"index":"index","follow":"follow","max-snippet":"max-snippet:-1","max-image-preview":"max-image-preview:large","max-video-preview":"max-video-preview:-1"},"canonical":"https:\/\/www.kirkonulkomaanapu.fi\/sv\/vart-arbete\/utvecklingssamarbetet\/fred\/","og_locale":"sv_SE","og_type":"article","og_title":"Fred - Kyrkans Utlandshj\u00e4lp","og_description":"Rauha on edellytys kehitykselle ja ihmisoikeuksien toteutumiselle. KUA tukee rauhanprosesseja, dialogeja sek\u00e4 poliittisia prosesseja niin paikallisella, kansallisella kuin globaalilla tasolla.\u00a0","og_url":"https:\/\/www.kirkonulkomaanapu.fi\/sv\/vart-arbete\/utvecklingssamarbetet\/fred\/","og_site_name":"Kyrkans Utlandshj\u00e4lp","article_publisher":"https:\/\/www.facebook.com\/Ulkomaanapu\/","article_modified_time":"2021-05-11T07:41:21+00:00","og_image":[{"width":1024,"height":424,"url":"https:\/\/www.kirkonulkomaanapu.fi\/wp-content\/uploads\/2020\/02\/rauhantyo_2020-1024x424.jpg","type":"image\/jpeg"}],"twitter_misc":{"Ber\u00e4knad l\u00e4stid":"1 minut"},"schema":{"@context":"https:\/\/schema.org","@graph":[{"@type":"WebPage","@id":"https:\/\/www.kirkonulkomaanapu.fi\/sv\/vart-arbete\/utvecklingssamarbetet\/fred\/","url":"https:\/\/www.kirkonulkomaanapu.fi\/sv\/vart-arbete\/utvecklingssamarbetet\/fred\/","name":"Fred - Kyrkans Utlandshj\u00e4lp","isPartOf":{"@id":"https:\/\/www.kirkonulkomaanapu.fi\/#website"},"primaryImageOfPage":{"@id":"https:\/\/www.kirkonulkomaanapu.fi\/sv\/vart-arbete\/utvecklingssamarbetet\/fred\/#primaryimage"},"image":{"@id":"https:\/\/www.kirkonulkomaanapu.fi\/sv\/vart-arbete\/utvecklingssamarbetet\/fred\/#primaryimage"},"thumbnailUrl":"https:\/\/www.kirkonulkomaanapu.fi\/wp-content\/uploads\/2020\/02\/rauhantyo_2020.jpg","datePublished":"2021-05-06T10:17:33+00:00","dateModified":"2021-05-11T07:41:21+00:00","description":"Rauha on edellytys kehitykselle ja ihmisoikeuksien toteutumiselle. KUA tukee rauhanprosesseja, dialogeja sek\u00e4 poliittisia prosesseja niin paikallisella, kansallisella kuin globaalilla tasolla.\u00a0","breadcrumb":{"@id":"https:\/\/www.kirkonulkomaanapu.fi\/sv\/vart-arbete\/utvecklingssamarbetet\/fred\/#breadcrumb"},"inLanguage":"sv-SE","potentialAction":[{"@type":"ReadAction","target":["https:\/\/www.kirkonulkomaanapu.fi\/sv\/vart-arbete\/utvecklingssamarbetet\/fred\/"]}]},{"@type":"ImageObject","inLanguage":"sv-SE","@id":"https:\/\/www.kirkonulkomaanapu.fi\/sv\/vart-arbete\/utvecklingssamarbetet\/fred\/#primaryimage","url":"https:\/\/www.kirkonulkomaanapu.fi\/wp-content\/uploads\/2020\/02\/rauhantyo_2020.jpg","contentUrl":"https:\/\/www.kirkonulkomaanapu.fi\/wp-content\/uploads\/2020\/02\/rauhantyo_2020.jpg","width":1920,"height":795,"caption":"KUA:n rauhanty\u00f6 tukee yhteis\u00f6j\u00e4 paikallisella tasolla."},{"@type":"BreadcrumbList","@id":"https:\/\/www.kirkonulkomaanapu.fi\/sv\/vart-arbete\/utvecklingssamarbetet\/fred\/#breadcrumb","itemListElement":[{"@type":"ListItem","position":1,"name":"Home","item":"https:\/\/www.kirkonulkomaanapu.fi\/sv\/"},{"@type":"ListItem","position":2,"name":"V\u00e5rt arbete","item":"https:\/\/www.kirkonulkomaanapu.fi\/sv\/vart-arbete\/"},{"@type":"ListItem","position":3,"name":"Utvecklingssamarbetet","item":"https:\/\/www.kirkonulkomaanapu.fi\/sv\/vart-arbete\/utvecklingssamarbetet\/"},{"@type":"ListItem","position":4,"name":"Fred"}]},{"@type":"WebSite","@id":"https:\/\/www.kirkonulkomaanapu.fi\/#website","url":"https:\/\/www.kirkonulkomaanapu.fi\/","name":"Kirkon Ulkomaanapu","description":"Suomen suurin kehitysyhteisty\u00f6j\u00e4rjest\u00f6","publisher":{"@id":"https:\/\/www.kirkonulkomaanapu.fi\/#organization"},"alternateName":"KUA","potentialAction":[{"@type":"SearchAction","target":{"@type":"EntryPoint","urlTemplate":"https:\/\/www.kirkonulkomaanapu.fi\/?s={search_term_string}"},"query-input":{"@type":"PropertyValueSpecification","valueRequired":true,"valueName":"search_term_string"}}],"inLanguage":"sv-SE"},{"@type":"Organization","@id":"https:\/\/www.kirkonulkomaanapu.fi\/#organization","name":"Kirkon Ulkomaanapu","alternateName":"KUA","url":"https:\/\/www.kirkonulkomaanapu.fi\/","logo":{"@type":"ImageObject","inLanguage":"sv-SE","@id":"https:\/\/www.kirkonulkomaanapu.fi\/#\/schema\/logo\/image\/","url":"https:\/\/www.kirkonulkomaanapu.fi\/wp-content\/uploads\/2026\/02\/Kirkon-ulkomaanapu-logo-1.png","contentUrl":"https:\/\/www.kirkonulkomaanapu.fi\/wp-content\/uploads\/2026\/02\/Kirkon-ulkomaanapu-logo-1.png","width":225,"height":225,"caption":"Kirkon Ulkomaanapu"},"image":{"@id":"https:\/\/www.kirkonulkomaanapu.fi\/#\/schema\/logo\/image\/"},"sameAs":["https:\/\/www.facebook.com\/Ulkomaanapu\/","https:\/\/www.youtube.com\/user\/kirkonulkomaanapu","https:\/\/instagram.com\/kirkon_ulkomaanapu\/","https:\/\/www.linkedin.com\/company\/finn-church-aid\/"]}]}},"_links":{"self":[{"href":"https:\/\/www.kirkonulkomaanapu.fi\/sv\/wp-json\/wp\/v2\/pages\/117730","targetHints":{"allow":["GET"]}}],"collection":[{"href":"https:\/\/www.kirkonulkomaanapu.fi\/sv\/wp-json\/wp\/v2\/pages"}],"about":[{"href":"https:\/\/www.kirkonulkomaanapu.fi\/sv\/wp-json\/wp\/v2\/types\/page"}],"author":[{"embeddable":true,"href":"https:\/\/www.kirkonulkomaanapu.fi\/sv\/wp-json\/wp\/v2\/users\/146"}],"replies":[{"embeddable":true,"href":"https:\/\/www.kirkonulkomaanapu.fi\/sv\/wp-json\/wp\/v2\/comments?post=117730"}],"version-history":[{"count":3,"href":"https:\/\/www.kirkonulkomaanapu.fi\/sv\/wp-json\/wp\/v2\/pages\/117730\/revisions"}],"predecessor-version":[{"id":117752,"href":"https:\/\/www.kirkonulkomaanapu.fi\/sv\/wp-json\/wp\/v2\/pages\/117730\/revisions\/117752"}],"up":[{"embeddable":true,"href":"https:\/\/www.kirkonulkomaanapu.fi\/sv\/wp-json\/wp\/v2\/pages\/3297"}],"wp:featuredmedia":[{"embeddable":true,"href":"https:\/\/www.kirkonulkomaanapu.fi\/sv\/wp-json\/wp\/v2\/media\/107293"}],"wp:attachment":[{"href":"https:\/\/www.kirkonulkomaanapu.fi\/sv\/wp-json\/wp\/v2\/media?parent=117730"}],"curies":[{"name":"wp","href":"https:\/\/api.w.org\/{rel}","templated":true}]}}