{"id":117729,"date":"2021-05-06T13:15:56","date_gmt":"2021-05-06T10:15:56","guid":{"rendered":"https:\/\/www.kirkonulkomaanapu.fi\/vart-arbete-2021__trashed\/utvecklingssamarbetet__trashed\/koulutus\/"},"modified":"2021-05-12T13:29:56","modified_gmt":"2021-05-12T10:29:56","slug":"utbildning","status":"publish","type":"page","link":"https:\/\/www.kirkonulkomaanapu.fi\/sv\/vart-arbete\/utvecklingssamarbetet\/utbildning\/","title":{"rendered":"Utbildning"},"content":{"rendered":"\n\n\n<div class=\"block-hero full-width id-block\" style=\"background-image: url('https:\/\/www.kirkonulkomaanapu.fi\/wp-content\/uploads\/2020\/02\/Koulutus_2020-2.jpg');\">\n\n\t<div class=\"bg-mobile\" style=\"background-image: url('https:\/\/www.kirkonulkomaanapu.fi\/wp-content\/uploads\/2020\/02\/Koulutus_2020-2-1024x484.jpg');\"><\/div>\n\n\t\n\t<div class=\"curtain\"><\/div>\n\n\t<div class=\"container\">\n\t\t<div class=\"row\">\n\t\t\t<div class=\"col\">\n\t\t\t\t<div class=\"inner-blocks entry-content\">\n\t\t\t\t\t\t\t\t\t\t\t\n<h2 class=\"is-style-brush\" ><span class=\"bg\">\nUtbildning\n<\/span><\/h2><h2 class=\"is-style-brush mobile\" ><span class=\"bg\">Utbildning<\/span><\/h2>\n\n\n<p><\/p>\n\n\n\t\t\t\t\t\t\t\t\t<\/div>\n\t\t\t<\/div>\n\t\t<\/div>\n\t<\/div>\n<\/div>\n\n\n<div class=\"subpage-navigation id-block full-width\">\n    <div class=\"container-lg\">\n        <div class=\"row\">\n            <div class=\"col\">\n                <ul class=\"pages\">\n                                        <li class=\"page ancestor\">\n                        <a href=\"https:\/\/www.kirkonulkomaanapu.fi\/sv\/vart-arbete\/\">V\u00e5rt arbete<\/a>\n                    <\/li>\n                                        <li class=\"page ancestor\">\n                        <a href=\"https:\/\/www.kirkonulkomaanapu.fi\/sv\/vart-arbete\/utvecklingssamarbetet\/\">Utvecklingssamarbetet<\/a>\n                    <\/li>\n                    \n                                        <li class=\"page\">\n                        <a href=\"https:\/\/www.kirkonulkomaanapu.fi\/sv\/vart-arbete\/utvecklingssamarbetet\/fred\/\">Fred<\/a>\n                    <\/li>\n                                        <li class=\"page current\">\n                        <a href=\"https:\/\/www.kirkonulkomaanapu.fi\/sv\/vart-arbete\/utvecklingssamarbetet\/utbildning\/\">Utbildning<\/a>\n                    <\/li>\n                                        <li class=\"page\">\n                        <a href=\"https:\/\/www.kirkonulkomaanapu.fi\/sv\/vart-arbete\/utvecklingssamarbetet\/utkomst\/\">Utkomst<\/a>\n                    <\/li>\n                                    <\/ul>\n            <\/div>\n        <\/div>\n    <\/div>\n<\/div>\n\n\n\n\n\n\n<p>En av de viktigaste m\u00e5ls\u00e4ttningarna f\u00f6r v\u00e5rt arbete handlar om att barn och unga i v\u00e5ra programl\u00e4nder ska f\u00e5 g\u00e5 i skola och ta del av h\u00f6gklassig undervisning.<\/p>\n\n\n\n<p>Vi arbetar b\u00e5de med grundl\u00e4ggande utbildning och yrkesf\u00f6rberedande utbildningar. Vi utbildar l\u00e4rare med hj\u00e4lp av volont\u00e4rer via v\u00e5rt n\u00e4tverk L\u00e4rare utan gr\u00e4nser. Arbetets tyngdpunkt ligger p\u00e5 utbildningen av flyktingar eller annars utsatta barn och unga.<\/p>\n\n\n\n<h2 class=\"wp-block-heading\">Studiehandledning st\u00f6der syssels\u00e4ttning<\/h2>\n\n\n\n<p>Utbildningen b\u00f6r gynna eleverna och de lokala behoven p\u00e5 ett h\u00e5llbart s\u00e4tt. D\u00e4rf\u00f6r \u00e4r studiehandledning och arbetslivsf\u00e4rdigheter en allt viktigare del av Kyrkans Utlandshj\u00e4lps utbildningsprojekt. Vi st\u00f6der sk\u00f6ra stater att utveckla sin studiehandledning och yrkesutbildning s\u00e5 att de unga har b\u00e4ttre chanser att skaffa sig en h\u00e5llbar utkomst efter utexaminering.<\/p>\n\n\n\n<figure class=\"wp-block-embed is-type-video is-provider-youtube wp-block-embed-youtube\"><div class=\"wp-block-embed__wrapper\">\nhttps:\/\/www.youtube.com\/watch?v=1zjE_A54mIs\n<\/div><figcaption>Studiev\u00e4gledning i Kambodja st\u00f6der skolbarnens framtid<\/figcaption><\/figure>\n\n\n\n<h2 class=\"wp-block-heading\">Utbildning har m\u00e5nga f\u00f6rdelar<\/h2>\n\n\n\n<p>Utbildningsm\u00f6jligheter f\u00f6rb\u00e4ttrar samh\u00e4llenas f\u00f6ruts\u00e4ttningar att uppr\u00e4tth\u00e5lla stabilitet. I den st\u00e4ndigt f\u00f6r\u00e4nderliga v\u00e4rlden betonas vikten av utbildning eftersom det ger m\u00e4nniskor kunskap och f\u00e4rdigheter som g\u00f6r det l\u00e4ttare f\u00f6r dem att anpassa sig till omgivningens krav. F\u00f6r barn \u00e4r skolor ocks\u00e5 s\u00e4kra utrymmen speciellt d\u00e5 deras omgivning uts\u00e4tts f\u00f6r olika kriser och katastrofer. Mitt i en kris \u00e4r l\u00e4rarnas f\u00f6rm\u00e5ga att kunna erbjuda psykosocialt st\u00f6d mycket v\u00e4rdefullt.<\/p>\n\n\n\n<figure class=\"wp-block-embed is-type-video is-provider-youtube wp-block-embed-youtube\"><div class=\"wp-block-embed__wrapper\">\n<div class=\"youtube-embed\">        <div class=\"video-wrapper\">              <div class=\"consent-placeholder\"              data-category=\"cookie_cat_marketing\"              onClick=\"CookieConsent.renew()\">                 <div class=\"consent-placeholder-wrapper\">                      <div class=\"text-button-wrapper\">                        <p>Et ole hyv\u00e4ksynyt markkinoinnin ev\u00e4steit\u00e4 n\u00e4hd\u00e4ksesi videon.<\/p>                        <div>                            <button class=\"button red slim\" href=\"javascript:CookieConsent.renew()\">Muuta ev\u00e4steasetuksia<\/button>                        <\/div>                    <\/div>                <\/div>            <\/div>            <\/div>        <div class=\"video-image-oembed\" tabindex=\"0\" style=\"background-image:url('https:\/\/i.ytimg.com\/vi\/fkcwFRKQJjw\/hqdefault.jpg')\"><i class=\"fas fa-play\"><\/i><\/div><div class=\"video-container oembed oembed-youtube\" data-video=\"&lt;iframe title=&quot;\u201dHalusin vaikuttaa\u201d Opettajat ilman rajoja \u2013vapaaehtoinen Saara Turunen&quot; width=&quot;500&quot; height=&quot;281&quot; src=&quot;https:\/\/www.youtube.com\/embed\/fkcwFRKQJjw?feature=oembed&amp;rel=0&amp;rel=0&quot; frameborder=&quot;0&quot; allow=&quot;accelerometer; autoplay; clipboard-write; encrypted-media; gyroscope; picture-in-picture; web-share&quot; referrerpolicy=&quot;strict-origin-when-cross-origin&quot; allowfullscreen&gt;&lt;\/iframe&gt;\"><\/div><\/div>\n<\/div><figcaption>Saara Turunen, volont\u00e4r f\u00f6r L\u00e4rare utan gr\u00e4nser, ber\u00e4ttar om sin erfarenhet.<\/figcaption><\/figure>\n\n\n\n<h2 class=\"wp-block-heading\">Utbildning st\u00f6ds p\u00e5 flera s\u00e4tt<\/h2>\n\n\n\n<ul class=\"wp-block-list\"><li>Vi erbjuder yrkesutbildning och f\u00f6retagarutbildning s\u00e5 att unga kan bygga sig en framtid och syssels\u00e4tta sig. I KUH:s yrkesutbildningar str\u00e4var vi efter att nyutexaminerade direkt kan hoppa in i arbetslivet.<\/li><li>KUH:s arbete med utbildning i katastrofer g\u00f6rs som en del av det humanit\u00e4ra bist\u00e5ndet. I n\u00f6dsituationer tryggar det humanit\u00e4ra bist\u00e5ndet m\u00e4nniskors n\u00f6dv\u00e4ndiga behov s\u00e5som skydd och f\u00f6da. Ut\u00f6ver det f\u00f6rs\u00f6ker man se till att barnen s\u00e5 snabbt som m\u00f6jligt kan \u00e5terv\u00e4nda till skolan.<\/li><li>L\u00e4rarens yrkeskunskap \u00e4r en f\u00f6ruts\u00e4ttning f\u00f6r h\u00f6gklassig utbildning. D\u00e4rf\u00f6r \u00e4r l\u00e4rarutbildningarna en av de viktigaste pusselbitarna i v\u00e5rt utbildningsarbete. I utvecklingsl\u00e4nder f\u00f6rst\u00e4rks l\u00e4rarnas pedagogiska kunnande med st\u00f6det av n\u00e4tverket L\u00e4rare utan gr\u00e4nser.<\/li><li>Vi utvecklar v\u00e5ra partnerl\u00e4nders nationella utbildningssystem i samarbete med de lokala utbildningsministerierna. Vi har ett brett samarbete med internationella utbildningsakt\u00f6rer och FN:s organisationer s\u00e5som UNICEF och UNCHR.<\/li><\/ul>\n\n\n\n<p><\/p>\n\n\n\n\n<div class=\"block-latest-articles-from-category full-width id-block\">\n\t<div class=\"container-lg\">\n\t\t\n\t\t<div class=\"row articles\">\n\t\t\t\t\t\t\t\t\t\t<div class=\"col col-12 col-md-4\">\n\t\t\t\t\t\n<div class=\"article-card article-card__default\">\n\t<a href=\"https:\/\/www.kirkonulkomaanapu.fi\/sv\/aktuellt\/artiklar\/ukraina-behover-bade-hopp-och-skickliga-hander\/\">\n\t\t<div class=\"article-thumbnail\">\n\t\t\t\t\t\t<img decoding=\"async\" src=\"https:\/\/www.kirkonulkomaanapu.fi\/wp-content\/uploads\/2025\/11\/ukrain-tekoja-8-480x320.jpg\" alt=\"Ukraina beh\u00f6ver b\u00e5de hopp och skickliga h\u00e4nder\" loading=\"lazy\" width=\"480\" height=\"320\">\n\t\t\t\t\t<\/div>\n\t<\/a>\n\n\t<div class=\"article-meta\">\n\t\t<span>Artikeln<\/span><span>17.11.2025<\/span>\t<\/div>\n\n\t<a href=\"https:\/\/www.kirkonulkomaanapu.fi\/sv\/aktuellt\/artiklar\/ukraina-behover-bade-hopp-och-skickliga-hander\/\"><h3 class=\"article-title\">Ukraina beh\u00f6ver b\u00e5de hopp och skickliga h\u00e4nder<\/h3><\/a>\n<\/div>\t\t\t\t<\/div>\n\t\t\t\t\t\t\t<div class=\"col col-12 col-md-4\">\n\t\t\t\t\t\n<div class=\"article-card article-card__default\">\n\t<a href=\"https:\/\/www.kirkonulkomaanapu.fi\/sv\/aktuellt\/artiklar\/hon-fick-en-andra-chans\/\">\n\t\t<div class=\"article-thumbnail\">\n\t\t\t\t\t\t<img decoding=\"async\" src=\"https:\/\/www.kirkonulkomaanapu.fi\/wp-content\/uploads\/2025\/01\/YV_reppu_HERO-480x220.jpg\" alt=\"Hon fick en andra chans\u00a0\u00a0\" loading=\"lazy\" width=\"480\" height=\"220\">\n\t\t\t\t\t<\/div>\n\t<\/a>\n\n\t<div class=\"article-meta\">\n\t\t<span>Artikeln<\/span><span>2.2.2025<\/span>\t<\/div>\n\n\t<a href=\"https:\/\/www.kirkonulkomaanapu.fi\/sv\/aktuellt\/artiklar\/hon-fick-en-andra-chans\/\"><h3 class=\"article-title\">Hon fick en andra chans\u00a0\u00a0<\/h3><\/a>\n<\/div>\t\t\t\t<\/div>\n\t\t\t\t\t\t\t<div class=\"col col-12 col-md-4\">\n\t\t\t\t\t\n<div class=\"article-card article-card__default\">\n\t<a href=\"https:\/\/www.kirkonulkomaanapu.fi\/sv\/aktuellt\/artiklar\/valdet-lamnade-hjartan\/\">\n\t\t<div class=\"article-thumbnail\">\n\t\t\t\t\t\t<img decoding=\"async\" src=\"https:\/\/www.kirkonulkomaanapu.fi\/wp-content\/uploads\/2023\/02\/yhteivastuu-kipkorir-hero-2-480x220.jpg\" alt=\"V\u00e5ldet l\u00e4mnade hj\u00e4rtat\" loading=\"lazy\" width=\"480\" height=\"220\">\n\t\t\t\t\t<\/div>\n\t<\/a>\n\n\t<div class=\"article-meta\">\n\t\t<span>Artikeln<\/span><span>5.2.2023<\/span>\t<\/div>\n\n\t<a href=\"https:\/\/www.kirkonulkomaanapu.fi\/sv\/aktuellt\/artiklar\/valdet-lamnade-hjartan\/\"><h3 class=\"article-title\">V\u00e5ldet l\u00e4mnade hj\u00e4rtat<\/h3><\/a>\n<\/div>\t\t\t\t<\/div>\n\t\t\t\t\t\t\t\t<\/div>\n\n\t<\/div>\t\n<\/div>\n","protected":false},"excerpt":{"rendered":"<p>En av de viktigaste m\u00e5ls\u00e4ttningarna f\u00f6r v\u00e5rt arbete handlar om att barn och unga i v\u00e5ra programl\u00e4nder ska f\u00e5 g\u00e5 i skola och ta del av h\u00f6gklassig undervisning. Vi arbetar b\u00e5de med grundl\u00e4ggande utbildning och yrkesf\u00f6rberedande utbildningar. Vi utbildar l\u00e4rare med hj\u00e4lp av volont\u00e4rer via v\u00e5rt n\u00e4tverk L\u00e4rare utan gr\u00e4nser. Arbetets tyngdpunkt ligger p\u00e5 utbildningen [&hellip;]<\/p>\n","protected":false},"author":146,"featured_media":107290,"parent":3297,"menu_order":1,"comment_status":"closed","ping_status":"closed","template":"","meta":{"_acf_changed":false,"_relevanssi_hide_post":"","_relevanssi_hide_content":"","_relevanssi_pin_for_all":"on","_relevanssi_pin_keywords":"","_relevanssi_unpin_keywords":"","_relevanssi_related_keywords":"","_relevanssi_related_include_ids":"","_relevanssi_related_exclude_ids":"","_relevanssi_related_no_append":"","_relevanssi_related_not_related":"","_relevanssi_related_posts":"114351,112404,108043,109979,112164,114064","_relevanssi_noindex_reason":"","_improvement_type_select":"improve_an_existing","_thumb_yes_seoaic":false,"_frame_yes_seoaic":false,"seoaic_generate_description":"","seoaic_improve_instructions_prompt":"","seoaic_rollback_content_improvement":"","seoaic_idea_thumbnail_generator":"","thumbnail_generated":false,"thumbnail_generate_prompt":"","seoaic_article_description":"","footnotes":""},"class_list":["post-117729","page","type-page","status-publish","has-post-thumbnail","hentry"],"acf":[],"yoast_head":"<!-- This site is optimized with the Yoast SEO plugin v26.9 - https:\/\/yoast.com\/product\/yoast-seo-wordpress\/ -->\n<title>Utbildning - Kyrkans Utlandshj\u00e4lp<\/title>\n<meta name=\"description\" content=\"Koulutus on avain toimeentuloon ja edellytys yhteiskuntien vakaudelle. Ilman koulutusta kest\u00e4v\u00e4n kehityksen tavoitteet eiv\u00e4t toteudu.\" \/>\n<meta name=\"robots\" content=\"index, follow, max-snippet:-1, max-image-preview:large, max-video-preview:-1\" \/>\n<link rel=\"canonical\" href=\"https:\/\/www.kirkonulkomaanapu.fi\/sv\/vart-arbete\/utvecklingssamarbetet\/utbildning\/\" \/>\n<meta property=\"og:locale\" content=\"sv_SE\" \/>\n<meta property=\"og:type\" content=\"article\" \/>\n<meta property=\"og:title\" content=\"Utbildning - Kyrkans Utlandshj\u00e4lp\" \/>\n<meta property=\"og:description\" content=\"Koulutus on avain toimeentuloon ja edellytys yhteiskuntien vakaudelle. Ilman koulutusta kest\u00e4v\u00e4n kehityksen tavoitteet eiv\u00e4t toteudu.\" \/>\n<meta property=\"og:url\" content=\"https:\/\/www.kirkonulkomaanapu.fi\/sv\/vart-arbete\/utvecklingssamarbetet\/utbildning\/\" \/>\n<meta property=\"og:site_name\" content=\"Kyrkans Utlandshj\u00e4lp\" \/>\n<meta property=\"article:publisher\" content=\"https:\/\/www.facebook.com\/Ulkomaanapu\/\" \/>\n<meta property=\"article:modified_time\" content=\"2021-05-12T10:29:56+00:00\" \/>\n<meta property=\"og:image\" content=\"https:\/\/www.kirkonulkomaanapu.fi\/wp-content\/uploads\/2020\/02\/Koulutus_2020-2.jpg\" \/>\n\t<meta property=\"og:image:width\" content=\"1920\" \/>\n\t<meta property=\"og:image:height\" content=\"907\" \/>\n\t<meta property=\"og:image:type\" content=\"image\/jpeg\" \/>\n<meta name=\"twitter:label1\" content=\"Ber\u00e4knad l\u00e4stid\" \/>\n\t<meta name=\"twitter:data1\" content=\"2 minuter\" \/>\n<script type=\"application\/ld+json\" class=\"yoast-schema-graph\">{\"@context\":\"https:\/\/schema.org\",\"@graph\":[{\"@type\":\"WebPage\",\"@id\":\"https:\/\/www.kirkonulkomaanapu.fi\/sv\/vart-arbete\/utvecklingssamarbetet\/utbildning\/\",\"url\":\"https:\/\/www.kirkonulkomaanapu.fi\/sv\/vart-arbete\/utvecklingssamarbetet\/utbildning\/\",\"name\":\"Utbildning - Kyrkans Utlandshj\u00e4lp\",\"isPartOf\":{\"@id\":\"https:\/\/www.kirkonulkomaanapu.fi\/#website\"},\"primaryImageOfPage\":{\"@id\":\"https:\/\/www.kirkonulkomaanapu.fi\/sv\/vart-arbete\/utvecklingssamarbetet\/utbildning\/#primaryimage\"},\"image\":{\"@id\":\"https:\/\/www.kirkonulkomaanapu.fi\/sv\/vart-arbete\/utvecklingssamarbetet\/utbildning\/#primaryimage\"},\"thumbnailUrl\":\"https:\/\/www.kirkonulkomaanapu.fi\/wp-content\/uploads\/2020\/02\/Koulutus_2020-2.jpg\",\"datePublished\":\"2021-05-06T10:15:56+00:00\",\"dateModified\":\"2021-05-12T10:29:56+00:00\",\"description\":\"Koulutus on avain toimeentuloon ja edellytys yhteiskuntien vakaudelle. Ilman koulutusta kest\u00e4v\u00e4n kehityksen tavoitteet eiv\u00e4t toteudu.\",\"breadcrumb\":{\"@id\":\"https:\/\/www.kirkonulkomaanapu.fi\/sv\/vart-arbete\/utvecklingssamarbetet\/utbildning\/#breadcrumb\"},\"inLanguage\":\"sv-SE\",\"potentialAction\":[{\"@type\":\"ReadAction\",\"target\":[\"https:\/\/www.kirkonulkomaanapu.fi\/sv\/vart-arbete\/utvecklingssamarbetet\/utbildning\/\"]}]},{\"@type\":\"ImageObject\",\"inLanguage\":\"sv-SE\",\"@id\":\"https:\/\/www.kirkonulkomaanapu.fi\/sv\/vart-arbete\/utvecklingssamarbetet\/utbildning\/#primaryimage\",\"url\":\"https:\/\/www.kirkonulkomaanapu.fi\/wp-content\/uploads\/2020\/02\/Koulutus_2020-2.jpg\",\"contentUrl\":\"https:\/\/www.kirkonulkomaanapu.fi\/wp-content\/uploads\/2020\/02\/Koulutus_2020-2.jpg\",\"width\":1920,\"height\":907,\"caption\":\"KUA:n kehitysyhteisty\u00f6 tukee laadukasta koulutusta kehittyviss\u00e4 maissa.\"},{\"@type\":\"BreadcrumbList\",\"@id\":\"https:\/\/www.kirkonulkomaanapu.fi\/sv\/vart-arbete\/utvecklingssamarbetet\/utbildning\/#breadcrumb\",\"itemListElement\":[{\"@type\":\"ListItem\",\"position\":1,\"name\":\"Home\",\"item\":\"https:\/\/www.kirkonulkomaanapu.fi\/sv\/\"},{\"@type\":\"ListItem\",\"position\":2,\"name\":\"V\u00e5rt arbete\",\"item\":\"https:\/\/www.kirkonulkomaanapu.fi\/sv\/vart-arbete\/\"},{\"@type\":\"ListItem\",\"position\":3,\"name\":\"Utvecklingssamarbetet\",\"item\":\"https:\/\/www.kirkonulkomaanapu.fi\/sv\/vart-arbete\/utvecklingssamarbetet\/\"},{\"@type\":\"ListItem\",\"position\":4,\"name\":\"Utbildning\"}]},{\"@type\":\"WebSite\",\"@id\":\"https:\/\/www.kirkonulkomaanapu.fi\/#website\",\"url\":\"https:\/\/www.kirkonulkomaanapu.fi\/\",\"name\":\"Kirkon Ulkomaanapu\",\"description\":\"Suomen suurin kehitysyhteisty\u00f6j\u00e4rjest\u00f6\",\"publisher\":{\"@id\":\"https:\/\/www.kirkonulkomaanapu.fi\/#organization\"},\"alternateName\":\"KUA\",\"potentialAction\":[{\"@type\":\"SearchAction\",\"target\":{\"@type\":\"EntryPoint\",\"urlTemplate\":\"https:\/\/www.kirkonulkomaanapu.fi\/?s={search_term_string}\"},\"query-input\":{\"@type\":\"PropertyValueSpecification\",\"valueRequired\":true,\"valueName\":\"search_term_string\"}}],\"inLanguage\":\"sv-SE\"},{\"@type\":\"Organization\",\"@id\":\"https:\/\/www.kirkonulkomaanapu.fi\/#organization\",\"name\":\"Kirkon Ulkomaanapu\",\"alternateName\":\"KUA\",\"url\":\"https:\/\/www.kirkonulkomaanapu.fi\/\",\"logo\":{\"@type\":\"ImageObject\",\"inLanguage\":\"sv-SE\",\"@id\":\"https:\/\/www.kirkonulkomaanapu.fi\/#\/schema\/logo\/image\/\",\"url\":\"https:\/\/www.kirkonulkomaanapu.fi\/wp-content\/uploads\/2026\/02\/Kirkon-ulkomaanapu-logo-1.png\",\"contentUrl\":\"https:\/\/www.kirkonulkomaanapu.fi\/wp-content\/uploads\/2026\/02\/Kirkon-ulkomaanapu-logo-1.png\",\"width\":225,\"height\":225,\"caption\":\"Kirkon Ulkomaanapu\"},\"image\":{\"@id\":\"https:\/\/www.kirkonulkomaanapu.fi\/#\/schema\/logo\/image\/\"},\"sameAs\":[\"https:\/\/www.facebook.com\/Ulkomaanapu\/\",\"https:\/\/www.youtube.com\/user\/kirkonulkomaanapu\",\"https:\/\/instagram.com\/kirkon_ulkomaanapu\/\",\"https:\/\/www.linkedin.com\/company\/finn-church-aid\/\"]}]}<\/script>\n<!-- \/ Yoast SEO plugin. -->","yoast_head_json":{"title":"Utbildning - Kyrkans Utlandshj\u00e4lp","description":"Koulutus on avain toimeentuloon ja edellytys yhteiskuntien vakaudelle. Ilman koulutusta kest\u00e4v\u00e4n kehityksen tavoitteet eiv\u00e4t toteudu.","robots":{"index":"index","follow":"follow","max-snippet":"max-snippet:-1","max-image-preview":"max-image-preview:large","max-video-preview":"max-video-preview:-1"},"canonical":"https:\/\/www.kirkonulkomaanapu.fi\/sv\/vart-arbete\/utvecklingssamarbetet\/utbildning\/","og_locale":"sv_SE","og_type":"article","og_title":"Utbildning - Kyrkans Utlandshj\u00e4lp","og_description":"Koulutus on avain toimeentuloon ja edellytys yhteiskuntien vakaudelle. Ilman koulutusta kest\u00e4v\u00e4n kehityksen tavoitteet eiv\u00e4t toteudu.","og_url":"https:\/\/www.kirkonulkomaanapu.fi\/sv\/vart-arbete\/utvecklingssamarbetet\/utbildning\/","og_site_name":"Kyrkans Utlandshj\u00e4lp","article_publisher":"https:\/\/www.facebook.com\/Ulkomaanapu\/","article_modified_time":"2021-05-12T10:29:56+00:00","og_image":[{"width":1920,"height":907,"url":"https:\/\/www.kirkonulkomaanapu.fi\/wp-content\/uploads\/2020\/02\/Koulutus_2020-2.jpg","type":"image\/jpeg"}],"twitter_misc":{"Ber\u00e4knad l\u00e4stid":"2 minuter"},"schema":{"@context":"https:\/\/schema.org","@graph":[{"@type":"WebPage","@id":"https:\/\/www.kirkonulkomaanapu.fi\/sv\/vart-arbete\/utvecklingssamarbetet\/utbildning\/","url":"https:\/\/www.kirkonulkomaanapu.fi\/sv\/vart-arbete\/utvecklingssamarbetet\/utbildning\/","name":"Utbildning - Kyrkans Utlandshj\u00e4lp","isPartOf":{"@id":"https:\/\/www.kirkonulkomaanapu.fi\/#website"},"primaryImageOfPage":{"@id":"https:\/\/www.kirkonulkomaanapu.fi\/sv\/vart-arbete\/utvecklingssamarbetet\/utbildning\/#primaryimage"},"image":{"@id":"https:\/\/www.kirkonulkomaanapu.fi\/sv\/vart-arbete\/utvecklingssamarbetet\/utbildning\/#primaryimage"},"thumbnailUrl":"https:\/\/www.kirkonulkomaanapu.fi\/wp-content\/uploads\/2020\/02\/Koulutus_2020-2.jpg","datePublished":"2021-05-06T10:15:56+00:00","dateModified":"2021-05-12T10:29:56+00:00","description":"Koulutus on avain toimeentuloon ja edellytys yhteiskuntien vakaudelle. Ilman koulutusta kest\u00e4v\u00e4n kehityksen tavoitteet eiv\u00e4t toteudu.","breadcrumb":{"@id":"https:\/\/www.kirkonulkomaanapu.fi\/sv\/vart-arbete\/utvecklingssamarbetet\/utbildning\/#breadcrumb"},"inLanguage":"sv-SE","potentialAction":[{"@type":"ReadAction","target":["https:\/\/www.kirkonulkomaanapu.fi\/sv\/vart-arbete\/utvecklingssamarbetet\/utbildning\/"]}]},{"@type":"ImageObject","inLanguage":"sv-SE","@id":"https:\/\/www.kirkonulkomaanapu.fi\/sv\/vart-arbete\/utvecklingssamarbetet\/utbildning\/#primaryimage","url":"https:\/\/www.kirkonulkomaanapu.fi\/wp-content\/uploads\/2020\/02\/Koulutus_2020-2.jpg","contentUrl":"https:\/\/www.kirkonulkomaanapu.fi\/wp-content\/uploads\/2020\/02\/Koulutus_2020-2.jpg","width":1920,"height":907,"caption":"KUA:n kehitysyhteisty\u00f6 tukee laadukasta koulutusta kehittyviss\u00e4 maissa."},{"@type":"BreadcrumbList","@id":"https:\/\/www.kirkonulkomaanapu.fi\/sv\/vart-arbete\/utvecklingssamarbetet\/utbildning\/#breadcrumb","itemListElement":[{"@type":"ListItem","position":1,"name":"Home","item":"https:\/\/www.kirkonulkomaanapu.fi\/sv\/"},{"@type":"ListItem","position":2,"name":"V\u00e5rt arbete","item":"https:\/\/www.kirkonulkomaanapu.fi\/sv\/vart-arbete\/"},{"@type":"ListItem","position":3,"name":"Utvecklingssamarbetet","item":"https:\/\/www.kirkonulkomaanapu.fi\/sv\/vart-arbete\/utvecklingssamarbetet\/"},{"@type":"ListItem","position":4,"name":"Utbildning"}]},{"@type":"WebSite","@id":"https:\/\/www.kirkonulkomaanapu.fi\/#website","url":"https:\/\/www.kirkonulkomaanapu.fi\/","name":"Kirkon Ulkomaanapu","description":"Suomen suurin kehitysyhteisty\u00f6j\u00e4rjest\u00f6","publisher":{"@id":"https:\/\/www.kirkonulkomaanapu.fi\/#organization"},"alternateName":"KUA","potentialAction":[{"@type":"SearchAction","target":{"@type":"EntryPoint","urlTemplate":"https:\/\/www.kirkonulkomaanapu.fi\/?s={search_term_string}"},"query-input":{"@type":"PropertyValueSpecification","valueRequired":true,"valueName":"search_term_string"}}],"inLanguage":"sv-SE"},{"@type":"Organization","@id":"https:\/\/www.kirkonulkomaanapu.fi\/#organization","name":"Kirkon Ulkomaanapu","alternateName":"KUA","url":"https:\/\/www.kirkonulkomaanapu.fi\/","logo":{"@type":"ImageObject","inLanguage":"sv-SE","@id":"https:\/\/www.kirkonulkomaanapu.fi\/#\/schema\/logo\/image\/","url":"https:\/\/www.kirkonulkomaanapu.fi\/wp-content\/uploads\/2026\/02\/Kirkon-ulkomaanapu-logo-1.png","contentUrl":"https:\/\/www.kirkonulkomaanapu.fi\/wp-content\/uploads\/2026\/02\/Kirkon-ulkomaanapu-logo-1.png","width":225,"height":225,"caption":"Kirkon Ulkomaanapu"},"image":{"@id":"https:\/\/www.kirkonulkomaanapu.fi\/#\/schema\/logo\/image\/"},"sameAs":["https:\/\/www.facebook.com\/Ulkomaanapu\/","https:\/\/www.youtube.com\/user\/kirkonulkomaanapu","https:\/\/instagram.com\/kirkon_ulkomaanapu\/","https:\/\/www.linkedin.com\/company\/finn-church-aid\/"]}]}},"_links":{"self":[{"href":"https:\/\/www.kirkonulkomaanapu.fi\/sv\/wp-json\/wp\/v2\/pages\/117729","targetHints":{"allow":["GET"]}}],"collection":[{"href":"https:\/\/www.kirkonulkomaanapu.fi\/sv\/wp-json\/wp\/v2\/pages"}],"about":[{"href":"https:\/\/www.kirkonulkomaanapu.fi\/sv\/wp-json\/wp\/v2\/types\/page"}],"author":[{"embeddable":true,"href":"https:\/\/www.kirkonulkomaanapu.fi\/sv\/wp-json\/wp\/v2\/users\/146"}],"replies":[{"embeddable":true,"href":"https:\/\/www.kirkonulkomaanapu.fi\/sv\/wp-json\/wp\/v2\/comments?post=117729"}],"version-history":[{"count":2,"href":"https:\/\/www.kirkonulkomaanapu.fi\/sv\/wp-json\/wp\/v2\/pages\/117729\/revisions"}],"predecessor-version":[{"id":118041,"href":"https:\/\/www.kirkonulkomaanapu.fi\/sv\/wp-json\/wp\/v2\/pages\/117729\/revisions\/118041"}],"up":[{"embeddable":true,"href":"https:\/\/www.kirkonulkomaanapu.fi\/sv\/wp-json\/wp\/v2\/pages\/3297"}],"wp:featuredmedia":[{"embeddable":true,"href":"https:\/\/www.kirkonulkomaanapu.fi\/sv\/wp-json\/wp\/v2\/media\/107290"}],"wp:attachment":[{"href":"https:\/\/www.kirkonulkomaanapu.fi\/sv\/wp-json\/wp\/v2\/media?parent=117729"}],"curies":[{"name":"wp","href":"https:\/\/api.w.org\/{rel}","templated":true}]}}