{"id":116383,"date":"2021-05-10T16:18:08","date_gmt":"2021-05-10T13:18:08","guid":{"rendered":"https:\/\/www.kirkonulkomaanapu.fi\/?page_id=116383"},"modified":"2026-03-31T13:40:44","modified_gmt":"2026-03-31T10:40:44","slug":"om-oss","status":"publish","type":"page","link":"https:\/\/www.kirkonulkomaanapu.fi\/sv\/om-oss\/","title":{"rendered":"Om oss"},"content":{"rendered":"\n\n\n<div class=\"block-hero full-width id-block\" style=\"background-image: url('https:\/\/www.kirkonulkomaanapu.fi\/wp-content\/uploads\/2021\/05\/KUA-scaled.jpg');\">\n\n\t<div class=\"bg-mobile\" style=\"background-image: url('https:\/\/www.kirkonulkomaanapu.fi\/wp-content\/uploads\/2021\/05\/KUA-1024x683.jpg');\"><\/div>\n\n\t\n\t<div class=\"curtain\"><\/div>\n\n\t<div class=\"container\">\n\t\t<div class=\"row\">\n\t\t\t<div class=\"col\">\n\t\t\t\t<div class=\"inner-blocks entry-content\">\n\t\t\t\t\t\t\t\t\t\t\t\n<h2 class=\"is-style-brush\" ><span class=\"bg\">\nKyrkans <span class=\"is-highlighted\">Utlandshj\u00e4lp<\/span>\n<\/span><\/h2><h2 class=\"is-style-brush mobile\" ><span class=\"bg\">Kyrkans<\/span><span class=\"is-highlighted\"><span class=\"bg\">Utlandshj\u00e4lp<\/span><\/span><\/h2>\n\n\n<p><\/p>\n\n\n\t\t\t\t\t\t\t\t\t<\/div>\n\t\t\t<\/div>\n\t\t<\/div>\n\t<\/div>\n<\/div>\n\n\n<div class=\"subpage-navigation id-block full-width\">\n    <div class=\"container-lg\">\n        <div class=\"row\">\n            <div class=\"col\">\n                <ul class=\"pages\">\n                                        <li class=\"page ancestor current\">\n                        <a href=\"https:\/\/www.kirkonulkomaanapu.fi\/sv\/om-oss\/\">Om oss<\/a>\n                    <\/li>\n                    \n                                        <li class=\"page\">\n                        <a href=\"https:\/\/www.kirkonulkomaanapu.fi\/sv\/om-oss\/styrelsen-och-ekonomin\/\">Ekonomin<\/a>\n                    <\/li>\n                                        <li class=\"page\">\n                        <a href=\"https:\/\/www.kirkonulkomaanapu.fi\/sv\/om-oss\/historia\/\">Historia<\/a>\n                    <\/li>\n                                        <li class=\"page\">\n                        <a href=\"https:\/\/www.kirkonulkomaanapu.fi\/sv\/om-oss\/kvalitet-och-ansvar\/\">Kvalitet och ansvar<\/a>\n                    <\/li>\n                                        <li class=\"page\">\n                        <a href=\"https:\/\/www.kirkonulkomaanapu.fi\/sv\/om-oss\/rekrytering\/\">Rekrytering<\/a>\n                    <\/li>\n                                        <li class=\"page\">\n                        <a href=\"https:\/\/www.kirkonulkomaanapu.fi\/sv\/om-oss\/natverk\/\">Samarbetsn\u00e4tverk<\/a>\n                    <\/li>\n                                        <li class=\"page\">\n                        <a href=\"https:\/\/www.kirkonulkomaanapu.fi\/sv\/om-oss\/vanliga-fragor\/\">Vanliga fr\u00e5gor<\/a>\n                    <\/li>\n                                    <\/ul>\n            <\/div>\n        <\/div>\n    <\/div>\n<\/div>\n\n\n\n\n\n\n<p>Kyrkans Utlandshj\u00e4lp grundades \u00e5r 1947 och \u00e4r Finlands st\u00f6rsta givare av internationellt bist\u00e5nd. Vi \u00e4r utrikesministeriets partnerorganisation och stiftande medlem i kyrkornas internationella bist\u00e5ndsn\u00e4tverk ACT-alliansen.<\/p>\n\n\n\n<p>KUH \u00e4r en tros- och r\u00e4ttighetsbaserad organisation. L\u00e4s mer om Kyrkans Utlandshj\u00e4lps <a href=\"https:\/\/www.kirkonulkomaanapu.fi\/wp-content\/uploads\/2020\/08\/KUA_tp_sv_2020.pdf\">teologiska grund<\/a>.<\/p>\n\n\n\n<p>Kyrkans Utlandshj\u00e4lps verksamhet styrs av gemensamma v\u00e4rderingar.<\/p>\n\n\n\n<h3 class=\"wp-block-heading\">Villkorl\u00f6s k\u00e4rlek till n\u00e4stan<\/h3>\n\n\n\n<p>Vi fr\u00e4mjar de m\u00e4nskliga r\u00e4ttigheterna och respekterar och v\u00e4rdes\u00e4tter alla m\u00e4nniskor.<\/p>\n\n\n\n<p>Vi litar p\u00e5 v\u00e5ra samarbetsparter och l\u00e4r oss tillsammans. Vi uppskattar olikheter och skapar kontakter mellan m\u00e4nniskor som t\u00e4nker olika.<\/p>\n\n\n\n<h3 class=\"wp-block-heading\">Orubbligt hopp<\/h3>\n\n\n\n<p>Vi verkar l\u00e5ngsiktigt och f\u00f6rbinder oss att tillsammans arbeta f\u00f6r att uppn\u00e5 v\u00e5ra m\u00e5l. Vi nedsl\u00e5s inte av motg\u00e5ngar och gl\u00e4der oss n\u00e4r utveckling sker.<\/p>\n\n\n\n<h3 class=\"wp-block-heading\">Mod<\/h3>\n\n\n\n<p>Vi \u00e4r modiga i v\u00e5r str\u00e4van att \u00e5stadkomma f\u00f6r\u00e4ndring. Vi v\u00e5gar ifr\u00e5gas\u00e4tta etablerad praxis&nbsp;och&nbsp;p\u00e5tala or\u00e4ttvisa &nbsp;maktstrukturer f\u00f6r att uppn\u00e5 v\u00e5ra m\u00e5l.<\/p>\n\n\n\n<h3 class=\"wp-block-heading\">Respekt<\/h3>\n\n\n\n<p>Vi respekterar varandra och varandras \u00f6vertygelser. Vi respekterar de samfund och gemenskaper vi arbetar med. Vi v\u00e4rdes\u00e4tter resurserna vi f\u00e5tt i g\u00e5va och vi str\u00e4var att anv\u00e4nda dem effektivt och \u00f6ppet. Vi str\u00e4var till \u00f6msesidig inl\u00e4rning med v\u00e5ra samarbetspartner.<\/p>\n\n\n\n<h3 class=\"wp-block-heading\">Mission<\/h3>\n\n\n\n<p>Vi jobbar f\u00f6r m\u00e4nniskov\u00e4rdet.<\/p>\n\n\n\n<h3 class=\"wp-block-heading\">Vision<\/h3>\n\n\n\n<p>Vi arbetar d\u00e4r n\u00f6den \u00e4r som st\u00f6rst. V\u00e5r vision \u00e4r en v\u00e4rld med resilienta och r\u00e4ttvisa samh\u00e4llen d\u00e4r allas r\u00e4tt till fred, h\u00f6gklassig utbildning och h\u00e5llbar utkomst uppfylls. Vi arbetar med de allra fattigaste m\u00e4nniskorna oberoende av deras religion, etnicitet eller politiska \u00f6vertygelse.<\/p>\n\n\n\n<div class=\"wp-block-buttons is-layout-flex wp-block-buttons-is-layout-flex\">\n<div class=\"wp-block-button\"><a class=\"wp-block-button__link wp-element-button\" href=\"https:\/\/www.kirkonulkomaanapu.fi\/wp-content\/uploads\/2024\/03\/FCA_Global-Strategy_2022-onwards_web_20240307.pdf\">KUH Global strategi<\/a><\/div>\n<\/div>\n","protected":false},"excerpt":{"rendered":"<p>Kyrkans Utlandshj\u00e4lp grundades \u00e5r 1947 och \u00e4r Finlands st\u00f6rsta givare av internationellt bist\u00e5nd. Vi \u00e4r utrikesministeriets partnerorganisation och stiftande medlem i kyrkornas internationella bist\u00e5ndsn\u00e4tverk ACT-alliansen. KUH \u00e4r en tros- och r\u00e4ttighetsbaserad organisation. L\u00e4s mer om Kyrkans Utlandshj\u00e4lps teologiska grund. Kyrkans Utlandshj\u00e4lps verksamhet styrs av gemensamma v\u00e4rderingar. Villkorl\u00f6s k\u00e4rlek till n\u00e4stan Vi fr\u00e4mjar de m\u00e4nskliga r\u00e4ttigheterna [&hellip;]<\/p>\n","protected":false},"author":146,"featured_media":0,"parent":0,"menu_order":500,"comment_status":"closed","ping_status":"closed","template":"","meta":{"_acf_changed":false,"_relevanssi_hide_post":"","_relevanssi_hide_content":"","_relevanssi_pin_for_all":"","_relevanssi_pin_keywords":"","_relevanssi_unpin_keywords":"","_relevanssi_related_keywords":"","_relevanssi_related_include_ids":"","_relevanssi_related_exclude_ids":"","_relevanssi_related_no_append":"","_relevanssi_related_not_related":"","_relevanssi_related_posts":"89500,108131,63644","_relevanssi_noindex_reason":"","_improvement_type_select":"improve_an_existing","_thumb_yes_seoaic":false,"_frame_yes_seoaic":false,"seoaic_generate_description":"","seoaic_improve_instructions_prompt":"","seoaic_rollback_content_improvement":"","seoaic_idea_thumbnail_generator":"","thumbnail_generated":false,"thumbnail_generate_prompt":"","seoaic_article_description":"","footnotes":""},"class_list":["post-116383","page","type-page","status-publish","hentry"],"acf":[],"yoast_head":"<!-- This site is optimized with the Yoast SEO plugin v26.9 - https:\/\/yoast.com\/product\/yoast-seo-wordpress\/ -->\n<title>Om oss - Kyrkans Utlandhj\u00e4lp - Jobb f\u00f6r m\u00e4nniskov\u00e4rdet<\/title>\n<meta name=\"description\" content=\"Kyrkans Utlandshj\u00e4lp \u00e4r Finlands st\u00f6rsta utvecklingssamarbetsorganisation och den n\u00e4stst\u00f6rsta givaren av humanit\u00e4rt bist\u00e5nd.\" \/>\n<meta name=\"robots\" content=\"index, follow, max-snippet:-1, max-image-preview:large, max-video-preview:-1\" \/>\n<link rel=\"canonical\" href=\"https:\/\/www.kirkonulkomaanapu.fi\/sv\/om-oss\/\" \/>\n<meta property=\"og:locale\" content=\"sv_SE\" \/>\n<meta property=\"og:type\" content=\"article\" \/>\n<meta property=\"og:title\" content=\"Om oss - Kyrkans Utlandhj\u00e4lp - Jobb f\u00f6r m\u00e4nniskov\u00e4rdet\" \/>\n<meta property=\"og:description\" content=\"Kyrkans Utlandshj\u00e4lp \u00e4r Finlands st\u00f6rsta utvecklingssamarbetsorganisation och den n\u00e4stst\u00f6rsta givaren av humanit\u00e4rt bist\u00e5nd.\" \/>\n<meta property=\"og:url\" content=\"https:\/\/www.kirkonulkomaanapu.fi\/sv\/om-oss\/\" \/>\n<meta property=\"og:site_name\" content=\"Kyrkans Utlandshj\u00e4lp\" \/>\n<meta property=\"article:publisher\" content=\"https:\/\/www.facebook.com\/Ulkomaanapu\/\" \/>\n<meta property=\"article:modified_time\" content=\"2026-03-31T10:40:44+00:00\" \/>\n<meta property=\"og:image\" content=\"https:\/\/www.kirkonulkomaanapu.fi\/wp-content\/uploads\/2026\/02\/Kirkon-ulkomaanapu-logo.png\" \/>\n\t<meta property=\"og:image:width\" content=\"225\" \/>\n\t<meta property=\"og:image:height\" content=\"225\" \/>\n\t<meta property=\"og:image:type\" content=\"image\/png\" \/>\n<meta name=\"twitter:label1\" content=\"Ber\u00e4knad l\u00e4stid\" \/>\n\t<meta name=\"twitter:data1\" content=\"2 minuter\" \/>\n<script type=\"application\/ld+json\" class=\"yoast-schema-graph\">{\"@context\":\"https:\/\/schema.org\",\"@graph\":[{\"@type\":\"WebPage\",\"@id\":\"https:\/\/www.kirkonulkomaanapu.fi\/sv\/om-oss\/\",\"url\":\"https:\/\/www.kirkonulkomaanapu.fi\/sv\/om-oss\/\",\"name\":\"Om oss - Kyrkans Utlandhj\u00e4lp - Jobb f\u00f6r m\u00e4nniskov\u00e4rdet\",\"isPartOf\":{\"@id\":\"https:\/\/www.kirkonulkomaanapu.fi\/#website\"},\"datePublished\":\"2021-05-10T13:18:08+00:00\",\"dateModified\":\"2026-03-31T10:40:44+00:00\",\"description\":\"Kyrkans Utlandshj\u00e4lp \u00e4r Finlands st\u00f6rsta utvecklingssamarbetsorganisation och den n\u00e4stst\u00f6rsta givaren av humanit\u00e4rt bist\u00e5nd.\",\"breadcrumb\":{\"@id\":\"https:\/\/www.kirkonulkomaanapu.fi\/sv\/om-oss\/#breadcrumb\"},\"inLanguage\":\"sv-SE\",\"potentialAction\":[{\"@type\":\"ReadAction\",\"target\":[\"https:\/\/www.kirkonulkomaanapu.fi\/sv\/om-oss\/\"]}]},{\"@type\":\"BreadcrumbList\",\"@id\":\"https:\/\/www.kirkonulkomaanapu.fi\/sv\/om-oss\/#breadcrumb\",\"itemListElement\":[{\"@type\":\"ListItem\",\"position\":1,\"name\":\"Home\",\"item\":\"https:\/\/www.kirkonulkomaanapu.fi\/sv\/\"},{\"@type\":\"ListItem\",\"position\":2,\"name\":\"Om oss\"}]},{\"@type\":\"WebSite\",\"@id\":\"https:\/\/www.kirkonulkomaanapu.fi\/#website\",\"url\":\"https:\/\/www.kirkonulkomaanapu.fi\/\",\"name\":\"Kirkon Ulkomaanapu\",\"description\":\"Suomen suurin kehitysyhteisty\u00f6j\u00e4rjest\u00f6\",\"publisher\":{\"@id\":\"https:\/\/www.kirkonulkomaanapu.fi\/#organization\"},\"alternateName\":\"KUA\",\"potentialAction\":[{\"@type\":\"SearchAction\",\"target\":{\"@type\":\"EntryPoint\",\"urlTemplate\":\"https:\/\/www.kirkonulkomaanapu.fi\/?s={search_term_string}\"},\"query-input\":{\"@type\":\"PropertyValueSpecification\",\"valueRequired\":true,\"valueName\":\"search_term_string\"}}],\"inLanguage\":\"sv-SE\"},{\"@type\":\"Organization\",\"@id\":\"https:\/\/www.kirkonulkomaanapu.fi\/#organization\",\"name\":\"Kirkon Ulkomaanapu\",\"alternateName\":\"KUA\",\"url\":\"https:\/\/www.kirkonulkomaanapu.fi\/\",\"logo\":{\"@type\":\"ImageObject\",\"inLanguage\":\"sv-SE\",\"@id\":\"https:\/\/www.kirkonulkomaanapu.fi\/#\/schema\/logo\/image\/\",\"url\":\"https:\/\/www.kirkonulkomaanapu.fi\/wp-content\/uploads\/2026\/02\/Kirkon-ulkomaanapu-logo-1.png\",\"contentUrl\":\"https:\/\/www.kirkonulkomaanapu.fi\/wp-content\/uploads\/2026\/02\/Kirkon-ulkomaanapu-logo-1.png\",\"width\":225,\"height\":225,\"caption\":\"Kirkon Ulkomaanapu\"},\"image\":{\"@id\":\"https:\/\/www.kirkonulkomaanapu.fi\/#\/schema\/logo\/image\/\"},\"sameAs\":[\"https:\/\/www.facebook.com\/Ulkomaanapu\/\",\"https:\/\/www.youtube.com\/user\/kirkonulkomaanapu\",\"https:\/\/instagram.com\/kirkon_ulkomaanapu\/\",\"https:\/\/www.linkedin.com\/company\/finn-church-aid\/\"]}]}<\/script>\n<!-- \/ Yoast SEO plugin. -->","yoast_head_json":{"title":"Om oss - Kyrkans Utlandhj\u00e4lp - Jobb f\u00f6r m\u00e4nniskov\u00e4rdet","description":"Kyrkans Utlandshj\u00e4lp \u00e4r Finlands st\u00f6rsta utvecklingssamarbetsorganisation och den n\u00e4stst\u00f6rsta givaren av humanit\u00e4rt bist\u00e5nd.","robots":{"index":"index","follow":"follow","max-snippet":"max-snippet:-1","max-image-preview":"max-image-preview:large","max-video-preview":"max-video-preview:-1"},"canonical":"https:\/\/www.kirkonulkomaanapu.fi\/sv\/om-oss\/","og_locale":"sv_SE","og_type":"article","og_title":"Om oss - Kyrkans Utlandhj\u00e4lp - Jobb f\u00f6r m\u00e4nniskov\u00e4rdet","og_description":"Kyrkans Utlandshj\u00e4lp \u00e4r Finlands st\u00f6rsta utvecklingssamarbetsorganisation och den n\u00e4stst\u00f6rsta givaren av humanit\u00e4rt bist\u00e5nd.","og_url":"https:\/\/www.kirkonulkomaanapu.fi\/sv\/om-oss\/","og_site_name":"Kyrkans Utlandshj\u00e4lp","article_publisher":"https:\/\/www.facebook.com\/Ulkomaanapu\/","article_modified_time":"2026-03-31T10:40:44+00:00","og_image":[{"width":225,"height":225,"url":"https:\/\/www.kirkonulkomaanapu.fi\/wp-content\/uploads\/2026\/02\/Kirkon-ulkomaanapu-logo.png","type":"image\/png"}],"twitter_misc":{"Ber\u00e4knad l\u00e4stid":"2 minuter"},"schema":{"@context":"https:\/\/schema.org","@graph":[{"@type":"WebPage","@id":"https:\/\/www.kirkonulkomaanapu.fi\/sv\/om-oss\/","url":"https:\/\/www.kirkonulkomaanapu.fi\/sv\/om-oss\/","name":"Om oss - Kyrkans Utlandhj\u00e4lp - Jobb f\u00f6r m\u00e4nniskov\u00e4rdet","isPartOf":{"@id":"https:\/\/www.kirkonulkomaanapu.fi\/#website"},"datePublished":"2021-05-10T13:18:08+00:00","dateModified":"2026-03-31T10:40:44+00:00","description":"Kyrkans Utlandshj\u00e4lp \u00e4r Finlands st\u00f6rsta utvecklingssamarbetsorganisation och den n\u00e4stst\u00f6rsta givaren av humanit\u00e4rt bist\u00e5nd.","breadcrumb":{"@id":"https:\/\/www.kirkonulkomaanapu.fi\/sv\/om-oss\/#breadcrumb"},"inLanguage":"sv-SE","potentialAction":[{"@type":"ReadAction","target":["https:\/\/www.kirkonulkomaanapu.fi\/sv\/om-oss\/"]}]},{"@type":"BreadcrumbList","@id":"https:\/\/www.kirkonulkomaanapu.fi\/sv\/om-oss\/#breadcrumb","itemListElement":[{"@type":"ListItem","position":1,"name":"Home","item":"https:\/\/www.kirkonulkomaanapu.fi\/sv\/"},{"@type":"ListItem","position":2,"name":"Om oss"}]},{"@type":"WebSite","@id":"https:\/\/www.kirkonulkomaanapu.fi\/#website","url":"https:\/\/www.kirkonulkomaanapu.fi\/","name":"Kirkon Ulkomaanapu","description":"Suomen suurin kehitysyhteisty\u00f6j\u00e4rjest\u00f6","publisher":{"@id":"https:\/\/www.kirkonulkomaanapu.fi\/#organization"},"alternateName":"KUA","potentialAction":[{"@type":"SearchAction","target":{"@type":"EntryPoint","urlTemplate":"https:\/\/www.kirkonulkomaanapu.fi\/?s={search_term_string}"},"query-input":{"@type":"PropertyValueSpecification","valueRequired":true,"valueName":"search_term_string"}}],"inLanguage":"sv-SE"},{"@type":"Organization","@id":"https:\/\/www.kirkonulkomaanapu.fi\/#organization","name":"Kirkon Ulkomaanapu","alternateName":"KUA","url":"https:\/\/www.kirkonulkomaanapu.fi\/","logo":{"@type":"ImageObject","inLanguage":"sv-SE","@id":"https:\/\/www.kirkonulkomaanapu.fi\/#\/schema\/logo\/image\/","url":"https:\/\/www.kirkonulkomaanapu.fi\/wp-content\/uploads\/2026\/02\/Kirkon-ulkomaanapu-logo-1.png","contentUrl":"https:\/\/www.kirkonulkomaanapu.fi\/wp-content\/uploads\/2026\/02\/Kirkon-ulkomaanapu-logo-1.png","width":225,"height":225,"caption":"Kirkon Ulkomaanapu"},"image":{"@id":"https:\/\/www.kirkonulkomaanapu.fi\/#\/schema\/logo\/image\/"},"sameAs":["https:\/\/www.facebook.com\/Ulkomaanapu\/","https:\/\/www.youtube.com\/user\/kirkonulkomaanapu","https:\/\/instagram.com\/kirkon_ulkomaanapu\/","https:\/\/www.linkedin.com\/company\/finn-church-aid\/"]}]}},"_links":{"self":[{"href":"https:\/\/www.kirkonulkomaanapu.fi\/sv\/wp-json\/wp\/v2\/pages\/116383","targetHints":{"allow":["GET"]}}],"collection":[{"href":"https:\/\/www.kirkonulkomaanapu.fi\/sv\/wp-json\/wp\/v2\/pages"}],"about":[{"href":"https:\/\/www.kirkonulkomaanapu.fi\/sv\/wp-json\/wp\/v2\/types\/page"}],"author":[{"embeddable":true,"href":"https:\/\/www.kirkonulkomaanapu.fi\/sv\/wp-json\/wp\/v2\/users\/146"}],"replies":[{"embeddable":true,"href":"https:\/\/www.kirkonulkomaanapu.fi\/sv\/wp-json\/wp\/v2\/comments?post=116383"}],"version-history":[{"count":3,"href":"https:\/\/www.kirkonulkomaanapu.fi\/sv\/wp-json\/wp\/v2\/pages\/116383\/revisions"}],"predecessor-version":[{"id":160709,"href":"https:\/\/www.kirkonulkomaanapu.fi\/sv\/wp-json\/wp\/v2\/pages\/116383\/revisions\/160709"}],"wp:attachment":[{"href":"https:\/\/www.kirkonulkomaanapu.fi\/sv\/wp-json\/wp\/v2\/media?parent=116383"}],"curies":[{"name":"wp","href":"https:\/\/api.w.org\/{rel}","templated":true}]}}