{"id":116279,"date":"2021-04-08T11:52:57","date_gmt":"2021-04-08T08:52:57","guid":{"rendered":"https:\/\/www.kirkonulkomaanapu.fi\/etusivu-2021\/"},"modified":"2026-01-27T08:28:06","modified_gmt":"2026-01-27T06:28:06","slug":"etusivu-2021-2-2","status":"publish","type":"page","link":"https:\/\/www.kirkonulkomaanapu.fi\/sv\/","title":{"rendered":"Framsida 2021"},"content":{"rendered":"\n\n\n<div class=\"block-hero full-width id-block\" style=\"background-image: url('https:\/\/www.kirkonulkomaanapu.fi\/wp-content\/uploads\/2026\/01\/156531265_Gaza_1920_880.jpg');\">\n\n\t<div class=\"bg-mobile\" style=\"background-image: url('https:\/\/www.kirkonulkomaanapu.fi\/wp-content\/uploads\/2026\/01\/156531265_Gaza_1080_1080-1024x1024.jpg');\"><\/div>\n\n\t\n\t<div class=\"curtain\"><\/div>\n\n\t<div class=\"container\">\n\t\t<div class=\"row\">\n\t\t\t<div class=\"col\">\n\t\t\t\t<div class=\"inner-blocks entry-content\">\n\t\t\t\t\t\t\t\t\t\t\t\n<h1 class=\"is-style-brush\" ><span class=\"bg\">\nHj\u00e4lp barn&nbsp;<\/span><br><span class=\"bg\"><span class=\"is-highlighted\">i Gaza och<\/span><\/span><br><span class=\"bg\"><span class=\"is-highlighted\">p\u00e5 de palestinska omr\u00e5dena<\/span>\n<\/span><\/h1><h1 class=\"is-style-brush mobile\" ><span class=\"bg\">Hj\u00e4lp<\/span><span class=\"bg\">barn&nbsp;<\/span><span class=\"is-highlighted\"><span class=\"bg\">i<\/span><span class=\"bg\">Gaza<\/span><span class=\"bg\">och<\/span><\/span><span class=\"is-highlighted\"><span class=\"bg\">p\u00e5<\/span><span class=\"bg\">de<\/span><span class=\"bg\">palestinska<\/span><span class=\"bg\">omr\u00e5dena<\/span><\/span><\/h1>\n\n\n<div class=\"wp-block-buttons is-layout-flex wp-block-buttons-is-layout-flex\">\n<div class=\"wp-block-button is-style-red\"><a class=\"wp-block-button__link wp-element-button\" href=\"https:\/\/www.kirkonulkomaanapu.fi\/sv\/akutinsamling\/mellanosterns-kris\/\">DONERA NU<\/a><\/div>\n<\/div>\n\n\n\t\t\t\t\t\t\t\t\t<\/div>\n\t\t\t<\/div>\n\t\t<\/div>\n\t<\/div>\n<\/div>\n\n\n\n\n\n\n\n\n\n<div class=\"block-selected-lifts full-width id-block\">\n\t<div class=\"container-lg\">\n\t\t<div class=\"row lifts\">\n\t\t\t\t\t\t<div class=\"col col-12 col-md-6\">\n\t\t\t\t<div class=\"lift\">\n\t\t\t\t\t\n\t\t\t\t\t<div>\n\t\t\t\t\t\t\t\t\t\t\t<div class=\"lift-img\">\n\t\t\t\t\t\t\t<img decoding=\"async\" src=\"https:\/\/www.kirkonulkomaanapu.fi\/wp-content\/uploads\/2023\/04\/KUA_Kuukausilahjoitus_1920x1080_270423-1024x576.jpg\" alt=\"\" loading=\"lazy\" srcset=\"https:\/\/www.kirkonulkomaanapu.fi\/wp-content\/uploads\/2023\/04\/KUA_Kuukausilahjoitus_1920x1080_270423-480x270.jpg 320w, https:\/\/www.kirkonulkomaanapu.fi\/wp-content\/uploads\/2023\/04\/KUA_Kuukausilahjoitus_1920x1080_270423-1024x576.jpg 991w\" sizes=\"auto, (max-width: 991px) 150px\" width=\"1024\" height=\"576\">\n\t\t\t\t\t\t<\/div>\n\t\t\t\t\t\n\t\t\t\t\t\t\t\t\t\t\t<h2 class=\"lift-title\">Bli m\u00e5nadsgivare<\/h2>\n\t\t\t\t\t\n\t\t\t\t\t\t\t\t\t\t<\/div>\n\n\t\t\t\t\t\t\t\t\t\t\t<div>\n\t\t\t\t\t\t\t<a class=\"button \" href=\"https:\/\/www.kirkonulkomaanapu.fi\/sv\/ge-en-gava\/manadsgava\/\" target=\"\" rel=\"no-opener\">L\u00c4S MERA<\/a>\n\t\t\t\t\t\t<\/div>\n\t\t\t\t\t\t\t\t\t<\/div>\n\t\t\t<\/div>\n\t\t\t\t\t\t<div class=\"col col-12 col-md-6\">\n\t\t\t\t<div class=\"lift\">\n\t\t\t\t\t\n\t\t\t\t\t<div>\n\t\t\t\t\t\t\t\t\t\t\t<div class=\"lift-img\">\n\t\t\t\t\t\t\t<img decoding=\"async\" src=\"https:\/\/www.kirkonulkomaanapu.fi\/wp-content\/uploads\/2025\/06\/Kesaukraina_nosto-1024x576.jpg\" alt=\"\" loading=\"lazy\" srcset=\"https:\/\/www.kirkonulkomaanapu.fi\/wp-content\/uploads\/2025\/06\/Kesaukraina_nosto-480x270.jpg 320w, https:\/\/www.kirkonulkomaanapu.fi\/wp-content\/uploads\/2025\/06\/Kesaukraina_nosto-1024x576.jpg 991w\" sizes=\"auto, (max-width: 991px) 150px\" width=\"1024\" height=\"576\">\n\t\t\t\t\t\t<\/div>\n\t\t\t\t\t\n\t\t\t\t\t\t\t\t\t\t\t<h2 class=\"lift-title\">Hj\u00e4lp Ukrainas barn<\/h2>\n\t\t\t\t\t\n\t\t\t\t\t\t\t\t\t\t<\/div>\n\n\t\t\t\t\t\t\t\t\t\t\t<div>\n\t\t\t\t\t\t\t<a class=\"button \" href=\"https:\/\/www.kirkonulkomaanapu.fi\/sv\/akutinsamling\/kriget-i-ukraina\/\" target=\"\" rel=\"no-opener\">DONERA NU<\/a>\n\t\t\t\t\t\t<\/div>\n\t\t\t\t\t\t\t\t\t<\/div>\n\t\t\t<\/div>\n\t\t\t\t\t<\/div>\n\t<\/div>\t\n<\/div>\n\n\n\n<div class=\"block-image-beside-content full-width id-block image-on-right has-bg\">\n    <div class=\"container-lg\">\n        <div class=\"row\">\n            <div class=\"col col-12 col-lg-6 order-lg-2\">\n                <div class=\"align-image\">\n                                        <img decoding=\"async\" class=\"image\" alt=\"Kolme lasta kirjoittaa liitutaululle.\" src=\"https:\/\/www.kirkonulkomaanapu.fi\/wp-content\/uploads\/2021\/05\/Etusivun-pieni-1024x683.jpg\" loading=\"lazy\" srcset=\"https:\/\/www.kirkonulkomaanapu.fi\/wp-content\/uploads\/2021\/05\/Etusivun-pieni-480x320.jpg 320w, https:\/\/www.kirkonulkomaanapu.fi\/wp-content\/uploads\/2021\/05\/Etusivun-pieni-1024x683.jpg 991w\" sizes=\"auto, (max-width: 991px) 150px\" width=\"1024\" height=\"683\">\n                                    <\/div>\n            <\/div>\n            <div class=\"col col-12 col-lg-6\">\n                <div class=\"align-content\">\n                    <div class=\"inner-blocks entry-content\">\n                        \n\n<h2 class=\"wp-block-heading\"><span class=\"is-super-title\">Om oss<\/span>Kyrkans Utlandshj\u00e4lp<\/h2>\n\n\n\n<p>Alla m\u00e4nniskor har r\u00e4tt till fred, h\u00f6gklassig utbildning och en h\u00e5llbar utkomst. Vi arbetar med de allra fattigaste m\u00e4nniskorna oberoende av deras religion, etnicitet eller politiska \u00f6vertygelse. Kyrkans Utlandshj\u00e4lps m\u00e5ls\u00e4ttning \u00e4r en v\u00e4rld med resilienta och r\u00e4ttvisa samh\u00e4llen.<\/p>\n\n\n\n<div class=\"wp-block-buttons is-layout-flex wp-block-buttons-is-layout-flex\">\n<div class=\"wp-block-button is-style-solid\"><a class=\"wp-block-button__link wp-element-button\" href=\"https:\/\/www.kirkonulkomaanapu.fi\/sv\/vart-arbete\/\">L\u00e4s mer om v\u00e5rt arbete<\/a><\/div>\n<\/div>\n\n\n                    <\/div>\n                <\/div>\n            <\/div>\n        <\/div>\n    <\/div>\n<\/div>\n\n\n\n\n<div class=\"block-latest-articles full-width id-block\">\n\t<div class=\"container-lg\">\n\t\t\t\t<div class=\"row\">\n\t\t\t<div class=\"col\">\n\t\t\t\t<div class=\"entry-content\">\n\t\t\t\t\t<h2 class=\"block-title is-style-brush\"><span class=\"bg\">Aktuellt<\/span><\/h2>\n\t\t\t\t<\/div>\n\t\t\t<\/div>\n\t\t<\/div>\n\t\t\n\t\t\t\t\t\t<div class=\"row\">\n\t\t\t<div class=\"col\">\n\t\t\t\t\n<div class=\"article-card article-card__highlight event\">\n\t<div class=\"text-wrap\">\n\t\t<div class=\"article-meta\">\n\t\t\t<span>Artikeln<\/span><span>16.2.2026<\/span>\t\t<\/div>\n\n\t\t<a href=\"https:\/\/www.kirkonulkomaanapu.fi\/sv\/aktuellt\/artiklar\/sin-egen-lyckas-smed\/\"><h3 class=\"article-title\">Sin egen lyckas smed<\/h3><\/a>\n\t\t<a class=\"button\" href=\"https:\/\/www.kirkonulkomaanapu.fi\/sv\/aktuellt\/artiklar\/sin-egen-lyckas-smed\/\">L\u00e4s mer<\/a>\n\t<\/div>\n\n\t<div class=\"image-wrap\">\n\t\t<a href=\"https:\/\/www.kirkonulkomaanapu.fi\/sv\/aktuellt\/artiklar\/sin-egen-lyckas-smed\/\">\n\t\t\t<div class=\"article-thumbnail\">\n\t\t\t\t\t\t\t\t<img decoding=\"async\" src=\"https:\/\/www.kirkonulkomaanapu.fi\/wp-content\/uploads\/2026\/02\/nepal-yv-tekoja-7-1024x683.png\" alt=\"Sin egen lyckas smed\" loading=\"lazy\" srcset=\"https:\/\/www.kirkonulkomaanapu.fi\/wp-content\/uploads\/2026\/02\/nepal-yv-tekoja-7-480x320.png 320w, https:\/\/www.kirkonulkomaanapu.fi\/wp-content\/uploads\/2026\/02\/nepal-yv-tekoja-7-1024x683.png 991w\" sizes=\"auto, (max-width: 991px) 150px\" width=\"1024\" height=\"683\">\n\t\t\t\t\t\t\t<\/div>\n\t\t<\/a>\n\t<\/div>\n<\/div>\n\t\t\t<\/div>\n\t\t<\/div>\n\t\t\n\t\t<div class=\"row articles\">\n\t\t\t\t\t\t\t<div class=\"col col-12 col-md-4\">\n\t\t\t\t\t\n<div class=\"article-card article-card__default\">\n\t<a href=\"https:\/\/www.kirkonulkomaanapu.fi\/sv\/aktuellt\/artiklar\/arets-larare-i-ukraina-varnar-inspirationen\/\">\n\t\t<div class=\"article-thumbnail\">\n\t\t\t\t\t\t<img decoding=\"async\" src=\"https:\/\/www.kirkonulkomaanapu.fi\/wp-content\/uploads\/2026\/02\/teacher-of-the-year-1-480x320.jpg\" alt=\"\u00c5rets l\u00e4rare i Ukraina v\u00e4rnar inspirationen\" loading=\"lazy\" width=\"480\" height=\"320\">\n\t\t\t\t\t<\/div>\n\t<\/a>\n\n\t<div class=\"article-meta\">\n\t\t<span>Artikeln<\/span><span>11.2.2026<\/span>\t<\/div>\n\n\t<a href=\"https:\/\/www.kirkonulkomaanapu.fi\/sv\/aktuellt\/artiklar\/arets-larare-i-ukraina-varnar-inspirationen\/\"><h3 class=\"article-title\">\u00c5rets l\u00e4rare i Ukraina v\u00e4rnar inspirationen<\/h3><\/a>\n<\/div>\t\t\t\t<\/div>\n\t\t\t\t\t\t\t\t<div class=\"col col-12 col-md-4\">\n\t\t\t\t\t\n<div class=\"article-card article-card__default\">\n\t<a href=\"https:\/\/www.kirkonulkomaanapu.fi\/sv\/ajankohtaista\/blogi\/i-morkret-efter-missilerna-halls-lagan-vid-liv\/\">\n\t\t<div class=\"article-thumbnail\">\n\t\t\t\t\t\t<img decoding=\"async\" src=\"https:\/\/www.kirkonulkomaanapu.fi\/wp-content\/uploads\/2026\/02\/ukraine-black-1-480x320.jpg\" alt=\"I m\u00f6rkret efter missilerna h\u00e5lls l\u00e5gan vid liv\" loading=\"lazy\" width=\"480\" height=\"320\">\n\t\t\t\t\t<\/div>\n\t<\/a>\n\n\t<div class=\"article-meta\">\n\t\t<span>Bloggar<\/span><span>11.2.2026<\/span>\t<\/div>\n\n\t<a href=\"https:\/\/www.kirkonulkomaanapu.fi\/sv\/ajankohtaista\/blogi\/i-morkret-efter-missilerna-halls-lagan-vid-liv\/\"><h3 class=\"article-title\">I m\u00f6rkret efter missilerna h\u00e5lls l\u00e5gan vid liv<\/h3><\/a>\n<\/div>\t\t\t\t<\/div>\n\t\t\t\t\t\t\t\t<div class=\"col col-12 col-md-4\">\n\t\t\t\t\t\n<div class=\"article-card article-card__default\">\n\t<a href=\"https:\/\/www.kirkonulkomaanapu.fi\/sv\/aktuellt\/nyheter\/kyrkans-utlandshjalps-omstallningsforhandlingar-avslutade\/\">\n\t\t<div class=\"article-thumbnail\">\n\t\t\t\t\t<\/div>\n\t<\/a>\n\n\t<div class=\"article-meta\">\n\t\t<span>Nyheter<\/span><span>18.12.2025<\/span>\t<\/div>\n\n\t<a href=\"https:\/\/www.kirkonulkomaanapu.fi\/sv\/aktuellt\/nyheter\/kyrkans-utlandshjalps-omstallningsforhandlingar-avslutade\/\"><h3 class=\"article-title\">Kyrkans Utlandshj\u00e4lps omst\u00e4llningsf\u00f6rhandlingar avslutade\u00a0<\/h3><\/a>\n<\/div>\t\t\t\t<\/div>\n\t\t\t\t\t\t<\/div>\n\n\t\t\t\t<div class=\"row\">\n\t\t\t<div class=\"col\">\n\t\t\t\t<div class=\"text-align-center\">\n\t\t\t\t\t<a class=\"button show-more \" href=\"https:\/\/www.kirkonulkomaanapu.fi\/sv\/aktuellt\/\" target=\"\" rel=\"no-opener\">Visa mer<\/a>\n\t\t\t\t<\/div>\n\t\t\t<\/div>\n\t\t<\/div>\n\t\t\t<\/div>\t\n<\/div>\n","protected":false},"excerpt":{"rendered":"","protected":false},"author":132,"featured_media":0,"parent":0,"menu_order":0,"comment_status":"closed","ping_status":"closed","template":"","meta":{"_acf_changed":false,"_relevanssi_hide_post":"","_relevanssi_hide_content":"","_relevanssi_pin_for_all":"","_relevanssi_pin_keywords":"","_relevanssi_unpin_keywords":"","_relevanssi_related_keywords":"","_relevanssi_related_include_ids":"","_relevanssi_related_exclude_ids":"","_relevanssi_related_no_append":"","_relevanssi_related_not_related":"","_relevanssi_related_posts":"89500,108131,63644","_relevanssi_noindex_reason":"","_improvement_type_select":"improve_an_existing","_thumb_yes_seoaic":false,"_frame_yes_seoaic":false,"seoaic_generate_description":"","seoaic_improve_instructions_prompt":"","seoaic_rollback_content_improvement":"","seoaic_idea_thumbnail_generator":"","thumbnail_generated":false,"thumbnail_generate_prompt":"","seoaic_article_description":"","footnotes":""},"class_list":["post-116279","page","type-page","status-publish","hentry"],"acf":[],"yoast_head":"<!-- This site is optimized with the Yoast SEO plugin v26.9 - https:\/\/yoast.com\/product\/yoast-seo-wordpress\/ -->\n<title>Kyrkans Utlandhj\u00e4lp Finlands st\u00f6rsta organisation f\u00f6r internationellt bist\u00e5nd<\/title>\n<meta name=\"description\" content=\"Alla m\u00e4nniskor har r\u00e4tt till fred, h\u00f6gklassig utbildning och en h\u00e5llbar utkomst. Vi arbetar med de allra fattigaste m\u00e4nniskorna.\" \/>\n<meta name=\"robots\" content=\"index, follow, max-snippet:-1, max-image-preview:large, max-video-preview:-1\" \/>\n<link rel=\"canonical\" href=\"https:\/\/www.kirkonulkomaanapu.fi\/sv\/\" \/>\n<meta property=\"og:locale\" content=\"sv_SE\" \/>\n<meta property=\"og:type\" content=\"article\" \/>\n<meta property=\"og:title\" content=\"Kyrkans Utlandhj\u00e4lp Finlands st\u00f6rsta organisation f\u00f6r internationellt bist\u00e5nd\" \/>\n<meta property=\"og:description\" content=\"Alla m\u00e4nniskor har r\u00e4tt till fred, h\u00f6gklassig utbildning och en h\u00e5llbar utkomst. Vi arbetar med de allra fattigaste m\u00e4nniskorna.\" \/>\n<meta property=\"og:url\" content=\"https:\/\/www.kirkonulkomaanapu.fi\/sv\/\" \/>\n<meta property=\"og:site_name\" content=\"Kyrkans Utlandshj\u00e4lp\" \/>\n<meta property=\"article:publisher\" content=\"https:\/\/www.facebook.com\/Ulkomaanapu\/\" \/>\n<meta property=\"article:modified_time\" content=\"2026-01-27T06:28:06+00:00\" \/>\n<meta property=\"og:image\" content=\"https:\/\/www.kirkonulkomaanapu.fi\/wp-content\/uploads\/2026\/02\/Kirkon-ulkomaanapu-logo.png\" \/>\n\t<meta property=\"og:image:width\" content=\"225\" \/>\n\t<meta property=\"og:image:height\" content=\"225\" \/>\n\t<meta property=\"og:image:type\" content=\"image\/png\" \/>\n<meta name=\"twitter:label1\" content=\"Ber\u00e4knad l\u00e4stid\" \/>\n\t<meta name=\"twitter:data1\" content=\"1 minut\" \/>\n<script type=\"application\/ld+json\" class=\"yoast-schema-graph\">{\"@context\":\"https:\/\/schema.org\",\"@graph\":[{\"@type\":\"WebPage\",\"@id\":\"https:\/\/www.kirkonulkomaanapu.fi\/sv\/\",\"url\":\"https:\/\/www.kirkonulkomaanapu.fi\/sv\/\",\"name\":\"Kyrkans Utlandhj\u00e4lp Finlands st\u00f6rsta organisation f\u00f6r internationellt bist\u00e5nd\",\"isPartOf\":{\"@id\":\"https:\/\/www.kirkonulkomaanapu.fi\/#website\"},\"datePublished\":\"2021-04-08T08:52:57+00:00\",\"dateModified\":\"2026-01-27T06:28:06+00:00\",\"description\":\"Alla m\u00e4nniskor har r\u00e4tt till fred, h\u00f6gklassig utbildning och en h\u00e5llbar utkomst. Vi arbetar med de allra fattigaste m\u00e4nniskorna.\",\"breadcrumb\":{\"@id\":\"https:\/\/www.kirkonulkomaanapu.fi\/sv\/#breadcrumb\"},\"inLanguage\":\"sv-SE\",\"potentialAction\":[{\"@type\":\"ReadAction\",\"target\":[\"https:\/\/www.kirkonulkomaanapu.fi\/sv\/\"]}]},{\"@type\":\"BreadcrumbList\",\"@id\":\"https:\/\/www.kirkonulkomaanapu.fi\/sv\/#breadcrumb\",\"itemListElement\":[{\"@type\":\"ListItem\",\"position\":1,\"name\":\"Home\",\"item\":\"https:\/\/www.kirkonulkomaanapu.fi\/sv\/\"},{\"@type\":\"ListItem\",\"position\":2,\"name\":\"Framsida 2021\"}]},{\"@type\":\"WebSite\",\"@id\":\"https:\/\/www.kirkonulkomaanapu.fi\/#website\",\"url\":\"https:\/\/www.kirkonulkomaanapu.fi\/\",\"name\":\"Kirkon Ulkomaanapu\",\"description\":\"Suomen suurin kehitysyhteisty\u00f6j\u00e4rjest\u00f6\",\"publisher\":{\"@id\":\"https:\/\/www.kirkonulkomaanapu.fi\/#organization\"},\"alternateName\":\"KUA\",\"potentialAction\":[{\"@type\":\"SearchAction\",\"target\":{\"@type\":\"EntryPoint\",\"urlTemplate\":\"https:\/\/www.kirkonulkomaanapu.fi\/?s={search_term_string}\"},\"query-input\":{\"@type\":\"PropertyValueSpecification\",\"valueRequired\":true,\"valueName\":\"search_term_string\"}}],\"inLanguage\":\"sv-SE\"},{\"@type\":\"Organization\",\"@id\":\"https:\/\/www.kirkonulkomaanapu.fi\/#organization\",\"name\":\"Kirkon Ulkomaanapu\",\"alternateName\":\"KUA\",\"url\":\"https:\/\/www.kirkonulkomaanapu.fi\/\",\"logo\":{\"@type\":\"ImageObject\",\"inLanguage\":\"sv-SE\",\"@id\":\"https:\/\/www.kirkonulkomaanapu.fi\/#\/schema\/logo\/image\/\",\"url\":\"https:\/\/www.kirkonulkomaanapu.fi\/wp-content\/uploads\/2026\/02\/Kirkon-ulkomaanapu-logo-1.png\",\"contentUrl\":\"https:\/\/www.kirkonulkomaanapu.fi\/wp-content\/uploads\/2026\/02\/Kirkon-ulkomaanapu-logo-1.png\",\"width\":225,\"height\":225,\"caption\":\"Kirkon Ulkomaanapu\"},\"image\":{\"@id\":\"https:\/\/www.kirkonulkomaanapu.fi\/#\/schema\/logo\/image\/\"},\"sameAs\":[\"https:\/\/www.facebook.com\/Ulkomaanapu\/\",\"https:\/\/www.youtube.com\/user\/kirkonulkomaanapu\",\"https:\/\/instagram.com\/kirkon_ulkomaanapu\/\",\"https:\/\/www.linkedin.com\/company\/finn-church-aid\/\"]}]}<\/script>\n<!-- \/ Yoast SEO plugin. -->","yoast_head_json":{"title":"Kyrkans Utlandhj\u00e4lp Finlands st\u00f6rsta organisation f\u00f6r internationellt bist\u00e5nd","description":"Alla m\u00e4nniskor har r\u00e4tt till fred, h\u00f6gklassig utbildning och en h\u00e5llbar utkomst. Vi arbetar med de allra fattigaste m\u00e4nniskorna.","robots":{"index":"index","follow":"follow","max-snippet":"max-snippet:-1","max-image-preview":"max-image-preview:large","max-video-preview":"max-video-preview:-1"},"canonical":"https:\/\/www.kirkonulkomaanapu.fi\/sv\/","og_locale":"sv_SE","og_type":"article","og_title":"Kyrkans Utlandhj\u00e4lp Finlands st\u00f6rsta organisation f\u00f6r internationellt bist\u00e5nd","og_description":"Alla m\u00e4nniskor har r\u00e4tt till fred, h\u00f6gklassig utbildning och en h\u00e5llbar utkomst. Vi arbetar med de allra fattigaste m\u00e4nniskorna.","og_url":"https:\/\/www.kirkonulkomaanapu.fi\/sv\/","og_site_name":"Kyrkans Utlandshj\u00e4lp","article_publisher":"https:\/\/www.facebook.com\/Ulkomaanapu\/","article_modified_time":"2026-01-27T06:28:06+00:00","og_image":[{"width":225,"height":225,"url":"https:\/\/www.kirkonulkomaanapu.fi\/wp-content\/uploads\/2026\/02\/Kirkon-ulkomaanapu-logo.png","type":"image\/png"}],"twitter_misc":{"Ber\u00e4knad l\u00e4stid":"1 minut"},"schema":{"@context":"https:\/\/schema.org","@graph":[{"@type":"WebPage","@id":"https:\/\/www.kirkonulkomaanapu.fi\/sv\/","url":"https:\/\/www.kirkonulkomaanapu.fi\/sv\/","name":"Kyrkans Utlandhj\u00e4lp Finlands st\u00f6rsta organisation f\u00f6r internationellt bist\u00e5nd","isPartOf":{"@id":"https:\/\/www.kirkonulkomaanapu.fi\/#website"},"datePublished":"2021-04-08T08:52:57+00:00","dateModified":"2026-01-27T06:28:06+00:00","description":"Alla m\u00e4nniskor har r\u00e4tt till fred, h\u00f6gklassig utbildning och en h\u00e5llbar utkomst. Vi arbetar med de allra fattigaste m\u00e4nniskorna.","breadcrumb":{"@id":"https:\/\/www.kirkonulkomaanapu.fi\/sv\/#breadcrumb"},"inLanguage":"sv-SE","potentialAction":[{"@type":"ReadAction","target":["https:\/\/www.kirkonulkomaanapu.fi\/sv\/"]}]},{"@type":"BreadcrumbList","@id":"https:\/\/www.kirkonulkomaanapu.fi\/sv\/#breadcrumb","itemListElement":[{"@type":"ListItem","position":1,"name":"Home","item":"https:\/\/www.kirkonulkomaanapu.fi\/sv\/"},{"@type":"ListItem","position":2,"name":"Framsida 2021"}]},{"@type":"WebSite","@id":"https:\/\/www.kirkonulkomaanapu.fi\/#website","url":"https:\/\/www.kirkonulkomaanapu.fi\/","name":"Kirkon Ulkomaanapu","description":"Suomen suurin kehitysyhteisty\u00f6j\u00e4rjest\u00f6","publisher":{"@id":"https:\/\/www.kirkonulkomaanapu.fi\/#organization"},"alternateName":"KUA","potentialAction":[{"@type":"SearchAction","target":{"@type":"EntryPoint","urlTemplate":"https:\/\/www.kirkonulkomaanapu.fi\/?s={search_term_string}"},"query-input":{"@type":"PropertyValueSpecification","valueRequired":true,"valueName":"search_term_string"}}],"inLanguage":"sv-SE"},{"@type":"Organization","@id":"https:\/\/www.kirkonulkomaanapu.fi\/#organization","name":"Kirkon Ulkomaanapu","alternateName":"KUA","url":"https:\/\/www.kirkonulkomaanapu.fi\/","logo":{"@type":"ImageObject","inLanguage":"sv-SE","@id":"https:\/\/www.kirkonulkomaanapu.fi\/#\/schema\/logo\/image\/","url":"https:\/\/www.kirkonulkomaanapu.fi\/wp-content\/uploads\/2026\/02\/Kirkon-ulkomaanapu-logo-1.png","contentUrl":"https:\/\/www.kirkonulkomaanapu.fi\/wp-content\/uploads\/2026\/02\/Kirkon-ulkomaanapu-logo-1.png","width":225,"height":225,"caption":"Kirkon Ulkomaanapu"},"image":{"@id":"https:\/\/www.kirkonulkomaanapu.fi\/#\/schema\/logo\/image\/"},"sameAs":["https:\/\/www.facebook.com\/Ulkomaanapu\/","https:\/\/www.youtube.com\/user\/kirkonulkomaanapu","https:\/\/instagram.com\/kirkon_ulkomaanapu\/","https:\/\/www.linkedin.com\/company\/finn-church-aid\/"]}]}},"_links":{"self":[{"href":"https:\/\/www.kirkonulkomaanapu.fi\/sv\/wp-json\/wp\/v2\/pages\/116279","targetHints":{"allow":["GET"]}}],"collection":[{"href":"https:\/\/www.kirkonulkomaanapu.fi\/sv\/wp-json\/wp\/v2\/pages"}],"about":[{"href":"https:\/\/www.kirkonulkomaanapu.fi\/sv\/wp-json\/wp\/v2\/types\/page"}],"author":[{"embeddable":true,"href":"https:\/\/www.kirkonulkomaanapu.fi\/sv\/wp-json\/wp\/v2\/users\/132"}],"replies":[{"embeddable":true,"href":"https:\/\/www.kirkonulkomaanapu.fi\/sv\/wp-json\/wp\/v2\/comments?post=116279"}],"version-history":[{"count":2,"href":"https:\/\/www.kirkonulkomaanapu.fi\/sv\/wp-json\/wp\/v2\/pages\/116279\/revisions"}],"predecessor-version":[{"id":159304,"href":"https:\/\/www.kirkonulkomaanapu.fi\/sv\/wp-json\/wp\/v2\/pages\/116279\/revisions\/159304"}],"wp:attachment":[{"href":"https:\/\/www.kirkonulkomaanapu.fi\/sv\/wp-json\/wp\/v2\/media?parent=116279"}],"curies":[{"name":"wp","href":"https:\/\/api.w.org\/{rel}","templated":true}]}}