{"id":115277,"date":"2021-05-10T16:17:44","date_gmt":"2021-05-10T13:17:44","guid":{"rendered":"https:\/\/www.kirkonulkomaanapu.fi\/?page_id=115277"},"modified":"2026-03-31T11:12:45","modified_gmt":"2026-03-31T08:12:45","slug":"kom-med","status":"publish","type":"page","link":"https:\/\/www.kirkonulkomaanapu.fi\/sv\/kom-med\/","title":{"rendered":"Kom med"},"content":{"rendered":"\n\n\n<div class=\"block-hero full-width id-block\" style=\"background-image: url('https:\/\/www.kirkonulkomaanapu.fi\/wp-content\/uploads\/2021\/05\/Osallistu-scaled.jpg');\">\n\n\t<div class=\"bg-mobile\" style=\"background-image: url('https:\/\/www.kirkonulkomaanapu.fi\/wp-content\/uploads\/2021\/05\/Osallistu-1024x683.jpg');\"><\/div>\n\n\t\n\t<div class=\"curtain\"><\/div>\n\n\t<div class=\"container\">\n\t\t<div class=\"row\">\n\t\t\t<div class=\"col\">\n\t\t\t\t<div class=\"inner-blocks entry-content\">\n\t\t\t\t\t\t\t\t\t\t\t\n<h1 class=\"is-style-brush\" ><span class=\"bg\">\nKom <span class=\"is-highlighted\">med<\/span>\n<\/span><\/h1><h1 class=\"is-style-brush mobile\" ><span class=\"bg\">Kom<\/span><span class=\"is-highlighted\"><span class=\"bg\">med<\/span><\/span><\/h1>\n\n\n<p><\/p>\n\n\n\t\t\t\t\t\t\t\t\t<\/div>\n\t\t\t<\/div>\n\t\t<\/div>\n\t<\/div>\n<\/div>\n\n\n<div class=\"subpage-navigation id-block full-width\">\n    <div class=\"container-lg\">\n        <div class=\"row\">\n            <div class=\"col\">\n                <ul class=\"pages\">\n                                        <li class=\"page ancestor current\">\n                        <a href=\"https:\/\/www.kirkonulkomaanapu.fi\/sv\/kom-med\/\">Kom med<\/a>\n                    <\/li>\n                    \n                                        <li class=\"page\">\n                        <a href=\"https:\/\/www.kirkonulkomaanapu.fi\/sv\/kom-med\/snabbinsatsstrupperna\/\">Snabbinsatsstrupperna<\/a>\n                    <\/li>\n                                    <\/ul>\n            <\/div>\n        <\/div>\n    <\/div>\n<\/div>\n\n\n\n\n\n\n<p>Du kan delta i v\u00e5rt arbete p\u00e5 flera s\u00e4tt b\u00e5de i Finland och utomlands \u2013 ge av b\u00e5de din tid och ditt kunnande till dem som beh\u00f6ver hj\u00e4lp. Vi uppskattar alla v\u00e5ra volont\u00e4rer mycket, de \u00e4r v\u00e4ldigt viktiga f\u00f6r v\u00e5rt arbete. L\u00e4s mer nedan om olika s\u00e4tt att delta i verksamheten och v\u00e4lj det s\u00e4tt som passar dig b\u00e4st!<\/p>\n\n\n\n\n<div class=\"block-image-beside-content full-width id-block\">\n    <div class=\"container-lg\">\n        <div class=\"row\">\n            <div class=\"col col-12 col-lg-6\">\n                <div class=\"align-image\">\n                                        <img decoding=\"async\" class=\"image\" alt=\"Kolme EAPPI-liiveihin pukeutunutta henkil\u00f6\u00e4 miehityksen vastaisten kylttien kanssa.\" src=\"https:\/\/www.kirkonulkomaanapu.fi\/wp-content\/uploads\/2019\/06\/EAPPI-1024x468.jpg\" loading=\"lazy\" srcset=\"https:\/\/www.kirkonulkomaanapu.fi\/wp-content\/uploads\/2019\/06\/EAPPI-480x219.jpg 320w, https:\/\/www.kirkonulkomaanapu.fi\/wp-content\/uploads\/2019\/06\/EAPPI-1024x468.jpg 991w\" sizes=\"auto, (max-width: 991px) 150px\" width=\"1024\" height=\"468\">\n                                    <\/div>\n            <\/div>\n            <div class=\"col col-12 col-lg-6\">\n                <div class=\"align-content\">\n                    <div class=\"inner-blocks entry-content\">\n                        \n\n<h2 class=\"wp-block-heading\">EAPPI<\/h2>\n\n\n\n<p>EAPPI-programmet \u00e4r en del av palestiniernas och israelernas v\u00e5ldsfria fredsstr\u00e4van. Via programmet skickas frivilliga m\u00e4nniskor\u00e4ttsobservat\u00f6rer till V\u00e4stbanken och \u00d6stra Jerusalem. Under en tre m\u00e5naders period f\u00f6ljer volont\u00e4rerna med m\u00e4nniskor\u00e4ttsl\u00e4get p\u00e5 gr\u00e4srotsniv\u00e5 och erbjuder en skyddande n\u00e4rvaro f\u00f6r lokalbefolkningen. M\u00e4nniskor\u00e4ttsobservat\u00f6rerna deltar i KUH:s p\u00e5verkansarbete efter att de \u00e5terv\u00e4nder till Finland.<\/p>\n\n\n\n<div class=\"wp-block-buttons is-layout-flex wp-block-buttons-is-layout-flex\">\n<div class=\"wp-block-button is-style-solid\"><a class=\"wp-block-button__link wp-element-button\" href=\"https:\/\/www.eappi.fi\/\" target=\"_blank\" rel=\"noreferrer noopener\">eappi.fi<\/a><\/div>\n<\/div>\n\n\n                    <\/div>\n                <\/div>\n            <\/div>\n        <\/div>\n    <\/div>\n<\/div>\n\n\n\n\n<div class=\"block-image-beside-content full-width id-block image-on-right\">\n    <div class=\"container-lg\">\n        <div class=\"row\">\n            <div class=\"col col-12 col-lg-6 order-lg-2\">\n                <div class=\"align-image\">\n                                        <img decoding=\"async\" class=\"image\" alt=\"OIR-vapaah\" src=\"https:\/\/www.kirkonulkomaanapu.fi\/wp-content\/uploads\/2021\/04\/Osallistu-OIR-2021.jpg\" loading=\"lazy\" srcset=\"https:\/\/www.kirkonulkomaanapu.fi\/wp-content\/uploads\/2021\/04\/Osallistu-OIR-2021-480x320.jpg 320w, https:\/\/www.kirkonulkomaanapu.fi\/wp-content\/uploads\/2021\/04\/Osallistu-OIR-2021.jpg 991w\" sizes=\"auto, (max-width: 991px) 150px\" width=\"700\" height=\"467\">\n                                    <\/div>\n            <\/div>\n            <div class=\"col col-12 col-lg-6\">\n                <div class=\"align-content\">\n                    <div class=\"inner-blocks entry-content\">\n                        \n\n<h2 class=\"wp-block-heading\">L\u00e4rare utan gr\u00e4nser<\/h2>\n\n\n\n<p>L\u00e4rare utan gr\u00e4nser \u00e4r ett frivillign\u00e4tverk f\u00f6r proffs inom undervisning och pedagogik. N\u00e4tverket st\u00e4rker utbildningens kvalitet i Kyrkans Utlandshj\u00e4lps bist\u00e5ndssamarbeten med hj\u00e4lp av finl\u00e4ndskt branschkunnande \u2013 b\u00e5de p\u00e5 distans och p\u00e5 plats. V\u00e5ra volont\u00e4rer utbildar och mentorerar lokala l\u00e4rarkolleger och st\u00f6der utbildningssektorns strukturer. Under arbetet f\u00e5r ocks\u00e5 volont\u00e4rerna l\u00e4ra sig mycket och v\u00e4xa i sin yrkeskunskap.<\/p>\n\n\n\n<div class=\"wp-block-buttons is-layout-flex wp-block-buttons-is-layout-flex\">\n<div class=\"wp-block-button is-style-solid\"><a class=\"wp-block-button__link wp-element-button\" href=\"https:\/\/www.opettajatilmanrajoja.fi\/\" target=\"_blank\" rel=\"noreferrer noopener\">opettajatilmanrajoja.fi<\/a><\/div>\n<\/div>\n\n\n                    <\/div>\n                <\/div>\n            <\/div>\n        <\/div>\n    <\/div>\n<\/div>\n\n\n\n\n<div class=\"block-image-beside-content full-width id-block\">\n    <div class=\"container-lg\">\n        <div class=\"row\">\n            <div class=\"col col-12 col-lg-6\">\n                <div class=\"align-image\">\n                                        <img decoding=\"async\" class=\"image\" alt=\"Skills Donation -vapaaehtoinen ja joukko paikallisia.\" src=\"https:\/\/www.kirkonulkomaanapu.fi\/wp-content\/uploads\/2021\/05\/Skills-Donation-Osallistu-nostokuva.jpg\" loading=\"lazy\" srcset=\"https:\/\/www.kirkonulkomaanapu.fi\/wp-content\/uploads\/2021\/05\/Skills-Donation-Osallistu-nostokuva-480x360.jpg 320w, https:\/\/www.kirkonulkomaanapu.fi\/wp-content\/uploads\/2021\/05\/Skills-Donation-Osallistu-nostokuva.jpg 991w\" sizes=\"auto, (max-width: 991px) 150px\" width=\"800\" height=\"600\">\n                                    <\/div>\n            <\/div>\n            <div class=\"col col-12 col-lg-6\">\n                <div class=\"align-content\">\n                    <div class=\"inner-blocks entry-content\">\n                        \n\n<h2 class=\"wp-block-heading\">Skills Donation<\/h2>\n\n\n\n<p>Volont\u00e4rprogrammet Skills Donation fr\u00e4mjar kvinnligt f\u00f6retagande i Kvinnobankens projekt genom att dra nytta av n\u00e4tverkets yrkeskunskap. Volont\u00e4rerna fokuserar p\u00e5 begr\u00e4nsade utvecklingsbehov med m\u00e5let att f\u00f6rs\u00f6ka hitta l\u00f6sningar tillsammans med lokala akt\u00f6rer. Volont\u00e4rerna erbjuder st\u00f6d kring marknadsunders\u00f6kningar, utredningar och planeringsarbete och de kan ocks\u00e5 erbjuda utbildning och mentorering.<\/p>\n\n\n\n<div class=\"wp-block-buttons is-layout-flex wp-block-buttons-is-layout-flex\">\n<div class=\"wp-block-button is-style-solid\"><a class=\"wp-block-button__link wp-element-button\" href=\"https:\/\/www.naistenpankki.fi\/sv\/kom-med\/\" target=\"_blank\" rel=\"noreferrer noopener\">L\u00e4s mer<\/a><\/div>\n<\/div>\n\n\n                    <\/div>\n                <\/div>\n            <\/div>\n        <\/div>\n    <\/div>\n<\/div>\n\n\n\n\n<div class=\"block-image-beside-content full-width id-block\">\n    <div class=\"container-lg\">\n        <div class=\"row\">\n            <div class=\"col col-12 col-lg-6\">\n                <div class=\"align-image\">\n                                        <img decoding=\"async\" class=\"image\" alt=\"Ihminen laittaa rahaa KUA:n ker\u00e4yslippaaseen.\" src=\"https:\/\/www.kirkonulkomaanapu.fi\/wp-content\/uploads\/2019\/06\/Nopean-toiminnan-joukot_Ker\u00e4yslipas_013-1024x562.jpg\" loading=\"lazy\" srcset=\"https:\/\/www.kirkonulkomaanapu.fi\/wp-content\/uploads\/2019\/06\/Nopean-toiminnan-joukot_Ker\u00e4yslipas_013-480x263.jpg 320w, https:\/\/www.kirkonulkomaanapu.fi\/wp-content\/uploads\/2019\/06\/Nopean-toiminnan-joukot_Ker\u00e4yslipas_013-1024x562.jpg 991w\" sizes=\"auto, (max-width: 991px) 150px\" width=\"1024\" height=\"562\">\n                                    <\/div>\n            <\/div>\n            <div class=\"col col-12 col-lg-6\">\n                <div class=\"align-content\">\n                    <div class=\"inner-blocks entry-content\">\n                        \n\n<h2 class=\"wp-block-heading\">Snabbinsatstrupperna<\/h2>\n\n\n\n<p>Anslut dig till v\u00e5r reserv och var beredd att ge dig ut f\u00f6r att samla in pengar n\u00e4r en katastrof har intr\u00e4ffat. Insamlarna f\u00e5r en kort utbildning i humanitar hj\u00e4lp. Utbildningen ger en inblick i hur den humanit\u00e4ra hj\u00e4lpen fungerar och hur hj\u00e4lpen n\u00e5r fram i sv\u00e5ra f\u00f6rh\u00e5llanden.<\/p>\n\n\n\n<div class=\"wp-block-buttons is-layout-flex wp-block-buttons-is-layout-flex\">\n<div class=\"wp-block-button is-style-solid\"><a class=\"wp-block-button__link wp-element-button\" href=\"https:\/\/www.kirkonulkomaanapu.fi\/sv\/kom-med\/snabbinsatsstrupperna\/\">L\u00e4s mer<\/a><\/div>\n<\/div>\n\n\n                    <\/div>\n                <\/div>\n            <\/div>\n        <\/div>\n    <\/div>\n<\/div>\n\n\n\n\n<div class=\"block-image-beside-content full-width id-block image-on-right\">\n    <div class=\"container-lg\">\n        <div class=\"row\">\n            <div class=\"col col-12 col-lg-6 order-lg-2\">\n                <div class=\"align-image\">\n                                        <img decoding=\"async\" class=\"image\" alt=\"Hymyilev\u00e4 nainen taputtaa k\u00e4si\u00e4\u00e4n tanssivien naisten keskell\u00e4.\" src=\"https:\/\/www.kirkonulkomaanapu.fi\/wp-content\/uploads\/2021\/05\/Naisten-Pankki-Osallistu-nostokuva.jpg\" loading=\"lazy\" srcset=\"https:\/\/www.kirkonulkomaanapu.fi\/wp-content\/uploads\/2021\/05\/Naisten-Pankki-Osallistu-nostokuva-480x278.jpg 320w, https:\/\/www.kirkonulkomaanapu.fi\/wp-content\/uploads\/2021\/05\/Naisten-Pankki-Osallistu-nostokuva.jpg 991w\" sizes=\"auto, (max-width: 991px) 150px\" width=\"700\" height=\"406\">\n                                    <\/div>\n            <\/div>\n            <div class=\"col col-12 col-lg-6\">\n                <div class=\"align-content\">\n                    <div class=\"inner-blocks entry-content\">\n                        \n\n<h2 class=\"wp-block-heading\">Kvinnobanken<\/h2>\n\n\n\n<p>Kvinnobanken st\u00f6der yrkesutbildning, h\u00e5llbart entrepren\u00f6rskap och utkomstm\u00f6jligheter f\u00f6r kvinnor i utsatt st\u00e4llning i Afrika, Asien och Mellan\u00f6stern. Vi fr\u00e4mjar kvinnors r\u00e4ttigheter och arbetar f\u00f6r en j\u00e4mst\u00e4lld v\u00e4rld. Vi \u00e4r ett aktivt n\u00e4tverk av m\u00e5nadsgivare, f\u00f6retagspartners och ett nationellt volont\u00e4rn\u00e4tverk. En r\u00e4ttvis v\u00e4rld beh\u00f6ver oss alla &#8211; du \u00e4r varmt v\u00e4lkommen<\/p>\n\n\n\n<div class=\"wp-block-buttons is-layout-flex wp-block-buttons-is-layout-flex\">\n<div class=\"wp-block-button is-style-solid\"><a class=\"wp-block-button__link wp-element-button\" href=\"https:\/\/www.naistenpankki.fi\/sv\/\" target=\"_blank\" rel=\"noreferrer noopener\">naistenpankki.fi\/sv<\/a><\/div>\n<\/div>\n\n\n                    <\/div>\n                <\/div>\n            <\/div>\n        <\/div>\n    <\/div>\n<\/div>\n\n\n\n\n<div class=\"block-image-beside-content full-width id-block\">\n    <div class=\"container-lg\">\n        <div class=\"row\">\n            <div class=\"col col-12 col-lg-6\">\n                <div class=\"align-image\">\n                                        <img decoding=\"async\" class=\"image\" alt=\"Ryhm\u00e4 Changemakerin aktiiveja Senaatintorilla Helsingiss\u00e4.\" src=\"https:\/\/www.kirkonulkomaanapu.fi\/wp-content\/uploads\/2021\/04\/IlmastomarssiCM-1024x768.jpg\" loading=\"lazy\" srcset=\"https:\/\/www.kirkonulkomaanapu.fi\/wp-content\/uploads\/2021\/04\/IlmastomarssiCM-480x360.jpg 320w, https:\/\/www.kirkonulkomaanapu.fi\/wp-content\/uploads\/2021\/04\/IlmastomarssiCM-1024x768.jpg 991w\" sizes=\"auto, (max-width: 991px) 150px\" width=\"1024\" height=\"768\">\n                                    <\/div>\n            <\/div>\n            <div class=\"col col-12 col-lg-6\">\n                <div class=\"align-content\">\n                    <div class=\"inner-blocks entry-content\">\n                        \n\n<h2 class=\"wp-block-heading\">Changemaker<\/h2>\n\n\n\n<p>Changemaker \u00e4r ett n\u00e4tverk f\u00f6r unga och unga vuxna som vill arbeta f\u00f6r en r\u00e4ttvisare v\u00e4rld genom kampanjer och p\u00e5verkansarbete. I Changemaker du kan ocks\u00e5 skriva f\u00f6r Globalisti-tidningen eller participera i Changemakers podcast. Kom med och hitta ditt eget s\u00e4tt att p\u00e5verka!<\/p>\n\n\n\n<div class=\"wp-block-buttons is-layout-flex wp-block-buttons-is-layout-flex\">\n<div class=\"wp-block-button is-style-solid\"><a class=\"wp-block-button__link wp-element-button\" href=\"https:\/\/www.changemaker.fi\/sv\/\" target=\"_blank\" rel=\"noreferrer noopener\">changemaker.fi\/sv<\/a><\/div>\n<\/div>\n\n\n                    <\/div>\n                <\/div>\n            <\/div>\n        <\/div>\n    <\/div>\n<\/div>\n","protected":false},"excerpt":{"rendered":"<p>Du kan delta i v\u00e5rt arbete p\u00e5 flera s\u00e4tt b\u00e5de i Finland och utomlands \u2013 ge av b\u00e5de din tid och ditt kunnande till dem som beh\u00f6ver hj\u00e4lp. Vi uppskattar alla v\u00e5ra volont\u00e4rer mycket, de \u00e4r v\u00e4ldigt viktiga f\u00f6r v\u00e5rt arbete. L\u00e4s mer nedan om olika s\u00e4tt att delta i verksamheten och v\u00e4lj det s\u00e4tt [&hellip;]<\/p>\n","protected":false},"author":146,"featured_media":0,"parent":0,"menu_order":15,"comment_status":"closed","ping_status":"closed","template":"","meta":{"_acf_changed":false,"_relevanssi_hide_post":"","_relevanssi_hide_content":"","_relevanssi_pin_for_all":"","_relevanssi_pin_keywords":"","_relevanssi_unpin_keywords":"","_relevanssi_related_keywords":"","_relevanssi_related_include_ids":"","_relevanssi_related_exclude_ids":"","_relevanssi_related_no_append":"","_relevanssi_related_not_related":"","_relevanssi_related_posts":"89500,63644,108131","_relevanssi_noindex_reason":"","_improvement_type_select":"improve_an_existing","_thumb_yes_seoaic":false,"_frame_yes_seoaic":false,"seoaic_generate_description":"","seoaic_improve_instructions_prompt":"","seoaic_rollback_content_improvement":"","seoaic_idea_thumbnail_generator":"","thumbnail_generated":false,"thumbnail_generate_prompt":"","seoaic_article_description":"","footnotes":""},"class_list":["post-115277","page","type-page","status-publish","hentry"],"acf":[],"yoast_head":"<!-- This site is optimized with the Yoast SEO plugin v26.9 - https:\/\/yoast.com\/product\/yoast-seo-wordpress\/ -->\n<title>Delta i v\u00e5rt arbete p\u00e5 ett s\u00e4tt som passar dig - Kyrkans Utlandshj\u00e4lp<\/title>\n<meta name=\"description\" content=\"V\u00e4lj den l\u00e4mpligaste formen av deltagande f\u00f6r dig i KUHs aktiviteter, i Finland eller i v\u00e4rlden, och var delaktig i f\u00f6r\u00e4ndringen!\" \/>\n<meta name=\"robots\" content=\"index, follow, max-snippet:-1, max-image-preview:large, max-video-preview:-1\" \/>\n<link rel=\"canonical\" href=\"https:\/\/www.kirkonulkomaanapu.fi\/sv\/kom-med\/\" \/>\n<meta property=\"og:locale\" content=\"sv_SE\" \/>\n<meta property=\"og:type\" content=\"article\" \/>\n<meta property=\"og:title\" content=\"Delta i v\u00e5rt arbete p\u00e5 ett s\u00e4tt som passar dig - Kyrkans Utlandshj\u00e4lp\" \/>\n<meta property=\"og:description\" content=\"V\u00e4lj den l\u00e4mpligaste formen av deltagande f\u00f6r dig i KUHs aktiviteter, i Finland eller i v\u00e4rlden, och var delaktig i f\u00f6r\u00e4ndringen!\" \/>\n<meta property=\"og:url\" content=\"https:\/\/www.kirkonulkomaanapu.fi\/sv\/kom-med\/\" \/>\n<meta property=\"og:site_name\" content=\"Kyrkans Utlandshj\u00e4lp\" \/>\n<meta property=\"article:publisher\" content=\"https:\/\/www.facebook.com\/Ulkomaanapu\/\" \/>\n<meta property=\"article:modified_time\" content=\"2026-03-31T08:12:45+00:00\" \/>\n<meta property=\"og:image\" content=\"https:\/\/www.kirkonulkomaanapu.fi\/wp-content\/uploads\/2026\/02\/Kirkon-ulkomaanapu-logo.png\" \/>\n\t<meta property=\"og:image:width\" content=\"225\" \/>\n\t<meta property=\"og:image:height\" content=\"225\" \/>\n\t<meta property=\"og:image:type\" content=\"image\/png\" \/>\n<meta name=\"twitter:label1\" content=\"Ber\u00e4knad l\u00e4stid\" \/>\n\t<meta name=\"twitter:data1\" content=\"3 minuter\" \/>\n<script type=\"application\/ld+json\" class=\"yoast-schema-graph\">{\"@context\":\"https:\/\/schema.org\",\"@graph\":[{\"@type\":\"WebPage\",\"@id\":\"https:\/\/www.kirkonulkomaanapu.fi\/sv\/kom-med\/\",\"url\":\"https:\/\/www.kirkonulkomaanapu.fi\/sv\/kom-med\/\",\"name\":\"Delta i v\u00e5rt arbete p\u00e5 ett s\u00e4tt som passar dig - Kyrkans Utlandshj\u00e4lp\",\"isPartOf\":{\"@id\":\"https:\/\/www.kirkonulkomaanapu.fi\/#website\"},\"datePublished\":\"2021-05-10T13:17:44+00:00\",\"dateModified\":\"2026-03-31T08:12:45+00:00\",\"description\":\"V\u00e4lj den l\u00e4mpligaste formen av deltagande f\u00f6r dig i KUHs aktiviteter, i Finland eller i v\u00e4rlden, och var delaktig i f\u00f6r\u00e4ndringen!\",\"breadcrumb\":{\"@id\":\"https:\/\/www.kirkonulkomaanapu.fi\/sv\/kom-med\/#breadcrumb\"},\"inLanguage\":\"sv-SE\",\"potentialAction\":[{\"@type\":\"ReadAction\",\"target\":[\"https:\/\/www.kirkonulkomaanapu.fi\/sv\/kom-med\/\"]}]},{\"@type\":\"BreadcrumbList\",\"@id\":\"https:\/\/www.kirkonulkomaanapu.fi\/sv\/kom-med\/#breadcrumb\",\"itemListElement\":[{\"@type\":\"ListItem\",\"position\":1,\"name\":\"Home\",\"item\":\"https:\/\/www.kirkonulkomaanapu.fi\/sv\/\"},{\"@type\":\"ListItem\",\"position\":2,\"name\":\"Kom med\"}]},{\"@type\":\"WebSite\",\"@id\":\"https:\/\/www.kirkonulkomaanapu.fi\/#website\",\"url\":\"https:\/\/www.kirkonulkomaanapu.fi\/\",\"name\":\"Kirkon Ulkomaanapu\",\"description\":\"Suomen suurin kehitysyhteisty\u00f6j\u00e4rjest\u00f6\",\"publisher\":{\"@id\":\"https:\/\/www.kirkonulkomaanapu.fi\/#organization\"},\"alternateName\":\"KUA\",\"potentialAction\":[{\"@type\":\"SearchAction\",\"target\":{\"@type\":\"EntryPoint\",\"urlTemplate\":\"https:\/\/www.kirkonulkomaanapu.fi\/?s={search_term_string}\"},\"query-input\":{\"@type\":\"PropertyValueSpecification\",\"valueRequired\":true,\"valueName\":\"search_term_string\"}}],\"inLanguage\":\"sv-SE\"},{\"@type\":\"Organization\",\"@id\":\"https:\/\/www.kirkonulkomaanapu.fi\/#organization\",\"name\":\"Kirkon Ulkomaanapu\",\"alternateName\":\"KUA\",\"url\":\"https:\/\/www.kirkonulkomaanapu.fi\/\",\"logo\":{\"@type\":\"ImageObject\",\"inLanguage\":\"sv-SE\",\"@id\":\"https:\/\/www.kirkonulkomaanapu.fi\/#\/schema\/logo\/image\/\",\"url\":\"https:\/\/www.kirkonulkomaanapu.fi\/wp-content\/uploads\/2026\/02\/Kirkon-ulkomaanapu-logo-1.png\",\"contentUrl\":\"https:\/\/www.kirkonulkomaanapu.fi\/wp-content\/uploads\/2026\/02\/Kirkon-ulkomaanapu-logo-1.png\",\"width\":225,\"height\":225,\"caption\":\"Kirkon Ulkomaanapu\"},\"image\":{\"@id\":\"https:\/\/www.kirkonulkomaanapu.fi\/#\/schema\/logo\/image\/\"},\"sameAs\":[\"https:\/\/www.facebook.com\/Ulkomaanapu\/\",\"https:\/\/www.youtube.com\/user\/kirkonulkomaanapu\",\"https:\/\/instagram.com\/kirkon_ulkomaanapu\/\",\"https:\/\/www.linkedin.com\/company\/finn-church-aid\/\"]}]}<\/script>\n<!-- \/ Yoast SEO plugin. -->","yoast_head_json":{"title":"Delta i v\u00e5rt arbete p\u00e5 ett s\u00e4tt som passar dig - Kyrkans Utlandshj\u00e4lp","description":"V\u00e4lj den l\u00e4mpligaste formen av deltagande f\u00f6r dig i KUHs aktiviteter, i Finland eller i v\u00e4rlden, och var delaktig i f\u00f6r\u00e4ndringen!","robots":{"index":"index","follow":"follow","max-snippet":"max-snippet:-1","max-image-preview":"max-image-preview:large","max-video-preview":"max-video-preview:-1"},"canonical":"https:\/\/www.kirkonulkomaanapu.fi\/sv\/kom-med\/","og_locale":"sv_SE","og_type":"article","og_title":"Delta i v\u00e5rt arbete p\u00e5 ett s\u00e4tt som passar dig - Kyrkans Utlandshj\u00e4lp","og_description":"V\u00e4lj den l\u00e4mpligaste formen av deltagande f\u00f6r dig i KUHs aktiviteter, i Finland eller i v\u00e4rlden, och var delaktig i f\u00f6r\u00e4ndringen!","og_url":"https:\/\/www.kirkonulkomaanapu.fi\/sv\/kom-med\/","og_site_name":"Kyrkans Utlandshj\u00e4lp","article_publisher":"https:\/\/www.facebook.com\/Ulkomaanapu\/","article_modified_time":"2026-03-31T08:12:45+00:00","og_image":[{"width":225,"height":225,"url":"https:\/\/www.kirkonulkomaanapu.fi\/wp-content\/uploads\/2026\/02\/Kirkon-ulkomaanapu-logo.png","type":"image\/png"}],"twitter_misc":{"Ber\u00e4knad l\u00e4stid":"3 minuter"},"schema":{"@context":"https:\/\/schema.org","@graph":[{"@type":"WebPage","@id":"https:\/\/www.kirkonulkomaanapu.fi\/sv\/kom-med\/","url":"https:\/\/www.kirkonulkomaanapu.fi\/sv\/kom-med\/","name":"Delta i v\u00e5rt arbete p\u00e5 ett s\u00e4tt som passar dig - Kyrkans Utlandshj\u00e4lp","isPartOf":{"@id":"https:\/\/www.kirkonulkomaanapu.fi\/#website"},"datePublished":"2021-05-10T13:17:44+00:00","dateModified":"2026-03-31T08:12:45+00:00","description":"V\u00e4lj den l\u00e4mpligaste formen av deltagande f\u00f6r dig i KUHs aktiviteter, i Finland eller i v\u00e4rlden, och var delaktig i f\u00f6r\u00e4ndringen!","breadcrumb":{"@id":"https:\/\/www.kirkonulkomaanapu.fi\/sv\/kom-med\/#breadcrumb"},"inLanguage":"sv-SE","potentialAction":[{"@type":"ReadAction","target":["https:\/\/www.kirkonulkomaanapu.fi\/sv\/kom-med\/"]}]},{"@type":"BreadcrumbList","@id":"https:\/\/www.kirkonulkomaanapu.fi\/sv\/kom-med\/#breadcrumb","itemListElement":[{"@type":"ListItem","position":1,"name":"Home","item":"https:\/\/www.kirkonulkomaanapu.fi\/sv\/"},{"@type":"ListItem","position":2,"name":"Kom med"}]},{"@type":"WebSite","@id":"https:\/\/www.kirkonulkomaanapu.fi\/#website","url":"https:\/\/www.kirkonulkomaanapu.fi\/","name":"Kirkon Ulkomaanapu","description":"Suomen suurin kehitysyhteisty\u00f6j\u00e4rjest\u00f6","publisher":{"@id":"https:\/\/www.kirkonulkomaanapu.fi\/#organization"},"alternateName":"KUA","potentialAction":[{"@type":"SearchAction","target":{"@type":"EntryPoint","urlTemplate":"https:\/\/www.kirkonulkomaanapu.fi\/?s={search_term_string}"},"query-input":{"@type":"PropertyValueSpecification","valueRequired":true,"valueName":"search_term_string"}}],"inLanguage":"sv-SE"},{"@type":"Organization","@id":"https:\/\/www.kirkonulkomaanapu.fi\/#organization","name":"Kirkon Ulkomaanapu","alternateName":"KUA","url":"https:\/\/www.kirkonulkomaanapu.fi\/","logo":{"@type":"ImageObject","inLanguage":"sv-SE","@id":"https:\/\/www.kirkonulkomaanapu.fi\/#\/schema\/logo\/image\/","url":"https:\/\/www.kirkonulkomaanapu.fi\/wp-content\/uploads\/2026\/02\/Kirkon-ulkomaanapu-logo-1.png","contentUrl":"https:\/\/www.kirkonulkomaanapu.fi\/wp-content\/uploads\/2026\/02\/Kirkon-ulkomaanapu-logo-1.png","width":225,"height":225,"caption":"Kirkon Ulkomaanapu"},"image":{"@id":"https:\/\/www.kirkonulkomaanapu.fi\/#\/schema\/logo\/image\/"},"sameAs":["https:\/\/www.facebook.com\/Ulkomaanapu\/","https:\/\/www.youtube.com\/user\/kirkonulkomaanapu","https:\/\/instagram.com\/kirkon_ulkomaanapu\/","https:\/\/www.linkedin.com\/company\/finn-church-aid\/"]}]}},"_links":{"self":[{"href":"https:\/\/www.kirkonulkomaanapu.fi\/sv\/wp-json\/wp\/v2\/pages\/115277","targetHints":{"allow":["GET"]}}],"collection":[{"href":"https:\/\/www.kirkonulkomaanapu.fi\/sv\/wp-json\/wp\/v2\/pages"}],"about":[{"href":"https:\/\/www.kirkonulkomaanapu.fi\/sv\/wp-json\/wp\/v2\/types\/page"}],"author":[{"embeddable":true,"href":"https:\/\/www.kirkonulkomaanapu.fi\/sv\/wp-json\/wp\/v2\/users\/146"}],"replies":[{"embeddable":true,"href":"https:\/\/www.kirkonulkomaanapu.fi\/sv\/wp-json\/wp\/v2\/comments?post=115277"}],"version-history":[{"count":3,"href":"https:\/\/www.kirkonulkomaanapu.fi\/sv\/wp-json\/wp\/v2\/pages\/115277\/revisions"}],"predecessor-version":[{"id":160701,"href":"https:\/\/www.kirkonulkomaanapu.fi\/sv\/wp-json\/wp\/v2\/pages\/115277\/revisions\/160701"}],"wp:attachment":[{"href":"https:\/\/www.kirkonulkomaanapu.fi\/sv\/wp-json\/wp\/v2\/media?parent=115277"}],"curies":[{"name":"wp","href":"https:\/\/api.w.org\/{rel}","templated":true}]}}