{"id":111569,"date":"2020-09-23T15:56:51","date_gmt":"2020-09-23T12:56:51","guid":{"rendered":"https:\/\/www.kirkonulkomaanapu.fi\/?page_id=111569"},"modified":"2025-10-10T11:18:48","modified_gmt":"2025-10-10T08:18:48","slug":"tillganglighetsutlatande","status":"publish","type":"page","link":"https:\/\/www.kirkonulkomaanapu.fi\/sv\/tillganglighetsutlatande\/","title":{"rendered":"Tillg\u00e4nglighetsutl\u00e5tande"},"content":{"rendered":"\n<h1 class=\"wp-block-heading\">Tillg\u00e4nglighetsutl\u00e5tande<\/h1>\n\n\n\n<p>Detta \u00e4r tillg\u00e4nglighetsutl\u00e5tandet f\u00f6r webbplatsen f\u00f6r Kyrkans Utlandshj\u00e4lp, kirkonulkomaanapu.fi. Det skapades den 22 september 2020 och uppdaterades senast den 9 oktober 2025.<\/p>\n\n\n\n<p>Vi str\u00e4var efter att s\u00e4kerst\u00e4lla tillg\u00e4ngligheten i v\u00e5r tj\u00e4nst i enlighet med lagen om tillhandah\u00e5llande av digitala tj\u00e4nster (306\/2019). Vi arbetar kontinuerligt med att \u00e5tg\u00e4rda eventuella tillg\u00e4nglighetsbrister, och detta utl\u00e5tande uppdateras regelbundet i takt med att f\u00f6rb\u00e4ttringar g\u00f6rs.<\/p>\n\n\n\n<p>Tj\u00e4nstens tillg\u00e4nglighet baseras p\u00e5 b\u00e5de interna bed\u00f6mningar och utv\u00e4rderingar som utf\u00f6rts av en extern expertorganisation. Bed\u00f6mningsramverket baseras p\u00e5 riktlinjerna WCAG 2.1, niv\u00e5 A.<\/p>\n\n\n\n<h2 class=\"wp-block-heading\">Tillg\u00e4nglighetsstatus<\/h2>\n\n\n\n<p>Tj\u00e4nsten uppfyller \u00e4nnu inte alla tillg\u00e4nglighetskrav fullt ut.<\/p>\n\n\n\n<h2 class=\"wp-block-heading\">Icke-tillg\u00e4ngligt inneh\u00e5ll<\/h2>\n\n\n\n<h3 class=\"wp-block-heading\">Uppfattningsbart<\/h3>\n\n\n\n<p><strong>(1.1.1) Alternativ text f\u00f6r bilder<\/strong><\/p>\n\n\n\n<p>Alla bilder har inte alternativ text.<\/p>\n\n\n\n<h3 class=\"wp-block-heading\">Andra brister<\/h3>\n\n\n\n<p><strong>PDF-filer och videor<\/strong><\/p>\n\n\n\n<p>Vissa PDF-filer och videor har publicerats f\u00f6re den 23 september 2018, och tillg\u00e4nglighetskraven g\u00e4ller inte dessa \u00e4ldre filer. Alla PDF-filer och videor som publicerats efter detta datum har gjorts tillg\u00e4ngliga s\u00e5 l\u00e5ngt det \u00e4r m\u00f6jligt.<\/p>\n\n\n\n<h2 class=\"wp-block-heading\">Har du m\u00e4rkt en tillg\u00e4nglighetsbrist?<\/h2>\n\n\n\n<p>Om du uppt\u00e4cker brister i tillg\u00e4ngligheten p\u00e5 webbplatsen, v\u00e4nligen l\u00e4mna f\u00f6rst feedback till oss, webbplatsens administrat\u00f6rer, via e-post till <a href=\"mailto:lahjoittajapalvelu@kua.fi\">lahjoittajapalvelu@kua.fi<\/a>. Du kan f\u00e5 svar inom 14 dagar. Om du inte \u00e4r n\u00f6jd med det svar du f\u00e5r, eller om du inte f\u00e5r n\u00e5got svar alls inom tv\u00e5 veckor, kan du l\u00e4mna in en anm\u00e4lan till Transport- och kommunikationsverket Traficom.<\/p>\n\n\n\n<h3 class=\"wp-block-heading\">Kontaktuppgifter till tillsynsmyndigheten<\/h3>\n\n\n\n<p><strong>Liikenne- ja viestint\u00e4virasto Traficom<\/strong><br>Digitaalisen esteett\u00f6myyden ja saavutettavuuden valvonta PL 320<br>00059 TRAFICOM<br><a href=\"https:\/\/www.saavutettavuusvaatimukset.fi\/fi\">www.saavutettavuusvaatimukset.fi<\/a><br><a href=\"mailto:saavutettavuus@traficom.fi\">saavutettavuus@traficom.fi<\/a><br>Puhelinnumero vaihde: <a href=\"tel:+358295345000\">029 534 5000<\/a><\/p>\n","protected":false},"excerpt":{"rendered":"<p>Tillg\u00e4nglighetsutl\u00e5tande Detta \u00e4r tillg\u00e4nglighetsutl\u00e5tandet f\u00f6r webbplatsen f\u00f6r Kyrkans Utlandshj\u00e4lp, kirkonulkomaanapu.fi. Det skapades den 22 september 2020 och uppdaterades senast den 9 oktober 2025. Vi str\u00e4var efter att s\u00e4kerst\u00e4lla tillg\u00e4ngligheten i v\u00e5r tj\u00e4nst i enlighet med lagen om tillhandah\u00e5llande av digitala tj\u00e4nster (306\/2019). Vi arbetar kontinuerligt med att \u00e5tg\u00e4rda eventuella tillg\u00e4nglighetsbrister, och detta utl\u00e5tande uppdateras regelbundet [&hellip;]<\/p>\n","protected":false},"author":146,"featured_media":0,"parent":0,"menu_order":0,"comment_status":"closed","ping_status":"closed","template":"","meta":{"_acf_changed":false,"_relevanssi_hide_post":"","_relevanssi_hide_content":"","_relevanssi_pin_for_all":"","_relevanssi_pin_keywords":"","_relevanssi_unpin_keywords":"","_relevanssi_related_keywords":"","_relevanssi_related_include_ids":"","_relevanssi_related_exclude_ids":"","_relevanssi_related_no_append":"","_relevanssi_related_not_related":"","_relevanssi_related_posts":"148114,144867,132218,121424,145957,129197","_relevanssi_noindex_reason":"","_improvement_type_select":"improve_an_existing","_thumb_yes_seoaic":false,"_frame_yes_seoaic":false,"seoaic_generate_description":"","seoaic_improve_instructions_prompt":"","seoaic_rollback_content_improvement":"","seoaic_idea_thumbnail_generator":"","thumbnail_generated":false,"thumbnail_generate_prompt":"","seoaic_article_description":"","footnotes":""},"class_list":["post-111569","page","type-page","status-publish","hentry"],"acf":[],"yoast_head":"<!-- This site is optimized with the Yoast SEO plugin v26.9 - https:\/\/yoast.com\/product\/yoast-seo-wordpress\/ -->\n<title>Tillg\u00e4nglighetsutl\u00e5tande - Kyrkans Utlandshj\u00e4lp<\/title>\n<meta name=\"robots\" content=\"index, follow, max-snippet:-1, max-image-preview:large, max-video-preview:-1\" \/>\n<link rel=\"canonical\" href=\"https:\/\/www.kirkonulkomaanapu.fi\/sv\/tillganglighetsutlatande\/\" \/>\n<meta property=\"og:locale\" content=\"sv_SE\" \/>\n<meta property=\"og:type\" content=\"article\" \/>\n<meta property=\"og:title\" content=\"Tillg\u00e4nglighetsutl\u00e5tande - Kyrkans Utlandshj\u00e4lp\" \/>\n<meta property=\"og:description\" content=\"Tillg\u00e4nglighetsutl\u00e5tande Detta \u00e4r tillg\u00e4nglighetsutl\u00e5tandet f\u00f6r webbplatsen f\u00f6r Kyrkans Utlandshj\u00e4lp, kirkonulkomaanapu.fi. Det skapades den 22 september 2020 och uppdaterades senast den 9 oktober 2025. Vi str\u00e4var efter att s\u00e4kerst\u00e4lla tillg\u00e4ngligheten i v\u00e5r tj\u00e4nst i enlighet med lagen om tillhandah\u00e5llande av digitala tj\u00e4nster (306\/2019). Vi arbetar kontinuerligt med att \u00e5tg\u00e4rda eventuella tillg\u00e4nglighetsbrister, och detta utl\u00e5tande uppdateras regelbundet [&hellip;]\" \/>\n<meta property=\"og:url\" content=\"https:\/\/www.kirkonulkomaanapu.fi\/sv\/tillganglighetsutlatande\/\" \/>\n<meta property=\"og:site_name\" content=\"Kyrkans Utlandshj\u00e4lp\" \/>\n<meta property=\"article:publisher\" content=\"https:\/\/www.facebook.com\/Ulkomaanapu\/\" \/>\n<meta property=\"article:modified_time\" content=\"2025-10-10T08:18:48+00:00\" \/>\n<meta property=\"og:image\" content=\"https:\/\/www.kirkonulkomaanapu.fi\/wp-content\/uploads\/2026\/02\/Kirkon-ulkomaanapu-logo.png\" \/>\n\t<meta property=\"og:image:width\" content=\"225\" \/>\n\t<meta property=\"og:image:height\" content=\"225\" \/>\n\t<meta property=\"og:image:type\" content=\"image\/png\" \/>\n<meta name=\"twitter:label1\" content=\"Ber\u00e4knad l\u00e4stid\" \/>\n\t<meta name=\"twitter:data1\" content=\"2 minuter\" \/>\n<script type=\"application\/ld+json\" class=\"yoast-schema-graph\">{\"@context\":\"https:\/\/schema.org\",\"@graph\":[{\"@type\":\"WebPage\",\"@id\":\"https:\/\/www.kirkonulkomaanapu.fi\/sv\/tillganglighetsutlatande\/\",\"url\":\"https:\/\/www.kirkonulkomaanapu.fi\/sv\/tillganglighetsutlatande\/\",\"name\":\"Tillg\u00e4nglighetsutl\u00e5tande - Kyrkans Utlandshj\u00e4lp\",\"isPartOf\":{\"@id\":\"https:\/\/www.kirkonulkomaanapu.fi\/#website\"},\"datePublished\":\"2020-09-23T12:56:51+00:00\",\"dateModified\":\"2025-10-10T08:18:48+00:00\",\"breadcrumb\":{\"@id\":\"https:\/\/www.kirkonulkomaanapu.fi\/sv\/tillganglighetsutlatande\/#breadcrumb\"},\"inLanguage\":\"sv-SE\",\"potentialAction\":[{\"@type\":\"ReadAction\",\"target\":[\"https:\/\/www.kirkonulkomaanapu.fi\/sv\/tillganglighetsutlatande\/\"]}]},{\"@type\":\"BreadcrumbList\",\"@id\":\"https:\/\/www.kirkonulkomaanapu.fi\/sv\/tillganglighetsutlatande\/#breadcrumb\",\"itemListElement\":[{\"@type\":\"ListItem\",\"position\":1,\"name\":\"Home\",\"item\":\"https:\/\/www.kirkonulkomaanapu.fi\/sv\/\"},{\"@type\":\"ListItem\",\"position\":2,\"name\":\"Tillg\u00e4nglighetsutl\u00e5tande\"}]},{\"@type\":\"WebSite\",\"@id\":\"https:\/\/www.kirkonulkomaanapu.fi\/#website\",\"url\":\"https:\/\/www.kirkonulkomaanapu.fi\/\",\"name\":\"Kirkon Ulkomaanapu\",\"description\":\"Suomen suurin kehitysyhteisty\u00f6j\u00e4rjest\u00f6\",\"publisher\":{\"@id\":\"https:\/\/www.kirkonulkomaanapu.fi\/#organization\"},\"alternateName\":\"KUA\",\"potentialAction\":[{\"@type\":\"SearchAction\",\"target\":{\"@type\":\"EntryPoint\",\"urlTemplate\":\"https:\/\/www.kirkonulkomaanapu.fi\/?s={search_term_string}\"},\"query-input\":{\"@type\":\"PropertyValueSpecification\",\"valueRequired\":true,\"valueName\":\"search_term_string\"}}],\"inLanguage\":\"sv-SE\"},{\"@type\":\"Organization\",\"@id\":\"https:\/\/www.kirkonulkomaanapu.fi\/#organization\",\"name\":\"Kirkon Ulkomaanapu\",\"alternateName\":\"KUA\",\"url\":\"https:\/\/www.kirkonulkomaanapu.fi\/\",\"logo\":{\"@type\":\"ImageObject\",\"inLanguage\":\"sv-SE\",\"@id\":\"https:\/\/www.kirkonulkomaanapu.fi\/#\/schema\/logo\/image\/\",\"url\":\"https:\/\/www.kirkonulkomaanapu.fi\/wp-content\/uploads\/2026\/02\/Kirkon-ulkomaanapu-logo-1.png\",\"contentUrl\":\"https:\/\/www.kirkonulkomaanapu.fi\/wp-content\/uploads\/2026\/02\/Kirkon-ulkomaanapu-logo-1.png\",\"width\":225,\"height\":225,\"caption\":\"Kirkon Ulkomaanapu\"},\"image\":{\"@id\":\"https:\/\/www.kirkonulkomaanapu.fi\/#\/schema\/logo\/image\/\"},\"sameAs\":[\"https:\/\/www.facebook.com\/Ulkomaanapu\/\",\"https:\/\/www.youtube.com\/user\/kirkonulkomaanapu\",\"https:\/\/instagram.com\/kirkon_ulkomaanapu\/\",\"https:\/\/www.linkedin.com\/company\/finn-church-aid\/\"]}]}<\/script>\n<!-- \/ Yoast SEO plugin. -->","yoast_head_json":{"title":"Tillg\u00e4nglighetsutl\u00e5tande - Kyrkans Utlandshj\u00e4lp","robots":{"index":"index","follow":"follow","max-snippet":"max-snippet:-1","max-image-preview":"max-image-preview:large","max-video-preview":"max-video-preview:-1"},"canonical":"https:\/\/www.kirkonulkomaanapu.fi\/sv\/tillganglighetsutlatande\/","og_locale":"sv_SE","og_type":"article","og_title":"Tillg\u00e4nglighetsutl\u00e5tande - Kyrkans Utlandshj\u00e4lp","og_description":"Tillg\u00e4nglighetsutl\u00e5tande Detta \u00e4r tillg\u00e4nglighetsutl\u00e5tandet f\u00f6r webbplatsen f\u00f6r Kyrkans Utlandshj\u00e4lp, kirkonulkomaanapu.fi. Det skapades den 22 september 2020 och uppdaterades senast den 9 oktober 2025. Vi str\u00e4var efter att s\u00e4kerst\u00e4lla tillg\u00e4ngligheten i v\u00e5r tj\u00e4nst i enlighet med lagen om tillhandah\u00e5llande av digitala tj\u00e4nster (306\/2019). Vi arbetar kontinuerligt med att \u00e5tg\u00e4rda eventuella tillg\u00e4nglighetsbrister, och detta utl\u00e5tande uppdateras regelbundet [&hellip;]","og_url":"https:\/\/www.kirkonulkomaanapu.fi\/sv\/tillganglighetsutlatande\/","og_site_name":"Kyrkans Utlandshj\u00e4lp","article_publisher":"https:\/\/www.facebook.com\/Ulkomaanapu\/","article_modified_time":"2025-10-10T08:18:48+00:00","og_image":[{"width":225,"height":225,"url":"https:\/\/www.kirkonulkomaanapu.fi\/wp-content\/uploads\/2026\/02\/Kirkon-ulkomaanapu-logo.png","type":"image\/png"}],"twitter_misc":{"Ber\u00e4knad l\u00e4stid":"2 minuter"},"schema":{"@context":"https:\/\/schema.org","@graph":[{"@type":"WebPage","@id":"https:\/\/www.kirkonulkomaanapu.fi\/sv\/tillganglighetsutlatande\/","url":"https:\/\/www.kirkonulkomaanapu.fi\/sv\/tillganglighetsutlatande\/","name":"Tillg\u00e4nglighetsutl\u00e5tande - Kyrkans Utlandshj\u00e4lp","isPartOf":{"@id":"https:\/\/www.kirkonulkomaanapu.fi\/#website"},"datePublished":"2020-09-23T12:56:51+00:00","dateModified":"2025-10-10T08:18:48+00:00","breadcrumb":{"@id":"https:\/\/www.kirkonulkomaanapu.fi\/sv\/tillganglighetsutlatande\/#breadcrumb"},"inLanguage":"sv-SE","potentialAction":[{"@type":"ReadAction","target":["https:\/\/www.kirkonulkomaanapu.fi\/sv\/tillganglighetsutlatande\/"]}]},{"@type":"BreadcrumbList","@id":"https:\/\/www.kirkonulkomaanapu.fi\/sv\/tillganglighetsutlatande\/#breadcrumb","itemListElement":[{"@type":"ListItem","position":1,"name":"Home","item":"https:\/\/www.kirkonulkomaanapu.fi\/sv\/"},{"@type":"ListItem","position":2,"name":"Tillg\u00e4nglighetsutl\u00e5tande"}]},{"@type":"WebSite","@id":"https:\/\/www.kirkonulkomaanapu.fi\/#website","url":"https:\/\/www.kirkonulkomaanapu.fi\/","name":"Kirkon Ulkomaanapu","description":"Suomen suurin kehitysyhteisty\u00f6j\u00e4rjest\u00f6","publisher":{"@id":"https:\/\/www.kirkonulkomaanapu.fi\/#organization"},"alternateName":"KUA","potentialAction":[{"@type":"SearchAction","target":{"@type":"EntryPoint","urlTemplate":"https:\/\/www.kirkonulkomaanapu.fi\/?s={search_term_string}"},"query-input":{"@type":"PropertyValueSpecification","valueRequired":true,"valueName":"search_term_string"}}],"inLanguage":"sv-SE"},{"@type":"Organization","@id":"https:\/\/www.kirkonulkomaanapu.fi\/#organization","name":"Kirkon Ulkomaanapu","alternateName":"KUA","url":"https:\/\/www.kirkonulkomaanapu.fi\/","logo":{"@type":"ImageObject","inLanguage":"sv-SE","@id":"https:\/\/www.kirkonulkomaanapu.fi\/#\/schema\/logo\/image\/","url":"https:\/\/www.kirkonulkomaanapu.fi\/wp-content\/uploads\/2026\/02\/Kirkon-ulkomaanapu-logo-1.png","contentUrl":"https:\/\/www.kirkonulkomaanapu.fi\/wp-content\/uploads\/2026\/02\/Kirkon-ulkomaanapu-logo-1.png","width":225,"height":225,"caption":"Kirkon Ulkomaanapu"},"image":{"@id":"https:\/\/www.kirkonulkomaanapu.fi\/#\/schema\/logo\/image\/"},"sameAs":["https:\/\/www.facebook.com\/Ulkomaanapu\/","https:\/\/www.youtube.com\/user\/kirkonulkomaanapu","https:\/\/instagram.com\/kirkon_ulkomaanapu\/","https:\/\/www.linkedin.com\/company\/finn-church-aid\/"]}]}},"_links":{"self":[{"href":"https:\/\/www.kirkonulkomaanapu.fi\/sv\/wp-json\/wp\/v2\/pages\/111569","targetHints":{"allow":["GET"]}}],"collection":[{"href":"https:\/\/www.kirkonulkomaanapu.fi\/sv\/wp-json\/wp\/v2\/pages"}],"about":[{"href":"https:\/\/www.kirkonulkomaanapu.fi\/sv\/wp-json\/wp\/v2\/types\/page"}],"author":[{"embeddable":true,"href":"https:\/\/www.kirkonulkomaanapu.fi\/sv\/wp-json\/wp\/v2\/users\/146"}],"replies":[{"embeddable":true,"href":"https:\/\/www.kirkonulkomaanapu.fi\/sv\/wp-json\/wp\/v2\/comments?post=111569"}],"version-history":[{"count":2,"href":"https:\/\/www.kirkonulkomaanapu.fi\/sv\/wp-json\/wp\/v2\/pages\/111569\/revisions"}],"predecessor-version":[{"id":157135,"href":"https:\/\/www.kirkonulkomaanapu.fi\/sv\/wp-json\/wp\/v2\/pages\/111569\/revisions\/157135"}],"wp:attachment":[{"href":"https:\/\/www.kirkonulkomaanapu.fi\/sv\/wp-json\/wp\/v2\/media?parent=111569"}],"curies":[{"name":"wp","href":"https:\/\/api.w.org\/{rel}","templated":true}]}}