{"id":110703,"date":"2019-11-04T10:52:02","date_gmt":"2019-11-04T08:52:02","guid":{"rendered":"https:\/\/www.kirkonulkomaanapu.fi\/missa-tyoskentelemme\/jordania\/"},"modified":"2026-03-23T09:14:00","modified_gmt":"2026-03-23T07:14:00","slug":"jordanien","status":"publish","type":"page","link":"https:\/\/www.kirkonulkomaanapu.fi\/sv\/var-vi-jobbar\/jordanien\/","title":{"rendered":"Jordanien"},"content":{"rendered":"\n<h1 class=\"wp-block-heading\">Jordanien<\/h1>\n\n\n\n<p class=\"is-style-ingress\">Det stora antalet syriska flyktingar forts\u00e4tter att p\u00e5verka det jordanska samh\u00e4llet p\u00e5 m\u00e5nga s\u00e4tt. I och med det utdragna kriget i Syrien blir det allt sv\u00e5rare att f\u00e5 internationell finansiering f\u00f6r humanit\u00e4rt bist\u00e5nd.<\/p>\n\n\n\n<figure class=\"wp-block-image size-large\"><img loading=\"lazy\" decoding=\"async\" width=\"1024\" height=\"576\" src=\"https:\/\/www.kirkonulkomaanapu.fi\/wp-content\/uploads\/2020\/08\/FCAmaps_sve_Jordania-1024x576.png\" alt=\"Karta \u00f6ver Jordanien.\" class=\"wp-image-111079\" srcset=\"https:\/\/www.kirkonulkomaanapu.fi\/wp-content\/uploads\/2020\/08\/FCAmaps_sve_Jordania-1024x576.png 1024w, https:\/\/www.kirkonulkomaanapu.fi\/wp-content\/uploads\/2020\/08\/FCAmaps_sve_Jordania-480x270.png 480w, https:\/\/www.kirkonulkomaanapu.fi\/wp-content\/uploads\/2020\/08\/FCAmaps_sve_Jordania-768x432.png 768w, https:\/\/www.kirkonulkomaanapu.fi\/wp-content\/uploads\/2020\/08\/FCAmaps_sve_Jordania-1536x864.png 1536w, https:\/\/www.kirkonulkomaanapu.fi\/wp-content\/uploads\/2020\/08\/FCAmaps_sve_Jordania-316x178.png 316w, https:\/\/www.kirkonulkomaanapu.fi\/wp-content\/uploads\/2020\/08\/FCAmaps_sve_Jordania.png 2048w\" sizes=\"auto, (max-width: 1024px) 100vw, 1024px\" \/><\/figure>\n\n\n\n\n<div class=\"block-content-with-infobox full-width id-block\">\n\t<div class=\"container-lg\">\n\t\t<div class=\"row justify-content-center\">\n\t\t\t<div class=\"col\">\n\t\t\t\t<div class=\"flex-inner inner-blocks entry-content\">\n\t\t\t\t\t\n\n<div class=\"block-inner-blocks inner-blocks entry-content lorem\">\n\t\n\n<p>KUAL:s arbete i Jordanien fokuserar p\u00e5 att st\u00e4rka flyktingarnas och jordanska lokalbefolkningens kapacitet och minska bist\u00e5ndsberoendet. <\/p>\n\n\n\n<p>V\u00e5rt arbete omfattar s\u00e4rskilt st\u00f6d till unga m\u00e4nniskor och kvinnor inom omr\u00e5den som r\u00f6r jordbruk, klimat och milj\u00f6, till exempel cirkul\u00e4r ekonomi. Under tidigare \u00e5r har KUA:s arbete med f\u00f6rs\u00f6rjningsm\u00f6jligheter fokuserat p\u00e5 att st\u00f6dja skapandet av sm\u00e5f\u00f6retag i flyktingsamh\u00e4llen och andra br\u00e4ckliga lokalsamh\u00e4llen.<\/p>\n\n\n<\/div>\n\n\n<div class=\"block-inner-blocks inner-blocks entry-content\">\n\t\n\n<figure class=\"wp-block-image size-large\"><img loading=\"lazy\" decoding=\"async\" width=\"159\" height=\"80\" src=\"https:\/\/www.kirkonulkomaanapu.fi\/wp-content\/uploads\/2019\/10\/Jordanian-lippu.png\" alt=\"Jordanian lippu.\" class=\"wp-image-97117\"\/><figcaption class=\"wp-element-caption\">Jordanien<\/figcaption><\/figure>\n\n\n\n<p><strong>Befolkning:\u00a0<\/strong>11,3miljoner<br><strong>Huvudstad:\u00a0<\/strong>Amman<br><strong>Valuta:\u00a0<\/strong>Jordansk dinar<br><strong>Spr\u00e5k:<\/strong>\u00a0Arabiska (officielt), Engelska<br><strong>KUA i Jordanien:<\/strong>\u00a0sedan 2012<\/p>\n\n\n<\/div>\n\n\t\t\t\t<\/div>\n\t\t\t<\/div>\n\t\t<\/div>\n\t<\/div>\t\n<\/div>\n","protected":false},"excerpt":{"rendered":"<p>Jordanien Det stora antalet syriska flyktingar forts\u00e4tter att p\u00e5verka det jordanska samh\u00e4llet p\u00e5 m\u00e5nga s\u00e4tt. I och med det utdragna kriget i Syrien blir det allt sv\u00e5rare att f\u00e5 internationell finansiering f\u00f6r humanit\u00e4rt bist\u00e5nd.<\/p>\n","protected":false},"author":137,"featured_media":111329,"parent":97997,"menu_order":0,"comment_status":"closed","ping_status":"closed","template":"page-templates\/missa-toimimme-child.php","meta":{"_acf_changed":false,"_relevanssi_hide_post":"","_relevanssi_hide_content":"","_relevanssi_pin_for_all":"","_relevanssi_pin_keywords":"","_relevanssi_unpin_keywords":"","_relevanssi_related_keywords":"","_relevanssi_related_include_ids":"","_relevanssi_related_exclude_ids":"","_relevanssi_related_no_append":"","_relevanssi_related_not_related":"","_relevanssi_related_posts":"63644,89500,108131","_relevanssi_noindex_reason":"","_improvement_type_select":"improve_an_existing","_thumb_yes_seoaic":false,"_frame_yes_seoaic":false,"seoaic_generate_description":"","seoaic_improve_instructions_prompt":"","seoaic_rollback_content_improvement":"","seoaic_idea_thumbnail_generator":"","thumbnail_generated":false,"thumbnail_generate_prompt":"","seoaic_article_description":"","footnotes":""},"class_list":["post-110703","page","type-page","status-publish","has-post-thumbnail","hentry"],"acf":[],"yoast_head":"<!-- This site is optimized with the Yoast SEO plugin v26.9 - https:\/\/yoast.com\/product\/yoast-seo-wordpress\/ -->\n<title>Jordanien - Kyrkans Utlandshj\u00e4lp - Jobb f\u00f6r m\u00e4nniskorv\u00e4rdet<\/title>\n<meta name=\"description\" content=\"KUHs arbete i Jordanien fokuserar p\u00e5 att st\u00e4rka flyktingarnas och jordanska lokalbefolkningens kapacitet och minska bist\u00e5ndsberoendet.\" \/>\n<meta name=\"robots\" content=\"index, follow, max-snippet:-1, max-image-preview:large, max-video-preview:-1\" \/>\n<link rel=\"canonical\" href=\"https:\/\/www.kirkonulkomaanapu.fi\/sv\/var-vi-jobbar\/jordanien\/\" \/>\n<meta property=\"og:locale\" content=\"sv_SE\" \/>\n<meta property=\"og:type\" content=\"article\" \/>\n<meta property=\"og:title\" content=\"Jordanien - Kyrkans Utlandshj\u00e4lp - Jobb f\u00f6r m\u00e4nniskorv\u00e4rdet\" \/>\n<meta property=\"og:description\" content=\"KUHs arbete i Jordanien fokuserar p\u00e5 att st\u00e4rka flyktingarnas och jordanska lokalbefolkningens kapacitet och minska bist\u00e5ndsberoendet.\" \/>\n<meta property=\"og:url\" content=\"https:\/\/www.kirkonulkomaanapu.fi\/sv\/var-vi-jobbar\/jordanien\/\" \/>\n<meta property=\"og:site_name\" content=\"Kyrkans Utlandshj\u00e4lp\" \/>\n<meta property=\"article:publisher\" content=\"https:\/\/www.facebook.com\/Ulkomaanapu\/\" \/>\n<meta property=\"article:modified_time\" content=\"2026-03-23T07:14:00+00:00\" \/>\n<meta property=\"og:image\" content=\"https:\/\/www.kirkonulkomaanapu.fi\/wp-content\/uploads\/2020\/09\/FCAmaps_sve_Jordania.png\" \/>\n\t<meta property=\"og:image:width\" content=\"2048\" \/>\n\t<meta property=\"og:image:height\" content=\"1152\" \/>\n\t<meta property=\"og:image:type\" content=\"image\/png\" \/>\n<meta name=\"twitter:label1\" content=\"Ber\u00e4knad l\u00e4stid\" \/>\n\t<meta name=\"twitter:data1\" content=\"2 minuter\" \/>\n<script type=\"application\/ld+json\" class=\"yoast-schema-graph\">{\"@context\":\"https:\/\/schema.org\",\"@graph\":[{\"@type\":\"WebPage\",\"@id\":\"https:\/\/www.kirkonulkomaanapu.fi\/sv\/var-vi-jobbar\/jordanien\/\",\"url\":\"https:\/\/www.kirkonulkomaanapu.fi\/sv\/var-vi-jobbar\/jordanien\/\",\"name\":\"Jordanien - Kyrkans Utlandshj\u00e4lp - Jobb f\u00f6r m\u00e4nniskorv\u00e4rdet\",\"isPartOf\":{\"@id\":\"https:\/\/www.kirkonulkomaanapu.fi\/#website\"},\"primaryImageOfPage\":{\"@id\":\"https:\/\/www.kirkonulkomaanapu.fi\/sv\/var-vi-jobbar\/jordanien\/#primaryimage\"},\"image\":{\"@id\":\"https:\/\/www.kirkonulkomaanapu.fi\/sv\/var-vi-jobbar\/jordanien\/#primaryimage\"},\"thumbnailUrl\":\"https:\/\/www.kirkonulkomaanapu.fi\/wp-content\/uploads\/2020\/09\/FCAmaps_sve_Jordania.png\",\"datePublished\":\"2019-11-04T08:52:02+00:00\",\"dateModified\":\"2026-03-23T07:14:00+00:00\",\"description\":\"KUHs arbete i Jordanien fokuserar p\u00e5 att st\u00e4rka flyktingarnas och jordanska lokalbefolkningens kapacitet och minska bist\u00e5ndsberoendet.\",\"breadcrumb\":{\"@id\":\"https:\/\/www.kirkonulkomaanapu.fi\/sv\/var-vi-jobbar\/jordanien\/#breadcrumb\"},\"inLanguage\":\"sv-SE\",\"potentialAction\":[{\"@type\":\"ReadAction\",\"target\":[\"https:\/\/www.kirkonulkomaanapu.fi\/sv\/var-vi-jobbar\/jordanien\/\"]}]},{\"@type\":\"ImageObject\",\"inLanguage\":\"sv-SE\",\"@id\":\"https:\/\/www.kirkonulkomaanapu.fi\/sv\/var-vi-jobbar\/jordanien\/#primaryimage\",\"url\":\"https:\/\/www.kirkonulkomaanapu.fi\/wp-content\/uploads\/2020\/09\/FCAmaps_sve_Jordania.png\",\"contentUrl\":\"https:\/\/www.kirkonulkomaanapu.fi\/wp-content\/uploads\/2020\/09\/FCAmaps_sve_Jordania.png\",\"width\":2048,\"height\":1152,\"caption\":\"Karta \u00f6ver Jordanien\"},{\"@type\":\"BreadcrumbList\",\"@id\":\"https:\/\/www.kirkonulkomaanapu.fi\/sv\/var-vi-jobbar\/jordanien\/#breadcrumb\",\"itemListElement\":[{\"@type\":\"ListItem\",\"position\":1,\"name\":\"Home\",\"item\":\"https:\/\/www.kirkonulkomaanapu.fi\/sv\/\"},{\"@type\":\"ListItem\",\"position\":2,\"name\":\"Var vi jobbar\",\"item\":\"https:\/\/www.kirkonulkomaanapu.fi\/sv\/var-vi-jobbar\/\"},{\"@type\":\"ListItem\",\"position\":3,\"name\":\"Jordanien\"}]},{\"@type\":\"WebSite\",\"@id\":\"https:\/\/www.kirkonulkomaanapu.fi\/#website\",\"url\":\"https:\/\/www.kirkonulkomaanapu.fi\/\",\"name\":\"Kirkon Ulkomaanapu\",\"description\":\"Suomen suurin kehitysyhteisty\u00f6j\u00e4rjest\u00f6\",\"publisher\":{\"@id\":\"https:\/\/www.kirkonulkomaanapu.fi\/#organization\"},\"alternateName\":\"KUA\",\"potentialAction\":[{\"@type\":\"SearchAction\",\"target\":{\"@type\":\"EntryPoint\",\"urlTemplate\":\"https:\/\/www.kirkonulkomaanapu.fi\/?s={search_term_string}\"},\"query-input\":{\"@type\":\"PropertyValueSpecification\",\"valueRequired\":true,\"valueName\":\"search_term_string\"}}],\"inLanguage\":\"sv-SE\"},{\"@type\":\"Organization\",\"@id\":\"https:\/\/www.kirkonulkomaanapu.fi\/#organization\",\"name\":\"Kirkon Ulkomaanapu\",\"alternateName\":\"KUA\",\"url\":\"https:\/\/www.kirkonulkomaanapu.fi\/\",\"logo\":{\"@type\":\"ImageObject\",\"inLanguage\":\"sv-SE\",\"@id\":\"https:\/\/www.kirkonulkomaanapu.fi\/#\/schema\/logo\/image\/\",\"url\":\"https:\/\/www.kirkonulkomaanapu.fi\/wp-content\/uploads\/2026\/02\/Kirkon-ulkomaanapu-logo-1.png\",\"contentUrl\":\"https:\/\/www.kirkonulkomaanapu.fi\/wp-content\/uploads\/2026\/02\/Kirkon-ulkomaanapu-logo-1.png\",\"width\":225,\"height\":225,\"caption\":\"Kirkon Ulkomaanapu\"},\"image\":{\"@id\":\"https:\/\/www.kirkonulkomaanapu.fi\/#\/schema\/logo\/image\/\"},\"sameAs\":[\"https:\/\/www.facebook.com\/Ulkomaanapu\/\",\"https:\/\/www.youtube.com\/user\/kirkonulkomaanapu\",\"https:\/\/instagram.com\/kirkon_ulkomaanapu\/\",\"https:\/\/www.linkedin.com\/company\/finn-church-aid\/\"]}]}<\/script>\n<!-- \/ Yoast SEO plugin. -->","yoast_head_json":{"title":"Jordanien - Kyrkans Utlandshj\u00e4lp - Jobb f\u00f6r m\u00e4nniskorv\u00e4rdet","description":"KUHs arbete i Jordanien fokuserar p\u00e5 att st\u00e4rka flyktingarnas och jordanska lokalbefolkningens kapacitet och minska bist\u00e5ndsberoendet.","robots":{"index":"index","follow":"follow","max-snippet":"max-snippet:-1","max-image-preview":"max-image-preview:large","max-video-preview":"max-video-preview:-1"},"canonical":"https:\/\/www.kirkonulkomaanapu.fi\/sv\/var-vi-jobbar\/jordanien\/","og_locale":"sv_SE","og_type":"article","og_title":"Jordanien - Kyrkans Utlandshj\u00e4lp - Jobb f\u00f6r m\u00e4nniskorv\u00e4rdet","og_description":"KUHs arbete i Jordanien fokuserar p\u00e5 att st\u00e4rka flyktingarnas och jordanska lokalbefolkningens kapacitet och minska bist\u00e5ndsberoendet.","og_url":"https:\/\/www.kirkonulkomaanapu.fi\/sv\/var-vi-jobbar\/jordanien\/","og_site_name":"Kyrkans Utlandshj\u00e4lp","article_publisher":"https:\/\/www.facebook.com\/Ulkomaanapu\/","article_modified_time":"2026-03-23T07:14:00+00:00","og_image":[{"width":2048,"height":1152,"url":"https:\/\/www.kirkonulkomaanapu.fi\/wp-content\/uploads\/2020\/09\/FCAmaps_sve_Jordania.png","type":"image\/png"}],"twitter_misc":{"Ber\u00e4knad l\u00e4stid":"2 minuter"},"schema":{"@context":"https:\/\/schema.org","@graph":[{"@type":"WebPage","@id":"https:\/\/www.kirkonulkomaanapu.fi\/sv\/var-vi-jobbar\/jordanien\/","url":"https:\/\/www.kirkonulkomaanapu.fi\/sv\/var-vi-jobbar\/jordanien\/","name":"Jordanien - Kyrkans Utlandshj\u00e4lp - Jobb f\u00f6r m\u00e4nniskorv\u00e4rdet","isPartOf":{"@id":"https:\/\/www.kirkonulkomaanapu.fi\/#website"},"primaryImageOfPage":{"@id":"https:\/\/www.kirkonulkomaanapu.fi\/sv\/var-vi-jobbar\/jordanien\/#primaryimage"},"image":{"@id":"https:\/\/www.kirkonulkomaanapu.fi\/sv\/var-vi-jobbar\/jordanien\/#primaryimage"},"thumbnailUrl":"https:\/\/www.kirkonulkomaanapu.fi\/wp-content\/uploads\/2020\/09\/FCAmaps_sve_Jordania.png","datePublished":"2019-11-04T08:52:02+00:00","dateModified":"2026-03-23T07:14:00+00:00","description":"KUHs arbete i Jordanien fokuserar p\u00e5 att st\u00e4rka flyktingarnas och jordanska lokalbefolkningens kapacitet och minska bist\u00e5ndsberoendet.","breadcrumb":{"@id":"https:\/\/www.kirkonulkomaanapu.fi\/sv\/var-vi-jobbar\/jordanien\/#breadcrumb"},"inLanguage":"sv-SE","potentialAction":[{"@type":"ReadAction","target":["https:\/\/www.kirkonulkomaanapu.fi\/sv\/var-vi-jobbar\/jordanien\/"]}]},{"@type":"ImageObject","inLanguage":"sv-SE","@id":"https:\/\/www.kirkonulkomaanapu.fi\/sv\/var-vi-jobbar\/jordanien\/#primaryimage","url":"https:\/\/www.kirkonulkomaanapu.fi\/wp-content\/uploads\/2020\/09\/FCAmaps_sve_Jordania.png","contentUrl":"https:\/\/www.kirkonulkomaanapu.fi\/wp-content\/uploads\/2020\/09\/FCAmaps_sve_Jordania.png","width":2048,"height":1152,"caption":"Karta \u00f6ver Jordanien"},{"@type":"BreadcrumbList","@id":"https:\/\/www.kirkonulkomaanapu.fi\/sv\/var-vi-jobbar\/jordanien\/#breadcrumb","itemListElement":[{"@type":"ListItem","position":1,"name":"Home","item":"https:\/\/www.kirkonulkomaanapu.fi\/sv\/"},{"@type":"ListItem","position":2,"name":"Var vi jobbar","item":"https:\/\/www.kirkonulkomaanapu.fi\/sv\/var-vi-jobbar\/"},{"@type":"ListItem","position":3,"name":"Jordanien"}]},{"@type":"WebSite","@id":"https:\/\/www.kirkonulkomaanapu.fi\/#website","url":"https:\/\/www.kirkonulkomaanapu.fi\/","name":"Kirkon Ulkomaanapu","description":"Suomen suurin kehitysyhteisty\u00f6j\u00e4rjest\u00f6","publisher":{"@id":"https:\/\/www.kirkonulkomaanapu.fi\/#organization"},"alternateName":"KUA","potentialAction":[{"@type":"SearchAction","target":{"@type":"EntryPoint","urlTemplate":"https:\/\/www.kirkonulkomaanapu.fi\/?s={search_term_string}"},"query-input":{"@type":"PropertyValueSpecification","valueRequired":true,"valueName":"search_term_string"}}],"inLanguage":"sv-SE"},{"@type":"Organization","@id":"https:\/\/www.kirkonulkomaanapu.fi\/#organization","name":"Kirkon Ulkomaanapu","alternateName":"KUA","url":"https:\/\/www.kirkonulkomaanapu.fi\/","logo":{"@type":"ImageObject","inLanguage":"sv-SE","@id":"https:\/\/www.kirkonulkomaanapu.fi\/#\/schema\/logo\/image\/","url":"https:\/\/www.kirkonulkomaanapu.fi\/wp-content\/uploads\/2026\/02\/Kirkon-ulkomaanapu-logo-1.png","contentUrl":"https:\/\/www.kirkonulkomaanapu.fi\/wp-content\/uploads\/2026\/02\/Kirkon-ulkomaanapu-logo-1.png","width":225,"height":225,"caption":"Kirkon Ulkomaanapu"},"image":{"@id":"https:\/\/www.kirkonulkomaanapu.fi\/#\/schema\/logo\/image\/"},"sameAs":["https:\/\/www.facebook.com\/Ulkomaanapu\/","https:\/\/www.youtube.com\/user\/kirkonulkomaanapu","https:\/\/instagram.com\/kirkon_ulkomaanapu\/","https:\/\/www.linkedin.com\/company\/finn-church-aid\/"]}]}},"_links":{"self":[{"href":"https:\/\/www.kirkonulkomaanapu.fi\/sv\/wp-json\/wp\/v2\/pages\/110703","targetHints":{"allow":["GET"]}}],"collection":[{"href":"https:\/\/www.kirkonulkomaanapu.fi\/sv\/wp-json\/wp\/v2\/pages"}],"about":[{"href":"https:\/\/www.kirkonulkomaanapu.fi\/sv\/wp-json\/wp\/v2\/types\/page"}],"author":[{"embeddable":true,"href":"https:\/\/www.kirkonulkomaanapu.fi\/sv\/wp-json\/wp\/v2\/users\/137"}],"replies":[{"embeddable":true,"href":"https:\/\/www.kirkonulkomaanapu.fi\/sv\/wp-json\/wp\/v2\/comments?post=110703"}],"version-history":[{"count":3,"href":"https:\/\/www.kirkonulkomaanapu.fi\/sv\/wp-json\/wp\/v2\/pages\/110703\/revisions"}],"predecessor-version":[{"id":160538,"href":"https:\/\/www.kirkonulkomaanapu.fi\/sv\/wp-json\/wp\/v2\/pages\/110703\/revisions\/160538"}],"up":[{"embeddable":true,"href":"https:\/\/www.kirkonulkomaanapu.fi\/sv\/wp-json\/wp\/v2\/pages\/97997"}],"wp:featuredmedia":[{"embeddable":true,"href":"https:\/\/www.kirkonulkomaanapu.fi\/sv\/wp-json\/wp\/v2\/media\/111329"}],"wp:attachment":[{"href":"https:\/\/www.kirkonulkomaanapu.fi\/sv\/wp-json\/wp\/v2\/media?parent=110703"}],"curies":[{"name":"wp","href":"https:\/\/api.w.org\/{rel}","templated":true}]}}