{"id":110541,"date":"2019-11-04T10:52:32","date_gmt":"2019-11-04T08:52:32","guid":{"rendered":"https:\/\/www.kirkonulkomaanapu.fi\/missa-tyoskentelemme\/somalia\/"},"modified":"2026-03-23T09:24:37","modified_gmt":"2026-03-23T07:24:37","slug":"somalia","status":"publish","type":"page","link":"https:\/\/www.kirkonulkomaanapu.fi\/sv\/var-vi-jobbar\/somalia\/","title":{"rendered":"Somalia"},"content":{"rendered":"\n<h1 class=\"wp-block-heading\">Somalia<\/h1>\n\n\n\n<p class=\"is-style-ingress\">\u00c5rtionden av v\u00e5ldsamheter har gjort Somalia till en av v\u00e4rldens sk\u00f6raste och fattigaste stater. Inb\u00f6rdeskriget som b\u00f6rjade \u00e5r 1990 orsakade i praktiken en totalkollaps av statsf\u00f6rvaltningen, och extremistgrupper som al-Shabaab kontrollerar fortfarande en del omr\u00e5den inom landet.<\/p>\n\n\n\n<figure class=\"wp-block-image size-large\"><img loading=\"lazy\" decoding=\"async\" width=\"1024\" height=\"576\" src=\"https:\/\/www.kirkonulkomaanapu.fi\/wp-content\/uploads\/2020\/08\/FCAmaps_sve_Somalia-1024x576.png\" alt=\"Karta \u00f6ver Somalia\" class=\"wp-image-111086\" srcset=\"https:\/\/www.kirkonulkomaanapu.fi\/wp-content\/uploads\/2020\/08\/FCAmaps_sve_Somalia-1024x576.png 1024w, https:\/\/www.kirkonulkomaanapu.fi\/wp-content\/uploads\/2020\/08\/FCAmaps_sve_Somalia-480x270.png 480w, https:\/\/www.kirkonulkomaanapu.fi\/wp-content\/uploads\/2020\/08\/FCAmaps_sve_Somalia-768x432.png 768w, https:\/\/www.kirkonulkomaanapu.fi\/wp-content\/uploads\/2020\/08\/FCAmaps_sve_Somalia-1536x864.png 1536w, https:\/\/www.kirkonulkomaanapu.fi\/wp-content\/uploads\/2020\/08\/FCAmaps_sve_Somalia-316x178.png 316w, https:\/\/www.kirkonulkomaanapu.fi\/wp-content\/uploads\/2020\/08\/FCAmaps_sve_Somalia.png 2048w\" sizes=\"auto, (max-width: 1024px) 100vw, 1024px\" \/><\/figure>\n\n\n\n\n<div class=\"block-content-with-infobox full-width id-block\">\n\t<div class=\"container-lg\">\n\t\t<div class=\"row justify-content-center\">\n\t\t\t<div class=\"col\">\n\t\t\t\t<div class=\"flex-inner inner-blocks entry-content\">\n\t\t\t\t\t\n\n<div class=\"block-inner-blocks inner-blocks entry-content lorem\">\n\t\n\n<p>I Somalia st\u00f6der Kyrkans Utlandshj\u00e4lp (KUA) arbetet med fred och f\u00f6rsoning samt \u00e5teruppbyggnaden av den kollapsade statsf\u00f6rvaltningen. KUA arbetar ocks\u00e5 i Somaliland, ett omr\u00e5de som utropat sig sj\u00e4lvst\u00e4ndigt och har ett stabilare s\u00e4kerhetsl\u00e4ge, men ocks\u00e5 d\u00e4r begr\u00e4nsas r\u00f6rligheten av risken f\u00f6r terrord\u00e5d och kidnappningar.<\/p>\n\n\n\n<p>Humanit\u00e4rt bist\u00e5nd ger vatten och mat till de omr\u00e5den som drabbats h\u00e5rdast av torkan.<\/p>\n\n\n<\/div>\n\n\n<div class=\"block-inner-blocks inner-blocks entry-content\">\n\t\n\n<figure class=\"wp-block-image size-large\"><img loading=\"lazy\" decoding=\"async\" width=\"138\" height=\"92\" src=\"https:\/\/www.kirkonulkomaanapu.fi\/wp-content\/uploads\/2019\/11\/Somalian-lippu.png\" alt=\"Somalian lippu.\" class=\"wp-image-97170\"\/><figcaption class=\"wp-element-caption\">Somalia<\/figcaption><\/figure>\n\n\n\n<p><strong>Befolkning:\u00a0<\/strong>19,6 miljoner<br><strong>Huvudstad:<\/strong>\u00a0Mogadishu<br><strong>Valuta:<\/strong>\u00a0somalisk shilling<br><strong>Spr\u00e5k:<\/strong>\u00a0Somali (officielt), Arabiska (officielt), Italienska, Engelska<br><strong>KUA i Somalia:\u00a0<\/strong>sedan 2008<\/p>\n\n\n<\/div>\n\n\t\t\t\t<\/div>\n\t\t\t<\/div>\n\t\t<\/div>\n\t<\/div>\t\n<\/div>\n\n\n\n<h2 class=\"wp-block-heading\"><\/h2>\n","protected":false},"excerpt":{"rendered":"<p>Somalia \u00c5rtionden av v\u00e5ldsamheter har gjort Somalia till en av v\u00e4rldens sk\u00f6raste och fattigaste stater. Inb\u00f6rdeskriget som b\u00f6rjade \u00e5r 1990 orsakade i praktiken en totalkollaps av statsf\u00f6rvaltningen, och extremistgrupper som al-Shabaab kontrollerar fortfarande en del omr\u00e5den inom landet.<\/p>\n","protected":false},"author":137,"featured_media":111086,"parent":97997,"menu_order":0,"comment_status":"closed","ping_status":"closed","template":"page-templates\/missa-toimimme-child.php","meta":{"_acf_changed":false,"_relevanssi_hide_post":"","_relevanssi_hide_content":"","_relevanssi_pin_for_all":"","_relevanssi_pin_keywords":"","_relevanssi_unpin_keywords":"","_relevanssi_related_keywords":"","_relevanssi_related_include_ids":"","_relevanssi_related_exclude_ids":"","_relevanssi_related_no_append":"","_relevanssi_related_not_related":"","_relevanssi_related_posts":"108131,89500,63644","_relevanssi_noindex_reason":"","_improvement_type_select":"improve_an_existing","_thumb_yes_seoaic":false,"_frame_yes_seoaic":false,"seoaic_generate_description":"","seoaic_improve_instructions_prompt":"","seoaic_rollback_content_improvement":"","seoaic_idea_thumbnail_generator":"","thumbnail_generated":false,"thumbnail_generate_prompt":"","seoaic_article_description":"","footnotes":""},"class_list":["post-110541","page","type-page","status-publish","has-post-thumbnail","hentry"],"acf":[],"yoast_head":"<!-- This site is optimized with the Yoast SEO plugin v26.9 - https:\/\/yoast.com\/product\/yoast-seo-wordpress\/ -->\n<title>Somalia - Kyrkans Utlandshj\u00e4lp - Jobb f\u00f6r m\u00e4nniskorv\u00e4rdet<\/title>\n<meta name=\"description\" content=\"I Somalia st\u00f6der vi arbetet med fred och f\u00f6rsoning samt \u00e5teruppbyggnaden av den kollapsade statsf\u00f6rvaltningen.\" \/>\n<meta name=\"robots\" content=\"index, follow, max-snippet:-1, max-image-preview:large, max-video-preview:-1\" \/>\n<link rel=\"canonical\" href=\"https:\/\/www.kirkonulkomaanapu.fi\/sv\/var-vi-jobbar\/somalia\/\" \/>\n<meta property=\"og:locale\" content=\"sv_SE\" \/>\n<meta property=\"og:type\" content=\"article\" \/>\n<meta property=\"og:title\" content=\"Somalia - Kyrkans Utlandshj\u00e4lp - Jobb f\u00f6r m\u00e4nniskorv\u00e4rdet\" \/>\n<meta property=\"og:description\" content=\"I Somalia st\u00f6der vi arbetet med fred och f\u00f6rsoning samt \u00e5teruppbyggnaden av den kollapsade statsf\u00f6rvaltningen.\" \/>\n<meta property=\"og:url\" content=\"https:\/\/www.kirkonulkomaanapu.fi\/sv\/var-vi-jobbar\/somalia\/\" \/>\n<meta property=\"og:site_name\" content=\"Kyrkans Utlandshj\u00e4lp\" \/>\n<meta property=\"article:publisher\" content=\"https:\/\/www.facebook.com\/Ulkomaanapu\/\" \/>\n<meta property=\"article:modified_time\" content=\"2026-03-23T07:24:37+00:00\" \/>\n<meta property=\"og:image\" content=\"https:\/\/www.kirkonulkomaanapu.fi\/wp-content\/uploads\/2020\/08\/FCAmaps_sve_Somalia.png\" \/>\n\t<meta property=\"og:image:width\" content=\"2048\" \/>\n\t<meta property=\"og:image:height\" content=\"1152\" \/>\n\t<meta property=\"og:image:type\" content=\"image\/png\" \/>\n<meta name=\"twitter:label1\" content=\"Ber\u00e4knad l\u00e4stid\" \/>\n\t<meta name=\"twitter:data1\" content=\"2 minuter\" \/>\n<script type=\"application\/ld+json\" class=\"yoast-schema-graph\">{\"@context\":\"https:\/\/schema.org\",\"@graph\":[{\"@type\":\"WebPage\",\"@id\":\"https:\/\/www.kirkonulkomaanapu.fi\/sv\/var-vi-jobbar\/somalia\/\",\"url\":\"https:\/\/www.kirkonulkomaanapu.fi\/sv\/var-vi-jobbar\/somalia\/\",\"name\":\"Somalia - Kyrkans Utlandshj\u00e4lp - Jobb f\u00f6r m\u00e4nniskorv\u00e4rdet\",\"isPartOf\":{\"@id\":\"https:\/\/www.kirkonulkomaanapu.fi\/#website\"},\"primaryImageOfPage\":{\"@id\":\"https:\/\/www.kirkonulkomaanapu.fi\/sv\/var-vi-jobbar\/somalia\/#primaryimage\"},\"image\":{\"@id\":\"https:\/\/www.kirkonulkomaanapu.fi\/sv\/var-vi-jobbar\/somalia\/#primaryimage\"},\"thumbnailUrl\":\"https:\/\/www.kirkonulkomaanapu.fi\/wp-content\/uploads\/2020\/08\/FCAmaps_sve_Somalia.png\",\"datePublished\":\"2019-11-04T08:52:32+00:00\",\"dateModified\":\"2026-03-23T07:24:37+00:00\",\"description\":\"I Somalia st\u00f6der vi arbetet med fred och f\u00f6rsoning samt \u00e5teruppbyggnaden av den kollapsade statsf\u00f6rvaltningen.\",\"breadcrumb\":{\"@id\":\"https:\/\/www.kirkonulkomaanapu.fi\/sv\/var-vi-jobbar\/somalia\/#breadcrumb\"},\"inLanguage\":\"sv-SE\",\"potentialAction\":[{\"@type\":\"ReadAction\",\"target\":[\"https:\/\/www.kirkonulkomaanapu.fi\/sv\/var-vi-jobbar\/somalia\/\"]}]},{\"@type\":\"ImageObject\",\"inLanguage\":\"sv-SE\",\"@id\":\"https:\/\/www.kirkonulkomaanapu.fi\/sv\/var-vi-jobbar\/somalia\/#primaryimage\",\"url\":\"https:\/\/www.kirkonulkomaanapu.fi\/wp-content\/uploads\/2020\/08\/FCAmaps_sve_Somalia.png\",\"contentUrl\":\"https:\/\/www.kirkonulkomaanapu.fi\/wp-content\/uploads\/2020\/08\/FCAmaps_sve_Somalia.png\",\"width\":2048,\"height\":1152,\"caption\":\"Karta \u00f6ver Somalia\"},{\"@type\":\"BreadcrumbList\",\"@id\":\"https:\/\/www.kirkonulkomaanapu.fi\/sv\/var-vi-jobbar\/somalia\/#breadcrumb\",\"itemListElement\":[{\"@type\":\"ListItem\",\"position\":1,\"name\":\"Home\",\"item\":\"https:\/\/www.kirkonulkomaanapu.fi\/sv\/\"},{\"@type\":\"ListItem\",\"position\":2,\"name\":\"Var vi jobbar\",\"item\":\"https:\/\/www.kirkonulkomaanapu.fi\/sv\/var-vi-jobbar\/\"},{\"@type\":\"ListItem\",\"position\":3,\"name\":\"Somalia\"}]},{\"@type\":\"WebSite\",\"@id\":\"https:\/\/www.kirkonulkomaanapu.fi\/#website\",\"url\":\"https:\/\/www.kirkonulkomaanapu.fi\/\",\"name\":\"Kirkon Ulkomaanapu\",\"description\":\"Suomen suurin kehitysyhteisty\u00f6j\u00e4rjest\u00f6\",\"publisher\":{\"@id\":\"https:\/\/www.kirkonulkomaanapu.fi\/#organization\"},\"alternateName\":\"KUA\",\"potentialAction\":[{\"@type\":\"SearchAction\",\"target\":{\"@type\":\"EntryPoint\",\"urlTemplate\":\"https:\/\/www.kirkonulkomaanapu.fi\/?s={search_term_string}\"},\"query-input\":{\"@type\":\"PropertyValueSpecification\",\"valueRequired\":true,\"valueName\":\"search_term_string\"}}],\"inLanguage\":\"sv-SE\"},{\"@type\":\"Organization\",\"@id\":\"https:\/\/www.kirkonulkomaanapu.fi\/#organization\",\"name\":\"Kirkon Ulkomaanapu\",\"alternateName\":\"KUA\",\"url\":\"https:\/\/www.kirkonulkomaanapu.fi\/\",\"logo\":{\"@type\":\"ImageObject\",\"inLanguage\":\"sv-SE\",\"@id\":\"https:\/\/www.kirkonulkomaanapu.fi\/#\/schema\/logo\/image\/\",\"url\":\"https:\/\/www.kirkonulkomaanapu.fi\/wp-content\/uploads\/2026\/02\/Kirkon-ulkomaanapu-logo-1.png\",\"contentUrl\":\"https:\/\/www.kirkonulkomaanapu.fi\/wp-content\/uploads\/2026\/02\/Kirkon-ulkomaanapu-logo-1.png\",\"width\":225,\"height\":225,\"caption\":\"Kirkon Ulkomaanapu\"},\"image\":{\"@id\":\"https:\/\/www.kirkonulkomaanapu.fi\/#\/schema\/logo\/image\/\"},\"sameAs\":[\"https:\/\/www.facebook.com\/Ulkomaanapu\/\",\"https:\/\/www.youtube.com\/user\/kirkonulkomaanapu\",\"https:\/\/instagram.com\/kirkon_ulkomaanapu\/\",\"https:\/\/www.linkedin.com\/company\/finn-church-aid\/\"]}]}<\/script>\n<!-- \/ Yoast SEO plugin. -->","yoast_head_json":{"title":"Somalia - Kyrkans Utlandshj\u00e4lp - Jobb f\u00f6r m\u00e4nniskorv\u00e4rdet","description":"I Somalia st\u00f6der vi arbetet med fred och f\u00f6rsoning samt \u00e5teruppbyggnaden av den kollapsade statsf\u00f6rvaltningen.","robots":{"index":"index","follow":"follow","max-snippet":"max-snippet:-1","max-image-preview":"max-image-preview:large","max-video-preview":"max-video-preview:-1"},"canonical":"https:\/\/www.kirkonulkomaanapu.fi\/sv\/var-vi-jobbar\/somalia\/","og_locale":"sv_SE","og_type":"article","og_title":"Somalia - Kyrkans Utlandshj\u00e4lp - Jobb f\u00f6r m\u00e4nniskorv\u00e4rdet","og_description":"I Somalia st\u00f6der vi arbetet med fred och f\u00f6rsoning samt \u00e5teruppbyggnaden av den kollapsade statsf\u00f6rvaltningen.","og_url":"https:\/\/www.kirkonulkomaanapu.fi\/sv\/var-vi-jobbar\/somalia\/","og_site_name":"Kyrkans Utlandshj\u00e4lp","article_publisher":"https:\/\/www.facebook.com\/Ulkomaanapu\/","article_modified_time":"2026-03-23T07:24:37+00:00","og_image":[{"width":2048,"height":1152,"url":"https:\/\/www.kirkonulkomaanapu.fi\/wp-content\/uploads\/2020\/08\/FCAmaps_sve_Somalia.png","type":"image\/png"}],"twitter_misc":{"Ber\u00e4knad l\u00e4stid":"2 minuter"},"schema":{"@context":"https:\/\/schema.org","@graph":[{"@type":"WebPage","@id":"https:\/\/www.kirkonulkomaanapu.fi\/sv\/var-vi-jobbar\/somalia\/","url":"https:\/\/www.kirkonulkomaanapu.fi\/sv\/var-vi-jobbar\/somalia\/","name":"Somalia - Kyrkans Utlandshj\u00e4lp - Jobb f\u00f6r m\u00e4nniskorv\u00e4rdet","isPartOf":{"@id":"https:\/\/www.kirkonulkomaanapu.fi\/#website"},"primaryImageOfPage":{"@id":"https:\/\/www.kirkonulkomaanapu.fi\/sv\/var-vi-jobbar\/somalia\/#primaryimage"},"image":{"@id":"https:\/\/www.kirkonulkomaanapu.fi\/sv\/var-vi-jobbar\/somalia\/#primaryimage"},"thumbnailUrl":"https:\/\/www.kirkonulkomaanapu.fi\/wp-content\/uploads\/2020\/08\/FCAmaps_sve_Somalia.png","datePublished":"2019-11-04T08:52:32+00:00","dateModified":"2026-03-23T07:24:37+00:00","description":"I Somalia st\u00f6der vi arbetet med fred och f\u00f6rsoning samt \u00e5teruppbyggnaden av den kollapsade statsf\u00f6rvaltningen.","breadcrumb":{"@id":"https:\/\/www.kirkonulkomaanapu.fi\/sv\/var-vi-jobbar\/somalia\/#breadcrumb"},"inLanguage":"sv-SE","potentialAction":[{"@type":"ReadAction","target":["https:\/\/www.kirkonulkomaanapu.fi\/sv\/var-vi-jobbar\/somalia\/"]}]},{"@type":"ImageObject","inLanguage":"sv-SE","@id":"https:\/\/www.kirkonulkomaanapu.fi\/sv\/var-vi-jobbar\/somalia\/#primaryimage","url":"https:\/\/www.kirkonulkomaanapu.fi\/wp-content\/uploads\/2020\/08\/FCAmaps_sve_Somalia.png","contentUrl":"https:\/\/www.kirkonulkomaanapu.fi\/wp-content\/uploads\/2020\/08\/FCAmaps_sve_Somalia.png","width":2048,"height":1152,"caption":"Karta \u00f6ver Somalia"},{"@type":"BreadcrumbList","@id":"https:\/\/www.kirkonulkomaanapu.fi\/sv\/var-vi-jobbar\/somalia\/#breadcrumb","itemListElement":[{"@type":"ListItem","position":1,"name":"Home","item":"https:\/\/www.kirkonulkomaanapu.fi\/sv\/"},{"@type":"ListItem","position":2,"name":"Var vi jobbar","item":"https:\/\/www.kirkonulkomaanapu.fi\/sv\/var-vi-jobbar\/"},{"@type":"ListItem","position":3,"name":"Somalia"}]},{"@type":"WebSite","@id":"https:\/\/www.kirkonulkomaanapu.fi\/#website","url":"https:\/\/www.kirkonulkomaanapu.fi\/","name":"Kirkon Ulkomaanapu","description":"Suomen suurin kehitysyhteisty\u00f6j\u00e4rjest\u00f6","publisher":{"@id":"https:\/\/www.kirkonulkomaanapu.fi\/#organization"},"alternateName":"KUA","potentialAction":[{"@type":"SearchAction","target":{"@type":"EntryPoint","urlTemplate":"https:\/\/www.kirkonulkomaanapu.fi\/?s={search_term_string}"},"query-input":{"@type":"PropertyValueSpecification","valueRequired":true,"valueName":"search_term_string"}}],"inLanguage":"sv-SE"},{"@type":"Organization","@id":"https:\/\/www.kirkonulkomaanapu.fi\/#organization","name":"Kirkon Ulkomaanapu","alternateName":"KUA","url":"https:\/\/www.kirkonulkomaanapu.fi\/","logo":{"@type":"ImageObject","inLanguage":"sv-SE","@id":"https:\/\/www.kirkonulkomaanapu.fi\/#\/schema\/logo\/image\/","url":"https:\/\/www.kirkonulkomaanapu.fi\/wp-content\/uploads\/2026\/02\/Kirkon-ulkomaanapu-logo-1.png","contentUrl":"https:\/\/www.kirkonulkomaanapu.fi\/wp-content\/uploads\/2026\/02\/Kirkon-ulkomaanapu-logo-1.png","width":225,"height":225,"caption":"Kirkon Ulkomaanapu"},"image":{"@id":"https:\/\/www.kirkonulkomaanapu.fi\/#\/schema\/logo\/image\/"},"sameAs":["https:\/\/www.facebook.com\/Ulkomaanapu\/","https:\/\/www.youtube.com\/user\/kirkonulkomaanapu","https:\/\/instagram.com\/kirkon_ulkomaanapu\/","https:\/\/www.linkedin.com\/company\/finn-church-aid\/"]}]}},"_links":{"self":[{"href":"https:\/\/www.kirkonulkomaanapu.fi\/sv\/wp-json\/wp\/v2\/pages\/110541","targetHints":{"allow":["GET"]}}],"collection":[{"href":"https:\/\/www.kirkonulkomaanapu.fi\/sv\/wp-json\/wp\/v2\/pages"}],"about":[{"href":"https:\/\/www.kirkonulkomaanapu.fi\/sv\/wp-json\/wp\/v2\/types\/page"}],"author":[{"embeddable":true,"href":"https:\/\/www.kirkonulkomaanapu.fi\/sv\/wp-json\/wp\/v2\/users\/137"}],"replies":[{"embeddable":true,"href":"https:\/\/www.kirkonulkomaanapu.fi\/sv\/wp-json\/wp\/v2\/comments?post=110541"}],"version-history":[{"count":3,"href":"https:\/\/www.kirkonulkomaanapu.fi\/sv\/wp-json\/wp\/v2\/pages\/110541\/revisions"}],"predecessor-version":[{"id":160547,"href":"https:\/\/www.kirkonulkomaanapu.fi\/sv\/wp-json\/wp\/v2\/pages\/110541\/revisions\/160547"}],"up":[{"embeddable":true,"href":"https:\/\/www.kirkonulkomaanapu.fi\/sv\/wp-json\/wp\/v2\/pages\/97997"}],"wp:featuredmedia":[{"embeddable":true,"href":"https:\/\/www.kirkonulkomaanapu.fi\/sv\/wp-json\/wp\/v2\/media\/111086"}],"wp:attachment":[{"href":"https:\/\/www.kirkonulkomaanapu.fi\/sv\/wp-json\/wp\/v2\/media?parent=110541"}],"curies":[{"name":"wp","href":"https:\/\/api.w.org\/{rel}","templated":true}]}}