{"id":110535,"date":"2019-11-04T10:53:32","date_gmt":"2019-11-04T08:53:32","guid":{"rendered":"https:\/\/www.kirkonulkomaanapu.fi\/missa-tyoskentelemme\/kenia\/"},"modified":"2025-02-12T09:20:25","modified_gmt":"2025-02-12T07:20:25","slug":"kenya","status":"publish","type":"page","link":"https:\/\/www.kirkonulkomaanapu.fi\/sv\/var-vi-jobbar\/kenya\/","title":{"rendered":"Kenya"},"content":{"rendered":"\n<h1 class=\"wp-block-heading\">Kenya<\/h1>\n\n\n\n<figure class=\"wp-block-image size-large\"><img loading=\"lazy\" decoding=\"async\" width=\"1024\" height=\"576\" src=\"https:\/\/www.kirkonulkomaanapu.fi\/wp-content\/uploads\/2022\/10\/FCAmaps-swe-Kenya-2022-1024x576.png\" alt=\"\" class=\"wp-image-134464\" srcset=\"https:\/\/www.kirkonulkomaanapu.fi\/wp-content\/uploads\/2022\/10\/FCAmaps-swe-Kenya-2022-1024x576.png 1024w, https:\/\/www.kirkonulkomaanapu.fi\/wp-content\/uploads\/2022\/10\/FCAmaps-swe-Kenya-2022-480x270.png 480w, https:\/\/www.kirkonulkomaanapu.fi\/wp-content\/uploads\/2022\/10\/FCAmaps-swe-Kenya-2022-768x432.png 768w, https:\/\/www.kirkonulkomaanapu.fi\/wp-content\/uploads\/2022\/10\/FCAmaps-swe-Kenya-2022-1536x864.png 1536w, https:\/\/www.kirkonulkomaanapu.fi\/wp-content\/uploads\/2022\/10\/FCAmaps-swe-Kenya-2022-316x178.png 316w, https:\/\/www.kirkonulkomaanapu.fi\/wp-content\/uploads\/2022\/10\/FCAmaps-swe-Kenya-2022-1920x1080.png 1920w, https:\/\/www.kirkonulkomaanapu.fi\/wp-content\/uploads\/2022\/10\/FCAmaps-swe-Kenya-2022.png 2048w\" sizes=\"auto, (max-width: 1024px) 100vw, 1024px\" \/><\/figure>\n\n\n\n<p class=\"is-style-ingress\">I Kenya arbetar Kyrkans Utlandshj\u00e4lp (KUH) p\u00e5 de allra fattigaste omr\u00e5dena med att st\u00f6da barnens skolg\u00e5ng och fredsprocesser mellan lokalsamh\u00e4llena.<\/p>\n\n\n\n<p>KUH:s arbete i Kenya koncentrerar sig p\u00e5 de norra och \u00f6stra delarna av landet, bland annat n\u00e4ra gr\u00e4nserna till Sydsudan och Somalia. F\u00f6r nomadfolken som lever p\u00e5 de h\u00e4r omr\u00e5dena \u00e4r m\u00f6jligheterna till utkomst och utbildning betydligt s\u00e4mre \u00e4n i st\u00e4derna.<\/p>\n\n\n\n\n<div class=\"block-content-with-infobox full-width id-block\">\n\t<div class=\"container-lg\">\n\t\t<div class=\"row justify-content-center\">\n\t\t\t<div class=\"col\">\n\t\t\t\t<div class=\"flex-inner inner-blocks entry-content\">\n\t\t\t\t\t\n\n<div class=\"block-inner-blocks inner-blocks entry-content lorem\">\n\t\n\n<p>Bristen p\u00e5 naturresurser skapar konflikter mellan olika stammar och vid gr\u00e4nsen till Somalia \u00f6kar n\u00e4rvaron av extremistgruppen al-Shabaab risken f\u00f6r oroligheter.<\/p>\n\n\n\n<p>KUH st\u00f6der utbildning och fr\u00e4mjar fred i Kenyas fattigaste och avskildaste omr\u00e5den i norra och nordv\u00e4stra Kenya och n\u00e4ra gr\u00e4nsen mellan Somalia och Sydsudan<\/p>\n\n\n<\/div>\n\n\n<div class=\"block-inner-blocks inner-blocks entry-content\">\n\t\n\n<h2 class=\"wp-block-heading\"><\/h2>\n\n\n\n<p><strong>Befolkning:&nbsp;<\/strong>48,4 miljoner<br><strong>Huvudstad:<\/strong>&nbsp;Nairobi<br><strong>Valuta:&nbsp;<\/strong>Kenyansk shilling<br><strong>Spr\u00e5k:<\/strong>&nbsp;Engelska (officielt), swahili (officielt), flera originalspr\u00e5k<br><strong>Religion:&nbsp;<\/strong>kristna (83 %), muslimer (11 %), traditionalister (2 %), andra<br><strong>KUH i Kenya:&nbsp;<\/strong>sedan 2014<\/p>\n\n\n<\/div>\n\n\t\t\t\t<\/div>\n\t\t\t<\/div>\n\t\t<\/div>\n\t<\/div>\t\n<\/div>\n\n\n\n\n<div class=\"block-themes full-width id-block\">\n\t<div class=\"container-lg\">\n\t\t\t\t\t<div class=\"row\">\n\t\t\t\t<div class=\"col\">\n\t\t\t\t\t<div class=\"entry-content\">\n\t\t\t\t\t\t<h2 class=\"block-title is-style-brush\"><span class=\"bg\">Resultaten av v\u00e5rt arbete 2020<\/span><\/h2>\n\t\t\t\t\t<\/div>\n\t\t\t\t<\/div>\n\t\t\t<\/div>\n\t\t\t\t<div class=\"row justify-content-center themes\">\n\t\t\t\t\t\t\t\t\t<div class=\"col col-12 col-lg-4\">\n\t\t\t\t<div class=\"theme\">\n\t\t\t\t\t<div>\n\t\t\t\t\t\t\t\t\t\t\t<img decoding=\"async\" class=\"theme-img\" src=\"https:\/\/www.kirkonulkomaanapu.fi\/wp-content\/uploads\/2019\/10\/KUA-symbolit_rgb_peace.png\" alt=\"Graafinen kuva rauhan kyyhkyst\u00e4\" loading=\"lazy\" width=\"942\" height=\"942\">\n\t\t\t\t\t\n\t\t\t\t\t\t\t\t\t\t\t<h3 class=\"theme-title\">883<\/h3>\n\t\t\t\t\t\n\t\t\t\t\t\t\t\t\t\t\t<div class=\"description\"><p>myndighetsrepresentanter och beslutsfattare deltog i en utbildning om barns r\u00e4ttigheter, fredsf\u00f6rmedling samt f\u00f6rbjudandet av k\u00f6nsstympning.<\/p>\n<\/div>\n\t\t\t\t\t\t\t\t\t\t<\/div>\n\n\t\t\t\t\t\t\t\t<\/div>\n\t\t\t<\/div>\n\t\t\t\t\t\t\t\t\t<div class=\"col col-12 col-lg-4\">\n\t\t\t\t<div class=\"theme\">\n\t\t\t\t\t<div>\n\t\t\t\t\t\t\t\t\t\t\t<img decoding=\"async\" class=\"theme-img\" src=\"https:\/\/www.kirkonulkomaanapu.fi\/wp-content\/uploads\/2019\/10\/KUA-symbolit_rgb_parents.png\" alt=\"Kuvituskuva vanhemmista ja lapsesta.\" loading=\"lazy\" width=\"942\" height=\"942\">\n\t\t\t\t\t\n\t\t\t\t\t\t\t\t\t\t\t<h3 class=\"theme-title\">4 171<\/h3>\n\t\t\t\t\t\n\t\t\t\t\t\t\t\t\t\t\t<div class=\"description\"><p>barn b\u00f6rjade i f\u00f6rskolan i flyktingbos\u00e4ttningarna Kakuma och Kalobeyei.<\/p>\n<\/div>\n\t\t\t\t\t\t\t\t\t\t<\/div>\n\n\t\t\t\t\t\t\t\t<\/div>\n\t\t\t<\/div>\n\t\t\t\t\t\t\t\t\t<div class=\"col col-12 col-lg-4\">\n\t\t\t\t<div class=\"theme\">\n\t\t\t\t\t<div>\n\t\t\t\t\t\t\t\t\t\t\t<img decoding=\"async\" class=\"theme-img\" src=\"https:\/\/www.kirkonulkomaanapu.fi\/wp-content\/uploads\/2019\/10\/KUA-symbolit_rgb_livelihood.png\" alt=\"Kuvituskuva k\u00e4mmenest\u00e4, jolta kasvaa taimi.\" loading=\"lazy\" width=\"942\" height=\"942\">\n\t\t\t\t\t\n\t\t\t\t\t\t\t\t\t\t\t<h3 class=\"theme-title\">100<\/h3>\n\t\t\t\t\t\n\t\t\t\t\t\t\t\t\t\t\t<div class=\"description\"><p>ungdomar till biodlare utbildades f\u00f6r att st\u00f6dja anpassningen till klimatf\u00f6r\u00e4ndringen och trygga de ungas utkomst.<\/p>\n<\/div>\n\t\t\t\t\t\t\t\t\t\t<\/div>\n\n\t\t\t\t\t\t\t\t<\/div>\n\t\t\t<\/div>\n\t\t\t\t\t<\/div>\n\t<\/div>\t\n<\/div>\n\n\n<h2 class=\"wp-block-heading\">Kyrkans Utlandshj\u00e4lp st\u00f6der l\u00e4rar- och yrkesutbildning<\/h2>\n\n\n\n<p>KUH st\u00f6der barnens skolg\u00e5ng i delstaterna Turkana, Garissa och Marsabit. Det \u00e4r utmanande att hitta kompetenta l\u00e4rare till de avl\u00e4gsna omr\u00e5dena, och KUH utbildar d\u00e4rf\u00f6r l\u00e4rare och \u00f6vrig personal till skolorna.<\/p>\n\n\n\n<p>KUH har ocks\u00e5 reparerat f\u00f6rfallna skolbyggnader och f\u00f6rsett skolorna med nya b\u00f6cker och hygienartiklar. Sydv\u00e4stra Kenya har ocks\u00e5 tagit emot ett storta antal sydsudanesiska flyktingar som KUH arbetar med.<\/p>\n\n\n\n<p>KUH arrangerar ocks\u00e5 yrkesutbildning f\u00f6r fr\u00e4mst unga och kvinnor som f\u00e5r l\u00e4ra sig nya f\u00e4rdigheter f\u00f6r att grunda f\u00f6retag eller hitta en arbetsplats.<\/p>\n\n\n\n<h2 class=\"wp-block-heading\">Utkomstm\u00f6jligheter f\u00f6rst\u00e4rker fredsarbetet i Kenya<\/h2>\n\n\n\n<p>KUH har arbetat f\u00f6r fred mellan stammar som lever i norra och nordv\u00e4stra Kenya.&nbsp;Fredsarbetet i Kenya har allt starkare anknytning till utkomst. F\u00f6rst\u00e4rkandet av utkomstm\u00f6jligheter f\u00f6rebygger ocks\u00e5 konflikter och boskapsst\u00f6lder.<\/p>\n\n\n\n<p>I norra Kenya sj\u00f6nk antalet v\u00e5ldsamma incidenter under 2019 i omr\u00e5den d\u00e4r vi hj\u00e4lpte m\u00e4nniskor hitta en stabil utkomst \u00e5t sig sj\u00e4lva. I till exempel Baringo hj\u00e4lpte vi en grupp inv\u00e5nare att starta honungsproduktion.<\/p>\n\n\n\n<h2 class=\"wp-block-heading\">Humanit\u00e4r hj\u00e4lp i akuta katastrofer<\/h2>\n\n\n\n<p>Extrema v\u00e4derf\u00f6rh\u00e5llanden som orsakats av klimatf\u00f6r\u00e4ndringen syns ocks\u00e5 i Kenya.<\/p>\n\n\n\n<p>KUH st\u00f6der skolorna i norra Kenya genom att bygga och reparera vattenledningar och -beh\u00e5llare till skolorna. 2019 gick totalt 21 909 barn och unga i skolor st\u00f6dda av Kyrkans Utlandshj\u00e4lp i delstaterna Turkana, Marsabit och Garissa.<\/p>\n\n\n\n<p>Under torkan m\u00e5ste nomaderna vandra l\u00e5nga v\u00e4gar f\u00f6r att f\u00e5 vatten och barnen var ofta tvungna att delta i b\u00e4randet. Genom vattentransporter kunde eleverna dricka under skoldagen och f\u00f6ra hem vatten till sina familjer. Vi tryggar tillg\u00e5ngen till vatten f\u00f6r elever i skolor i torkdrabbade omr\u00e5den genom nya vattensystem och -beh\u00e5llare.<\/p>\n\n\n\n<p>Arbetet sker i samarbete med lokala myndigheter, organisationer och FN-organisationer.<\/p>\n\n\n\n\n<div class=\"block-latest-articles-from-category full-width id-block\">\n\t<div class=\"container-lg\">\n\t\t\n\t\t<div class=\"row articles\">\n\t\t\t\t\t\t\t\t\t\t<div class=\"col col-12 col-md-4\">\n\t\t\t\t\t\n<div class=\"article-card article-card__default\">\n\t<a href=\"https:\/\/www.kirkonulkomaanapu.fi\/sv\/aktuellt\/artiklar\/vem-hjalper-hjalparna\/\">\n\t\t<div class=\"article-thumbnail\">\n\t\t\t\t\t\t<img decoding=\"async\" src=\"https:\/\/www.kirkonulkomaanapu.fi\/wp-content\/uploads\/2023\/05\/PSS_2-480x343.jpg\" alt=\"Vem hj\u00e4lper hj\u00e4lparna?\" loading=\"lazy\" width=\"480\" height=\"343\">\n\t\t\t\t\t<\/div>\n\t<\/a>\n\n\t<div class=\"article-meta\">\n\t\t<span>Artikeln<\/span><span>23.5.2023<\/span>\t<\/div>\n\n\t<a href=\"https:\/\/www.kirkonulkomaanapu.fi\/sv\/aktuellt\/artiklar\/vem-hjalper-hjalparna\/\"><h3 class=\"article-title\">Vem hj\u00e4lper hj\u00e4lparna?<\/h3><\/a>\n<\/div>\t\t\t\t<\/div>\n\t\t\t\t\t\t\t<div class=\"col col-12 col-md-4\">\n\t\t\t\t\t\n<div class=\"article-card article-card__default\">\n\t<a href=\"https:\/\/www.kirkonulkomaanapu.fi\/sv\/aktuellt\/artiklar\/mitt-i-katastrofen\/\">\n\t\t<div class=\"article-thumbnail\">\n\t\t\t\t\t\t<img decoding=\"async\" src=\"https:\/\/www.kirkonulkomaanapu.fi\/wp-content\/uploads\/2023\/05\/3_henkiloa_hero-1-480x270.jpg\" alt=\"Mitt i katastrofen\" loading=\"lazy\" width=\"480\" height=\"270\">\n\t\t\t\t\t<\/div>\n\t<\/a>\n\n\t<div class=\"article-meta\">\n\t\t<span>Artikeln<\/span><span>23.5.2023<\/span>\t<\/div>\n\n\t<a href=\"https:\/\/www.kirkonulkomaanapu.fi\/sv\/aktuellt\/artiklar\/mitt-i-katastrofen\/\"><h3 class=\"article-title\">Mitt i katastrofen<\/h3><\/a>\n<\/div>\t\t\t\t<\/div>\n\t\t\t\t\t\t\t<div class=\"col col-12 col-md-4\">\n\t\t\t\t\t\n<div class=\"article-card article-card__default\">\n\t<a href=\"https:\/\/www.kirkonulkomaanapu.fi\/sv\/aktuellt\/artiklar\/christine-murugi-fran-nairobi-alskar-animerade-filmer-och-snart-kan-de-bli-hennes-yrke\/\">\n\t\t<div class=\"article-thumbnail\">\n\t\t\t\t\t\t<img decoding=\"async\" src=\"https:\/\/www.kirkonulkomaanapu.fi\/wp-content\/uploads\/2023\/02\/animaatiotaituriksi-christine-murugi-hero-480x220.jpg\" alt=\"Christine Murugi fr\u00e5n Nairobi \u00e4lskar animerade filmer \u2013 och snart kan de bli hennes yrke\" loading=\"lazy\" width=\"480\" height=\"220\">\n\t\t\t\t\t<\/div>\n\t<\/a>\n\n\t<div class=\"article-meta\">\n\t\t<span>Artikeln<\/span><span>8.2.2023<\/span>\t<\/div>\n\n\t<a href=\"https:\/\/www.kirkonulkomaanapu.fi\/sv\/aktuellt\/artiklar\/christine-murugi-fran-nairobi-alskar-animerade-filmer-och-snart-kan-de-bli-hennes-yrke\/\"><h3 class=\"article-title\">Christine Murugi fr\u00e5n Nairobi \u00e4lskar animerade filmer \u2013 och snart kan de bli hennes yrke<\/h3><\/a>\n<\/div>\t\t\t\t<\/div>\n\t\t\t\t\t\t\t\t<\/div>\n\n\t<\/div>\t\n<\/div>\n","protected":false},"excerpt":{"rendered":"<p>Kenya I Kenya arbetar Kyrkans Utlandshj\u00e4lp (KUH) p\u00e5 de allra fattigaste omr\u00e5dena med att st\u00f6da barnens skolg\u00e5ng och fredsprocesser mellan lokalsamh\u00e4llena. KUH:s arbete i Kenya koncentrerar sig p\u00e5 de norra och \u00f6stra delarna av landet, bland annat n\u00e4ra gr\u00e4nserna till Sydsudan och Somalia. F\u00f6r nomadfolken som lever p\u00e5 de h\u00e4r omr\u00e5dena \u00e4r m\u00f6jligheterna till utkomst [&hellip;]<\/p>\n","protected":false},"author":137,"featured_media":111083,"parent":97997,"menu_order":0,"comment_status":"closed","ping_status":"closed","template":"page-templates\/missa-toimimme-child.php","meta":{"_acf_changed":false,"_relevanssi_hide_post":"","_relevanssi_hide_content":"","_relevanssi_pin_for_all":"","_relevanssi_pin_keywords":"","_relevanssi_unpin_keywords":"","_relevanssi_related_keywords":"","_relevanssi_related_include_ids":"","_relevanssi_related_exclude_ids":"","_relevanssi_related_no_append":"","_relevanssi_related_not_related":"","_relevanssi_related_posts":"108131,63644,89500","_relevanssi_noindex_reason":"","_improvement_type_select":"improve_an_existing","_thumb_yes_seoaic":false,"_frame_yes_seoaic":false,"seoaic_generate_description":"","seoaic_improve_instructions_prompt":"","seoaic_rollback_content_improvement":"","seoaic_idea_thumbnail_generator":"","thumbnail_generated":false,"thumbnail_generate_prompt":"","seoaic_article_description":"","footnotes":""},"class_list":["post-110535","page","type-page","status-publish","has-post-thumbnail","hentry"],"acf":[],"yoast_head":"<!-- This site is optimized with the Yoast SEO plugin v26.9 - https:\/\/yoast.com\/product\/yoast-seo-wordpress\/ -->\n<title>Kenya - Kyrkans Utlandshj\u00e4lp - Jobb f\u00f6r m\u00e4nniskorv\u00e4rdet<\/title>\n<meta name=\"description\" content=\"KUH st\u00f6der utbildning och fr\u00e4mjar fred i Kenyas fattigaste och avskildaste omr\u00e5den i norra och nordv\u00e4stra Kenya och n\u00e4ra gr\u00e4nsen.\" \/>\n<meta name=\"robots\" content=\"index, follow, max-snippet:-1, max-image-preview:large, max-video-preview:-1\" \/>\n<link rel=\"canonical\" href=\"https:\/\/www.kirkonulkomaanapu.fi\/sv\/var-vi-jobbar\/kenya\/\" \/>\n<meta property=\"og:locale\" content=\"sv_SE\" \/>\n<meta property=\"og:type\" content=\"article\" \/>\n<meta property=\"og:title\" content=\"Kenya - Kyrkans Utlandshj\u00e4lp - Jobb f\u00f6r m\u00e4nniskorv\u00e4rdet\" \/>\n<meta property=\"og:description\" content=\"KUH st\u00f6der utbildning och fr\u00e4mjar fred i Kenyas fattigaste och avskildaste omr\u00e5den i norra och nordv\u00e4stra Kenya och n\u00e4ra gr\u00e4nsen.\" \/>\n<meta property=\"og:url\" content=\"https:\/\/www.kirkonulkomaanapu.fi\/sv\/var-vi-jobbar\/kenya\/\" \/>\n<meta property=\"og:site_name\" content=\"Kyrkans Utlandshj\u00e4lp\" \/>\n<meta property=\"article:publisher\" content=\"https:\/\/www.facebook.com\/Ulkomaanapu\/\" \/>\n<meta property=\"article:modified_time\" content=\"2025-02-12T07:20:25+00:00\" \/>\n<meta property=\"og:image\" content=\"https:\/\/www.kirkonulkomaanapu.fi\/wp-content\/uploads\/2020\/08\/FCAmaps_sve_Kenia.png\" \/>\n\t<meta property=\"og:image:width\" content=\"2048\" \/>\n\t<meta property=\"og:image:height\" content=\"1152\" \/>\n\t<meta property=\"og:image:type\" content=\"image\/png\" \/>\n<meta name=\"twitter:label1\" content=\"Ber\u00e4knad l\u00e4stid\" \/>\n\t<meta name=\"twitter:data1\" content=\"3 minuter\" \/>\n<script type=\"application\/ld+json\" class=\"yoast-schema-graph\">{\"@context\":\"https:\/\/schema.org\",\"@graph\":[{\"@type\":\"WebPage\",\"@id\":\"https:\/\/www.kirkonulkomaanapu.fi\/sv\/var-vi-jobbar\/kenya\/\",\"url\":\"https:\/\/www.kirkonulkomaanapu.fi\/sv\/var-vi-jobbar\/kenya\/\",\"name\":\"Kenya - Kyrkans Utlandshj\u00e4lp - Jobb f\u00f6r m\u00e4nniskorv\u00e4rdet\",\"isPartOf\":{\"@id\":\"https:\/\/www.kirkonulkomaanapu.fi\/#website\"},\"primaryImageOfPage\":{\"@id\":\"https:\/\/www.kirkonulkomaanapu.fi\/sv\/var-vi-jobbar\/kenya\/#primaryimage\"},\"image\":{\"@id\":\"https:\/\/www.kirkonulkomaanapu.fi\/sv\/var-vi-jobbar\/kenya\/#primaryimage\"},\"thumbnailUrl\":\"https:\/\/www.kirkonulkomaanapu.fi\/wp-content\/uploads\/2020\/08\/FCAmaps_sve_Kenia.png\",\"datePublished\":\"2019-11-04T08:53:32+00:00\",\"dateModified\":\"2025-02-12T07:20:25+00:00\",\"description\":\"KUH st\u00f6der utbildning och fr\u00e4mjar fred i Kenyas fattigaste och avskildaste omr\u00e5den i norra och nordv\u00e4stra Kenya och n\u00e4ra gr\u00e4nsen.\",\"breadcrumb\":{\"@id\":\"https:\/\/www.kirkonulkomaanapu.fi\/sv\/var-vi-jobbar\/kenya\/#breadcrumb\"},\"inLanguage\":\"sv-SE\",\"potentialAction\":[{\"@type\":\"ReadAction\",\"target\":[\"https:\/\/www.kirkonulkomaanapu.fi\/sv\/var-vi-jobbar\/kenya\/\"]}]},{\"@type\":\"ImageObject\",\"inLanguage\":\"sv-SE\",\"@id\":\"https:\/\/www.kirkonulkomaanapu.fi\/sv\/var-vi-jobbar\/kenya\/#primaryimage\",\"url\":\"https:\/\/www.kirkonulkomaanapu.fi\/wp-content\/uploads\/2020\/08\/FCAmaps_sve_Kenia.png\",\"contentUrl\":\"https:\/\/www.kirkonulkomaanapu.fi\/wp-content\/uploads\/2020\/08\/FCAmaps_sve_Kenia.png\",\"width\":2048,\"height\":1152,\"caption\":\"Karta \u00f6ver Kenya\"},{\"@type\":\"BreadcrumbList\",\"@id\":\"https:\/\/www.kirkonulkomaanapu.fi\/sv\/var-vi-jobbar\/kenya\/#breadcrumb\",\"itemListElement\":[{\"@type\":\"ListItem\",\"position\":1,\"name\":\"Home\",\"item\":\"https:\/\/www.kirkonulkomaanapu.fi\/sv\/\"},{\"@type\":\"ListItem\",\"position\":2,\"name\":\"Var vi jobbar\",\"item\":\"https:\/\/www.kirkonulkomaanapu.fi\/sv\/var-vi-jobbar\/\"},{\"@type\":\"ListItem\",\"position\":3,\"name\":\"Kenya\"}]},{\"@type\":\"WebSite\",\"@id\":\"https:\/\/www.kirkonulkomaanapu.fi\/#website\",\"url\":\"https:\/\/www.kirkonulkomaanapu.fi\/\",\"name\":\"Kirkon Ulkomaanapu\",\"description\":\"Suomen suurin kehitysyhteisty\u00f6j\u00e4rjest\u00f6\",\"publisher\":{\"@id\":\"https:\/\/www.kirkonulkomaanapu.fi\/#organization\"},\"alternateName\":\"KUA\",\"potentialAction\":[{\"@type\":\"SearchAction\",\"target\":{\"@type\":\"EntryPoint\",\"urlTemplate\":\"https:\/\/www.kirkonulkomaanapu.fi\/?s={search_term_string}\"},\"query-input\":{\"@type\":\"PropertyValueSpecification\",\"valueRequired\":true,\"valueName\":\"search_term_string\"}}],\"inLanguage\":\"sv-SE\"},{\"@type\":\"Organization\",\"@id\":\"https:\/\/www.kirkonulkomaanapu.fi\/#organization\",\"name\":\"Kirkon Ulkomaanapu\",\"alternateName\":\"KUA\",\"url\":\"https:\/\/www.kirkonulkomaanapu.fi\/\",\"logo\":{\"@type\":\"ImageObject\",\"inLanguage\":\"sv-SE\",\"@id\":\"https:\/\/www.kirkonulkomaanapu.fi\/#\/schema\/logo\/image\/\",\"url\":\"https:\/\/www.kirkonulkomaanapu.fi\/wp-content\/uploads\/2026\/02\/Kirkon-ulkomaanapu-logo-1.png\",\"contentUrl\":\"https:\/\/www.kirkonulkomaanapu.fi\/wp-content\/uploads\/2026\/02\/Kirkon-ulkomaanapu-logo-1.png\",\"width\":225,\"height\":225,\"caption\":\"Kirkon Ulkomaanapu\"},\"image\":{\"@id\":\"https:\/\/www.kirkonulkomaanapu.fi\/#\/schema\/logo\/image\/\"},\"sameAs\":[\"https:\/\/www.facebook.com\/Ulkomaanapu\/\",\"https:\/\/www.youtube.com\/user\/kirkonulkomaanapu\",\"https:\/\/instagram.com\/kirkon_ulkomaanapu\/\",\"https:\/\/www.linkedin.com\/company\/finn-church-aid\/\"]}]}<\/script>\n<!-- \/ Yoast SEO plugin. -->","yoast_head_json":{"title":"Kenya - Kyrkans Utlandshj\u00e4lp - Jobb f\u00f6r m\u00e4nniskorv\u00e4rdet","description":"KUH st\u00f6der utbildning och fr\u00e4mjar fred i Kenyas fattigaste och avskildaste omr\u00e5den i norra och nordv\u00e4stra Kenya och n\u00e4ra gr\u00e4nsen.","robots":{"index":"index","follow":"follow","max-snippet":"max-snippet:-1","max-image-preview":"max-image-preview:large","max-video-preview":"max-video-preview:-1"},"canonical":"https:\/\/www.kirkonulkomaanapu.fi\/sv\/var-vi-jobbar\/kenya\/","og_locale":"sv_SE","og_type":"article","og_title":"Kenya - Kyrkans Utlandshj\u00e4lp - Jobb f\u00f6r m\u00e4nniskorv\u00e4rdet","og_description":"KUH st\u00f6der utbildning och fr\u00e4mjar fred i Kenyas fattigaste och avskildaste omr\u00e5den i norra och nordv\u00e4stra Kenya och n\u00e4ra gr\u00e4nsen.","og_url":"https:\/\/www.kirkonulkomaanapu.fi\/sv\/var-vi-jobbar\/kenya\/","og_site_name":"Kyrkans Utlandshj\u00e4lp","article_publisher":"https:\/\/www.facebook.com\/Ulkomaanapu\/","article_modified_time":"2025-02-12T07:20:25+00:00","og_image":[{"width":2048,"height":1152,"url":"https:\/\/www.kirkonulkomaanapu.fi\/wp-content\/uploads\/2020\/08\/FCAmaps_sve_Kenia.png","type":"image\/png"}],"twitter_misc":{"Ber\u00e4knad l\u00e4stid":"3 minuter"},"schema":{"@context":"https:\/\/schema.org","@graph":[{"@type":"WebPage","@id":"https:\/\/www.kirkonulkomaanapu.fi\/sv\/var-vi-jobbar\/kenya\/","url":"https:\/\/www.kirkonulkomaanapu.fi\/sv\/var-vi-jobbar\/kenya\/","name":"Kenya - Kyrkans Utlandshj\u00e4lp - Jobb f\u00f6r m\u00e4nniskorv\u00e4rdet","isPartOf":{"@id":"https:\/\/www.kirkonulkomaanapu.fi\/#website"},"primaryImageOfPage":{"@id":"https:\/\/www.kirkonulkomaanapu.fi\/sv\/var-vi-jobbar\/kenya\/#primaryimage"},"image":{"@id":"https:\/\/www.kirkonulkomaanapu.fi\/sv\/var-vi-jobbar\/kenya\/#primaryimage"},"thumbnailUrl":"https:\/\/www.kirkonulkomaanapu.fi\/wp-content\/uploads\/2020\/08\/FCAmaps_sve_Kenia.png","datePublished":"2019-11-04T08:53:32+00:00","dateModified":"2025-02-12T07:20:25+00:00","description":"KUH st\u00f6der utbildning och fr\u00e4mjar fred i Kenyas fattigaste och avskildaste omr\u00e5den i norra och nordv\u00e4stra Kenya och n\u00e4ra gr\u00e4nsen.","breadcrumb":{"@id":"https:\/\/www.kirkonulkomaanapu.fi\/sv\/var-vi-jobbar\/kenya\/#breadcrumb"},"inLanguage":"sv-SE","potentialAction":[{"@type":"ReadAction","target":["https:\/\/www.kirkonulkomaanapu.fi\/sv\/var-vi-jobbar\/kenya\/"]}]},{"@type":"ImageObject","inLanguage":"sv-SE","@id":"https:\/\/www.kirkonulkomaanapu.fi\/sv\/var-vi-jobbar\/kenya\/#primaryimage","url":"https:\/\/www.kirkonulkomaanapu.fi\/wp-content\/uploads\/2020\/08\/FCAmaps_sve_Kenia.png","contentUrl":"https:\/\/www.kirkonulkomaanapu.fi\/wp-content\/uploads\/2020\/08\/FCAmaps_sve_Kenia.png","width":2048,"height":1152,"caption":"Karta \u00f6ver Kenya"},{"@type":"BreadcrumbList","@id":"https:\/\/www.kirkonulkomaanapu.fi\/sv\/var-vi-jobbar\/kenya\/#breadcrumb","itemListElement":[{"@type":"ListItem","position":1,"name":"Home","item":"https:\/\/www.kirkonulkomaanapu.fi\/sv\/"},{"@type":"ListItem","position":2,"name":"Var vi jobbar","item":"https:\/\/www.kirkonulkomaanapu.fi\/sv\/var-vi-jobbar\/"},{"@type":"ListItem","position":3,"name":"Kenya"}]},{"@type":"WebSite","@id":"https:\/\/www.kirkonulkomaanapu.fi\/#website","url":"https:\/\/www.kirkonulkomaanapu.fi\/","name":"Kirkon Ulkomaanapu","description":"Suomen suurin kehitysyhteisty\u00f6j\u00e4rjest\u00f6","publisher":{"@id":"https:\/\/www.kirkonulkomaanapu.fi\/#organization"},"alternateName":"KUA","potentialAction":[{"@type":"SearchAction","target":{"@type":"EntryPoint","urlTemplate":"https:\/\/www.kirkonulkomaanapu.fi\/?s={search_term_string}"},"query-input":{"@type":"PropertyValueSpecification","valueRequired":true,"valueName":"search_term_string"}}],"inLanguage":"sv-SE"},{"@type":"Organization","@id":"https:\/\/www.kirkonulkomaanapu.fi\/#organization","name":"Kirkon Ulkomaanapu","alternateName":"KUA","url":"https:\/\/www.kirkonulkomaanapu.fi\/","logo":{"@type":"ImageObject","inLanguage":"sv-SE","@id":"https:\/\/www.kirkonulkomaanapu.fi\/#\/schema\/logo\/image\/","url":"https:\/\/www.kirkonulkomaanapu.fi\/wp-content\/uploads\/2026\/02\/Kirkon-ulkomaanapu-logo-1.png","contentUrl":"https:\/\/www.kirkonulkomaanapu.fi\/wp-content\/uploads\/2026\/02\/Kirkon-ulkomaanapu-logo-1.png","width":225,"height":225,"caption":"Kirkon Ulkomaanapu"},"image":{"@id":"https:\/\/www.kirkonulkomaanapu.fi\/#\/schema\/logo\/image\/"},"sameAs":["https:\/\/www.facebook.com\/Ulkomaanapu\/","https:\/\/www.youtube.com\/user\/kirkonulkomaanapu","https:\/\/instagram.com\/kirkon_ulkomaanapu\/","https:\/\/www.linkedin.com\/company\/finn-church-aid\/"]}]}},"_links":{"self":[{"href":"https:\/\/www.kirkonulkomaanapu.fi\/sv\/wp-json\/wp\/v2\/pages\/110535","targetHints":{"allow":["GET"]}}],"collection":[{"href":"https:\/\/www.kirkonulkomaanapu.fi\/sv\/wp-json\/wp\/v2\/pages"}],"about":[{"href":"https:\/\/www.kirkonulkomaanapu.fi\/sv\/wp-json\/wp\/v2\/types\/page"}],"author":[{"embeddable":true,"href":"https:\/\/www.kirkonulkomaanapu.fi\/sv\/wp-json\/wp\/v2\/users\/137"}],"replies":[{"embeddable":true,"href":"https:\/\/www.kirkonulkomaanapu.fi\/sv\/wp-json\/wp\/v2\/comments?post=110535"}],"version-history":[{"count":3,"href":"https:\/\/www.kirkonulkomaanapu.fi\/sv\/wp-json\/wp\/v2\/pages\/110535\/revisions"}],"predecessor-version":[{"id":153030,"href":"https:\/\/www.kirkonulkomaanapu.fi\/sv\/wp-json\/wp\/v2\/pages\/110535\/revisions\/153030"}],"up":[{"embeddable":true,"href":"https:\/\/www.kirkonulkomaanapu.fi\/sv\/wp-json\/wp\/v2\/pages\/97997"}],"wp:featuredmedia":[{"embeddable":true,"href":"https:\/\/www.kirkonulkomaanapu.fi\/sv\/wp-json\/wp\/v2\/media\/111083"}],"wp:attachment":[{"href":"https:\/\/www.kirkonulkomaanapu.fi\/sv\/wp-json\/wp\/v2\/media?parent=110535"}],"curies":[{"name":"wp","href":"https:\/\/api.w.org\/{rel}","templated":true}]}}