{"id":110514,"date":"2019-11-04T10:54:08","date_gmt":"2019-11-04T08:54:08","guid":{"rendered":"https:\/\/www.kirkonulkomaanapu.fi\/missa-tyoskentelemme\/lansiranta-ja-jerusalem\/"},"modified":"2025-02-12T09:36:29","modified_gmt":"2025-02-12T07:36:29","slug":"vastbanken-och-jerusalem","status":"publish","type":"page","link":"https:\/\/www.kirkonulkomaanapu.fi\/sv\/var-vi-jobbar\/vastbanken-och-jerusalem\/","title":{"rendered":"V\u00e4stbanken och Jerusalem"},"content":{"rendered":"\n<h1 class=\"wp-block-heading\">V\u00e4stbanken och Jerusalem<\/h1>\n\n\n\n<p class=\"is-style-ingress\">Kyrkans Utlandshj\u00e4lps arbete p\u00e5 V\u00e4stbanken fokuserar p\u00e5 att f\u00f6rb\u00e4ttra tillg\u00e5ngen till utbildning f\u00f6r barn och ungdomar och ge psykosocialt st\u00f6d.<\/p>\n\n\n\n<figure class=\"wp-block-image size-large\"><img loading=\"lazy\" decoding=\"async\" width=\"1024\" height=\"576\" src=\"https:\/\/www.kirkonulkomaanapu.fi\/wp-content\/uploads\/2023\/11\/FCAmaps-swe-IOPT-2023-1024x576.png\" alt=\"\" class=\"wp-image-143742\" srcset=\"https:\/\/www.kirkonulkomaanapu.fi\/wp-content\/uploads\/2023\/11\/FCAmaps-swe-IOPT-2023-1024x576.png 1024w, https:\/\/www.kirkonulkomaanapu.fi\/wp-content\/uploads\/2023\/11\/FCAmaps-swe-IOPT-2023-480x270.png 480w, https:\/\/www.kirkonulkomaanapu.fi\/wp-content\/uploads\/2023\/11\/FCAmaps-swe-IOPT-2023-768x432.png 768w, https:\/\/www.kirkonulkomaanapu.fi\/wp-content\/uploads\/2023\/11\/FCAmaps-swe-IOPT-2023-1536x864.png 1536w, https:\/\/www.kirkonulkomaanapu.fi\/wp-content\/uploads\/2023\/11\/FCAmaps-swe-IOPT-2023-316x178.png 316w, https:\/\/www.kirkonulkomaanapu.fi\/wp-content\/uploads\/2023\/11\/FCAmaps-swe-IOPT-2023-1920x1080.png 1920w, https:\/\/www.kirkonulkomaanapu.fi\/wp-content\/uploads\/2023\/11\/FCAmaps-swe-IOPT-2023.png 2048w\" sizes=\"auto, (max-width: 1024px) 100vw, 1024px\" \/><\/figure>\n\n\n\n<p>Under \u00e5r 2019 erbj\u00f6d vi hundratals studerande med palestinsk och israelisk bakgrund workshops som aktiverade samh\u00e4lleligt t\u00e4nkande. Under 2020 ordnade vi workshoppar om vikten av medborgarverksamhet f\u00f6r b\u00e5de judiska och palestinska ungdomar.<\/p>\n\n\n\n<p>F\u00f6r yngre skolbarn erbj\u00f6d vi eftermiddagsverksamhet. <\/p>\n\n\n\n<p>De f\u00f6rsta frivilliga fr\u00e5n n\u00e4tverket <a href=\"https:\/\/www.opettajatilmanrajoja.fi\/\">L\u00e4rare utan gr\u00e4nser<\/a> p\u00e5 de palestinska omr\u00e5dena utbildade l\u00e4rare i samarbete med undervisningsmyndigheter. Volont\u00e4rerna arbetar tillsammans med lokala utbildningsansvariga f\u00f6r att hitta s\u00e4tt att f\u00f6rb\u00e4ttra skolorna och undervisningen i omr\u00e5det. Skolorna i programmet har valts ut i samarbete med det lokala utbildningsministeriet och ligger huvudsakligen i eller n\u00e4ra staden Ramallah.<\/p>\n\n\n\n<p>I Israel har KUA ett projekt med en liten lokal NGO f\u00f6r att n\u00e5 ut till ungdomar som p\u00e5 n\u00e5got s\u00e4tt \u00e4r marginaliserade i sina samh\u00e4llen och l\u00e4ra dem konstruktiva s\u00e4tt att diskutera fr\u00e5gor som politik och andra sociala fr\u00e5gor. Arbetet kommer att bedrivas med ungdomar med b\u00e5de judisk och palestinsk bakgrund som lever som minoritet i Israel. Ett av huvudsyftena med projektet \u00e4r att skingra f\u00f6rdomar mellan olika befolkningsgrupper och att ge ungdomarna verktyg f\u00f6r ett fredligt medborgardeltagande.<\/p>\n\n\n\n<p>KUA:s arbete i Gaza fokuserar p\u00e5 utbildning och psykosocialt st\u00f6d.<\/p>\n\n\n\n<h2 class=\"wp-block-heading\">EAPPI-programmet i de palestinska omr\u00e5dena<\/h2>\n\n\n\n<p>KUA st\u00f6der det ekumeniska EAPPI-programmet i de palestinska omr\u00e5dena, som \u00e4r en del av Kyrkornas V\u00e4rldsr\u00e5ds internationella kampanj f\u00f6r att f\u00e5 slut p\u00e5 ockupationen av Palestina. Programmet syftar till att visa solidaritet med lokala kyrkor och palestinska och israeliska fredsaktivister.<\/p>\n\n\n\n<p>EAPPI-programmet syftar till att fr\u00e4mja respekten f\u00f6r de m\u00e4nskliga r\u00e4ttigheterna och internationella humanit\u00e4ra avtal i regionen. Programmet s\u00e4nder frivilliga observat\u00f6rer f\u00f6r att \u00f6vervaka situationen f\u00f6r de m\u00e4nskliga r\u00e4ttigheterna i regionen och rapportera om eventuella kr\u00e4nkningar.<\/p>\n","protected":false},"excerpt":{"rendered":"<p>V\u00e4stbanken och Jerusalem Kyrkans Utlandshj\u00e4lps arbete p\u00e5 V\u00e4stbanken fokuserar p\u00e5 att f\u00f6rb\u00e4ttra tillg\u00e5ngen till utbildning f\u00f6r barn och ungdomar och ge psykosocialt st\u00f6d. Under \u00e5r 2019 erbj\u00f6d vi hundratals studerande med palestinsk och israelisk bakgrund workshops som aktiverade samh\u00e4lleligt t\u00e4nkande. Under 2020 ordnade vi workshoppar om vikten av medborgarverksamhet f\u00f6r b\u00e5de judiska och palestinska ungdomar. [&hellip;]<\/p>\n","protected":false},"author":137,"featured_media":111089,"parent":97997,"menu_order":0,"comment_status":"closed","ping_status":"closed","template":"page-templates\/missa-toimimme-child.php","meta":{"_acf_changed":false,"_relevanssi_hide_post":"","_relevanssi_hide_content":"","_relevanssi_pin_for_all":"","_relevanssi_pin_keywords":"","_relevanssi_unpin_keywords":"","_relevanssi_related_keywords":"","_relevanssi_related_include_ids":"","_relevanssi_related_exclude_ids":"","_relevanssi_related_no_append":"","_relevanssi_related_not_related":"","_relevanssi_related_posts":"89500,108131,63644","_relevanssi_noindex_reason":"","_improvement_type_select":"improve_an_existing","_thumb_yes_seoaic":false,"_frame_yes_seoaic":false,"seoaic_generate_description":"","seoaic_improve_instructions_prompt":"","seoaic_rollback_content_improvement":"","seoaic_idea_thumbnail_generator":"","thumbnail_generated":false,"thumbnail_generate_prompt":"","seoaic_article_description":"","footnotes":""},"class_list":["post-110514","page","type-page","status-publish","has-post-thumbnail","hentry"],"acf":[],"yoast_head":"<!-- This site is optimized with the Yoast SEO plugin v26.9 - https:\/\/yoast.com\/product\/yoast-seo-wordpress\/ -->\n<title>V\u00e4stbanken och Jerusalem - Kyrkans Utlandshj\u00e4lp<\/title>\n<meta name=\"description\" content=\"KUHs arbete p\u00e5 V\u00e4stbanken fokuserar p\u00e5 att f\u00f6rb\u00e4ttra tillg\u00e5ngen till utbildning f\u00f6r barn och ungdomar och ge psykosocialt st\u00f6d.\" \/>\n<meta name=\"robots\" content=\"index, follow, max-snippet:-1, max-image-preview:large, max-video-preview:-1\" \/>\n<link rel=\"canonical\" href=\"https:\/\/www.kirkonulkomaanapu.fi\/sv\/var-vi-jobbar\/vastbanken-och-jerusalem\/\" \/>\n<meta property=\"og:locale\" content=\"sv_SE\" \/>\n<meta property=\"og:type\" content=\"article\" \/>\n<meta property=\"og:title\" content=\"V\u00e4stbanken och Jerusalem - Kyrkans Utlandshj\u00e4lp\" \/>\n<meta property=\"og:description\" content=\"KUHs arbete p\u00e5 V\u00e4stbanken fokuserar p\u00e5 att f\u00f6rb\u00e4ttra tillg\u00e5ngen till utbildning f\u00f6r barn och ungdomar och ge psykosocialt st\u00f6d.\" \/>\n<meta property=\"og:url\" content=\"https:\/\/www.kirkonulkomaanapu.fi\/sv\/var-vi-jobbar\/vastbanken-och-jerusalem\/\" \/>\n<meta property=\"og:site_name\" content=\"Kyrkans Utlandshj\u00e4lp\" \/>\n<meta property=\"article:publisher\" content=\"https:\/\/www.facebook.com\/Ulkomaanapu\/\" \/>\n<meta property=\"article:modified_time\" content=\"2025-02-12T07:36:29+00:00\" \/>\n<meta property=\"og:image\" content=\"https:\/\/www.kirkonulkomaanapu.fi\/wp-content\/uploads\/2020\/08\/FCAmaps_sve_IOPT.png\" \/>\n\t<meta property=\"og:image:width\" content=\"2048\" \/>\n\t<meta property=\"og:image:height\" content=\"1152\" \/>\n\t<meta property=\"og:image:type\" content=\"image\/png\" \/>\n<meta name=\"twitter:label1\" content=\"Ber\u00e4knad l\u00e4stid\" \/>\n\t<meta name=\"twitter:data1\" content=\"2 minuter\" \/>\n<script type=\"application\/ld+json\" class=\"yoast-schema-graph\">{\"@context\":\"https:\/\/schema.org\",\"@graph\":[{\"@type\":\"WebPage\",\"@id\":\"https:\/\/www.kirkonulkomaanapu.fi\/sv\/var-vi-jobbar\/vastbanken-och-jerusalem\/\",\"url\":\"https:\/\/www.kirkonulkomaanapu.fi\/sv\/var-vi-jobbar\/vastbanken-och-jerusalem\/\",\"name\":\"V\u00e4stbanken och Jerusalem - Kyrkans Utlandshj\u00e4lp\",\"isPartOf\":{\"@id\":\"https:\/\/www.kirkonulkomaanapu.fi\/#website\"},\"primaryImageOfPage\":{\"@id\":\"https:\/\/www.kirkonulkomaanapu.fi\/sv\/var-vi-jobbar\/vastbanken-och-jerusalem\/#primaryimage\"},\"image\":{\"@id\":\"https:\/\/www.kirkonulkomaanapu.fi\/sv\/var-vi-jobbar\/vastbanken-och-jerusalem\/#primaryimage\"},\"thumbnailUrl\":\"https:\/\/www.kirkonulkomaanapu.fi\/wp-content\/uploads\/2020\/08\/FCAmaps_sve_IOPT.png\",\"datePublished\":\"2019-11-04T08:54:08+00:00\",\"dateModified\":\"2025-02-12T07:36:29+00:00\",\"description\":\"KUHs arbete p\u00e5 V\u00e4stbanken fokuserar p\u00e5 att f\u00f6rb\u00e4ttra tillg\u00e5ngen till utbildning f\u00f6r barn och ungdomar och ge psykosocialt st\u00f6d.\",\"breadcrumb\":{\"@id\":\"https:\/\/www.kirkonulkomaanapu.fi\/sv\/var-vi-jobbar\/vastbanken-och-jerusalem\/#breadcrumb\"},\"inLanguage\":\"sv-SE\",\"potentialAction\":[{\"@type\":\"ReadAction\",\"target\":[\"https:\/\/www.kirkonulkomaanapu.fi\/sv\/var-vi-jobbar\/vastbanken-och-jerusalem\/\"]}]},{\"@type\":\"ImageObject\",\"inLanguage\":\"sv-SE\",\"@id\":\"https:\/\/www.kirkonulkomaanapu.fi\/sv\/var-vi-jobbar\/vastbanken-och-jerusalem\/#primaryimage\",\"url\":\"https:\/\/www.kirkonulkomaanapu.fi\/wp-content\/uploads\/2020\/08\/FCAmaps_sve_IOPT.png\",\"contentUrl\":\"https:\/\/www.kirkonulkomaanapu.fi\/wp-content\/uploads\/2020\/08\/FCAmaps_sve_IOPT.png\",\"width\":2048,\"height\":1152,\"caption\":\"Karta om V\u00e4stbanken\"},{\"@type\":\"BreadcrumbList\",\"@id\":\"https:\/\/www.kirkonulkomaanapu.fi\/sv\/var-vi-jobbar\/vastbanken-och-jerusalem\/#breadcrumb\",\"itemListElement\":[{\"@type\":\"ListItem\",\"position\":1,\"name\":\"Home\",\"item\":\"https:\/\/www.kirkonulkomaanapu.fi\/sv\/\"},{\"@type\":\"ListItem\",\"position\":2,\"name\":\"Var vi jobbar\",\"item\":\"https:\/\/www.kirkonulkomaanapu.fi\/sv\/var-vi-jobbar\/\"},{\"@type\":\"ListItem\",\"position\":3,\"name\":\"V\u00e4stbanken och Jerusalem\"}]},{\"@type\":\"WebSite\",\"@id\":\"https:\/\/www.kirkonulkomaanapu.fi\/#website\",\"url\":\"https:\/\/www.kirkonulkomaanapu.fi\/\",\"name\":\"Kirkon Ulkomaanapu\",\"description\":\"Suomen suurin kehitysyhteisty\u00f6j\u00e4rjest\u00f6\",\"publisher\":{\"@id\":\"https:\/\/www.kirkonulkomaanapu.fi\/#organization\"},\"alternateName\":\"KUA\",\"potentialAction\":[{\"@type\":\"SearchAction\",\"target\":{\"@type\":\"EntryPoint\",\"urlTemplate\":\"https:\/\/www.kirkonulkomaanapu.fi\/?s={search_term_string}\"},\"query-input\":{\"@type\":\"PropertyValueSpecification\",\"valueRequired\":true,\"valueName\":\"search_term_string\"}}],\"inLanguage\":\"sv-SE\"},{\"@type\":\"Organization\",\"@id\":\"https:\/\/www.kirkonulkomaanapu.fi\/#organization\",\"name\":\"Kirkon Ulkomaanapu\",\"alternateName\":\"KUA\",\"url\":\"https:\/\/www.kirkonulkomaanapu.fi\/\",\"logo\":{\"@type\":\"ImageObject\",\"inLanguage\":\"sv-SE\",\"@id\":\"https:\/\/www.kirkonulkomaanapu.fi\/#\/schema\/logo\/image\/\",\"url\":\"https:\/\/www.kirkonulkomaanapu.fi\/wp-content\/uploads\/2026\/02\/Kirkon-ulkomaanapu-logo-1.png\",\"contentUrl\":\"https:\/\/www.kirkonulkomaanapu.fi\/wp-content\/uploads\/2026\/02\/Kirkon-ulkomaanapu-logo-1.png\",\"width\":225,\"height\":225,\"caption\":\"Kirkon Ulkomaanapu\"},\"image\":{\"@id\":\"https:\/\/www.kirkonulkomaanapu.fi\/#\/schema\/logo\/image\/\"},\"sameAs\":[\"https:\/\/www.facebook.com\/Ulkomaanapu\/\",\"https:\/\/www.youtube.com\/user\/kirkonulkomaanapu\",\"https:\/\/instagram.com\/kirkon_ulkomaanapu\/\",\"https:\/\/www.linkedin.com\/company\/finn-church-aid\/\"]}]}<\/script>\n<!-- \/ Yoast SEO plugin. -->","yoast_head_json":{"title":"V\u00e4stbanken och Jerusalem - Kyrkans Utlandshj\u00e4lp","description":"KUHs arbete p\u00e5 V\u00e4stbanken fokuserar p\u00e5 att f\u00f6rb\u00e4ttra tillg\u00e5ngen till utbildning f\u00f6r barn och ungdomar och ge psykosocialt st\u00f6d.","robots":{"index":"index","follow":"follow","max-snippet":"max-snippet:-1","max-image-preview":"max-image-preview:large","max-video-preview":"max-video-preview:-1"},"canonical":"https:\/\/www.kirkonulkomaanapu.fi\/sv\/var-vi-jobbar\/vastbanken-och-jerusalem\/","og_locale":"sv_SE","og_type":"article","og_title":"V\u00e4stbanken och Jerusalem - Kyrkans Utlandshj\u00e4lp","og_description":"KUHs arbete p\u00e5 V\u00e4stbanken fokuserar p\u00e5 att f\u00f6rb\u00e4ttra tillg\u00e5ngen till utbildning f\u00f6r barn och ungdomar och ge psykosocialt st\u00f6d.","og_url":"https:\/\/www.kirkonulkomaanapu.fi\/sv\/var-vi-jobbar\/vastbanken-och-jerusalem\/","og_site_name":"Kyrkans Utlandshj\u00e4lp","article_publisher":"https:\/\/www.facebook.com\/Ulkomaanapu\/","article_modified_time":"2025-02-12T07:36:29+00:00","og_image":[{"width":2048,"height":1152,"url":"https:\/\/www.kirkonulkomaanapu.fi\/wp-content\/uploads\/2020\/08\/FCAmaps_sve_IOPT.png","type":"image\/png"}],"twitter_misc":{"Ber\u00e4knad l\u00e4stid":"2 minuter"},"schema":{"@context":"https:\/\/schema.org","@graph":[{"@type":"WebPage","@id":"https:\/\/www.kirkonulkomaanapu.fi\/sv\/var-vi-jobbar\/vastbanken-och-jerusalem\/","url":"https:\/\/www.kirkonulkomaanapu.fi\/sv\/var-vi-jobbar\/vastbanken-och-jerusalem\/","name":"V\u00e4stbanken och Jerusalem - Kyrkans Utlandshj\u00e4lp","isPartOf":{"@id":"https:\/\/www.kirkonulkomaanapu.fi\/#website"},"primaryImageOfPage":{"@id":"https:\/\/www.kirkonulkomaanapu.fi\/sv\/var-vi-jobbar\/vastbanken-och-jerusalem\/#primaryimage"},"image":{"@id":"https:\/\/www.kirkonulkomaanapu.fi\/sv\/var-vi-jobbar\/vastbanken-och-jerusalem\/#primaryimage"},"thumbnailUrl":"https:\/\/www.kirkonulkomaanapu.fi\/wp-content\/uploads\/2020\/08\/FCAmaps_sve_IOPT.png","datePublished":"2019-11-04T08:54:08+00:00","dateModified":"2025-02-12T07:36:29+00:00","description":"KUHs arbete p\u00e5 V\u00e4stbanken fokuserar p\u00e5 att f\u00f6rb\u00e4ttra tillg\u00e5ngen till utbildning f\u00f6r barn och ungdomar och ge psykosocialt st\u00f6d.","breadcrumb":{"@id":"https:\/\/www.kirkonulkomaanapu.fi\/sv\/var-vi-jobbar\/vastbanken-och-jerusalem\/#breadcrumb"},"inLanguage":"sv-SE","potentialAction":[{"@type":"ReadAction","target":["https:\/\/www.kirkonulkomaanapu.fi\/sv\/var-vi-jobbar\/vastbanken-och-jerusalem\/"]}]},{"@type":"ImageObject","inLanguage":"sv-SE","@id":"https:\/\/www.kirkonulkomaanapu.fi\/sv\/var-vi-jobbar\/vastbanken-och-jerusalem\/#primaryimage","url":"https:\/\/www.kirkonulkomaanapu.fi\/wp-content\/uploads\/2020\/08\/FCAmaps_sve_IOPT.png","contentUrl":"https:\/\/www.kirkonulkomaanapu.fi\/wp-content\/uploads\/2020\/08\/FCAmaps_sve_IOPT.png","width":2048,"height":1152,"caption":"Karta om V\u00e4stbanken"},{"@type":"BreadcrumbList","@id":"https:\/\/www.kirkonulkomaanapu.fi\/sv\/var-vi-jobbar\/vastbanken-och-jerusalem\/#breadcrumb","itemListElement":[{"@type":"ListItem","position":1,"name":"Home","item":"https:\/\/www.kirkonulkomaanapu.fi\/sv\/"},{"@type":"ListItem","position":2,"name":"Var vi jobbar","item":"https:\/\/www.kirkonulkomaanapu.fi\/sv\/var-vi-jobbar\/"},{"@type":"ListItem","position":3,"name":"V\u00e4stbanken och Jerusalem"}]},{"@type":"WebSite","@id":"https:\/\/www.kirkonulkomaanapu.fi\/#website","url":"https:\/\/www.kirkonulkomaanapu.fi\/","name":"Kirkon Ulkomaanapu","description":"Suomen suurin kehitysyhteisty\u00f6j\u00e4rjest\u00f6","publisher":{"@id":"https:\/\/www.kirkonulkomaanapu.fi\/#organization"},"alternateName":"KUA","potentialAction":[{"@type":"SearchAction","target":{"@type":"EntryPoint","urlTemplate":"https:\/\/www.kirkonulkomaanapu.fi\/?s={search_term_string}"},"query-input":{"@type":"PropertyValueSpecification","valueRequired":true,"valueName":"search_term_string"}}],"inLanguage":"sv-SE"},{"@type":"Organization","@id":"https:\/\/www.kirkonulkomaanapu.fi\/#organization","name":"Kirkon Ulkomaanapu","alternateName":"KUA","url":"https:\/\/www.kirkonulkomaanapu.fi\/","logo":{"@type":"ImageObject","inLanguage":"sv-SE","@id":"https:\/\/www.kirkonulkomaanapu.fi\/#\/schema\/logo\/image\/","url":"https:\/\/www.kirkonulkomaanapu.fi\/wp-content\/uploads\/2026\/02\/Kirkon-ulkomaanapu-logo-1.png","contentUrl":"https:\/\/www.kirkonulkomaanapu.fi\/wp-content\/uploads\/2026\/02\/Kirkon-ulkomaanapu-logo-1.png","width":225,"height":225,"caption":"Kirkon Ulkomaanapu"},"image":{"@id":"https:\/\/www.kirkonulkomaanapu.fi\/#\/schema\/logo\/image\/"},"sameAs":["https:\/\/www.facebook.com\/Ulkomaanapu\/","https:\/\/www.youtube.com\/user\/kirkonulkomaanapu","https:\/\/instagram.com\/kirkon_ulkomaanapu\/","https:\/\/www.linkedin.com\/company\/finn-church-aid\/"]}]}},"_links":{"self":[{"href":"https:\/\/www.kirkonulkomaanapu.fi\/sv\/wp-json\/wp\/v2\/pages\/110514","targetHints":{"allow":["GET"]}}],"collection":[{"href":"https:\/\/www.kirkonulkomaanapu.fi\/sv\/wp-json\/wp\/v2\/pages"}],"about":[{"href":"https:\/\/www.kirkonulkomaanapu.fi\/sv\/wp-json\/wp\/v2\/types\/page"}],"author":[{"embeddable":true,"href":"https:\/\/www.kirkonulkomaanapu.fi\/sv\/wp-json\/wp\/v2\/users\/137"}],"replies":[{"embeddable":true,"href":"https:\/\/www.kirkonulkomaanapu.fi\/sv\/wp-json\/wp\/v2\/comments?post=110514"}],"version-history":[{"count":3,"href":"https:\/\/www.kirkonulkomaanapu.fi\/sv\/wp-json\/wp\/v2\/pages\/110514\/revisions"}],"predecessor-version":[{"id":153039,"href":"https:\/\/www.kirkonulkomaanapu.fi\/sv\/wp-json\/wp\/v2\/pages\/110514\/revisions\/153039"}],"up":[{"embeddable":true,"href":"https:\/\/www.kirkonulkomaanapu.fi\/sv\/wp-json\/wp\/v2\/pages\/97997"}],"wp:featuredmedia":[{"embeddable":true,"href":"https:\/\/www.kirkonulkomaanapu.fi\/sv\/wp-json\/wp\/v2\/media\/111089"}],"wp:attachment":[{"href":"https:\/\/www.kirkonulkomaanapu.fi\/sv\/wp-json\/wp\/v2\/media?parent=110514"}],"curies":[{"name":"wp","href":"https:\/\/api.w.org\/{rel}","templated":true}]}}