{"id":95039,"date":"2019-07-04T16:38:44","date_gmt":"2019-07-04T13:38:44","guid":{"rendered":"https:\/\/www.kirkonulkomaanapu.fi\/?page_id=95039"},"modified":"2025-11-21T10:52:49","modified_gmt":"2025-11-21T08:52:49","slug":"evaluation-reports","status":"publish","type":"page","link":"https:\/\/www.kirkonulkomaanapu.fi\/en\/evaluation-reports\/","title":{"rendered":"Evaluation reports"},"content":{"rendered":"<p class=\"lead\">We carry out evaluations regularly to monitor the progress of our work. Through evaluations conducted by independent experts, we gain information on whether our work is producing the desired results.<\/p>\n<p>On this page, you find summaries of evaluations of FCA&#8217;s work.<\/p>\n<h3>2025<\/h3>\n<p>Type of evaluation: <a href=\"https:\/\/www.kirkonulkomaanapu.fi\/wp-content\/uploads\/2025\/11\/Syria-CP-evaluation-executive-summary.pdf\"><strong>Syria country programme evaluation 2025<\/strong><\/a><br \/>\nEvaluator: Jouri Research and Consulting<br \/>\nTime of the evaluation: June-November 2025<\/p>\n<h3>2024<\/h3>\n<p>Type of evaluation: <a href=\"https:\/\/www.kirkonulkomaanapu.fi\/wp-content\/uploads\/2024\/11\/Kenya-CP-evaluation-executive-summary.pdf\"><strong>Kenya country programme evaluation 2024<\/strong><\/a><br \/>\nEvaluator: DeBi Consulting Ltd.<br \/>\nTime of the evaluation: March-August 2024<\/p>\n<h3>2023<\/h3>\n<p>Type of evaluation: <a href=\"https:\/\/www.kirkonulkomaanapu.fi\/wp-content\/uploads\/2023\/10\/Nepal-Executive-summary-for-internet.pdf\"><strong>Nepal Country Programme Evaluation<\/strong><\/a><br \/>\nEvaluator: Alliance for Development and Research Services Ltd. (ARDS)<br \/>\nTime of the evaluation: February-August 2023<\/p>\n<h3>2022<\/h3>\n<p>Type of evaluation: <strong><a href=\"https:\/\/www.kirkonulkomaanapu.fi\/wp-content\/uploads\/2022\/08\/Uganda-executive-summary.pdf\">Evaluation of the Uganda Country Programme<\/a><\/strong><br \/>\nEvaluator: Appraisal Consulting RV KY\/Raisa Ven\u00e4l\u00e4inen, Richard Kibombo, Adibaku William Baru<br \/>\nTime of the evaluation: March-June 2022<\/p>\n<h3>2019<\/h3>\n<p>Name of the Evaluation:<strong> <a href=\"https:\/\/www.kirkonulkomaanapu.fi\/wp-content\/uploads\/2020\/09\/Evaluation-of-the-Kenya-Country-Programme_2019_Executive-Summary.pdf\">Evaluation of the Kenya Country Programme 2019<\/a>\u00a0<\/strong>(Executive Summary)<br \/>\nEvaluator: Munene Charles Kiura, Reuben Mutua Kinanu, Susan Njoki Githaiga and Dominic Ruto Pkalya, on behalf of Social Policy and Development Consulting Limited (SPDC)<br \/>\nYear: 2019<\/p>\n<h3>2018<\/h3>\n<p>Name of the evaluation: <a href=\"https:\/\/www.kirkonulkomaanapu.fi\/wp-content\/uploads\/2020\/10\/Country-Programme-Evaluation-for-South-Sudan_Executive-Summary.pdf\"><strong>Country Programme Evaluation for South Sudan<\/strong><\/a> (Executive Summary)<br \/>\nEvaluator: Forcier<br \/>\nYear: 2018<\/p>\n<p>Name of evaluation: <strong><a href=\"https:\/\/www.kirkonulkomaanapu.fi\/wp-content\/uploads\/2020\/06\/Country-Programme-Evaluation-for-Somalia_2018.pdf\">Country Programme Evaluation for Somalia<\/a> <\/strong>(Executive Summary)<br \/>\nEvaluator: Research Care Africa<br \/>\nYear: 2018<\/p>\n<h3>2017<\/h3>\n<p>Name of the evaluation: <strong><a href=\"https:\/\/www.kirkonulkomaanapu.fi\/wp-content\/uploads\/2019\/08\/Camaleonte_evaluation.pdf\">Finn Church Aid Global Programme Evaluation<\/a> <\/strong>(Executive Summary)<br \/>\nEvaluator: Camaleonte Oy and Osuuskunta G9<br \/>\nYear: 2017<\/p>\n<p>Name of the evaluation: <strong><a href=\"https:\/\/www.kirkonulkomaanapu.fi\/wp-content\/uploads\/2019\/07\/EVALUATION-2-ON-THE-CIVIL-SOCIETY-ORGANISATIONS-Finn-Church-Aid_2017_summary.pdf\">Evaluation on the Civil Society Organizations Receiving Programme-Based Support and Support for Humanitarian Assistance<\/a> <\/strong>(Executive Summary)<br \/>\nEvaluator: FCG Consulting<br \/>\nYear: 2017<\/p>\n<p>Name of the evaluation: <strong><a href=\"https:\/\/www.kirkonulkomaanapu.fi\/wp-content\/uploads\/2020\/08\/Finn-Church-Aid-FCA-Syria-Response-in-Jordan-2012\u20132017-Impact-Assesment.pdf\">Finn Church Aid (FCA) Syria Response in Jordan 2012\u20132017 Impact Assesment <\/a><\/strong>(Executive Summary)<br \/>\nEvaluator: Nahed Freij<br \/>\nYear: 2017<\/p>\n<p>Name of the evaluation:<strong> <a href=\"https:\/\/www.kirkonulkomaanapu.fi\/wp-content\/uploads\/2020\/09\/Impact-Assessment-Linking-Learning-to-Earning-Approach-Final-Evaluation-Report-Executive-Summary-2017.pdf\">Impact Assessment Linking Learning to Earning Approach &#8211; Final Evaluation Report 2017<\/a><\/strong> (Executive Summary)<br \/>\nEvaluator: Halcyon Louis<br \/>\nYear: 2017<\/p>\n<p>Name of the Evaluation: <strong><a href=\"https:\/\/www.kirkonulkomaanapu.fi\/wp-content\/uploads\/2020\/09\/Country-Programme-Evaluation-for-Cambodia_-2017_Executive_Summary.pdf\">Country Programme Evaluation for Cambodia 2017<\/a><\/strong> (Executive Summary)<br \/>\nEvaluator: Focus UP<br \/>\nYear: 2017<\/p>\n<h3>2016<\/h3>\n<p>Name of the evaluation: <strong><a href=\"https:\/\/www.kirkonulkomaanapu.fi\/wp-content\/uploads\/2019\/07\/15-BA123-006-Final_summary.pdf\">ECHO HQ Audit report<\/a> <\/strong>(Executive Summary)<br \/>\nEvaluator: PKF International<br \/>\nYear: 2016<\/p>\n","protected":false},"excerpt":{"rendered":"<p>We carry out evaluations regularly to monitor the progress of our work. Through evaluations conducted by independent experts, we gain information on whether our work is producing the desired results. On this page, you find summaries of evaluations of FCA&#8217;s work. 2025 Type of evaluation: Syria country programme evaluation 2025 Evaluator: Jouri Research and Consulting [&hellip;]<\/p>\n","protected":false},"author":137,"featured_media":0,"parent":0,"menu_order":0,"comment_status":"closed","ping_status":"closed","template":"page-templates\/yhteystiedot.php","meta":{"_acf_changed":false,"_relevanssi_hide_post":"","_relevanssi_hide_content":"","_relevanssi_pin_for_all":"","_relevanssi_pin_keywords":"","_relevanssi_unpin_keywords":"","_relevanssi_related_keywords":"","_relevanssi_related_include_ids":"","_relevanssi_related_exclude_ids":"","_relevanssi_related_no_append":"","_relevanssi_related_not_related":"","_relevanssi_related_posts":"107582,74948,110039,86857,121626,115774","_relevanssi_noindex_reason":"","_improvement_type_select":"improve_an_existing","_thumb_yes_seoaic":false,"_frame_yes_seoaic":false,"seoaic_generate_description":"","seoaic_improve_instructions_prompt":"","seoaic_rollback_content_improvement":"","seoaic_idea_thumbnail_generator":"","thumbnail_generated":false,"thumbnail_generate_prompt":"","seoaic_article_description":"","footnotes":""},"class_list":["post-95039","page","type-page","status-publish","hentry"],"acf":[],"yoast_head":"<!-- This site is optimized with the Yoast SEO plugin v26.9 - https:\/\/yoast.com\/product\/yoast-seo-wordpress\/ -->\n<title>Evaluation reports - FCA Finn Church Aid<\/title>\n<meta name=\"description\" content=\"We carry out evaluations regularly to monitor the progress of our work. Through evaluations conducted by independent experts, we gain information on whether our work is producing the desired results.\" \/>\n<meta name=\"robots\" content=\"index, follow, max-snippet:-1, max-image-preview:large, max-video-preview:-1\" \/>\n<link rel=\"canonical\" href=\"https:\/\/www.kirkonulkomaanapu.fi\/en\/evaluation-reports\/\" \/>\n<meta property=\"og:locale\" content=\"en_US\" \/>\n<meta property=\"og:type\" content=\"article\" \/>\n<meta property=\"og:title\" content=\"Evaluation reports - FCA Finn Church Aid\" \/>\n<meta property=\"og:description\" content=\"We carry out evaluations regularly to monitor the progress of our work. Through evaluations conducted by independent experts, we gain information on whether our work is producing the desired results.\" \/>\n<meta property=\"og:url\" content=\"https:\/\/www.kirkonulkomaanapu.fi\/en\/evaluation-reports\/\" \/>\n<meta property=\"og:site_name\" content=\"FCA Finn Church Aid\" \/>\n<meta property=\"article:publisher\" content=\"https:\/\/www.facebook.com\/Ulkomaanapu\/\" \/>\n<meta property=\"article:modified_time\" content=\"2025-11-21T08:52:49+00:00\" \/>\n<meta property=\"og:image\" content=\"https:\/\/www.kirkonulkomaanapu.fi\/wp-content\/uploads\/2026\/02\/Kirkon-ulkomaanapu-logo.png\" \/>\n\t<meta property=\"og:image:width\" content=\"225\" \/>\n\t<meta property=\"og:image:height\" content=\"225\" \/>\n\t<meta property=\"og:image:type\" content=\"image\/png\" \/>\n<meta name=\"twitter:label1\" content=\"Est. reading time\" \/>\n\t<meta name=\"twitter:data1\" content=\"3 minutes\" \/>\n<script type=\"application\/ld+json\" class=\"yoast-schema-graph\">{\"@context\":\"https:\/\/schema.org\",\"@graph\":[{\"@type\":\"WebPage\",\"@id\":\"https:\/\/www.kirkonulkomaanapu.fi\/en\/evaluation-reports\/\",\"url\":\"https:\/\/www.kirkonulkomaanapu.fi\/en\/evaluation-reports\/\",\"name\":\"Evaluation reports - FCA Finn Church Aid\",\"isPartOf\":{\"@id\":\"https:\/\/www.kirkonulkomaanapu.fi\/#website\"},\"datePublished\":\"2019-07-04T13:38:44+00:00\",\"dateModified\":\"2025-11-21T08:52:49+00:00\",\"description\":\"We carry out evaluations regularly to monitor the progress of our work. Through evaluations conducted by independent experts, we gain information on whether our work is producing the desired results.\",\"breadcrumb\":{\"@id\":\"https:\/\/www.kirkonulkomaanapu.fi\/en\/evaluation-reports\/#breadcrumb\"},\"inLanguage\":\"en-US\",\"potentialAction\":[{\"@type\":\"ReadAction\",\"target\":[\"https:\/\/www.kirkonulkomaanapu.fi\/en\/evaluation-reports\/\"]}]},{\"@type\":\"BreadcrumbList\",\"@id\":\"https:\/\/www.kirkonulkomaanapu.fi\/en\/evaluation-reports\/#breadcrumb\",\"itemListElement\":[{\"@type\":\"ListItem\",\"position\":1,\"name\":\"Home\",\"item\":\"https:\/\/www.kirkonulkomaanapu.fi\/en\/\"},{\"@type\":\"ListItem\",\"position\":2,\"name\":\"Evaluation reports\"}]},{\"@type\":\"WebSite\",\"@id\":\"https:\/\/www.kirkonulkomaanapu.fi\/#website\",\"url\":\"https:\/\/www.kirkonulkomaanapu.fi\/\",\"name\":\"Kirkon Ulkomaanapu\",\"description\":\"Suomen suurin kehitysyhteisty\u00f6j\u00e4rjest\u00f6\",\"publisher\":{\"@id\":\"https:\/\/www.kirkonulkomaanapu.fi\/#organization\"},\"alternateName\":\"KUA\",\"potentialAction\":[{\"@type\":\"SearchAction\",\"target\":{\"@type\":\"EntryPoint\",\"urlTemplate\":\"https:\/\/www.kirkonulkomaanapu.fi\/?s={search_term_string}\"},\"query-input\":{\"@type\":\"PropertyValueSpecification\",\"valueRequired\":true,\"valueName\":\"search_term_string\"}}],\"inLanguage\":\"en-US\"},{\"@type\":\"Organization\",\"@id\":\"https:\/\/www.kirkonulkomaanapu.fi\/#organization\",\"name\":\"Kirkon Ulkomaanapu\",\"alternateName\":\"KUA\",\"url\":\"https:\/\/www.kirkonulkomaanapu.fi\/\",\"logo\":{\"@type\":\"ImageObject\",\"inLanguage\":\"en-US\",\"@id\":\"https:\/\/www.kirkonulkomaanapu.fi\/#\/schema\/logo\/image\/\",\"url\":\"https:\/\/www.kirkonulkomaanapu.fi\/wp-content\/uploads\/2026\/02\/Kirkon-ulkomaanapu-logo-1.png\",\"contentUrl\":\"https:\/\/www.kirkonulkomaanapu.fi\/wp-content\/uploads\/2026\/02\/Kirkon-ulkomaanapu-logo-1.png\",\"width\":225,\"height\":225,\"caption\":\"Kirkon Ulkomaanapu\"},\"image\":{\"@id\":\"https:\/\/www.kirkonulkomaanapu.fi\/#\/schema\/logo\/image\/\"},\"sameAs\":[\"https:\/\/www.facebook.com\/Ulkomaanapu\/\",\"https:\/\/www.youtube.com\/user\/kirkonulkomaanapu\",\"https:\/\/instagram.com\/kirkon_ulkomaanapu\/\",\"https:\/\/www.linkedin.com\/company\/finn-church-aid\/\"]}]}<\/script>\n<!-- \/ Yoast SEO plugin. -->","yoast_head_json":{"title":"Evaluation reports - FCA Finn Church Aid","description":"We carry out evaluations regularly to monitor the progress of our work. Through evaluations conducted by independent experts, we gain information on whether our work is producing the desired results.","robots":{"index":"index","follow":"follow","max-snippet":"max-snippet:-1","max-image-preview":"max-image-preview:large","max-video-preview":"max-video-preview:-1"},"canonical":"https:\/\/www.kirkonulkomaanapu.fi\/en\/evaluation-reports\/","og_locale":"en_US","og_type":"article","og_title":"Evaluation reports - FCA Finn Church Aid","og_description":"We carry out evaluations regularly to monitor the progress of our work. Through evaluations conducted by independent experts, we gain information on whether our work is producing the desired results.","og_url":"https:\/\/www.kirkonulkomaanapu.fi\/en\/evaluation-reports\/","og_site_name":"FCA Finn Church Aid","article_publisher":"https:\/\/www.facebook.com\/Ulkomaanapu\/","article_modified_time":"2025-11-21T08:52:49+00:00","og_image":[{"width":225,"height":225,"url":"https:\/\/www.kirkonulkomaanapu.fi\/wp-content\/uploads\/2026\/02\/Kirkon-ulkomaanapu-logo.png","type":"image\/png"}],"twitter_misc":{"Est. reading time":"3 minutes"},"schema":{"@context":"https:\/\/schema.org","@graph":[{"@type":"WebPage","@id":"https:\/\/www.kirkonulkomaanapu.fi\/en\/evaluation-reports\/","url":"https:\/\/www.kirkonulkomaanapu.fi\/en\/evaluation-reports\/","name":"Evaluation reports - FCA Finn Church Aid","isPartOf":{"@id":"https:\/\/www.kirkonulkomaanapu.fi\/#website"},"datePublished":"2019-07-04T13:38:44+00:00","dateModified":"2025-11-21T08:52:49+00:00","description":"We carry out evaluations regularly to monitor the progress of our work. Through evaluations conducted by independent experts, we gain information on whether our work is producing the desired results.","breadcrumb":{"@id":"https:\/\/www.kirkonulkomaanapu.fi\/en\/evaluation-reports\/#breadcrumb"},"inLanguage":"en-US","potentialAction":[{"@type":"ReadAction","target":["https:\/\/www.kirkonulkomaanapu.fi\/en\/evaluation-reports\/"]}]},{"@type":"BreadcrumbList","@id":"https:\/\/www.kirkonulkomaanapu.fi\/en\/evaluation-reports\/#breadcrumb","itemListElement":[{"@type":"ListItem","position":1,"name":"Home","item":"https:\/\/www.kirkonulkomaanapu.fi\/en\/"},{"@type":"ListItem","position":2,"name":"Evaluation reports"}]},{"@type":"WebSite","@id":"https:\/\/www.kirkonulkomaanapu.fi\/#website","url":"https:\/\/www.kirkonulkomaanapu.fi\/","name":"Kirkon Ulkomaanapu","description":"Suomen suurin kehitysyhteisty\u00f6j\u00e4rjest\u00f6","publisher":{"@id":"https:\/\/www.kirkonulkomaanapu.fi\/#organization"},"alternateName":"KUA","potentialAction":[{"@type":"SearchAction","target":{"@type":"EntryPoint","urlTemplate":"https:\/\/www.kirkonulkomaanapu.fi\/?s={search_term_string}"},"query-input":{"@type":"PropertyValueSpecification","valueRequired":true,"valueName":"search_term_string"}}],"inLanguage":"en-US"},{"@type":"Organization","@id":"https:\/\/www.kirkonulkomaanapu.fi\/#organization","name":"Kirkon Ulkomaanapu","alternateName":"KUA","url":"https:\/\/www.kirkonulkomaanapu.fi\/","logo":{"@type":"ImageObject","inLanguage":"en-US","@id":"https:\/\/www.kirkonulkomaanapu.fi\/#\/schema\/logo\/image\/","url":"https:\/\/www.kirkonulkomaanapu.fi\/wp-content\/uploads\/2026\/02\/Kirkon-ulkomaanapu-logo-1.png","contentUrl":"https:\/\/www.kirkonulkomaanapu.fi\/wp-content\/uploads\/2026\/02\/Kirkon-ulkomaanapu-logo-1.png","width":225,"height":225,"caption":"Kirkon Ulkomaanapu"},"image":{"@id":"https:\/\/www.kirkonulkomaanapu.fi\/#\/schema\/logo\/image\/"},"sameAs":["https:\/\/www.facebook.com\/Ulkomaanapu\/","https:\/\/www.youtube.com\/user\/kirkonulkomaanapu","https:\/\/instagram.com\/kirkon_ulkomaanapu\/","https:\/\/www.linkedin.com\/company\/finn-church-aid\/"]}]}},"_links":{"self":[{"href":"https:\/\/www.kirkonulkomaanapu.fi\/en\/wp-json\/wp\/v2\/pages\/95039","targetHints":{"allow":["GET"]}}],"collection":[{"href":"https:\/\/www.kirkonulkomaanapu.fi\/en\/wp-json\/wp\/v2\/pages"}],"about":[{"href":"https:\/\/www.kirkonulkomaanapu.fi\/en\/wp-json\/wp\/v2\/types\/page"}],"author":[{"embeddable":true,"href":"https:\/\/www.kirkonulkomaanapu.fi\/en\/wp-json\/wp\/v2\/users\/137"}],"replies":[{"embeddable":true,"href":"https:\/\/www.kirkonulkomaanapu.fi\/en\/wp-json\/wp\/v2\/comments?post=95039"}],"version-history":[{"count":3,"href":"https:\/\/www.kirkonulkomaanapu.fi\/en\/wp-json\/wp\/v2\/pages\/95039\/revisions"}],"predecessor-version":[{"id":158415,"href":"https:\/\/www.kirkonulkomaanapu.fi\/en\/wp-json\/wp\/v2\/pages\/95039\/revisions\/158415"}],"wp:attachment":[{"href":"https:\/\/www.kirkonulkomaanapu.fi\/en\/wp-json\/wp\/v2\/media?parent=95039"}],"curies":[{"name":"wp","href":"https:\/\/api.w.org\/{rel}","templated":true}]}}