{"id":94846,"date":"2019-06-19T16:31:30","date_gmt":"2019-06-19T13:31:30","guid":{"rendered":"https:\/\/www.kirkonulkomaanapu.fi\/us\/annual-report-2018\/wefood-2\/"},"modified":"2019-07-02T10:29:05","modified_gmt":"2019-07-02T07:29:05","slug":"wefood-2","status":"publish","type":"page","link":"https:\/\/www.kirkonulkomaanapu.fi\/en\/us\/history\/annual-report-2018\/wefood-2\/","title":{"rendered":"WeFood"},"content":{"rendered":"<p class=\"lead\">A new volunteer network for fca in 2018<\/p>\n<p><a href=\"https:\/\/wefood.fi\/finn-church-aid-opens-finlands-first-ever-supermarket-selling-surplus-food\/\" target=\"_blank\" rel=\"noopener\">WeFood<\/a> has already \u201crescued\u201d 30 tonnes of food.\u00a0Finn Church Aid opened the first surplus food supermarket in Finland on 20 September 2018. The supermarket is situated in the Redi shopping centre in Kalasatama, Helsinki. Already, WeFood has reduced the amount of surplus food wasted in Finland by more than 30 000 kilograms by selling surplus food donated by manufacturers, importers, wholesalers, retailers, and producers. Additionally, the supermarket has sold more than 5 000 litres of beverages. All this edible food would have gone to waste without WeFood.<\/p>\n<p>The supermarket has attracted a great deal of interest. Representatives of about 15 media outlets attended the WeFood opening and the supermarket was mentioned more than 30 times in various publications during the autumn of 2018.<\/p>\n<p>As a concept, WeFood is based on volunteer activity. Volunteers serve customers at the supermarket, place the products on the shelves and take care of the operations and comfort of the place. Logistics volunteers collect the batches of surplus goods received as donations and bring them to the supermarket. Some 130 volunteers are involved in the WeFood project.<\/p>\n<p>The sold products are batches of surplus goods, which would otherwise go to waste. Around 15 different cooperation partners donated surplus goods in 2018. These partners included exporters, wholesalers, manufacturers, and retailers. Additionally, WeFood engages in cooperation with Nissan. The surplus goods are transported in a Nissan e-NV200 electric van.<\/p>\n<p>WeFood has also engaged in cooperation with an educational institution, Perho Culinary, Tourism and Business College. The students have become familiar with the supermarket operations by doing trainee shifts. Additionally, one of the students has completed their traineeship at WeFood. About ten groups of school children from various primary schools in Helsinki visited the supermarket during the autumn.<\/p>\n","protected":false},"excerpt":{"rendered":"<p>A new volunteer network for fca in 2018 WeFood has already \u201crescued\u201d 30 tonnes of food.\u00a0Finn Church Aid opened the first surplus food supermarket in Finland on 20 September 2018. The supermarket is situated in the Redi shopping centre in Kalasatama, Helsinki. Already, WeFood has reduced the amount of surplus food wasted in Finland by [&hellip;]<\/p>\n","protected":false},"author":101,"featured_media":94303,"parent":94716,"menu_order":0,"comment_status":"closed","ping_status":"closed","template":"page-templates\/vuosikertomus.php","meta":{"_acf_changed":false,"_relevanssi_hide_post":"","_relevanssi_hide_content":"","_relevanssi_pin_for_all":"","_relevanssi_pin_keywords":"","_relevanssi_unpin_keywords":"","_relevanssi_related_keywords":"","_relevanssi_related_include_ids":"","_relevanssi_related_exclude_ids":"","_relevanssi_related_no_append":"","_relevanssi_related_not_related":"","_relevanssi_related_posts":"","_relevanssi_noindex_reason":"","_improvement_type_select":"improve_an_existing","_thumb_yes_seoaic":false,"_frame_yes_seoaic":false,"seoaic_generate_description":"","seoaic_improve_instructions_prompt":"","seoaic_rollback_content_improvement":"","seoaic_idea_thumbnail_generator":"","thumbnail_generated":false,"thumbnail_generate_prompt":"","seoaic_article_description":"","footnotes":""},"class_list":["post-94846","page","type-page","status-publish","has-post-thumbnail","hentry"],"acf":[],"yoast_head":"<!-- This site is optimized with the Yoast SEO plugin v26.9 - https:\/\/yoast.com\/product\/yoast-seo-wordpress\/ -->\n<title>WeFood - FCA Finn Church Aid<\/title>\n<meta name=\"robots\" content=\"index, follow, max-snippet:-1, max-image-preview:large, max-video-preview:-1\" \/>\n<link rel=\"canonical\" href=\"https:\/\/www.kirkonulkomaanapu.fi\/en\/us\/history\/annual-report-2018\/wefood-2\/\" \/>\n<meta property=\"og:locale\" content=\"en_US\" \/>\n<meta property=\"og:type\" content=\"article\" \/>\n<meta property=\"og:title\" content=\"WeFood - FCA Finn Church Aid\" \/>\n<meta property=\"og:description\" content=\"A new volunteer network for fca in 2018 WeFood has already \u201crescued\u201d 30 tonnes of food.\u00a0Finn Church Aid opened the first surplus food supermarket in Finland on 20 September 2018. The supermarket is situated in the Redi shopping centre in Kalasatama, Helsinki. Already, WeFood has reduced the amount of surplus food wasted in Finland by [&hellip;]\" \/>\n<meta property=\"og:url\" content=\"https:\/\/www.kirkonulkomaanapu.fi\/en\/us\/history\/annual-report-2018\/wefood-2\/\" \/>\n<meta property=\"og:site_name\" content=\"FCA Finn Church Aid\" \/>\n<meta property=\"article:publisher\" content=\"https:\/\/www.facebook.com\/Ulkomaanapu\/\" \/>\n<meta property=\"article:modified_time\" content=\"2019-07-02T07:29:05+00:00\" \/>\n<meta property=\"og:image\" content=\"https:\/\/www.kirkonulkomaanapu.fi\/wp-content\/uploads\/2019\/06\/Vuosikertomus_2018_WeFood_.jpg\" \/>\n\t<meta property=\"og:image:width\" content=\"1024\" \/>\n\t<meta property=\"og:image:height\" content=\"540\" \/>\n\t<meta property=\"og:image:type\" content=\"image\/jpeg\" \/>\n<meta name=\"twitter:label1\" content=\"Est. reading time\" \/>\n\t<meta name=\"twitter:data1\" content=\"1 minute\" \/>\n<script type=\"application\/ld+json\" class=\"yoast-schema-graph\">{\"@context\":\"https:\/\/schema.org\",\"@graph\":[{\"@type\":\"WebPage\",\"@id\":\"https:\/\/www.kirkonulkomaanapu.fi\/en\/us\/history\/annual-report-2018\/wefood-2\/\",\"url\":\"https:\/\/www.kirkonulkomaanapu.fi\/en\/us\/history\/annual-report-2018\/wefood-2\/\",\"name\":\"WeFood - FCA Finn Church Aid\",\"isPartOf\":{\"@id\":\"https:\/\/www.kirkonulkomaanapu.fi\/#website\"},\"primaryImageOfPage\":{\"@id\":\"https:\/\/www.kirkonulkomaanapu.fi\/en\/us\/history\/annual-report-2018\/wefood-2\/#primaryimage\"},\"image\":{\"@id\":\"https:\/\/www.kirkonulkomaanapu.fi\/en\/us\/history\/annual-report-2018\/wefood-2\/#primaryimage\"},\"thumbnailUrl\":\"https:\/\/www.kirkonulkomaanapu.fi\/wp-content\/uploads\/2019\/06\/Vuosikertomus_2018_WeFood_.jpg\",\"datePublished\":\"2019-06-19T13:31:30+00:00\",\"dateModified\":\"2019-07-02T07:29:05+00:00\",\"breadcrumb\":{\"@id\":\"https:\/\/www.kirkonulkomaanapu.fi\/en\/us\/history\/annual-report-2018\/wefood-2\/#breadcrumb\"},\"inLanguage\":\"en-US\",\"potentialAction\":[{\"@type\":\"ReadAction\",\"target\":[\"https:\/\/www.kirkonulkomaanapu.fi\/en\/us\/history\/annual-report-2018\/wefood-2\/\"]}]},{\"@type\":\"ImageObject\",\"inLanguage\":\"en-US\",\"@id\":\"https:\/\/www.kirkonulkomaanapu.fi\/en\/us\/history\/annual-report-2018\/wefood-2\/#primaryimage\",\"url\":\"https:\/\/www.kirkonulkomaanapu.fi\/wp-content\/uploads\/2019\/06\/Vuosikertomus_2018_WeFood_.jpg\",\"contentUrl\":\"https:\/\/www.kirkonulkomaanapu.fi\/wp-content\/uploads\/2019\/06\/Vuosikertomus_2018_WeFood_.jpg\",\"width\":1024,\"height\":540,\"caption\":\"Kaksi ty\u00f6ntekij\u00e4\u00e4 hyllytt\u00e4\u00e4 WeFood-kaupassa.\"},{\"@type\":\"BreadcrumbList\",\"@id\":\"https:\/\/www.kirkonulkomaanapu.fi\/en\/us\/history\/annual-report-2018\/wefood-2\/#breadcrumb\",\"itemListElement\":[{\"@type\":\"ListItem\",\"position\":1,\"name\":\"Home\",\"item\":\"https:\/\/www.kirkonulkomaanapu.fi\/en\/\"},{\"@type\":\"ListItem\",\"position\":2,\"name\":\"About us\",\"item\":\"https:\/\/www.kirkonulkomaanapu.fi\/en\/us\/\"},{\"@type\":\"ListItem\",\"position\":3,\"name\":\"History\",\"item\":\"https:\/\/www.fcakenya.co.ke\/us\/history\/\"},{\"@type\":\"ListItem\",\"position\":4,\"name\":\"Annual Report 2018\",\"item\":\"https:\/\/www.fcakenya.co.ke\/us\/history\/annual-report-2018\/\"},{\"@type\":\"ListItem\",\"position\":5,\"name\":\"WeFood\"}]},{\"@type\":\"WebSite\",\"@id\":\"https:\/\/www.kirkonulkomaanapu.fi\/#website\",\"url\":\"https:\/\/www.kirkonulkomaanapu.fi\/\",\"name\":\"Kirkon Ulkomaanapu\",\"description\":\"Suomen suurin kehitysyhteisty\u00f6j\u00e4rjest\u00f6\",\"publisher\":{\"@id\":\"https:\/\/www.kirkonulkomaanapu.fi\/#organization\"},\"alternateName\":\"KUA\",\"potentialAction\":[{\"@type\":\"SearchAction\",\"target\":{\"@type\":\"EntryPoint\",\"urlTemplate\":\"https:\/\/www.kirkonulkomaanapu.fi\/?s={search_term_string}\"},\"query-input\":{\"@type\":\"PropertyValueSpecification\",\"valueRequired\":true,\"valueName\":\"search_term_string\"}}],\"inLanguage\":\"en-US\"},{\"@type\":\"Organization\",\"@id\":\"https:\/\/www.kirkonulkomaanapu.fi\/#organization\",\"name\":\"Kirkon Ulkomaanapu\",\"alternateName\":\"KUA\",\"url\":\"https:\/\/www.kirkonulkomaanapu.fi\/\",\"logo\":{\"@type\":\"ImageObject\",\"inLanguage\":\"en-US\",\"@id\":\"https:\/\/www.kirkonulkomaanapu.fi\/#\/schema\/logo\/image\/\",\"url\":\"https:\/\/www.kirkonulkomaanapu.fi\/wp-content\/uploads\/2026\/02\/Kirkon-ulkomaanapu-logo-1.png\",\"contentUrl\":\"https:\/\/www.kirkonulkomaanapu.fi\/wp-content\/uploads\/2026\/02\/Kirkon-ulkomaanapu-logo-1.png\",\"width\":225,\"height\":225,\"caption\":\"Kirkon Ulkomaanapu\"},\"image\":{\"@id\":\"https:\/\/www.kirkonulkomaanapu.fi\/#\/schema\/logo\/image\/\"},\"sameAs\":[\"https:\/\/www.facebook.com\/Ulkomaanapu\/\",\"https:\/\/www.youtube.com\/user\/kirkonulkomaanapu\",\"https:\/\/instagram.com\/kirkon_ulkomaanapu\/\",\"https:\/\/www.linkedin.com\/company\/finn-church-aid\/\"]}]}<\/script>\n<!-- \/ Yoast SEO plugin. -->","yoast_head_json":{"title":"WeFood - FCA Finn Church Aid","robots":{"index":"index","follow":"follow","max-snippet":"max-snippet:-1","max-image-preview":"max-image-preview:large","max-video-preview":"max-video-preview:-1"},"canonical":"https:\/\/www.kirkonulkomaanapu.fi\/en\/us\/history\/annual-report-2018\/wefood-2\/","og_locale":"en_US","og_type":"article","og_title":"WeFood - FCA Finn Church Aid","og_description":"A new volunteer network for fca in 2018 WeFood has already \u201crescued\u201d 30 tonnes of food.\u00a0Finn Church Aid opened the first surplus food supermarket in Finland on 20 September 2018. The supermarket is situated in the Redi shopping centre in Kalasatama, Helsinki. Already, WeFood has reduced the amount of surplus food wasted in Finland by [&hellip;]","og_url":"https:\/\/www.kirkonulkomaanapu.fi\/en\/us\/history\/annual-report-2018\/wefood-2\/","og_site_name":"FCA Finn Church Aid","article_publisher":"https:\/\/www.facebook.com\/Ulkomaanapu\/","article_modified_time":"2019-07-02T07:29:05+00:00","og_image":[{"width":1024,"height":540,"url":"https:\/\/www.kirkonulkomaanapu.fi\/wp-content\/uploads\/2019\/06\/Vuosikertomus_2018_WeFood_.jpg","type":"image\/jpeg"}],"twitter_misc":{"Est. reading time":"1 minute"},"schema":{"@context":"https:\/\/schema.org","@graph":[{"@type":"WebPage","@id":"https:\/\/www.kirkonulkomaanapu.fi\/en\/us\/history\/annual-report-2018\/wefood-2\/","url":"https:\/\/www.kirkonulkomaanapu.fi\/en\/us\/history\/annual-report-2018\/wefood-2\/","name":"WeFood - FCA Finn Church Aid","isPartOf":{"@id":"https:\/\/www.kirkonulkomaanapu.fi\/#website"},"primaryImageOfPage":{"@id":"https:\/\/www.kirkonulkomaanapu.fi\/en\/us\/history\/annual-report-2018\/wefood-2\/#primaryimage"},"image":{"@id":"https:\/\/www.kirkonulkomaanapu.fi\/en\/us\/history\/annual-report-2018\/wefood-2\/#primaryimage"},"thumbnailUrl":"https:\/\/www.kirkonulkomaanapu.fi\/wp-content\/uploads\/2019\/06\/Vuosikertomus_2018_WeFood_.jpg","datePublished":"2019-06-19T13:31:30+00:00","dateModified":"2019-07-02T07:29:05+00:00","breadcrumb":{"@id":"https:\/\/www.kirkonulkomaanapu.fi\/en\/us\/history\/annual-report-2018\/wefood-2\/#breadcrumb"},"inLanguage":"en-US","potentialAction":[{"@type":"ReadAction","target":["https:\/\/www.kirkonulkomaanapu.fi\/en\/us\/history\/annual-report-2018\/wefood-2\/"]}]},{"@type":"ImageObject","inLanguage":"en-US","@id":"https:\/\/www.kirkonulkomaanapu.fi\/en\/us\/history\/annual-report-2018\/wefood-2\/#primaryimage","url":"https:\/\/www.kirkonulkomaanapu.fi\/wp-content\/uploads\/2019\/06\/Vuosikertomus_2018_WeFood_.jpg","contentUrl":"https:\/\/www.kirkonulkomaanapu.fi\/wp-content\/uploads\/2019\/06\/Vuosikertomus_2018_WeFood_.jpg","width":1024,"height":540,"caption":"Kaksi ty\u00f6ntekij\u00e4\u00e4 hyllytt\u00e4\u00e4 WeFood-kaupassa."},{"@type":"BreadcrumbList","@id":"https:\/\/www.kirkonulkomaanapu.fi\/en\/us\/history\/annual-report-2018\/wefood-2\/#breadcrumb","itemListElement":[{"@type":"ListItem","position":1,"name":"Home","item":"https:\/\/www.kirkonulkomaanapu.fi\/en\/"},{"@type":"ListItem","position":2,"name":"About us","item":"https:\/\/www.kirkonulkomaanapu.fi\/en\/us\/"},{"@type":"ListItem","position":3,"name":"History","item":"https:\/\/www.fcakenya.co.ke\/us\/history\/"},{"@type":"ListItem","position":4,"name":"Annual Report 2018","item":"https:\/\/www.fcakenya.co.ke\/us\/history\/annual-report-2018\/"},{"@type":"ListItem","position":5,"name":"WeFood"}]},{"@type":"WebSite","@id":"https:\/\/www.kirkonulkomaanapu.fi\/#website","url":"https:\/\/www.kirkonulkomaanapu.fi\/","name":"Kirkon Ulkomaanapu","description":"Suomen suurin kehitysyhteisty\u00f6j\u00e4rjest\u00f6","publisher":{"@id":"https:\/\/www.kirkonulkomaanapu.fi\/#organization"},"alternateName":"KUA","potentialAction":[{"@type":"SearchAction","target":{"@type":"EntryPoint","urlTemplate":"https:\/\/www.kirkonulkomaanapu.fi\/?s={search_term_string}"},"query-input":{"@type":"PropertyValueSpecification","valueRequired":true,"valueName":"search_term_string"}}],"inLanguage":"en-US"},{"@type":"Organization","@id":"https:\/\/www.kirkonulkomaanapu.fi\/#organization","name":"Kirkon Ulkomaanapu","alternateName":"KUA","url":"https:\/\/www.kirkonulkomaanapu.fi\/","logo":{"@type":"ImageObject","inLanguage":"en-US","@id":"https:\/\/www.kirkonulkomaanapu.fi\/#\/schema\/logo\/image\/","url":"https:\/\/www.kirkonulkomaanapu.fi\/wp-content\/uploads\/2026\/02\/Kirkon-ulkomaanapu-logo-1.png","contentUrl":"https:\/\/www.kirkonulkomaanapu.fi\/wp-content\/uploads\/2026\/02\/Kirkon-ulkomaanapu-logo-1.png","width":225,"height":225,"caption":"Kirkon Ulkomaanapu"},"image":{"@id":"https:\/\/www.kirkonulkomaanapu.fi\/#\/schema\/logo\/image\/"},"sameAs":["https:\/\/www.facebook.com\/Ulkomaanapu\/","https:\/\/www.youtube.com\/user\/kirkonulkomaanapu","https:\/\/instagram.com\/kirkon_ulkomaanapu\/","https:\/\/www.linkedin.com\/company\/finn-church-aid\/"]}]}},"_links":{"self":[{"href":"https:\/\/www.kirkonulkomaanapu.fi\/en\/wp-json\/wp\/v2\/pages\/94846","targetHints":{"allow":["GET"]}}],"collection":[{"href":"https:\/\/www.kirkonulkomaanapu.fi\/en\/wp-json\/wp\/v2\/pages"}],"about":[{"href":"https:\/\/www.kirkonulkomaanapu.fi\/en\/wp-json\/wp\/v2\/types\/page"}],"author":[{"embeddable":true,"href":"https:\/\/www.kirkonulkomaanapu.fi\/en\/wp-json\/wp\/v2\/users\/101"}],"replies":[{"embeddable":true,"href":"https:\/\/www.kirkonulkomaanapu.fi\/en\/wp-json\/wp\/v2\/comments?post=94846"}],"version-history":[{"count":3,"href":"https:\/\/www.kirkonulkomaanapu.fi\/en\/wp-json\/wp\/v2\/pages\/94846\/revisions"}],"predecessor-version":[{"id":94851,"href":"https:\/\/www.kirkonulkomaanapu.fi\/en\/wp-json\/wp\/v2\/pages\/94846\/revisions\/94851"}],"up":[{"embeddable":true,"href":"https:\/\/www.kirkonulkomaanapu.fi\/en\/wp-json\/wp\/v2\/pages\/94716"}],"wp:featuredmedia":[{"embeddable":true,"href":"https:\/\/www.kirkonulkomaanapu.fi\/en\/wp-json\/wp\/v2\/media\/94303"}],"wp:attachment":[{"href":"https:\/\/www.kirkonulkomaanapu.fi\/en\/wp-json\/wp\/v2\/media?parent=94846"}],"curies":[{"name":"wp","href":"https:\/\/api.w.org\/{rel}","templated":true}]}}