{"id":94836,"date":"2019-06-19T16:31:07","date_gmt":"2019-06-19T13:31:07","guid":{"rendered":"https:\/\/www.kirkonulkomaanapu.fi\/us\/annual-report-2018\/naisten-pankki\/"},"modified":"2019-07-02T10:30:28","modified_gmt":"2019-07-02T07:30:28","slug":"womens-bank","status":"publish","type":"page","link":"https:\/\/www.kirkonulkomaanapu.fi\/en\/us\/history\/annual-report-2018\/womens-bank\/","title":{"rendered":"Women\u00b4s Bank"},"content":{"rendered":"<p class=\"lead\">A Peak Year for Women\u2019s Bank<\/p>\n<p>The most successful year in the history of <a href=\"https:\/\/www.naistenpankki.fi\/en\">Women\u2019s Bank<\/a> was 2018. An unprecedented amount of donations of more than EUR 1.8 million were raised and the work expanded to the Central African Republic. The Bank had a total of 12 projects in five developing countries: Cambodia, the Central African Republic, Myanmar, Nepal, and Uganda. Its efforts reached 26 000 women and their families. The project costs were EUR 1.4 million with a cost percentage of 17.1.<\/p>\n<p>The volunteer network focused on Women\u2019s Bank fundraising covered more than 40 locations in Finland. Around 1 000 volunteers were actively involved and their work reached some 10 000 interested people.<\/p>\n<p>The Women\u2019s Bank Walk was arranged for the ninth time in 75 different locations, raising EUR 82 000. The Women\u2019s Bank Open golf tour was held in the summer of 2018, and through the efforts of 24 golf clubs and 1 200 players, raised EUR 40 000. Funds were raised at hundreds of other events as well, for instance, by singing, dancing, skiing, doing crafts, coding, blogging\u2014and even by having a sauna.<\/p>\n<p>One group of volunteers took a trip to Nepal at the group\u2019s own expense to get acquainted with the project work being done in that country.<\/p>\n<p>Cooperation with local and national businesses continued. Project-specific donations were made by Handelsbanken, Kaiko Clothing Oy, Novita Oy, and Suominen Oyj.<\/p>\n","protected":false},"excerpt":{"rendered":"<p>A Peak Year for Women\u2019s Bank The most successful year in the history of Women\u2019s Bank was 2018. An unprecedented amount of donations of more than EUR 1.8 million were raised and the work expanded to the Central African Republic. The Bank had a total of 12 projects in five developing countries: Cambodia, the Central [&hellip;]<\/p>\n","protected":false},"author":101,"featured_media":94334,"parent":94716,"menu_order":0,"comment_status":"closed","ping_status":"closed","template":"page-templates\/vuosikertomus.php","meta":{"_acf_changed":false,"_relevanssi_hide_post":"","_relevanssi_hide_content":"","_relevanssi_pin_for_all":"","_relevanssi_pin_keywords":"","_relevanssi_unpin_keywords":"","_relevanssi_related_keywords":"","_relevanssi_related_include_ids":"","_relevanssi_related_exclude_ids":"","_relevanssi_related_no_append":"","_relevanssi_related_not_related":"","_relevanssi_related_posts":"","_relevanssi_noindex_reason":"","_improvement_type_select":"improve_an_existing","_thumb_yes_seoaic":false,"_frame_yes_seoaic":false,"seoaic_generate_description":"","seoaic_improve_instructions_prompt":"","seoaic_rollback_content_improvement":"","seoaic_idea_thumbnail_generator":"","thumbnail_generated":false,"thumbnail_generate_prompt":"","seoaic_article_description":"","footnotes":""},"class_list":["post-94836","page","type-page","status-publish","has-post-thumbnail","hentry"],"acf":[],"yoast_head":"<!-- This site is optimized with the Yoast SEO plugin v26.9 - https:\/\/yoast.com\/product\/yoast-seo-wordpress\/ -->\n<title>Women\u00b4s Bank - FCA Finn Church Aid<\/title>\n<meta name=\"robots\" content=\"index, follow, max-snippet:-1, max-image-preview:large, max-video-preview:-1\" \/>\n<link rel=\"canonical\" href=\"https:\/\/www.kirkonulkomaanapu.fi\/en\/us\/history\/annual-report-2018\/womens-bank\/\" \/>\n<meta property=\"og:locale\" content=\"en_US\" \/>\n<meta property=\"og:type\" content=\"article\" \/>\n<meta property=\"og:title\" content=\"Women\u00b4s Bank - FCA Finn Church Aid\" \/>\n<meta property=\"og:description\" content=\"A Peak Year for Women\u2019s Bank The most successful year in the history of Women\u2019s Bank was 2018. An unprecedented amount of donations of more than EUR 1.8 million were raised and the work expanded to the Central African Republic. The Bank had a total of 12 projects in five developing countries: Cambodia, the Central [&hellip;]\" \/>\n<meta property=\"og:url\" content=\"https:\/\/www.kirkonulkomaanapu.fi\/en\/us\/history\/annual-report-2018\/womens-bank\/\" \/>\n<meta property=\"og:site_name\" content=\"FCA Finn Church Aid\" \/>\n<meta property=\"article:publisher\" content=\"https:\/\/www.facebook.com\/Ulkomaanapu\/\" \/>\n<meta property=\"article:modified_time\" content=\"2019-07-02T07:30:28+00:00\" \/>\n<meta property=\"og:image\" content=\"https:\/\/www.kirkonulkomaanapu.fi\/wp-content\/uploads\/2019\/06\/Naisten_Pankki_vuosikertomus2019.jpg\" \/>\n\t<meta property=\"og:image:width\" content=\"1024\" \/>\n\t<meta property=\"og:image:height\" content=\"556\" \/>\n\t<meta property=\"og:image:type\" content=\"image\/jpeg\" \/>\n<meta name=\"twitter:label1\" content=\"Est. reading time\" \/>\n\t<meta name=\"twitter:data1\" content=\"1 minute\" \/>\n<script type=\"application\/ld+json\" class=\"yoast-schema-graph\">{\"@context\":\"https:\/\/schema.org\",\"@graph\":[{\"@type\":\"WebPage\",\"@id\":\"https:\/\/www.kirkonulkomaanapu.fi\/en\/us\/history\/annual-report-2018\/womens-bank\/\",\"url\":\"https:\/\/www.kirkonulkomaanapu.fi\/en\/us\/history\/annual-report-2018\/womens-bank\/\",\"name\":\"Women\u00b4s Bank - FCA Finn Church Aid\",\"isPartOf\":{\"@id\":\"https:\/\/www.kirkonulkomaanapu.fi\/#website\"},\"primaryImageOfPage\":{\"@id\":\"https:\/\/www.kirkonulkomaanapu.fi\/en\/us\/history\/annual-report-2018\/womens-bank\/#primaryimage\"},\"image\":{\"@id\":\"https:\/\/www.kirkonulkomaanapu.fi\/en\/us\/history\/annual-report-2018\/womens-bank\/#primaryimage\"},\"thumbnailUrl\":\"https:\/\/www.kirkonulkomaanapu.fi\/wp-content\/uploads\/2019\/06\/Naisten_Pankki_vuosikertomus2019.jpg\",\"datePublished\":\"2019-06-19T13:31:07+00:00\",\"dateModified\":\"2019-07-02T07:30:28+00:00\",\"breadcrumb\":{\"@id\":\"https:\/\/www.kirkonulkomaanapu.fi\/en\/us\/history\/annual-report-2018\/womens-bank\/#breadcrumb\"},\"inLanguage\":\"en-US\",\"potentialAction\":[{\"@type\":\"ReadAction\",\"target\":[\"https:\/\/www.kirkonulkomaanapu.fi\/en\/us\/history\/annual-report-2018\/womens-bank\/\"]}]},{\"@type\":\"ImageObject\",\"inLanguage\":\"en-US\",\"@id\":\"https:\/\/www.kirkonulkomaanapu.fi\/en\/us\/history\/annual-report-2018\/womens-bank\/#primaryimage\",\"url\":\"https:\/\/www.kirkonulkomaanapu.fi\/wp-content\/uploads\/2019\/06\/Naisten_Pankki_vuosikertomus2019.jpg\",\"contentUrl\":\"https:\/\/www.kirkonulkomaanapu.fi\/wp-content\/uploads\/2019\/06\/Naisten_Pankki_vuosikertomus2019.jpg\",\"width\":1024,\"height\":556,\"caption\":\"FCA_Liberia_2013\"},{\"@type\":\"BreadcrumbList\",\"@id\":\"https:\/\/www.kirkonulkomaanapu.fi\/en\/us\/history\/annual-report-2018\/womens-bank\/#breadcrumb\",\"itemListElement\":[{\"@type\":\"ListItem\",\"position\":1,\"name\":\"Home\",\"item\":\"https:\/\/www.kirkonulkomaanapu.fi\/en\/\"},{\"@type\":\"ListItem\",\"position\":2,\"name\":\"About us\",\"item\":\"https:\/\/www.kirkonulkomaanapu.fi\/en\/us\/\"},{\"@type\":\"ListItem\",\"position\":3,\"name\":\"History\",\"item\":\"https:\/\/www.fcakenya.co.ke\/us\/history\/\"},{\"@type\":\"ListItem\",\"position\":4,\"name\":\"Annual Report 2018\",\"item\":\"https:\/\/www.fcakenya.co.ke\/us\/history\/annual-report-2018\/\"},{\"@type\":\"ListItem\",\"position\":5,\"name\":\"Women\u00b4s Bank\"}]},{\"@type\":\"WebSite\",\"@id\":\"https:\/\/www.kirkonulkomaanapu.fi\/#website\",\"url\":\"https:\/\/www.kirkonulkomaanapu.fi\/\",\"name\":\"Kirkon Ulkomaanapu\",\"description\":\"Suomen suurin kehitysyhteisty\u00f6j\u00e4rjest\u00f6\",\"publisher\":{\"@id\":\"https:\/\/www.kirkonulkomaanapu.fi\/#organization\"},\"alternateName\":\"KUA\",\"potentialAction\":[{\"@type\":\"SearchAction\",\"target\":{\"@type\":\"EntryPoint\",\"urlTemplate\":\"https:\/\/www.kirkonulkomaanapu.fi\/?s={search_term_string}\"},\"query-input\":{\"@type\":\"PropertyValueSpecification\",\"valueRequired\":true,\"valueName\":\"search_term_string\"}}],\"inLanguage\":\"en-US\"},{\"@type\":\"Organization\",\"@id\":\"https:\/\/www.kirkonulkomaanapu.fi\/#organization\",\"name\":\"Kirkon Ulkomaanapu\",\"alternateName\":\"KUA\",\"url\":\"https:\/\/www.kirkonulkomaanapu.fi\/\",\"logo\":{\"@type\":\"ImageObject\",\"inLanguage\":\"en-US\",\"@id\":\"https:\/\/www.kirkonulkomaanapu.fi\/#\/schema\/logo\/image\/\",\"url\":\"https:\/\/www.kirkonulkomaanapu.fi\/wp-content\/uploads\/2026\/02\/Kirkon-ulkomaanapu-logo-1.png\",\"contentUrl\":\"https:\/\/www.kirkonulkomaanapu.fi\/wp-content\/uploads\/2026\/02\/Kirkon-ulkomaanapu-logo-1.png\",\"width\":225,\"height\":225,\"caption\":\"Kirkon Ulkomaanapu\"},\"image\":{\"@id\":\"https:\/\/www.kirkonulkomaanapu.fi\/#\/schema\/logo\/image\/\"},\"sameAs\":[\"https:\/\/www.facebook.com\/Ulkomaanapu\/\",\"https:\/\/www.youtube.com\/user\/kirkonulkomaanapu\",\"https:\/\/instagram.com\/kirkon_ulkomaanapu\/\",\"https:\/\/www.linkedin.com\/company\/finn-church-aid\/\"]}]}<\/script>\n<!-- \/ Yoast SEO plugin. -->","yoast_head_json":{"title":"Women\u00b4s Bank - FCA Finn Church Aid","robots":{"index":"index","follow":"follow","max-snippet":"max-snippet:-1","max-image-preview":"max-image-preview:large","max-video-preview":"max-video-preview:-1"},"canonical":"https:\/\/www.kirkonulkomaanapu.fi\/en\/us\/history\/annual-report-2018\/womens-bank\/","og_locale":"en_US","og_type":"article","og_title":"Women\u00b4s Bank - FCA Finn Church Aid","og_description":"A Peak Year for Women\u2019s Bank The most successful year in the history of Women\u2019s Bank was 2018. An unprecedented amount of donations of more than EUR 1.8 million were raised and the work expanded to the Central African Republic. The Bank had a total of 12 projects in five developing countries: Cambodia, the Central [&hellip;]","og_url":"https:\/\/www.kirkonulkomaanapu.fi\/en\/us\/history\/annual-report-2018\/womens-bank\/","og_site_name":"FCA Finn Church Aid","article_publisher":"https:\/\/www.facebook.com\/Ulkomaanapu\/","article_modified_time":"2019-07-02T07:30:28+00:00","og_image":[{"width":1024,"height":556,"url":"https:\/\/www.kirkonulkomaanapu.fi\/wp-content\/uploads\/2019\/06\/Naisten_Pankki_vuosikertomus2019.jpg","type":"image\/jpeg"}],"twitter_misc":{"Est. reading time":"1 minute"},"schema":{"@context":"https:\/\/schema.org","@graph":[{"@type":"WebPage","@id":"https:\/\/www.kirkonulkomaanapu.fi\/en\/us\/history\/annual-report-2018\/womens-bank\/","url":"https:\/\/www.kirkonulkomaanapu.fi\/en\/us\/history\/annual-report-2018\/womens-bank\/","name":"Women\u00b4s Bank - FCA Finn Church Aid","isPartOf":{"@id":"https:\/\/www.kirkonulkomaanapu.fi\/#website"},"primaryImageOfPage":{"@id":"https:\/\/www.kirkonulkomaanapu.fi\/en\/us\/history\/annual-report-2018\/womens-bank\/#primaryimage"},"image":{"@id":"https:\/\/www.kirkonulkomaanapu.fi\/en\/us\/history\/annual-report-2018\/womens-bank\/#primaryimage"},"thumbnailUrl":"https:\/\/www.kirkonulkomaanapu.fi\/wp-content\/uploads\/2019\/06\/Naisten_Pankki_vuosikertomus2019.jpg","datePublished":"2019-06-19T13:31:07+00:00","dateModified":"2019-07-02T07:30:28+00:00","breadcrumb":{"@id":"https:\/\/www.kirkonulkomaanapu.fi\/en\/us\/history\/annual-report-2018\/womens-bank\/#breadcrumb"},"inLanguage":"en-US","potentialAction":[{"@type":"ReadAction","target":["https:\/\/www.kirkonulkomaanapu.fi\/en\/us\/history\/annual-report-2018\/womens-bank\/"]}]},{"@type":"ImageObject","inLanguage":"en-US","@id":"https:\/\/www.kirkonulkomaanapu.fi\/en\/us\/history\/annual-report-2018\/womens-bank\/#primaryimage","url":"https:\/\/www.kirkonulkomaanapu.fi\/wp-content\/uploads\/2019\/06\/Naisten_Pankki_vuosikertomus2019.jpg","contentUrl":"https:\/\/www.kirkonulkomaanapu.fi\/wp-content\/uploads\/2019\/06\/Naisten_Pankki_vuosikertomus2019.jpg","width":1024,"height":556,"caption":"FCA_Liberia_2013"},{"@type":"BreadcrumbList","@id":"https:\/\/www.kirkonulkomaanapu.fi\/en\/us\/history\/annual-report-2018\/womens-bank\/#breadcrumb","itemListElement":[{"@type":"ListItem","position":1,"name":"Home","item":"https:\/\/www.kirkonulkomaanapu.fi\/en\/"},{"@type":"ListItem","position":2,"name":"About us","item":"https:\/\/www.kirkonulkomaanapu.fi\/en\/us\/"},{"@type":"ListItem","position":3,"name":"History","item":"https:\/\/www.fcakenya.co.ke\/us\/history\/"},{"@type":"ListItem","position":4,"name":"Annual Report 2018","item":"https:\/\/www.fcakenya.co.ke\/us\/history\/annual-report-2018\/"},{"@type":"ListItem","position":5,"name":"Women\u00b4s Bank"}]},{"@type":"WebSite","@id":"https:\/\/www.kirkonulkomaanapu.fi\/#website","url":"https:\/\/www.kirkonulkomaanapu.fi\/","name":"Kirkon Ulkomaanapu","description":"Suomen suurin kehitysyhteisty\u00f6j\u00e4rjest\u00f6","publisher":{"@id":"https:\/\/www.kirkonulkomaanapu.fi\/#organization"},"alternateName":"KUA","potentialAction":[{"@type":"SearchAction","target":{"@type":"EntryPoint","urlTemplate":"https:\/\/www.kirkonulkomaanapu.fi\/?s={search_term_string}"},"query-input":{"@type":"PropertyValueSpecification","valueRequired":true,"valueName":"search_term_string"}}],"inLanguage":"en-US"},{"@type":"Organization","@id":"https:\/\/www.kirkonulkomaanapu.fi\/#organization","name":"Kirkon Ulkomaanapu","alternateName":"KUA","url":"https:\/\/www.kirkonulkomaanapu.fi\/","logo":{"@type":"ImageObject","inLanguage":"en-US","@id":"https:\/\/www.kirkonulkomaanapu.fi\/#\/schema\/logo\/image\/","url":"https:\/\/www.kirkonulkomaanapu.fi\/wp-content\/uploads\/2026\/02\/Kirkon-ulkomaanapu-logo-1.png","contentUrl":"https:\/\/www.kirkonulkomaanapu.fi\/wp-content\/uploads\/2026\/02\/Kirkon-ulkomaanapu-logo-1.png","width":225,"height":225,"caption":"Kirkon Ulkomaanapu"},"image":{"@id":"https:\/\/www.kirkonulkomaanapu.fi\/#\/schema\/logo\/image\/"},"sameAs":["https:\/\/www.facebook.com\/Ulkomaanapu\/","https:\/\/www.youtube.com\/user\/kirkonulkomaanapu","https:\/\/instagram.com\/kirkon_ulkomaanapu\/","https:\/\/www.linkedin.com\/company\/finn-church-aid\/"]}]}},"_links":{"self":[{"href":"https:\/\/www.kirkonulkomaanapu.fi\/en\/wp-json\/wp\/v2\/pages\/94836","targetHints":{"allow":["GET"]}}],"collection":[{"href":"https:\/\/www.kirkonulkomaanapu.fi\/en\/wp-json\/wp\/v2\/pages"}],"about":[{"href":"https:\/\/www.kirkonulkomaanapu.fi\/en\/wp-json\/wp\/v2\/types\/page"}],"author":[{"embeddable":true,"href":"https:\/\/www.kirkonulkomaanapu.fi\/en\/wp-json\/wp\/v2\/users\/101"}],"replies":[{"embeddable":true,"href":"https:\/\/www.kirkonulkomaanapu.fi\/en\/wp-json\/wp\/v2\/comments?post=94836"}],"version-history":[{"count":2,"href":"https:\/\/www.kirkonulkomaanapu.fi\/en\/wp-json\/wp\/v2\/pages\/94836\/revisions"}],"predecessor-version":[{"id":94838,"href":"https:\/\/www.kirkonulkomaanapu.fi\/en\/wp-json\/wp\/v2\/pages\/94836\/revisions\/94838"}],"up":[{"embeddable":true,"href":"https:\/\/www.kirkonulkomaanapu.fi\/en\/wp-json\/wp\/v2\/pages\/94716"}],"wp:featuredmedia":[{"embeddable":true,"href":"https:\/\/www.kirkonulkomaanapu.fi\/en\/wp-json\/wp\/v2\/media\/94334"}],"wp:attachment":[{"href":"https:\/\/www.kirkonulkomaanapu.fi\/en\/wp-json\/wp\/v2\/media?parent=94836"}],"curies":[{"name":"wp","href":"https:\/\/api.w.org\/{rel}","templated":true}]}}