{"id":94832,"date":"2019-06-19T16:30:26","date_gmt":"2019-06-19T13:30:26","guid":{"rendered":"https:\/\/www.kirkonulkomaanapu.fi\/us\/annual-report-2018\/changemaker\/"},"modified":"2019-07-02T10:30:47","modified_gmt":"2019-07-02T07:30:47","slug":"changemaker","status":"publish","type":"page","link":"https:\/\/www.kirkonulkomaanapu.fi\/en\/us\/history\/annual-report-2018\/changemaker\/","title":{"rendered":"Changemaker"},"content":{"rendered":"<p class=\"lead\">Changemaker Arranged Advocacy Activity Training<\/p>\n<p>In the <a href=\"https:\/\/www.changemaker.fi\/en\/\">Changemaker<\/a> campaign for food security in 2018, the network urged Finnish development cooperation to take food security into account more. The campaign was a great success, for instance at the World Village Festival and the Her\u00e4tt\u00e4j\u00e4juhlat event, where young people got more than 1 000 to sign their food security appeal.<\/p>\n<p>Changemaker is an advocacy network where youth and young adults learn to advocate for global justice. Changemaker is comprised of enthusiastic youth becoming empowered and learning ways of influencing the surrounding world when they get involved in the network activities.<br \/>\nDuring the spring, the network arranged advocacy activity training in Jyv\u00e4skyl\u00e4, Tampere, and Helsinki. In the autumn, the network focused its advocacy activity training on a course, which was held partly online and partly in Helsinki. These courses brought to the network new members who enthusiastically got involved in planning and carrying out the 2019 campaign.<\/p>\n<p>In the spring and autumn, the network arranged magazine work training, tackling the subject of journalism as a communications tool, to support the work of the editorial staff of Globalisti magazine. All this training especially attracted young people who would not have participated in the network activities otherwise. Young people were also told about Changemaker activities during parish and school visits made by volunteers in a number of different cities.<br \/>\nArranging low-threshold Changemaker nights in Helsinki was a new form of activity that began in the autumn. Various themes of advocacy work were addressed on these nights, but their advertisements especially focused on the opportunity to meet other young people who are interested in development issues.<\/p>\n<p>In November, Changemaker sent two volunteers to the 24th Conference of the Parties to the United Nations Framework Convention on Climate Change (COP24) held in Katowice, Poland. There they got new ideas and ways of promoting climate advocacy in Finland.<\/p>\n<p>During 2018, three new local groups were founded in Turku, Tampere, and Sein\u00e4joki. The number of new members was 132 and 19% of those who joined became actively involved.<\/p>\n","protected":false},"excerpt":{"rendered":"<p>Changemaker Arranged Advocacy Activity Training In the Changemaker campaign for food security in 2018, the network urged Finnish development cooperation to take food security into account more. The campaign was a great success, for instance at the World Village Festival and the Her\u00e4tt\u00e4j\u00e4juhlat event, where young people got more than 1 000 to sign their [&hellip;]<\/p>\n","protected":false},"author":101,"featured_media":94106,"parent":94716,"menu_order":0,"comment_status":"closed","ping_status":"closed","template":"page-templates\/vuosikertomus.php","meta":{"_acf_changed":false,"_relevanssi_hide_post":"","_relevanssi_hide_content":"","_relevanssi_pin_for_all":"","_relevanssi_pin_keywords":"","_relevanssi_unpin_keywords":"","_relevanssi_related_keywords":"","_relevanssi_related_include_ids":"","_relevanssi_related_exclude_ids":"","_relevanssi_related_no_append":"","_relevanssi_related_not_related":"","_relevanssi_related_posts":"","_relevanssi_noindex_reason":"","_improvement_type_select":"improve_an_existing","_thumb_yes_seoaic":false,"_frame_yes_seoaic":false,"seoaic_generate_description":"","seoaic_improve_instructions_prompt":"","seoaic_rollback_content_improvement":"","seoaic_idea_thumbnail_generator":"","thumbnail_generated":false,"thumbnail_generate_prompt":"","seoaic_article_description":"","footnotes":""},"class_list":["post-94832","page","type-page","status-publish","has-post-thumbnail","hentry"],"acf":[],"yoast_head":"<!-- This site is optimized with the Yoast SEO plugin v26.9 - https:\/\/yoast.com\/product\/yoast-seo-wordpress\/ -->\n<title>Changemaker - FCA Finn Church Aid<\/title>\n<meta name=\"robots\" content=\"index, follow, max-snippet:-1, max-image-preview:large, max-video-preview:-1\" \/>\n<link rel=\"canonical\" href=\"https:\/\/www.kirkonulkomaanapu.fi\/en\/us\/history\/annual-report-2018\/changemaker\/\" \/>\n<meta property=\"og:locale\" content=\"en_US\" \/>\n<meta property=\"og:type\" content=\"article\" \/>\n<meta property=\"og:title\" content=\"Changemaker - FCA Finn Church Aid\" \/>\n<meta property=\"og:description\" content=\"Changemaker Arranged Advocacy Activity Training In the Changemaker campaign for food security in 2018, the network urged Finnish development cooperation to take food security into account more. The campaign was a great success, for instance at the World Village Festival and the Her\u00e4tt\u00e4j\u00e4juhlat event, where young people got more than 1 000 to sign their [&hellip;]\" \/>\n<meta property=\"og:url\" content=\"https:\/\/www.kirkonulkomaanapu.fi\/en\/us\/history\/annual-report-2018\/changemaker\/\" \/>\n<meta property=\"og:site_name\" content=\"FCA Finn Church Aid\" \/>\n<meta property=\"article:publisher\" content=\"https:\/\/www.facebook.com\/Ulkomaanapu\/\" \/>\n<meta property=\"article:modified_time\" content=\"2019-07-02T07:30:47+00:00\" \/>\n<meta property=\"og:image\" content=\"https:\/\/www.kirkonulkomaanapu.fi\/wp-content\/uploads\/2019\/06\/IMG_0137_CM.jpg\" \/>\n\t<meta property=\"og:image:width\" content=\"1024\" \/>\n\t<meta property=\"og:image:height\" content=\"553\" \/>\n\t<meta property=\"og:image:type\" content=\"image\/jpeg\" \/>\n<meta name=\"twitter:label1\" content=\"Est. reading time\" \/>\n\t<meta name=\"twitter:data1\" content=\"2 minutes\" \/>\n<script type=\"application\/ld+json\" class=\"yoast-schema-graph\">{\"@context\":\"https:\/\/schema.org\",\"@graph\":[{\"@type\":\"WebPage\",\"@id\":\"https:\/\/www.kirkonulkomaanapu.fi\/en\/us\/history\/annual-report-2018\/changemaker\/\",\"url\":\"https:\/\/www.kirkonulkomaanapu.fi\/en\/us\/history\/annual-report-2018\/changemaker\/\",\"name\":\"Changemaker - FCA Finn Church Aid\",\"isPartOf\":{\"@id\":\"https:\/\/www.kirkonulkomaanapu.fi\/#website\"},\"primaryImageOfPage\":{\"@id\":\"https:\/\/www.kirkonulkomaanapu.fi\/en\/us\/history\/annual-report-2018\/changemaker\/#primaryimage\"},\"image\":{\"@id\":\"https:\/\/www.kirkonulkomaanapu.fi\/en\/us\/history\/annual-report-2018\/changemaker\/#primaryimage\"},\"thumbnailUrl\":\"https:\/\/www.kirkonulkomaanapu.fi\/wp-content\/uploads\/2019\/06\/IMG_0137_CM.jpg\",\"datePublished\":\"2019-06-19T13:30:26+00:00\",\"dateModified\":\"2019-07-02T07:30:47+00:00\",\"breadcrumb\":{\"@id\":\"https:\/\/www.kirkonulkomaanapu.fi\/en\/us\/history\/annual-report-2018\/changemaker\/#breadcrumb\"},\"inLanguage\":\"en-US\",\"potentialAction\":[{\"@type\":\"ReadAction\",\"target\":[\"https:\/\/www.kirkonulkomaanapu.fi\/en\/us\/history\/annual-report-2018\/changemaker\/\"]}]},{\"@type\":\"ImageObject\",\"inLanguage\":\"en-US\",\"@id\":\"https:\/\/www.kirkonulkomaanapu.fi\/en\/us\/history\/annual-report-2018\/changemaker\/#primaryimage\",\"url\":\"https:\/\/www.kirkonulkomaanapu.fi\/wp-content\/uploads\/2019\/06\/IMG_0137_CM.jpg\",\"contentUrl\":\"https:\/\/www.kirkonulkomaanapu.fi\/wp-content\/uploads\/2019\/06\/IMG_0137_CM.jpg\",\"width\":1024,\"height\":553,\"caption\":\"Joukko iloisia nuoria mets\u00e4ss\u00e4.\"},{\"@type\":\"BreadcrumbList\",\"@id\":\"https:\/\/www.kirkonulkomaanapu.fi\/en\/us\/history\/annual-report-2018\/changemaker\/#breadcrumb\",\"itemListElement\":[{\"@type\":\"ListItem\",\"position\":1,\"name\":\"Home\",\"item\":\"https:\/\/www.kirkonulkomaanapu.fi\/en\/\"},{\"@type\":\"ListItem\",\"position\":2,\"name\":\"About us\",\"item\":\"https:\/\/www.kirkonulkomaanapu.fi\/en\/us\/\"},{\"@type\":\"ListItem\",\"position\":3,\"name\":\"History\",\"item\":\"https:\/\/www.fcakenya.co.ke\/us\/history\/\"},{\"@type\":\"ListItem\",\"position\":4,\"name\":\"Annual Report 2018\",\"item\":\"https:\/\/www.fcakenya.co.ke\/us\/history\/annual-report-2018\/\"},{\"@type\":\"ListItem\",\"position\":5,\"name\":\"Changemaker\"}]},{\"@type\":\"WebSite\",\"@id\":\"https:\/\/www.kirkonulkomaanapu.fi\/#website\",\"url\":\"https:\/\/www.kirkonulkomaanapu.fi\/\",\"name\":\"Kirkon Ulkomaanapu\",\"description\":\"Suomen suurin kehitysyhteisty\u00f6j\u00e4rjest\u00f6\",\"publisher\":{\"@id\":\"https:\/\/www.kirkonulkomaanapu.fi\/#organization\"},\"alternateName\":\"KUA\",\"potentialAction\":[{\"@type\":\"SearchAction\",\"target\":{\"@type\":\"EntryPoint\",\"urlTemplate\":\"https:\/\/www.kirkonulkomaanapu.fi\/?s={search_term_string}\"},\"query-input\":{\"@type\":\"PropertyValueSpecification\",\"valueRequired\":true,\"valueName\":\"search_term_string\"}}],\"inLanguage\":\"en-US\"},{\"@type\":\"Organization\",\"@id\":\"https:\/\/www.kirkonulkomaanapu.fi\/#organization\",\"name\":\"Kirkon Ulkomaanapu\",\"alternateName\":\"KUA\",\"url\":\"https:\/\/www.kirkonulkomaanapu.fi\/\",\"logo\":{\"@type\":\"ImageObject\",\"inLanguage\":\"en-US\",\"@id\":\"https:\/\/www.kirkonulkomaanapu.fi\/#\/schema\/logo\/image\/\",\"url\":\"https:\/\/www.kirkonulkomaanapu.fi\/wp-content\/uploads\/2026\/02\/Kirkon-ulkomaanapu-logo-1.png\",\"contentUrl\":\"https:\/\/www.kirkonulkomaanapu.fi\/wp-content\/uploads\/2026\/02\/Kirkon-ulkomaanapu-logo-1.png\",\"width\":225,\"height\":225,\"caption\":\"Kirkon Ulkomaanapu\"},\"image\":{\"@id\":\"https:\/\/www.kirkonulkomaanapu.fi\/#\/schema\/logo\/image\/\"},\"sameAs\":[\"https:\/\/www.facebook.com\/Ulkomaanapu\/\",\"https:\/\/www.youtube.com\/user\/kirkonulkomaanapu\",\"https:\/\/instagram.com\/kirkon_ulkomaanapu\/\",\"https:\/\/www.linkedin.com\/company\/finn-church-aid\/\"]}]}<\/script>\n<!-- \/ Yoast SEO plugin. -->","yoast_head_json":{"title":"Changemaker - FCA Finn Church Aid","robots":{"index":"index","follow":"follow","max-snippet":"max-snippet:-1","max-image-preview":"max-image-preview:large","max-video-preview":"max-video-preview:-1"},"canonical":"https:\/\/www.kirkonulkomaanapu.fi\/en\/us\/history\/annual-report-2018\/changemaker\/","og_locale":"en_US","og_type":"article","og_title":"Changemaker - FCA Finn Church Aid","og_description":"Changemaker Arranged Advocacy Activity Training In the Changemaker campaign for food security in 2018, the network urged Finnish development cooperation to take food security into account more. The campaign was a great success, for instance at the World Village Festival and the Her\u00e4tt\u00e4j\u00e4juhlat event, where young people got more than 1 000 to sign their [&hellip;]","og_url":"https:\/\/www.kirkonulkomaanapu.fi\/en\/us\/history\/annual-report-2018\/changemaker\/","og_site_name":"FCA Finn Church Aid","article_publisher":"https:\/\/www.facebook.com\/Ulkomaanapu\/","article_modified_time":"2019-07-02T07:30:47+00:00","og_image":[{"width":1024,"height":553,"url":"https:\/\/www.kirkonulkomaanapu.fi\/wp-content\/uploads\/2019\/06\/IMG_0137_CM.jpg","type":"image\/jpeg"}],"twitter_misc":{"Est. reading time":"2 minutes"},"schema":{"@context":"https:\/\/schema.org","@graph":[{"@type":"WebPage","@id":"https:\/\/www.kirkonulkomaanapu.fi\/en\/us\/history\/annual-report-2018\/changemaker\/","url":"https:\/\/www.kirkonulkomaanapu.fi\/en\/us\/history\/annual-report-2018\/changemaker\/","name":"Changemaker - FCA Finn Church Aid","isPartOf":{"@id":"https:\/\/www.kirkonulkomaanapu.fi\/#website"},"primaryImageOfPage":{"@id":"https:\/\/www.kirkonulkomaanapu.fi\/en\/us\/history\/annual-report-2018\/changemaker\/#primaryimage"},"image":{"@id":"https:\/\/www.kirkonulkomaanapu.fi\/en\/us\/history\/annual-report-2018\/changemaker\/#primaryimage"},"thumbnailUrl":"https:\/\/www.kirkonulkomaanapu.fi\/wp-content\/uploads\/2019\/06\/IMG_0137_CM.jpg","datePublished":"2019-06-19T13:30:26+00:00","dateModified":"2019-07-02T07:30:47+00:00","breadcrumb":{"@id":"https:\/\/www.kirkonulkomaanapu.fi\/en\/us\/history\/annual-report-2018\/changemaker\/#breadcrumb"},"inLanguage":"en-US","potentialAction":[{"@type":"ReadAction","target":["https:\/\/www.kirkonulkomaanapu.fi\/en\/us\/history\/annual-report-2018\/changemaker\/"]}]},{"@type":"ImageObject","inLanguage":"en-US","@id":"https:\/\/www.kirkonulkomaanapu.fi\/en\/us\/history\/annual-report-2018\/changemaker\/#primaryimage","url":"https:\/\/www.kirkonulkomaanapu.fi\/wp-content\/uploads\/2019\/06\/IMG_0137_CM.jpg","contentUrl":"https:\/\/www.kirkonulkomaanapu.fi\/wp-content\/uploads\/2019\/06\/IMG_0137_CM.jpg","width":1024,"height":553,"caption":"Joukko iloisia nuoria mets\u00e4ss\u00e4."},{"@type":"BreadcrumbList","@id":"https:\/\/www.kirkonulkomaanapu.fi\/en\/us\/history\/annual-report-2018\/changemaker\/#breadcrumb","itemListElement":[{"@type":"ListItem","position":1,"name":"Home","item":"https:\/\/www.kirkonulkomaanapu.fi\/en\/"},{"@type":"ListItem","position":2,"name":"About us","item":"https:\/\/www.kirkonulkomaanapu.fi\/en\/us\/"},{"@type":"ListItem","position":3,"name":"History","item":"https:\/\/www.fcakenya.co.ke\/us\/history\/"},{"@type":"ListItem","position":4,"name":"Annual Report 2018","item":"https:\/\/www.fcakenya.co.ke\/us\/history\/annual-report-2018\/"},{"@type":"ListItem","position":5,"name":"Changemaker"}]},{"@type":"WebSite","@id":"https:\/\/www.kirkonulkomaanapu.fi\/#website","url":"https:\/\/www.kirkonulkomaanapu.fi\/","name":"Kirkon Ulkomaanapu","description":"Suomen suurin kehitysyhteisty\u00f6j\u00e4rjest\u00f6","publisher":{"@id":"https:\/\/www.kirkonulkomaanapu.fi\/#organization"},"alternateName":"KUA","potentialAction":[{"@type":"SearchAction","target":{"@type":"EntryPoint","urlTemplate":"https:\/\/www.kirkonulkomaanapu.fi\/?s={search_term_string}"},"query-input":{"@type":"PropertyValueSpecification","valueRequired":true,"valueName":"search_term_string"}}],"inLanguage":"en-US"},{"@type":"Organization","@id":"https:\/\/www.kirkonulkomaanapu.fi\/#organization","name":"Kirkon Ulkomaanapu","alternateName":"KUA","url":"https:\/\/www.kirkonulkomaanapu.fi\/","logo":{"@type":"ImageObject","inLanguage":"en-US","@id":"https:\/\/www.kirkonulkomaanapu.fi\/#\/schema\/logo\/image\/","url":"https:\/\/www.kirkonulkomaanapu.fi\/wp-content\/uploads\/2026\/02\/Kirkon-ulkomaanapu-logo-1.png","contentUrl":"https:\/\/www.kirkonulkomaanapu.fi\/wp-content\/uploads\/2026\/02\/Kirkon-ulkomaanapu-logo-1.png","width":225,"height":225,"caption":"Kirkon Ulkomaanapu"},"image":{"@id":"https:\/\/www.kirkonulkomaanapu.fi\/#\/schema\/logo\/image\/"},"sameAs":["https:\/\/www.facebook.com\/Ulkomaanapu\/","https:\/\/www.youtube.com\/user\/kirkonulkomaanapu","https:\/\/instagram.com\/kirkon_ulkomaanapu\/","https:\/\/www.linkedin.com\/company\/finn-church-aid\/"]}]}},"_links":{"self":[{"href":"https:\/\/www.kirkonulkomaanapu.fi\/en\/wp-json\/wp\/v2\/pages\/94832","targetHints":{"allow":["GET"]}}],"collection":[{"href":"https:\/\/www.kirkonulkomaanapu.fi\/en\/wp-json\/wp\/v2\/pages"}],"about":[{"href":"https:\/\/www.kirkonulkomaanapu.fi\/en\/wp-json\/wp\/v2\/types\/page"}],"author":[{"embeddable":true,"href":"https:\/\/www.kirkonulkomaanapu.fi\/en\/wp-json\/wp\/v2\/users\/101"}],"replies":[{"embeddable":true,"href":"https:\/\/www.kirkonulkomaanapu.fi\/en\/wp-json\/wp\/v2\/comments?post=94832"}],"version-history":[{"count":3,"href":"https:\/\/www.kirkonulkomaanapu.fi\/en\/wp-json\/wp\/v2\/pages\/94832\/revisions"}],"predecessor-version":[{"id":94835,"href":"https:\/\/www.kirkonulkomaanapu.fi\/en\/wp-json\/wp\/v2\/pages\/94832\/revisions\/94835"}],"up":[{"embeddable":true,"href":"https:\/\/www.kirkonulkomaanapu.fi\/en\/wp-json\/wp\/v2\/pages\/94716"}],"wp:featuredmedia":[{"embeddable":true,"href":"https:\/\/www.kirkonulkomaanapu.fi\/en\/wp-json\/wp\/v2\/media\/94106"}],"wp:attachment":[{"href":"https:\/\/www.kirkonulkomaanapu.fi\/en\/wp-json\/wp\/v2\/media?parent=94832"}],"curies":[{"name":"wp","href":"https:\/\/api.w.org\/{rel}","templated":true}]}}