{"id":94787,"date":"2019-06-19T16:32:16","date_gmt":"2019-06-19T13:32:16","guid":{"rendered":"https:\/\/www.kirkonulkomaanapu.fi\/us\/annual-report-2018\/aasia\/"},"modified":"2019-07-02T10:33:49","modified_gmt":"2019-07-02T07:33:49","slug":"asia","status":"publish","type":"page","link":"https:\/\/www.kirkonulkomaanapu.fi\/en\/us\/history\/annual-report-2018\/asia\/","title":{"rendered":"Asia"},"content":{"rendered":"<p class=\"lead\">In Asia the volume of FCA&#8217;s staff was 34 and the main partners were \u00a0LFW, Metta Development Foundation, Life with Dignity, Solve and Federation of Women\u2019s Entrepreneurs\u2019 Association of Nepal<\/p>\n","protected":false},"excerpt":{"rendered":"<p>In Asia the volume of FCA&#8217;s staff was 34 and the main partners were \u00a0LFW, Metta Development Foundation, Life with Dignity, Solve and Federation of Women\u2019s Entrepreneurs\u2019 Association of Nepal<\/p>\n","protected":false},"author":101,"featured_media":94045,"parent":94716,"menu_order":0,"comment_status":"closed","ping_status":"closed","template":"page-templates\/vuosikertomus.php","meta":{"_acf_changed":false,"_relevanssi_hide_post":"","_relevanssi_hide_content":"","_relevanssi_pin_for_all":"","_relevanssi_pin_keywords":"","_relevanssi_unpin_keywords":"","_relevanssi_related_keywords":"","_relevanssi_related_include_ids":"","_relevanssi_related_exclude_ids":"","_relevanssi_related_no_append":"","_relevanssi_related_not_related":"","_relevanssi_related_posts":"","_relevanssi_noindex_reason":"","_improvement_type_select":"improve_an_existing","_thumb_yes_seoaic":false,"_frame_yes_seoaic":false,"seoaic_generate_description":"","seoaic_improve_instructions_prompt":"","seoaic_rollback_content_improvement":"","seoaic_idea_thumbnail_generator":"","thumbnail_generated":false,"thumbnail_generate_prompt":"","seoaic_article_description":"","footnotes":""},"class_list":["post-94787","page","type-page","status-publish","has-post-thumbnail","hentry"],"acf":[],"yoast_head":"<!-- This site is optimized with the Yoast SEO plugin v26.9 - https:\/\/yoast.com\/product\/yoast-seo-wordpress\/ -->\n<title>Asia - FCA Finn Church Aid<\/title>\n<meta name=\"robots\" content=\"index, follow, max-snippet:-1, max-image-preview:large, max-video-preview:-1\" \/>\n<link rel=\"canonical\" href=\"https:\/\/www.fcakenya.co.ke\/en\/us\/history\/annual-report-2018\/asia\/\" \/>\n<meta property=\"og:locale\" content=\"en_US\" \/>\n<meta property=\"og:type\" content=\"article\" \/>\n<meta property=\"og:title\" content=\"Asia - FCA Finn Church Aid\" \/>\n<meta property=\"og:description\" content=\"In Asia the volume of FCA&#8217;s staff was 34 and the main partners were \u00a0LFW, Metta Development Foundation, Life with Dignity, Solve and Federation of Women\u2019s Entrepreneurs\u2019 Association of Nepal\" \/>\n<meta property=\"og:url\" content=\"https:\/\/www.fcakenya.co.ke\/en\/us\/history\/annual-report-2018\/asia\/\" \/>\n<meta property=\"og:site_name\" content=\"FCA Finn Church Aid\" \/>\n<meta property=\"article:publisher\" content=\"https:\/\/www.facebook.com\/Ulkomaanapu\/\" \/>\n<meta property=\"article:modified_time\" content=\"2019-07-02T07:33:49+00:00\" \/>\n<meta property=\"og:image\" content=\"https:\/\/www.kirkonulkomaanapu.fi\/wp-content\/uploads\/2019\/06\/FCA_201804_MYANMAR_Nu-Nu_Lwin_005.jpg\" \/>\n\t<meta property=\"og:image:width\" content=\"1024\" \/>\n\t<meta property=\"og:image:height\" content=\"575\" \/>\n\t<meta property=\"og:image:type\" content=\"image\/jpeg\" \/>\n<script type=\"application\/ld+json\" class=\"yoast-schema-graph\">{\"@context\":\"https:\/\/schema.org\",\"@graph\":[{\"@type\":\"WebPage\",\"@id\":\"https:\/\/www.fcakenya.co.ke\/en\/us\/history\/annual-report-2018\/asia\/\",\"url\":\"https:\/\/www.fcakenya.co.ke\/en\/us\/history\/annual-report-2018\/asia\/\",\"name\":\"Asia - FCA Finn Church Aid\",\"isPartOf\":{\"@id\":\"https:\/\/www.kirkonulkomaanapu.fi\/#website\"},\"primaryImageOfPage\":{\"@id\":\"https:\/\/www.fcakenya.co.ke\/en\/us\/history\/annual-report-2018\/asia\/#primaryimage\"},\"image\":{\"@id\":\"https:\/\/www.fcakenya.co.ke\/en\/us\/history\/annual-report-2018\/asia\/#primaryimage\"},\"thumbnailUrl\":\"https:\/\/www.kirkonulkomaanapu.fi\/wp-content\/uploads\/2019\/06\/FCA_201804_MYANMAR_Nu-Nu_Lwin_005.jpg\",\"datePublished\":\"2019-06-19T13:32:16+00:00\",\"dateModified\":\"2019-07-02T07:33:49+00:00\",\"breadcrumb\":{\"@id\":\"https:\/\/www.fcakenya.co.ke\/en\/us\/history\/annual-report-2018\/asia\/#breadcrumb\"},\"inLanguage\":\"en-US\",\"potentialAction\":[{\"@type\":\"ReadAction\",\"target\":[\"https:\/\/www.fcakenya.co.ke\/en\/us\/history\/annual-report-2018\/asia\/\"]}]},{\"@type\":\"ImageObject\",\"inLanguage\":\"en-US\",\"@id\":\"https:\/\/www.fcakenya.co.ke\/en\/us\/history\/annual-report-2018\/asia\/#primaryimage\",\"url\":\"https:\/\/www.kirkonulkomaanapu.fi\/wp-content\/uploads\/2019\/06\/FCA_201804_MYANMAR_Nu-Nu_Lwin_005.jpg\",\"contentUrl\":\"https:\/\/www.kirkonulkomaanapu.fi\/wp-content\/uploads\/2019\/06\/FCA_201804_MYANMAR_Nu-Nu_Lwin_005.jpg\",\"width\":1024,\"height\":575,\"caption\":\"MYANMAR. Nu Nu Lwin (43 years old) was happy today, because she met people from her home area Rakhine in the village\u2019s community meeting. She was crying from joy. She has two children and has had a husband since the age of 25. Like most men in this village, her husband works as a fisherman at the sea, so he\u2019s away a lot. Her husband has a joint illness, so he can\u2019t work all the time. Medication is expensive and the family\u2019s income isn\u2019t stable. To make ends meet she had to take a loan with a very high 20% interest. Now she has received sewing training and economical knowledge from the project, so the family\u2019s debts are not such a big problem anymore. During the festival season she gets lots of orders for dresses, so the business is good. Rainy season is more quiet. Photo: Tatu Blomqvist \/ FCA \/ KUA\"},{\"@type\":\"BreadcrumbList\",\"@id\":\"https:\/\/www.fcakenya.co.ke\/en\/us\/history\/annual-report-2018\/asia\/#breadcrumb\",\"itemListElement\":[{\"@type\":\"ListItem\",\"position\":1,\"name\":\"Home\",\"item\":\"https:\/\/www.kirkonulkomaanapu.fi\/en\/\"},{\"@type\":\"ListItem\",\"position\":2,\"name\":\"About us\",\"item\":\"https:\/\/www.kirkonulkomaanapu.fi\/en\/us\/\"},{\"@type\":\"ListItem\",\"position\":3,\"name\":\"History\",\"item\":\"https:\/\/www.fcakenya.co.ke\/us\/history\/\"},{\"@type\":\"ListItem\",\"position\":4,\"name\":\"Annual Report 2018\",\"item\":\"https:\/\/www.fcakenya.co.ke\/us\/history\/annual-report-2018\/\"},{\"@type\":\"ListItem\",\"position\":5,\"name\":\"Asia\"}]},{\"@type\":\"WebSite\",\"@id\":\"https:\/\/www.kirkonulkomaanapu.fi\/#website\",\"url\":\"https:\/\/www.kirkonulkomaanapu.fi\/\",\"name\":\"Kirkon Ulkomaanapu\",\"description\":\"Suomen suurin kehitysyhteisty\u00f6j\u00e4rjest\u00f6\",\"publisher\":{\"@id\":\"https:\/\/www.kirkonulkomaanapu.fi\/#organization\"},\"alternateName\":\"KUA\",\"potentialAction\":[{\"@type\":\"SearchAction\",\"target\":{\"@type\":\"EntryPoint\",\"urlTemplate\":\"https:\/\/www.kirkonulkomaanapu.fi\/?s={search_term_string}\"},\"query-input\":{\"@type\":\"PropertyValueSpecification\",\"valueRequired\":true,\"valueName\":\"search_term_string\"}}],\"inLanguage\":\"en-US\"},{\"@type\":\"Organization\",\"@id\":\"https:\/\/www.kirkonulkomaanapu.fi\/#organization\",\"name\":\"Kirkon Ulkomaanapu\",\"alternateName\":\"KUA\",\"url\":\"https:\/\/www.kirkonulkomaanapu.fi\/\",\"logo\":{\"@type\":\"ImageObject\",\"inLanguage\":\"en-US\",\"@id\":\"https:\/\/www.kirkonulkomaanapu.fi\/#\/schema\/logo\/image\/\",\"url\":\"https:\/\/www.kirkonulkomaanapu.fi\/wp-content\/uploads\/2026\/02\/Kirkon-ulkomaanapu-logo-1.png\",\"contentUrl\":\"https:\/\/www.kirkonulkomaanapu.fi\/wp-content\/uploads\/2026\/02\/Kirkon-ulkomaanapu-logo-1.png\",\"width\":225,\"height\":225,\"caption\":\"Kirkon Ulkomaanapu\"},\"image\":{\"@id\":\"https:\/\/www.kirkonulkomaanapu.fi\/#\/schema\/logo\/image\/\"},\"sameAs\":[\"https:\/\/www.facebook.com\/Ulkomaanapu\/\",\"https:\/\/www.youtube.com\/user\/kirkonulkomaanapu\",\"https:\/\/instagram.com\/kirkon_ulkomaanapu\/\",\"https:\/\/www.linkedin.com\/company\/finn-church-aid\/\"]}]}<\/script>\n<!-- \/ Yoast SEO plugin. -->","yoast_head_json":{"title":"Asia - FCA Finn Church Aid","robots":{"index":"index","follow":"follow","max-snippet":"max-snippet:-1","max-image-preview":"max-image-preview:large","max-video-preview":"max-video-preview:-1"},"canonical":"https:\/\/www.fcakenya.co.ke\/en\/us\/history\/annual-report-2018\/asia\/","og_locale":"en_US","og_type":"article","og_title":"Asia - FCA Finn Church Aid","og_description":"In Asia the volume of FCA&#8217;s staff was 34 and the main partners were \u00a0LFW, Metta Development Foundation, Life with Dignity, Solve and Federation of Women\u2019s Entrepreneurs\u2019 Association of Nepal","og_url":"https:\/\/www.fcakenya.co.ke\/en\/us\/history\/annual-report-2018\/asia\/","og_site_name":"FCA Finn Church Aid","article_publisher":"https:\/\/www.facebook.com\/Ulkomaanapu\/","article_modified_time":"2019-07-02T07:33:49+00:00","og_image":[{"width":1024,"height":575,"url":"https:\/\/www.kirkonulkomaanapu.fi\/wp-content\/uploads\/2019\/06\/FCA_201804_MYANMAR_Nu-Nu_Lwin_005.jpg","type":"image\/jpeg"}],"schema":{"@context":"https:\/\/schema.org","@graph":[{"@type":"WebPage","@id":"https:\/\/www.fcakenya.co.ke\/en\/us\/history\/annual-report-2018\/asia\/","url":"https:\/\/www.fcakenya.co.ke\/en\/us\/history\/annual-report-2018\/asia\/","name":"Asia - FCA Finn Church Aid","isPartOf":{"@id":"https:\/\/www.kirkonulkomaanapu.fi\/#website"},"primaryImageOfPage":{"@id":"https:\/\/www.fcakenya.co.ke\/en\/us\/history\/annual-report-2018\/asia\/#primaryimage"},"image":{"@id":"https:\/\/www.fcakenya.co.ke\/en\/us\/history\/annual-report-2018\/asia\/#primaryimage"},"thumbnailUrl":"https:\/\/www.kirkonulkomaanapu.fi\/wp-content\/uploads\/2019\/06\/FCA_201804_MYANMAR_Nu-Nu_Lwin_005.jpg","datePublished":"2019-06-19T13:32:16+00:00","dateModified":"2019-07-02T07:33:49+00:00","breadcrumb":{"@id":"https:\/\/www.fcakenya.co.ke\/en\/us\/history\/annual-report-2018\/asia\/#breadcrumb"},"inLanguage":"en-US","potentialAction":[{"@type":"ReadAction","target":["https:\/\/www.fcakenya.co.ke\/en\/us\/history\/annual-report-2018\/asia\/"]}]},{"@type":"ImageObject","inLanguage":"en-US","@id":"https:\/\/www.fcakenya.co.ke\/en\/us\/history\/annual-report-2018\/asia\/#primaryimage","url":"https:\/\/www.kirkonulkomaanapu.fi\/wp-content\/uploads\/2019\/06\/FCA_201804_MYANMAR_Nu-Nu_Lwin_005.jpg","contentUrl":"https:\/\/www.kirkonulkomaanapu.fi\/wp-content\/uploads\/2019\/06\/FCA_201804_MYANMAR_Nu-Nu_Lwin_005.jpg","width":1024,"height":575,"caption":"MYANMAR. Nu Nu Lwin (43 years old) was happy today, because she met people from her home area Rakhine in the village\u2019s community meeting. She was crying from joy. She has two children and has had a husband since the age of 25. Like most men in this village, her husband works as a fisherman at the sea, so he\u2019s away a lot. Her husband has a joint illness, so he can\u2019t work all the time. Medication is expensive and the family\u2019s income isn\u2019t stable. To make ends meet she had to take a loan with a very high 20% interest. Now she has received sewing training and economical knowledge from the project, so the family\u2019s debts are not such a big problem anymore. During the festival season she gets lots of orders for dresses, so the business is good. Rainy season is more quiet. Photo: Tatu Blomqvist \/ FCA \/ KUA"},{"@type":"BreadcrumbList","@id":"https:\/\/www.fcakenya.co.ke\/en\/us\/history\/annual-report-2018\/asia\/#breadcrumb","itemListElement":[{"@type":"ListItem","position":1,"name":"Home","item":"https:\/\/www.kirkonulkomaanapu.fi\/en\/"},{"@type":"ListItem","position":2,"name":"About us","item":"https:\/\/www.kirkonulkomaanapu.fi\/en\/us\/"},{"@type":"ListItem","position":3,"name":"History","item":"https:\/\/www.fcakenya.co.ke\/us\/history\/"},{"@type":"ListItem","position":4,"name":"Annual Report 2018","item":"https:\/\/www.fcakenya.co.ke\/us\/history\/annual-report-2018\/"},{"@type":"ListItem","position":5,"name":"Asia"}]},{"@type":"WebSite","@id":"https:\/\/www.kirkonulkomaanapu.fi\/#website","url":"https:\/\/www.kirkonulkomaanapu.fi\/","name":"Kirkon Ulkomaanapu","description":"Suomen suurin kehitysyhteisty\u00f6j\u00e4rjest\u00f6","publisher":{"@id":"https:\/\/www.kirkonulkomaanapu.fi\/#organization"},"alternateName":"KUA","potentialAction":[{"@type":"SearchAction","target":{"@type":"EntryPoint","urlTemplate":"https:\/\/www.kirkonulkomaanapu.fi\/?s={search_term_string}"},"query-input":{"@type":"PropertyValueSpecification","valueRequired":true,"valueName":"search_term_string"}}],"inLanguage":"en-US"},{"@type":"Organization","@id":"https:\/\/www.kirkonulkomaanapu.fi\/#organization","name":"Kirkon Ulkomaanapu","alternateName":"KUA","url":"https:\/\/www.kirkonulkomaanapu.fi\/","logo":{"@type":"ImageObject","inLanguage":"en-US","@id":"https:\/\/www.kirkonulkomaanapu.fi\/#\/schema\/logo\/image\/","url":"https:\/\/www.kirkonulkomaanapu.fi\/wp-content\/uploads\/2026\/02\/Kirkon-ulkomaanapu-logo-1.png","contentUrl":"https:\/\/www.kirkonulkomaanapu.fi\/wp-content\/uploads\/2026\/02\/Kirkon-ulkomaanapu-logo-1.png","width":225,"height":225,"caption":"Kirkon Ulkomaanapu"},"image":{"@id":"https:\/\/www.kirkonulkomaanapu.fi\/#\/schema\/logo\/image\/"},"sameAs":["https:\/\/www.facebook.com\/Ulkomaanapu\/","https:\/\/www.youtube.com\/user\/kirkonulkomaanapu","https:\/\/instagram.com\/kirkon_ulkomaanapu\/","https:\/\/www.linkedin.com\/company\/finn-church-aid\/"]}]}},"_links":{"self":[{"href":"https:\/\/www.kirkonulkomaanapu.fi\/en\/wp-json\/wp\/v2\/pages\/94787","targetHints":{"allow":["GET"]}}],"collection":[{"href":"https:\/\/www.kirkonulkomaanapu.fi\/en\/wp-json\/wp\/v2\/pages"}],"about":[{"href":"https:\/\/www.kirkonulkomaanapu.fi\/en\/wp-json\/wp\/v2\/types\/page"}],"author":[{"embeddable":true,"href":"https:\/\/www.kirkonulkomaanapu.fi\/en\/wp-json\/wp\/v2\/users\/101"}],"replies":[{"embeddable":true,"href":"https:\/\/www.kirkonulkomaanapu.fi\/en\/wp-json\/wp\/v2\/comments?post=94787"}],"version-history":[{"count":4,"href":"https:\/\/www.kirkonulkomaanapu.fi\/en\/wp-json\/wp\/v2\/pages\/94787\/revisions"}],"predecessor-version":[{"id":94801,"href":"https:\/\/www.kirkonulkomaanapu.fi\/en\/wp-json\/wp\/v2\/pages\/94787\/revisions\/94801"}],"up":[{"embeddable":true,"href":"https:\/\/www.kirkonulkomaanapu.fi\/en\/wp-json\/wp\/v2\/pages\/94716"}],"wp:featuredmedia":[{"embeddable":true,"href":"https:\/\/www.kirkonulkomaanapu.fi\/en\/wp-json\/wp\/v2\/media\/94045"}],"wp:attachment":[{"href":"https:\/\/www.kirkonulkomaanapu.fi\/en\/wp-json\/wp\/v2\/media?parent=94787"}],"curies":[{"name":"wp","href":"https:\/\/api.w.org\/{rel}","templated":true}]}}