{"id":94716,"date":"2019-06-20T07:39:07","date_gmt":"2019-06-20T04:39:07","guid":{"rendered":"https:\/\/www.kirkonulkomaanapu.fi\/vuosikertomus-2018\/"},"modified":"2019-07-03T14:35:22","modified_gmt":"2019-07-03T11:35:22","slug":"annual-report-2018","status":"publish","type":"page","link":"https:\/\/www.kirkonulkomaanapu.fi\/en\/us\/history\/annual-report-2018\/","title":{"rendered":"Annual Report 2018"},"content":{"rendered":"<h2>Schooling for Refugees and a Surplus Food Supermarket in Finland<\/h2>\n<p>For Finn Church Aid, 2018 was a year of great action and new innovations. We continued our work as the largest Finnish development organisation and provider of humanitarian aid, while reforming our work and introducing new tools.<\/p>\n<p>In September, we opened a surplus food supermarket, WeFood, in Helsinki, which received substantial media attention. As of the fall of 2018, the store managed to reduce food waste in Finland by more than 10 000 kilograms.<\/p>\n<p>The principles of sustainable development guide FCA\u2019s operations and we support work toward the achievement of the Agenda 2030 goals in our programme countries. The involvement of the private sector is in line with the principles of sustainable development. Working with the private sector for job creation and livelihoods is a growing priority in Finn Church Aid\u2019s work.<\/p>\n<p>Strengthening the entrepreneurial skills of young people and refugees is one example of FCA\u2019s focus on job creation. Another, is the continuing work of the Women\u2019s Bank, which supports women\u2019s micro-entrepreneurship, and has been expanded to include small and medium-sized enterprise (SME) loans and technical support.<\/p>\n<p>Negotiations between FCA Investments Ltd (FCAI), established by FCA in 2017, and the Ministry for Foreign Affairs (MFA) concluded, and the parties signed an agreement with the State Treasury for a loan of EUR 16 million.<\/p>\n<p>At the same time, FCA and the Women\u2019s Bank prepared for new social enterprise activities in Uganda. In 2019, a laying house with 15 000 chickens will be built near Kampala directly employing 30 people and indirectly creating income for several hundred people (mostly women) in the production of fodder and the sale of eggs.<br \/>\nIn 2018, we also began exporting Finnish entrepreneurship qualifications. We invested efforts in the training of refugees and youth exposed to the risk of social exclusion and exported the first Finnish vocational degrees in business management, placing them within the reach of refugee youth in Uganda.<\/p>\n<p>The role of vocational education and training \u2013 particularly in entrepreneurship \u2013 has proven successful. FCA promotes the concept of \u201cFrom Learning to Earning\u201d \u2013 for all of our livelihood work, and we focus especially on women and young people.<\/p>\n<p>In accordance with our strategy, we continued to focus our activities on the world\u2019s most fragile and challenging operating environments.<\/p>\n<p>Globally and locally, we entered into new partnerships with UN organisations, multilateral development banks, civil society organisations (CSOs), and governments. We launched activities with the United Nations Children\u2019s Fund (UNICEF), the United Nations High Commissioner for Refugees (UNHCR), and UN Women. In addition to Finnish development cooperation support, the development cooperation authorities of several other countries funded our operations. Among the new donors in 2018 were the states of Belgium, the Netherlands, and Switzerland.<\/p>\n<p>We also invested efforts in developing the involvement of people with disabilities especially in the field of humanitarian assistance. We adopted guidelines aiming for child protection and received the prestigious Core Humanitarian Standard Alliance (CHS) certification to describe the quality of our work.<\/p>\n<p>Our operations continued to grow. At the end of 2018, Finn Church Aid employed almost 500 people in 15 different countries located mainly in war zones and fragile areas. Additionally, approximately 1 500 teachers were employed in Kenya, South Sudan, and Uganda aid programmes.<\/p>\n<p>From time to time, difficult security situations and unexpected disasters (mainly conflicts) slowed down the implementation of the long-term programming in fragile countries, including the Central African Republic and Syria. Nevertheless, hundreds of thousands of people in different parts of e world received vital support through FCA and our partners.<\/p>\n<p><img loading=\"lazy\" decoding=\"async\" class=\"wp-image-93929 alignright\" src=\"https:\/\/www.kirkonulkomaanapu.fi\/wp-content\/uploads\/2019\/06\/201903_FCA_Jouni_Hemberg_006.jpg\" alt=\"\" width=\"383\" height=\"419\" srcset=\"https:\/\/www.kirkonulkomaanapu.fi\/wp-content\/uploads\/2019\/06\/201903_FCA_Jouni_Hemberg_006.jpg 436w, https:\/\/www.kirkonulkomaanapu.fi\/wp-content\/uploads\/2019\/06\/201903_FCA_Jouni_Hemberg_006-163x178.jpg 163w\" sizes=\"auto, (max-width: 383px) 100vw, 383px\" \/>Once again, we also received a tremendous amount of private contributions, for which we are grateful. So a big thank you.<\/p>\n<p>&nbsp;<\/p>\n<p><strong>Jouni Hemberg<\/strong><br \/>\nExecutive Director, Finn Church Aid<\/p>\n","protected":false},"excerpt":{"rendered":"<p>Schooling for Refugees and a Surplus Food Supermarket in Finland For Finn Church Aid, 2018 was a year of great action and new innovations. We continued our work as the largest Finnish development organisation and provider of humanitarian aid, while reforming our work and introducing new tools. In September, we opened a surplus food supermarket, [&hellip;]<\/p>\n","protected":false},"author":101,"featured_media":94282,"parent":68725,"menu_order":1,"comment_status":"closed","ping_status":"closed","template":"page-templates\/vuosikertomus.php","meta":{"_acf_changed":false,"_relevanssi_hide_post":"","_relevanssi_hide_content":"","_relevanssi_pin_for_all":"","_relevanssi_pin_keywords":"","_relevanssi_unpin_keywords":"","_relevanssi_related_keywords":"","_relevanssi_related_include_ids":"","_relevanssi_related_exclude_ids":"","_relevanssi_related_no_append":"","_relevanssi_related_not_related":"","_relevanssi_related_posts":"","_relevanssi_noindex_reason":"","_improvement_type_select":"improve_an_existing","_thumb_yes_seoaic":false,"_frame_yes_seoaic":false,"seoaic_generate_description":"","seoaic_improve_instructions_prompt":"","seoaic_rollback_content_improvement":"","seoaic_idea_thumbnail_generator":"","thumbnail_generated":false,"thumbnail_generate_prompt":"","seoaic_article_description":"","footnotes":""},"class_list":["post-94716","page","type-page","status-publish","has-post-thumbnail","hentry"],"acf":[],"yoast_head":"<!-- This site is optimized with the Yoast SEO plugin v26.9 - https:\/\/yoast.com\/product\/yoast-seo-wordpress\/ -->\n<title>Annual Report 2018 - FCA Finn Church Aid<\/title>\n<meta name=\"robots\" content=\"index, follow, max-snippet:-1, max-image-preview:large, max-video-preview:-1\" \/>\n<link rel=\"canonical\" href=\"https:\/\/www.fcakenya.co.ke\/us\/history\/annual-report-2018\/\" \/>\n<meta property=\"og:locale\" content=\"en_US\" \/>\n<meta property=\"og:type\" content=\"article\" \/>\n<meta property=\"og:title\" content=\"Annual Report 2018 - FCA Finn Church Aid\" \/>\n<meta property=\"og:description\" content=\"Schooling for Refugees and a Surplus Food Supermarket in Finland For Finn Church Aid, 2018 was a year of great action and new innovations. We continued our work as the largest Finnish development organisation and provider of humanitarian aid, while reforming our work and introducing new tools. In September, we opened a surplus food supermarket, [&hellip;]\" \/>\n<meta property=\"og:url\" content=\"https:\/\/www.fcakenya.co.ke\/us\/history\/annual-report-2018\/\" \/>\n<meta property=\"og:site_name\" content=\"FCA Finn Church Aid\" \/>\n<meta property=\"article:publisher\" content=\"https:\/\/www.facebook.com\/Ulkomaanapu\/\" \/>\n<meta property=\"article:modified_time\" content=\"2019-07-03T11:35:22+00:00\" \/>\n<meta property=\"og:image\" content=\"https:\/\/www.kirkonulkomaanapu.fi\/wp-content\/uploads\/2019\/06\/Vuosikertomus_2018_kansi.jpg\" \/>\n\t<meta property=\"og:image:width\" content=\"1024\" \/>\n\t<meta property=\"og:image:height\" content=\"559\" \/>\n\t<meta property=\"og:image:type\" content=\"image\/jpeg\" \/>\n<meta name=\"twitter:label1\" content=\"Est. reading time\" \/>\n\t<meta name=\"twitter:data1\" content=\"3 minutes\" \/>\n<script type=\"application\/ld+json\" class=\"yoast-schema-graph\">{\"@context\":\"https:\/\/schema.org\",\"@graph\":[{\"@type\":\"WebPage\",\"@id\":\"https:\/\/www.fcakenya.co.ke\/us\/history\/annual-report-2018\/\",\"url\":\"https:\/\/www.fcakenya.co.ke\/us\/history\/annual-report-2018\/\",\"name\":\"Annual Report 2018 - FCA Finn Church Aid\",\"isPartOf\":{\"@id\":\"https:\/\/www.kirkonulkomaanapu.fi\/#website\"},\"primaryImageOfPage\":{\"@id\":\"https:\/\/www.fcakenya.co.ke\/us\/history\/annual-report-2018\/#primaryimage\"},\"image\":{\"@id\":\"https:\/\/www.fcakenya.co.ke\/us\/history\/annual-report-2018\/#primaryimage\"},\"thumbnailUrl\":\"https:\/\/www.kirkonulkomaanapu.fi\/wp-content\/uploads\/2019\/06\/Vuosikertomus_2018_kansi.jpg\",\"datePublished\":\"2019-06-20T04:39:07+00:00\",\"dateModified\":\"2019-07-03T11:35:22+00:00\",\"breadcrumb\":{\"@id\":\"https:\/\/www.fcakenya.co.ke\/us\/history\/annual-report-2018\/#breadcrumb\"},\"inLanguage\":\"en-US\",\"potentialAction\":[{\"@type\":\"ReadAction\",\"target\":[\"https:\/\/www.fcakenya.co.ke\/us\/history\/annual-report-2018\/\"]}]},{\"@type\":\"ImageObject\",\"inLanguage\":\"en-US\",\"@id\":\"https:\/\/www.fcakenya.co.ke\/us\/history\/annual-report-2018\/#primaryimage\",\"url\":\"https:\/\/www.kirkonulkomaanapu.fi\/wp-content\/uploads\/2019\/06\/Vuosikertomus_2018_kansi.jpg\",\"contentUrl\":\"https:\/\/www.kirkonulkomaanapu.fi\/wp-content\/uploads\/2019\/06\/Vuosikertomus_2018_kansi.jpg\",\"width\":1024,\"height\":559,\"caption\":\"Nainen kirves olallaan, takana vuohi ja luontoa.\"},{\"@type\":\"BreadcrumbList\",\"@id\":\"https:\/\/www.fcakenya.co.ke\/us\/history\/annual-report-2018\/#breadcrumb\",\"itemListElement\":[{\"@type\":\"ListItem\",\"position\":1,\"name\":\"Home\",\"item\":\"https:\/\/www.kirkonulkomaanapu.fi\/en\/\"},{\"@type\":\"ListItem\",\"position\":2,\"name\":\"About us\",\"item\":\"https:\/\/www.kirkonulkomaanapu.fi\/en\/us\/\"},{\"@type\":\"ListItem\",\"position\":3,\"name\":\"History\",\"item\":\"https:\/\/www.fcakenya.co.ke\/us\/history\/\"},{\"@type\":\"ListItem\",\"position\":4,\"name\":\"Annual Report 2018\"}]},{\"@type\":\"WebSite\",\"@id\":\"https:\/\/www.kirkonulkomaanapu.fi\/#website\",\"url\":\"https:\/\/www.kirkonulkomaanapu.fi\/\",\"name\":\"Kirkon Ulkomaanapu\",\"description\":\"Suomen suurin kehitysyhteisty\u00f6j\u00e4rjest\u00f6\",\"publisher\":{\"@id\":\"https:\/\/www.kirkonulkomaanapu.fi\/#organization\"},\"alternateName\":\"KUA\",\"potentialAction\":[{\"@type\":\"SearchAction\",\"target\":{\"@type\":\"EntryPoint\",\"urlTemplate\":\"https:\/\/www.kirkonulkomaanapu.fi\/?s={search_term_string}\"},\"query-input\":{\"@type\":\"PropertyValueSpecification\",\"valueRequired\":true,\"valueName\":\"search_term_string\"}}],\"inLanguage\":\"en-US\"},{\"@type\":\"Organization\",\"@id\":\"https:\/\/www.kirkonulkomaanapu.fi\/#organization\",\"name\":\"Kirkon Ulkomaanapu\",\"alternateName\":\"KUA\",\"url\":\"https:\/\/www.kirkonulkomaanapu.fi\/\",\"logo\":{\"@type\":\"ImageObject\",\"inLanguage\":\"en-US\",\"@id\":\"https:\/\/www.kirkonulkomaanapu.fi\/#\/schema\/logo\/image\/\",\"url\":\"https:\/\/www.kirkonulkomaanapu.fi\/wp-content\/uploads\/2026\/02\/Kirkon-ulkomaanapu-logo-1.png\",\"contentUrl\":\"https:\/\/www.kirkonulkomaanapu.fi\/wp-content\/uploads\/2026\/02\/Kirkon-ulkomaanapu-logo-1.png\",\"width\":225,\"height\":225,\"caption\":\"Kirkon Ulkomaanapu\"},\"image\":{\"@id\":\"https:\/\/www.kirkonulkomaanapu.fi\/#\/schema\/logo\/image\/\"},\"sameAs\":[\"https:\/\/www.facebook.com\/Ulkomaanapu\/\",\"https:\/\/www.youtube.com\/user\/kirkonulkomaanapu\",\"https:\/\/instagram.com\/kirkon_ulkomaanapu\/\",\"https:\/\/www.linkedin.com\/company\/finn-church-aid\/\"]}]}<\/script>\n<!-- \/ Yoast SEO plugin. -->","yoast_head_json":{"title":"Annual Report 2018 - FCA Finn Church Aid","robots":{"index":"index","follow":"follow","max-snippet":"max-snippet:-1","max-image-preview":"max-image-preview:large","max-video-preview":"max-video-preview:-1"},"canonical":"https:\/\/www.fcakenya.co.ke\/us\/history\/annual-report-2018\/","og_locale":"en_US","og_type":"article","og_title":"Annual Report 2018 - FCA Finn Church Aid","og_description":"Schooling for Refugees and a Surplus Food Supermarket in Finland For Finn Church Aid, 2018 was a year of great action and new innovations. We continued our work as the largest Finnish development organisation and provider of humanitarian aid, while reforming our work and introducing new tools. In September, we opened a surplus food supermarket, [&hellip;]","og_url":"https:\/\/www.fcakenya.co.ke\/us\/history\/annual-report-2018\/","og_site_name":"FCA Finn Church Aid","article_publisher":"https:\/\/www.facebook.com\/Ulkomaanapu\/","article_modified_time":"2019-07-03T11:35:22+00:00","og_image":[{"width":1024,"height":559,"url":"https:\/\/www.kirkonulkomaanapu.fi\/wp-content\/uploads\/2019\/06\/Vuosikertomus_2018_kansi.jpg","type":"image\/jpeg"}],"twitter_misc":{"Est. reading time":"3 minutes"},"schema":{"@context":"https:\/\/schema.org","@graph":[{"@type":"WebPage","@id":"https:\/\/www.fcakenya.co.ke\/us\/history\/annual-report-2018\/","url":"https:\/\/www.fcakenya.co.ke\/us\/history\/annual-report-2018\/","name":"Annual Report 2018 - FCA Finn Church Aid","isPartOf":{"@id":"https:\/\/www.kirkonulkomaanapu.fi\/#website"},"primaryImageOfPage":{"@id":"https:\/\/www.fcakenya.co.ke\/us\/history\/annual-report-2018\/#primaryimage"},"image":{"@id":"https:\/\/www.fcakenya.co.ke\/us\/history\/annual-report-2018\/#primaryimage"},"thumbnailUrl":"https:\/\/www.kirkonulkomaanapu.fi\/wp-content\/uploads\/2019\/06\/Vuosikertomus_2018_kansi.jpg","datePublished":"2019-06-20T04:39:07+00:00","dateModified":"2019-07-03T11:35:22+00:00","breadcrumb":{"@id":"https:\/\/www.fcakenya.co.ke\/us\/history\/annual-report-2018\/#breadcrumb"},"inLanguage":"en-US","potentialAction":[{"@type":"ReadAction","target":["https:\/\/www.fcakenya.co.ke\/us\/history\/annual-report-2018\/"]}]},{"@type":"ImageObject","inLanguage":"en-US","@id":"https:\/\/www.fcakenya.co.ke\/us\/history\/annual-report-2018\/#primaryimage","url":"https:\/\/www.kirkonulkomaanapu.fi\/wp-content\/uploads\/2019\/06\/Vuosikertomus_2018_kansi.jpg","contentUrl":"https:\/\/www.kirkonulkomaanapu.fi\/wp-content\/uploads\/2019\/06\/Vuosikertomus_2018_kansi.jpg","width":1024,"height":559,"caption":"Nainen kirves olallaan, takana vuohi ja luontoa."},{"@type":"BreadcrumbList","@id":"https:\/\/www.fcakenya.co.ke\/us\/history\/annual-report-2018\/#breadcrumb","itemListElement":[{"@type":"ListItem","position":1,"name":"Home","item":"https:\/\/www.kirkonulkomaanapu.fi\/en\/"},{"@type":"ListItem","position":2,"name":"About us","item":"https:\/\/www.kirkonulkomaanapu.fi\/en\/us\/"},{"@type":"ListItem","position":3,"name":"History","item":"https:\/\/www.fcakenya.co.ke\/us\/history\/"},{"@type":"ListItem","position":4,"name":"Annual Report 2018"}]},{"@type":"WebSite","@id":"https:\/\/www.kirkonulkomaanapu.fi\/#website","url":"https:\/\/www.kirkonulkomaanapu.fi\/","name":"Kirkon Ulkomaanapu","description":"Suomen suurin kehitysyhteisty\u00f6j\u00e4rjest\u00f6","publisher":{"@id":"https:\/\/www.kirkonulkomaanapu.fi\/#organization"},"alternateName":"KUA","potentialAction":[{"@type":"SearchAction","target":{"@type":"EntryPoint","urlTemplate":"https:\/\/www.kirkonulkomaanapu.fi\/?s={search_term_string}"},"query-input":{"@type":"PropertyValueSpecification","valueRequired":true,"valueName":"search_term_string"}}],"inLanguage":"en-US"},{"@type":"Organization","@id":"https:\/\/www.kirkonulkomaanapu.fi\/#organization","name":"Kirkon Ulkomaanapu","alternateName":"KUA","url":"https:\/\/www.kirkonulkomaanapu.fi\/","logo":{"@type":"ImageObject","inLanguage":"en-US","@id":"https:\/\/www.kirkonulkomaanapu.fi\/#\/schema\/logo\/image\/","url":"https:\/\/www.kirkonulkomaanapu.fi\/wp-content\/uploads\/2026\/02\/Kirkon-ulkomaanapu-logo-1.png","contentUrl":"https:\/\/www.kirkonulkomaanapu.fi\/wp-content\/uploads\/2026\/02\/Kirkon-ulkomaanapu-logo-1.png","width":225,"height":225,"caption":"Kirkon Ulkomaanapu"},"image":{"@id":"https:\/\/www.kirkonulkomaanapu.fi\/#\/schema\/logo\/image\/"},"sameAs":["https:\/\/www.facebook.com\/Ulkomaanapu\/","https:\/\/www.youtube.com\/user\/kirkonulkomaanapu","https:\/\/instagram.com\/kirkon_ulkomaanapu\/","https:\/\/www.linkedin.com\/company\/finn-church-aid\/"]}]}},"_links":{"self":[{"href":"https:\/\/www.kirkonulkomaanapu.fi\/en\/wp-json\/wp\/v2\/pages\/94716","targetHints":{"allow":["GET"]}}],"collection":[{"href":"https:\/\/www.kirkonulkomaanapu.fi\/en\/wp-json\/wp\/v2\/pages"}],"about":[{"href":"https:\/\/www.kirkonulkomaanapu.fi\/en\/wp-json\/wp\/v2\/types\/page"}],"author":[{"embeddable":true,"href":"https:\/\/www.kirkonulkomaanapu.fi\/en\/wp-json\/wp\/v2\/users\/101"}],"replies":[{"embeddable":true,"href":"https:\/\/www.kirkonulkomaanapu.fi\/en\/wp-json\/wp\/v2\/comments?post=94716"}],"version-history":[{"count":4,"href":"https:\/\/www.kirkonulkomaanapu.fi\/en\/wp-json\/wp\/v2\/pages\/94716\/revisions"}],"predecessor-version":[{"id":94985,"href":"https:\/\/www.kirkonulkomaanapu.fi\/en\/wp-json\/wp\/v2\/pages\/94716\/revisions\/94985"}],"up":[{"embeddable":true,"href":"https:\/\/www.kirkonulkomaanapu.fi\/en\/wp-json\/wp\/v2\/pages\/68725"}],"wp:featuredmedia":[{"embeddable":true,"href":"https:\/\/www.kirkonulkomaanapu.fi\/en\/wp-json\/wp\/v2\/media\/94282"}],"wp:attachment":[{"href":"https:\/\/www.kirkonulkomaanapu.fi\/en\/wp-json\/wp\/v2\/media?parent=94716"}],"curies":[{"name":"wp","href":"https:\/\/api.w.org\/{rel}","templated":true}]}}