{"id":92919,"date":"2019-03-14T16:47:55","date_gmt":"2019-03-14T14:47:55","guid":{"rendered":"https:\/\/www.kirkonulkomaanapu.fi\/?page_id=92919"},"modified":"2021-05-10T13:31:40","modified_gmt":"2021-05-10T10:31:40","slug":"fca-college","status":"publish","type":"page","link":"https:\/\/www.kirkonulkomaanapu.fi\/en\/work\/education\/fca-college\/","title":{"rendered":"FCA College"},"content":{"rendered":"<p class=\"lead\">FCA College is an international satellite college designed to offer recognized competency-based vocational diploma programs in refugee contexts.<\/p>\n<p>FCA College, co-founded by Finn Church Aid and Omnia Education Partnerships Ltd., offers refugees a chance to obtain a recognized diploma. The programs are competency-based, upholding Finnish quality standards. Diplomas are based on Finnish curricula and as such, recognized internationally.<\/p>\n<p>The average time spent as a refugee is 20 years. Currently only a fifth of all refugees have access to formal secondary education. Through co-creation with local experts, FCA College meets the growing needs of quality vocational education in refugee contexts.<\/p>\n<h3>Flexible training paths for refugees<\/h3>\n<p>At FCA College the training programs have been designed to meet the needs and requirements of the private sector. The programs are taught by trained and certified local experts under the supervision of Finnish experts.<\/p>\n<p>The curricula is modular, offering flexibility both in length and focus. The first program focuses on micro-entrepreneurship with other programs, such as business studies, teaching assistant and various technical programs to follow. Throughout the program, the students&#8217; competence is assessed according to the standards issued by the Finnish National Agency for Education.<\/p>\n<p>The diplomas are recognized at the European qualification framework levels 4 and 5 in the EU and most OECD countries. The programs focus strongly on work-based learning and applying knowledge and professional skills in practice.<\/p>\n<p>FCA College ensures that while local resources and policies are developed, every generation has a fair chance to realize their dreams and genuinely contribute to national development.<\/p>\n<p>More information: Ville Wacklin, project manager, p. +358\u00a040 7190 592, ville.wacklin(at)kua.fi<\/p>\n<h3>Latest news:<\/h3>\n<p><a href=\"https:\/\/www.kirkonulkomaanapu.fi\/en\/latest-news\/news\/historical-graduation-event-in-uganda-provide-graduates-with-finnish-diplomas\/\">Historical graduation event in Uganda provide graduates with Finnish diplomas<\/a><\/p>\n<p><a href=\"https:\/\/www.kirkonulkomaanapu.fi\/en\/latest-news\/news\/finnish-education-export-to-developing-countries-on-the-rise-new-batch-of-stu-dents-graduate-from-finnish-entrepreneurship-programme-in-uganda-on-march-28-2019\/\">Finnish education export to developing countries on the rise \u2013 new batch of students graduate from Finnish entrepreneurship programme in Uganda<\/a><\/p>\n","protected":false},"excerpt":{"rendered":"<p>FCA College is an international satellite college designed to offer recognized competency-based vocational diploma programs in refugee contexts. FCA College, co-founded by Finn Church Aid and Omnia Education Partnerships Ltd., offers refugees a chance to obtain a recognized diploma. The programs are competency-based, upholding Finnish quality standards. Diplomas are based on Finnish curricula and as [&hellip;]<\/p>\n","protected":false},"author":137,"featured_media":92959,"parent":115740,"menu_order":0,"comment_status":"closed","ping_status":"closed","template":"","meta":{"_acf_changed":false,"_relevanssi_hide_post":"","_relevanssi_hide_content":"","_relevanssi_pin_for_all":"","_relevanssi_pin_keywords":"","_relevanssi_unpin_keywords":"","_relevanssi_related_keywords":"","_relevanssi_related_include_ids":"","_relevanssi_related_exclude_ids":"","_relevanssi_related_no_append":"","_relevanssi_related_not_related":"","_relevanssi_related_posts":"","_relevanssi_noindex_reason":"","_improvement_type_select":"improve_an_existing","_thumb_yes_seoaic":false,"_frame_yes_seoaic":false,"seoaic_generate_description":"","seoaic_improve_instructions_prompt":"","seoaic_rollback_content_improvement":"","seoaic_idea_thumbnail_generator":"","thumbnail_generated":false,"thumbnail_generate_prompt":"","seoaic_article_description":"","footnotes":""},"class_list":["post-92919","page","type-page","status-publish","has-post-thumbnail","hentry"],"acf":[],"yoast_head":"<!-- This site is optimized with the Yoast SEO plugin v26.9 - https:\/\/yoast.com\/product\/yoast-seo-wordpress\/ -->\n<title>FCA College - FCA Finn Church Aid<\/title>\n<meta name=\"robots\" content=\"index, follow, max-snippet:-1, max-image-preview:large, max-video-preview:-1\" \/>\n<link rel=\"canonical\" href=\"https:\/\/www.kirkonulkomaanapu.fi\/en\/work\/education\/fca-college\/\" \/>\n<meta property=\"og:locale\" content=\"en_US\" \/>\n<meta property=\"og:type\" content=\"article\" \/>\n<meta property=\"og:title\" content=\"FCA College - FCA Finn Church Aid\" \/>\n<meta property=\"og:description\" content=\"FCA College is an international satellite college designed to offer recognized competency-based vocational diploma programs in refugee contexts. FCA College, co-founded by Finn Church Aid and Omnia Education Partnerships Ltd., offers refugees a chance to obtain a recognized diploma. The programs are competency-based, upholding Finnish quality standards. Diplomas are based on Finnish curricula and as [&hellip;]\" \/>\n<meta property=\"og:url\" content=\"https:\/\/www.kirkonulkomaanapu.fi\/en\/work\/education\/fca-college\/\" \/>\n<meta property=\"og:site_name\" content=\"FCA Finn Church Aid\" \/>\n<meta property=\"article:publisher\" content=\"https:\/\/www.facebook.com\/Ulkomaanapu\/\" \/>\n<meta property=\"article:modified_time\" content=\"2021-05-10T10:31:40+00:00\" \/>\n<meta property=\"og:image\" content=\"https:\/\/www.kirkonulkomaanapu.fi\/wp-content\/uploads\/2019\/03\/fcacollege.jpg\" \/>\n\t<meta property=\"og:image:width\" content=\"1920\" \/>\n\t<meta property=\"og:image:height\" content=\"671\" \/>\n\t<meta property=\"og:image:type\" content=\"image\/jpeg\" \/>\n<meta name=\"twitter:label1\" content=\"Est. reading time\" \/>\n\t<meta name=\"twitter:data1\" content=\"1 minute\" \/>\n<script type=\"application\/ld+json\" class=\"yoast-schema-graph\">{\"@context\":\"https:\/\/schema.org\",\"@graph\":[{\"@type\":\"WebPage\",\"@id\":\"https:\/\/www.kirkonulkomaanapu.fi\/en\/work\/education\/fca-college\/\",\"url\":\"https:\/\/www.kirkonulkomaanapu.fi\/en\/work\/education\/fca-college\/\",\"name\":\"FCA College - FCA Finn Church Aid\",\"isPartOf\":{\"@id\":\"https:\/\/www.kirkonulkomaanapu.fi\/#website\"},\"primaryImageOfPage\":{\"@id\":\"https:\/\/www.kirkonulkomaanapu.fi\/en\/work\/education\/fca-college\/#primaryimage\"},\"image\":{\"@id\":\"https:\/\/www.kirkonulkomaanapu.fi\/en\/work\/education\/fca-college\/#primaryimage\"},\"thumbnailUrl\":\"https:\/\/www.kirkonulkomaanapu.fi\/wp-content\/uploads\/2019\/03\/fcacollege.jpg\",\"datePublished\":\"2019-03-14T14:47:55+00:00\",\"dateModified\":\"2021-05-10T10:31:40+00:00\",\"breadcrumb\":{\"@id\":\"https:\/\/www.kirkonulkomaanapu.fi\/en\/work\/education\/fca-college\/#breadcrumb\"},\"inLanguage\":\"en-US\",\"potentialAction\":[{\"@type\":\"ReadAction\",\"target\":[\"https:\/\/www.kirkonulkomaanapu.fi\/en\/work\/education\/fca-college\/\"]}]},{\"@type\":\"ImageObject\",\"inLanguage\":\"en-US\",\"@id\":\"https:\/\/www.kirkonulkomaanapu.fi\/en\/work\/education\/fca-college\/#primaryimage\",\"url\":\"https:\/\/www.kirkonulkomaanapu.fi\/wp-content\/uploads\/2019\/03\/fcacollege.jpg\",\"contentUrl\":\"https:\/\/www.kirkonulkomaanapu.fi\/wp-content\/uploads\/2019\/03\/fcacollege.jpg\",\"width\":1920,\"height\":671,\"caption\":\"FCA College promotes youth education and employment through provision of entrepreneurship training.\"},{\"@type\":\"BreadcrumbList\",\"@id\":\"https:\/\/www.kirkonulkomaanapu.fi\/en\/work\/education\/fca-college\/#breadcrumb\",\"itemListElement\":[{\"@type\":\"ListItem\",\"position\":1,\"name\":\"Home\",\"item\":\"https:\/\/www.kirkonulkomaanapu.fi\/en\/\"},{\"@type\":\"ListItem\",\"position\":2,\"name\":\"What we do\",\"item\":\"https:\/\/www.kirkonulkomaanapu.fi\/en\/work\/\"},{\"@type\":\"ListItem\",\"position\":3,\"name\":\"Right to Education\",\"item\":\"https:\/\/www.kirkonulkomaanapu.fi\/en\/work\/education\/\"},{\"@type\":\"ListItem\",\"position\":4,\"name\":\"FCA College\"}]},{\"@type\":\"WebSite\",\"@id\":\"https:\/\/www.kirkonulkomaanapu.fi\/#website\",\"url\":\"https:\/\/www.kirkonulkomaanapu.fi\/\",\"name\":\"Kirkon Ulkomaanapu\",\"description\":\"Suomen suurin kehitysyhteisty\u00f6j\u00e4rjest\u00f6\",\"publisher\":{\"@id\":\"https:\/\/www.kirkonulkomaanapu.fi\/#organization\"},\"alternateName\":\"KUA\",\"potentialAction\":[{\"@type\":\"SearchAction\",\"target\":{\"@type\":\"EntryPoint\",\"urlTemplate\":\"https:\/\/www.kirkonulkomaanapu.fi\/?s={search_term_string}\"},\"query-input\":{\"@type\":\"PropertyValueSpecification\",\"valueRequired\":true,\"valueName\":\"search_term_string\"}}],\"inLanguage\":\"en-US\"},{\"@type\":\"Organization\",\"@id\":\"https:\/\/www.kirkonulkomaanapu.fi\/#organization\",\"name\":\"Kirkon Ulkomaanapu\",\"alternateName\":\"KUA\",\"url\":\"https:\/\/www.kirkonulkomaanapu.fi\/\",\"logo\":{\"@type\":\"ImageObject\",\"inLanguage\":\"en-US\",\"@id\":\"https:\/\/www.kirkonulkomaanapu.fi\/#\/schema\/logo\/image\/\",\"url\":\"https:\/\/www.kirkonulkomaanapu.fi\/wp-content\/uploads\/2026\/02\/Kirkon-ulkomaanapu-logo-1.png\",\"contentUrl\":\"https:\/\/www.kirkonulkomaanapu.fi\/wp-content\/uploads\/2026\/02\/Kirkon-ulkomaanapu-logo-1.png\",\"width\":225,\"height\":225,\"caption\":\"Kirkon Ulkomaanapu\"},\"image\":{\"@id\":\"https:\/\/www.kirkonulkomaanapu.fi\/#\/schema\/logo\/image\/\"},\"sameAs\":[\"https:\/\/www.facebook.com\/Ulkomaanapu\/\",\"https:\/\/www.youtube.com\/user\/kirkonulkomaanapu\",\"https:\/\/instagram.com\/kirkon_ulkomaanapu\/\",\"https:\/\/www.linkedin.com\/company\/finn-church-aid\/\"]}]}<\/script>\n<!-- \/ Yoast SEO plugin. -->","yoast_head_json":{"title":"FCA College - FCA Finn Church Aid","robots":{"index":"index","follow":"follow","max-snippet":"max-snippet:-1","max-image-preview":"max-image-preview:large","max-video-preview":"max-video-preview:-1"},"canonical":"https:\/\/www.kirkonulkomaanapu.fi\/en\/work\/education\/fca-college\/","og_locale":"en_US","og_type":"article","og_title":"FCA College - FCA Finn Church Aid","og_description":"FCA College is an international satellite college designed to offer recognized competency-based vocational diploma programs in refugee contexts. FCA College, co-founded by Finn Church Aid and Omnia Education Partnerships Ltd., offers refugees a chance to obtain a recognized diploma. The programs are competency-based, upholding Finnish quality standards. Diplomas are based on Finnish curricula and as [&hellip;]","og_url":"https:\/\/www.kirkonulkomaanapu.fi\/en\/work\/education\/fca-college\/","og_site_name":"FCA Finn Church Aid","article_publisher":"https:\/\/www.facebook.com\/Ulkomaanapu\/","article_modified_time":"2021-05-10T10:31:40+00:00","og_image":[{"width":1920,"height":671,"url":"https:\/\/www.kirkonulkomaanapu.fi\/wp-content\/uploads\/2019\/03\/fcacollege.jpg","type":"image\/jpeg"}],"twitter_misc":{"Est. reading time":"1 minute"},"schema":{"@context":"https:\/\/schema.org","@graph":[{"@type":"WebPage","@id":"https:\/\/www.kirkonulkomaanapu.fi\/en\/work\/education\/fca-college\/","url":"https:\/\/www.kirkonulkomaanapu.fi\/en\/work\/education\/fca-college\/","name":"FCA College - FCA Finn Church Aid","isPartOf":{"@id":"https:\/\/www.kirkonulkomaanapu.fi\/#website"},"primaryImageOfPage":{"@id":"https:\/\/www.kirkonulkomaanapu.fi\/en\/work\/education\/fca-college\/#primaryimage"},"image":{"@id":"https:\/\/www.kirkonulkomaanapu.fi\/en\/work\/education\/fca-college\/#primaryimage"},"thumbnailUrl":"https:\/\/www.kirkonulkomaanapu.fi\/wp-content\/uploads\/2019\/03\/fcacollege.jpg","datePublished":"2019-03-14T14:47:55+00:00","dateModified":"2021-05-10T10:31:40+00:00","breadcrumb":{"@id":"https:\/\/www.kirkonulkomaanapu.fi\/en\/work\/education\/fca-college\/#breadcrumb"},"inLanguage":"en-US","potentialAction":[{"@type":"ReadAction","target":["https:\/\/www.kirkonulkomaanapu.fi\/en\/work\/education\/fca-college\/"]}]},{"@type":"ImageObject","inLanguage":"en-US","@id":"https:\/\/www.kirkonulkomaanapu.fi\/en\/work\/education\/fca-college\/#primaryimage","url":"https:\/\/www.kirkonulkomaanapu.fi\/wp-content\/uploads\/2019\/03\/fcacollege.jpg","contentUrl":"https:\/\/www.kirkonulkomaanapu.fi\/wp-content\/uploads\/2019\/03\/fcacollege.jpg","width":1920,"height":671,"caption":"FCA College promotes youth education and employment through provision of entrepreneurship training."},{"@type":"BreadcrumbList","@id":"https:\/\/www.kirkonulkomaanapu.fi\/en\/work\/education\/fca-college\/#breadcrumb","itemListElement":[{"@type":"ListItem","position":1,"name":"Home","item":"https:\/\/www.kirkonulkomaanapu.fi\/en\/"},{"@type":"ListItem","position":2,"name":"What we do","item":"https:\/\/www.kirkonulkomaanapu.fi\/en\/work\/"},{"@type":"ListItem","position":3,"name":"Right to Education","item":"https:\/\/www.kirkonulkomaanapu.fi\/en\/work\/education\/"},{"@type":"ListItem","position":4,"name":"FCA College"}]},{"@type":"WebSite","@id":"https:\/\/www.kirkonulkomaanapu.fi\/#website","url":"https:\/\/www.kirkonulkomaanapu.fi\/","name":"Kirkon Ulkomaanapu","description":"Suomen suurin kehitysyhteisty\u00f6j\u00e4rjest\u00f6","publisher":{"@id":"https:\/\/www.kirkonulkomaanapu.fi\/#organization"},"alternateName":"KUA","potentialAction":[{"@type":"SearchAction","target":{"@type":"EntryPoint","urlTemplate":"https:\/\/www.kirkonulkomaanapu.fi\/?s={search_term_string}"},"query-input":{"@type":"PropertyValueSpecification","valueRequired":true,"valueName":"search_term_string"}}],"inLanguage":"en-US"},{"@type":"Organization","@id":"https:\/\/www.kirkonulkomaanapu.fi\/#organization","name":"Kirkon Ulkomaanapu","alternateName":"KUA","url":"https:\/\/www.kirkonulkomaanapu.fi\/","logo":{"@type":"ImageObject","inLanguage":"en-US","@id":"https:\/\/www.kirkonulkomaanapu.fi\/#\/schema\/logo\/image\/","url":"https:\/\/www.kirkonulkomaanapu.fi\/wp-content\/uploads\/2026\/02\/Kirkon-ulkomaanapu-logo-1.png","contentUrl":"https:\/\/www.kirkonulkomaanapu.fi\/wp-content\/uploads\/2026\/02\/Kirkon-ulkomaanapu-logo-1.png","width":225,"height":225,"caption":"Kirkon Ulkomaanapu"},"image":{"@id":"https:\/\/www.kirkonulkomaanapu.fi\/#\/schema\/logo\/image\/"},"sameAs":["https:\/\/www.facebook.com\/Ulkomaanapu\/","https:\/\/www.youtube.com\/user\/kirkonulkomaanapu","https:\/\/instagram.com\/kirkon_ulkomaanapu\/","https:\/\/www.linkedin.com\/company\/finn-church-aid\/"]}]}},"_links":{"self":[{"href":"https:\/\/www.kirkonulkomaanapu.fi\/en\/wp-json\/wp\/v2\/pages\/92919","targetHints":{"allow":["GET"]}}],"collection":[{"href":"https:\/\/www.kirkonulkomaanapu.fi\/en\/wp-json\/wp\/v2\/pages"}],"about":[{"href":"https:\/\/www.kirkonulkomaanapu.fi\/en\/wp-json\/wp\/v2\/types\/page"}],"author":[{"embeddable":true,"href":"https:\/\/www.kirkonulkomaanapu.fi\/en\/wp-json\/wp\/v2\/users\/137"}],"replies":[{"embeddable":true,"href":"https:\/\/www.kirkonulkomaanapu.fi\/en\/wp-json\/wp\/v2\/comments?post=92919"}],"version-history":[{"count":3,"href":"https:\/\/www.kirkonulkomaanapu.fi\/en\/wp-json\/wp\/v2\/pages\/92919\/revisions"}],"predecessor-version":[{"id":94263,"href":"https:\/\/www.kirkonulkomaanapu.fi\/en\/wp-json\/wp\/v2\/pages\/92919\/revisions\/94263"}],"up":[{"embeddable":true,"href":"https:\/\/www.kirkonulkomaanapu.fi\/en\/wp-json\/wp\/v2\/pages\/115740"}],"wp:featuredmedia":[{"embeddable":true,"href":"https:\/\/www.kirkonulkomaanapu.fi\/en\/wp-json\/wp\/v2\/media\/92959"}],"wp:attachment":[{"href":"https:\/\/www.kirkonulkomaanapu.fi\/en\/wp-json\/wp\/v2\/media?parent=92919"}],"curies":[{"name":"wp","href":"https:\/\/api.w.org\/{rel}","templated":true}]}}