{"id":91834,"date":"2019-01-07T14:31:14","date_gmt":"2019-01-07T12:31:14","guid":{"rendered":"https:\/\/www.kirkonulkomaanapu.fi\/?page_id=91834"},"modified":"2019-05-29T13:42:57","modified_gmt":"2019-05-29T10:42:57","slug":"improving-access-to-quality-education-for-south-sudanese-refugee-children-in-uganda","status":"publish","type":"page","link":"https:\/\/www.kirkonulkomaanapu.fi\/en\/us\/donors\/international-donors\/echo\/improving-access-to-quality-education-for-south-sudanese-refugee-children-in-uganda\/","title":{"rendered":"Improving access to quality education for South Sudanese refugee children in Bidibidi and Omugo Refugee Settlements, Yumbe and Arua Districts, Uganda"},"content":{"rendered":"<p>Following the escalating violence in South Sudan, 272,206 refugees, mostly women, children and youth were received in in Bidibidi Refugee Settlement Uganda by December 2016 making it one of the biggest refugee settlement in Africa. This level of influx outstretched planned response levels in all sectors. The purpose of this action is to provide access to quality and inclusive education for South Sudanese refugee children through an approach that puts particular attention to their protection and resilience, as well as promoting peaceful coexistence with the host communities.<\/p>\n<p>The project will directly target 19,500 children, including 1,500 attending Accelerated Learning in zone III and IV of Bidibidi Refugee Settlement. FCA has identified three key strategies to address the education and protection humanitarian needs in line with its niche that include:<\/p>\n<ul>\n<li>Increasing access to inclusive, safe, protective and child-friendly education for South Sudan Refugee Children through the construction of semi-permanent infrastructure;<\/li>\n<li>Improving the quality of teaching and learning outcomes in seven primary schools through teachers training, construction of teacher accommodation, provision of inclusive teaching and learning materials and supporting assessment and provision of appropriate services to children with special needs;<\/li>\n<li>Strengthening the coping mechanisms and resilience of children affected by conflict and those severely affected receiving appropriate support especially through school based protection initiatives.<\/li>\n<\/ul>\n<p>The project\u2019s duration is 1 April 2017 \u2013\u00a0 31 March 2018. It is funded by EU\/ECHO (European Civil Protection and Humanitarian Aid Operations). Total project budget is 1,740,000 \u20ac, of which ECHO funding is 86,2% and FCA co-funding 13,8%.<\/p>\n","protected":false},"excerpt":{"rendered":"<p>Following the escalating violence in South Sudan, 272,206 refugees, mostly women, children and youth were received in in Bidibidi Refugee Settlement Uganda by December 2016 making it one of the biggest refugee settlement in Africa. This level of influx outstretched planned response levels in all sectors. The purpose of this action is to provide access [&hellip;]<\/p>\n","protected":false},"author":137,"featured_media":0,"parent":2859,"menu_order":0,"comment_status":"closed","ping_status":"closed","template":"page-templates\/project.php","meta":{"_acf_changed":false,"_relevanssi_hide_post":"","_relevanssi_hide_content":"","_relevanssi_pin_for_all":"","_relevanssi_pin_keywords":"","_relevanssi_unpin_keywords":"","_relevanssi_related_keywords":"","_relevanssi_related_include_ids":"","_relevanssi_related_exclude_ids":"","_relevanssi_related_no_append":"","_relevanssi_related_not_related":"","_relevanssi_related_posts":"","_relevanssi_noindex_reason":"","_improvement_type_select":"improve_an_existing","_thumb_yes_seoaic":false,"_frame_yes_seoaic":false,"seoaic_generate_description":"","seoaic_improve_instructions_prompt":"","seoaic_rollback_content_improvement":"","seoaic_idea_thumbnail_generator":"","thumbnail_generated":false,"thumbnail_generate_prompt":"","seoaic_article_description":"","footnotes":""},"class_list":["post-91834","page","type-page","status-publish","hentry"],"acf":[],"yoast_head":"<!-- This site is optimized with the Yoast SEO plugin v26.9 - https:\/\/yoast.com\/product\/yoast-seo-wordpress\/ -->\n<title>Improving access to quality education for South Sudanese refugee children in Bidibidi and Omugo Refugee Settlements, Yumbe and Arua Districts, Uganda - FCA Finn Church Aid<\/title>\n<meta name=\"robots\" content=\"index, follow, max-snippet:-1, max-image-preview:large, max-video-preview:-1\" \/>\n<link rel=\"canonical\" href=\"https:\/\/www.fcakenya.co.ke\/sv\/us\/donors\/international-donors\/echo\/improving-access-to-quality-education-for-south-sudanese-refugee-children-in-uganda\/\" \/>\n<meta property=\"og:locale\" content=\"en_US\" \/>\n<meta property=\"og:type\" content=\"article\" \/>\n<meta property=\"og:title\" content=\"Improving access to quality education for South Sudanese refugee children in Bidibidi and Omugo Refugee Settlements, Yumbe and Arua Districts, Uganda - FCA Finn Church Aid\" \/>\n<meta property=\"og:description\" content=\"Following the escalating violence in South Sudan, 272,206 refugees, mostly women, children and youth were received in in Bidibidi Refugee Settlement Uganda by December 2016 making it one of the biggest refugee settlement in Africa. This level of influx outstretched planned response levels in all sectors. The purpose of this action is to provide access [&hellip;]\" \/>\n<meta property=\"og:url\" content=\"https:\/\/www.fcakenya.co.ke\/sv\/us\/donors\/international-donors\/echo\/improving-access-to-quality-education-for-south-sudanese-refugee-children-in-uganda\/\" \/>\n<meta property=\"og:site_name\" content=\"FCA Finn Church Aid\" \/>\n<meta property=\"article:publisher\" content=\"https:\/\/www.facebook.com\/Ulkomaanapu\/\" \/>\n<meta property=\"article:modified_time\" content=\"2019-05-29T10:42:57+00:00\" \/>\n<meta property=\"og:image\" content=\"https:\/\/www.kirkonulkomaanapu.fi\/wp-content\/uploads\/2026\/02\/Kirkon-ulkomaanapu-logo.png\" \/>\n\t<meta property=\"og:image:width\" content=\"225\" \/>\n\t<meta property=\"og:image:height\" content=\"225\" \/>\n\t<meta property=\"og:image:type\" content=\"image\/png\" \/>\n<meta name=\"twitter:label1\" content=\"Est. reading time\" \/>\n\t<meta name=\"twitter:data1\" content=\"1 minute\" \/>\n<script type=\"application\/ld+json\" class=\"yoast-schema-graph\">{\"@context\":\"https:\/\/schema.org\",\"@graph\":[{\"@type\":\"WebPage\",\"@id\":\"https:\/\/www.fcakenya.co.ke\/sv\/us\/donors\/international-donors\/echo\/improving-access-to-quality-education-for-south-sudanese-refugee-children-in-uganda\/\",\"url\":\"https:\/\/www.fcakenya.co.ke\/sv\/us\/donors\/international-donors\/echo\/improving-access-to-quality-education-for-south-sudanese-refugee-children-in-uganda\/\",\"name\":\"Improving access to quality education for South Sudanese refugee children in Bidibidi and Omugo Refugee Settlements, Yumbe and Arua Districts, Uganda - FCA Finn Church Aid\",\"isPartOf\":{\"@id\":\"https:\/\/www.kirkonulkomaanapu.fi\/#website\"},\"datePublished\":\"2019-01-07T12:31:14+00:00\",\"dateModified\":\"2019-05-29T10:42:57+00:00\",\"breadcrumb\":{\"@id\":\"https:\/\/www.fcakenya.co.ke\/sv\/us\/donors\/international-donors\/echo\/improving-access-to-quality-education-for-south-sudanese-refugee-children-in-uganda\/#breadcrumb\"},\"inLanguage\":\"en-US\",\"potentialAction\":[{\"@type\":\"ReadAction\",\"target\":[\"https:\/\/www.fcakenya.co.ke\/sv\/us\/donors\/international-donors\/echo\/improving-access-to-quality-education-for-south-sudanese-refugee-children-in-uganda\/\"]}]},{\"@type\":\"BreadcrumbList\",\"@id\":\"https:\/\/www.fcakenya.co.ke\/sv\/us\/donors\/international-donors\/echo\/improving-access-to-quality-education-for-south-sudanese-refugee-children-in-uganda\/#breadcrumb\",\"itemListElement\":[{\"@type\":\"ListItem\",\"position\":1,\"name\":\"Home\",\"item\":\"https:\/\/www.kirkonulkomaanapu.fi\/en\/\"},{\"@type\":\"ListItem\",\"position\":2,\"name\":\"About us\",\"item\":\"https:\/\/www.kirkonulkomaanapu.fi\/en\/us\/\"},{\"@type\":\"ListItem\",\"position\":3,\"name\":\"Donors\",\"item\":\"https:\/\/www.fcakenya.co.ke\/?page_id=2816\"},{\"@type\":\"ListItem\",\"position\":4,\"name\":\"International donors\",\"item\":\"https:\/\/www.fcakenya.co.ke\/?page_id=2818\"},{\"@type\":\"ListItem\",\"position\":5,\"name\":\"ECHO\",\"item\":\"https:\/\/www.kirkonulkomaanapu.fi\/en\/us\/donors\/international-donors\/echo\/\"},{\"@type\":\"ListItem\",\"position\":6,\"name\":\"Improving access to quality education for South Sudanese refugee children in Bidibidi and Omugo Refugee Settlements, Yumbe and Arua Districts, Uganda\"}]},{\"@type\":\"WebSite\",\"@id\":\"https:\/\/www.kirkonulkomaanapu.fi\/#website\",\"url\":\"https:\/\/www.kirkonulkomaanapu.fi\/\",\"name\":\"Kirkon Ulkomaanapu\",\"description\":\"Suomen suurin kehitysyhteisty\u00f6j\u00e4rjest\u00f6\",\"publisher\":{\"@id\":\"https:\/\/www.kirkonulkomaanapu.fi\/#organization\"},\"alternateName\":\"KUA\",\"potentialAction\":[{\"@type\":\"SearchAction\",\"target\":{\"@type\":\"EntryPoint\",\"urlTemplate\":\"https:\/\/www.kirkonulkomaanapu.fi\/?s={search_term_string}\"},\"query-input\":{\"@type\":\"PropertyValueSpecification\",\"valueRequired\":true,\"valueName\":\"search_term_string\"}}],\"inLanguage\":\"en-US\"},{\"@type\":\"Organization\",\"@id\":\"https:\/\/www.kirkonulkomaanapu.fi\/#organization\",\"name\":\"Kirkon Ulkomaanapu\",\"alternateName\":\"KUA\",\"url\":\"https:\/\/www.kirkonulkomaanapu.fi\/\",\"logo\":{\"@type\":\"ImageObject\",\"inLanguage\":\"en-US\",\"@id\":\"https:\/\/www.kirkonulkomaanapu.fi\/#\/schema\/logo\/image\/\",\"url\":\"https:\/\/www.kirkonulkomaanapu.fi\/wp-content\/uploads\/2026\/02\/Kirkon-ulkomaanapu-logo-1.png\",\"contentUrl\":\"https:\/\/www.kirkonulkomaanapu.fi\/wp-content\/uploads\/2026\/02\/Kirkon-ulkomaanapu-logo-1.png\",\"width\":225,\"height\":225,\"caption\":\"Kirkon Ulkomaanapu\"},\"image\":{\"@id\":\"https:\/\/www.kirkonulkomaanapu.fi\/#\/schema\/logo\/image\/\"},\"sameAs\":[\"https:\/\/www.facebook.com\/Ulkomaanapu\/\",\"https:\/\/www.youtube.com\/user\/kirkonulkomaanapu\",\"https:\/\/instagram.com\/kirkon_ulkomaanapu\/\",\"https:\/\/www.linkedin.com\/company\/finn-church-aid\/\"]}]}<\/script>\n<!-- \/ Yoast SEO plugin. -->","yoast_head_json":{"title":"Improving access to quality education for South Sudanese refugee children in Bidibidi and Omugo Refugee Settlements, Yumbe and Arua Districts, Uganda - FCA Finn Church Aid","robots":{"index":"index","follow":"follow","max-snippet":"max-snippet:-1","max-image-preview":"max-image-preview:large","max-video-preview":"max-video-preview:-1"},"canonical":"https:\/\/www.fcakenya.co.ke\/sv\/us\/donors\/international-donors\/echo\/improving-access-to-quality-education-for-south-sudanese-refugee-children-in-uganda\/","og_locale":"en_US","og_type":"article","og_title":"Improving access to quality education for South Sudanese refugee children in Bidibidi and Omugo Refugee Settlements, Yumbe and Arua Districts, Uganda - FCA Finn Church Aid","og_description":"Following the escalating violence in South Sudan, 272,206 refugees, mostly women, children and youth were received in in Bidibidi Refugee Settlement Uganda by December 2016 making it one of the biggest refugee settlement in Africa. This level of influx outstretched planned response levels in all sectors. The purpose of this action is to provide access [&hellip;]","og_url":"https:\/\/www.fcakenya.co.ke\/sv\/us\/donors\/international-donors\/echo\/improving-access-to-quality-education-for-south-sudanese-refugee-children-in-uganda\/","og_site_name":"FCA Finn Church Aid","article_publisher":"https:\/\/www.facebook.com\/Ulkomaanapu\/","article_modified_time":"2019-05-29T10:42:57+00:00","og_image":[{"width":225,"height":225,"url":"https:\/\/www.kirkonulkomaanapu.fi\/wp-content\/uploads\/2026\/02\/Kirkon-ulkomaanapu-logo.png","type":"image\/png"}],"twitter_misc":{"Est. reading time":"1 minute"},"schema":{"@context":"https:\/\/schema.org","@graph":[{"@type":"WebPage","@id":"https:\/\/www.fcakenya.co.ke\/sv\/us\/donors\/international-donors\/echo\/improving-access-to-quality-education-for-south-sudanese-refugee-children-in-uganda\/","url":"https:\/\/www.fcakenya.co.ke\/sv\/us\/donors\/international-donors\/echo\/improving-access-to-quality-education-for-south-sudanese-refugee-children-in-uganda\/","name":"Improving access to quality education for South Sudanese refugee children in Bidibidi and Omugo Refugee Settlements, Yumbe and Arua Districts, Uganda - FCA Finn Church Aid","isPartOf":{"@id":"https:\/\/www.kirkonulkomaanapu.fi\/#website"},"datePublished":"2019-01-07T12:31:14+00:00","dateModified":"2019-05-29T10:42:57+00:00","breadcrumb":{"@id":"https:\/\/www.fcakenya.co.ke\/sv\/us\/donors\/international-donors\/echo\/improving-access-to-quality-education-for-south-sudanese-refugee-children-in-uganda\/#breadcrumb"},"inLanguage":"en-US","potentialAction":[{"@type":"ReadAction","target":["https:\/\/www.fcakenya.co.ke\/sv\/us\/donors\/international-donors\/echo\/improving-access-to-quality-education-for-south-sudanese-refugee-children-in-uganda\/"]}]},{"@type":"BreadcrumbList","@id":"https:\/\/www.fcakenya.co.ke\/sv\/us\/donors\/international-donors\/echo\/improving-access-to-quality-education-for-south-sudanese-refugee-children-in-uganda\/#breadcrumb","itemListElement":[{"@type":"ListItem","position":1,"name":"Home","item":"https:\/\/www.kirkonulkomaanapu.fi\/en\/"},{"@type":"ListItem","position":2,"name":"About us","item":"https:\/\/www.kirkonulkomaanapu.fi\/en\/us\/"},{"@type":"ListItem","position":3,"name":"Donors","item":"https:\/\/www.fcakenya.co.ke\/?page_id=2816"},{"@type":"ListItem","position":4,"name":"International donors","item":"https:\/\/www.fcakenya.co.ke\/?page_id=2818"},{"@type":"ListItem","position":5,"name":"ECHO","item":"https:\/\/www.kirkonulkomaanapu.fi\/en\/us\/donors\/international-donors\/echo\/"},{"@type":"ListItem","position":6,"name":"Improving access to quality education for South Sudanese refugee children in Bidibidi and Omugo Refugee Settlements, Yumbe and Arua Districts, Uganda"}]},{"@type":"WebSite","@id":"https:\/\/www.kirkonulkomaanapu.fi\/#website","url":"https:\/\/www.kirkonulkomaanapu.fi\/","name":"Kirkon Ulkomaanapu","description":"Suomen suurin kehitysyhteisty\u00f6j\u00e4rjest\u00f6","publisher":{"@id":"https:\/\/www.kirkonulkomaanapu.fi\/#organization"},"alternateName":"KUA","potentialAction":[{"@type":"SearchAction","target":{"@type":"EntryPoint","urlTemplate":"https:\/\/www.kirkonulkomaanapu.fi\/?s={search_term_string}"},"query-input":{"@type":"PropertyValueSpecification","valueRequired":true,"valueName":"search_term_string"}}],"inLanguage":"en-US"},{"@type":"Organization","@id":"https:\/\/www.kirkonulkomaanapu.fi\/#organization","name":"Kirkon Ulkomaanapu","alternateName":"KUA","url":"https:\/\/www.kirkonulkomaanapu.fi\/","logo":{"@type":"ImageObject","inLanguage":"en-US","@id":"https:\/\/www.kirkonulkomaanapu.fi\/#\/schema\/logo\/image\/","url":"https:\/\/www.kirkonulkomaanapu.fi\/wp-content\/uploads\/2026\/02\/Kirkon-ulkomaanapu-logo-1.png","contentUrl":"https:\/\/www.kirkonulkomaanapu.fi\/wp-content\/uploads\/2026\/02\/Kirkon-ulkomaanapu-logo-1.png","width":225,"height":225,"caption":"Kirkon Ulkomaanapu"},"image":{"@id":"https:\/\/www.kirkonulkomaanapu.fi\/#\/schema\/logo\/image\/"},"sameAs":["https:\/\/www.facebook.com\/Ulkomaanapu\/","https:\/\/www.youtube.com\/user\/kirkonulkomaanapu","https:\/\/instagram.com\/kirkon_ulkomaanapu\/","https:\/\/www.linkedin.com\/company\/finn-church-aid\/"]}]}},"_links":{"self":[{"href":"https:\/\/www.kirkonulkomaanapu.fi\/en\/wp-json\/wp\/v2\/pages\/91834","targetHints":{"allow":["GET"]}}],"collection":[{"href":"https:\/\/www.kirkonulkomaanapu.fi\/en\/wp-json\/wp\/v2\/pages"}],"about":[{"href":"https:\/\/www.kirkonulkomaanapu.fi\/en\/wp-json\/wp\/v2\/types\/page"}],"author":[{"embeddable":true,"href":"https:\/\/www.kirkonulkomaanapu.fi\/en\/wp-json\/wp\/v2\/users\/137"}],"replies":[{"embeddable":true,"href":"https:\/\/www.kirkonulkomaanapu.fi\/en\/wp-json\/wp\/v2\/comments?post=91834"}],"version-history":[{"count":3,"href":"https:\/\/www.kirkonulkomaanapu.fi\/en\/wp-json\/wp\/v2\/pages\/91834\/revisions"}],"predecessor-version":[{"id":93869,"href":"https:\/\/www.kirkonulkomaanapu.fi\/en\/wp-json\/wp\/v2\/pages\/91834\/revisions\/93869"}],"up":[{"embeddable":true,"href":"https:\/\/www.kirkonulkomaanapu.fi\/en\/wp-json\/wp\/v2\/pages\/2859"}],"wp:attachment":[{"href":"https:\/\/www.kirkonulkomaanapu.fi\/en\/wp-json\/wp\/v2\/media?parent=91834"}],"curies":[{"name":"wp","href":"https:\/\/api.w.org\/{rel}","templated":true}]}}