{"id":90941,"date":"2018-11-12T15:15:19","date_gmt":"2018-11-12T13:15:19","guid":{"rendered":"https:\/\/www.kirkonulkomaanapu.fi\/?page_id=90941"},"modified":"2019-03-06T16:24:34","modified_gmt":"2019-03-06T14:24:34","slug":"promoting-gender-equality-in-eritrea-through-teacher-education","status":"publish","type":"page","link":"https:\/\/www.kirkonulkomaanapu.fi\/en\/us\/donors\/international-donors\/europeaid\/promoting-gender-equality-in-eritrea-through-teacher-education\/","title":{"rendered":"Promoting Gender Equality in Eritrea through Teacher Education"},"content":{"rendered":"<p class=\"lead\">The project \u2018Promoting Gender Equality in Eritrea through Teacher Education\u2019 seeks to promote right to quality education, especially of girls and women, by contributing to a more inclusive and gender sensitive education system in Eritrea.<\/p>\n<h2>Main outcomes<\/h2>\n<ul>\n<li>Advanced gender knowledge in the curriculum for teacher education<\/li>\n<li>15 education leaders have completed the intensive Gender and Education training course and are able to act as trainers and gender resource persons<\/li>\n<li>50 teacher trainers have an increased understanding of regarding gender and education<\/li>\n<li>400 students have received lectures on gender in education<\/li>\n<li>5 researches on gender and education are conducted and staff members of the Teacher Education Institutes have participated in international academic exchange and conferences<\/li>\n<li>160 teachers and education officials have participated in national and regional level policy dialogues on gender education<\/li>\n<li>250 teachers from middle schools and secondary schools have increased their knowledge of how to tackle gender issues in schools, including genderbased violence and harmful traditional practices<\/li>\n<li>A Gender Toolkit is prepared and distributed to 1400 schools in Eritrea<\/li>\n<li>500 summer programme students have a basic understanding of gender principles in education.<\/li>\n<\/ul>\n<h2>Mainstreaming gender in teacher education<\/h2>\n<p>The teacher training institute in Eritrea plays a key role in ensuring forthcoming teachers will be equipped with tools, skills and attitudes that make them knowledgeable in<br \/>\ngender issues in their future profession.<\/p>\n<p>This project promotes gender equality in the education sector in Eritrea by ensuring that evidence-based gender specific content is included in teacher education with the potential of reaching teachers and pupils throughout the country.<\/p>\n<p>The main development partners of the project are the Teacher Education Institute, the National Union of Eritrean Women (NUEW) and the Teachers Association of Eritrea (TAE) as well as the Ministry of Education (MoE) and the National Higher Education Research Institute (NHERI).<\/p>\n<p><img loading=\"lazy\" decoding=\"async\" class=\"size-full wp-image-7824 alignleft\" src=\"https:\/\/www.kirkonulkomaanapu.fi\/wp-content\/uploads\/2014\/05\/Europeaid-logo-e1542032937783.jpg\" alt=\"The flag of the European Union.\" width=\"200\" height=\"132\" \/><\/p>\n<p>The initiative is co-funded by the European Union \u2013 The European Instrument for Democracy and Human Rights (EIDHR).<\/p>\n","protected":false},"excerpt":{"rendered":"<p>The project \u2018Promoting Gender Equality in Eritrea through Teacher Education\u2019 seeks to promote right to quality education, especially of girls and women, by contributing to a more inclusive and gender sensitive education system in Eritrea. Main outcomes Advanced gender knowledge in the curriculum for teacher education 15 education leaders have completed the intensive Gender and [&hellip;]<\/p>\n","protected":false},"author":7,"featured_media":90944,"parent":6528,"menu_order":0,"comment_status":"closed","ping_status":"closed","template":"page-templates\/project.php","meta":{"_acf_changed":false,"_relevanssi_hide_post":"","_relevanssi_hide_content":"","_relevanssi_pin_for_all":"","_relevanssi_pin_keywords":"","_relevanssi_unpin_keywords":"","_relevanssi_related_keywords":"","_relevanssi_related_include_ids":"","_relevanssi_related_exclude_ids":"","_relevanssi_related_no_append":"","_relevanssi_related_not_related":"","_relevanssi_related_posts":"","_relevanssi_noindex_reason":"","_improvement_type_select":"improve_an_existing","_thumb_yes_seoaic":false,"_frame_yes_seoaic":false,"seoaic_generate_description":"","seoaic_improve_instructions_prompt":"","seoaic_rollback_content_improvement":"","seoaic_idea_thumbnail_generator":"","thumbnail_generated":false,"thumbnail_generate_prompt":"","seoaic_article_description":"","footnotes":""},"class_list":["post-90941","page","type-page","status-publish","has-post-thumbnail","hentry"],"acf":[],"yoast_head":"<!-- This site is optimized with the Yoast SEO plugin v26.9 - https:\/\/yoast.com\/product\/yoast-seo-wordpress\/ -->\n<title>Promoting Gender Equality in Eritrea through Teacher Education - FCA Finn Church Aid<\/title>\n<meta name=\"description\" content=\"By promoting gender equality in Eritrea through teacher education, Finn Church Aid contributes to a more inclusive and gender sensitive education system.\" \/>\n<meta name=\"robots\" content=\"index, follow, max-snippet:-1, max-image-preview:large, max-video-preview:-1\" \/>\n<link rel=\"canonical\" href=\"https:\/\/www.fcakenya.co.ke\/en\/us\/donors\/international-donors\/europeaid\/promoting-gender-equality-in-eritrea-through-teacher-education\/\" \/>\n<meta property=\"og:locale\" content=\"en_US\" \/>\n<meta property=\"og:type\" content=\"article\" \/>\n<meta property=\"og:title\" content=\"Promoting Gender Equality in Eritrea through Teacher Education - FCA Finn Church Aid\" \/>\n<meta property=\"og:description\" content=\"By promoting gender equality in Eritrea through teacher education, Finn Church Aid contributes to a more inclusive and gender sensitive education system.\" \/>\n<meta property=\"og:url\" content=\"https:\/\/www.fcakenya.co.ke\/en\/us\/donors\/international-donors\/europeaid\/promoting-gender-equality-in-eritrea-through-teacher-education\/\" \/>\n<meta property=\"og:site_name\" content=\"FCA Finn Church Aid\" \/>\n<meta property=\"article:publisher\" content=\"https:\/\/www.facebook.com\/Ulkomaanapu\/\" \/>\n<meta property=\"article:modified_time\" content=\"2019-03-06T14:24:34+00:00\" \/>\n<meta property=\"og:image\" content=\"https:\/\/www.kirkonulkomaanapu.fi\/wp-content\/uploads\/2018\/11\/eritrea_gender.jpg\" \/>\n\t<meta property=\"og:image:width\" content=\"1519\" \/>\n\t<meta property=\"og:image:height\" content=\"525\" \/>\n\t<meta property=\"og:image:type\" content=\"image\/jpeg\" \/>\n<meta name=\"twitter:label1\" content=\"Est. reading time\" \/>\n\t<meta name=\"twitter:data1\" content=\"2 minutes\" \/>\n<script type=\"application\/ld+json\" class=\"yoast-schema-graph\">{\"@context\":\"https:\/\/schema.org\",\"@graph\":[{\"@type\":\"WebPage\",\"@id\":\"https:\/\/www.fcakenya.co.ke\/en\/us\/donors\/international-donors\/europeaid\/promoting-gender-equality-in-eritrea-through-teacher-education\/\",\"url\":\"https:\/\/www.fcakenya.co.ke\/en\/us\/donors\/international-donors\/europeaid\/promoting-gender-equality-in-eritrea-through-teacher-education\/\",\"name\":\"Promoting Gender Equality in Eritrea through Teacher Education - FCA Finn Church Aid\",\"isPartOf\":{\"@id\":\"https:\/\/www.kirkonulkomaanapu.fi\/#website\"},\"primaryImageOfPage\":{\"@id\":\"https:\/\/www.fcakenya.co.ke\/en\/us\/donors\/international-donors\/europeaid\/promoting-gender-equality-in-eritrea-through-teacher-education\/#primaryimage\"},\"image\":{\"@id\":\"https:\/\/www.fcakenya.co.ke\/en\/us\/donors\/international-donors\/europeaid\/promoting-gender-equality-in-eritrea-through-teacher-education\/#primaryimage\"},\"thumbnailUrl\":\"https:\/\/www.kirkonulkomaanapu.fi\/wp-content\/uploads\/2018\/11\/eritrea_gender.jpg\",\"datePublished\":\"2018-11-12T13:15:19+00:00\",\"dateModified\":\"2019-03-06T14:24:34+00:00\",\"description\":\"By promoting gender equality in Eritrea through teacher education, Finn Church Aid contributes to a more inclusive and gender sensitive education system.\",\"breadcrumb\":{\"@id\":\"https:\/\/www.fcakenya.co.ke\/en\/us\/donors\/international-donors\/europeaid\/promoting-gender-equality-in-eritrea-through-teacher-education\/#breadcrumb\"},\"inLanguage\":\"en-US\",\"potentialAction\":[{\"@type\":\"ReadAction\",\"target\":[\"https:\/\/www.fcakenya.co.ke\/en\/us\/donors\/international-donors\/europeaid\/promoting-gender-equality-in-eritrea-through-teacher-education\/\"]}]},{\"@type\":\"ImageObject\",\"inLanguage\":\"en-US\",\"@id\":\"https:\/\/www.fcakenya.co.ke\/en\/us\/donors\/international-donors\/europeaid\/promoting-gender-equality-in-eritrea-through-teacher-education\/#primaryimage\",\"url\":\"https:\/\/www.kirkonulkomaanapu.fi\/wp-content\/uploads\/2018\/11\/eritrea_gender.jpg\",\"contentUrl\":\"https:\/\/www.kirkonulkomaanapu.fi\/wp-content\/uploads\/2018\/11\/eritrea_gender.jpg\",\"width\":1519,\"height\":525,\"caption\":\"The teacher training institute in Eritrea plays a key role in ensuring forthcoming teachers will be equipped with tools, skills and attitudes that make them knowledgeable in gender issues in their future profession.\"},{\"@type\":\"BreadcrumbList\",\"@id\":\"https:\/\/www.fcakenya.co.ke\/en\/us\/donors\/international-donors\/europeaid\/promoting-gender-equality-in-eritrea-through-teacher-education\/#breadcrumb\",\"itemListElement\":[{\"@type\":\"ListItem\",\"position\":1,\"name\":\"Home\",\"item\":\"https:\/\/www.kirkonulkomaanapu.fi\/en\/\"},{\"@type\":\"ListItem\",\"position\":2,\"name\":\"About us\",\"item\":\"https:\/\/www.kirkonulkomaanapu.fi\/en\/us\/\"},{\"@type\":\"ListItem\",\"position\":3,\"name\":\"Donors\",\"item\":\"https:\/\/www.fcakenya.co.ke\/?page_id=2816\"},{\"@type\":\"ListItem\",\"position\":4,\"name\":\"International donors\",\"item\":\"https:\/\/www.fcakenya.co.ke\/?page_id=2818\"},{\"@type\":\"ListItem\",\"position\":5,\"name\":\"EUROPEAID\",\"item\":\"https:\/\/www.kirkonulkomaanapu.fi\/en\/us\/donors\/international-donors\/europeaid\/\"},{\"@type\":\"ListItem\",\"position\":6,\"name\":\"Promoting Gender Equality in Eritrea through Teacher Education\"}]},{\"@type\":\"WebSite\",\"@id\":\"https:\/\/www.kirkonulkomaanapu.fi\/#website\",\"url\":\"https:\/\/www.kirkonulkomaanapu.fi\/\",\"name\":\"Kirkon Ulkomaanapu\",\"description\":\"Suomen suurin kehitysyhteisty\u00f6j\u00e4rjest\u00f6\",\"publisher\":{\"@id\":\"https:\/\/www.kirkonulkomaanapu.fi\/#organization\"},\"alternateName\":\"KUA\",\"potentialAction\":[{\"@type\":\"SearchAction\",\"target\":{\"@type\":\"EntryPoint\",\"urlTemplate\":\"https:\/\/www.kirkonulkomaanapu.fi\/?s={search_term_string}\"},\"query-input\":{\"@type\":\"PropertyValueSpecification\",\"valueRequired\":true,\"valueName\":\"search_term_string\"}}],\"inLanguage\":\"en-US\"},{\"@type\":\"Organization\",\"@id\":\"https:\/\/www.kirkonulkomaanapu.fi\/#organization\",\"name\":\"Kirkon Ulkomaanapu\",\"alternateName\":\"KUA\",\"url\":\"https:\/\/www.kirkonulkomaanapu.fi\/\",\"logo\":{\"@type\":\"ImageObject\",\"inLanguage\":\"en-US\",\"@id\":\"https:\/\/www.kirkonulkomaanapu.fi\/#\/schema\/logo\/image\/\",\"url\":\"https:\/\/www.kirkonulkomaanapu.fi\/wp-content\/uploads\/2026\/02\/Kirkon-ulkomaanapu-logo-1.png\",\"contentUrl\":\"https:\/\/www.kirkonulkomaanapu.fi\/wp-content\/uploads\/2026\/02\/Kirkon-ulkomaanapu-logo-1.png\",\"width\":225,\"height\":225,\"caption\":\"Kirkon Ulkomaanapu\"},\"image\":{\"@id\":\"https:\/\/www.kirkonulkomaanapu.fi\/#\/schema\/logo\/image\/\"},\"sameAs\":[\"https:\/\/www.facebook.com\/Ulkomaanapu\/\",\"https:\/\/www.youtube.com\/user\/kirkonulkomaanapu\",\"https:\/\/instagram.com\/kirkon_ulkomaanapu\/\",\"https:\/\/www.linkedin.com\/company\/finn-church-aid\/\"]}]}<\/script>\n<!-- \/ Yoast SEO plugin. -->","yoast_head_json":{"title":"Promoting Gender Equality in Eritrea through Teacher Education - FCA Finn Church Aid","description":"By promoting gender equality in Eritrea through teacher education, Finn Church Aid contributes to a more inclusive and gender sensitive education system.","robots":{"index":"index","follow":"follow","max-snippet":"max-snippet:-1","max-image-preview":"max-image-preview:large","max-video-preview":"max-video-preview:-1"},"canonical":"https:\/\/www.fcakenya.co.ke\/en\/us\/donors\/international-donors\/europeaid\/promoting-gender-equality-in-eritrea-through-teacher-education\/","og_locale":"en_US","og_type":"article","og_title":"Promoting Gender Equality in Eritrea through Teacher Education - FCA Finn Church Aid","og_description":"By promoting gender equality in Eritrea through teacher education, Finn Church Aid contributes to a more inclusive and gender sensitive education system.","og_url":"https:\/\/www.fcakenya.co.ke\/en\/us\/donors\/international-donors\/europeaid\/promoting-gender-equality-in-eritrea-through-teacher-education\/","og_site_name":"FCA Finn Church Aid","article_publisher":"https:\/\/www.facebook.com\/Ulkomaanapu\/","article_modified_time":"2019-03-06T14:24:34+00:00","og_image":[{"width":1519,"height":525,"url":"https:\/\/www.kirkonulkomaanapu.fi\/wp-content\/uploads\/2018\/11\/eritrea_gender.jpg","type":"image\/jpeg"}],"twitter_misc":{"Est. reading time":"2 minutes"},"schema":{"@context":"https:\/\/schema.org","@graph":[{"@type":"WebPage","@id":"https:\/\/www.fcakenya.co.ke\/en\/us\/donors\/international-donors\/europeaid\/promoting-gender-equality-in-eritrea-through-teacher-education\/","url":"https:\/\/www.fcakenya.co.ke\/en\/us\/donors\/international-donors\/europeaid\/promoting-gender-equality-in-eritrea-through-teacher-education\/","name":"Promoting Gender Equality in Eritrea through Teacher Education - FCA Finn Church Aid","isPartOf":{"@id":"https:\/\/www.kirkonulkomaanapu.fi\/#website"},"primaryImageOfPage":{"@id":"https:\/\/www.fcakenya.co.ke\/en\/us\/donors\/international-donors\/europeaid\/promoting-gender-equality-in-eritrea-through-teacher-education\/#primaryimage"},"image":{"@id":"https:\/\/www.fcakenya.co.ke\/en\/us\/donors\/international-donors\/europeaid\/promoting-gender-equality-in-eritrea-through-teacher-education\/#primaryimage"},"thumbnailUrl":"https:\/\/www.kirkonulkomaanapu.fi\/wp-content\/uploads\/2018\/11\/eritrea_gender.jpg","datePublished":"2018-11-12T13:15:19+00:00","dateModified":"2019-03-06T14:24:34+00:00","description":"By promoting gender equality in Eritrea through teacher education, Finn Church Aid contributes to a more inclusive and gender sensitive education system.","breadcrumb":{"@id":"https:\/\/www.fcakenya.co.ke\/en\/us\/donors\/international-donors\/europeaid\/promoting-gender-equality-in-eritrea-through-teacher-education\/#breadcrumb"},"inLanguage":"en-US","potentialAction":[{"@type":"ReadAction","target":["https:\/\/www.fcakenya.co.ke\/en\/us\/donors\/international-donors\/europeaid\/promoting-gender-equality-in-eritrea-through-teacher-education\/"]}]},{"@type":"ImageObject","inLanguage":"en-US","@id":"https:\/\/www.fcakenya.co.ke\/en\/us\/donors\/international-donors\/europeaid\/promoting-gender-equality-in-eritrea-through-teacher-education\/#primaryimage","url":"https:\/\/www.kirkonulkomaanapu.fi\/wp-content\/uploads\/2018\/11\/eritrea_gender.jpg","contentUrl":"https:\/\/www.kirkonulkomaanapu.fi\/wp-content\/uploads\/2018\/11\/eritrea_gender.jpg","width":1519,"height":525,"caption":"The teacher training institute in Eritrea plays a key role in ensuring forthcoming teachers will be equipped with tools, skills and attitudes that make them knowledgeable in gender issues in their future profession."},{"@type":"BreadcrumbList","@id":"https:\/\/www.fcakenya.co.ke\/en\/us\/donors\/international-donors\/europeaid\/promoting-gender-equality-in-eritrea-through-teacher-education\/#breadcrumb","itemListElement":[{"@type":"ListItem","position":1,"name":"Home","item":"https:\/\/www.kirkonulkomaanapu.fi\/en\/"},{"@type":"ListItem","position":2,"name":"About us","item":"https:\/\/www.kirkonulkomaanapu.fi\/en\/us\/"},{"@type":"ListItem","position":3,"name":"Donors","item":"https:\/\/www.fcakenya.co.ke\/?page_id=2816"},{"@type":"ListItem","position":4,"name":"International donors","item":"https:\/\/www.fcakenya.co.ke\/?page_id=2818"},{"@type":"ListItem","position":5,"name":"EUROPEAID","item":"https:\/\/www.kirkonulkomaanapu.fi\/en\/us\/donors\/international-donors\/europeaid\/"},{"@type":"ListItem","position":6,"name":"Promoting Gender Equality in Eritrea through Teacher Education"}]},{"@type":"WebSite","@id":"https:\/\/www.kirkonulkomaanapu.fi\/#website","url":"https:\/\/www.kirkonulkomaanapu.fi\/","name":"Kirkon Ulkomaanapu","description":"Suomen suurin kehitysyhteisty\u00f6j\u00e4rjest\u00f6","publisher":{"@id":"https:\/\/www.kirkonulkomaanapu.fi\/#organization"},"alternateName":"KUA","potentialAction":[{"@type":"SearchAction","target":{"@type":"EntryPoint","urlTemplate":"https:\/\/www.kirkonulkomaanapu.fi\/?s={search_term_string}"},"query-input":{"@type":"PropertyValueSpecification","valueRequired":true,"valueName":"search_term_string"}}],"inLanguage":"en-US"},{"@type":"Organization","@id":"https:\/\/www.kirkonulkomaanapu.fi\/#organization","name":"Kirkon Ulkomaanapu","alternateName":"KUA","url":"https:\/\/www.kirkonulkomaanapu.fi\/","logo":{"@type":"ImageObject","inLanguage":"en-US","@id":"https:\/\/www.kirkonulkomaanapu.fi\/#\/schema\/logo\/image\/","url":"https:\/\/www.kirkonulkomaanapu.fi\/wp-content\/uploads\/2026\/02\/Kirkon-ulkomaanapu-logo-1.png","contentUrl":"https:\/\/www.kirkonulkomaanapu.fi\/wp-content\/uploads\/2026\/02\/Kirkon-ulkomaanapu-logo-1.png","width":225,"height":225,"caption":"Kirkon Ulkomaanapu"},"image":{"@id":"https:\/\/www.kirkonulkomaanapu.fi\/#\/schema\/logo\/image\/"},"sameAs":["https:\/\/www.facebook.com\/Ulkomaanapu\/","https:\/\/www.youtube.com\/user\/kirkonulkomaanapu","https:\/\/instagram.com\/kirkon_ulkomaanapu\/","https:\/\/www.linkedin.com\/company\/finn-church-aid\/"]}]}},"_links":{"self":[{"href":"https:\/\/www.kirkonulkomaanapu.fi\/en\/wp-json\/wp\/v2\/pages\/90941","targetHints":{"allow":["GET"]}}],"collection":[{"href":"https:\/\/www.kirkonulkomaanapu.fi\/en\/wp-json\/wp\/v2\/pages"}],"about":[{"href":"https:\/\/www.kirkonulkomaanapu.fi\/en\/wp-json\/wp\/v2\/types\/page"}],"author":[{"embeddable":true,"href":"https:\/\/www.kirkonulkomaanapu.fi\/en\/wp-json\/wp\/v2\/users\/7"}],"replies":[{"embeddable":true,"href":"https:\/\/www.kirkonulkomaanapu.fi\/en\/wp-json\/wp\/v2\/comments?post=90941"}],"version-history":[{"count":4,"href":"https:\/\/www.kirkonulkomaanapu.fi\/en\/wp-json\/wp\/v2\/pages\/90941\/revisions"}],"predecessor-version":[{"id":92746,"href":"https:\/\/www.kirkonulkomaanapu.fi\/en\/wp-json\/wp\/v2\/pages\/90941\/revisions\/92746"}],"up":[{"embeddable":true,"href":"https:\/\/www.kirkonulkomaanapu.fi\/en\/wp-json\/wp\/v2\/pages\/6528"}],"wp:featuredmedia":[{"embeddable":true,"href":"https:\/\/www.kirkonulkomaanapu.fi\/en\/wp-json\/wp\/v2\/media\/90944"}],"wp:attachment":[{"href":"https:\/\/www.kirkonulkomaanapu.fi\/en\/wp-json\/wp\/v2\/media?parent=90941"}],"curies":[{"name":"wp","href":"https:\/\/api.w.org\/{rel}","templated":true}]}}