{"id":90419,"date":"2018-11-02T11:24:53","date_gmt":"2018-11-02T09:24:53","guid":{"rendered":"https:\/\/www.kirkonulkomaanapu.fi\/?page_id=90419"},"modified":"2018-11-02T11:24:53","modified_gmt":"2018-11-02T09:24:53","slug":"learning-the-language-of-participation-project-in-finland","status":"publish","type":"page","link":"https:\/\/www.kirkonulkomaanapu.fi\/en\/us\/donors\/international-donors\/eu-dg-home\/learning-the-language-of-participation-project-in-finland\/","title":{"rendered":"Learning the language of participation -project in Finland"},"content":{"rendered":"<p>The Learning the language of participation is the second phase of the Finnish Language Says Welcome language guide project. Currently the focus is set on the learning of the language needed for democratic and societal participation, targeting youth and parents with small children who are at the risk of marginalization. The project promotes integration of the asylum seekers who have been granted a residence permit and encourages their participation in the Finnish society by involving them in the implementation of the project. The project will cooperate with the target groups, stakeholders and partners and focuses on the interrelationship of language and participation. It is estimated to reach a total of 1300 refugees and migrants.<\/p>\n<p><img loading=\"lazy\" decoding=\"async\" class=\"alignright size-full wp-image-90420\" src=\"https:\/\/www.kirkonulkomaanapu.fi\/wp-content\/uploads\/2018\/11\/Turvapaikka_maahanmuutto_kotouttamisrahasto_logo.jpg\" alt=\"Kirkon Ulkomaanavun Suomen kieli sanoo tervetuloa -hanke auttaa maahanmuuttaneita oppimaan suomea.\" width=\"316\" height=\"174\" \/><\/p>\n<p>The objective of the project is to develop and disseminate appropriate innovative teaching materials that focus on the language of democracy and participation, and to promote the targeted migrants positive interaction and participation in the local community and groups by organizing events and activities in places that are easily accessible, making it easy to meet and have a dialogue with locals in Finland. The project will cooperate with parishes, educational institutions, municipalities and other relevant organizations. with the aim of raising their awareness of the target groups\u2019 needs, making available appropriate language teaching resources, and to increase the visibility of FCA domestic work with refugees and other vulnerable groups. The steering committee consists of TwB, City of Helsinki Education Division and Culture and Leisure Sector, City of Vantaa Immigrant Services, FCA\u00b4s Reach out -project and Church relations, Finnish Immigration Service, Let\u00b4s Read Together -network, Metropolia University of Applied Sciences, University of Helsinki and Uusimaa ELY Centre.<\/p>\n<p>The project\u2019s duration is 1 April 2018 \u2013\u00a0 31 March 2021. It is funded by EU Home Affairs Fund (Asylum, Migration and Integration Fund AMIF). Total project budget is 189 000 \u20ac, of which EU funding is 75% and FCA co-funding 25%.<\/p>\n<p>&nbsp;<\/p>\n","protected":false},"excerpt":{"rendered":"<p>The Learning the language of participation is the second phase of the Finnish Language Says Welcome language guide project. Currently the focus is set on the learning of the language needed for democratic and societal participation, targeting youth and parents with small children who are at the risk of marginalization. The project promotes integration of [&hellip;]<\/p>\n","protected":false},"author":137,"featured_media":0,"parent":79519,"menu_order":0,"comment_status":"closed","ping_status":"closed","template":"page-templates\/project.php","meta":{"_acf_changed":false,"_relevanssi_hide_post":"","_relevanssi_hide_content":"","_relevanssi_pin_for_all":"","_relevanssi_pin_keywords":"","_relevanssi_unpin_keywords":"","_relevanssi_related_keywords":"","_relevanssi_related_include_ids":"","_relevanssi_related_exclude_ids":"","_relevanssi_related_no_append":"","_relevanssi_related_not_related":"","_relevanssi_related_posts":"","_relevanssi_noindex_reason":"","_improvement_type_select":"improve_an_existing","_thumb_yes_seoaic":false,"_frame_yes_seoaic":false,"seoaic_generate_description":"","seoaic_improve_instructions_prompt":"","seoaic_rollback_content_improvement":"","seoaic_idea_thumbnail_generator":"","thumbnail_generated":false,"thumbnail_generate_prompt":"","seoaic_article_description":"","footnotes":""},"class_list":["post-90419","page","type-page","status-publish","hentry"],"acf":[],"yoast_head":"<!-- This site is optimized with the Yoast SEO plugin v26.9 - https:\/\/yoast.com\/product\/yoast-seo-wordpress\/ -->\n<title>Learning the language of participation -project in Finland - FCA Finn Church Aid<\/title>\n<meta name=\"robots\" content=\"index, follow, max-snippet:-1, max-image-preview:large, max-video-preview:-1\" \/>\n<link rel=\"canonical\" href=\"https:\/\/www.fcakenya.co.ke\/en\/us\/donors\/international-donors\/eu-dg-home\/learning-the-language-of-participation-project-in-finland\/\" \/>\n<meta property=\"og:locale\" content=\"en_US\" \/>\n<meta property=\"og:type\" content=\"article\" \/>\n<meta property=\"og:title\" content=\"Learning the language of participation -project in Finland - FCA Finn Church Aid\" \/>\n<meta property=\"og:description\" content=\"The Learning the language of participation is the second phase of the Finnish Language Says Welcome language guide project. Currently the focus is set on the learning of the language needed for democratic and societal participation, targeting youth and parents with small children who are at the risk of marginalization. The project promotes integration of [&hellip;]\" \/>\n<meta property=\"og:url\" content=\"https:\/\/www.fcakenya.co.ke\/en\/us\/donors\/international-donors\/eu-dg-home\/learning-the-language-of-participation-project-in-finland\/\" \/>\n<meta property=\"og:site_name\" content=\"FCA Finn Church Aid\" \/>\n<meta property=\"article:publisher\" content=\"https:\/\/www.facebook.com\/Ulkomaanapu\/\" \/>\n<meta property=\"og:image\" content=\"https:\/\/www.kirkonulkomaanapu.fi\/wp-content\/uploads\/2018\/11\/Turvapaikka_maahanmuutto_kotouttamisrahasto_logo.jpg\" \/>\n<meta name=\"twitter:label1\" content=\"Est. reading time\" \/>\n\t<meta name=\"twitter:data1\" content=\"2 minutes\" \/>\n<script type=\"application\/ld+json\" class=\"yoast-schema-graph\">{\"@context\":\"https:\/\/schema.org\",\"@graph\":[{\"@type\":\"WebPage\",\"@id\":\"https:\/\/www.fcakenya.co.ke\/en\/us\/donors\/international-donors\/eu-dg-home\/learning-the-language-of-participation-project-in-finland\/\",\"url\":\"https:\/\/www.fcakenya.co.ke\/en\/us\/donors\/international-donors\/eu-dg-home\/learning-the-language-of-participation-project-in-finland\/\",\"name\":\"Learning the language of participation -project in Finland - FCA Finn Church Aid\",\"isPartOf\":{\"@id\":\"https:\/\/www.kirkonulkomaanapu.fi\/#website\"},\"primaryImageOfPage\":{\"@id\":\"https:\/\/www.fcakenya.co.ke\/en\/us\/donors\/international-donors\/eu-dg-home\/learning-the-language-of-participation-project-in-finland\/#primaryimage\"},\"image\":{\"@id\":\"https:\/\/www.fcakenya.co.ke\/en\/us\/donors\/international-donors\/eu-dg-home\/learning-the-language-of-participation-project-in-finland\/#primaryimage\"},\"thumbnailUrl\":\"https:\/\/www.kirkonulkomaanapu.fi\/wp-content\/uploads\/2018\/11\/Turvapaikka_maahanmuutto_kotouttamisrahasto_logo.jpg\",\"datePublished\":\"2018-11-02T09:24:53+00:00\",\"breadcrumb\":{\"@id\":\"https:\/\/www.fcakenya.co.ke\/en\/us\/donors\/international-donors\/eu-dg-home\/learning-the-language-of-participation-project-in-finland\/#breadcrumb\"},\"inLanguage\":\"en-US\",\"potentialAction\":[{\"@type\":\"ReadAction\",\"target\":[\"https:\/\/www.fcakenya.co.ke\/en\/us\/donors\/international-donors\/eu-dg-home\/learning-the-language-of-participation-project-in-finland\/\"]}]},{\"@type\":\"ImageObject\",\"inLanguage\":\"en-US\",\"@id\":\"https:\/\/www.fcakenya.co.ke\/en\/us\/donors\/international-donors\/eu-dg-home\/learning-the-language-of-participation-project-in-finland\/#primaryimage\",\"url\":\"https:\/\/www.kirkonulkomaanapu.fi\/wp-content\/uploads\/2018\/11\/Turvapaikka_maahanmuutto_kotouttamisrahasto_logo.jpg\",\"contentUrl\":\"https:\/\/www.kirkonulkomaanapu.fi\/wp-content\/uploads\/2018\/11\/Turvapaikka_maahanmuutto_kotouttamisrahasto_logo.jpg\"},{\"@type\":\"BreadcrumbList\",\"@id\":\"https:\/\/www.fcakenya.co.ke\/en\/us\/donors\/international-donors\/eu-dg-home\/learning-the-language-of-participation-project-in-finland\/#breadcrumb\",\"itemListElement\":[{\"@type\":\"ListItem\",\"position\":1,\"name\":\"Home\",\"item\":\"https:\/\/www.kirkonulkomaanapu.fi\/en\/\"},{\"@type\":\"ListItem\",\"position\":2,\"name\":\"About us\",\"item\":\"https:\/\/www.kirkonulkomaanapu.fi\/en\/us\/\"},{\"@type\":\"ListItem\",\"position\":3,\"name\":\"Donors\",\"item\":\"https:\/\/www.fcakenya.co.ke\/?page_id=2816\"},{\"@type\":\"ListItem\",\"position\":4,\"name\":\"International donors\",\"item\":\"https:\/\/www.fcakenya.co.ke\/?page_id=2818\"},{\"@type\":\"ListItem\",\"position\":5,\"name\":\"EU DG HOME\",\"item\":\"https:\/\/www.kirkonulkomaanapu.fi\/en\/us\/donors\/international-donors\/eu-dg-home\/\"},{\"@type\":\"ListItem\",\"position\":6,\"name\":\"Learning the language of participation -project in Finland\"}]},{\"@type\":\"WebSite\",\"@id\":\"https:\/\/www.kirkonulkomaanapu.fi\/#website\",\"url\":\"https:\/\/www.kirkonulkomaanapu.fi\/\",\"name\":\"Kirkon Ulkomaanapu\",\"description\":\"Suomen suurin kehitysyhteisty\u00f6j\u00e4rjest\u00f6\",\"publisher\":{\"@id\":\"https:\/\/www.kirkonulkomaanapu.fi\/#organization\"},\"alternateName\":\"KUA\",\"potentialAction\":[{\"@type\":\"SearchAction\",\"target\":{\"@type\":\"EntryPoint\",\"urlTemplate\":\"https:\/\/www.kirkonulkomaanapu.fi\/?s={search_term_string}\"},\"query-input\":{\"@type\":\"PropertyValueSpecification\",\"valueRequired\":true,\"valueName\":\"search_term_string\"}}],\"inLanguage\":\"en-US\"},{\"@type\":\"Organization\",\"@id\":\"https:\/\/www.kirkonulkomaanapu.fi\/#organization\",\"name\":\"Kirkon Ulkomaanapu\",\"alternateName\":\"KUA\",\"url\":\"https:\/\/www.kirkonulkomaanapu.fi\/\",\"logo\":{\"@type\":\"ImageObject\",\"inLanguage\":\"en-US\",\"@id\":\"https:\/\/www.kirkonulkomaanapu.fi\/#\/schema\/logo\/image\/\",\"url\":\"https:\/\/www.kirkonulkomaanapu.fi\/wp-content\/uploads\/2026\/02\/Kirkon-ulkomaanapu-logo-1.png\",\"contentUrl\":\"https:\/\/www.kirkonulkomaanapu.fi\/wp-content\/uploads\/2026\/02\/Kirkon-ulkomaanapu-logo-1.png\",\"width\":225,\"height\":225,\"caption\":\"Kirkon Ulkomaanapu\"},\"image\":{\"@id\":\"https:\/\/www.kirkonulkomaanapu.fi\/#\/schema\/logo\/image\/\"},\"sameAs\":[\"https:\/\/www.facebook.com\/Ulkomaanapu\/\",\"https:\/\/www.youtube.com\/user\/kirkonulkomaanapu\",\"https:\/\/instagram.com\/kirkon_ulkomaanapu\/\",\"https:\/\/www.linkedin.com\/company\/finn-church-aid\/\"]}]}<\/script>\n<!-- \/ Yoast SEO plugin. -->","yoast_head_json":{"title":"Learning the language of participation -project in Finland - FCA Finn Church Aid","robots":{"index":"index","follow":"follow","max-snippet":"max-snippet:-1","max-image-preview":"max-image-preview:large","max-video-preview":"max-video-preview:-1"},"canonical":"https:\/\/www.fcakenya.co.ke\/en\/us\/donors\/international-donors\/eu-dg-home\/learning-the-language-of-participation-project-in-finland\/","og_locale":"en_US","og_type":"article","og_title":"Learning the language of participation -project in Finland - FCA Finn Church Aid","og_description":"The Learning the language of participation is the second phase of the Finnish Language Says Welcome language guide project. Currently the focus is set on the learning of the language needed for democratic and societal participation, targeting youth and parents with small children who are at the risk of marginalization. The project promotes integration of [&hellip;]","og_url":"https:\/\/www.fcakenya.co.ke\/en\/us\/donors\/international-donors\/eu-dg-home\/learning-the-language-of-participation-project-in-finland\/","og_site_name":"FCA Finn Church Aid","article_publisher":"https:\/\/www.facebook.com\/Ulkomaanapu\/","og_image":[{"url":"https:\/\/www.kirkonulkomaanapu.fi\/wp-content\/uploads\/2018\/11\/Turvapaikka_maahanmuutto_kotouttamisrahasto_logo.jpg","type":"","width":"","height":""}],"twitter_misc":{"Est. reading time":"2 minutes"},"schema":{"@context":"https:\/\/schema.org","@graph":[{"@type":"WebPage","@id":"https:\/\/www.fcakenya.co.ke\/en\/us\/donors\/international-donors\/eu-dg-home\/learning-the-language-of-participation-project-in-finland\/","url":"https:\/\/www.fcakenya.co.ke\/en\/us\/donors\/international-donors\/eu-dg-home\/learning-the-language-of-participation-project-in-finland\/","name":"Learning the language of participation -project in Finland - FCA Finn Church Aid","isPartOf":{"@id":"https:\/\/www.kirkonulkomaanapu.fi\/#website"},"primaryImageOfPage":{"@id":"https:\/\/www.fcakenya.co.ke\/en\/us\/donors\/international-donors\/eu-dg-home\/learning-the-language-of-participation-project-in-finland\/#primaryimage"},"image":{"@id":"https:\/\/www.fcakenya.co.ke\/en\/us\/donors\/international-donors\/eu-dg-home\/learning-the-language-of-participation-project-in-finland\/#primaryimage"},"thumbnailUrl":"https:\/\/www.kirkonulkomaanapu.fi\/wp-content\/uploads\/2018\/11\/Turvapaikka_maahanmuutto_kotouttamisrahasto_logo.jpg","datePublished":"2018-11-02T09:24:53+00:00","breadcrumb":{"@id":"https:\/\/www.fcakenya.co.ke\/en\/us\/donors\/international-donors\/eu-dg-home\/learning-the-language-of-participation-project-in-finland\/#breadcrumb"},"inLanguage":"en-US","potentialAction":[{"@type":"ReadAction","target":["https:\/\/www.fcakenya.co.ke\/en\/us\/donors\/international-donors\/eu-dg-home\/learning-the-language-of-participation-project-in-finland\/"]}]},{"@type":"ImageObject","inLanguage":"en-US","@id":"https:\/\/www.fcakenya.co.ke\/en\/us\/donors\/international-donors\/eu-dg-home\/learning-the-language-of-participation-project-in-finland\/#primaryimage","url":"https:\/\/www.kirkonulkomaanapu.fi\/wp-content\/uploads\/2018\/11\/Turvapaikka_maahanmuutto_kotouttamisrahasto_logo.jpg","contentUrl":"https:\/\/www.kirkonulkomaanapu.fi\/wp-content\/uploads\/2018\/11\/Turvapaikka_maahanmuutto_kotouttamisrahasto_logo.jpg"},{"@type":"BreadcrumbList","@id":"https:\/\/www.fcakenya.co.ke\/en\/us\/donors\/international-donors\/eu-dg-home\/learning-the-language-of-participation-project-in-finland\/#breadcrumb","itemListElement":[{"@type":"ListItem","position":1,"name":"Home","item":"https:\/\/www.kirkonulkomaanapu.fi\/en\/"},{"@type":"ListItem","position":2,"name":"About us","item":"https:\/\/www.kirkonulkomaanapu.fi\/en\/us\/"},{"@type":"ListItem","position":3,"name":"Donors","item":"https:\/\/www.fcakenya.co.ke\/?page_id=2816"},{"@type":"ListItem","position":4,"name":"International donors","item":"https:\/\/www.fcakenya.co.ke\/?page_id=2818"},{"@type":"ListItem","position":5,"name":"EU DG HOME","item":"https:\/\/www.kirkonulkomaanapu.fi\/en\/us\/donors\/international-donors\/eu-dg-home\/"},{"@type":"ListItem","position":6,"name":"Learning the language of participation -project in Finland"}]},{"@type":"WebSite","@id":"https:\/\/www.kirkonulkomaanapu.fi\/#website","url":"https:\/\/www.kirkonulkomaanapu.fi\/","name":"Kirkon Ulkomaanapu","description":"Suomen suurin kehitysyhteisty\u00f6j\u00e4rjest\u00f6","publisher":{"@id":"https:\/\/www.kirkonulkomaanapu.fi\/#organization"},"alternateName":"KUA","potentialAction":[{"@type":"SearchAction","target":{"@type":"EntryPoint","urlTemplate":"https:\/\/www.kirkonulkomaanapu.fi\/?s={search_term_string}"},"query-input":{"@type":"PropertyValueSpecification","valueRequired":true,"valueName":"search_term_string"}}],"inLanguage":"en-US"},{"@type":"Organization","@id":"https:\/\/www.kirkonulkomaanapu.fi\/#organization","name":"Kirkon Ulkomaanapu","alternateName":"KUA","url":"https:\/\/www.kirkonulkomaanapu.fi\/","logo":{"@type":"ImageObject","inLanguage":"en-US","@id":"https:\/\/www.kirkonulkomaanapu.fi\/#\/schema\/logo\/image\/","url":"https:\/\/www.kirkonulkomaanapu.fi\/wp-content\/uploads\/2026\/02\/Kirkon-ulkomaanapu-logo-1.png","contentUrl":"https:\/\/www.kirkonulkomaanapu.fi\/wp-content\/uploads\/2026\/02\/Kirkon-ulkomaanapu-logo-1.png","width":225,"height":225,"caption":"Kirkon Ulkomaanapu"},"image":{"@id":"https:\/\/www.kirkonulkomaanapu.fi\/#\/schema\/logo\/image\/"},"sameAs":["https:\/\/www.facebook.com\/Ulkomaanapu\/","https:\/\/www.youtube.com\/user\/kirkonulkomaanapu","https:\/\/instagram.com\/kirkon_ulkomaanapu\/","https:\/\/www.linkedin.com\/company\/finn-church-aid\/"]}]}},"_links":{"self":[{"href":"https:\/\/www.kirkonulkomaanapu.fi\/en\/wp-json\/wp\/v2\/pages\/90419","targetHints":{"allow":["GET"]}}],"collection":[{"href":"https:\/\/www.kirkonulkomaanapu.fi\/en\/wp-json\/wp\/v2\/pages"}],"about":[{"href":"https:\/\/www.kirkonulkomaanapu.fi\/en\/wp-json\/wp\/v2\/types\/page"}],"author":[{"embeddable":true,"href":"https:\/\/www.kirkonulkomaanapu.fi\/en\/wp-json\/wp\/v2\/users\/137"}],"replies":[{"embeddable":true,"href":"https:\/\/www.kirkonulkomaanapu.fi\/en\/wp-json\/wp\/v2\/comments?post=90419"}],"version-history":[{"count":1,"href":"https:\/\/www.kirkonulkomaanapu.fi\/en\/wp-json\/wp\/v2\/pages\/90419\/revisions"}],"predecessor-version":[{"id":90423,"href":"https:\/\/www.kirkonulkomaanapu.fi\/en\/wp-json\/wp\/v2\/pages\/90419\/revisions\/90423"}],"up":[{"embeddable":true,"href":"https:\/\/www.kirkonulkomaanapu.fi\/en\/wp-json\/wp\/v2\/pages\/79519"}],"wp:attachment":[{"href":"https:\/\/www.kirkonulkomaanapu.fi\/en\/wp-json\/wp\/v2\/media?parent=90419"}],"curies":[{"name":"wp","href":"https:\/\/api.w.org\/{rel}","templated":true}]}}