{"id":87981,"date":"2018-07-03T16:05:20","date_gmt":"2018-07-03T13:05:20","guid":{"rendered":"https:\/\/www.kirkonulkomaanapu.fi\/eappi\/"},"modified":"2018-11-08T14:06:20","modified_gmt":"2018-11-08T12:06:20","slug":"eappi","status":"publish","type":"page","link":"https:\/\/www.kirkonulkomaanapu.fi\/en\/us\/annual-report-2017\/eappi\/","title":{"rendered":"EAPPI"},"content":{"rendered":"<p class=\"lead\">The Ecumenical Accompaniment Programme in Palestine and Israel (EAPPI) is an ecumenical initiative that supports local and international efforts to end the Israeli occupation and bring a resolution to the Israeli-Palestinian conflict based on international law and United Nations resolutions.<\/p>\n<p>In 2017, FCA deployed 12 Ecumenical Accompaniers to the Occupied Palestinian Territories with support from the MFA. Out of the 21 countries that participate in the EAPPI programme, Finland is one of the largest contributors. FCA also provided direct coordination support to World Council of Churches.<\/p>\n<p>The volunteers are deployed in the West Bank, where they offer protective presence to vulnerable communities and monitor compliance with international humanitarian law and human rights in the Occupied Palestinian Territories.<\/p>\n<p>Following their deployment period, the volunteers participate in advocacy work mainly in Finland. They advocate for civilian protection and policy change, affirming the respect for human rights and international humanitarian law and urging the international community to actively promote a just peace for both Israelis and Palestinians.<\/p>\n<p>Due to the continued increase in house demolitions in the West Bank, the EAPPI programme put extra effort both in the field and in advocacy work on demolitions.<\/p>\n<p>EAPPI programme continued to improve its visibility and strategic advocacy outputs in social media and regular media, in addition to professional deployment management and monitoring work on the ground.<\/p>\n<p>The main campaign for 2017, Glimpses of Hope &#8211; Life under Occupation, was arranged in November 2017. The 4-day events were arranged in Helsinki, Turku and Tampere with the main speakers from the Israeli-Palestine NGO Combatants for Peace. The Facebook-campaign linked to the events reached a total of 14,981 viewers.<\/p>\n","protected":false},"excerpt":{"rendered":"<p>The Ecumenical Accompaniment Programme in Palestine and Israel (EAPPI) is an ecumenical initiative that supports local and international efforts to end the Israeli occupation and bring a resolution to the Israeli-Palestinian conflict based on international law and United Nations resolutions. In 2017, FCA deployed 12 Ecumenical Accompaniers to the Occupied Palestinian Territories with support from [&hellip;]<\/p>\n","protected":false},"author":137,"featured_media":90634,"parent":87740,"menu_order":1,"comment_status":"closed","ping_status":"closed","template":"page-templates\/osallistu.php","meta":{"_acf_changed":false,"_relevanssi_hide_post":"","_relevanssi_hide_content":"","_relevanssi_pin_for_all":"","_relevanssi_pin_keywords":"","_relevanssi_unpin_keywords":"","_relevanssi_related_keywords":"","_relevanssi_related_include_ids":"","_relevanssi_related_exclude_ids":"","_relevanssi_related_no_append":"","_relevanssi_related_not_related":"","_relevanssi_related_posts":"","_relevanssi_noindex_reason":"","_improvement_type_select":"improve_an_existing","_thumb_yes_seoaic":false,"_frame_yes_seoaic":false,"seoaic_generate_description":"","seoaic_improve_instructions_prompt":"","seoaic_rollback_content_improvement":"","seoaic_idea_thumbnail_generator":"","thumbnail_generated":false,"thumbnail_generate_prompt":"","seoaic_article_description":"","footnotes":""},"class_list":["post-87981","page","type-page","status-publish","has-post-thumbnail","hentry"],"acf":[],"yoast_head":"<!-- This site is optimized with the Yoast SEO plugin v26.9 - https:\/\/yoast.com\/product\/yoast-seo-wordpress\/ -->\n<title>EAPPI - FCA Finn Church Aid<\/title>\n<meta name=\"robots\" content=\"index, follow, max-snippet:-1, max-image-preview:large, max-video-preview:-1\" \/>\n<link rel=\"canonical\" href=\"https:\/\/www.kirkonulkomaanapu.fi\/en\/us\/annual-report-2017\/eappi\/\" \/>\n<meta property=\"og:locale\" content=\"en_US\" \/>\n<meta property=\"og:type\" content=\"article\" \/>\n<meta property=\"og:title\" content=\"EAPPI - FCA Finn Church Aid\" \/>\n<meta property=\"og:description\" content=\"The Ecumenical Accompaniment Programme in Palestine and Israel (EAPPI) is an ecumenical initiative that supports local and international efforts to end the Israeli occupation and bring a resolution to the Israeli-Palestinian conflict based on international law and United Nations resolutions. In 2017, FCA deployed 12 Ecumenical Accompaniers to the Occupied Palestinian Territories with support from [&hellip;]\" \/>\n<meta property=\"og:url\" content=\"https:\/\/www.kirkonulkomaanapu.fi\/en\/us\/annual-report-2017\/eappi\/\" \/>\n<meta property=\"og:site_name\" content=\"FCA Finn Church Aid\" \/>\n<meta property=\"article:publisher\" content=\"https:\/\/www.facebook.com\/Ulkomaanapu\/\" \/>\n<meta property=\"article:modified_time\" content=\"2018-11-08T12:06:20+00:00\" \/>\n<meta property=\"og:image\" content=\"https:\/\/www.kirkonulkomaanapu.fi\/wp-content\/uploads\/2018\/11\/Osallistu_eappi.jpg\" \/>\n\t<meta property=\"og:image:width\" content=\"2048\" \/>\n\t<meta property=\"og:image:height\" content=\"840\" \/>\n\t<meta property=\"og:image:type\" content=\"image\/jpeg\" \/>\n<meta name=\"twitter:label1\" content=\"Est. reading time\" \/>\n\t<meta name=\"twitter:data1\" content=\"1 minute\" \/>\n<script type=\"application\/ld+json\" class=\"yoast-schema-graph\">{\"@context\":\"https:\/\/schema.org\",\"@graph\":[{\"@type\":\"WebPage\",\"@id\":\"https:\/\/www.kirkonulkomaanapu.fi\/en\/us\/annual-report-2017\/eappi\/\",\"url\":\"https:\/\/www.kirkonulkomaanapu.fi\/en\/us\/annual-report-2017\/eappi\/\",\"name\":\"EAPPI - FCA Finn Church Aid\",\"isPartOf\":{\"@id\":\"https:\/\/www.kirkonulkomaanapu.fi\/#website\"},\"primaryImageOfPage\":{\"@id\":\"https:\/\/www.kirkonulkomaanapu.fi\/en\/us\/annual-report-2017\/eappi\/#primaryimage\"},\"image\":{\"@id\":\"https:\/\/www.kirkonulkomaanapu.fi\/en\/us\/annual-report-2017\/eappi\/#primaryimage\"},\"thumbnailUrl\":\"https:\/\/www.kirkonulkomaanapu.fi\/wp-content\/uploads\/2018\/11\/Osallistu_eappi.jpg\",\"datePublished\":\"2018-07-03T13:05:20+00:00\",\"dateModified\":\"2018-11-08T12:06:20+00:00\",\"breadcrumb\":{\"@id\":\"https:\/\/www.kirkonulkomaanapu.fi\/en\/us\/annual-report-2017\/eappi\/#breadcrumb\"},\"inLanguage\":\"en-US\",\"potentialAction\":[{\"@type\":\"ReadAction\",\"target\":[\"https:\/\/www.kirkonulkomaanapu.fi\/en\/us\/annual-report-2017\/eappi\/\"]}]},{\"@type\":\"ImageObject\",\"inLanguage\":\"en-US\",\"@id\":\"https:\/\/www.kirkonulkomaanapu.fi\/en\/us\/annual-report-2017\/eappi\/#primaryimage\",\"url\":\"https:\/\/www.kirkonulkomaanapu.fi\/wp-content\/uploads\/2018\/11\/Osallistu_eappi.jpg\",\"contentUrl\":\"https:\/\/www.kirkonulkomaanapu.fi\/wp-content\/uploads\/2018\/11\/Osallistu_eappi.jpg\",\"width\":2048,\"height\":840,\"caption\":\"Kaksi EAPPI-liiveihin pukeutunutta henkil\u00f6\u00e4 katsoo nurmella sy\u00f6vi\u00e4 lampaita.\"},{\"@type\":\"BreadcrumbList\",\"@id\":\"https:\/\/www.kirkonulkomaanapu.fi\/en\/us\/annual-report-2017\/eappi\/#breadcrumb\",\"itemListElement\":[{\"@type\":\"ListItem\",\"position\":1,\"name\":\"Home\",\"item\":\"https:\/\/www.kirkonulkomaanapu.fi\/en\/\"},{\"@type\":\"ListItem\",\"position\":2,\"name\":\"About us\",\"item\":\"https:\/\/www.kirkonulkomaanapu.fi\/en\/us\/\"},{\"@type\":\"ListItem\",\"position\":3,\"name\":\"Annual Report 2017\",\"item\":\"https:\/\/www.kirkonulkomaanapu.fi\/en\/us\/annual-report-2017\/\"},{\"@type\":\"ListItem\",\"position\":4,\"name\":\"EAPPI\"}]},{\"@type\":\"WebSite\",\"@id\":\"https:\/\/www.kirkonulkomaanapu.fi\/#website\",\"url\":\"https:\/\/www.kirkonulkomaanapu.fi\/\",\"name\":\"Kirkon Ulkomaanapu\",\"description\":\"Suomen suurin kehitysyhteisty\u00f6j\u00e4rjest\u00f6\",\"publisher\":{\"@id\":\"https:\/\/www.kirkonulkomaanapu.fi\/#organization\"},\"alternateName\":\"KUA\",\"potentialAction\":[{\"@type\":\"SearchAction\",\"target\":{\"@type\":\"EntryPoint\",\"urlTemplate\":\"https:\/\/www.kirkonulkomaanapu.fi\/?s={search_term_string}\"},\"query-input\":{\"@type\":\"PropertyValueSpecification\",\"valueRequired\":true,\"valueName\":\"search_term_string\"}}],\"inLanguage\":\"en-US\"},{\"@type\":\"Organization\",\"@id\":\"https:\/\/www.kirkonulkomaanapu.fi\/#organization\",\"name\":\"Kirkon Ulkomaanapu\",\"alternateName\":\"KUA\",\"url\":\"https:\/\/www.kirkonulkomaanapu.fi\/\",\"logo\":{\"@type\":\"ImageObject\",\"inLanguage\":\"en-US\",\"@id\":\"https:\/\/www.kirkonulkomaanapu.fi\/#\/schema\/logo\/image\/\",\"url\":\"https:\/\/www.kirkonulkomaanapu.fi\/wp-content\/uploads\/2026\/02\/Kirkon-ulkomaanapu-logo-1.png\",\"contentUrl\":\"https:\/\/www.kirkonulkomaanapu.fi\/wp-content\/uploads\/2026\/02\/Kirkon-ulkomaanapu-logo-1.png\",\"width\":225,\"height\":225,\"caption\":\"Kirkon Ulkomaanapu\"},\"image\":{\"@id\":\"https:\/\/www.kirkonulkomaanapu.fi\/#\/schema\/logo\/image\/\"},\"sameAs\":[\"https:\/\/www.facebook.com\/Ulkomaanapu\/\",\"https:\/\/www.youtube.com\/user\/kirkonulkomaanapu\",\"https:\/\/instagram.com\/kirkon_ulkomaanapu\/\",\"https:\/\/www.linkedin.com\/company\/finn-church-aid\/\"]}]}<\/script>\n<!-- \/ Yoast SEO plugin. -->","yoast_head_json":{"title":"EAPPI - FCA Finn Church Aid","robots":{"index":"index","follow":"follow","max-snippet":"max-snippet:-1","max-image-preview":"max-image-preview:large","max-video-preview":"max-video-preview:-1"},"canonical":"https:\/\/www.kirkonulkomaanapu.fi\/en\/us\/annual-report-2017\/eappi\/","og_locale":"en_US","og_type":"article","og_title":"EAPPI - FCA Finn Church Aid","og_description":"The Ecumenical Accompaniment Programme in Palestine and Israel (EAPPI) is an ecumenical initiative that supports local and international efforts to end the Israeli occupation and bring a resolution to the Israeli-Palestinian conflict based on international law and United Nations resolutions. In 2017, FCA deployed 12 Ecumenical Accompaniers to the Occupied Palestinian Territories with support from [&hellip;]","og_url":"https:\/\/www.kirkonulkomaanapu.fi\/en\/us\/annual-report-2017\/eappi\/","og_site_name":"FCA Finn Church Aid","article_publisher":"https:\/\/www.facebook.com\/Ulkomaanapu\/","article_modified_time":"2018-11-08T12:06:20+00:00","og_image":[{"width":2048,"height":840,"url":"https:\/\/www.kirkonulkomaanapu.fi\/wp-content\/uploads\/2018\/11\/Osallistu_eappi.jpg","type":"image\/jpeg"}],"twitter_misc":{"Est. reading time":"1 minute"},"schema":{"@context":"https:\/\/schema.org","@graph":[{"@type":"WebPage","@id":"https:\/\/www.kirkonulkomaanapu.fi\/en\/us\/annual-report-2017\/eappi\/","url":"https:\/\/www.kirkonulkomaanapu.fi\/en\/us\/annual-report-2017\/eappi\/","name":"EAPPI - FCA Finn Church Aid","isPartOf":{"@id":"https:\/\/www.kirkonulkomaanapu.fi\/#website"},"primaryImageOfPage":{"@id":"https:\/\/www.kirkonulkomaanapu.fi\/en\/us\/annual-report-2017\/eappi\/#primaryimage"},"image":{"@id":"https:\/\/www.kirkonulkomaanapu.fi\/en\/us\/annual-report-2017\/eappi\/#primaryimage"},"thumbnailUrl":"https:\/\/www.kirkonulkomaanapu.fi\/wp-content\/uploads\/2018\/11\/Osallistu_eappi.jpg","datePublished":"2018-07-03T13:05:20+00:00","dateModified":"2018-11-08T12:06:20+00:00","breadcrumb":{"@id":"https:\/\/www.kirkonulkomaanapu.fi\/en\/us\/annual-report-2017\/eappi\/#breadcrumb"},"inLanguage":"en-US","potentialAction":[{"@type":"ReadAction","target":["https:\/\/www.kirkonulkomaanapu.fi\/en\/us\/annual-report-2017\/eappi\/"]}]},{"@type":"ImageObject","inLanguage":"en-US","@id":"https:\/\/www.kirkonulkomaanapu.fi\/en\/us\/annual-report-2017\/eappi\/#primaryimage","url":"https:\/\/www.kirkonulkomaanapu.fi\/wp-content\/uploads\/2018\/11\/Osallistu_eappi.jpg","contentUrl":"https:\/\/www.kirkonulkomaanapu.fi\/wp-content\/uploads\/2018\/11\/Osallistu_eappi.jpg","width":2048,"height":840,"caption":"Kaksi EAPPI-liiveihin pukeutunutta henkil\u00f6\u00e4 katsoo nurmella sy\u00f6vi\u00e4 lampaita."},{"@type":"BreadcrumbList","@id":"https:\/\/www.kirkonulkomaanapu.fi\/en\/us\/annual-report-2017\/eappi\/#breadcrumb","itemListElement":[{"@type":"ListItem","position":1,"name":"Home","item":"https:\/\/www.kirkonulkomaanapu.fi\/en\/"},{"@type":"ListItem","position":2,"name":"About us","item":"https:\/\/www.kirkonulkomaanapu.fi\/en\/us\/"},{"@type":"ListItem","position":3,"name":"Annual Report 2017","item":"https:\/\/www.kirkonulkomaanapu.fi\/en\/us\/annual-report-2017\/"},{"@type":"ListItem","position":4,"name":"EAPPI"}]},{"@type":"WebSite","@id":"https:\/\/www.kirkonulkomaanapu.fi\/#website","url":"https:\/\/www.kirkonulkomaanapu.fi\/","name":"Kirkon Ulkomaanapu","description":"Suomen suurin kehitysyhteisty\u00f6j\u00e4rjest\u00f6","publisher":{"@id":"https:\/\/www.kirkonulkomaanapu.fi\/#organization"},"alternateName":"KUA","potentialAction":[{"@type":"SearchAction","target":{"@type":"EntryPoint","urlTemplate":"https:\/\/www.kirkonulkomaanapu.fi\/?s={search_term_string}"},"query-input":{"@type":"PropertyValueSpecification","valueRequired":true,"valueName":"search_term_string"}}],"inLanguage":"en-US"},{"@type":"Organization","@id":"https:\/\/www.kirkonulkomaanapu.fi\/#organization","name":"Kirkon Ulkomaanapu","alternateName":"KUA","url":"https:\/\/www.kirkonulkomaanapu.fi\/","logo":{"@type":"ImageObject","inLanguage":"en-US","@id":"https:\/\/www.kirkonulkomaanapu.fi\/#\/schema\/logo\/image\/","url":"https:\/\/www.kirkonulkomaanapu.fi\/wp-content\/uploads\/2026\/02\/Kirkon-ulkomaanapu-logo-1.png","contentUrl":"https:\/\/www.kirkonulkomaanapu.fi\/wp-content\/uploads\/2026\/02\/Kirkon-ulkomaanapu-logo-1.png","width":225,"height":225,"caption":"Kirkon Ulkomaanapu"},"image":{"@id":"https:\/\/www.kirkonulkomaanapu.fi\/#\/schema\/logo\/image\/"},"sameAs":["https:\/\/www.facebook.com\/Ulkomaanapu\/","https:\/\/www.youtube.com\/user\/kirkonulkomaanapu","https:\/\/instagram.com\/kirkon_ulkomaanapu\/","https:\/\/www.linkedin.com\/company\/finn-church-aid\/"]}]}},"_links":{"self":[{"href":"https:\/\/www.kirkonulkomaanapu.fi\/en\/wp-json\/wp\/v2\/pages\/87981","targetHints":{"allow":["GET"]}}],"collection":[{"href":"https:\/\/www.kirkonulkomaanapu.fi\/en\/wp-json\/wp\/v2\/pages"}],"about":[{"href":"https:\/\/www.kirkonulkomaanapu.fi\/en\/wp-json\/wp\/v2\/types\/page"}],"author":[{"embeddable":true,"href":"https:\/\/www.kirkonulkomaanapu.fi\/en\/wp-json\/wp\/v2\/users\/137"}],"replies":[{"embeddable":true,"href":"https:\/\/www.kirkonulkomaanapu.fi\/en\/wp-json\/wp\/v2\/comments?post=87981"}],"version-history":[{"count":2,"href":"https:\/\/www.kirkonulkomaanapu.fi\/en\/wp-json\/wp\/v2\/pages\/87981\/revisions"}],"predecessor-version":[{"id":87983,"href":"https:\/\/www.kirkonulkomaanapu.fi\/en\/wp-json\/wp\/v2\/pages\/87981\/revisions\/87983"}],"up":[{"embeddable":true,"href":"https:\/\/www.kirkonulkomaanapu.fi\/en\/wp-json\/wp\/v2\/pages\/87740"}],"wp:featuredmedia":[{"embeddable":true,"href":"https:\/\/www.kirkonulkomaanapu.fi\/en\/wp-json\/wp\/v2\/media\/90634"}],"wp:attachment":[{"href":"https:\/\/www.kirkonulkomaanapu.fi\/en\/wp-json\/wp\/v2\/media?parent=87981"}],"curies":[{"name":"wp","href":"https:\/\/api.w.org\/{rel}","templated":true}]}}