{"id":87963,"date":"2018-07-04T14:14:20","date_gmt":"2018-07-04T11:14:20","guid":{"rendered":"https:\/\/www.kirkonulkomaanapu.fi\/pakolaiskysymykset-vaikuttamistoiminnan-painopisteessa\/"},"modified":"2018-11-08T14:06:53","modified_gmt":"2018-11-08T12:06:53","slug":"focus-on-refugees-in-advocacy","status":"publish","type":"page","link":"https:\/\/www.kirkonulkomaanapu.fi\/en\/us\/annual-report-2017\/focus-on-refugees-in-advocacy\/","title":{"rendered":"Focus on refugees in advocacy"},"content":{"rendered":"<p class=\"lead\">Finn Church Aid and its partners continued to deepen and expand their advocacy work in 2017 on global, national and local levels.<\/p>\n<p>In programme countries, FCA worked on over 140 advocacy initiatives, marking a notable increase in FCA\u2019s advocacy work and capacity. As a result, for example, 8,100 children re-enrolled in Kenyan schools, 600 cases of land rights disputes were solved in Cambodia and a declaration between warring communities on peaceful co-existence was signed in Boma State in South Sudan.<\/p>\n<p>FCA\u2019s main advocacy focus in Finland and on the global level was on refugee questions.<\/p>\n<p>Together with other Finnish NGOs, FCA organised a civil society event back-to-back with the international Syria donor conference in Helsinki, Finland. The event was successful in providing a place for the civil society representatives from the region to express their views and to convey them to the UN main event. The event attracted approximately 250 participants, exceeding the expectations of the organizers. It was the first time in the sequence of Syria donor conferences that a civil society event was organised and since that, the conferences have included a civil society day.<\/p>\n<p>FCA increased decision-makers\u2019 understanding on the realities of FCA\u2019s beneficiaries and the global refugee situation by hosting two groups of Finnish political party representatives, the Finnish Minister for Foreign Trade and Development and a delegation from Finnish Parishes to Jordan. FCA also hosted the Ugandan Refugee Commissioner\u2019s visit to Finland.<\/p>\n<p>FCA co-organised a study visit for the Finnish Minister of Employment to the US to learn about the best practices for integrating refugees and migrants, boosting their employment and preventing violent extremism, and to see if the same practices could be applied in Finland.<\/p>\n<p>In collaboration with other Finnish NGOs, FCA campaigned actively to increase Finland\u2019s refugee quota. As a result, the Minister of Interior agreed to increase the quota but did not manage to get the whole government behind the proposal.<\/p>\n<p>In addition, during 2017, FCA organised two side events, one on \u201cPromoting the Right to Quality Education in Eritrea through Partnerships\u201d during the UN Human Rights Council session and another on \u201cMissing middle in investments\u201d during the World Bank Spring meeting.<\/p>\n<p>FCA participated in the follow-up work of the UPR (Universal Periodic Review) recommendations concerning Uganda, South-Sudan and Myanmar, and took part in an advocacy event in connection with adoption sessions of the UPR reports on South Sudan and Uganda in Geneva and its related events in the programme countries.<\/p>\n<p>FCA provided over 40 written statements, participated in several hearings, spoke in numerous seminars and conferences, and was interviewed by the media on its key advocacy messages.<\/p>\n","protected":false},"excerpt":{"rendered":"<p>Finn Church Aid and its partners continued to deepen and expand their advocacy work in 2017 on global, national and local levels. In programme countries, FCA worked on over 140 advocacy initiatives, marking a notable increase in FCA\u2019s advocacy work and capacity. As a result, for example, 8,100 children re-enrolled in Kenyan schools, 600 cases [&hellip;]<\/p>\n","protected":false},"author":101,"featured_media":87614,"parent":87740,"menu_order":1,"comment_status":"closed","ping_status":"closed","template":"page-templates\/vuosikertomus.php","meta":{"_acf_changed":false,"_relevanssi_hide_post":"","_relevanssi_hide_content":"","_relevanssi_pin_for_all":"","_relevanssi_pin_keywords":"","_relevanssi_unpin_keywords":"","_relevanssi_related_keywords":"","_relevanssi_related_include_ids":"","_relevanssi_related_exclude_ids":"","_relevanssi_related_no_append":"","_relevanssi_related_not_related":"","_relevanssi_related_posts":"","_relevanssi_noindex_reason":"","_improvement_type_select":"improve_an_existing","_thumb_yes_seoaic":false,"_frame_yes_seoaic":false,"seoaic_generate_description":"","seoaic_improve_instructions_prompt":"","seoaic_rollback_content_improvement":"","seoaic_idea_thumbnail_generator":"","thumbnail_generated":false,"thumbnail_generate_prompt":"","seoaic_article_description":"","footnotes":""},"class_list":["post-87963","page","type-page","status-publish","has-post-thumbnail","hentry"],"acf":[],"yoast_head":"<!-- This site is optimized with the Yoast SEO plugin v26.9 - https:\/\/yoast.com\/product\/yoast-seo-wordpress\/ -->\n<title>Focus on refugees in advocacy - FCA Finn Church Aid<\/title>\n<meta name=\"robots\" content=\"index, follow, max-snippet:-1, max-image-preview:large, max-video-preview:-1\" \/>\n<link rel=\"canonical\" href=\"https:\/\/www.kirkonulkomaanapu.fi\/en\/us\/annual-report-2017\/focus-on-refugees-in-advocacy\/\" \/>\n<meta property=\"og:locale\" content=\"en_US\" \/>\n<meta property=\"og:type\" content=\"article\" \/>\n<meta property=\"og:title\" content=\"Focus on refugees in advocacy - FCA Finn Church Aid\" \/>\n<meta property=\"og:description\" content=\"Finn Church Aid and its partners continued to deepen and expand their advocacy work in 2017 on global, national and local levels. In programme countries, FCA worked on over 140 advocacy initiatives, marking a notable increase in FCA\u2019s advocacy work and capacity. As a result, for example, 8,100 children re-enrolled in Kenyan schools, 600 cases [&hellip;]\" \/>\n<meta property=\"og:url\" content=\"https:\/\/www.kirkonulkomaanapu.fi\/en\/us\/annual-report-2017\/focus-on-refugees-in-advocacy\/\" \/>\n<meta property=\"og:site_name\" content=\"FCA Finn Church Aid\" \/>\n<meta property=\"article:publisher\" content=\"https:\/\/www.facebook.com\/Ulkomaanapu\/\" \/>\n<meta property=\"article:modified_time\" content=\"2018-11-08T12:06:53+00:00\" \/>\n<meta property=\"og:image\" content=\"https:\/\/www.kirkonulkomaanapu.fi\/wp-content\/uploads\/2018\/07\/21_vaikuttaminen_FCA_YV2018_Uganda_School_106.jpg\" \/>\n\t<meta property=\"og:image:width\" content=\"1024\" \/>\n\t<meta property=\"og:image:height\" content=\"683\" \/>\n\t<meta property=\"og:image:type\" content=\"image\/jpeg\" \/>\n<meta name=\"twitter:label1\" content=\"Est. reading time\" \/>\n\t<meta name=\"twitter:data1\" content=\"2 minutes\" \/>\n<script type=\"application\/ld+json\" class=\"yoast-schema-graph\">{\"@context\":\"https:\/\/schema.org\",\"@graph\":[{\"@type\":\"WebPage\",\"@id\":\"https:\/\/www.kirkonulkomaanapu.fi\/en\/us\/annual-report-2017\/focus-on-refugees-in-advocacy\/\",\"url\":\"https:\/\/www.kirkonulkomaanapu.fi\/en\/us\/annual-report-2017\/focus-on-refugees-in-advocacy\/\",\"name\":\"Focus on refugees in advocacy - FCA Finn Church Aid\",\"isPartOf\":{\"@id\":\"https:\/\/www.kirkonulkomaanapu.fi\/#website\"},\"primaryImageOfPage\":{\"@id\":\"https:\/\/www.kirkonulkomaanapu.fi\/en\/us\/annual-report-2017\/focus-on-refugees-in-advocacy\/#primaryimage\"},\"image\":{\"@id\":\"https:\/\/www.kirkonulkomaanapu.fi\/en\/us\/annual-report-2017\/focus-on-refugees-in-advocacy\/#primaryimage\"},\"thumbnailUrl\":\"https:\/\/www.kirkonulkomaanapu.fi\/wp-content\/uploads\/2018\/07\/21_vaikuttaminen_FCA_YV2018_Uganda_School_106.jpg\",\"datePublished\":\"2018-07-04T11:14:20+00:00\",\"dateModified\":\"2018-11-08T12:06:53+00:00\",\"breadcrumb\":{\"@id\":\"https:\/\/www.kirkonulkomaanapu.fi\/en\/us\/annual-report-2017\/focus-on-refugees-in-advocacy\/#breadcrumb\"},\"inLanguage\":\"en-US\",\"potentialAction\":[{\"@type\":\"ReadAction\",\"target\":[\"https:\/\/www.kirkonulkomaanapu.fi\/en\/us\/annual-report-2017\/focus-on-refugees-in-advocacy\/\"]}]},{\"@type\":\"ImageObject\",\"inLanguage\":\"en-US\",\"@id\":\"https:\/\/www.kirkonulkomaanapu.fi\/en\/us\/annual-report-2017\/focus-on-refugees-in-advocacy\/#primaryimage\",\"url\":\"https:\/\/www.kirkonulkomaanapu.fi\/wp-content\/uploads\/2018\/07\/21_vaikuttaminen_FCA_YV2018_Uganda_School_106.jpg\",\"contentUrl\":\"https:\/\/www.kirkonulkomaanapu.fi\/wp-content\/uploads\/2018\/07\/21_vaikuttaminen_FCA_YV2018_Uganda_School_106.jpg\",\"width\":1024,\"height\":683,\"caption\":\"Yhteisvastuu \/ Common Responsibility Campaign 2018. Education is a priority. Many refugee chidren haven't been able to go to school since leaving their homes in South Sudan, so it's important to get them back to school quickly after their arrival in the refugee settlement. Finn Church Aid and EU Humanitarian Aid have constructed semi-permanent schools to accommodate the classes, and students are now moving into them from these temporary tent schools. Photo: Tatu Blomqvist \/ FInn Church Aid\"},{\"@type\":\"BreadcrumbList\",\"@id\":\"https:\/\/www.kirkonulkomaanapu.fi\/en\/us\/annual-report-2017\/focus-on-refugees-in-advocacy\/#breadcrumb\",\"itemListElement\":[{\"@type\":\"ListItem\",\"position\":1,\"name\":\"Home\",\"item\":\"https:\/\/www.kirkonulkomaanapu.fi\/en\/\"},{\"@type\":\"ListItem\",\"position\":2,\"name\":\"About us\",\"item\":\"https:\/\/www.kirkonulkomaanapu.fi\/en\/us\/\"},{\"@type\":\"ListItem\",\"position\":3,\"name\":\"Annual Report 2017\",\"item\":\"https:\/\/www.kirkonulkomaanapu.fi\/en\/us\/annual-report-2017\/\"},{\"@type\":\"ListItem\",\"position\":4,\"name\":\"Focus on refugees in advocacy\"}]},{\"@type\":\"WebSite\",\"@id\":\"https:\/\/www.kirkonulkomaanapu.fi\/#website\",\"url\":\"https:\/\/www.kirkonulkomaanapu.fi\/\",\"name\":\"Kirkon Ulkomaanapu\",\"description\":\"Suomen suurin kehitysyhteisty\u00f6j\u00e4rjest\u00f6\",\"publisher\":{\"@id\":\"https:\/\/www.kirkonulkomaanapu.fi\/#organization\"},\"alternateName\":\"KUA\",\"potentialAction\":[{\"@type\":\"SearchAction\",\"target\":{\"@type\":\"EntryPoint\",\"urlTemplate\":\"https:\/\/www.kirkonulkomaanapu.fi\/?s={search_term_string}\"},\"query-input\":{\"@type\":\"PropertyValueSpecification\",\"valueRequired\":true,\"valueName\":\"search_term_string\"}}],\"inLanguage\":\"en-US\"},{\"@type\":\"Organization\",\"@id\":\"https:\/\/www.kirkonulkomaanapu.fi\/#organization\",\"name\":\"Kirkon Ulkomaanapu\",\"alternateName\":\"KUA\",\"url\":\"https:\/\/www.kirkonulkomaanapu.fi\/\",\"logo\":{\"@type\":\"ImageObject\",\"inLanguage\":\"en-US\",\"@id\":\"https:\/\/www.kirkonulkomaanapu.fi\/#\/schema\/logo\/image\/\",\"url\":\"https:\/\/www.kirkonulkomaanapu.fi\/wp-content\/uploads\/2026\/02\/Kirkon-ulkomaanapu-logo-1.png\",\"contentUrl\":\"https:\/\/www.kirkonulkomaanapu.fi\/wp-content\/uploads\/2026\/02\/Kirkon-ulkomaanapu-logo-1.png\",\"width\":225,\"height\":225,\"caption\":\"Kirkon Ulkomaanapu\"},\"image\":{\"@id\":\"https:\/\/www.kirkonulkomaanapu.fi\/#\/schema\/logo\/image\/\"},\"sameAs\":[\"https:\/\/www.facebook.com\/Ulkomaanapu\/\",\"https:\/\/www.youtube.com\/user\/kirkonulkomaanapu\",\"https:\/\/instagram.com\/kirkon_ulkomaanapu\/\",\"https:\/\/www.linkedin.com\/company\/finn-church-aid\/\"]}]}<\/script>\n<!-- \/ Yoast SEO plugin. -->","yoast_head_json":{"title":"Focus on refugees in advocacy - FCA Finn Church Aid","robots":{"index":"index","follow":"follow","max-snippet":"max-snippet:-1","max-image-preview":"max-image-preview:large","max-video-preview":"max-video-preview:-1"},"canonical":"https:\/\/www.kirkonulkomaanapu.fi\/en\/us\/annual-report-2017\/focus-on-refugees-in-advocacy\/","og_locale":"en_US","og_type":"article","og_title":"Focus on refugees in advocacy - FCA Finn Church Aid","og_description":"Finn Church Aid and its partners continued to deepen and expand their advocacy work in 2017 on global, national and local levels. In programme countries, FCA worked on over 140 advocacy initiatives, marking a notable increase in FCA\u2019s advocacy work and capacity. As a result, for example, 8,100 children re-enrolled in Kenyan schools, 600 cases [&hellip;]","og_url":"https:\/\/www.kirkonulkomaanapu.fi\/en\/us\/annual-report-2017\/focus-on-refugees-in-advocacy\/","og_site_name":"FCA Finn Church Aid","article_publisher":"https:\/\/www.facebook.com\/Ulkomaanapu\/","article_modified_time":"2018-11-08T12:06:53+00:00","og_image":[{"width":1024,"height":683,"url":"https:\/\/www.kirkonulkomaanapu.fi\/wp-content\/uploads\/2018\/07\/21_vaikuttaminen_FCA_YV2018_Uganda_School_106.jpg","type":"image\/jpeg"}],"twitter_misc":{"Est. reading time":"2 minutes"},"schema":{"@context":"https:\/\/schema.org","@graph":[{"@type":"WebPage","@id":"https:\/\/www.kirkonulkomaanapu.fi\/en\/us\/annual-report-2017\/focus-on-refugees-in-advocacy\/","url":"https:\/\/www.kirkonulkomaanapu.fi\/en\/us\/annual-report-2017\/focus-on-refugees-in-advocacy\/","name":"Focus on refugees in advocacy - FCA Finn Church Aid","isPartOf":{"@id":"https:\/\/www.kirkonulkomaanapu.fi\/#website"},"primaryImageOfPage":{"@id":"https:\/\/www.kirkonulkomaanapu.fi\/en\/us\/annual-report-2017\/focus-on-refugees-in-advocacy\/#primaryimage"},"image":{"@id":"https:\/\/www.kirkonulkomaanapu.fi\/en\/us\/annual-report-2017\/focus-on-refugees-in-advocacy\/#primaryimage"},"thumbnailUrl":"https:\/\/www.kirkonulkomaanapu.fi\/wp-content\/uploads\/2018\/07\/21_vaikuttaminen_FCA_YV2018_Uganda_School_106.jpg","datePublished":"2018-07-04T11:14:20+00:00","dateModified":"2018-11-08T12:06:53+00:00","breadcrumb":{"@id":"https:\/\/www.kirkonulkomaanapu.fi\/en\/us\/annual-report-2017\/focus-on-refugees-in-advocacy\/#breadcrumb"},"inLanguage":"en-US","potentialAction":[{"@type":"ReadAction","target":["https:\/\/www.kirkonulkomaanapu.fi\/en\/us\/annual-report-2017\/focus-on-refugees-in-advocacy\/"]}]},{"@type":"ImageObject","inLanguage":"en-US","@id":"https:\/\/www.kirkonulkomaanapu.fi\/en\/us\/annual-report-2017\/focus-on-refugees-in-advocacy\/#primaryimage","url":"https:\/\/www.kirkonulkomaanapu.fi\/wp-content\/uploads\/2018\/07\/21_vaikuttaminen_FCA_YV2018_Uganda_School_106.jpg","contentUrl":"https:\/\/www.kirkonulkomaanapu.fi\/wp-content\/uploads\/2018\/07\/21_vaikuttaminen_FCA_YV2018_Uganda_School_106.jpg","width":1024,"height":683,"caption":"Yhteisvastuu \/ Common Responsibility Campaign 2018. Education is a priority. Many refugee chidren haven't been able to go to school since leaving their homes in South Sudan, so it's important to get them back to school quickly after their arrival in the refugee settlement. Finn Church Aid and EU Humanitarian Aid have constructed semi-permanent schools to accommodate the classes, and students are now moving into them from these temporary tent schools. Photo: Tatu Blomqvist \/ FInn Church Aid"},{"@type":"BreadcrumbList","@id":"https:\/\/www.kirkonulkomaanapu.fi\/en\/us\/annual-report-2017\/focus-on-refugees-in-advocacy\/#breadcrumb","itemListElement":[{"@type":"ListItem","position":1,"name":"Home","item":"https:\/\/www.kirkonulkomaanapu.fi\/en\/"},{"@type":"ListItem","position":2,"name":"About us","item":"https:\/\/www.kirkonulkomaanapu.fi\/en\/us\/"},{"@type":"ListItem","position":3,"name":"Annual Report 2017","item":"https:\/\/www.kirkonulkomaanapu.fi\/en\/us\/annual-report-2017\/"},{"@type":"ListItem","position":4,"name":"Focus on refugees in advocacy"}]},{"@type":"WebSite","@id":"https:\/\/www.kirkonulkomaanapu.fi\/#website","url":"https:\/\/www.kirkonulkomaanapu.fi\/","name":"Kirkon Ulkomaanapu","description":"Suomen suurin kehitysyhteisty\u00f6j\u00e4rjest\u00f6","publisher":{"@id":"https:\/\/www.kirkonulkomaanapu.fi\/#organization"},"alternateName":"KUA","potentialAction":[{"@type":"SearchAction","target":{"@type":"EntryPoint","urlTemplate":"https:\/\/www.kirkonulkomaanapu.fi\/?s={search_term_string}"},"query-input":{"@type":"PropertyValueSpecification","valueRequired":true,"valueName":"search_term_string"}}],"inLanguage":"en-US"},{"@type":"Organization","@id":"https:\/\/www.kirkonulkomaanapu.fi\/#organization","name":"Kirkon Ulkomaanapu","alternateName":"KUA","url":"https:\/\/www.kirkonulkomaanapu.fi\/","logo":{"@type":"ImageObject","inLanguage":"en-US","@id":"https:\/\/www.kirkonulkomaanapu.fi\/#\/schema\/logo\/image\/","url":"https:\/\/www.kirkonulkomaanapu.fi\/wp-content\/uploads\/2026\/02\/Kirkon-ulkomaanapu-logo-1.png","contentUrl":"https:\/\/www.kirkonulkomaanapu.fi\/wp-content\/uploads\/2026\/02\/Kirkon-ulkomaanapu-logo-1.png","width":225,"height":225,"caption":"Kirkon Ulkomaanapu"},"image":{"@id":"https:\/\/www.kirkonulkomaanapu.fi\/#\/schema\/logo\/image\/"},"sameAs":["https:\/\/www.facebook.com\/Ulkomaanapu\/","https:\/\/www.youtube.com\/user\/kirkonulkomaanapu","https:\/\/instagram.com\/kirkon_ulkomaanapu\/","https:\/\/www.linkedin.com\/company\/finn-church-aid\/"]}]}},"_links":{"self":[{"href":"https:\/\/www.kirkonulkomaanapu.fi\/en\/wp-json\/wp\/v2\/pages\/87963","targetHints":{"allow":["GET"]}}],"collection":[{"href":"https:\/\/www.kirkonulkomaanapu.fi\/en\/wp-json\/wp\/v2\/pages"}],"about":[{"href":"https:\/\/www.kirkonulkomaanapu.fi\/en\/wp-json\/wp\/v2\/types\/page"}],"author":[{"embeddable":true,"href":"https:\/\/www.kirkonulkomaanapu.fi\/en\/wp-json\/wp\/v2\/users\/101"}],"replies":[{"embeddable":true,"href":"https:\/\/www.kirkonulkomaanapu.fi\/en\/wp-json\/wp\/v2\/comments?post=87963"}],"version-history":[{"count":2,"href":"https:\/\/www.kirkonulkomaanapu.fi\/en\/wp-json\/wp\/v2\/pages\/87963\/revisions"}],"predecessor-version":[{"id":87965,"href":"https:\/\/www.kirkonulkomaanapu.fi\/en\/wp-json\/wp\/v2\/pages\/87963\/revisions\/87965"}],"up":[{"embeddable":true,"href":"https:\/\/www.kirkonulkomaanapu.fi\/en\/wp-json\/wp\/v2\/pages\/87740"}],"wp:featuredmedia":[{"embeddable":true,"href":"https:\/\/www.kirkonulkomaanapu.fi\/en\/wp-json\/wp\/v2\/media\/87614"}],"wp:attachment":[{"href":"https:\/\/www.kirkonulkomaanapu.fi\/en\/wp-json\/wp\/v2\/media?parent=87963"}],"curies":[{"name":"wp","href":"https:\/\/api.w.org\/{rel}","templated":true}]}}