{"id":82538,"date":"2017-08-04T15:14:53","date_gmt":"2017-08-04T12:14:53","guid":{"rendered":"https:\/\/www.kirkonulkomaanapu.fi\/en\/?page_id=82538"},"modified":"2017-08-04T15:16:39","modified_gmt":"2017-08-04T12:16:39","slug":"tareeqi-way-jordan","status":"publish","type":"page","link":"https:\/\/www.kirkonulkomaanapu.fi\/en\/us\/donors\/international-donors\/danida\/tareeqi-way-jordan\/","title":{"rendered":"Tareeqi (My Way) in Jordan"},"content":{"rendered":"<p>Jordan has a high cost of living relative to the income of most Jordanians, an overwhelming challenge for unskilled Syrian refugees and unemployed Jordanians. Recent developments have opened the door for Syrians to receive work permits in Jordan, offering Syrians greater opportunities for income and protection.<\/p>\n<p>The Tareeqi project aims to improve livelihood opportunities for Syrians and Jordanians in Jordan, with a special emphasis on women and people with disabilities. FCA is partnering with a local vocational training entity called VTC to deliver vocational training, and Finnish-based Mercuria Business College to provide entrepreneurship training for participants with potential to create new businesses. Through the course of the project, FCA will also facilitate coordination between local, national, and international actors to build linkages for lasting impact and advocacy.<\/p>\n<p>FCA will conduct a market assessment to identify vocations with high demand, then work with the VTC to offer courses to beneficiaries of the project, and Mercuria Business College to offer entrepreneurship courses to beneficiaries with good business acumen (grants will be offered to participants with viable business plans). We will follow up with beneficiaries after graduation to assure they succeed in their new occupation or venture.<\/p>\n<p>The Tareeqi (My Way) project will improve Syrian and Jordanian\u2019s skills and access to the job market, and create new jobs through newly established businesses. This will improve the socio-economic status and resilience of Syrian refugees as well as Jordanians in host communities in Jordan.<\/p>\n<p>The project is funded (89.6%) by Danida (Ministry of Foreign Affairs of Denmark) \/ The European Regional Development and Protection Programme (RDPP).<\/p>\n<table>\n<tbody>\n<tr>\n<td width=\"326\"><strong>Who are the main beneficiaries?<\/strong><\/td>\n<td width=\"326\">Jordanians and Syrian refugees<\/td>\n<\/tr>\n<tr>\n<td width=\"326\"><strong>Beneficiaries in numbers?<\/strong><\/td>\n<td width=\"326\">*400 beneficiaries will receive accredited certificates in a vocational skill (18-30 years, 30% Syrians and 70% Jordanians of the total number of beneficiaries);<\/p>\n<p>* 100 beneficiaries will receive business skills training online;<\/p>\n<p>* 40 beneficiaries will receive Retail entrepreneurship training;<\/p>\n<p>* 40 beneficiaries will receive incubation support in the form of small grants and business coaching to start up their own businesses;<\/p>\n<p>* 20 day care educators and assistants will receive an intensive training on Early Childhood Care and Development;<\/p>\n<p>* 300 children attending the ECCD centres on daily basis;<\/p>\n<p>* 300 parents attending the parenting sessions.<\/td>\n<\/tr>\n<tr>\n<td width=\"326\"><strong>Overall objective\/goal<\/strong><\/td>\n<td width=\"326\">Improved socio-economic status and resilience of Syrian refugees in Jordan as well as host communities.<\/td>\n<\/tr>\n<tr>\n<td width=\"326\"><strong>Specific objective\/purpose<\/strong><\/td>\n<td width=\"326\">Enhanced livelihoods and access to market opportunities through employment and small-scale entrepreneurship for marginalized refugees and host community members, with special focus on women and people with disabilities.<\/td>\n<\/tr>\n<tr>\n<td width=\"326\"><strong>Main results\/outputs<\/strong><\/td>\n<td width=\"326\">Result 1: Enhanced market-oriented vocational skills and capacities of marginalized people including women and PWD.<\/p>\n<p>Result 2: Start-up business opportunities are provided for beneficiaries with feasible and innovative project ideas.<\/p>\n<p>Result 3: Improved coordination and awareness on enterprise promotion and socio-economic development at national and regional level.<\/td>\n<\/tr>\n<\/tbody>\n<\/table>\n","protected":false},"excerpt":{"rendered":"<p>Jordan has a high cost of living relative to the income of most Jordanians, an overwhelming challenge for unskilled Syrian refugees and unemployed Jordanians. Recent developments have opened the door for Syrians to receive work permits in Jordan, offering Syrians greater opportunities for income and protection. The Tareeqi project aims to improve livelihood opportunities for [&hellip;]<\/p>\n","protected":false},"author":77,"featured_media":0,"parent":82530,"menu_order":0,"comment_status":"closed","ping_status":"closed","template":"page-templates\/project.php","meta":{"_acf_changed":false,"_relevanssi_hide_post":"","_relevanssi_hide_content":"","_relevanssi_pin_for_all":"","_relevanssi_pin_keywords":"","_relevanssi_unpin_keywords":"","_relevanssi_related_keywords":"","_relevanssi_related_include_ids":"","_relevanssi_related_exclude_ids":"","_relevanssi_related_no_append":"","_relevanssi_related_not_related":"","_relevanssi_related_posts":"","_relevanssi_noindex_reason":"","_improvement_type_select":"improve_an_existing","_thumb_yes_seoaic":false,"_frame_yes_seoaic":false,"seoaic_generate_description":"","seoaic_improve_instructions_prompt":"","seoaic_rollback_content_improvement":"","seoaic_idea_thumbnail_generator":"","thumbnail_generated":false,"thumbnail_generate_prompt":"","seoaic_article_description":"","footnotes":""},"class_list":["post-82538","page","type-page","status-publish","hentry"],"acf":[],"yoast_head":"<!-- This site is optimized with the Yoast SEO plugin v26.9 - https:\/\/yoast.com\/product\/yoast-seo-wordpress\/ -->\n<title>Tareeqi (My Way) in Jordan - FCA Finn Church Aid<\/title>\n<meta name=\"robots\" content=\"index, follow, max-snippet:-1, max-image-preview:large, max-video-preview:-1\" \/>\n<link rel=\"canonical\" href=\"https:\/\/www.fcakenya.co.ke\/us\/donors\/international-donors\/danida\/tareeqi-way-jordan\/\" \/>\n<meta property=\"og:locale\" content=\"en_US\" \/>\n<meta property=\"og:type\" content=\"article\" \/>\n<meta property=\"og:title\" content=\"Tareeqi (My Way) in Jordan - FCA Finn Church Aid\" \/>\n<meta property=\"og:description\" content=\"Jordan has a high cost of living relative to the income of most Jordanians, an overwhelming challenge for unskilled Syrian refugees and unemployed Jordanians. Recent developments have opened the door for Syrians to receive work permits in Jordan, offering Syrians greater opportunities for income and protection. The Tareeqi project aims to improve livelihood opportunities for [&hellip;]\" \/>\n<meta property=\"og:url\" content=\"https:\/\/www.fcakenya.co.ke\/us\/donors\/international-donors\/danida\/tareeqi-way-jordan\/\" \/>\n<meta property=\"og:site_name\" content=\"FCA Finn Church Aid\" \/>\n<meta property=\"article:publisher\" content=\"https:\/\/www.facebook.com\/Ulkomaanapu\/\" \/>\n<meta property=\"article:modified_time\" content=\"2017-08-04T12:16:39+00:00\" \/>\n<meta property=\"og:image\" content=\"https:\/\/www.kirkonulkomaanapu.fi\/wp-content\/uploads\/2026\/02\/Kirkon-ulkomaanapu-logo.png\" \/>\n\t<meta property=\"og:image:width\" content=\"225\" \/>\n\t<meta property=\"og:image:height\" content=\"225\" \/>\n\t<meta property=\"og:image:type\" content=\"image\/png\" \/>\n<meta name=\"twitter:label1\" content=\"Est. reading time\" \/>\n\t<meta name=\"twitter:data1\" content=\"2 minutes\" \/>\n<script type=\"application\/ld+json\" class=\"yoast-schema-graph\">{\"@context\":\"https:\/\/schema.org\",\"@graph\":[{\"@type\":\"WebPage\",\"@id\":\"https:\/\/www.fcakenya.co.ke\/us\/donors\/international-donors\/danida\/tareeqi-way-jordan\/\",\"url\":\"https:\/\/www.fcakenya.co.ke\/us\/donors\/international-donors\/danida\/tareeqi-way-jordan\/\",\"name\":\"Tareeqi (My Way) in Jordan - FCA Finn Church Aid\",\"isPartOf\":{\"@id\":\"https:\/\/www.kirkonulkomaanapu.fi\/#website\"},\"datePublished\":\"2017-08-04T12:14:53+00:00\",\"dateModified\":\"2017-08-04T12:16:39+00:00\",\"breadcrumb\":{\"@id\":\"https:\/\/www.fcakenya.co.ke\/us\/donors\/international-donors\/danida\/tareeqi-way-jordan\/#breadcrumb\"},\"inLanguage\":\"en-US\",\"potentialAction\":[{\"@type\":\"ReadAction\",\"target\":[\"https:\/\/www.fcakenya.co.ke\/us\/donors\/international-donors\/danida\/tareeqi-way-jordan\/\"]}]},{\"@type\":\"BreadcrumbList\",\"@id\":\"https:\/\/www.fcakenya.co.ke\/us\/donors\/international-donors\/danida\/tareeqi-way-jordan\/#breadcrumb\",\"itemListElement\":[{\"@type\":\"ListItem\",\"position\":1,\"name\":\"Home\",\"item\":\"https:\/\/www.kirkonulkomaanapu.fi\/en\/\"},{\"@type\":\"ListItem\",\"position\":2,\"name\":\"About us\",\"item\":\"https:\/\/www.kirkonulkomaanapu.fi\/en\/us\/\"},{\"@type\":\"ListItem\",\"position\":3,\"name\":\"Donors\",\"item\":\"https:\/\/www.fcakenya.co.ke\/?page_id=2816\"},{\"@type\":\"ListItem\",\"position\":4,\"name\":\"International donors\",\"item\":\"https:\/\/www.fcakenya.co.ke\/?page_id=2818\"},{\"@type\":\"ListItem\",\"position\":5,\"name\":\"Danida\",\"item\":\"https:\/\/www.fcakenya.co.ke\/us\/donors\/international-donors\/danida\/\"},{\"@type\":\"ListItem\",\"position\":6,\"name\":\"Tareeqi (My Way) in Jordan\"}]},{\"@type\":\"WebSite\",\"@id\":\"https:\/\/www.kirkonulkomaanapu.fi\/#website\",\"url\":\"https:\/\/www.kirkonulkomaanapu.fi\/\",\"name\":\"Kirkon Ulkomaanapu\",\"description\":\"Suomen suurin kehitysyhteisty\u00f6j\u00e4rjest\u00f6\",\"publisher\":{\"@id\":\"https:\/\/www.kirkonulkomaanapu.fi\/#organization\"},\"alternateName\":\"KUA\",\"potentialAction\":[{\"@type\":\"SearchAction\",\"target\":{\"@type\":\"EntryPoint\",\"urlTemplate\":\"https:\/\/www.kirkonulkomaanapu.fi\/?s={search_term_string}\"},\"query-input\":{\"@type\":\"PropertyValueSpecification\",\"valueRequired\":true,\"valueName\":\"search_term_string\"}}],\"inLanguage\":\"en-US\"},{\"@type\":\"Organization\",\"@id\":\"https:\/\/www.kirkonulkomaanapu.fi\/#organization\",\"name\":\"Kirkon Ulkomaanapu\",\"alternateName\":\"KUA\",\"url\":\"https:\/\/www.kirkonulkomaanapu.fi\/\",\"logo\":{\"@type\":\"ImageObject\",\"inLanguage\":\"en-US\",\"@id\":\"https:\/\/www.kirkonulkomaanapu.fi\/#\/schema\/logo\/image\/\",\"url\":\"https:\/\/www.kirkonulkomaanapu.fi\/wp-content\/uploads\/2026\/02\/Kirkon-ulkomaanapu-logo-1.png\",\"contentUrl\":\"https:\/\/www.kirkonulkomaanapu.fi\/wp-content\/uploads\/2026\/02\/Kirkon-ulkomaanapu-logo-1.png\",\"width\":225,\"height\":225,\"caption\":\"Kirkon Ulkomaanapu\"},\"image\":{\"@id\":\"https:\/\/www.kirkonulkomaanapu.fi\/#\/schema\/logo\/image\/\"},\"sameAs\":[\"https:\/\/www.facebook.com\/Ulkomaanapu\/\",\"https:\/\/www.youtube.com\/user\/kirkonulkomaanapu\",\"https:\/\/instagram.com\/kirkon_ulkomaanapu\/\",\"https:\/\/www.linkedin.com\/company\/finn-church-aid\/\"]}]}<\/script>\n<!-- \/ Yoast SEO plugin. -->","yoast_head_json":{"title":"Tareeqi (My Way) in Jordan - FCA Finn Church Aid","robots":{"index":"index","follow":"follow","max-snippet":"max-snippet:-1","max-image-preview":"max-image-preview:large","max-video-preview":"max-video-preview:-1"},"canonical":"https:\/\/www.fcakenya.co.ke\/us\/donors\/international-donors\/danida\/tareeqi-way-jordan\/","og_locale":"en_US","og_type":"article","og_title":"Tareeqi (My Way) in Jordan - FCA Finn Church Aid","og_description":"Jordan has a high cost of living relative to the income of most Jordanians, an overwhelming challenge for unskilled Syrian refugees and unemployed Jordanians. Recent developments have opened the door for Syrians to receive work permits in Jordan, offering Syrians greater opportunities for income and protection. The Tareeqi project aims to improve livelihood opportunities for [&hellip;]","og_url":"https:\/\/www.fcakenya.co.ke\/us\/donors\/international-donors\/danida\/tareeqi-way-jordan\/","og_site_name":"FCA Finn Church Aid","article_publisher":"https:\/\/www.facebook.com\/Ulkomaanapu\/","article_modified_time":"2017-08-04T12:16:39+00:00","og_image":[{"width":225,"height":225,"url":"https:\/\/www.kirkonulkomaanapu.fi\/wp-content\/uploads\/2026\/02\/Kirkon-ulkomaanapu-logo.png","type":"image\/png"}],"twitter_misc":{"Est. reading time":"2 minutes"},"schema":{"@context":"https:\/\/schema.org","@graph":[{"@type":"WebPage","@id":"https:\/\/www.fcakenya.co.ke\/us\/donors\/international-donors\/danida\/tareeqi-way-jordan\/","url":"https:\/\/www.fcakenya.co.ke\/us\/donors\/international-donors\/danida\/tareeqi-way-jordan\/","name":"Tareeqi (My Way) in Jordan - FCA Finn Church Aid","isPartOf":{"@id":"https:\/\/www.kirkonulkomaanapu.fi\/#website"},"datePublished":"2017-08-04T12:14:53+00:00","dateModified":"2017-08-04T12:16:39+00:00","breadcrumb":{"@id":"https:\/\/www.fcakenya.co.ke\/us\/donors\/international-donors\/danida\/tareeqi-way-jordan\/#breadcrumb"},"inLanguage":"en-US","potentialAction":[{"@type":"ReadAction","target":["https:\/\/www.fcakenya.co.ke\/us\/donors\/international-donors\/danida\/tareeqi-way-jordan\/"]}]},{"@type":"BreadcrumbList","@id":"https:\/\/www.fcakenya.co.ke\/us\/donors\/international-donors\/danida\/tareeqi-way-jordan\/#breadcrumb","itemListElement":[{"@type":"ListItem","position":1,"name":"Home","item":"https:\/\/www.kirkonulkomaanapu.fi\/en\/"},{"@type":"ListItem","position":2,"name":"About us","item":"https:\/\/www.kirkonulkomaanapu.fi\/en\/us\/"},{"@type":"ListItem","position":3,"name":"Donors","item":"https:\/\/www.fcakenya.co.ke\/?page_id=2816"},{"@type":"ListItem","position":4,"name":"International donors","item":"https:\/\/www.fcakenya.co.ke\/?page_id=2818"},{"@type":"ListItem","position":5,"name":"Danida","item":"https:\/\/www.fcakenya.co.ke\/us\/donors\/international-donors\/danida\/"},{"@type":"ListItem","position":6,"name":"Tareeqi (My Way) in Jordan"}]},{"@type":"WebSite","@id":"https:\/\/www.kirkonulkomaanapu.fi\/#website","url":"https:\/\/www.kirkonulkomaanapu.fi\/","name":"Kirkon Ulkomaanapu","description":"Suomen suurin kehitysyhteisty\u00f6j\u00e4rjest\u00f6","publisher":{"@id":"https:\/\/www.kirkonulkomaanapu.fi\/#organization"},"alternateName":"KUA","potentialAction":[{"@type":"SearchAction","target":{"@type":"EntryPoint","urlTemplate":"https:\/\/www.kirkonulkomaanapu.fi\/?s={search_term_string}"},"query-input":{"@type":"PropertyValueSpecification","valueRequired":true,"valueName":"search_term_string"}}],"inLanguage":"en-US"},{"@type":"Organization","@id":"https:\/\/www.kirkonulkomaanapu.fi\/#organization","name":"Kirkon Ulkomaanapu","alternateName":"KUA","url":"https:\/\/www.kirkonulkomaanapu.fi\/","logo":{"@type":"ImageObject","inLanguage":"en-US","@id":"https:\/\/www.kirkonulkomaanapu.fi\/#\/schema\/logo\/image\/","url":"https:\/\/www.kirkonulkomaanapu.fi\/wp-content\/uploads\/2026\/02\/Kirkon-ulkomaanapu-logo-1.png","contentUrl":"https:\/\/www.kirkonulkomaanapu.fi\/wp-content\/uploads\/2026\/02\/Kirkon-ulkomaanapu-logo-1.png","width":225,"height":225,"caption":"Kirkon Ulkomaanapu"},"image":{"@id":"https:\/\/www.kirkonulkomaanapu.fi\/#\/schema\/logo\/image\/"},"sameAs":["https:\/\/www.facebook.com\/Ulkomaanapu\/","https:\/\/www.youtube.com\/user\/kirkonulkomaanapu","https:\/\/instagram.com\/kirkon_ulkomaanapu\/","https:\/\/www.linkedin.com\/company\/finn-church-aid\/"]}]}},"_links":{"self":[{"href":"https:\/\/www.kirkonulkomaanapu.fi\/en\/wp-json\/wp\/v2\/pages\/82538","targetHints":{"allow":["GET"]}}],"collection":[{"href":"https:\/\/www.kirkonulkomaanapu.fi\/en\/wp-json\/wp\/v2\/pages"}],"about":[{"href":"https:\/\/www.kirkonulkomaanapu.fi\/en\/wp-json\/wp\/v2\/types\/page"}],"author":[{"embeddable":true,"href":"https:\/\/www.kirkonulkomaanapu.fi\/en\/wp-json\/wp\/v2\/users\/77"}],"replies":[{"embeddable":true,"href":"https:\/\/www.kirkonulkomaanapu.fi\/en\/wp-json\/wp\/v2\/comments?post=82538"}],"version-history":[{"count":3,"href":"https:\/\/www.kirkonulkomaanapu.fi\/en\/wp-json\/wp\/v2\/pages\/82538\/revisions"}],"predecessor-version":[{"id":82542,"href":"https:\/\/www.kirkonulkomaanapu.fi\/en\/wp-json\/wp\/v2\/pages\/82538\/revisions\/82542"}],"up":[{"embeddable":true,"href":"https:\/\/www.kirkonulkomaanapu.fi\/en\/wp-json\/wp\/v2\/pages\/82530"}],"wp:attachment":[{"href":"https:\/\/www.kirkonulkomaanapu.fi\/en\/wp-json\/wp\/v2\/media?parent=82538"}],"curies":[{"name":"wp","href":"https:\/\/api.w.org\/{rel}","templated":true}]}}