{"id":81784,"date":"2017-06-21T15:03:45","date_gmt":"2017-06-21T12:03:45","guid":{"rendered":"https:\/\/www.kirkonulkomaanapu.fi\/en\/us\/annual-report-2016\/opetusta-haavoittuvassa-asemassa-oleville-toimintamaissa-ja-suomessa\/"},"modified":"2018-11-08T14:03:07","modified_gmt":"2018-11-08T12:03:07","slug":"teachers-without-borders-started-teaching-finnish","status":"publish","type":"page","link":"https:\/\/www.kirkonulkomaanapu.fi\/en\/us\/annual-report-2016\/teachers-without-borders-started-teaching-finnish\/","title":{"rendered":"Teachers Without Borders started teaching Finnish"},"content":{"rendered":"<p class=\"lead\">The <a href=\"https:\/\/www.opettajatilmanrajoja.fi\/en\/\">Teachers without Borders<\/a> (TwB) network provides support for global citizenship education in Finland, as well as opportunities to use and develop teachers\u2019 competencies by working in developing countries and fragile contexts, supporting the capacity of local teachers and the development of the education sector. In 2016, the network also started language education for refugees and asylum seekers.<\/p>\n<p>The main objectives were growing the network membership and building up the quality of the volunteer work as an organisation in recruiting, training and sending volunteers abroad. TwB network sent 24 long-term and 21 short-term volunteer teachers abroad. Out of the 24 long-term volunteers, 20 supported FCA education projects in Eritrea, Haiti, Cambodia, Liberia, Myanmar, Nepal and Sierra Leone, Greece and Uganda. 4 volunteers were sent to other Finnish NGO projects. Out of 21 short-term volunteers, 4 supported FCA in Cambodia and 17 participated in the World Teacher project in Kenya, organised with the Dutch partner NGO Edukans.<\/p>\n<p>In cooperation with parishes, libraries and different educational institutions, the network organised trainings on the Toisto \u2018repetition\u2019 study method. The method was designed at the Faculty of Educational Sciences of the University of Helsinki in 2015. It is designed for learners in vulnerable situations, and to support volunteer language guides who teach Finnish to asylum seekers and refugees. 460 new Language Guides in 12 cities were trained in the project.<\/p>\n<p>TwB\u2019s language guide project Suomen kieli sanoo tervetuloa\u00a0 \u0301Finnish Language Says Welcome \u0301 received funding for two years from the Asylum, Migration and Integration Fund of the EU which allowed TwB to recruit a language guide project coordinator. In addition to training and coordinating volunteer language teaching work in reception centres, the project develops new language teaching materials, supports the mental condition of language groups and strengthens the motivation of language learners.<\/p>\n","protected":false},"excerpt":{"rendered":"<p>The Teachers without Borders (TwB) network provides support for global citizenship education in Finland, as well as opportunities to use and develop teachers\u2019 competencies by working in developing countries and fragile contexts, supporting the capacity of local teachers and the development of the education sector. In 2016, the network also started language education for refugees [&hellip;]<\/p>\n","protected":false},"author":8,"featured_media":81491,"parent":81686,"menu_order":3,"comment_status":"closed","ping_status":"closed","template":"page-templates\/vuosikertomus.php","meta":{"_acf_changed":false,"_relevanssi_hide_post":"","_relevanssi_hide_content":"","_relevanssi_pin_for_all":"","_relevanssi_pin_keywords":"","_relevanssi_unpin_keywords":"","_relevanssi_related_keywords":"","_relevanssi_related_include_ids":"","_relevanssi_related_exclude_ids":"","_relevanssi_related_no_append":"","_relevanssi_related_not_related":"","_relevanssi_related_posts":"","_relevanssi_noindex_reason":"","_improvement_type_select":"improve_an_existing","_thumb_yes_seoaic":false,"_frame_yes_seoaic":false,"seoaic_generate_description":"","seoaic_improve_instructions_prompt":"","seoaic_rollback_content_improvement":"","seoaic_idea_thumbnail_generator":"","thumbnail_generated":false,"thumbnail_generate_prompt":"","seoaic_article_description":"","footnotes":""},"class_list":["post-81784","page","type-page","status-publish","has-post-thumbnail","hentry"],"acf":[],"yoast_head":"<!-- This site is optimized with the Yoast SEO plugin v26.9 - https:\/\/yoast.com\/product\/yoast-seo-wordpress\/ -->\n<title>Teachers Without Borders started teaching Finnish - FCA Finn Church Aid<\/title>\n<meta name=\"robots\" content=\"index, follow, max-snippet:-1, max-image-preview:large, max-video-preview:-1\" \/>\n<link rel=\"canonical\" href=\"https:\/\/www.fcakenya.co.ke\/us\/annual-report-2016\/teachers-without-borders-started-teaching-finnish\/\" \/>\n<meta property=\"og:locale\" content=\"en_US\" \/>\n<meta property=\"og:type\" content=\"article\" \/>\n<meta property=\"og:title\" content=\"Teachers Without Borders started teaching Finnish - FCA Finn Church Aid\" \/>\n<meta property=\"og:description\" content=\"The Teachers without Borders (TwB) network provides support for global citizenship education in Finland, as well as opportunities to use and develop teachers\u2019 competencies by working in developing countries and fragile contexts, supporting the capacity of local teachers and the development of the education sector. In 2016, the network also started language education for refugees [&hellip;]\" \/>\n<meta property=\"og:url\" content=\"https:\/\/www.fcakenya.co.ke\/us\/annual-report-2016\/teachers-without-borders-started-teaching-finnish\/\" \/>\n<meta property=\"og:site_name\" content=\"FCA Finn Church Aid\" \/>\n<meta property=\"article:publisher\" content=\"https:\/\/www.facebook.com\/Ulkomaanapu\/\" \/>\n<meta property=\"article:modified_time\" content=\"2018-11-08T12:03:07+00:00\" \/>\n<meta property=\"og:image\" content=\"https:\/\/www.kirkonulkomaanapu.fi\/wp-content\/uploads\/2017\/06\/OIR-vapaaehtoinen-Jemina-Viitala-Zup-Awngin-leirin-koulussa-Pohjois-Shanissa-kuva-Johanna-Kurki.jpg\" \/>\n\t<meta property=\"og:image:width\" content=\"1023\" \/>\n\t<meta property=\"og:image:height\" content=\"556\" \/>\n\t<meta property=\"og:image:type\" content=\"image\/jpeg\" \/>\n<meta name=\"twitter:label1\" content=\"Est. reading time\" \/>\n\t<meta name=\"twitter:data1\" content=\"1 minute\" \/>\n<script type=\"application\/ld+json\" class=\"yoast-schema-graph\">{\"@context\":\"https:\/\/schema.org\",\"@graph\":[{\"@type\":\"WebPage\",\"@id\":\"https:\/\/www.fcakenya.co.ke\/us\/annual-report-2016\/teachers-without-borders-started-teaching-finnish\/\",\"url\":\"https:\/\/www.fcakenya.co.ke\/us\/annual-report-2016\/teachers-without-borders-started-teaching-finnish\/\",\"name\":\"Teachers Without Borders started teaching Finnish - FCA Finn Church Aid\",\"isPartOf\":{\"@id\":\"https:\/\/www.kirkonulkomaanapu.fi\/#website\"},\"primaryImageOfPage\":{\"@id\":\"https:\/\/www.fcakenya.co.ke\/us\/annual-report-2016\/teachers-without-borders-started-teaching-finnish\/#primaryimage\"},\"image\":{\"@id\":\"https:\/\/www.fcakenya.co.ke\/us\/annual-report-2016\/teachers-without-borders-started-teaching-finnish\/#primaryimage\"},\"thumbnailUrl\":\"https:\/\/www.kirkonulkomaanapu.fi\/wp-content\/uploads\/2017\/06\/OIR-vapaaehtoinen-Jemina-Viitala-Zup-Awngin-leirin-koulussa-Pohjois-Shanissa-kuva-Johanna-Kurki.jpg\",\"datePublished\":\"2017-06-21T12:03:45+00:00\",\"dateModified\":\"2018-11-08T12:03:07+00:00\",\"breadcrumb\":{\"@id\":\"https:\/\/www.fcakenya.co.ke\/us\/annual-report-2016\/teachers-without-borders-started-teaching-finnish\/#breadcrumb\"},\"inLanguage\":\"en-US\",\"potentialAction\":[{\"@type\":\"ReadAction\",\"target\":[\"https:\/\/www.fcakenya.co.ke\/us\/annual-report-2016\/teachers-without-borders-started-teaching-finnish\/\"]}]},{\"@type\":\"ImageObject\",\"inLanguage\":\"en-US\",\"@id\":\"https:\/\/www.fcakenya.co.ke\/us\/annual-report-2016\/teachers-without-borders-started-teaching-finnish\/#primaryimage\",\"url\":\"https:\/\/www.kirkonulkomaanapu.fi\/wp-content\/uploads\/2017\/06\/OIR-vapaaehtoinen-Jemina-Viitala-Zup-Awngin-leirin-koulussa-Pohjois-Shanissa-kuva-Johanna-Kurki.jpg\",\"contentUrl\":\"https:\/\/www.kirkonulkomaanapu.fi\/wp-content\/uploads\/2017\/06\/OIR-vapaaehtoinen-Jemina-Viitala-Zup-Awngin-leirin-koulussa-Pohjois-Shanissa-kuva-Johanna-Kurki.jpg\",\"width\":1023,\"height\":556},{\"@type\":\"BreadcrumbList\",\"@id\":\"https:\/\/www.fcakenya.co.ke\/us\/annual-report-2016\/teachers-without-borders-started-teaching-finnish\/#breadcrumb\",\"itemListElement\":[{\"@type\":\"ListItem\",\"position\":1,\"name\":\"Home\",\"item\":\"https:\/\/www.kirkonulkomaanapu.fi\/en\/\"},{\"@type\":\"ListItem\",\"position\":2,\"name\":\"About us\",\"item\":\"https:\/\/www.kirkonulkomaanapu.fi\/en\/us\/\"},{\"@type\":\"ListItem\",\"position\":3,\"name\":\"Annual Report 2016\",\"item\":\"https:\/\/www.kirkonulkomaanapu.fi\/en\/us\/annual-report-2016\/\"},{\"@type\":\"ListItem\",\"position\":4,\"name\":\"Teachers Without Borders started teaching Finnish\"}]},{\"@type\":\"WebSite\",\"@id\":\"https:\/\/www.kirkonulkomaanapu.fi\/#website\",\"url\":\"https:\/\/www.kirkonulkomaanapu.fi\/\",\"name\":\"Kirkon Ulkomaanapu\",\"description\":\"Suomen suurin kehitysyhteisty\u00f6j\u00e4rjest\u00f6\",\"publisher\":{\"@id\":\"https:\/\/www.kirkonulkomaanapu.fi\/#organization\"},\"alternateName\":\"KUA\",\"potentialAction\":[{\"@type\":\"SearchAction\",\"target\":{\"@type\":\"EntryPoint\",\"urlTemplate\":\"https:\/\/www.kirkonulkomaanapu.fi\/?s={search_term_string}\"},\"query-input\":{\"@type\":\"PropertyValueSpecification\",\"valueRequired\":true,\"valueName\":\"search_term_string\"}}],\"inLanguage\":\"en-US\"},{\"@type\":\"Organization\",\"@id\":\"https:\/\/www.kirkonulkomaanapu.fi\/#organization\",\"name\":\"Kirkon Ulkomaanapu\",\"alternateName\":\"KUA\",\"url\":\"https:\/\/www.kirkonulkomaanapu.fi\/\",\"logo\":{\"@type\":\"ImageObject\",\"inLanguage\":\"en-US\",\"@id\":\"https:\/\/www.kirkonulkomaanapu.fi\/#\/schema\/logo\/image\/\",\"url\":\"https:\/\/www.kirkonulkomaanapu.fi\/wp-content\/uploads\/2026\/02\/Kirkon-ulkomaanapu-logo-1.png\",\"contentUrl\":\"https:\/\/www.kirkonulkomaanapu.fi\/wp-content\/uploads\/2026\/02\/Kirkon-ulkomaanapu-logo-1.png\",\"width\":225,\"height\":225,\"caption\":\"Kirkon Ulkomaanapu\"},\"image\":{\"@id\":\"https:\/\/www.kirkonulkomaanapu.fi\/#\/schema\/logo\/image\/\"},\"sameAs\":[\"https:\/\/www.facebook.com\/Ulkomaanapu\/\",\"https:\/\/www.youtube.com\/user\/kirkonulkomaanapu\",\"https:\/\/instagram.com\/kirkon_ulkomaanapu\/\",\"https:\/\/www.linkedin.com\/company\/finn-church-aid\/\"]}]}<\/script>\n<!-- \/ Yoast SEO plugin. -->","yoast_head_json":{"title":"Teachers Without Borders started teaching Finnish - FCA Finn Church Aid","robots":{"index":"index","follow":"follow","max-snippet":"max-snippet:-1","max-image-preview":"max-image-preview:large","max-video-preview":"max-video-preview:-1"},"canonical":"https:\/\/www.fcakenya.co.ke\/us\/annual-report-2016\/teachers-without-borders-started-teaching-finnish\/","og_locale":"en_US","og_type":"article","og_title":"Teachers Without Borders started teaching Finnish - FCA Finn Church Aid","og_description":"The Teachers without Borders (TwB) network provides support for global citizenship education in Finland, as well as opportunities to use and develop teachers\u2019 competencies by working in developing countries and fragile contexts, supporting the capacity of local teachers and the development of the education sector. In 2016, the network also started language education for refugees [&hellip;]","og_url":"https:\/\/www.fcakenya.co.ke\/us\/annual-report-2016\/teachers-without-borders-started-teaching-finnish\/","og_site_name":"FCA Finn Church Aid","article_publisher":"https:\/\/www.facebook.com\/Ulkomaanapu\/","article_modified_time":"2018-11-08T12:03:07+00:00","og_image":[{"width":1023,"height":556,"url":"https:\/\/www.kirkonulkomaanapu.fi\/wp-content\/uploads\/2017\/06\/OIR-vapaaehtoinen-Jemina-Viitala-Zup-Awngin-leirin-koulussa-Pohjois-Shanissa-kuva-Johanna-Kurki.jpg","type":"image\/jpeg"}],"twitter_misc":{"Est. reading time":"1 minute"},"schema":{"@context":"https:\/\/schema.org","@graph":[{"@type":"WebPage","@id":"https:\/\/www.fcakenya.co.ke\/us\/annual-report-2016\/teachers-without-borders-started-teaching-finnish\/","url":"https:\/\/www.fcakenya.co.ke\/us\/annual-report-2016\/teachers-without-borders-started-teaching-finnish\/","name":"Teachers Without Borders started teaching Finnish - FCA Finn Church Aid","isPartOf":{"@id":"https:\/\/www.kirkonulkomaanapu.fi\/#website"},"primaryImageOfPage":{"@id":"https:\/\/www.fcakenya.co.ke\/us\/annual-report-2016\/teachers-without-borders-started-teaching-finnish\/#primaryimage"},"image":{"@id":"https:\/\/www.fcakenya.co.ke\/us\/annual-report-2016\/teachers-without-borders-started-teaching-finnish\/#primaryimage"},"thumbnailUrl":"https:\/\/www.kirkonulkomaanapu.fi\/wp-content\/uploads\/2017\/06\/OIR-vapaaehtoinen-Jemina-Viitala-Zup-Awngin-leirin-koulussa-Pohjois-Shanissa-kuva-Johanna-Kurki.jpg","datePublished":"2017-06-21T12:03:45+00:00","dateModified":"2018-11-08T12:03:07+00:00","breadcrumb":{"@id":"https:\/\/www.fcakenya.co.ke\/us\/annual-report-2016\/teachers-without-borders-started-teaching-finnish\/#breadcrumb"},"inLanguage":"en-US","potentialAction":[{"@type":"ReadAction","target":["https:\/\/www.fcakenya.co.ke\/us\/annual-report-2016\/teachers-without-borders-started-teaching-finnish\/"]}]},{"@type":"ImageObject","inLanguage":"en-US","@id":"https:\/\/www.fcakenya.co.ke\/us\/annual-report-2016\/teachers-without-borders-started-teaching-finnish\/#primaryimage","url":"https:\/\/www.kirkonulkomaanapu.fi\/wp-content\/uploads\/2017\/06\/OIR-vapaaehtoinen-Jemina-Viitala-Zup-Awngin-leirin-koulussa-Pohjois-Shanissa-kuva-Johanna-Kurki.jpg","contentUrl":"https:\/\/www.kirkonulkomaanapu.fi\/wp-content\/uploads\/2017\/06\/OIR-vapaaehtoinen-Jemina-Viitala-Zup-Awngin-leirin-koulussa-Pohjois-Shanissa-kuva-Johanna-Kurki.jpg","width":1023,"height":556},{"@type":"BreadcrumbList","@id":"https:\/\/www.fcakenya.co.ke\/us\/annual-report-2016\/teachers-without-borders-started-teaching-finnish\/#breadcrumb","itemListElement":[{"@type":"ListItem","position":1,"name":"Home","item":"https:\/\/www.kirkonulkomaanapu.fi\/en\/"},{"@type":"ListItem","position":2,"name":"About us","item":"https:\/\/www.kirkonulkomaanapu.fi\/en\/us\/"},{"@type":"ListItem","position":3,"name":"Annual Report 2016","item":"https:\/\/www.kirkonulkomaanapu.fi\/en\/us\/annual-report-2016\/"},{"@type":"ListItem","position":4,"name":"Teachers Without Borders started teaching Finnish"}]},{"@type":"WebSite","@id":"https:\/\/www.kirkonulkomaanapu.fi\/#website","url":"https:\/\/www.kirkonulkomaanapu.fi\/","name":"Kirkon Ulkomaanapu","description":"Suomen suurin kehitysyhteisty\u00f6j\u00e4rjest\u00f6","publisher":{"@id":"https:\/\/www.kirkonulkomaanapu.fi\/#organization"},"alternateName":"KUA","potentialAction":[{"@type":"SearchAction","target":{"@type":"EntryPoint","urlTemplate":"https:\/\/www.kirkonulkomaanapu.fi\/?s={search_term_string}"},"query-input":{"@type":"PropertyValueSpecification","valueRequired":true,"valueName":"search_term_string"}}],"inLanguage":"en-US"},{"@type":"Organization","@id":"https:\/\/www.kirkonulkomaanapu.fi\/#organization","name":"Kirkon Ulkomaanapu","alternateName":"KUA","url":"https:\/\/www.kirkonulkomaanapu.fi\/","logo":{"@type":"ImageObject","inLanguage":"en-US","@id":"https:\/\/www.kirkonulkomaanapu.fi\/#\/schema\/logo\/image\/","url":"https:\/\/www.kirkonulkomaanapu.fi\/wp-content\/uploads\/2026\/02\/Kirkon-ulkomaanapu-logo-1.png","contentUrl":"https:\/\/www.kirkonulkomaanapu.fi\/wp-content\/uploads\/2026\/02\/Kirkon-ulkomaanapu-logo-1.png","width":225,"height":225,"caption":"Kirkon Ulkomaanapu"},"image":{"@id":"https:\/\/www.kirkonulkomaanapu.fi\/#\/schema\/logo\/image\/"},"sameAs":["https:\/\/www.facebook.com\/Ulkomaanapu\/","https:\/\/www.youtube.com\/user\/kirkonulkomaanapu","https:\/\/instagram.com\/kirkon_ulkomaanapu\/","https:\/\/www.linkedin.com\/company\/finn-church-aid\/"]}]}},"_links":{"self":[{"href":"https:\/\/www.kirkonulkomaanapu.fi\/en\/wp-json\/wp\/v2\/pages\/81784","targetHints":{"allow":["GET"]}}],"collection":[{"href":"https:\/\/www.kirkonulkomaanapu.fi\/en\/wp-json\/wp\/v2\/pages"}],"about":[{"href":"https:\/\/www.kirkonulkomaanapu.fi\/en\/wp-json\/wp\/v2\/types\/page"}],"author":[{"embeddable":true,"href":"https:\/\/www.kirkonulkomaanapu.fi\/en\/wp-json\/wp\/v2\/users\/8"}],"replies":[{"embeddable":true,"href":"https:\/\/www.kirkonulkomaanapu.fi\/en\/wp-json\/wp\/v2\/comments?post=81784"}],"version-history":[{"count":3,"href":"https:\/\/www.kirkonulkomaanapu.fi\/en\/wp-json\/wp\/v2\/pages\/81784\/revisions"}],"predecessor-version":[{"id":81791,"href":"https:\/\/www.kirkonulkomaanapu.fi\/en\/wp-json\/wp\/v2\/pages\/81784\/revisions\/81791"}],"up":[{"embeddable":true,"href":"https:\/\/www.kirkonulkomaanapu.fi\/en\/wp-json\/wp\/v2\/pages\/81686"}],"wp:featuredmedia":[{"embeddable":true,"href":"https:\/\/www.kirkonulkomaanapu.fi\/en\/wp-json\/wp\/v2\/media\/81491"}],"wp:attachment":[{"href":"https:\/\/www.kirkonulkomaanapu.fi\/en\/wp-json\/wp\/v2\/media?parent=81784"}],"curies":[{"name":"wp","href":"https:\/\/api.w.org\/{rel}","templated":true}]}}