{"id":81768,"date":"2017-06-21T14:29:29","date_gmt":"2017-06-21T11:29:29","guid":{"rendered":"https:\/\/www.kirkonulkomaanapu.fi\/en\/us\/annual-report-2016\/vaikuttamistoiminta\/"},"modified":"2018-11-08T14:05:06","modified_gmt":"2018-11-08T12:05:06","slug":"advocacy-initiatives-increased","status":"publish","type":"page","link":"https:\/\/www.kirkonulkomaanapu.fi\/en\/us\/annual-report-2016\/advocacy-initiatives-increased\/","title":{"rendered":"Advocacy initiatives increased"},"content":{"rendered":"<p class=\"lead\">2016 was a challenging year for advocacy. The number of refugees and internally displaced people was record high, yet humanitarian aid needs were severely underfunded. In most of Finn Church Aid\u2019s programme countries human rights were compromised, and the space for civil society was further reduced. Despite the hostile environment, FCA\u2019s advocacy brought many positive results, particularly in programme countries.<\/p>\n<p>Over 60 advocacy initiatives took place in country programmes, an increase of 53 percent from 2015. Questions related to quality education, linking learning to earning, peace, and human rights, among other issues, were brought to the attention of decisionmakers on local and national level. Many improvements were realised.<\/p>\n<p>For example in Liberia, 45 women were trained in advocacy and legal rights. As a result, the women started claiming rights to land inheritance for family members and advocating against domestic violence. In Cambodia, 972 complaints on existing land rights disputes were submitted by rights-holders, which marks a sevenfold increase to previous year\u2019s 135 complaints.<\/p>\n<p>At the World Humanitarian Summit, FCA worked with the UN in organising a session on religious actors and humanitarian aid. FCA increased awareness on the importance of education in emergencies, and the need to include religious and traditional leaders, women and youth in peace building; and advanced the call for the locally led humanitarian aid delivery.<\/p>\n<p>During the 2016 United Nations General Assembly, FCA together with Eritrean UN representation organised a side event titled \u201cYoung Professionals Leading Youth, Peace and Security Work\u201d. As a result, the Eritrean and Finnish youth-to-youth dialogue for peace gained recognition. For the first time in the UN General Assembly, large numbers of civil society actors and youth were advocating for the importance of education in emergencies. As a result, the High Level Meeting on Refugees and Migrants recognised the importance of receiving quality education within a few months of displacement. Reference was also made to the need of post-primary education \u2013 these were both great achievements for FCA.<\/p>\n<p>In Europe, together with ACT Alliance EU, FCA spoke out against plans to condition development aid to developing countries\u2019 compliance with readmission agreements and performance\u201d on migration control indicators.<\/p>\n<p>In relation to Finland\u2019s 2017 budget, Government Report on Development Policy and overnment Report on Finland\u2019s Foreign and Security Policy, FCA provided six written statements to Parliamentary Committees (Foreign Affairs, Environment, Employment and Equality, and Finance) and was invited to Committee hearings five times.<\/p>\n<p>Together with other Finnish NGOs, FCA actively advocated for the human rights of asylum seekers. FCA met with civil servants from the Ministry of Justice and the Ministry of the Interior; wrote letters; and issued several statements, articles and press releases, some jointly with other NGOs. Despite all these efforts, the Finnish government tightened family reunification policy and changed the laws on international protection and the right of asylum seekers to legal aid.<\/p>\n<p>FCA also hosted two ministerial level visits to Finland, the Ministers of Education from Eritrea and Central African Republic, providing for education related advocacy with key education institutions in Finland.<\/p>\n<p>By hosting several visits by Finnish politicians, civil servants and representatives of parishes to FCA projects in Jordan, FCA was able to increase their awareness on the realities of Syrian refugees and IDPs.<\/p>\n","protected":false},"excerpt":{"rendered":"<p>2016 was a challenging year for advocacy. The number of refugees and internally displaced people was record high, yet humanitarian aid needs were severely underfunded. In most of Finn Church Aid\u2019s programme countries human rights were compromised, and the space for civil society was further reduced. Despite the hostile environment, FCA\u2019s advocacy brought many positive [&hellip;]<\/p>\n","protected":false},"author":8,"featured_media":81511,"parent":81686,"menu_order":6,"comment_status":"closed","ping_status":"closed","template":"page-templates\/vuosikertomus.php","meta":{"_acf_changed":false,"_relevanssi_hide_post":"","_relevanssi_hide_content":"","_relevanssi_pin_for_all":"","_relevanssi_pin_keywords":"","_relevanssi_unpin_keywords":"","_relevanssi_related_keywords":"","_relevanssi_related_include_ids":"","_relevanssi_related_exclude_ids":"","_relevanssi_related_no_append":"","_relevanssi_related_not_related":"","_relevanssi_related_posts":"","_relevanssi_noindex_reason":"","_improvement_type_select":"improve_an_existing","_thumb_yes_seoaic":false,"_frame_yes_seoaic":false,"seoaic_generate_description":"","seoaic_improve_instructions_prompt":"","seoaic_rollback_content_improvement":"","seoaic_idea_thumbnail_generator":"","thumbnail_generated":false,"thumbnail_generate_prompt":"","seoaic_article_description":"","footnotes":""},"class_list":["post-81768","page","type-page","status-publish","has-post-thumbnail","hentry"],"acf":[],"yoast_head":"<!-- This site is optimized with the Yoast SEO plugin v26.9 - https:\/\/yoast.com\/product\/yoast-seo-wordpress\/ -->\n<title>Advocacy initiatives increased - FCA Finn Church Aid<\/title>\n<meta name=\"robots\" content=\"index, follow, max-snippet:-1, max-image-preview:large, max-video-preview:-1\" \/>\n<link rel=\"canonical\" href=\"https:\/\/www.fcakenya.co.ke\/us\/annual-report-2016\/advocacy-initiatives-increased\/\" \/>\n<meta property=\"og:locale\" content=\"en_US\" \/>\n<meta property=\"og:type\" content=\"article\" \/>\n<meta property=\"og:title\" content=\"Advocacy initiatives increased - FCA Finn Church Aid\" \/>\n<meta property=\"og:description\" content=\"2016 was a challenging year for advocacy. The number of refugees and internally displaced people was record high, yet humanitarian aid needs were severely underfunded. In most of Finn Church Aid\u2019s programme countries human rights were compromised, and the space for civil society was further reduced. Despite the hostile environment, FCA\u2019s advocacy brought many positive [&hellip;]\" \/>\n<meta property=\"og:url\" content=\"https:\/\/www.fcakenya.co.ke\/us\/annual-report-2016\/advocacy-initiatives-increased\/\" \/>\n<meta property=\"og:site_name\" content=\"FCA Finn Church Aid\" \/>\n<meta property=\"article:publisher\" content=\"https:\/\/www.facebook.com\/Ulkomaanapu\/\" \/>\n<meta property=\"article:modified_time\" content=\"2018-11-08T12:05:06+00:00\" \/>\n<meta property=\"og:image\" content=\"https:\/\/www.kirkonulkomaanapu.fi\/wp-content\/uploads\/2017\/06\/CAR_Ombella_Mpoko_education_001.jpg\" \/>\n\t<meta property=\"og:image:width\" content=\"1024\" \/>\n\t<meta property=\"og:image:height\" content=\"554\" \/>\n\t<meta property=\"og:image:type\" content=\"image\/jpeg\" \/>\n<meta name=\"twitter:label1\" content=\"Est. reading time\" \/>\n\t<meta name=\"twitter:data1\" content=\"3 minutes\" \/>\n<script type=\"application\/ld+json\" class=\"yoast-schema-graph\">{\"@context\":\"https:\/\/schema.org\",\"@graph\":[{\"@type\":\"WebPage\",\"@id\":\"https:\/\/www.fcakenya.co.ke\/us\/annual-report-2016\/advocacy-initiatives-increased\/\",\"url\":\"https:\/\/www.fcakenya.co.ke\/us\/annual-report-2016\/advocacy-initiatives-increased\/\",\"name\":\"Advocacy initiatives increased - FCA Finn Church Aid\",\"isPartOf\":{\"@id\":\"https:\/\/www.kirkonulkomaanapu.fi\/#website\"},\"primaryImageOfPage\":{\"@id\":\"https:\/\/www.fcakenya.co.ke\/us\/annual-report-2016\/advocacy-initiatives-increased\/#primaryimage\"},\"image\":{\"@id\":\"https:\/\/www.fcakenya.co.ke\/us\/annual-report-2016\/advocacy-initiatives-increased\/#primaryimage\"},\"thumbnailUrl\":\"https:\/\/www.kirkonulkomaanapu.fi\/wp-content\/uploads\/2017\/06\/CAR_Ombella_Mpoko_education_001.jpg\",\"datePublished\":\"2017-06-21T11:29:29+00:00\",\"dateModified\":\"2018-11-08T12:05:06+00:00\",\"breadcrumb\":{\"@id\":\"https:\/\/www.fcakenya.co.ke\/us\/annual-report-2016\/advocacy-initiatives-increased\/#breadcrumb\"},\"inLanguage\":\"en-US\",\"potentialAction\":[{\"@type\":\"ReadAction\",\"target\":[\"https:\/\/www.fcakenya.co.ke\/us\/annual-report-2016\/advocacy-initiatives-increased\/\"]}]},{\"@type\":\"ImageObject\",\"inLanguage\":\"en-US\",\"@id\":\"https:\/\/www.fcakenya.co.ke\/us\/annual-report-2016\/advocacy-initiatives-increased\/#primaryimage\",\"url\":\"https:\/\/www.kirkonulkomaanapu.fi\/wp-content\/uploads\/2017\/06\/CAR_Ombella_Mpoko_education_001.jpg\",\"contentUrl\":\"https:\/\/www.kirkonulkomaanapu.fi\/wp-content\/uploads\/2017\/06\/CAR_Ombella_Mpoko_education_001.jpg\",\"width\":1024,\"height\":554,\"caption\":\"Ombella Mpoko province, Central African Republic, May 9, 2017. A teacher teaching French language class in a school supported by Finn Church Aid in Ombella Mpoko province, CAR, where war has destroyed many school buildings and made teachers flee the country. Photo: Tatu Blomqvist \/ Finn Church Aid\"},{\"@type\":\"BreadcrumbList\",\"@id\":\"https:\/\/www.fcakenya.co.ke\/us\/annual-report-2016\/advocacy-initiatives-increased\/#breadcrumb\",\"itemListElement\":[{\"@type\":\"ListItem\",\"position\":1,\"name\":\"Home\",\"item\":\"https:\/\/www.kirkonulkomaanapu.fi\/en\/\"},{\"@type\":\"ListItem\",\"position\":2,\"name\":\"About us\",\"item\":\"https:\/\/www.kirkonulkomaanapu.fi\/en\/us\/\"},{\"@type\":\"ListItem\",\"position\":3,\"name\":\"Annual Report 2016\",\"item\":\"https:\/\/www.kirkonulkomaanapu.fi\/en\/us\/annual-report-2016\/\"},{\"@type\":\"ListItem\",\"position\":4,\"name\":\"Advocacy initiatives increased\"}]},{\"@type\":\"WebSite\",\"@id\":\"https:\/\/www.kirkonulkomaanapu.fi\/#website\",\"url\":\"https:\/\/www.kirkonulkomaanapu.fi\/\",\"name\":\"Kirkon Ulkomaanapu\",\"description\":\"Suomen suurin kehitysyhteisty\u00f6j\u00e4rjest\u00f6\",\"publisher\":{\"@id\":\"https:\/\/www.kirkonulkomaanapu.fi\/#organization\"},\"alternateName\":\"KUA\",\"potentialAction\":[{\"@type\":\"SearchAction\",\"target\":{\"@type\":\"EntryPoint\",\"urlTemplate\":\"https:\/\/www.kirkonulkomaanapu.fi\/?s={search_term_string}\"},\"query-input\":{\"@type\":\"PropertyValueSpecification\",\"valueRequired\":true,\"valueName\":\"search_term_string\"}}],\"inLanguage\":\"en-US\"},{\"@type\":\"Organization\",\"@id\":\"https:\/\/www.kirkonulkomaanapu.fi\/#organization\",\"name\":\"Kirkon Ulkomaanapu\",\"alternateName\":\"KUA\",\"url\":\"https:\/\/www.kirkonulkomaanapu.fi\/\",\"logo\":{\"@type\":\"ImageObject\",\"inLanguage\":\"en-US\",\"@id\":\"https:\/\/www.kirkonulkomaanapu.fi\/#\/schema\/logo\/image\/\",\"url\":\"https:\/\/www.kirkonulkomaanapu.fi\/wp-content\/uploads\/2026\/02\/Kirkon-ulkomaanapu-logo-1.png\",\"contentUrl\":\"https:\/\/www.kirkonulkomaanapu.fi\/wp-content\/uploads\/2026\/02\/Kirkon-ulkomaanapu-logo-1.png\",\"width\":225,\"height\":225,\"caption\":\"Kirkon Ulkomaanapu\"},\"image\":{\"@id\":\"https:\/\/www.kirkonulkomaanapu.fi\/#\/schema\/logo\/image\/\"},\"sameAs\":[\"https:\/\/www.facebook.com\/Ulkomaanapu\/\",\"https:\/\/www.youtube.com\/user\/kirkonulkomaanapu\",\"https:\/\/instagram.com\/kirkon_ulkomaanapu\/\",\"https:\/\/www.linkedin.com\/company\/finn-church-aid\/\"]}]}<\/script>\n<!-- \/ Yoast SEO plugin. -->","yoast_head_json":{"title":"Advocacy initiatives increased - FCA Finn Church Aid","robots":{"index":"index","follow":"follow","max-snippet":"max-snippet:-1","max-image-preview":"max-image-preview:large","max-video-preview":"max-video-preview:-1"},"canonical":"https:\/\/www.fcakenya.co.ke\/us\/annual-report-2016\/advocacy-initiatives-increased\/","og_locale":"en_US","og_type":"article","og_title":"Advocacy initiatives increased - FCA Finn Church Aid","og_description":"2016 was a challenging year for advocacy. The number of refugees and internally displaced people was record high, yet humanitarian aid needs were severely underfunded. In most of Finn Church Aid\u2019s programme countries human rights were compromised, and the space for civil society was further reduced. Despite the hostile environment, FCA\u2019s advocacy brought many positive [&hellip;]","og_url":"https:\/\/www.fcakenya.co.ke\/us\/annual-report-2016\/advocacy-initiatives-increased\/","og_site_name":"FCA Finn Church Aid","article_publisher":"https:\/\/www.facebook.com\/Ulkomaanapu\/","article_modified_time":"2018-11-08T12:05:06+00:00","og_image":[{"width":1024,"height":554,"url":"https:\/\/www.kirkonulkomaanapu.fi\/wp-content\/uploads\/2017\/06\/CAR_Ombella_Mpoko_education_001.jpg","type":"image\/jpeg"}],"twitter_misc":{"Est. reading time":"3 minutes"},"schema":{"@context":"https:\/\/schema.org","@graph":[{"@type":"WebPage","@id":"https:\/\/www.fcakenya.co.ke\/us\/annual-report-2016\/advocacy-initiatives-increased\/","url":"https:\/\/www.fcakenya.co.ke\/us\/annual-report-2016\/advocacy-initiatives-increased\/","name":"Advocacy initiatives increased - FCA Finn Church Aid","isPartOf":{"@id":"https:\/\/www.kirkonulkomaanapu.fi\/#website"},"primaryImageOfPage":{"@id":"https:\/\/www.fcakenya.co.ke\/us\/annual-report-2016\/advocacy-initiatives-increased\/#primaryimage"},"image":{"@id":"https:\/\/www.fcakenya.co.ke\/us\/annual-report-2016\/advocacy-initiatives-increased\/#primaryimage"},"thumbnailUrl":"https:\/\/www.kirkonulkomaanapu.fi\/wp-content\/uploads\/2017\/06\/CAR_Ombella_Mpoko_education_001.jpg","datePublished":"2017-06-21T11:29:29+00:00","dateModified":"2018-11-08T12:05:06+00:00","breadcrumb":{"@id":"https:\/\/www.fcakenya.co.ke\/us\/annual-report-2016\/advocacy-initiatives-increased\/#breadcrumb"},"inLanguage":"en-US","potentialAction":[{"@type":"ReadAction","target":["https:\/\/www.fcakenya.co.ke\/us\/annual-report-2016\/advocacy-initiatives-increased\/"]}]},{"@type":"ImageObject","inLanguage":"en-US","@id":"https:\/\/www.fcakenya.co.ke\/us\/annual-report-2016\/advocacy-initiatives-increased\/#primaryimage","url":"https:\/\/www.kirkonulkomaanapu.fi\/wp-content\/uploads\/2017\/06\/CAR_Ombella_Mpoko_education_001.jpg","contentUrl":"https:\/\/www.kirkonulkomaanapu.fi\/wp-content\/uploads\/2017\/06\/CAR_Ombella_Mpoko_education_001.jpg","width":1024,"height":554,"caption":"Ombella Mpoko province, Central African Republic, May 9, 2017. A teacher teaching French language class in a school supported by Finn Church Aid in Ombella Mpoko province, CAR, where war has destroyed many school buildings and made teachers flee the country. Photo: Tatu Blomqvist \/ Finn Church Aid"},{"@type":"BreadcrumbList","@id":"https:\/\/www.fcakenya.co.ke\/us\/annual-report-2016\/advocacy-initiatives-increased\/#breadcrumb","itemListElement":[{"@type":"ListItem","position":1,"name":"Home","item":"https:\/\/www.kirkonulkomaanapu.fi\/en\/"},{"@type":"ListItem","position":2,"name":"About us","item":"https:\/\/www.kirkonulkomaanapu.fi\/en\/us\/"},{"@type":"ListItem","position":3,"name":"Annual Report 2016","item":"https:\/\/www.kirkonulkomaanapu.fi\/en\/us\/annual-report-2016\/"},{"@type":"ListItem","position":4,"name":"Advocacy initiatives increased"}]},{"@type":"WebSite","@id":"https:\/\/www.kirkonulkomaanapu.fi\/#website","url":"https:\/\/www.kirkonulkomaanapu.fi\/","name":"Kirkon Ulkomaanapu","description":"Suomen suurin kehitysyhteisty\u00f6j\u00e4rjest\u00f6","publisher":{"@id":"https:\/\/www.kirkonulkomaanapu.fi\/#organization"},"alternateName":"KUA","potentialAction":[{"@type":"SearchAction","target":{"@type":"EntryPoint","urlTemplate":"https:\/\/www.kirkonulkomaanapu.fi\/?s={search_term_string}"},"query-input":{"@type":"PropertyValueSpecification","valueRequired":true,"valueName":"search_term_string"}}],"inLanguage":"en-US"},{"@type":"Organization","@id":"https:\/\/www.kirkonulkomaanapu.fi\/#organization","name":"Kirkon Ulkomaanapu","alternateName":"KUA","url":"https:\/\/www.kirkonulkomaanapu.fi\/","logo":{"@type":"ImageObject","inLanguage":"en-US","@id":"https:\/\/www.kirkonulkomaanapu.fi\/#\/schema\/logo\/image\/","url":"https:\/\/www.kirkonulkomaanapu.fi\/wp-content\/uploads\/2026\/02\/Kirkon-ulkomaanapu-logo-1.png","contentUrl":"https:\/\/www.kirkonulkomaanapu.fi\/wp-content\/uploads\/2026\/02\/Kirkon-ulkomaanapu-logo-1.png","width":225,"height":225,"caption":"Kirkon Ulkomaanapu"},"image":{"@id":"https:\/\/www.kirkonulkomaanapu.fi\/#\/schema\/logo\/image\/"},"sameAs":["https:\/\/www.facebook.com\/Ulkomaanapu\/","https:\/\/www.youtube.com\/user\/kirkonulkomaanapu","https:\/\/instagram.com\/kirkon_ulkomaanapu\/","https:\/\/www.linkedin.com\/company\/finn-church-aid\/"]}]}},"_links":{"self":[{"href":"https:\/\/www.kirkonulkomaanapu.fi\/en\/wp-json\/wp\/v2\/pages\/81768","targetHints":{"allow":["GET"]}}],"collection":[{"href":"https:\/\/www.kirkonulkomaanapu.fi\/en\/wp-json\/wp\/v2\/pages"}],"about":[{"href":"https:\/\/www.kirkonulkomaanapu.fi\/en\/wp-json\/wp\/v2\/types\/page"}],"author":[{"embeddable":true,"href":"https:\/\/www.kirkonulkomaanapu.fi\/en\/wp-json\/wp\/v2\/users\/8"}],"replies":[{"embeddable":true,"href":"https:\/\/www.kirkonulkomaanapu.fi\/en\/wp-json\/wp\/v2\/comments?post=81768"}],"version-history":[{"count":3,"href":"https:\/\/www.kirkonulkomaanapu.fi\/en\/wp-json\/wp\/v2\/pages\/81768\/revisions"}],"predecessor-version":[{"id":81771,"href":"https:\/\/www.kirkonulkomaanapu.fi\/en\/wp-json\/wp\/v2\/pages\/81768\/revisions\/81771"}],"up":[{"embeddable":true,"href":"https:\/\/www.kirkonulkomaanapu.fi\/en\/wp-json\/wp\/v2\/pages\/81686"}],"wp:featuredmedia":[{"embeddable":true,"href":"https:\/\/www.kirkonulkomaanapu.fi\/en\/wp-json\/wp\/v2\/media\/81511"}],"wp:attachment":[{"href":"https:\/\/www.kirkonulkomaanapu.fi\/en\/wp-json\/wp\/v2\/media?parent=81768"}],"curies":[{"name":"wp","href":"https:\/\/api.w.org\/{rel}","templated":true}]}}