{"id":81703,"date":"2017-06-21T14:00:20","date_gmt":"2017-06-21T11:00:20","guid":{"rendered":"https:\/\/www.kirkonulkomaanapu.fi\/en\/us\/annual-report-2016\/lahi-ita\/"},"modified":"2018-11-08T14:02:32","modified_gmt":"2018-11-08T12:02:32","slug":"middle-east-2016","status":"publish","type":"page","link":"https:\/\/www.kirkonulkomaanapu.fi\/en\/us\/annual-report-2016\/middle-east-2016\/","title":{"rendered":"The Middle East 2016"},"content":{"rendered":"<p class=\"lead\">In the Middle East programme, FCA had 23 staff members and\u00a0five partners.<\/p>\n","protected":false},"excerpt":{"rendered":"<p>In the Middle East programme, FCA had 23 staff members and\u00a0five partners.<\/p>\n","protected":false},"author":8,"featured_media":81402,"parent":81686,"menu_order":1,"comment_status":"closed","ping_status":"closed","template":"page-templates\/vuosikertomus.php","meta":{"_acf_changed":false,"_relevanssi_hide_post":"","_relevanssi_hide_content":"","_relevanssi_pin_for_all":"","_relevanssi_pin_keywords":"","_relevanssi_unpin_keywords":"","_relevanssi_related_keywords":"","_relevanssi_related_include_ids":"","_relevanssi_related_exclude_ids":"","_relevanssi_related_no_append":"","_relevanssi_related_not_related":"","_relevanssi_related_posts":"","_relevanssi_noindex_reason":"","_improvement_type_select":"improve_an_existing","_thumb_yes_seoaic":false,"_frame_yes_seoaic":false,"seoaic_generate_description":"","seoaic_improve_instructions_prompt":"","seoaic_rollback_content_improvement":"","seoaic_idea_thumbnail_generator":"","thumbnail_generated":false,"thumbnail_generate_prompt":"","seoaic_article_description":"","footnotes":""},"class_list":["post-81703","page","type-page","status-publish","has-post-thumbnail","hentry"],"acf":[],"yoast_head":"<!-- This site is optimized with the Yoast SEO plugin v26.9 - https:\/\/yoast.com\/product\/yoast-seo-wordpress\/ -->\n<title>The Middle East 2016 - FCA Finn Church Aid<\/title>\n<meta name=\"description\" content=\"Finn Church Aid\u2019s work in the Middle East focused strongly on assisting Syrian refugees in Jordan and Syria.\" \/>\n<meta name=\"robots\" content=\"index, follow, max-snippet:-1, max-image-preview:large, max-video-preview:-1\" \/>\n<link rel=\"canonical\" href=\"https:\/\/www.kirkonulkomaanapu.fi\/en\/us\/annual-report-2016\/middle-east-2016\/\" \/>\n<meta property=\"og:locale\" content=\"en_US\" \/>\n<meta property=\"og:type\" content=\"article\" \/>\n<meta property=\"og:title\" content=\"The Middle East 2016 - FCA Finn Church Aid\" \/>\n<meta property=\"og:description\" content=\"Finn Church Aid\u2019s work in the Middle East focused strongly on assisting Syrian refugees in Jordan and Syria.\" \/>\n<meta property=\"og:url\" content=\"https:\/\/www.kirkonulkomaanapu.fi\/en\/us\/annual-report-2016\/middle-east-2016\/\" \/>\n<meta property=\"og:site_name\" content=\"FCA Finn Church Aid\" \/>\n<meta property=\"article:publisher\" content=\"https:\/\/www.facebook.com\/Ulkomaanapu\/\" \/>\n<meta property=\"article:modified_time\" content=\"2018-11-08T12:02:32+00:00\" \/>\n<meta property=\"og:image\" content=\"https:\/\/www.kirkonulkomaanapu.fi\/wp-content\/uploads\/2017\/06\/l\u00e4hi-it\u00e4.jpg\" \/>\n\t<meta property=\"og:image:width\" content=\"1024\" \/>\n\t<meta property=\"og:image:height\" content=\"554\" \/>\n\t<meta property=\"og:image:type\" content=\"image\/jpeg\" \/>\n<script type=\"application\/ld+json\" class=\"yoast-schema-graph\">{\"@context\":\"https:\/\/schema.org\",\"@graph\":[{\"@type\":\"WebPage\",\"@id\":\"https:\/\/www.kirkonulkomaanapu.fi\/en\/us\/annual-report-2016\/middle-east-2016\/\",\"url\":\"https:\/\/www.kirkonulkomaanapu.fi\/en\/us\/annual-report-2016\/middle-east-2016\/\",\"name\":\"The Middle East 2016 - FCA Finn Church Aid\",\"isPartOf\":{\"@id\":\"https:\/\/www.kirkonulkomaanapu.fi\/#website\"},\"primaryImageOfPage\":{\"@id\":\"https:\/\/www.kirkonulkomaanapu.fi\/en\/us\/annual-report-2016\/middle-east-2016\/#primaryimage\"},\"image\":{\"@id\":\"https:\/\/www.kirkonulkomaanapu.fi\/en\/us\/annual-report-2016\/middle-east-2016\/#primaryimage\"},\"thumbnailUrl\":\"https:\/\/www.kirkonulkomaanapu.fi\/wp-content\/uploads\/2017\/06\/l\u00e4hi-it\u00e4.jpg\",\"datePublished\":\"2017-06-21T11:00:20+00:00\",\"dateModified\":\"2018-11-08T12:02:32+00:00\",\"description\":\"Finn Church Aid\u2019s work in the Middle East focused strongly on assisting Syrian refugees in Jordan and Syria.\",\"breadcrumb\":{\"@id\":\"https:\/\/www.kirkonulkomaanapu.fi\/en\/us\/annual-report-2016\/middle-east-2016\/#breadcrumb\"},\"inLanguage\":\"en-US\",\"potentialAction\":[{\"@type\":\"ReadAction\",\"target\":[\"https:\/\/www.kirkonulkomaanapu.fi\/en\/us\/annual-report-2016\/middle-east-2016\/\"]}]},{\"@type\":\"ImageObject\",\"inLanguage\":\"en-US\",\"@id\":\"https:\/\/www.kirkonulkomaanapu.fi\/en\/us\/annual-report-2016\/middle-east-2016\/#primaryimage\",\"url\":\"https:\/\/www.kirkonulkomaanapu.fi\/wp-content\/uploads\/2017\/06\/l\u00e4hi-it\u00e4.jpg\",\"contentUrl\":\"https:\/\/www.kirkonulkomaanapu.fi\/wp-content\/uploads\/2017\/06\/l\u00e4hi-it\u00e4.jpg\",\"width\":1024,\"height\":554},{\"@type\":\"BreadcrumbList\",\"@id\":\"https:\/\/www.kirkonulkomaanapu.fi\/en\/us\/annual-report-2016\/middle-east-2016\/#breadcrumb\",\"itemListElement\":[{\"@type\":\"ListItem\",\"position\":1,\"name\":\"Home\",\"item\":\"https:\/\/www.kirkonulkomaanapu.fi\/en\/\"},{\"@type\":\"ListItem\",\"position\":2,\"name\":\"About us\",\"item\":\"https:\/\/www.kirkonulkomaanapu.fi\/en\/us\/\"},{\"@type\":\"ListItem\",\"position\":3,\"name\":\"Annual Report 2016\",\"item\":\"https:\/\/www.kirkonulkomaanapu.fi\/en\/us\/annual-report-2016\/\"},{\"@type\":\"ListItem\",\"position\":4,\"name\":\"The Middle East 2016\"}]},{\"@type\":\"WebSite\",\"@id\":\"https:\/\/www.kirkonulkomaanapu.fi\/#website\",\"url\":\"https:\/\/www.kirkonulkomaanapu.fi\/\",\"name\":\"Kirkon Ulkomaanapu\",\"description\":\"Suomen suurin kehitysyhteisty\u00f6j\u00e4rjest\u00f6\",\"publisher\":{\"@id\":\"https:\/\/www.kirkonulkomaanapu.fi\/#organization\"},\"alternateName\":\"KUA\",\"potentialAction\":[{\"@type\":\"SearchAction\",\"target\":{\"@type\":\"EntryPoint\",\"urlTemplate\":\"https:\/\/www.kirkonulkomaanapu.fi\/?s={search_term_string}\"},\"query-input\":{\"@type\":\"PropertyValueSpecification\",\"valueRequired\":true,\"valueName\":\"search_term_string\"}}],\"inLanguage\":\"en-US\"},{\"@type\":\"Organization\",\"@id\":\"https:\/\/www.kirkonulkomaanapu.fi\/#organization\",\"name\":\"Kirkon Ulkomaanapu\",\"alternateName\":\"KUA\",\"url\":\"https:\/\/www.kirkonulkomaanapu.fi\/\",\"logo\":{\"@type\":\"ImageObject\",\"inLanguage\":\"en-US\",\"@id\":\"https:\/\/www.kirkonulkomaanapu.fi\/#\/schema\/logo\/image\/\",\"url\":\"https:\/\/www.kirkonulkomaanapu.fi\/wp-content\/uploads\/2026\/02\/Kirkon-ulkomaanapu-logo-1.png\",\"contentUrl\":\"https:\/\/www.kirkonulkomaanapu.fi\/wp-content\/uploads\/2026\/02\/Kirkon-ulkomaanapu-logo-1.png\",\"width\":225,\"height\":225,\"caption\":\"Kirkon Ulkomaanapu\"},\"image\":{\"@id\":\"https:\/\/www.kirkonulkomaanapu.fi\/#\/schema\/logo\/image\/\"},\"sameAs\":[\"https:\/\/www.facebook.com\/Ulkomaanapu\/\",\"https:\/\/www.youtube.com\/user\/kirkonulkomaanapu\",\"https:\/\/instagram.com\/kirkon_ulkomaanapu\/\",\"https:\/\/www.linkedin.com\/company\/finn-church-aid\/\"]}]}<\/script>\n<!-- \/ Yoast SEO plugin. -->","yoast_head_json":{"title":"The Middle East 2016 - FCA Finn Church Aid","description":"Finn Church Aid\u2019s work in the Middle East focused strongly on assisting Syrian refugees in Jordan and Syria.","robots":{"index":"index","follow":"follow","max-snippet":"max-snippet:-1","max-image-preview":"max-image-preview:large","max-video-preview":"max-video-preview:-1"},"canonical":"https:\/\/www.kirkonulkomaanapu.fi\/en\/us\/annual-report-2016\/middle-east-2016\/","og_locale":"en_US","og_type":"article","og_title":"The Middle East 2016 - FCA Finn Church Aid","og_description":"Finn Church Aid\u2019s work in the Middle East focused strongly on assisting Syrian refugees in Jordan and Syria.","og_url":"https:\/\/www.kirkonulkomaanapu.fi\/en\/us\/annual-report-2016\/middle-east-2016\/","og_site_name":"FCA Finn Church Aid","article_publisher":"https:\/\/www.facebook.com\/Ulkomaanapu\/","article_modified_time":"2018-11-08T12:02:32+00:00","og_image":[{"width":1024,"height":554,"url":"https:\/\/www.kirkonulkomaanapu.fi\/wp-content\/uploads\/2017\/06\/l\u00e4hi-it\u00e4.jpg","type":"image\/jpeg"}],"schema":{"@context":"https:\/\/schema.org","@graph":[{"@type":"WebPage","@id":"https:\/\/www.kirkonulkomaanapu.fi\/en\/us\/annual-report-2016\/middle-east-2016\/","url":"https:\/\/www.kirkonulkomaanapu.fi\/en\/us\/annual-report-2016\/middle-east-2016\/","name":"The Middle East 2016 - FCA Finn Church Aid","isPartOf":{"@id":"https:\/\/www.kirkonulkomaanapu.fi\/#website"},"primaryImageOfPage":{"@id":"https:\/\/www.kirkonulkomaanapu.fi\/en\/us\/annual-report-2016\/middle-east-2016\/#primaryimage"},"image":{"@id":"https:\/\/www.kirkonulkomaanapu.fi\/en\/us\/annual-report-2016\/middle-east-2016\/#primaryimage"},"thumbnailUrl":"https:\/\/www.kirkonulkomaanapu.fi\/wp-content\/uploads\/2017\/06\/l\u00e4hi-it\u00e4.jpg","datePublished":"2017-06-21T11:00:20+00:00","dateModified":"2018-11-08T12:02:32+00:00","description":"Finn Church Aid\u2019s work in the Middle East focused strongly on assisting Syrian refugees in Jordan and Syria.","breadcrumb":{"@id":"https:\/\/www.kirkonulkomaanapu.fi\/en\/us\/annual-report-2016\/middle-east-2016\/#breadcrumb"},"inLanguage":"en-US","potentialAction":[{"@type":"ReadAction","target":["https:\/\/www.kirkonulkomaanapu.fi\/en\/us\/annual-report-2016\/middle-east-2016\/"]}]},{"@type":"ImageObject","inLanguage":"en-US","@id":"https:\/\/www.kirkonulkomaanapu.fi\/en\/us\/annual-report-2016\/middle-east-2016\/#primaryimage","url":"https:\/\/www.kirkonulkomaanapu.fi\/wp-content\/uploads\/2017\/06\/l\u00e4hi-it\u00e4.jpg","contentUrl":"https:\/\/www.kirkonulkomaanapu.fi\/wp-content\/uploads\/2017\/06\/l\u00e4hi-it\u00e4.jpg","width":1024,"height":554},{"@type":"BreadcrumbList","@id":"https:\/\/www.kirkonulkomaanapu.fi\/en\/us\/annual-report-2016\/middle-east-2016\/#breadcrumb","itemListElement":[{"@type":"ListItem","position":1,"name":"Home","item":"https:\/\/www.kirkonulkomaanapu.fi\/en\/"},{"@type":"ListItem","position":2,"name":"About us","item":"https:\/\/www.kirkonulkomaanapu.fi\/en\/us\/"},{"@type":"ListItem","position":3,"name":"Annual Report 2016","item":"https:\/\/www.kirkonulkomaanapu.fi\/en\/us\/annual-report-2016\/"},{"@type":"ListItem","position":4,"name":"The Middle East 2016"}]},{"@type":"WebSite","@id":"https:\/\/www.kirkonulkomaanapu.fi\/#website","url":"https:\/\/www.kirkonulkomaanapu.fi\/","name":"Kirkon Ulkomaanapu","description":"Suomen suurin kehitysyhteisty\u00f6j\u00e4rjest\u00f6","publisher":{"@id":"https:\/\/www.kirkonulkomaanapu.fi\/#organization"},"alternateName":"KUA","potentialAction":[{"@type":"SearchAction","target":{"@type":"EntryPoint","urlTemplate":"https:\/\/www.kirkonulkomaanapu.fi\/?s={search_term_string}"},"query-input":{"@type":"PropertyValueSpecification","valueRequired":true,"valueName":"search_term_string"}}],"inLanguage":"en-US"},{"@type":"Organization","@id":"https:\/\/www.kirkonulkomaanapu.fi\/#organization","name":"Kirkon Ulkomaanapu","alternateName":"KUA","url":"https:\/\/www.kirkonulkomaanapu.fi\/","logo":{"@type":"ImageObject","inLanguage":"en-US","@id":"https:\/\/www.kirkonulkomaanapu.fi\/#\/schema\/logo\/image\/","url":"https:\/\/www.kirkonulkomaanapu.fi\/wp-content\/uploads\/2026\/02\/Kirkon-ulkomaanapu-logo-1.png","contentUrl":"https:\/\/www.kirkonulkomaanapu.fi\/wp-content\/uploads\/2026\/02\/Kirkon-ulkomaanapu-logo-1.png","width":225,"height":225,"caption":"Kirkon Ulkomaanapu"},"image":{"@id":"https:\/\/www.kirkonulkomaanapu.fi\/#\/schema\/logo\/image\/"},"sameAs":["https:\/\/www.facebook.com\/Ulkomaanapu\/","https:\/\/www.youtube.com\/user\/kirkonulkomaanapu","https:\/\/instagram.com\/kirkon_ulkomaanapu\/","https:\/\/www.linkedin.com\/company\/finn-church-aid\/"]}]}},"_links":{"self":[{"href":"https:\/\/www.kirkonulkomaanapu.fi\/en\/wp-json\/wp\/v2\/pages\/81703","targetHints":{"allow":["GET"]}}],"collection":[{"href":"https:\/\/www.kirkonulkomaanapu.fi\/en\/wp-json\/wp\/v2\/pages"}],"about":[{"href":"https:\/\/www.kirkonulkomaanapu.fi\/en\/wp-json\/wp\/v2\/types\/page"}],"author":[{"embeddable":true,"href":"https:\/\/www.kirkonulkomaanapu.fi\/en\/wp-json\/wp\/v2\/users\/8"}],"replies":[{"embeddable":true,"href":"https:\/\/www.kirkonulkomaanapu.fi\/en\/wp-json\/wp\/v2\/comments?post=81703"}],"version-history":[{"count":3,"href":"https:\/\/www.kirkonulkomaanapu.fi\/en\/wp-json\/wp\/v2\/pages\/81703\/revisions"}],"predecessor-version":[{"id":81711,"href":"https:\/\/www.kirkonulkomaanapu.fi\/en\/wp-json\/wp\/v2\/pages\/81703\/revisions\/81711"}],"up":[{"embeddable":true,"href":"https:\/\/www.kirkonulkomaanapu.fi\/en\/wp-json\/wp\/v2\/pages\/81686"}],"wp:featuredmedia":[{"embeddable":true,"href":"https:\/\/www.kirkonulkomaanapu.fi\/en\/wp-json\/wp\/v2\/media\/81402"}],"wp:attachment":[{"href":"https:\/\/www.kirkonulkomaanapu.fi\/en\/wp-json\/wp\/v2\/media?parent=81703"}],"curies":[{"name":"wp","href":"https:\/\/api.w.org\/{rel}","templated":true}]}}